{"id":4116,"date":"2019-02-22T12:14:47","date_gmt":"2019-02-22T10:14:47","guid":{"rendered":"https:\/\/master.k8s.p4.greenpeace.org\/luxembourg\/?page_id=4116"},"modified":"2026-04-08T11:01:09","modified_gmt":"2026-04-08T09:01:09","slug":"energiesolaire","status":"publish","type":"page","link":"https:\/\/www.greenpeace.org\/luxembourg\/fr\/energiesolaire\/","title":{"rendered":"#EnergieSolaire"},"content":{"rendered":"\n                    <div class=\"wp-block-group is-vertical is-layout-flex wp-container-core-group-is-layout-8cf370e7 wp-block-group-is-layout-flex\">\n                    \n                                <p>Nous collaborons avec <strong>les particuliers, les entreprises et les communes<\/strong> pour les accompagner dans leurs d\u00e9marches solaires.\r\nNous travaillons <strong>avec les jeunes et dans les \u00e9coles<\/strong>, pour enseigner le fonctionnement des panneaux photovolta\u00efques de fa\u00e7on claire et ludique.\r\nNous engageons le d\u00e9bat avec <strong>les institutions et le gouvernement<\/strong> pour promouvoir le d\u00e9veloppement de mesures au profit de l\u2019\u00e9nergie solaire.<\/p>\n                            \n\n                    \n                    <\/div>\n                    \n        <div class=\"wp-block-query actions-list p4-query-loop is-custom-layout-actions-list is-custom-layout-grid is-layout-grid wp-container-core-query-is-layout-29f43435 wp-block-query-is-layout-grid\"><h2 class=\"wp-block-heading\"><\/h2>\n        <p style=\"margin-top: 24px; margin-bottom: 32px;\"><\/p>\n        <div class=\"wp-block-query-no-results\">\n        <p >No posts found.<\/p>\n        <\/div>\n        \n        \n<div class=\"wp-block-buttons carousel-controls is-horizontal is-content-justification-space-between is-nowrap is-layout-flex wp-container-core-buttons-is-layout-044bd602 wp-block-buttons-is-layout-flex\">\n            <div class=\"wp-block-button carousel-control-prev\"><button type=\"button\" class=\"wp-block-button__link wp-element-button\">Prev<\/button><\/div>\n        \n\n            <div class=\"wp-block-button carousel-control-next\"><button type=\"button\" class=\"wp-block-button__link wp-element-button\">Next<\/button><\/div>\n        <\/div>\n\n        \n<div class=\"wp-block-buttons load-more-actions-container is-content-justification-center is-layout-flex wp-container-core-buttons-is-layout-16018d1d wp-block-buttons-is-layout-flex\">\n                <div class=\"wp-block-button is-style-secondary\"><button type=\"button\" class=\"wp-block-button__link wp-element-button\">Load more<\/button><\/div>\n            \n<\/div>\n<\/div>\n        ","protected":false},"excerpt":{"rendered":"<p>Nous collaborons avec les particuliers, les entreprises et les communes pour les accompagner dans leurs d\u00e9marches solaires. Nous travaillons avec les jeunes et dans les \u00e9coles, pour enseigner le fonctionnement des panneaux photovolta\u00efques de fa\u00e7on claire et ludique. Nous engageons le d\u00e9bat avec les institutions et le gouvernement pour promouvoir le d\u00e9veloppement de mesures au [&hellip;]<\/p>\n","protected":false},"author":16,"featured_media":337,"parent":0,"menu_order":0,"comment_status":"closed","ping_status":"closed","template":"","meta":{"ep_exclude_from_search":false,"p4_hide_page_title_checkbox":"","p4_title":"","p4_subtitle":"","p4_description":"","background_image_id":"","background_image":"","p4_button_title":"","p4_button_link":"","p4_button_link_checkbox":"","p4_og_title":"","p4_og_description":"","p4_og_image":"","p4_og_image_id":"","p4_seo_canonical_url":"","p4_campaign_name":"","p4_local_project":"","p4_basket_name":"","p4_department":"","footnotes":""},"categories":[],"tags":[],"class_list":["post-4116","page","type-page","status-publish","has-post-thumbnail","hentry"],"yoast_head":"<!-- This site is optimized with the Yoast SEO Premium plugin v23.9 (Yoast SEO v23.9) - https:\/\/yoast.com\/wordpress\/plugins\/seo\/ -->\n<title>#EnergieSolaire - Greenpeace Luxembourg<\/title>\n<meta name=\"robots\" content=\"index, follow, max-snippet:-1, max-image-preview:large, max-video-preview:-1\" \/>\n<link rel=\"canonical\" href=\"http:\/\/www.greenpeace.org\/luxembourg\/fr\/energiesolaire\/\" \/>\n<meta property=\"og:locale\" content=\"fr_FR\" \/>\n<meta property=\"og:type\" content=\"article\" \/>\n<meta property=\"og:title\" content=\"#EnergieSolaire\" \/>\n<meta property=\"og:description\" content=\"Nous collaborons avec les particuliers, les entreprises et les communes pour les accompagner dans leurs d\u00e9marches solaires. Nous travaillons avec les jeunes et dans les \u00e9coles, pour enseigner le fonctionnement des panneaux photovolta\u00efques de fa\u00e7on claire et ludique. Nous engageons le d\u00e9bat avec les institutions et le gouvernement pour promouvoir le d\u00e9veloppement de mesures au [&hellip;]\" \/>\n<meta property=\"og:url\" content=\"http:\/\/www.greenpeace.org\/luxembourg\/fr\/energiesolaire\/\" \/>\n<meta property=\"og:site_name\" content=\"Greenpeace Luxembourg\" \/>\n<meta property=\"article:publisher\" content=\"https:\/\/www.facebook.com\/greenpeaceluxembourg\" \/>\n<meta property=\"article:modified_time\" content=\"2026-04-08T09:01:09+00:00\" \/>\n<meta property=\"og:image\" content=\"https:\/\/www.greenpeace.org\/static\/planet4-luxembourg-stateless\/2018\/09\/eb367425-gp0stravi_medium_res.jpg\" \/>\n\t<meta property=\"og:image:width\" content=\"1200\" \/>\n\t<meta property=\"og:image:height\" content=\"899\" \/>\n\t<meta property=\"og:image:type\" content=\"image\/jpeg\" \/>\n<meta name=\"twitter:card\" content=\"summary_large_image\" \/>\n<script type=\"application\/ld+json\" class=\"yoast-schema-graph\">{\"@context\":\"https:\/\/schema.org\",\"@graph\":[{\"@type\":\"WebPage\",\"@id\":\"http:\/\/www.greenpeace.org\/luxembourg\/fr\/energiesolaire\/\",\"url\":\"http:\/\/www.greenpeace.org\/luxembourg\/fr\/energiesolaire\/\",\"name\":\"#EnergieSolaire - Greenpeace Luxembourg\",\"isPartOf\":{\"@id\":\"https:\/\/www.greenpeace.org\/luxembourg\/fr\/#website\"},\"primaryImageOfPage\":{\"@id\":\"http:\/\/www.greenpeace.org\/luxembourg\/fr\/energiesolaire\/#primaryimage\"},\"image\":{\"@id\":\"http:\/\/www.greenpeace.org\/luxembourg\/fr\/energiesolaire\/#primaryimage\"},\"thumbnailUrl\":\"https:\/\/www.greenpeace.org\/static\/planet4-luxembourg-stateless\/2018\/09\/eb367425-gp0stravi_medium_res.jpg\",\"datePublished\":\"2019-02-22T10:14:47+00:00\",\"dateModified\":\"2026-04-08T09:01:09+00:00\",\"breadcrumb\":{\"@id\":\"http:\/\/www.greenpeace.org\/luxembourg\/fr\/energiesolaire\/#breadcrumb\"},\"inLanguage\":\"fr-LU\",\"potentialAction\":[{\"@type\":\"ReadAction\",\"target\":[\"http:\/\/www.greenpeace.org\/luxembourg\/fr\/energiesolaire\/\"]}]},{\"@type\":\"ImageObject\",\"inLanguage\":\"fr-LU\",\"@id\":\"http:\/\/www.greenpeace.org\/luxembourg\/fr\/energiesolaire\/#primaryimage\",\"url\":\"https:\/\/www.greenpeace.org\/static\/planet4-luxembourg-stateless\/2018\/09\/eb367425-gp0stravi_medium_res.jpg\",\"contentUrl\":\"https:\/\/www.greenpeace.org\/static\/planet4-luxembourg-stateless\/2018\/09\/eb367425-gp0stravi_medium_res.jpg\",\"width\":1200,\"height\":899,\"caption\":\"With an action at the Raemerich roundabout in Esch, Greenpeace Luxembourg activists from Belgium, Spain and Germany call on the Luxembourg Minister of the Economy, Mr Etienne Schneider, to demand, during the negotiations on the \\\"Clean Energy for all Europeans\\\" package, the massive promotion of renewable energies and to speak against the promotion of dirty energies such as coal. Thirty activists transformed the roundabout into a huge sun. In the center of the roundabout, a giant banner reads: \u201dGo Solar!\\\". In the coming weeks, the EU institutions and national governments will decide on the future EU energy supply system and thus on Europe's contribution to climate protection.\"},{\"@type\":\"BreadcrumbList\",\"@id\":\"http:\/\/www.greenpeace.org\/luxembourg\/fr\/energiesolaire\/#breadcrumb\",\"itemListElement\":[{\"@type\":\"ListItem\",\"position\":1,\"name\":\"Home\",\"item\":\"https:\/\/www.greenpeace.org\/luxembourg\/fr\/\"},{\"@type\":\"ListItem\",\"position\":2,\"name\":\"#EnergieSolaire\"}]},{\"@type\":\"WebSite\",\"@id\":\"https:\/\/www.greenpeace.org\/luxembourg\/fr\/#website\",\"url\":\"https:\/\/www.greenpeace.org\/luxembourg\/fr\/\",\"name\":\"Greenpeace Luxembourg\",\"description\":\"Greenpeace existe parce que cette Terre fragile a besoin d&#039;une voix. Elle a besoin de solutions. De changement. D&#039;actions.\",\"publisher\":{\"@id\":\"https:\/\/www.greenpeace.org\/luxembourg\/fr\/#organization\"},\"potentialAction\":[{\"@type\":\"SearchAction\",\"target\":{\"@type\":\"EntryPoint\",\"urlTemplate\":\"https:\/\/www.greenpeace.org\/luxembourg\/fr\/?s={search_term_string}\"},\"query-input\":{\"@type\":\"PropertyValueSpecification\",\"valueRequired\":true,\"valueName\":\"search_term_string\"}}],\"inLanguage\":\"fr-LU\"},{\"@type\":\"Organization\",\"@id\":\"https:\/\/www.greenpeace.org\/luxembourg\/fr\/#organization\",\"name\":\"Greenpeace Luxembourg\",\"url\":\"https:\/\/www.greenpeace.org\/luxembourg\/fr\/\",\"logo\":{\"@type\":\"ImageObject\",\"inLanguage\":\"fr-LU\",\"@id\":\"https:\/\/www.greenpeace.org\/luxembourg\/fr\/#\/schema\/logo\/image\/\",\"url\":\"https:\/\/www.greenpeace.org\/static\/planet4-luxembourg-stateless\/2026\/03\/3e367f94-greenpeace_logo_green_rgb.png\",\"contentUrl\":\"https:\/\/www.greenpeace.org\/static\/planet4-luxembourg-stateless\/2026\/03\/3e367f94-greenpeace_logo_green_rgb.png\",\"width\":1080,\"height\":175,\"caption\":\"Greenpeace Luxembourg\"},\"image\":{\"@id\":\"https:\/\/www.greenpeace.org\/luxembourg\/fr\/#\/schema\/logo\/image\/\"},\"sameAs\":[\"https:\/\/www.facebook.com\/greenpeaceluxembourg\",\"https:\/\/www.instagram.com\/greenpeacelux\/\",\"https:\/\/www.linkedin.com\/company\/greenpeace-luxembourg\/\",\"https:\/\/www.threads.com\/@greenpeacelux\",\"https:\/\/bsky.app\/profile\/greenpeacelux.bsky.social\",\"https:\/\/www.youtube.com\/@GreenpeaceLux\",\"https:\/\/www.tiktok.com\/@greenpeace_lux\"]}]}<\/script>\n<!-- \/ Yoast SEO Premium plugin. -->","yoast_head_json":{"title":"#EnergieSolaire - Greenpeace Luxembourg","robots":{"index":"index","follow":"follow","max-snippet":"max-snippet:-1","max-image-preview":"max-image-preview:large","max-video-preview":"max-video-preview:-1"},"canonical":"http:\/\/www.greenpeace.org\/luxembourg\/fr\/energiesolaire\/","og_locale":"fr_FR","og_type":"article","og_title":"#EnergieSolaire","og_description":"Nous collaborons avec les particuliers, les entreprises et les communes pour les accompagner dans leurs d\u00e9marches solaires. Nous travaillons avec les jeunes et dans les \u00e9coles, pour enseigner le fonctionnement des panneaux photovolta\u00efques de fa\u00e7on claire et ludique. Nous engageons le d\u00e9bat avec les institutions et le gouvernement pour promouvoir le d\u00e9veloppement de mesures au [&hellip;]","og_url":"http:\/\/www.greenpeace.org\/luxembourg\/fr\/energiesolaire\/","og_site_name":"Greenpeace Luxembourg","article_publisher":"https:\/\/www.facebook.com\/greenpeaceluxembourg","article_modified_time":"2026-04-08T09:01:09+00:00","og_image":[{"width":1200,"height":899,"url":"https:\/\/www.greenpeace.org\/static\/planet4-luxembourg-stateless\/2018\/09\/eb367425-gp0stravi_medium_res.jpg","type":"image\/jpeg"}],"twitter_card":"summary_large_image","schema":{"@context":"https:\/\/schema.org","@graph":[{"@type":"WebPage","@id":"http:\/\/www.greenpeace.org\/luxembourg\/fr\/energiesolaire\/","url":"http:\/\/www.greenpeace.org\/luxembourg\/fr\/energiesolaire\/","name":"#EnergieSolaire - Greenpeace Luxembourg","isPartOf":{"@id":"https:\/\/www.greenpeace.org\/luxembourg\/fr\/#website"},"primaryImageOfPage":{"@id":"http:\/\/www.greenpeace.org\/luxembourg\/fr\/energiesolaire\/#primaryimage"},"image":{"@id":"http:\/\/www.greenpeace.org\/luxembourg\/fr\/energiesolaire\/#primaryimage"},"thumbnailUrl":"https:\/\/www.greenpeace.org\/static\/planet4-luxembourg-stateless\/2018\/09\/eb367425-gp0stravi_medium_res.jpg","datePublished":"2019-02-22T10:14:47+00:00","dateModified":"2026-04-08T09:01:09+00:00","breadcrumb":{"@id":"http:\/\/www.greenpeace.org\/luxembourg\/fr\/energiesolaire\/#breadcrumb"},"inLanguage":"fr-LU","potentialAction":[{"@type":"ReadAction","target":["http:\/\/www.greenpeace.org\/luxembourg\/fr\/energiesolaire\/"]}]},{"@type":"ImageObject","inLanguage":"fr-LU","@id":"http:\/\/www.greenpeace.org\/luxembourg\/fr\/energiesolaire\/#primaryimage","url":"https:\/\/www.greenpeace.org\/static\/planet4-luxembourg-stateless\/2018\/09\/eb367425-gp0stravi_medium_res.jpg","contentUrl":"https:\/\/www.greenpeace.org\/static\/planet4-luxembourg-stateless\/2018\/09\/eb367425-gp0stravi_medium_res.jpg","width":1200,"height":899,"caption":"With an action at the Raemerich roundabout in Esch, Greenpeace Luxembourg activists from Belgium, Spain and Germany call on the Luxembourg Minister of the Economy, Mr Etienne Schneider, to demand, during the negotiations on the \"Clean Energy for all Europeans\" package, the massive promotion of renewable energies and to speak against the promotion of dirty energies such as coal. Thirty activists transformed the roundabout into a huge sun. In the center of the roundabout, a giant banner reads: \u201dGo Solar!\". In the coming weeks, the EU institutions and national governments will decide on the future EU energy supply system and thus on Europe's contribution to climate protection."},{"@type":"BreadcrumbList","@id":"http:\/\/www.greenpeace.org\/luxembourg\/fr\/energiesolaire\/#breadcrumb","itemListElement":[{"@type":"ListItem","position":1,"name":"Home","item":"https:\/\/www.greenpeace.org\/luxembourg\/fr\/"},{"@type":"ListItem","position":2,"name":"#EnergieSolaire"}]},{"@type":"WebSite","@id":"https:\/\/www.greenpeace.org\/luxembourg\/fr\/#website","url":"https:\/\/www.greenpeace.org\/luxembourg\/fr\/","name":"Greenpeace Luxembourg","description":"Greenpeace existe parce que cette Terre fragile a besoin d&#039;une voix. Elle a besoin de solutions. De changement. D&#039;actions.","publisher":{"@id":"https:\/\/www.greenpeace.org\/luxembourg\/fr\/#organization"},"potentialAction":[{"@type":"SearchAction","target":{"@type":"EntryPoint","urlTemplate":"https:\/\/www.greenpeace.org\/luxembourg\/fr\/?s={search_term_string}"},"query-input":{"@type":"PropertyValueSpecification","valueRequired":true,"valueName":"search_term_string"}}],"inLanguage":"fr-LU"},{"@type":"Organization","@id":"https:\/\/www.greenpeace.org\/luxembourg\/fr\/#organization","name":"Greenpeace Luxembourg","url":"https:\/\/www.greenpeace.org\/luxembourg\/fr\/","logo":{"@type":"ImageObject","inLanguage":"fr-LU","@id":"https:\/\/www.greenpeace.org\/luxembourg\/fr\/#\/schema\/logo\/image\/","url":"https:\/\/www.greenpeace.org\/static\/planet4-luxembourg-stateless\/2026\/03\/3e367f94-greenpeace_logo_green_rgb.png","contentUrl":"https:\/\/www.greenpeace.org\/static\/planet4-luxembourg-stateless\/2026\/03\/3e367f94-greenpeace_logo_green_rgb.png","width":1080,"height":175,"caption":"Greenpeace Luxembourg"},"image":{"@id":"https:\/\/www.greenpeace.org\/luxembourg\/fr\/#\/schema\/logo\/image\/"},"sameAs":["https:\/\/www.facebook.com\/greenpeaceluxembourg","https:\/\/www.instagram.com\/greenpeacelux\/","https:\/\/www.linkedin.com\/company\/greenpeace-luxembourg\/","https:\/\/www.threads.com\/@greenpeacelux","https:\/\/bsky.app\/profile\/greenpeacelux.bsky.social","https:\/\/www.youtube.com\/@GreenpeaceLux","https:\/\/www.tiktok.com\/@greenpeace_lux"]}]}},"_links":{"self":[{"href":"https:\/\/www.greenpeace.org\/luxembourg\/fr\/wp-json\/wp\/v2\/pages\/4116","targetHints":{"allow":["GET"]}}],"collection":[{"href":"https:\/\/www.greenpeace.org\/luxembourg\/fr\/wp-json\/wp\/v2\/pages"}],"about":[{"href":"https:\/\/www.greenpeace.org\/luxembourg\/fr\/wp-json\/wp\/v2\/types\/page"}],"author":[{"embeddable":true,"href":"https:\/\/www.greenpeace.org\/luxembourg\/fr\/wp-json\/wp\/v2\/users\/16"}],"replies":[{"embeddable":true,"href":"https:\/\/www.greenpeace.org\/luxembourg\/fr\/wp-json\/wp\/v2\/comments?post=4116"}],"version-history":[{"count":8,"href":"https:\/\/www.greenpeace.org\/luxembourg\/fr\/wp-json\/wp\/v2\/pages\/4116\/revisions"}],"predecessor-version":[{"id":27866,"href":"https:\/\/www.greenpeace.org\/luxembourg\/fr\/wp-json\/wp\/v2\/pages\/4116\/revisions\/27866"}],"wp:featuredmedia":[{"embeddable":true,"href":"https:\/\/www.greenpeace.org\/luxembourg\/fr\/wp-json\/wp\/v2\/media\/337"}],"wp:attachment":[{"href":"https:\/\/www.greenpeace.org\/luxembourg\/fr\/wp-json\/wp\/v2\/media?parent=4116"}],"wp:term":[{"taxonomy":"category","embeddable":true,"href":"https:\/\/www.greenpeace.org\/luxembourg\/fr\/wp-json\/wp\/v2\/categories?post=4116"},{"taxonomy":"post_tag","embeddable":true,"href":"https:\/\/www.greenpeace.org\/luxembourg\/fr\/wp-json\/wp\/v2\/tags?post=4116"}],"curies":[{"name":"wp","href":"https:\/\/api.w.org\/{rel}","templated":true}]}}