{"id":420,"date":"2018-09-17T09:54:26","date_gmt":"2018-09-17T09:54:26","guid":{"rendered":"https:\/\/www.greenpeace.org\/luxembourg\/?page_id=420"},"modified":"2025-08-25T15:59:52","modified_gmt":"2025-08-25T13:59:52","slug":"donner-a-loccasion-devenements-particuliers","status":"publish","type":"page","link":"https:\/\/www.greenpeace.org\/luxembourg\/fr\/agir\/adherer-a-greenpeace\/donner-a-loccasion-devenements-particuliers\/","title":{"rendered":"Donner \u00e0 l\u2019occasion d\u2019\u00e9v\u00e8nements particuliers"},"content":{"rendered":"\n\n<div class=\"wp-block-group alignfull is-layout-flow wp-block-group-is-layout-flow\">\n<div class=\"wp-block-group container is-layout-flow wp-block-group-is-layout-flow\">\n<div class=\"wp-block-media-text alignfull has-media-on-the-right is-stacked-on-mobile is-pattern-p4-page-header is-style-parallax\"><div class=\"wp-block-media-text__content\">\n<div class=\"wp-block-group is-layout-flow wp-block-group-is-layout-flow\">\n<h1 class=\"wp-block-heading has-white-background-color has-background\">\n                            Donner \u00e0 l\u2019occasion d\u2019\u00e9v\u00e8nements particuliers\n                        <\/h1>\n<\/div>\n\n\n\n<p style=\"font-size:1.25rem\">Les cadeaux, \u00e7a fait plaisir. En a-t-on toujours besoin ? \u00c7a, c\u2019est un autre d\u00e9bat. Mais on dit aussi que c\u2018est l\u2019intention qui compte. Alors, voici une fa\u00e7on <strong>de transformer le concept du cadeau <\/strong>de f\u00eate ou de mariage : <strong>inviter ses proches \u00e0 faire un don pour une cause qui vous tient \u00e0 c\u0153ur.<\/strong><\/p>\n\n\n\n<p style=\"font-size:1.25rem\">Notre plan\u00e8te m\u00e9rite une voix, et c\u2019est la principale mission de Greenpeace que de lui en donner une pour d\u00e9noncer les atteintes \u00e0 l\u2019environnement, demander des comptes aux entreprises et aux gouvernements et <strong>\u0153uvrer pour un avenir juste et durable.<\/strong><\/p>\n<\/div><figure class=\"wp-block-media-text__media\"><img loading=\"lazy\" decoding=\"async\" width=\"1200\" height=\"800\" src=\"https:\/\/www.greenpeace.org\/static\/planet4-luxembourg-stateless\/2020\/09\/482e49e3-gp0stpvu6.jpg\" alt=\"\" sizes=\"auto, (min-width: 601px) 50vw, 100vw\" srcset=\"https:\/\/www.greenpeace.org\/static\/planet4-luxembourg-stateless\/2020\/09\/482e49e3-gp0stpvu6.jpg 1200w, https:\/\/www.greenpeace.org\/static\/planet4-luxembourg-stateless\/2020\/09\/482e49e3-gp0stpvu6-300x200.jpg 300w, https:\/\/www.greenpeace.org\/static\/planet4-luxembourg-stateless\/2020\/09\/482e49e3-gp0stpvu6-1024x683.jpg 1024w, https:\/\/www.greenpeace.org\/static\/planet4-luxembourg-stateless\/2020\/09\/482e49e3-gp0stpvu6-768x512.jpg 768w, https:\/\/www.greenpeace.org\/static\/planet4-luxembourg-stateless\/2020\/09\/482e49e3-gp0stpvu6-510x340.jpg 510w\" class=\"wp-image-9744 size-full\"\/><\/figure><\/div>\n<\/div>\n<\/div>\n\n<p><span style=\"font-weight: 400;\">Pour d\u00e9marrer votre cagnotte <\/span><span style=\"font-weight: 400;\">au b\u00e9n\u00e9fice de Greenpeace Luxembourg<\/span><span style=\"font-weight: 400;\">, c&#8217;est facile. Vous pouvez simplement partager<\/span><span style=\"font-weight: 400;\"> les informations suivantes \u00e0 votre entourage :<\/span><\/p>\n<ul>\n<li><span style=\"font-weight: 400;\">Votre souhait : <\/span><i><span style=\"font-weight: 400;\">Merci de r\u00e9server vos intentions \u00e0 Greenpeace Luxembourg\u00a0\u00a0<\/span><\/i><\/li>\n<li><span style=\"font-weight: 400;\">Le <\/span><b>nom de votre cagnotte<\/b><span style=\"font-weight: 400;\">, par exemple : <\/span><span style=\"font-weight: 400;\">Anniversaire de <\/span><i><span style=\"font-weight: 400;\">(pr\u00e9ciser votre nom et pr\u00e9nom)<\/span><\/i><\/li>\n<li><span style=\"font-weight: 400;\">Le <\/span><b>num\u00e9ro de notre compte<\/b><span style=\"font-weight: 400;\"> : <\/span><span style=\"font-weight: 400;\">BIC: CCPLLULL | IBAN: LU51 1111 0893 0060 0000.<\/span><\/li>\n<\/ul>\n<p><span style=\"font-weight: 400;\">Il suffit de le demander ; que ce soit pour une naissance, un d\u00e9c\u00e8s, un anniversaire, ou encore un <\/span><a href=\"https:\/\/www.greenpeace.org\/luxembourg\/fr\/projet\/defi-sportif\/\"><span style=\"font-weight: 400;\">d\u00e9fi sportif<\/span><\/a><span style=\"font-weight: 400;\">\u2026 \u00c0 chaque \u00e9v\u00e9nement, son don.<\/span><\/p>\n<p><span style=\"font-weight: 400;\">Pour nous, chaque don, quel que soit son montant ou sa forme, a de la valeur et nous donne <\/span><b>les moyens d\u2019agir au quotidien.<\/b><\/p>\n<p><span style=\"font-weight: 400;\">Pour toutes questions, n\u2019h\u00e9sitez pas \u00e0 nous contacter par email : membres.lu@greenpeace.org ou par t\u00e9l\u00e9phone au 54 62 52 29.<\/span><\/p>\n","protected":false},"excerpt":{"rendered":"<p>Pour d\u00e9marrer votre cagnotte au b\u00e9n\u00e9fice de Greenpeace Luxembourg, c&#8217;est facile. Vous pouvez simplement partager les informations suivantes \u00e0 votre entourage : Votre souhait : Merci de r\u00e9server vos intentions \u00e0 Greenpeace Luxembourg\u00a0\u00a0 Le nom de votre cagnotte, par exemple : Anniversaire de (pr\u00e9ciser votre nom et pr\u00e9nom) Le num\u00e9ro de notre compte : BIC: [&hellip;]<\/p>\n","protected":false},"author":16,"featured_media":421,"parent":396,"menu_order":0,"comment_status":"closed","ping_status":"closed","template":"","meta":{"ep_exclude_from_search":false,"p4_hide_page_title_checkbox":"on","p4_title":"","p4_subtitle":"","p4_description":"","background_image_id":"","background_image":"","p4_button_title":"","p4_button_link":"","p4_button_link_checkbox":"","p4_og_title":"","p4_og_description":"","p4_og_image":"","p4_og_image_id":"","p4_seo_canonical_url":"","p4_campaign_name":"not set","p4_local_project":"not set","p4_basket_name":"not set","p4_department":"","footnotes":""},"categories":[17],"tags":[33],"class_list":["post-420","page","type-page","status-publish","has-post-thumbnail","hentry","category-greenpeace","tag-greenpeace-fr"],"yoast_head":"<!-- This site is optimized with the Yoast SEO Premium plugin v23.9 (Yoast SEO v23.9) - https:\/\/yoast.com\/wordpress\/plugins\/seo\/ -->\n<title>Donner \u00e0 l\u2019occasion d\u2019\u00e9v\u00e8nements particuliers - Greenpeace Luxembourg<\/title>\n<meta name=\"robots\" content=\"index, follow, max-snippet:-1, max-image-preview:large, max-video-preview:-1\" \/>\n<link rel=\"canonical\" href=\"http:\/\/www.greenpeace.org\/luxembourg\/fr\/agir\/adherer-a-greenpeace\/donner-a-loccasion-devenements-particuliers\/\" \/>\n<meta property=\"og:locale\" content=\"fr_FR\" \/>\n<meta property=\"og:type\" content=\"article\" \/>\n<meta property=\"og:title\" content=\"Donner \u00e0 l\u2019occasion d\u2019\u00e9v\u00e8nements particuliers\" \/>\n<meta property=\"og:description\" content=\"Pour d\u00e9marrer votre cagnotte au b\u00e9n\u00e9fice de Greenpeace Luxembourg, c&#8217;est facile. Vous pouvez simplement partager les informations suivantes \u00e0 votre entourage : Votre souhait : Merci de r\u00e9server vos intentions \u00e0 Greenpeace Luxembourg\u00a0\u00a0 Le nom de votre cagnotte, par exemple : Anniversaire de (pr\u00e9ciser votre nom et pr\u00e9nom) Le num\u00e9ro de notre compte : BIC: [&hellip;]\" \/>\n<meta property=\"og:url\" content=\"http:\/\/www.greenpeace.org\/luxembourg\/fr\/agir\/adherer-a-greenpeace\/donner-a-loccasion-devenements-particuliers\/\" \/>\n<meta property=\"og:site_name\" content=\"Greenpeace Luxembourg\" \/>\n<meta property=\"article:publisher\" content=\"https:\/\/www.facebook.com\/greenpeaceluxembourg\" \/>\n<meta property=\"article:modified_time\" content=\"2025-08-25T13:59:52+00:00\" \/>\n<meta property=\"og:image\" content=\"https:\/\/www.greenpeace.org\/static\/planet4-luxembourg-stateless\/2018\/09\/07b0c7f0-gp04iof_medium_res.jpg\" \/>\n\t<meta property=\"og:image:width\" content=\"1200\" \/>\n\t<meta property=\"og:image:height\" content=\"800\" \/>\n\t<meta property=\"og:image:type\" content=\"image\/jpeg\" \/>\n<meta name=\"twitter:card\" content=\"summary_large_image\" \/>\n<meta name=\"twitter:label1\" content=\"Est. reading time\" \/>\n\t<meta name=\"twitter:data1\" content=\"1 minute\" \/>\n<script type=\"application\/ld+json\" class=\"yoast-schema-graph\">{\"@context\":\"https:\/\/schema.org\",\"@graph\":[{\"@type\":\"WebPage\",\"@id\":\"http:\/\/www.greenpeace.org\/luxembourg\/fr\/agir\/adherer-a-greenpeace\/donner-a-loccasion-devenements-particuliers\/\",\"url\":\"http:\/\/www.greenpeace.org\/luxembourg\/fr\/agir\/adherer-a-greenpeace\/donner-a-loccasion-devenements-particuliers\/\",\"name\":\"Donner \u00e0 l\u2019occasion d\u2019\u00e9v\u00e8nements particuliers - Greenpeace Luxembourg\",\"isPartOf\":{\"@id\":\"https:\/\/www.greenpeace.org\/luxembourg\/fr\/#website\"},\"primaryImageOfPage\":{\"@id\":\"http:\/\/www.greenpeace.org\/luxembourg\/fr\/agir\/adherer-a-greenpeace\/donner-a-loccasion-devenements-particuliers\/#primaryimage\"},\"image\":{\"@id\":\"http:\/\/www.greenpeace.org\/luxembourg\/fr\/agir\/adherer-a-greenpeace\/donner-a-loccasion-devenements-particuliers\/#primaryimage\"},\"thumbnailUrl\":\"https:\/\/www.greenpeace.org\/static\/planet4-luxembourg-stateless\/2018\/09\/07b0c7f0-gp04iof_medium_res.jpg\",\"datePublished\":\"2018-09-17T09:54:26+00:00\",\"dateModified\":\"2025-08-25T13:59:52+00:00\",\"breadcrumb\":{\"@id\":\"http:\/\/www.greenpeace.org\/luxembourg\/fr\/agir\/adherer-a-greenpeace\/donner-a-loccasion-devenements-particuliers\/#breadcrumb\"},\"inLanguage\":\"fr-LU\",\"potentialAction\":[{\"@type\":\"ReadAction\",\"target\":[\"http:\/\/www.greenpeace.org\/luxembourg\/fr\/agir\/adherer-a-greenpeace\/donner-a-loccasion-devenements-particuliers\/\"]}]},{\"@type\":\"ImageObject\",\"inLanguage\":\"fr-LU\",\"@id\":\"http:\/\/www.greenpeace.org\/luxembourg\/fr\/agir\/adherer-a-greenpeace\/donner-a-loccasion-devenements-particuliers\/#primaryimage\",\"url\":\"https:\/\/www.greenpeace.org\/static\/planet4-luxembourg-stateless\/2018\/09\/07b0c7f0-gp04iof_medium_res.jpg\",\"contentUrl\":\"https:\/\/www.greenpeace.org\/static\/planet4-luxembourg-stateless\/2018\/09\/07b0c7f0-gp04iof_medium_res.jpg\",\"width\":1200,\"height\":800,\"caption\":\"Visitors at a Rainbow Warrior 'Open Boat' day, to show support for the 'Save the Reef' campaign. The ship's six week tour will see the Rainbow Warrior travel up the east coast of Australia to raise awareness and support for the campaign.\"},{\"@type\":\"BreadcrumbList\",\"@id\":\"http:\/\/www.greenpeace.org\/luxembourg\/fr\/agir\/adherer-a-greenpeace\/donner-a-loccasion-devenements-particuliers\/#breadcrumb\",\"itemListElement\":[{\"@type\":\"ListItem\",\"position\":1,\"name\":\"Home\",\"item\":\"https:\/\/www.greenpeace.org\/luxembourg\/fr\/\"},{\"@type\":\"ListItem\",\"position\":2,\"name\":\"Agir\",\"item\":\"http:\/\/www.greenpeace.org\/luxembourg\/fr\/agir\/\"},{\"@type\":\"ListItem\",\"position\":3,\"name\":\"Devenir Adh\u00e9rent\u00b7e\",\"item\":\"http:\/\/www.greenpeace.org\/luxembourg\/fr\/agir\/adherer-a-greenpeace\/\"},{\"@type\":\"ListItem\",\"position\":4,\"name\":\"Donner \u00e0 l\u2019occasion d\u2019\u00e9v\u00e8nements particuliers\"}]},{\"@type\":\"WebSite\",\"@id\":\"https:\/\/www.greenpeace.org\/luxembourg\/fr\/#website\",\"url\":\"https:\/\/www.greenpeace.org\/luxembourg\/fr\/\",\"name\":\"Greenpeace Luxembourg\",\"description\":\"Greenpeace existe parce que cette Terre fragile a besoin d&#039;une voix. Elle a besoin de solutions. De changement. D&#039;actions.\",\"publisher\":{\"@id\":\"https:\/\/www.greenpeace.org\/luxembourg\/fr\/#organization\"},\"potentialAction\":[{\"@type\":\"SearchAction\",\"target\":{\"@type\":\"EntryPoint\",\"urlTemplate\":\"https:\/\/www.greenpeace.org\/luxembourg\/fr\/?s={search_term_string}\"},\"query-input\":{\"@type\":\"PropertyValueSpecification\",\"valueRequired\":true,\"valueName\":\"search_term_string\"}}],\"inLanguage\":\"fr-LU\"},{\"@type\":\"Organization\",\"@id\":\"https:\/\/www.greenpeace.org\/luxembourg\/fr\/#organization\",\"name\":\"Greenpeace Luxembourg\",\"url\":\"https:\/\/www.greenpeace.org\/luxembourg\/fr\/\",\"logo\":{\"@type\":\"ImageObject\",\"inLanguage\":\"fr-LU\",\"@id\":\"https:\/\/www.greenpeace.org\/luxembourg\/fr\/#\/schema\/logo\/image\/\",\"url\":\"https:\/\/www.greenpeace.org\/static\/planet4-luxembourg-stateless\/2026\/03\/3e367f94-greenpeace_logo_green_rgb.png\",\"contentUrl\":\"https:\/\/www.greenpeace.org\/static\/planet4-luxembourg-stateless\/2026\/03\/3e367f94-greenpeace_logo_green_rgb.png\",\"width\":1080,\"height\":175,\"caption\":\"Greenpeace Luxembourg\"},\"image\":{\"@id\":\"https:\/\/www.greenpeace.org\/luxembourg\/fr\/#\/schema\/logo\/image\/\"},\"sameAs\":[\"https:\/\/www.facebook.com\/greenpeaceluxembourg\",\"https:\/\/www.instagram.com\/greenpeacelux\/\",\"https:\/\/www.linkedin.com\/company\/greenpeace-luxembourg\/\",\"https:\/\/www.threads.com\/@greenpeacelux\",\"https:\/\/bsky.app\/profile\/greenpeacelux.bsky.social\",\"https:\/\/www.youtube.com\/@GreenpeaceLux\",\"https:\/\/www.tiktok.com\/@greenpeace_lux\"]}]}<\/script>\n<!-- \/ Yoast SEO Premium plugin. -->","yoast_head_json":{"title":"Donner \u00e0 l\u2019occasion d\u2019\u00e9v\u00e8nements particuliers - Greenpeace Luxembourg","robots":{"index":"index","follow":"follow","max-snippet":"max-snippet:-1","max-image-preview":"max-image-preview:large","max-video-preview":"max-video-preview:-1"},"canonical":"http:\/\/www.greenpeace.org\/luxembourg\/fr\/agir\/adherer-a-greenpeace\/donner-a-loccasion-devenements-particuliers\/","og_locale":"fr_FR","og_type":"article","og_title":"Donner \u00e0 l\u2019occasion d\u2019\u00e9v\u00e8nements particuliers","og_description":"Pour d\u00e9marrer votre cagnotte au b\u00e9n\u00e9fice de Greenpeace Luxembourg, c&#8217;est facile. Vous pouvez simplement partager les informations suivantes \u00e0 votre entourage : Votre souhait : Merci de r\u00e9server vos intentions \u00e0 Greenpeace Luxembourg\u00a0\u00a0 Le nom de votre cagnotte, par exemple : Anniversaire de (pr\u00e9ciser votre nom et pr\u00e9nom) Le num\u00e9ro de notre compte : BIC: [&hellip;]","og_url":"http:\/\/www.greenpeace.org\/luxembourg\/fr\/agir\/adherer-a-greenpeace\/donner-a-loccasion-devenements-particuliers\/","og_site_name":"Greenpeace Luxembourg","article_publisher":"https:\/\/www.facebook.com\/greenpeaceluxembourg","article_modified_time":"2025-08-25T13:59:52+00:00","og_image":[{"width":1200,"height":800,"url":"https:\/\/www.greenpeace.org\/static\/planet4-luxembourg-stateless\/2018\/09\/07b0c7f0-gp04iof_medium_res.jpg","type":"image\/jpeg"}],"twitter_card":"summary_large_image","twitter_misc":{"Est. reading time":"1 minute"},"schema":{"@context":"https:\/\/schema.org","@graph":[{"@type":"WebPage","@id":"http:\/\/www.greenpeace.org\/luxembourg\/fr\/agir\/adherer-a-greenpeace\/donner-a-loccasion-devenements-particuliers\/","url":"http:\/\/www.greenpeace.org\/luxembourg\/fr\/agir\/adherer-a-greenpeace\/donner-a-loccasion-devenements-particuliers\/","name":"Donner \u00e0 l\u2019occasion d\u2019\u00e9v\u00e8nements particuliers - Greenpeace Luxembourg","isPartOf":{"@id":"https:\/\/www.greenpeace.org\/luxembourg\/fr\/#website"},"primaryImageOfPage":{"@id":"http:\/\/www.greenpeace.org\/luxembourg\/fr\/agir\/adherer-a-greenpeace\/donner-a-loccasion-devenements-particuliers\/#primaryimage"},"image":{"@id":"http:\/\/www.greenpeace.org\/luxembourg\/fr\/agir\/adherer-a-greenpeace\/donner-a-loccasion-devenements-particuliers\/#primaryimage"},"thumbnailUrl":"https:\/\/www.greenpeace.org\/static\/planet4-luxembourg-stateless\/2018\/09\/07b0c7f0-gp04iof_medium_res.jpg","datePublished":"2018-09-17T09:54:26+00:00","dateModified":"2025-08-25T13:59:52+00:00","breadcrumb":{"@id":"http:\/\/www.greenpeace.org\/luxembourg\/fr\/agir\/adherer-a-greenpeace\/donner-a-loccasion-devenements-particuliers\/#breadcrumb"},"inLanguage":"fr-LU","potentialAction":[{"@type":"ReadAction","target":["http:\/\/www.greenpeace.org\/luxembourg\/fr\/agir\/adherer-a-greenpeace\/donner-a-loccasion-devenements-particuliers\/"]}]},{"@type":"ImageObject","inLanguage":"fr-LU","@id":"http:\/\/www.greenpeace.org\/luxembourg\/fr\/agir\/adherer-a-greenpeace\/donner-a-loccasion-devenements-particuliers\/#primaryimage","url":"https:\/\/www.greenpeace.org\/static\/planet4-luxembourg-stateless\/2018\/09\/07b0c7f0-gp04iof_medium_res.jpg","contentUrl":"https:\/\/www.greenpeace.org\/static\/planet4-luxembourg-stateless\/2018\/09\/07b0c7f0-gp04iof_medium_res.jpg","width":1200,"height":800,"caption":"Visitors at a Rainbow Warrior 'Open Boat' day, to show support for the 'Save the Reef' campaign. The ship's six week tour will see the Rainbow Warrior travel up the east coast of Australia to raise awareness and support for the campaign."},{"@type":"BreadcrumbList","@id":"http:\/\/www.greenpeace.org\/luxembourg\/fr\/agir\/adherer-a-greenpeace\/donner-a-loccasion-devenements-particuliers\/#breadcrumb","itemListElement":[{"@type":"ListItem","position":1,"name":"Home","item":"https:\/\/www.greenpeace.org\/luxembourg\/fr\/"},{"@type":"ListItem","position":2,"name":"Agir","item":"http:\/\/www.greenpeace.org\/luxembourg\/fr\/agir\/"},{"@type":"ListItem","position":3,"name":"Devenir Adh\u00e9rent\u00b7e","item":"http:\/\/www.greenpeace.org\/luxembourg\/fr\/agir\/adherer-a-greenpeace\/"},{"@type":"ListItem","position":4,"name":"Donner \u00e0 l\u2019occasion d\u2019\u00e9v\u00e8nements particuliers"}]},{"@type":"WebSite","@id":"https:\/\/www.greenpeace.org\/luxembourg\/fr\/#website","url":"https:\/\/www.greenpeace.org\/luxembourg\/fr\/","name":"Greenpeace Luxembourg","description":"Greenpeace existe parce que cette Terre fragile a besoin d&#039;une voix. Elle a besoin de solutions. De changement. D&#039;actions.","publisher":{"@id":"https:\/\/www.greenpeace.org\/luxembourg\/fr\/#organization"},"potentialAction":[{"@type":"SearchAction","target":{"@type":"EntryPoint","urlTemplate":"https:\/\/www.greenpeace.org\/luxembourg\/fr\/?s={search_term_string}"},"query-input":{"@type":"PropertyValueSpecification","valueRequired":true,"valueName":"search_term_string"}}],"inLanguage":"fr-LU"},{"@type":"Organization","@id":"https:\/\/www.greenpeace.org\/luxembourg\/fr\/#organization","name":"Greenpeace Luxembourg","url":"https:\/\/www.greenpeace.org\/luxembourg\/fr\/","logo":{"@type":"ImageObject","inLanguage":"fr-LU","@id":"https:\/\/www.greenpeace.org\/luxembourg\/fr\/#\/schema\/logo\/image\/","url":"https:\/\/www.greenpeace.org\/static\/planet4-luxembourg-stateless\/2026\/03\/3e367f94-greenpeace_logo_green_rgb.png","contentUrl":"https:\/\/www.greenpeace.org\/static\/planet4-luxembourg-stateless\/2026\/03\/3e367f94-greenpeace_logo_green_rgb.png","width":1080,"height":175,"caption":"Greenpeace Luxembourg"},"image":{"@id":"https:\/\/www.greenpeace.org\/luxembourg\/fr\/#\/schema\/logo\/image\/"},"sameAs":["https:\/\/www.facebook.com\/greenpeaceluxembourg","https:\/\/www.instagram.com\/greenpeacelux\/","https:\/\/www.linkedin.com\/company\/greenpeace-luxembourg\/","https:\/\/www.threads.com\/@greenpeacelux","https:\/\/bsky.app\/profile\/greenpeacelux.bsky.social","https:\/\/www.youtube.com\/@GreenpeaceLux","https:\/\/www.tiktok.com\/@greenpeace_lux"]}]}},"_links":{"self":[{"href":"https:\/\/www.greenpeace.org\/luxembourg\/fr\/wp-json\/wp\/v2\/pages\/420","targetHints":{"allow":["GET"]}}],"collection":[{"href":"https:\/\/www.greenpeace.org\/luxembourg\/fr\/wp-json\/wp\/v2\/pages"}],"about":[{"href":"https:\/\/www.greenpeace.org\/luxembourg\/fr\/wp-json\/wp\/v2\/types\/page"}],"author":[{"embeddable":true,"href":"https:\/\/www.greenpeace.org\/luxembourg\/fr\/wp-json\/wp\/v2\/users\/16"}],"replies":[{"embeddable":true,"href":"https:\/\/www.greenpeace.org\/luxembourg\/fr\/wp-json\/wp\/v2\/comments?post=420"}],"version-history":[{"count":4,"href":"https:\/\/www.greenpeace.org\/luxembourg\/fr\/wp-json\/wp\/v2\/pages\/420\/revisions"}],"predecessor-version":[{"id":25421,"href":"https:\/\/www.greenpeace.org\/luxembourg\/fr\/wp-json\/wp\/v2\/pages\/420\/revisions\/25421"}],"up":[{"embeddable":true,"href":"https:\/\/www.greenpeace.org\/luxembourg\/fr\/wp-json\/wp\/v2\/pages\/396"}],"wp:featuredmedia":[{"embeddable":true,"href":"https:\/\/www.greenpeace.org\/luxembourg\/fr\/wp-json\/wp\/v2\/media\/421"}],"wp:attachment":[{"href":"https:\/\/www.greenpeace.org\/luxembourg\/fr\/wp-json\/wp\/v2\/media?parent=420"}],"wp:term":[{"taxonomy":"category","embeddable":true,"href":"https:\/\/www.greenpeace.org\/luxembourg\/fr\/wp-json\/wp\/v2\/categories?post=420"},{"taxonomy":"post_tag","embeddable":true,"href":"https:\/\/www.greenpeace.org\/luxembourg\/fr\/wp-json\/wp\/v2\/tags?post=420"}],"curies":[{"name":"wp","href":"https:\/\/api.w.org\/{rel}","templated":true}]}}