{"id":428,"date":"2018-09-17T10:00:46","date_gmt":"2018-09-17T10:00:46","guid":{"rendered":"https:\/\/www.greenpeace.org\/luxembourg\/?page_id=428"},"modified":"2026-03-05T15:14:36","modified_gmt":"2026-03-05T13:14:36","slug":"exigeons-la-fin-du-nucleaire","status":"publish","type":"page","link":"https:\/\/www.greenpeace.org\/luxembourg\/fr\/agir\/exigeons-la-fin-du-nucleaire\/","title":{"rendered":"\u00c9xigeons la fin du nucl\u00e9aire"},"content":{"rendered":"<div data-render=\"planet4-blocks\/columns\" data-attributes=\"{&quot;attributes&quot;:{&quot;columns&quot;:[{&quot;title&quot;:&quot;Le probl\\u00e8me&quot;,&quot;description&quot;:&quot;Les centrales sont vieilles et l\\u2019augmentation de leur dur\\u00e9e de vie suppose une exposition inconsciente \\u00e0 des risques d\\u2019incidents majeurs. De plus, o\\u00f9 que ce soit dans le monde, aucune solution s\\u00fbre n\\u2019a \\u00e9t\\u00e9 trouv\\u00e9e pour g\\u00e9rer les d\\u00e9chets, qui resteront radioactifs pour des dizaines voire des centaines de milliers d&#039;ann\\u00e9es. La contamination due aux fuites radioactives dans l&#039;environnement pollue quotidiennement les sols, l&#039;air, les rivi\\u00e8res et les oc\\u00e9ans, provoquant cancers, malformations infantiles et autres maladies.rnAussi, pour pr\\u00e9venir les risques de failles internes et augmenter la s\\u00e9curit\\u00e9 du conditionnement et des transports de mati\\u00e8res radioactives, il est imp\\u00e9ratif d\\u2019effectuer des travaux de s\\u00e9curisation des centrales. Et la facture est de cons\\u00e9quence. Alors l\\u00e0, ce serait s\\u00fbr ? Non. Une centrale n\\u2019est jamais \\u00e0 l\\u2019abri d\\u2019un accident provoqu\\u00e9 par des causes internes comme externes : le risque Z\\u00e9ro n\\u2019existe pas.&quot;,&quot;link_new_tab&quot;:false},{&quot;title&quot;:&quot;Les solutions&quot;,&quot;description&quot;:&quot;Fermer les centrales en fin de vie et mettre fin aux nouveaux projets nucl\\u00e9aires. La transition vers le 100 % renouvelable est \\u00e9conomiquement viable : elle cr\\u00e9erait, d&#039;ici 2030, plus de 700 000 emplois. Les milliards d&#039;euros consacr\\u00e9s au nucl\\u00e9aire pourraient \\u00eatre investis dans les \\u00e9nergies renouvelables. Elles sont cr\\u00e9atrices d&#039;emplois et sont la solution aux d\\u00e9r\\u00e8glements climatiques. Oui, nous pouvons nous passer du nucl\\u00e9aire. Nous pouvons pr\\u00e9server les g\\u00e9n\\u00e9rations pr\\u00e9sentes et futures, prot\\u00e9ger l&#039;environnement. Ce n&#039;est pas un horizon inaccessible : la transition \\u00e9nerg\\u00e9tique a commenc\\u00e9. Elle doit atteindre les 100% de renouvelables d&#039;ici 2050. Pour y arriver, il faut qu&#039;un dialogue sur l&#039;\\u00e9nergie ait lieu. Le Luxembourg a ouvert la discussion avec les pays frontaliers, mais c\\u2019est un v\\u00e9ritable d\\u00e9bat national sur le nucl\\u00e9aire que Greenpeace r\\u00e9clame dans les pays abritant de r\\u00e9elles bombes \\u00e0 retardement.rnContrairement \\u00e0 ce que le lobby nucl\\u00e9aire nous r\\u00e9p\\u00e8te depuis des d\\u00e9cennies, nous pouvons abandonner le nucl\\u00e9aire. Les moyens financiers, techniques et humains sont l\\u00e0. Ce qui manque, c&#039;est la volont\\u00e9 politique.&quot;,&quot;link_new_tab&quot;:false}],&quot;className&quot;:&quot;is-style-no_image&quot;,&quot;columns_block_style&quot;:&quot;no_image&quot;}}\"><\/div>\n<hr class=\"wp-block-separator has-text-color has-green-color has-css-opacity has-green-background-color has-background\"\/>\n<div data-render=\"planet4-blocks\/columns\" data-attributes=\"{&quot;attributes&quot;:{&quot;columns_block_style&quot;:&quot;tasks&quot;,&quot;columns_title&quot;:&quot;Que fait Greenpeace ?&quot;,&quot;columns&quot;:[{&quot;title&quot;:&quot;Enqu\\u00eater pour mieux informer.&quot;,&quot;description&quot;:&quot;Greenpeace finance des \\u00e9tudes ind\\u00e9pendantes comme celle de John Large sur le scandale des anomalies. Greenpeace analyse les investissements dans le nucl\\u00e9aire du Fonds de Pension Luxembourgeois. Aussi, Greenpeace promeut les alternatives locales et citoyennes dans les \\u00e9nergies renouvelables.&quot;,&quot;link_new_tab&quot;:false},{&quot;title&quot;:&quot;Lobby et veille d&#039;information&quot;,&quot;description&quot;:&quot;Greenpeace Luxembourg est reconnue comme acteur cr\\u00e9dible sur les questions du nucl\\u00e9aire et est membre de la CLI (Commission Locale d&#039;Information) ainsi que du Haut Comit\\u00e9 \\u00e0 la Transparence Information S\\u00fbret\\u00e9 Nucl\\u00e9aire (HCTISN). Elle profite de cette position pour faire du lobby et une veille d&#039;information. Greenpeace Luxembourg se fait entendre par l&#039;Autorit\\u00e9 de S\\u00fbret\\u00e9 Nucl\\u00e9aire sur les questions li\\u00e9es \\u00e0 la s\\u00fbret\\u00e9. &quot;,&quot;link_new_tab&quot;:false},{&quot;title&quot;:&quot;D\\u00e9velopper des leviers juridiques.&quot;,&quot;description&quot;:&quot;Greenpeace cherche des moyens juridiques pour s&#039;opposer \\u00e0 une prolongation de la dur\\u00e9e de vie des centrales fran\\u00e7aises et belges car le risque nucl\\u00e9aire ne conna\\u00eet pas de fronti\\u00e8res. Nous avons aussi obtenu que le gouvernement luxembourgeois introduise une plainte contre la d\\u00e9cision d&#039;autoriser les aides d&#039;\\u00e9tats dans la construction de la centrale d\\u2019Hinkley au Royaume-Uni.&quot;,&quot;link_new_tab&quot;:false}],&quot;className&quot;:&quot;is-style-tasks&quot;}}\"><\/div>","protected":false},"excerpt":{"rendered":"<p>Le risque Z\u00e9ro n\u2019existe pas.<br \/>\nFissures, fragilit\u00e9 des structures, anomalies de construction, les installations nous r\u00e9servent chaque fois plus de surprises et les d\u00e9chets sont ing\u00e9rables. <\/p>\n","protected":false},"author":16,"featured_media":9277,"parent":319,"menu_order":0,"comment_status":"closed","ping_status":"closed","template":"","meta":{"ep_exclude_from_search":false,"p4_hide_page_title_checkbox":"","p4_title":"Exigez la fin du nucl\u00e9aire","p4_subtitle":"Le risque Z\u00e9ro n\u2019existe pas.","p4_description":"<p>Fissures, fragilit\u00e9 des structures, anomalies de construction, les installations nous r\u00e9servent chaque fois plus de surprises et les d\u00e9chets sont ing\u00e9rables. Pourtant, la France et la Belgique ont les moyens financiers, techniques et humains d\u2019abandonner le nucl\u00e9aire. Il leur manque la volont\u00e9 politique. Exigeons-la !<\/p>","background_image_id":"6319","background_image":"https:\/\/www.greenpeace.org\/static\/planet4-luxembourg-stateless\/2020\/01\/bdb0b9b9-gp01l2i-e1578943350281.jpg","p4_button_title":"","p4_button_link":"","p4_button_link_checkbox":"","p4_og_title":"","p4_og_description":"","p4_og_image":"","p4_og_image_id":"","p4_seo_canonical_url":"https:\/\/www.greenpeace.org\/luxembourg\/fr\/agir\/exigeons-la-fin-du-nucleaire\/","p4_campaign_name":"European Energy Transition","p4_local_project":"not set","p4_basket_name":"Climate & Energy","p4_department":"Campaigns","footnotes":""},"categories":[42],"tags":[30],"class_list":["post-428","page","type-page","status-publish","has-post-thumbnail","hentry","category-energie","tag-nucleaire"],"yoast_head":"<!-- This site is optimized with the Yoast SEO Premium plugin v23.9 (Yoast SEO v23.9) - https:\/\/yoast.com\/wordpress\/plugins\/seo\/ -->\n<title>\u00c9xigeons la fin du nucl\u00e9aire - Greenpeace Luxembourg<\/title>\n<meta name=\"robots\" content=\"index, follow, max-snippet:-1, max-image-preview:large, max-video-preview:-1\" \/>\n<link rel=\"canonical\" href=\"http:\/\/www.greenpeace.org\/luxembourg\/fr\/agir\/exigeons-la-fin-du-nucleaire\/\" \/>\n<meta property=\"og:locale\" content=\"fr_FR\" \/>\n<meta property=\"og:type\" content=\"article\" \/>\n<meta property=\"og:title\" content=\"\u00c9xigeons la fin du nucl\u00e9aire\" \/>\n<meta property=\"og:description\" content=\"Le risque Z\u00e9ro n\u2019existe pas. Fissures, fragilit\u00e9 des structures, anomalies de construction, les installations nous r\u00e9servent chaque fois plus de surprises et les d\u00e9chets sont ing\u00e9rables.\" \/>\n<meta property=\"og:url\" content=\"http:\/\/www.greenpeace.org\/luxembourg\/fr\/agir\/exigeons-la-fin-du-nucleaire\/\" \/>\n<meta property=\"og:site_name\" content=\"Greenpeace Luxembourg\" \/>\n<meta property=\"article:publisher\" content=\"https:\/\/www.facebook.com\/greenpeaceluxembourg\" \/>\n<meta property=\"article:modified_time\" content=\"2026-03-05T13:14:36+00:00\" \/>\n<meta property=\"og:image\" content=\"https:\/\/www.greenpeace.org\/static\/planet4-luxembourg-stateless\/2020\/07\/e0610c64-nuclear_waste.jpg\" \/>\n\t<meta property=\"og:image:width\" content=\"999\" \/>\n\t<meta property=\"og:image:height\" content=\"663\" \/>\n\t<meta property=\"og:image:type\" content=\"image\/jpeg\" \/>\n<meta name=\"twitter:card\" content=\"summary_large_image\" \/>\n<script type=\"application\/ld+json\" class=\"yoast-schema-graph\">{\"@context\":\"https:\/\/schema.org\",\"@graph\":[{\"@type\":\"WebPage\",\"@id\":\"http:\/\/www.greenpeace.org\/luxembourg\/fr\/agir\/exigeons-la-fin-du-nucleaire\/\",\"url\":\"http:\/\/www.greenpeace.org\/luxembourg\/fr\/agir\/exigeons-la-fin-du-nucleaire\/\",\"name\":\"\u00c9xigeons la fin du nucl\u00e9aire - Greenpeace Luxembourg\",\"isPartOf\":{\"@id\":\"https:\/\/www.greenpeace.org\/luxembourg\/fr\/#website\"},\"primaryImageOfPage\":{\"@id\":\"http:\/\/www.greenpeace.org\/luxembourg\/fr\/agir\/exigeons-la-fin-du-nucleaire\/#primaryimage\"},\"image\":{\"@id\":\"http:\/\/www.greenpeace.org\/luxembourg\/fr\/agir\/exigeons-la-fin-du-nucleaire\/#primaryimage\"},\"thumbnailUrl\":\"https:\/\/www.greenpeace.org\/static\/planet4-luxembourg-stateless\/2020\/07\/e0610c64-nuclear_waste.jpg\",\"datePublished\":\"2018-09-17T10:00:46+00:00\",\"dateModified\":\"2026-03-05T13:14:36+00:00\",\"breadcrumb\":{\"@id\":\"http:\/\/www.greenpeace.org\/luxembourg\/fr\/agir\/exigeons-la-fin-du-nucleaire\/#breadcrumb\"},\"inLanguage\":\"fr-LU\",\"potentialAction\":[{\"@type\":\"ReadAction\",\"target\":[\"http:\/\/www.greenpeace.org\/luxembourg\/fr\/agir\/exigeons-la-fin-du-nucleaire\/\"]}]},{\"@type\":\"ImageObject\",\"inLanguage\":\"fr-LU\",\"@id\":\"http:\/\/www.greenpeace.org\/luxembourg\/fr\/agir\/exigeons-la-fin-du-nucleaire\/#primaryimage\",\"url\":\"https:\/\/www.greenpeace.org\/static\/planet4-luxembourg-stateless\/2020\/07\/e0610c64-nuclear_waste.jpg\",\"contentUrl\":\"https:\/\/www.greenpeace.org\/static\/planet4-luxembourg-stateless\/2020\/07\/e0610c64-nuclear_waste.jpg\",\"width\":999,\"height\":663},{\"@type\":\"BreadcrumbList\",\"@id\":\"http:\/\/www.greenpeace.org\/luxembourg\/fr\/agir\/exigeons-la-fin-du-nucleaire\/#breadcrumb\",\"itemListElement\":[{\"@type\":\"ListItem\",\"position\":1,\"name\":\"Home\",\"item\":\"https:\/\/www.greenpeace.org\/luxembourg\/fr\/\"},{\"@type\":\"ListItem\",\"position\":2,\"name\":\"Agir\",\"item\":\"http:\/\/www.greenpeace.org\/luxembourg\/fr\/agir\/\"},{\"@type\":\"ListItem\",\"position\":3,\"name\":\"\u00c9xigeons la fin du nucl\u00e9aire\"}]},{\"@type\":\"WebSite\",\"@id\":\"https:\/\/www.greenpeace.org\/luxembourg\/fr\/#website\",\"url\":\"https:\/\/www.greenpeace.org\/luxembourg\/fr\/\",\"name\":\"Greenpeace Luxembourg\",\"description\":\"Greenpeace existe parce que cette Terre fragile a besoin d&#039;une voix. Elle a besoin de solutions. De changement. D&#039;actions.\",\"publisher\":{\"@id\":\"https:\/\/www.greenpeace.org\/luxembourg\/fr\/#organization\"},\"potentialAction\":[{\"@type\":\"SearchAction\",\"target\":{\"@type\":\"EntryPoint\",\"urlTemplate\":\"https:\/\/www.greenpeace.org\/luxembourg\/fr\/?s={search_term_string}\"},\"query-input\":{\"@type\":\"PropertyValueSpecification\",\"valueRequired\":true,\"valueName\":\"search_term_string\"}}],\"inLanguage\":\"fr-LU\"},{\"@type\":\"Organization\",\"@id\":\"https:\/\/www.greenpeace.org\/luxembourg\/fr\/#organization\",\"name\":\"Greenpeace Luxembourg\",\"url\":\"https:\/\/www.greenpeace.org\/luxembourg\/fr\/\",\"logo\":{\"@type\":\"ImageObject\",\"inLanguage\":\"fr-LU\",\"@id\":\"https:\/\/www.greenpeace.org\/luxembourg\/fr\/#\/schema\/logo\/image\/\",\"url\":\"https:\/\/www.greenpeace.org\/static\/planet4-luxembourg-stateless\/2026\/03\/3e367f94-greenpeace_logo_green_rgb.png\",\"contentUrl\":\"https:\/\/www.greenpeace.org\/static\/planet4-luxembourg-stateless\/2026\/03\/3e367f94-greenpeace_logo_green_rgb.png\",\"width\":1080,\"height\":175,\"caption\":\"Greenpeace Luxembourg\"},\"image\":{\"@id\":\"https:\/\/www.greenpeace.org\/luxembourg\/fr\/#\/schema\/logo\/image\/\"},\"sameAs\":[\"https:\/\/www.facebook.com\/greenpeaceluxembourg\",\"https:\/\/www.instagram.com\/greenpeacelux\/\",\"https:\/\/www.linkedin.com\/company\/greenpeace-luxembourg\/\",\"https:\/\/www.threads.com\/@greenpeacelux\",\"https:\/\/bsky.app\/profile\/greenpeacelux.bsky.social\",\"https:\/\/www.youtube.com\/@GreenpeaceLux\",\"https:\/\/www.tiktok.com\/@greenpeace_lux\"]}]}<\/script>\n<!-- \/ Yoast SEO Premium plugin. -->","yoast_head_json":{"title":"\u00c9xigeons la fin du nucl\u00e9aire - Greenpeace Luxembourg","robots":{"index":"index","follow":"follow","max-snippet":"max-snippet:-1","max-image-preview":"max-image-preview:large","max-video-preview":"max-video-preview:-1"},"canonical":"http:\/\/www.greenpeace.org\/luxembourg\/fr\/agir\/exigeons-la-fin-du-nucleaire\/","og_locale":"fr_FR","og_type":"article","og_title":"\u00c9xigeons la fin du nucl\u00e9aire","og_description":"Le risque Z\u00e9ro n\u2019existe pas. Fissures, fragilit\u00e9 des structures, anomalies de construction, les installations nous r\u00e9servent chaque fois plus de surprises et les d\u00e9chets sont ing\u00e9rables.","og_url":"http:\/\/www.greenpeace.org\/luxembourg\/fr\/agir\/exigeons-la-fin-du-nucleaire\/","og_site_name":"Greenpeace Luxembourg","article_publisher":"https:\/\/www.facebook.com\/greenpeaceluxembourg","article_modified_time":"2026-03-05T13:14:36+00:00","og_image":[{"width":999,"height":663,"url":"https:\/\/www.greenpeace.org\/static\/planet4-luxembourg-stateless\/2020\/07\/e0610c64-nuclear_waste.jpg","type":"image\/jpeg"}],"twitter_card":"summary_large_image","schema":{"@context":"https:\/\/schema.org","@graph":[{"@type":"WebPage","@id":"http:\/\/www.greenpeace.org\/luxembourg\/fr\/agir\/exigeons-la-fin-du-nucleaire\/","url":"http:\/\/www.greenpeace.org\/luxembourg\/fr\/agir\/exigeons-la-fin-du-nucleaire\/","name":"\u00c9xigeons la fin du nucl\u00e9aire - Greenpeace Luxembourg","isPartOf":{"@id":"https:\/\/www.greenpeace.org\/luxembourg\/fr\/#website"},"primaryImageOfPage":{"@id":"http:\/\/www.greenpeace.org\/luxembourg\/fr\/agir\/exigeons-la-fin-du-nucleaire\/#primaryimage"},"image":{"@id":"http:\/\/www.greenpeace.org\/luxembourg\/fr\/agir\/exigeons-la-fin-du-nucleaire\/#primaryimage"},"thumbnailUrl":"https:\/\/www.greenpeace.org\/static\/planet4-luxembourg-stateless\/2020\/07\/e0610c64-nuclear_waste.jpg","datePublished":"2018-09-17T10:00:46+00:00","dateModified":"2026-03-05T13:14:36+00:00","breadcrumb":{"@id":"http:\/\/www.greenpeace.org\/luxembourg\/fr\/agir\/exigeons-la-fin-du-nucleaire\/#breadcrumb"},"inLanguage":"fr-LU","potentialAction":[{"@type":"ReadAction","target":["http:\/\/www.greenpeace.org\/luxembourg\/fr\/agir\/exigeons-la-fin-du-nucleaire\/"]}]},{"@type":"ImageObject","inLanguage":"fr-LU","@id":"http:\/\/www.greenpeace.org\/luxembourg\/fr\/agir\/exigeons-la-fin-du-nucleaire\/#primaryimage","url":"https:\/\/www.greenpeace.org\/static\/planet4-luxembourg-stateless\/2020\/07\/e0610c64-nuclear_waste.jpg","contentUrl":"https:\/\/www.greenpeace.org\/static\/planet4-luxembourg-stateless\/2020\/07\/e0610c64-nuclear_waste.jpg","width":999,"height":663},{"@type":"BreadcrumbList","@id":"http:\/\/www.greenpeace.org\/luxembourg\/fr\/agir\/exigeons-la-fin-du-nucleaire\/#breadcrumb","itemListElement":[{"@type":"ListItem","position":1,"name":"Home","item":"https:\/\/www.greenpeace.org\/luxembourg\/fr\/"},{"@type":"ListItem","position":2,"name":"Agir","item":"http:\/\/www.greenpeace.org\/luxembourg\/fr\/agir\/"},{"@type":"ListItem","position":3,"name":"\u00c9xigeons la fin du nucl\u00e9aire"}]},{"@type":"WebSite","@id":"https:\/\/www.greenpeace.org\/luxembourg\/fr\/#website","url":"https:\/\/www.greenpeace.org\/luxembourg\/fr\/","name":"Greenpeace Luxembourg","description":"Greenpeace existe parce que cette Terre fragile a besoin d&#039;une voix. Elle a besoin de solutions. De changement. D&#039;actions.","publisher":{"@id":"https:\/\/www.greenpeace.org\/luxembourg\/fr\/#organization"},"potentialAction":[{"@type":"SearchAction","target":{"@type":"EntryPoint","urlTemplate":"https:\/\/www.greenpeace.org\/luxembourg\/fr\/?s={search_term_string}"},"query-input":{"@type":"PropertyValueSpecification","valueRequired":true,"valueName":"search_term_string"}}],"inLanguage":"fr-LU"},{"@type":"Organization","@id":"https:\/\/www.greenpeace.org\/luxembourg\/fr\/#organization","name":"Greenpeace Luxembourg","url":"https:\/\/www.greenpeace.org\/luxembourg\/fr\/","logo":{"@type":"ImageObject","inLanguage":"fr-LU","@id":"https:\/\/www.greenpeace.org\/luxembourg\/fr\/#\/schema\/logo\/image\/","url":"https:\/\/www.greenpeace.org\/static\/planet4-luxembourg-stateless\/2026\/03\/3e367f94-greenpeace_logo_green_rgb.png","contentUrl":"https:\/\/www.greenpeace.org\/static\/planet4-luxembourg-stateless\/2026\/03\/3e367f94-greenpeace_logo_green_rgb.png","width":1080,"height":175,"caption":"Greenpeace Luxembourg"},"image":{"@id":"https:\/\/www.greenpeace.org\/luxembourg\/fr\/#\/schema\/logo\/image\/"},"sameAs":["https:\/\/www.facebook.com\/greenpeaceluxembourg","https:\/\/www.instagram.com\/greenpeacelux\/","https:\/\/www.linkedin.com\/company\/greenpeace-luxembourg\/","https:\/\/www.threads.com\/@greenpeacelux","https:\/\/bsky.app\/profile\/greenpeacelux.bsky.social","https:\/\/www.youtube.com\/@GreenpeaceLux","https:\/\/www.tiktok.com\/@greenpeace_lux"]}]}},"_links":{"self":[{"href":"https:\/\/www.greenpeace.org\/luxembourg\/fr\/wp-json\/wp\/v2\/pages\/428","targetHints":{"allow":["GET"]}}],"collection":[{"href":"https:\/\/www.greenpeace.org\/luxembourg\/fr\/wp-json\/wp\/v2\/pages"}],"about":[{"href":"https:\/\/www.greenpeace.org\/luxembourg\/fr\/wp-json\/wp\/v2\/types\/page"}],"author":[{"embeddable":true,"href":"https:\/\/www.greenpeace.org\/luxembourg\/fr\/wp-json\/wp\/v2\/users\/16"}],"replies":[{"embeddable":true,"href":"https:\/\/www.greenpeace.org\/luxembourg\/fr\/wp-json\/wp\/v2\/comments?post=428"}],"version-history":[{"count":19,"href":"https:\/\/www.greenpeace.org\/luxembourg\/fr\/wp-json\/wp\/v2\/pages\/428\/revisions"}],"predecessor-version":[{"id":27455,"href":"https:\/\/www.greenpeace.org\/luxembourg\/fr\/wp-json\/wp\/v2\/pages\/428\/revisions\/27455"}],"up":[{"embeddable":true,"href":"https:\/\/www.greenpeace.org\/luxembourg\/fr\/wp-json\/wp\/v2\/pages\/319"}],"wp:featuredmedia":[{"embeddable":true,"href":"https:\/\/www.greenpeace.org\/luxembourg\/fr\/wp-json\/wp\/v2\/media\/9277"}],"wp:attachment":[{"href":"https:\/\/www.greenpeace.org\/luxembourg\/fr\/wp-json\/wp\/v2\/media?parent=428"}],"wp:term":[{"taxonomy":"category","embeddable":true,"href":"https:\/\/www.greenpeace.org\/luxembourg\/fr\/wp-json\/wp\/v2\/categories?post=428"},{"taxonomy":"post_tag","embeddable":true,"href":"https:\/\/www.greenpeace.org\/luxembourg\/fr\/wp-json\/wp\/v2\/tags?post=428"}],"curies":[{"name":"wp","href":"https:\/\/api.w.org\/{rel}","templated":true}]}}