{"id":468,"date":"2018-09-17T10:29:47","date_gmt":"2018-09-17T10:29:47","guid":{"rendered":"https:\/\/www.greenpeace.org\/luxembourg\/?page_id=468"},"modified":"2026-03-11T17:45:10","modified_gmt":"2026-03-11T15:45:10","slug":"citoyens-de-lenergie-solaire","status":"publish","type":"page","link":"https:\/\/www.greenpeace.org\/luxembourg\/fr\/agir\/citoyens-de-lenergie-solaire\/","title":{"rendered":"Devenons citoyens de l&#8217;\u00e9nergie solaire"},"content":{"rendered":"<h2>Youth Solar<\/h2>\n<p>Youth Solar, c\u2019est une sensibilisation aux probl\u00e9matiques environnementales importante et pratique r\u00e9serv\u00e9 aux adolescents. Avec eux, nous construisons des installations solaires sur des b\u00e2timents publics, des institutions sociaux, des b\u00e2timents priv\u00e9s et d&#8217;entreprises. La g\u00e9n\u00e9ration future participe elle-m\u00eame \u00e0 la construction d\u2019installations solaires, module par module &#8211; toujours sous la surveillance d\u2019experts &#8211; et d\u00e9couvrent ainsi comment fonctionnent de A \u00e0 Z la production d\u2019\u00e9lectricit\u00e9 solaire. Youth Solar n\u2019\u00e9duque pas seulement les jeunes pr\u00e9sents aux ateliers : ils emportent avec eux une exp\u00e9rience unique, qu\u2019ils partageront aux autres.<\/p>\n<div data-render=\"planet4-blocks\/columns\" data-attributes=\"{&quot;attributes&quot;:{&quot;columns_block_style&quot;:&quot;tasks&quot;,&quot;columns_title&quot;:&quot;Comment agir ?&quot;,&quot;columns&quot;:[{&quot;title&quot;:&quot;Porter un projet Youth Solar&quot;,&quot;description&quot;:&quot;Vous repr\\u00e9sentez une commune ? Une \\u00e9cole ? Une maison de jeunes ? N\\u2019h\\u00e9sitez pas \\u00e0 nous contacter pour organiser un projet \\u00e9ducatif !&quot;,&quot;cta_link&quot;:&quot;https:\\\/\\\/www.greenpeace.org\\\/luxembourg\\\/fr\\\/contact\\\/&quot;,&quot;cta_text&quot;:&quot;Contactez-nous&quot;,&quot;link_new_tab&quot;:false},{&quot;title&quot;:&quot;Demander \\u00e0 renouveler l\\u2019\\u00e9nergie au Luxembourg&quot;,&quot;description&quot;:&quot;Le Luxembourg doit montrer l\\u2019exemple : le gouvernement peut faire du d\\u00e9veloppement durable une r\\u00e9alit\\u00e9, encouragez vos dirigeants \\u00e0 s\\u2019y mettre.&quot;,&quot;cta_link&quot;:&quot;https:\\\/\\\/act.greenpeace.org\\\/page\\\/13534\\\/petition\\\/1&quot;,&quot;cta_text&quot;:&quot;Signer la p\\u00e9tition&quot;,&quot;link_new_tab&quot;:false}],&quot;className&quot;:&quot;is-style-tasks&quot;}}\"><\/div>\n<p><\/p>\n","protected":false},"excerpt":{"rendered":"<p>Malgr\u00e9 le potentiel consid\u00e9rable des \u00e9nergies renouvelables, l\u2019Etat luxembourgeois n\u2019accompagne pas les citoyens et citoyennes souhaitant produire, consommer et revendre leur propre \u00e9nergie.<\/p>\n","protected":false},"author":16,"featured_media":3393,"parent":319,"menu_order":0,"comment_status":"closed","ping_status":"closed","template":"","meta":{"ep_exclude_from_search":false,"p4_hide_page_title_checkbox":"","p4_title":"","p4_subtitle":"Chaque citoyen et citoyenne peut jouer un r\u00f4le \u200bimportant dans le d\u00e9veloppement des \u00e9nergies renouvelables.","p4_description":"<p><strong>Malgr\u00e9 le potentiel consid\u00e9rable des \u00e9nergies renouvelables, l\u2019Etat luxembourgeois n\u2019accompagne pas les citoyens et citoyennes souhaitant produire, consommer et revendre leur propre \u00e9nergie.<\/strong> Nous sommes persuad\u00e9s que les citoyen-ne-s peuvent jouer un r\u00f4le crucial dans l\u2019approvisionnement du pays en \u00e9nergies renouvelables : selon une \u00e9tude du CE Delft, d'ici \u00e0 2050, plus de 437 000 personnes pourraient autoproduire leur \u00e9lectricit\u00e9 au Luxembourg. Cependant, le Grand-Duch\u00e9 est tr\u00e8s loin de cet objectif : en 2016, par exemple, on comptait seulement 6379 installations photovolta\u00efques subventionn\u00e9es par un tarif d\u2019injection garanti. Pourtant, les energies renouvelables sont la meilleure solution au changement climatique.<\/p>","background_image_id":"475","background_image":"https:\/\/www.greenpeace.org\/static\/planet4-luxembourg-stateless\/2018\/09\/0a218c79-projetjugendsolar_esch_11092018_0049.jpg","p4_button_title":"","p4_button_link":"","p4_button_link_checkbox":"","p4_og_title":"Le Luxembourg n'accompagne pas suffisamment les citoyen\u00b7nes qui souhaitent produire et revendre leur propre \u00e9nergie renouvelable.","p4_og_description":"Le Luxembourg n'accompagne pas suffisamment les citoyen\u00b7nes qui souhaitent produire et revendre leur propre \u00e9nergie renouvelable.","p4_og_image":"","p4_og_image_id":"","p4_seo_canonical_url":"https:\/\/www.greenpeace.org\/luxembourg\/fr\/agir\/citoyens-de-lenergie-solaire\/","p4_campaign_name":"not set","p4_local_project":"not set","p4_basket_name":"not set","p4_department":"","footnotes":""},"categories":[42],"tags":[34],"class_list":["post-468","page","type-page","status-publish","has-post-thumbnail","hentry","category-energie","tag-energiesolaire"],"yoast_head":"<!-- This site is optimized with the Yoast SEO Premium plugin v23.9 (Yoast SEO v23.9) - https:\/\/yoast.com\/wordpress\/plugins\/seo\/ -->\n<title>Devenons citoyens de l&#039;\u00e9nergie solaire<\/title>\n<meta name=\"description\" content=\"Le Luxembourg n&#039;accompagne pas suffisamment les citoyen\u00b7nes qui souhaitent produire et revendre leur propre \u00e9nergie renouvelable.\" \/>\n<meta name=\"robots\" content=\"index, follow, max-snippet:-1, max-image-preview:large, max-video-preview:-1\" \/>\n<link rel=\"canonical\" href=\"http:\/\/www.greenpeace.org\/luxembourg\/fr\/agir\/citoyens-de-lenergie-solaire\/\" \/>\n<meta property=\"og:locale\" content=\"fr_FR\" \/>\n<meta property=\"og:type\" content=\"article\" \/>\n<meta property=\"og:title\" content=\"Devenons citoyens de l&#039;\u00e9nergie solaire\" \/>\n<meta property=\"og:description\" content=\"Le Luxembourg n&#039;accompagne pas suffisamment les citoyen\u00b7nes qui souhaitent produire et revendre leur propre \u00e9nergie renouvelable.\" \/>\n<meta property=\"og:url\" content=\"http:\/\/www.greenpeace.org\/luxembourg\/fr\/agir\/citoyens-de-lenergie-solaire\/\" \/>\n<meta property=\"og:site_name\" content=\"Greenpeace Luxembourg\" \/>\n<meta property=\"article:publisher\" content=\"https:\/\/www.facebook.com\/greenpeaceluxembourg\" \/>\n<meta property=\"article:modified_time\" content=\"2026-03-11T15:45:10+00:00\" \/>\n<meta property=\"og:image\" content=\"https:\/\/www.greenpeace.org\/static\/planet4-luxembourg-stateless\/2019\/01\/120a97d1-petition_energiebierger_copyright_jonas_scheu_greenpeace.jpg\" \/>\n\t<meta property=\"og:image:width\" content=\"1200\" \/>\n\t<meta property=\"og:image:height\" content=\"800\" \/>\n\t<meta property=\"og:image:type\" content=\"image\/jpeg\" \/>\n<meta name=\"twitter:card\" content=\"summary_large_image\" \/>\n<meta name=\"twitter:label1\" content=\"Est. reading time\" \/>\n\t<meta name=\"twitter:data1\" content=\"1 minute\" \/>\n<script type=\"application\/ld+json\" class=\"yoast-schema-graph\">{\"@context\":\"https:\/\/schema.org\",\"@graph\":[{\"@type\":\"WebPage\",\"@id\":\"http:\/\/www.greenpeace.org\/luxembourg\/fr\/agir\/citoyens-de-lenergie-solaire\/\",\"url\":\"http:\/\/www.greenpeace.org\/luxembourg\/fr\/agir\/citoyens-de-lenergie-solaire\/\",\"name\":\"Devenons citoyens de l'\u00e9nergie solaire\",\"isPartOf\":{\"@id\":\"https:\/\/www.greenpeace.org\/luxembourg\/fr\/#website\"},\"primaryImageOfPage\":{\"@id\":\"http:\/\/www.greenpeace.org\/luxembourg\/fr\/agir\/citoyens-de-lenergie-solaire\/#primaryimage\"},\"image\":{\"@id\":\"http:\/\/www.greenpeace.org\/luxembourg\/fr\/agir\/citoyens-de-lenergie-solaire\/#primaryimage\"},\"thumbnailUrl\":\"https:\/\/www.greenpeace.org\/static\/planet4-luxembourg-stateless\/2019\/01\/120a97d1-petition_energiebierger_copyright_jonas_scheu_greenpeace.jpg\",\"datePublished\":\"2018-09-17T10:29:47+00:00\",\"dateModified\":\"2026-03-11T15:45:10+00:00\",\"description\":\"Le Luxembourg n'accompagne pas suffisamment les citoyen\u00b7nes qui souhaitent produire et revendre leur propre \u00e9nergie renouvelable.\",\"breadcrumb\":{\"@id\":\"http:\/\/www.greenpeace.org\/luxembourg\/fr\/agir\/citoyens-de-lenergie-solaire\/#breadcrumb\"},\"inLanguage\":\"fr-LU\",\"potentialAction\":[{\"@type\":\"ReadAction\",\"target\":[\"http:\/\/www.greenpeace.org\/luxembourg\/fr\/agir\/citoyens-de-lenergie-solaire\/\"]}]},{\"@type\":\"ImageObject\",\"inLanguage\":\"fr-LU\",\"@id\":\"http:\/\/www.greenpeace.org\/luxembourg\/fr\/agir\/citoyens-de-lenergie-solaire\/#primaryimage\",\"url\":\"https:\/\/www.greenpeace.org\/static\/planet4-luxembourg-stateless\/2019\/01\/120a97d1-petition_energiebierger_copyright_jonas_scheu_greenpeace.jpg\",\"contentUrl\":\"https:\/\/www.greenpeace.org\/static\/planet4-luxembourg-stateless\/2019\/01\/120a97d1-petition_energiebierger_copyright_jonas_scheu_greenpeace.jpg\",\"width\":1200,\"height\":800,\"caption\":\"Greenpeace Switzerland\u2019s staff places solar cells on the roof of an industrial building in Wohlen. On the grid since October 2012, this is the largest photovoltaic plant of German-speaking Switzerland. Wohlen AG, 20. September 2012: Ein Mitarbeiter von Greenpeace Schweiz bei der Montage der gr\u00f6ssten Photovoltaikanlage der Deutschschweiz in Wohlen (AG). \u00a9 Greenpeace \/ Jonas Scheu\"},{\"@type\":\"BreadcrumbList\",\"@id\":\"http:\/\/www.greenpeace.org\/luxembourg\/fr\/agir\/citoyens-de-lenergie-solaire\/#breadcrumb\",\"itemListElement\":[{\"@type\":\"ListItem\",\"position\":1,\"name\":\"Home\",\"item\":\"https:\/\/www.greenpeace.org\/luxembourg\/fr\/\"},{\"@type\":\"ListItem\",\"position\":2,\"name\":\"Agir\",\"item\":\"http:\/\/www.greenpeace.org\/luxembourg\/fr\/agir\/\"},{\"@type\":\"ListItem\",\"position\":3,\"name\":\"Devenons citoyens de l&#8217;\u00e9nergie solaire\"}]},{\"@type\":\"WebSite\",\"@id\":\"https:\/\/www.greenpeace.org\/luxembourg\/fr\/#website\",\"url\":\"https:\/\/www.greenpeace.org\/luxembourg\/fr\/\",\"name\":\"Greenpeace Luxembourg\",\"description\":\"Greenpeace existe parce que cette Terre fragile a besoin d&#039;une voix. Elle a besoin de solutions. De changement. D&#039;actions.\",\"publisher\":{\"@id\":\"https:\/\/www.greenpeace.org\/luxembourg\/fr\/#organization\"},\"potentialAction\":[{\"@type\":\"SearchAction\",\"target\":{\"@type\":\"EntryPoint\",\"urlTemplate\":\"https:\/\/www.greenpeace.org\/luxembourg\/fr\/?s={search_term_string}\"},\"query-input\":{\"@type\":\"PropertyValueSpecification\",\"valueRequired\":true,\"valueName\":\"search_term_string\"}}],\"inLanguage\":\"fr-LU\"},{\"@type\":\"Organization\",\"@id\":\"https:\/\/www.greenpeace.org\/luxembourg\/fr\/#organization\",\"name\":\"Greenpeace Luxembourg\",\"url\":\"https:\/\/www.greenpeace.org\/luxembourg\/fr\/\",\"logo\":{\"@type\":\"ImageObject\",\"inLanguage\":\"fr-LU\",\"@id\":\"https:\/\/www.greenpeace.org\/luxembourg\/fr\/#\/schema\/logo\/image\/\",\"url\":\"https:\/\/www.greenpeace.org\/static\/planet4-luxembourg-stateless\/2026\/03\/3e367f94-greenpeace_logo_green_rgb.png\",\"contentUrl\":\"https:\/\/www.greenpeace.org\/static\/planet4-luxembourg-stateless\/2026\/03\/3e367f94-greenpeace_logo_green_rgb.png\",\"width\":1080,\"height\":175,\"caption\":\"Greenpeace Luxembourg\"},\"image\":{\"@id\":\"https:\/\/www.greenpeace.org\/luxembourg\/fr\/#\/schema\/logo\/image\/\"},\"sameAs\":[\"https:\/\/www.facebook.com\/greenpeaceluxembourg\",\"https:\/\/www.instagram.com\/greenpeacelux\/\",\"https:\/\/www.linkedin.com\/company\/greenpeace-luxembourg\/\",\"https:\/\/www.threads.com\/@greenpeacelux\",\"https:\/\/bsky.app\/profile\/greenpeacelux.bsky.social\",\"https:\/\/www.youtube.com\/@GreenpeaceLux\",\"https:\/\/www.tiktok.com\/@greenpeace_lux\"]}]}<\/script>\n<!-- \/ Yoast SEO Premium plugin. -->","yoast_head_json":{"title":"Devenons citoyens de l'\u00e9nergie solaire","description":"Le Luxembourg n'accompagne pas suffisamment les citoyen\u00b7nes qui souhaitent produire et revendre leur propre \u00e9nergie renouvelable.","robots":{"index":"index","follow":"follow","max-snippet":"max-snippet:-1","max-image-preview":"max-image-preview:large","max-video-preview":"max-video-preview:-1"},"canonical":"http:\/\/www.greenpeace.org\/luxembourg\/fr\/agir\/citoyens-de-lenergie-solaire\/","og_locale":"fr_FR","og_type":"article","og_title":"Devenons citoyens de l'\u00e9nergie solaire","og_description":"Le Luxembourg n'accompagne pas suffisamment les citoyen\u00b7nes qui souhaitent produire et revendre leur propre \u00e9nergie renouvelable.","og_url":"http:\/\/www.greenpeace.org\/luxembourg\/fr\/agir\/citoyens-de-lenergie-solaire\/","og_site_name":"Greenpeace Luxembourg","article_publisher":"https:\/\/www.facebook.com\/greenpeaceluxembourg","article_modified_time":"2026-03-11T15:45:10+00:00","og_image":[{"width":1200,"height":800,"url":"https:\/\/www.greenpeace.org\/static\/planet4-luxembourg-stateless\/2019\/01\/120a97d1-petition_energiebierger_copyright_jonas_scheu_greenpeace.jpg","type":"image\/jpeg"}],"twitter_card":"summary_large_image","twitter_misc":{"Est. reading time":"1 minute"},"schema":{"@context":"https:\/\/schema.org","@graph":[{"@type":"WebPage","@id":"http:\/\/www.greenpeace.org\/luxembourg\/fr\/agir\/citoyens-de-lenergie-solaire\/","url":"http:\/\/www.greenpeace.org\/luxembourg\/fr\/agir\/citoyens-de-lenergie-solaire\/","name":"Devenons citoyens de l'\u00e9nergie solaire","isPartOf":{"@id":"https:\/\/www.greenpeace.org\/luxembourg\/fr\/#website"},"primaryImageOfPage":{"@id":"http:\/\/www.greenpeace.org\/luxembourg\/fr\/agir\/citoyens-de-lenergie-solaire\/#primaryimage"},"image":{"@id":"http:\/\/www.greenpeace.org\/luxembourg\/fr\/agir\/citoyens-de-lenergie-solaire\/#primaryimage"},"thumbnailUrl":"https:\/\/www.greenpeace.org\/static\/planet4-luxembourg-stateless\/2019\/01\/120a97d1-petition_energiebierger_copyright_jonas_scheu_greenpeace.jpg","datePublished":"2018-09-17T10:29:47+00:00","dateModified":"2026-03-11T15:45:10+00:00","description":"Le Luxembourg n'accompagne pas suffisamment les citoyen\u00b7nes qui souhaitent produire et revendre leur propre \u00e9nergie renouvelable.","breadcrumb":{"@id":"http:\/\/www.greenpeace.org\/luxembourg\/fr\/agir\/citoyens-de-lenergie-solaire\/#breadcrumb"},"inLanguage":"fr-LU","potentialAction":[{"@type":"ReadAction","target":["http:\/\/www.greenpeace.org\/luxembourg\/fr\/agir\/citoyens-de-lenergie-solaire\/"]}]},{"@type":"ImageObject","inLanguage":"fr-LU","@id":"http:\/\/www.greenpeace.org\/luxembourg\/fr\/agir\/citoyens-de-lenergie-solaire\/#primaryimage","url":"https:\/\/www.greenpeace.org\/static\/planet4-luxembourg-stateless\/2019\/01\/120a97d1-petition_energiebierger_copyright_jonas_scheu_greenpeace.jpg","contentUrl":"https:\/\/www.greenpeace.org\/static\/planet4-luxembourg-stateless\/2019\/01\/120a97d1-petition_energiebierger_copyright_jonas_scheu_greenpeace.jpg","width":1200,"height":800,"caption":"Greenpeace Switzerland\u2019s staff places solar cells on the roof of an industrial building in Wohlen. On the grid since October 2012, this is the largest photovoltaic plant of German-speaking Switzerland. Wohlen AG, 20. September 2012: Ein Mitarbeiter von Greenpeace Schweiz bei der Montage der gr\u00f6ssten Photovoltaikanlage der Deutschschweiz in Wohlen (AG). \u00a9 Greenpeace \/ Jonas Scheu"},{"@type":"BreadcrumbList","@id":"http:\/\/www.greenpeace.org\/luxembourg\/fr\/agir\/citoyens-de-lenergie-solaire\/#breadcrumb","itemListElement":[{"@type":"ListItem","position":1,"name":"Home","item":"https:\/\/www.greenpeace.org\/luxembourg\/fr\/"},{"@type":"ListItem","position":2,"name":"Agir","item":"http:\/\/www.greenpeace.org\/luxembourg\/fr\/agir\/"},{"@type":"ListItem","position":3,"name":"Devenons citoyens de l&#8217;\u00e9nergie solaire"}]},{"@type":"WebSite","@id":"https:\/\/www.greenpeace.org\/luxembourg\/fr\/#website","url":"https:\/\/www.greenpeace.org\/luxembourg\/fr\/","name":"Greenpeace Luxembourg","description":"Greenpeace existe parce que cette Terre fragile a besoin d&#039;une voix. Elle a besoin de solutions. De changement. D&#039;actions.","publisher":{"@id":"https:\/\/www.greenpeace.org\/luxembourg\/fr\/#organization"},"potentialAction":[{"@type":"SearchAction","target":{"@type":"EntryPoint","urlTemplate":"https:\/\/www.greenpeace.org\/luxembourg\/fr\/?s={search_term_string}"},"query-input":{"@type":"PropertyValueSpecification","valueRequired":true,"valueName":"search_term_string"}}],"inLanguage":"fr-LU"},{"@type":"Organization","@id":"https:\/\/www.greenpeace.org\/luxembourg\/fr\/#organization","name":"Greenpeace Luxembourg","url":"https:\/\/www.greenpeace.org\/luxembourg\/fr\/","logo":{"@type":"ImageObject","inLanguage":"fr-LU","@id":"https:\/\/www.greenpeace.org\/luxembourg\/fr\/#\/schema\/logo\/image\/","url":"https:\/\/www.greenpeace.org\/static\/planet4-luxembourg-stateless\/2026\/03\/3e367f94-greenpeace_logo_green_rgb.png","contentUrl":"https:\/\/www.greenpeace.org\/static\/planet4-luxembourg-stateless\/2026\/03\/3e367f94-greenpeace_logo_green_rgb.png","width":1080,"height":175,"caption":"Greenpeace Luxembourg"},"image":{"@id":"https:\/\/www.greenpeace.org\/luxembourg\/fr\/#\/schema\/logo\/image\/"},"sameAs":["https:\/\/www.facebook.com\/greenpeaceluxembourg","https:\/\/www.instagram.com\/greenpeacelux\/","https:\/\/www.linkedin.com\/company\/greenpeace-luxembourg\/","https:\/\/www.threads.com\/@greenpeacelux","https:\/\/bsky.app\/profile\/greenpeacelux.bsky.social","https:\/\/www.youtube.com\/@GreenpeaceLux","https:\/\/www.tiktok.com\/@greenpeace_lux"]}]}},"_links":{"self":[{"href":"https:\/\/www.greenpeace.org\/luxembourg\/fr\/wp-json\/wp\/v2\/pages\/468","targetHints":{"allow":["GET"]}}],"collection":[{"href":"https:\/\/www.greenpeace.org\/luxembourg\/fr\/wp-json\/wp\/v2\/pages"}],"about":[{"href":"https:\/\/www.greenpeace.org\/luxembourg\/fr\/wp-json\/wp\/v2\/types\/page"}],"author":[{"embeddable":true,"href":"https:\/\/www.greenpeace.org\/luxembourg\/fr\/wp-json\/wp\/v2\/users\/16"}],"replies":[{"embeddable":true,"href":"https:\/\/www.greenpeace.org\/luxembourg\/fr\/wp-json\/wp\/v2\/comments?post=468"}],"version-history":[{"count":11,"href":"https:\/\/www.greenpeace.org\/luxembourg\/fr\/wp-json\/wp\/v2\/pages\/468\/revisions"}],"predecessor-version":[{"id":27457,"href":"https:\/\/www.greenpeace.org\/luxembourg\/fr\/wp-json\/wp\/v2\/pages\/468\/revisions\/27457"}],"up":[{"embeddable":true,"href":"https:\/\/www.greenpeace.org\/luxembourg\/fr\/wp-json\/wp\/v2\/pages\/319"}],"wp:featuredmedia":[{"embeddable":true,"href":"https:\/\/www.greenpeace.org\/luxembourg\/fr\/wp-json\/wp\/v2\/media\/3393"}],"wp:attachment":[{"href":"https:\/\/www.greenpeace.org\/luxembourg\/fr\/wp-json\/wp\/v2\/media?parent=468"}],"wp:term":[{"taxonomy":"category","embeddable":true,"href":"https:\/\/www.greenpeace.org\/luxembourg\/fr\/wp-json\/wp\/v2\/categories?post=468"},{"taxonomy":"post_tag","embeddable":true,"href":"https:\/\/www.greenpeace.org\/luxembourg\/fr\/wp-json\/wp\/v2\/tags?post=468"}],"curies":[{"name":"wp","href":"https:\/\/api.w.org\/{rel}","templated":true}]}}