{"id":477,"date":"2018-09-17T10:56:17","date_gmt":"2018-09-17T10:56:17","guid":{"rendered":"https:\/\/www.greenpeace.org\/luxembourg\/?page_id=477"},"modified":"2024-03-26T15:05:46","modified_gmt":"2024-03-26T13:05:46","slug":"conditions-generales-dutilisation","status":"publish","type":"page","link":"https:\/\/www.greenpeace.org\/luxembourg\/fr\/conditions-generales-dutilisation\/","title":{"rendered":"Mentions l\u00e9gales"},"content":{"rendered":"\n                    <div class=\"wp-block-group is-vertical is-layout-flex wp-container-core-group-is-layout-8cf370e7 wp-block-group-is-layout-flex\">\n                    \n                                <p>Cette politique concerne toutes les pages h\u00e9berg\u00e9es sur les sites de Greenpeace (greenpeace.org, greenpeace.lu, etc.) Cela ne s&#8217;applique pas aux pages h\u00e9berg\u00e9es par d&#8217;autres organisations vers lesquelles nous pouvons \u00e9tablir des liens, et dont les politiques en mati\u00e8re de respect de la vie priv\u00e9e peuvent \u00eatre diff\u00e9rentes.\r\n\r\nDans le cadre de cette politique, le terme &#8220;membre&#8221; d\u00e9signe une personne qui a fait une contribution financi\u00e8re \u00e0 l&#8217;association, via notre site Internet ou par un autre moyen. Les termes &#8220;inscrit(e) \u00e0 la newsletter&#8221; et &#8220;cyberactiviste&#8221; d\u00e9signent les personnes inscrites sur une ou plusieurs de nos listes de diffusion par message \u00e9lectronique (email).<\/p>\n                            \n\n                    \n                    <\/div>\n                    \n<h2 class=\"wp-block-heading\">Introduction<\/h2>\n\n<p>Greenpeace est un r\u00e9seau constitu\u00e9 de Greenpeace International et de 27 bureaux nationaux et r\u00e9gionaux ind\u00e9pendants.<br>Le contenu de chaque sous-section de greenpeace.org\/pays\/ est publi\u00e9 et g\u00e9r\u00e9 par le pays en question. Les pages dont l\u2019adresse commence par https:\/\/greenpeace.org\/luxembourg\/, par exemple, sont plac\u00e9es sous le contr\u00f4le \u00e9ditorial de Greenpeace Luxembourg. Pour toute question, commentaire ou retour, merci de contacter l\u2019entit\u00e9 responsable. Il est g\u00e9n\u00e9ralement possible de voir sur le site de quelle entit\u00e9 vous vous trouverez dans l\u2019en-t\u00eate des pages.<br>Pour des raisons de commodit\u00e9, il est possible que nous parlions de \u201cGreenpeace\u201d en parlant de Greenpeace International ou l\u2019une des organisations Greenpeace nationale ou r\u00e9gionale. De plus, les mots \u201cnous\u201d, \u201con\u201d et \u201cnotre\u201d peuvent \u00e9galement faire r\u00e9f\u00e9rence, toujours pour des raisons pratiques, \u00e0 d\u2019autres entit\u00e9s du r\u00e9seau Greenpeace et de leurs \u00e9quipes, activistes et volontaires respectifs.<\/p>\n\n<h2 class=\"wp-block-heading\">Vie priv\u00e9e<\/h2>\n\n<p><em>Greenpeace pense que le respect de votre vie priv\u00e9e sur le web est un droit fondamental, c&#8217;est pourquoi nous veillons \u00e0 garantir votre s\u00e9curit\u00e9 en ligne aussi rigoureusement que possible.<\/em><\/p>\n\n<p>Cette politique concerne toutes les pages h\u00e9berg\u00e9es sur les sites de Greenpeace (greenpeace.org, greenpeace.lu, etc.). Elle ne s&#8217;applique pas aux pages h\u00e9berg\u00e9es par d&#8217;autres organisations vers lesquelles nous pouvons \u00e9tablir des liens, et dont les politiques en mati\u00e8re de respect de la vie priv\u00e9e peuvent \u00eatre diff\u00e9rentes.<\/p>\n\n<p>Dans le cadre de cette politique, le terme &#8220;adh\u00e9rent\u00b7e et\/ou donateur\/donatrice&#8221; d\u00e9signe une personne qui a fait une contribution financi\u00e8re \u00e0 l&#8217;association, via notre site Internet ou par un autre moyen. Le terme \u201csympathisant-e\u201d d\u00e9signe une personne qui s\u2019est inscrite sur une ou plusieurs de nos listes de diffusion.\u201d<\/p>\n\n<p>Pour des informations compl\u00e9mentaires sur notre politique de protection des donn\u00e9es \u00e0 caract\u00e8re personnel, <a href=\"https:\/\/www.greenpeace.org\/luxembourg\/fr\/droits-des-personnes\/\">veuillez vous rendre sur cette page<\/a>.<\/p>\n\n<h2 class=\"wp-block-heading\">H\u00e9bergement<\/h2>\n\n<p><em>Notre site est h\u00e9berg\u00e9 sur divers serveurs qui sont situ\u00e9s chez des h\u00e9bergeurs dont la politique de respect de la vie priv\u00e9e est identique \u00e0 la n\u00f4tre. Les informations figurant sur les &#8220;logs&#8221; de nos sites ne permettent pas l&#8217;identification des personnes, et nous n&#8217;essayons en aucune mani\u00e8re d&#8217;associer ces informations aux personnes qui visitent le site. Le serveur recueille des informations sur les dates et heures d&#8217;acc\u00e8s \u00e0 notre site web ainsi que sur l&#8217;adresse Internet (IP) du terminal (ordinateur, smartphone, tablette, etc.) \u00e0 partir duquel vous avez acc\u00e9d\u00e9 \u00e0 notre site. Nous pouvons ainsi suivre, anonymement, la navigation d&#8217;un utilisateur \u00e0 l&#8217;int\u00e9rieur de notre site. Nous nous servons de ces informations pour am\u00e9liorer le contenu et l&#8217;ergonomie de notre site et \u00e9tablir des statistiques de fr\u00e9quentation.<\/em><\/p>\n\n<h2 class=\"wp-block-heading\">Cookies<\/h2>\n\n<p>Les sites web de Greenpeace Luxembourg peuvent \u00eatre amen\u00e9s \u00e0 inscrire et utiliser des \u00ab cookies \u00bb. Un cookie est un petit fichier texte ou un ensemble de donn\u00e9es qu\u2019un site web peut envoyer ou sauvegarder sur votre ordinateur lorsque vous le visitez. Plus sp\u00e9cifiquement, il s\u2019agit de cha\u00eenes de caract\u00e8res d\u00e9pos\u00e9es sur le disque dur de votre ordinateur. Le cookie n\u2019a pour but que de vous simplifier la navigation sur nos sites web lors de vos visites ult\u00e9rieures.&nbsp;<\/p>\n\n<p>Nos sites Internet peuvent utiliser des cookies afin :<\/p>\n\n<ul class=\"wp-block-list\">\n<li>de garder en m\u00e9moire vos identifiants. Cela vous permettant, par exemple, de ne pas avoir \u00e0 retaper vos informations d\u00e9j\u00e0 compl\u00e9t\u00e9es ult\u00e9rieurement.<\/li>\n\n\n\n<li>d\u2019\u00e9laborer des statistiques sur la navigation de nos sites afin de nous adapter \u00e0 votre comportement en tant qu\u2019internaute. Nous utilisons aussi ponctuellement des outils qui suivent les actions des internautes sur le site afin d&#8217;am\u00e9liorer l&#8217;exp\u00e9rience utilisateur.<\/li>\n<\/ul>\n\n<p>Vous pouvez \u00e0 tout moment modifier vos pr\u00e9f\u00e9rences pour accepter ou refuser ces cookies.<\/p>\n\n<p>Il existe deux types de cookie :<\/p>\n\n<ul class=\"wp-block-list\">\n<li>le premier enregistre un fichier qui peut rester sur votre ordinateur pendant une p\u00e9riode prolong\u00e9e m\u00eame une fois que vous l\u2019avez \u00e9teint.<\/li>\n\n\n\n<li>le second est appel\u00e9 \u00ab cookie de session \u00bb : lorsque vous visitez un site web, les cookies de session sont temporairement m\u00e9moris\u00e9s dans votre ordinateur. Les cookies de session ne restent pas longtemps sur votre ordinateur, ils disparaissent lorsque vous fermez votre navigateur Internet.<\/li>\n<\/ul>\n\n<p>La plupart des navigateurs Internet vous permettent de param\u00e9trer le navigateur afin qu\u2019il bloque les cookies, pour qu\u2019il les efface de votre disque dur ou pour qu\u2019il vous signale lorsqu\u2019une page web contient des cookies avant qu\u2019un cookie ne soit m\u00e9moris\u00e9.<\/p>\n\n<p>Pour emp\u00eacher le t\u00e9l\u00e9chargement de cookies ou pour contr\u00f4ler la mani\u00e8re dont ils sont utilis\u00e9s sur votre ordinateur consultez les instructions d\u2019utilisation ou la rubrique d\u2019aide de votre navigateur..<\/p>\n\n<p>En cas de refus (des cookies) un \u00e9v\u00e8nement anonyme est envoy\u00e9 dans Google Analytics afin de nous permettre de conna\u00eetre le taux de refus constat\u00e9.<\/p>\n\n<h2 class=\"wp-block-heading\">Protocole SSL<\/h2>\n\n<p>Le site de Greenpeace Luxembourg utilise le protocole SSL (Secure Sockets Layer), un protocole de s\u00e9curit\u00e9 qui permet \u00e0 vos communications par Internet de rester priv\u00e9es. Ce protocole offre des applications pour les clients\/serveurs permettant de communiquer sans \u00eatre \u00e9cout\u00e9-e de fa\u00e7on indiscr\u00e8te, sans que vos messages soient modifi\u00e9s. Il crypte toutes les informations personnelles (nom, adresse, email\u2026) lors de leur transit entre le navigateur et nos serveurs, afin que ces informations ne puissent pas \u00eatre lues quand elles circulent sur Internet. Quand vous \u00eates sur une page s\u00e9curis\u00e9e le cadenas appara\u00eet en ic\u00f4ne dans la barre d\u2019adresse<\/p>\n\n<p>Si nous utilisons le cryptage SSL pour prot\u00e9ger les informations sensibles sur Internet, nous faisons \u00e9galement tout notre possible pour prot\u00e9ger ces informations une fois stock\u00e9es. Tous nos disques durs sont crypt\u00e9s en amont du syst\u00e8me d&#8217;exploitation. Si, d&#8217;aventure, une machine \u00e9tait d\u00e9rob\u00e9e, les donn\u00e9es stock\u00e9es sur les disques durs resteraient inaccessibles.<\/p>\n\n<h2 class=\"wp-block-heading\">Autres informations<\/h2>\n\n<p>Si vous avez des questions sur les informations que nous gardons sur nos adh\u00e9rents, veuillez contacter membres.lu@greenpeace.org.Nos mesures de s\u00e9curit\u00e9 et cette politique sont r\u00e9\u00e9valu\u00e9es r\u00e9guli\u00e8rement. Vous pouvez adresser toute question concernant cette politique \u00e0 Greenpeace Luxembourg \u2013 <a href=\"mailto:contact.luxembourg@greenpeace.org\">contact.luxembourg@greenpeace.org<\/a><\/p>\n\n<h2 class=\"wp-block-heading\">R\u00e9clamation et litige<\/h2>\n\n<p>Tout litige relatif \u00e0 l&#8217;ex\u00e9cution ou l\u2019interpr\u00e9tation des Conditions G\u00e9n\u00e9rales rel\u00e8ve de la comp\u00e9tence exclusive des juridictions de l\u2019arrondissement judiciaire de Luxembourg.<\/p>\n\n<p>Les Conditions G\u00e9n\u00e9rales sont soumises et interpr\u00e9t\u00e9es conform\u00e9ment au droit luxembourgeois.<\/p>\n\n<style>\n* {\nfont-family:Roboto;\n}\nli {\nfont-size:1.125em;\n}\n<\/style>\n","protected":false},"excerpt":{"rendered":"<p>Cette politique concerne toutes les pages h\u00e9berg\u00e9es sur les sites de Greenpeace (greenpeace.org, greenpeace.lu, etc.) Cela ne s&#8217;applique pas aux pages h\u00e9berg\u00e9es par d&#8217;autres organisations vers lesquelles nous pouvons \u00e9tablir des liens, et dont les politiques en mati\u00e8re de respect de la vie priv\u00e9e peuvent \u00eatre diff\u00e9rentes. Dans le cadre de cette politique, le terme [&hellip;]<\/p>\n","protected":false},"author":16,"featured_media":348,"parent":0,"menu_order":0,"comment_status":"closed","ping_status":"closed","template":"","meta":{"ep_exclude_from_search":false,"p4_hide_page_title_checkbox":"","p4_title":"","p4_subtitle":"","p4_description":"","background_image_id":"","background_image":"","p4_button_title":"","p4_button_link":"","p4_button_link_checkbox":"","p4_og_title":"","p4_og_description":"","p4_og_image":"","p4_og_image_id":"","p4_seo_canonical_url":"","p4_campaign_name":"not set","p4_local_project":"not set","p4_basket_name":"not set","p4_department":"","footnotes":""},"categories":[17],"tags":[],"class_list":["post-477","page","type-page","status-publish","has-post-thumbnail","hentry","category-greenpeace"],"yoast_head":"<!-- This site is optimized with the Yoast SEO Premium plugin v23.9 (Yoast SEO v23.9) - https:\/\/yoast.com\/wordpress\/plugins\/seo\/ -->\n<title>Mentions l\u00e9gales - Greenpeace Luxembourg<\/title>\n<meta name=\"robots\" content=\"index, follow, max-snippet:-1, max-image-preview:large, max-video-preview:-1\" \/>\n<link rel=\"canonical\" href=\"https:\/\/www.greenpeace.org\/luxembourg\/fr\/conditions-generales-dutilisation\/\" \/>\n<meta property=\"og:locale\" content=\"fr_FR\" \/>\n<meta property=\"og:type\" content=\"article\" \/>\n<meta property=\"og:title\" content=\"Mentions l\u00e9gales\" \/>\n<meta property=\"og:description\" content=\"Cette politique concerne toutes les pages h\u00e9berg\u00e9es sur les sites de Greenpeace (greenpeace.org, greenpeace.lu, etc.) Cela ne s&#8217;applique pas aux pages h\u00e9berg\u00e9es par d&#8217;autres organisations vers lesquelles nous pouvons \u00e9tablir des liens, et dont les politiques en mati\u00e8re de respect de la vie priv\u00e9e peuvent \u00eatre diff\u00e9rentes. Dans le cadre de cette politique, le terme [&hellip;]\" \/>\n<meta property=\"og:url\" content=\"https:\/\/www.greenpeace.org\/luxembourg\/fr\/conditions-generales-dutilisation\/\" \/>\n<meta property=\"og:site_name\" content=\"Greenpeace Luxembourg\" \/>\n<meta property=\"article:publisher\" content=\"https:\/\/www.facebook.com\/greenpeaceluxembourg\" \/>\n<meta property=\"article:modified_time\" content=\"2024-03-26T13:05:46+00:00\" \/>\n<meta property=\"og:image\" content=\"https:\/\/www.greenpeace.org\/static\/planet4-luxembourg-stateless\/2018\/09\/070268c0-gp01wfe_medium_res.jpg\" \/>\n\t<meta property=\"og:image:width\" content=\"1200\" \/>\n\t<meta property=\"og:image:height\" content=\"796\" \/>\n\t<meta property=\"og:image:type\" content=\"image\/jpeg\" \/>\n<meta name=\"twitter:card\" content=\"summary_large_image\" \/>\n<meta name=\"twitter:label1\" content=\"Est. reading time\" \/>\n\t<meta name=\"twitter:data1\" content=\"6 minutes\" \/>\n<script type=\"application\/ld+json\" class=\"yoast-schema-graph\">{\"@context\":\"https:\/\/schema.org\",\"@graph\":[{\"@type\":\"WebPage\",\"@id\":\"https:\/\/www.greenpeace.org\/luxembourg\/fr\/conditions-generales-dutilisation\/\",\"url\":\"https:\/\/www.greenpeace.org\/luxembourg\/fr\/conditions-generales-dutilisation\/\",\"name\":\"Mentions l\u00e9gales - Greenpeace Luxembourg\",\"isPartOf\":{\"@id\":\"https:\/\/www.greenpeace.org\/luxembourg\/fr\/#website\"},\"primaryImageOfPage\":{\"@id\":\"https:\/\/www.greenpeace.org\/luxembourg\/fr\/conditions-generales-dutilisation\/#primaryimage\"},\"image\":{\"@id\":\"https:\/\/www.greenpeace.org\/luxembourg\/fr\/conditions-generales-dutilisation\/#primaryimage\"},\"thumbnailUrl\":\"https:\/\/www.greenpeace.org\/static\/planet4-luxembourg-stateless\/2018\/09\/070268c0-gp01wfe_medium_res.jpg\",\"datePublished\":\"2018-09-17T10:56:17+00:00\",\"dateModified\":\"2024-03-26T13:05:46+00:00\",\"breadcrumb\":{\"@id\":\"https:\/\/www.greenpeace.org\/luxembourg\/fr\/conditions-generales-dutilisation\/#breadcrumb\"},\"inLanguage\":\"fr-LU\",\"potentialAction\":[{\"@type\":\"ReadAction\",\"target\":[\"https:\/\/www.greenpeace.org\/luxembourg\/fr\/conditions-generales-dutilisation\/\"]}]},{\"@type\":\"ImageObject\",\"inLanguage\":\"fr-LU\",\"@id\":\"https:\/\/www.greenpeace.org\/luxembourg\/fr\/conditions-generales-dutilisation\/#primaryimage\",\"url\":\"https:\/\/www.greenpeace.org\/static\/planet4-luxembourg-stateless\/2018\/09\/070268c0-gp01wfe_medium_res.jpg\",\"contentUrl\":\"https:\/\/www.greenpeace.org\/static\/planet4-luxembourg-stateless\/2018\/09\/070268c0-gp01wfe_medium_res.jpg\",\"width\":1200,\"height\":796,\"caption\":\"Aerial view of the river Athabasca and boreal forest in early morning, north of Fort McMurray, northern Alberta, Canada.\"},{\"@type\":\"BreadcrumbList\",\"@id\":\"https:\/\/www.greenpeace.org\/luxembourg\/fr\/conditions-generales-dutilisation\/#breadcrumb\",\"itemListElement\":[{\"@type\":\"ListItem\",\"position\":1,\"name\":\"Home\",\"item\":\"https:\/\/www.greenpeace.org\/luxembourg\/fr\/\"},{\"@type\":\"ListItem\",\"position\":2,\"name\":\"Mentions l\u00e9gales\"}]},{\"@type\":\"WebSite\",\"@id\":\"https:\/\/www.greenpeace.org\/luxembourg\/fr\/#website\",\"url\":\"https:\/\/www.greenpeace.org\/luxembourg\/fr\/\",\"name\":\"Greenpeace Luxembourg\",\"description\":\"Greenpeace existe parce que cette Terre fragile a besoin d&#039;une voix. Elle a besoin de solutions. De changement. D&#039;actions.\",\"publisher\":{\"@id\":\"https:\/\/www.greenpeace.org\/luxembourg\/fr\/#organization\"},\"potentialAction\":[{\"@type\":\"SearchAction\",\"target\":{\"@type\":\"EntryPoint\",\"urlTemplate\":\"https:\/\/www.greenpeace.org\/luxembourg\/fr\/?s={search_term_string}\"},\"query-input\":{\"@type\":\"PropertyValueSpecification\",\"valueRequired\":true,\"valueName\":\"search_term_string\"}}],\"inLanguage\":\"fr-LU\"},{\"@type\":\"Organization\",\"@id\":\"https:\/\/www.greenpeace.org\/luxembourg\/fr\/#organization\",\"name\":\"Greenpeace Luxembourg\",\"url\":\"https:\/\/www.greenpeace.org\/luxembourg\/fr\/\",\"logo\":{\"@type\":\"ImageObject\",\"inLanguage\":\"fr-LU\",\"@id\":\"https:\/\/www.greenpeace.org\/luxembourg\/fr\/#\/schema\/logo\/image\/\",\"url\":\"https:\/\/www.greenpeace.org\/static\/planet4-luxembourg-stateless\/2026\/03\/3e367f94-greenpeace_logo_green_rgb.png\",\"contentUrl\":\"https:\/\/www.greenpeace.org\/static\/planet4-luxembourg-stateless\/2026\/03\/3e367f94-greenpeace_logo_green_rgb.png\",\"width\":1080,\"height\":175,\"caption\":\"Greenpeace Luxembourg\"},\"image\":{\"@id\":\"https:\/\/www.greenpeace.org\/luxembourg\/fr\/#\/schema\/logo\/image\/\"},\"sameAs\":[\"https:\/\/www.facebook.com\/greenpeaceluxembourg\",\"https:\/\/www.instagram.com\/greenpeacelux\/\",\"https:\/\/www.linkedin.com\/company\/greenpeace-luxembourg\/\",\"https:\/\/www.threads.com\/@greenpeacelux\",\"https:\/\/bsky.app\/profile\/greenpeacelux.bsky.social\",\"https:\/\/www.youtube.com\/@GreenpeaceLux\",\"https:\/\/www.tiktok.com\/@greenpeace_lux\"]}]}<\/script>\n<!-- \/ Yoast SEO Premium plugin. -->","yoast_head_json":{"title":"Mentions l\u00e9gales - Greenpeace Luxembourg","robots":{"index":"index","follow":"follow","max-snippet":"max-snippet:-1","max-image-preview":"max-image-preview:large","max-video-preview":"max-video-preview:-1"},"canonical":"https:\/\/www.greenpeace.org\/luxembourg\/fr\/conditions-generales-dutilisation\/","og_locale":"fr_FR","og_type":"article","og_title":"Mentions l\u00e9gales","og_description":"Cette politique concerne toutes les pages h\u00e9berg\u00e9es sur les sites de Greenpeace (greenpeace.org, greenpeace.lu, etc.) Cela ne s&#8217;applique pas aux pages h\u00e9berg\u00e9es par d&#8217;autres organisations vers lesquelles nous pouvons \u00e9tablir des liens, et dont les politiques en mati\u00e8re de respect de la vie priv\u00e9e peuvent \u00eatre diff\u00e9rentes. Dans le cadre de cette politique, le terme [&hellip;]","og_url":"https:\/\/www.greenpeace.org\/luxembourg\/fr\/conditions-generales-dutilisation\/","og_site_name":"Greenpeace Luxembourg","article_publisher":"https:\/\/www.facebook.com\/greenpeaceluxembourg","article_modified_time":"2024-03-26T13:05:46+00:00","og_image":[{"width":1200,"height":796,"url":"https:\/\/www.greenpeace.org\/static\/planet4-luxembourg-stateless\/2018\/09\/070268c0-gp01wfe_medium_res.jpg","type":"image\/jpeg"}],"twitter_card":"summary_large_image","twitter_misc":{"Est. reading time":"6 minutes"},"schema":{"@context":"https:\/\/schema.org","@graph":[{"@type":"WebPage","@id":"https:\/\/www.greenpeace.org\/luxembourg\/fr\/conditions-generales-dutilisation\/","url":"https:\/\/www.greenpeace.org\/luxembourg\/fr\/conditions-generales-dutilisation\/","name":"Mentions l\u00e9gales - Greenpeace Luxembourg","isPartOf":{"@id":"https:\/\/www.greenpeace.org\/luxembourg\/fr\/#website"},"primaryImageOfPage":{"@id":"https:\/\/www.greenpeace.org\/luxembourg\/fr\/conditions-generales-dutilisation\/#primaryimage"},"image":{"@id":"https:\/\/www.greenpeace.org\/luxembourg\/fr\/conditions-generales-dutilisation\/#primaryimage"},"thumbnailUrl":"https:\/\/www.greenpeace.org\/static\/planet4-luxembourg-stateless\/2018\/09\/070268c0-gp01wfe_medium_res.jpg","datePublished":"2018-09-17T10:56:17+00:00","dateModified":"2024-03-26T13:05:46+00:00","breadcrumb":{"@id":"https:\/\/www.greenpeace.org\/luxembourg\/fr\/conditions-generales-dutilisation\/#breadcrumb"},"inLanguage":"fr-LU","potentialAction":[{"@type":"ReadAction","target":["https:\/\/www.greenpeace.org\/luxembourg\/fr\/conditions-generales-dutilisation\/"]}]},{"@type":"ImageObject","inLanguage":"fr-LU","@id":"https:\/\/www.greenpeace.org\/luxembourg\/fr\/conditions-generales-dutilisation\/#primaryimage","url":"https:\/\/www.greenpeace.org\/static\/planet4-luxembourg-stateless\/2018\/09\/070268c0-gp01wfe_medium_res.jpg","contentUrl":"https:\/\/www.greenpeace.org\/static\/planet4-luxembourg-stateless\/2018\/09\/070268c0-gp01wfe_medium_res.jpg","width":1200,"height":796,"caption":"Aerial view of the river Athabasca and boreal forest in early morning, north of Fort McMurray, northern Alberta, Canada."},{"@type":"BreadcrumbList","@id":"https:\/\/www.greenpeace.org\/luxembourg\/fr\/conditions-generales-dutilisation\/#breadcrumb","itemListElement":[{"@type":"ListItem","position":1,"name":"Home","item":"https:\/\/www.greenpeace.org\/luxembourg\/fr\/"},{"@type":"ListItem","position":2,"name":"Mentions l\u00e9gales"}]},{"@type":"WebSite","@id":"https:\/\/www.greenpeace.org\/luxembourg\/fr\/#website","url":"https:\/\/www.greenpeace.org\/luxembourg\/fr\/","name":"Greenpeace Luxembourg","description":"Greenpeace existe parce que cette Terre fragile a besoin d&#039;une voix. Elle a besoin de solutions. De changement. D&#039;actions.","publisher":{"@id":"https:\/\/www.greenpeace.org\/luxembourg\/fr\/#organization"},"potentialAction":[{"@type":"SearchAction","target":{"@type":"EntryPoint","urlTemplate":"https:\/\/www.greenpeace.org\/luxembourg\/fr\/?s={search_term_string}"},"query-input":{"@type":"PropertyValueSpecification","valueRequired":true,"valueName":"search_term_string"}}],"inLanguage":"fr-LU"},{"@type":"Organization","@id":"https:\/\/www.greenpeace.org\/luxembourg\/fr\/#organization","name":"Greenpeace Luxembourg","url":"https:\/\/www.greenpeace.org\/luxembourg\/fr\/","logo":{"@type":"ImageObject","inLanguage":"fr-LU","@id":"https:\/\/www.greenpeace.org\/luxembourg\/fr\/#\/schema\/logo\/image\/","url":"https:\/\/www.greenpeace.org\/static\/planet4-luxembourg-stateless\/2026\/03\/3e367f94-greenpeace_logo_green_rgb.png","contentUrl":"https:\/\/www.greenpeace.org\/static\/planet4-luxembourg-stateless\/2026\/03\/3e367f94-greenpeace_logo_green_rgb.png","width":1080,"height":175,"caption":"Greenpeace Luxembourg"},"image":{"@id":"https:\/\/www.greenpeace.org\/luxembourg\/fr\/#\/schema\/logo\/image\/"},"sameAs":["https:\/\/www.facebook.com\/greenpeaceluxembourg","https:\/\/www.instagram.com\/greenpeacelux\/","https:\/\/www.linkedin.com\/company\/greenpeace-luxembourg\/","https:\/\/www.threads.com\/@greenpeacelux","https:\/\/bsky.app\/profile\/greenpeacelux.bsky.social","https:\/\/www.youtube.com\/@GreenpeaceLux","https:\/\/www.tiktok.com\/@greenpeace_lux"]}]}},"_links":{"self":[{"href":"https:\/\/www.greenpeace.org\/luxembourg\/fr\/wp-json\/wp\/v2\/pages\/477","targetHints":{"allow":["GET"]}}],"collection":[{"href":"https:\/\/www.greenpeace.org\/luxembourg\/fr\/wp-json\/wp\/v2\/pages"}],"about":[{"href":"https:\/\/www.greenpeace.org\/luxembourg\/fr\/wp-json\/wp\/v2\/types\/page"}],"author":[{"embeddable":true,"href":"https:\/\/www.greenpeace.org\/luxembourg\/fr\/wp-json\/wp\/v2\/users\/16"}],"replies":[{"embeddable":true,"href":"https:\/\/www.greenpeace.org\/luxembourg\/fr\/wp-json\/wp\/v2\/comments?post=477"}],"version-history":[{"count":20,"href":"https:\/\/www.greenpeace.org\/luxembourg\/fr\/wp-json\/wp\/v2\/pages\/477\/revisions"}],"predecessor-version":[{"id":21281,"href":"https:\/\/www.greenpeace.org\/luxembourg\/fr\/wp-json\/wp\/v2\/pages\/477\/revisions\/21281"}],"wp:featuredmedia":[{"embeddable":true,"href":"https:\/\/www.greenpeace.org\/luxembourg\/fr\/wp-json\/wp\/v2\/media\/348"}],"wp:attachment":[{"href":"https:\/\/www.greenpeace.org\/luxembourg\/fr\/wp-json\/wp\/v2\/media?parent=477"}],"wp:term":[{"taxonomy":"category","embeddable":true,"href":"https:\/\/www.greenpeace.org\/luxembourg\/fr\/wp-json\/wp\/v2\/categories?post=477"},{"taxonomy":"post_tag","embeddable":true,"href":"https:\/\/www.greenpeace.org\/luxembourg\/fr\/wp-json\/wp\/v2\/tags?post=477"}],"curies":[{"name":"wp","href":"https:\/\/api.w.org\/{rel}","templated":true}]}}