{"id":490,"date":"2018-09-17T11:17:08","date_gmt":"2018-09-17T11:17:08","guid":{"rendered":"https:\/\/www.greenpeace.org\/luxembourg\/?page_id=490"},"modified":"2026-04-08T11:01:54","modified_gmt":"2026-04-08T09:01:54","slug":"politique-de-dons","status":"publish","type":"page","link":"https:\/\/www.greenpeace.org\/luxembourg\/fr\/politique-de-dons\/","title":{"rendered":"Politique de dons"},"content":{"rendered":"\n                    <div class=\"wp-block-group is-vertical is-layout-flex wp-container-core-group-is-layout-8cf370e7 wp-block-group-is-layout-flex\">\n                    \n                                <p>Faire un don est tr\u00e8s avantageux : selon la loi en vigueur, vos dons sont d\u00e9ductibles fiscalement jusqu\u2019\u00e0 concurrence de 20% du revenu imposable et dans la mesure o\u00f9 la somme des dons vers\u00e9s au cours d\u2019une ann\u00e9e d\u00e9passe 120\u20ac (dons cumulables). <a href=\"https:\/\/impotsdirects.public.lu\/fr\/az\/l\/libera_dons.html#releve\">Pour en savoir plus<\/a>.\r\nEn d\u00e9but d\u2019ann\u00e9e, une attestation fiscale vous sera d\u00e9livr\u00e9e comptabilisant l\u2019ensemble de vos dons de l\u2019ann\u00e9e \u00e9coul\u00e9e (r\u00e9guliers et ponctuels).\r\n\r\n<strong>Dons transfrontaliers : mon don depuis la France, la Belgique ou l\u2019Allemagne.<\/strong>\r\n\r\nDes personnes \u00e9trang\u00e8res travaillant ou personnes \u00e9trang\u00e8res ayant un lien avec le Luxembourg peuvent \u00e9galement b\u00e9n\u00e9ficier de la d\u00e9ductibilit\u00e9 fiscale des dons effectu\u00e9s au Luxembourg dans le cadre fiscal de leur pays. <a href=\"https:\/\/www.greenpeace.org\/luxembourg\/fr\/contact\/\">Contactez-nous<\/a> pour en savoir plus.<\/p>\n                            \n\n                    \n                            <div class=\"wp-block-buttons is-layout-flex wp-block-buttons-is-layout-flex\">\n                            <div class=\"wp-block-button\">\n                                <a class=\"wp-block-button__link wp-element-button\" href=\"https:\/\/www.greenpeace.org\/luxembourg\/fr\/transparence-financiere\/\" target=\"\" rel=\"noreferrer noopener\">\n                                    Transparence financi\u00e8re\n                                <\/a>\n                            <\/div>\n                            <\/div>\n                            \n                    <\/div>\n                    \n        <div class=\"wp-block-query actions-list p4-query-loop is-custom-layout-actions-list is-custom-layout-grid is-layout-grid wp-container-core-query-is-layout-29f43435 wp-block-query-is-layout-grid\"><h2 class=\"wp-block-heading\"><\/h2>\n        <p style=\"margin-top: 24px; margin-bottom: 32px;\"><\/p>\n        <div class=\"wp-block-query-no-results\">\n        <p >No posts found.<\/p>\n        <\/div>\n        \n        \n<div class=\"wp-block-buttons carousel-controls is-horizontal is-content-justification-space-between is-nowrap is-layout-flex wp-container-core-buttons-is-layout-044bd602 wp-block-buttons-is-layout-flex\">\n            <div class=\"wp-block-button carousel-control-prev\"><button type=\"button\" class=\"wp-block-button__link wp-element-button\">Prev<\/button><\/div>\n        \n\n            <div class=\"wp-block-button carousel-control-next\"><button type=\"button\" class=\"wp-block-button__link wp-element-button\">Next<\/button><\/div>\n        <\/div>\n\n        \n<div class=\"wp-block-buttons load-more-actions-container is-content-justification-center is-layout-flex wp-container-core-buttons-is-layout-16018d1d wp-block-buttons-is-layout-flex\">\n                <div class=\"wp-block-button is-style-secondary\"><button type=\"button\" class=\"wp-block-button__link wp-element-button\">Load more<\/button><\/div>\n            \n<\/div>\n<\/div>\n        <p>Besoin d&#8217;informations avant d&#8217;apporter votre soutien \u00e0 Greenpeace ? Notre service adh\u00e9rent attend vos questions en semaine de 9h \u00e0 17h au 54 62 52 29. Vous pouvez \u00e9galement nous joindre sur <a href=\"mailto:membres.lu@greenpeace.org\">membres.lu@greenpeace.org<\/a>.<\/p>\n<div data-render=\"planet4-blocks\/columns\" data-attributes=\"{&quot;attributes&quot;:{&quot;columns_block_style&quot;:&quot;icons&quot;,&quot;columns_title&quot;:&quot;Les dons m\\u00e8nent \\u00e0 l&#039;action&quot;,&quot;columns&quot;:[{&quot;attachment&quot;:&quot;https:\\\/\\\/www.greenpeace.org\\\/static\\\/planet4-luxembourg-stateless\\\/2018\\\/09\\\/ee5d7a97-nature-icon.png&quot;,&quot;title&quot;:&quot;Nature&quot;,&quot;description&quot;:&quot;Prot\\u00e9ger la nature, dans son ensemble, c\\u2019est prot\\u00e9ger les oc\\u00e9ans, la flore, la faune, la biodiversit\\u00e9, contre les activit\\u00e9s humaines telles que la surp\\u00eache, la d\\u00e9forestation et les monocultures. Gr\\u00e2ce \\u00e0 vos dons, c\\u2019est possible !&quot;,&quot;cta_text&quot;:&quot;Notre vision&quot;,&quot;cta_link&quot;:&quot;\\\/luxembourg\\\/fr\\\/sinformer\\\/nature\\\/&quot;,&quot;attachment_srcset&quot;:false},{&quot;attachment&quot;:&quot;https:\\\/\\\/www.greenpeace.org\\\/static\\\/planet4-luxembourg-stateless\\\/2018\\\/09\\\/a8c099b5-energy-icon.png&quot;,&quot;title&quot;:&quot;\\u00c9nergie&quot;,&quot;description&quot;:&quot;Nucl\\u00e9aire, gaz, p\\u00e9trole\\u2026 ces \\u00e9nergies d\\u2019un autre temps sont dangereuses ou polluantes, voire les deux. \\u2026 gr\\u00e2ce \\u00e0 vos dons, nous intervenons aupr\\u00e8s des gouvernements et de l\\u2019opinion publique pour encourager une transition \\u00e9nerg\\u00e9tique&quot;,&quot;cta_text&quot;:&quot;Notre vision&quot;,&quot;cta_link&quot;:&quot;\\\/luxembourg\\\/fr\\\/sinformer\\\/energie\\\/&quot;,&quot;attachment_srcset&quot;:false},{&quot;attachment&quot;:&quot;https:\\\/\\\/www.greenpeace.org\\\/static\\\/planet4-luxembourg-stateless\\\/2018\\\/09\\\/552989a5-climate-icon.png&quot;,&quot;title&quot;:&quot;Climat&quot;,&quot;description&quot;:&quot;Lutter contre les d\\u00e9r\\u00e8glements climatiques : c&#039;est un d\\u00e9fi essentiel que nous proposons de relever. Et nous comptons sur votre soutien pour renforcer nos actions.&quot;,&quot;cta_text&quot;:&quot;Notre vision&quot;,&quot;cta_link&quot;:&quot;\\\/luxembourg\\\/fr\\\/sinformer\\\/climat\\\/&quot;,&quot;attachment_srcset&quot;:false}],&quot;className&quot;:&quot;is-style-icons&quot;}}\"><\/div>","protected":false},"excerpt":{"rendered":"<p>Faire un don est tr\u00e8s avantageux : selon la loi en vigueur, vos dons sont d\u00e9ductibles fiscalement jusqu\u2019\u00e0 concurrence de 20% du revenu imposable et dans la mesure o\u00f9 la somme des dons vers\u00e9s au cours d\u2019une ann\u00e9e d\u00e9passe 120\u20ac (dons cumulables). Pour en savoir plus. En d\u00e9but d\u2019ann\u00e9e, une attestation fiscale vous sera d\u00e9livr\u00e9e [&hellip;]<\/p>\n","protected":false},"author":16,"featured_media":491,"parent":0,"menu_order":0,"comment_status":"closed","ping_status":"closed","template":"","meta":{"ep_exclude_from_search":false,"p4_hide_page_title_checkbox":"","p4_title":"","p4_subtitle":"","p4_description":"","background_image_id":"","background_image":"","p4_button_title":"","p4_button_link":"","p4_button_link_checkbox":"","p4_og_title":"","p4_og_description":"","p4_og_image":"","p4_og_image_id":"","p4_seo_canonical_url":"","p4_campaign_name":"not set","p4_local_project":"not set","p4_basket_name":"not set","p4_department":"","footnotes":""},"categories":[17],"tags":[],"class_list":["post-490","page","type-page","status-publish","has-post-thumbnail","hentry","category-greenpeace"],"yoast_head":"<!-- This site is optimized with the Yoast SEO Premium plugin v23.9 (Yoast SEO v23.9) - https:\/\/yoast.com\/wordpress\/plugins\/seo\/ -->\n<title>Politique de dons - Greenpeace Luxembourg<\/title>\n<meta name=\"robots\" content=\"index, follow, max-snippet:-1, max-image-preview:large, max-video-preview:-1\" \/>\n<link rel=\"canonical\" href=\"http:\/\/www.greenpeace.org\/luxembourg\/fr\/politique-de-dons\/\" \/>\n<meta property=\"og:locale\" content=\"fr_FR\" \/>\n<meta property=\"og:type\" content=\"article\" \/>\n<meta property=\"og:title\" content=\"Politique de dons\" \/>\n<meta property=\"og:description\" content=\"Faire un don est tr\u00e8s avantageux : selon la loi en vigueur, vos dons sont d\u00e9ductibles fiscalement jusqu\u2019\u00e0 concurrence de 20% du revenu imposable et dans la mesure o\u00f9 la somme des dons vers\u00e9s au cours d\u2019une ann\u00e9e d\u00e9passe 120\u20ac (dons cumulables). Pour en savoir plus. En d\u00e9but d\u2019ann\u00e9e, une attestation fiscale vous sera d\u00e9livr\u00e9e [&hellip;]\" \/>\n<meta property=\"og:url\" content=\"http:\/\/www.greenpeace.org\/luxembourg\/fr\/politique-de-dons\/\" \/>\n<meta property=\"og:site_name\" content=\"Greenpeace Luxembourg\" \/>\n<meta property=\"article:publisher\" content=\"https:\/\/www.facebook.com\/greenpeaceluxembourg\" \/>\n<meta property=\"article:modified_time\" content=\"2026-04-08T09:01:54+00:00\" \/>\n<meta property=\"og:image\" content=\"https:\/\/www.greenpeace.org\/static\/planet4-luxembourg-stateless\/2018\/09\/78b91cbf-gp0stphve_medium_res.jpg\" \/>\n\t<meta property=\"og:image:width\" content=\"1200\" \/>\n\t<meta property=\"og:image:height\" content=\"800\" \/>\n\t<meta property=\"og:image:type\" content=\"image\/jpeg\" \/>\n<meta name=\"twitter:card\" content=\"summary_large_image\" \/>\n<meta name=\"twitter:label1\" content=\"Est. reading time\" \/>\n\t<meta name=\"twitter:data1\" content=\"1 minute\" \/>\n<script type=\"application\/ld+json\" class=\"yoast-schema-graph\">{\"@context\":\"https:\/\/schema.org\",\"@graph\":[{\"@type\":\"WebPage\",\"@id\":\"http:\/\/www.greenpeace.org\/luxembourg\/fr\/politique-de-dons\/\",\"url\":\"http:\/\/www.greenpeace.org\/luxembourg\/fr\/politique-de-dons\/\",\"name\":\"Politique de dons - Greenpeace Luxembourg\",\"isPartOf\":{\"@id\":\"https:\/\/www.greenpeace.org\/luxembourg\/fr\/#website\"},\"primaryImageOfPage\":{\"@id\":\"http:\/\/www.greenpeace.org\/luxembourg\/fr\/politique-de-dons\/#primaryimage\"},\"image\":{\"@id\":\"http:\/\/www.greenpeace.org\/luxembourg\/fr\/politique-de-dons\/#primaryimage\"},\"thumbnailUrl\":\"https:\/\/www.greenpeace.org\/static\/planet4-luxembourg-stateless\/2018\/09\/78b91cbf-gp0stphve_medium_res.jpg\",\"datePublished\":\"2018-09-17T11:17:08+00:00\",\"dateModified\":\"2026-04-08T09:01:54+00:00\",\"breadcrumb\":{\"@id\":\"http:\/\/www.greenpeace.org\/luxembourg\/fr\/politique-de-dons\/#breadcrumb\"},\"inLanguage\":\"fr-LU\",\"potentialAction\":[{\"@type\":\"ReadAction\",\"target\":[\"http:\/\/www.greenpeace.org\/luxembourg\/fr\/politique-de-dons\/\"]}]},{\"@type\":\"ImageObject\",\"inLanguage\":\"fr-LU\",\"@id\":\"http:\/\/www.greenpeace.org\/luxembourg\/fr\/politique-de-dons\/#primaryimage\",\"url\":\"https:\/\/www.greenpeace.org\/static\/planet4-luxembourg-stateless\/2018\/09\/78b91cbf-gp0stphve_medium_res.jpg\",\"contentUrl\":\"https:\/\/www.greenpeace.org\/static\/planet4-luxembourg-stateless\/2018\/09\/78b91cbf-gp0stphve_medium_res.jpg\",\"width\":1200,\"height\":800,\"caption\":\"The Medecins Sans Frontiers (MSF) and Greenpeace crew are making sure that people who are risking their lives on the dangerous sea crossing between Turkey and Greece, arrive safely at shore. MSF and Greenpeace conduct joint sea operations to provide assistance at sea to boats in distress off the coast of Lesbos island in Greece, in coordination with and in support of the Greek Coast Guard.\"},{\"@type\":\"BreadcrumbList\",\"@id\":\"http:\/\/www.greenpeace.org\/luxembourg\/fr\/politique-de-dons\/#breadcrumb\",\"itemListElement\":[{\"@type\":\"ListItem\",\"position\":1,\"name\":\"Home\",\"item\":\"https:\/\/www.greenpeace.org\/luxembourg\/fr\/\"},{\"@type\":\"ListItem\",\"position\":2,\"name\":\"Politique de dons\"}]},{\"@type\":\"WebSite\",\"@id\":\"https:\/\/www.greenpeace.org\/luxembourg\/fr\/#website\",\"url\":\"https:\/\/www.greenpeace.org\/luxembourg\/fr\/\",\"name\":\"Greenpeace Luxembourg\",\"description\":\"Greenpeace existe parce que cette Terre fragile a besoin d&#039;une voix. Elle a besoin de solutions. De changement. D&#039;actions.\",\"publisher\":{\"@id\":\"https:\/\/www.greenpeace.org\/luxembourg\/fr\/#organization\"},\"potentialAction\":[{\"@type\":\"SearchAction\",\"target\":{\"@type\":\"EntryPoint\",\"urlTemplate\":\"https:\/\/www.greenpeace.org\/luxembourg\/fr\/?s={search_term_string}\"},\"query-input\":{\"@type\":\"PropertyValueSpecification\",\"valueRequired\":true,\"valueName\":\"search_term_string\"}}],\"inLanguage\":\"fr-LU\"},{\"@type\":\"Organization\",\"@id\":\"https:\/\/www.greenpeace.org\/luxembourg\/fr\/#organization\",\"name\":\"Greenpeace Luxembourg\",\"url\":\"https:\/\/www.greenpeace.org\/luxembourg\/fr\/\",\"logo\":{\"@type\":\"ImageObject\",\"inLanguage\":\"fr-LU\",\"@id\":\"https:\/\/www.greenpeace.org\/luxembourg\/fr\/#\/schema\/logo\/image\/\",\"url\":\"https:\/\/www.greenpeace.org\/static\/planet4-luxembourg-stateless\/2026\/03\/3e367f94-greenpeace_logo_green_rgb.png\",\"contentUrl\":\"https:\/\/www.greenpeace.org\/static\/planet4-luxembourg-stateless\/2026\/03\/3e367f94-greenpeace_logo_green_rgb.png\",\"width\":1080,\"height\":175,\"caption\":\"Greenpeace Luxembourg\"},\"image\":{\"@id\":\"https:\/\/www.greenpeace.org\/luxembourg\/fr\/#\/schema\/logo\/image\/\"},\"sameAs\":[\"https:\/\/www.facebook.com\/greenpeaceluxembourg\",\"https:\/\/www.instagram.com\/greenpeacelux\/\",\"https:\/\/www.linkedin.com\/company\/greenpeace-luxembourg\/\",\"https:\/\/www.threads.com\/@greenpeacelux\",\"https:\/\/bsky.app\/profile\/greenpeacelux.bsky.social\",\"https:\/\/www.youtube.com\/@GreenpeaceLux\",\"https:\/\/www.tiktok.com\/@greenpeace_lux\"]}]}<\/script>\n<!-- \/ Yoast SEO Premium plugin. -->","yoast_head_json":{"title":"Politique de dons - Greenpeace Luxembourg","robots":{"index":"index","follow":"follow","max-snippet":"max-snippet:-1","max-image-preview":"max-image-preview:large","max-video-preview":"max-video-preview:-1"},"canonical":"http:\/\/www.greenpeace.org\/luxembourg\/fr\/politique-de-dons\/","og_locale":"fr_FR","og_type":"article","og_title":"Politique de dons","og_description":"Faire un don est tr\u00e8s avantageux : selon la loi en vigueur, vos dons sont d\u00e9ductibles fiscalement jusqu\u2019\u00e0 concurrence de 20% du revenu imposable et dans la mesure o\u00f9 la somme des dons vers\u00e9s au cours d\u2019une ann\u00e9e d\u00e9passe 120\u20ac (dons cumulables). Pour en savoir plus. En d\u00e9but d\u2019ann\u00e9e, une attestation fiscale vous sera d\u00e9livr\u00e9e [&hellip;]","og_url":"http:\/\/www.greenpeace.org\/luxembourg\/fr\/politique-de-dons\/","og_site_name":"Greenpeace Luxembourg","article_publisher":"https:\/\/www.facebook.com\/greenpeaceluxembourg","article_modified_time":"2026-04-08T09:01:54+00:00","og_image":[{"width":1200,"height":800,"url":"https:\/\/www.greenpeace.org\/static\/planet4-luxembourg-stateless\/2018\/09\/78b91cbf-gp0stphve_medium_res.jpg","type":"image\/jpeg"}],"twitter_card":"summary_large_image","twitter_misc":{"Est. reading time":"1 minute"},"schema":{"@context":"https:\/\/schema.org","@graph":[{"@type":"WebPage","@id":"http:\/\/www.greenpeace.org\/luxembourg\/fr\/politique-de-dons\/","url":"http:\/\/www.greenpeace.org\/luxembourg\/fr\/politique-de-dons\/","name":"Politique de dons - Greenpeace Luxembourg","isPartOf":{"@id":"https:\/\/www.greenpeace.org\/luxembourg\/fr\/#website"},"primaryImageOfPage":{"@id":"http:\/\/www.greenpeace.org\/luxembourg\/fr\/politique-de-dons\/#primaryimage"},"image":{"@id":"http:\/\/www.greenpeace.org\/luxembourg\/fr\/politique-de-dons\/#primaryimage"},"thumbnailUrl":"https:\/\/www.greenpeace.org\/static\/planet4-luxembourg-stateless\/2018\/09\/78b91cbf-gp0stphve_medium_res.jpg","datePublished":"2018-09-17T11:17:08+00:00","dateModified":"2026-04-08T09:01:54+00:00","breadcrumb":{"@id":"http:\/\/www.greenpeace.org\/luxembourg\/fr\/politique-de-dons\/#breadcrumb"},"inLanguage":"fr-LU","potentialAction":[{"@type":"ReadAction","target":["http:\/\/www.greenpeace.org\/luxembourg\/fr\/politique-de-dons\/"]}]},{"@type":"ImageObject","inLanguage":"fr-LU","@id":"http:\/\/www.greenpeace.org\/luxembourg\/fr\/politique-de-dons\/#primaryimage","url":"https:\/\/www.greenpeace.org\/static\/planet4-luxembourg-stateless\/2018\/09\/78b91cbf-gp0stphve_medium_res.jpg","contentUrl":"https:\/\/www.greenpeace.org\/static\/planet4-luxembourg-stateless\/2018\/09\/78b91cbf-gp0stphve_medium_res.jpg","width":1200,"height":800,"caption":"The Medecins Sans Frontiers (MSF) and Greenpeace crew are making sure that people who are risking their lives on the dangerous sea crossing between Turkey and Greece, arrive safely at shore. MSF and Greenpeace conduct joint sea operations to provide assistance at sea to boats in distress off the coast of Lesbos island in Greece, in coordination with and in support of the Greek Coast Guard."},{"@type":"BreadcrumbList","@id":"http:\/\/www.greenpeace.org\/luxembourg\/fr\/politique-de-dons\/#breadcrumb","itemListElement":[{"@type":"ListItem","position":1,"name":"Home","item":"https:\/\/www.greenpeace.org\/luxembourg\/fr\/"},{"@type":"ListItem","position":2,"name":"Politique de dons"}]},{"@type":"WebSite","@id":"https:\/\/www.greenpeace.org\/luxembourg\/fr\/#website","url":"https:\/\/www.greenpeace.org\/luxembourg\/fr\/","name":"Greenpeace Luxembourg","description":"Greenpeace existe parce que cette Terre fragile a besoin d&#039;une voix. Elle a besoin de solutions. De changement. D&#039;actions.","publisher":{"@id":"https:\/\/www.greenpeace.org\/luxembourg\/fr\/#organization"},"potentialAction":[{"@type":"SearchAction","target":{"@type":"EntryPoint","urlTemplate":"https:\/\/www.greenpeace.org\/luxembourg\/fr\/?s={search_term_string}"},"query-input":{"@type":"PropertyValueSpecification","valueRequired":true,"valueName":"search_term_string"}}],"inLanguage":"fr-LU"},{"@type":"Organization","@id":"https:\/\/www.greenpeace.org\/luxembourg\/fr\/#organization","name":"Greenpeace Luxembourg","url":"https:\/\/www.greenpeace.org\/luxembourg\/fr\/","logo":{"@type":"ImageObject","inLanguage":"fr-LU","@id":"https:\/\/www.greenpeace.org\/luxembourg\/fr\/#\/schema\/logo\/image\/","url":"https:\/\/www.greenpeace.org\/static\/planet4-luxembourg-stateless\/2026\/03\/3e367f94-greenpeace_logo_green_rgb.png","contentUrl":"https:\/\/www.greenpeace.org\/static\/planet4-luxembourg-stateless\/2026\/03\/3e367f94-greenpeace_logo_green_rgb.png","width":1080,"height":175,"caption":"Greenpeace Luxembourg"},"image":{"@id":"https:\/\/www.greenpeace.org\/luxembourg\/fr\/#\/schema\/logo\/image\/"},"sameAs":["https:\/\/www.facebook.com\/greenpeaceluxembourg","https:\/\/www.instagram.com\/greenpeacelux\/","https:\/\/www.linkedin.com\/company\/greenpeace-luxembourg\/","https:\/\/www.threads.com\/@greenpeacelux","https:\/\/bsky.app\/profile\/greenpeacelux.bsky.social","https:\/\/www.youtube.com\/@GreenpeaceLux","https:\/\/www.tiktok.com\/@greenpeace_lux"]}]}},"_links":{"self":[{"href":"https:\/\/www.greenpeace.org\/luxembourg\/fr\/wp-json\/wp\/v2\/pages\/490","targetHints":{"allow":["GET"]}}],"collection":[{"href":"https:\/\/www.greenpeace.org\/luxembourg\/fr\/wp-json\/wp\/v2\/pages"}],"about":[{"href":"https:\/\/www.greenpeace.org\/luxembourg\/fr\/wp-json\/wp\/v2\/types\/page"}],"author":[{"embeddable":true,"href":"https:\/\/www.greenpeace.org\/luxembourg\/fr\/wp-json\/wp\/v2\/users\/16"}],"replies":[{"embeddable":true,"href":"https:\/\/www.greenpeace.org\/luxembourg\/fr\/wp-json\/wp\/v2\/comments?post=490"}],"version-history":[{"count":14,"href":"https:\/\/www.greenpeace.org\/luxembourg\/fr\/wp-json\/wp\/v2\/pages\/490\/revisions"}],"predecessor-version":[{"id":27881,"href":"https:\/\/www.greenpeace.org\/luxembourg\/fr\/wp-json\/wp\/v2\/pages\/490\/revisions\/27881"}],"wp:featuredmedia":[{"embeddable":true,"href":"https:\/\/www.greenpeace.org\/luxembourg\/fr\/wp-json\/wp\/v2\/media\/491"}],"wp:attachment":[{"href":"https:\/\/www.greenpeace.org\/luxembourg\/fr\/wp-json\/wp\/v2\/media?parent=490"}],"wp:term":[{"taxonomy":"category","embeddable":true,"href":"https:\/\/www.greenpeace.org\/luxembourg\/fr\/wp-json\/wp\/v2\/categories?post=490"},{"taxonomy":"post_tag","embeddable":true,"href":"https:\/\/www.greenpeace.org\/luxembourg\/fr\/wp-json\/wp\/v2\/tags?post=490"}],"curies":[{"name":"wp","href":"https:\/\/api.w.org\/{rel}","templated":true}]}}