{"id":495,"date":"2018-09-17T11:22:57","date_gmt":"2018-09-17T11:22:57","guid":{"rendered":"https:\/\/www.greenpeace.org\/luxembourg\/?page_id=495"},"modified":"2026-02-23T17:59:08","modified_gmt":"2026-02-23T15:59:08","slug":"emplois","status":"publish","type":"page","link":"https:\/\/www.greenpeace.org\/luxembourg\/fr\/emplois\/","title":{"rendered":"Emplois"},"content":{"rendered":"\n\n<div class=\"wp-block-group alignfull is-layout-flow wp-block-group-is-layout-flow\">\n<div class=\"wp-block-group container is-layout-flow wp-block-group-is-layout-flow\">\n<div class=\"wp-block-media-text alignfull has-media-on-the-right is-stacked-on-mobile is-pattern-p4-page-header is-style-parallax\"><div class=\"wp-block-media-text__content\">\n<div class=\"wp-block-group is-layout-flow wp-block-group-is-layout-flow\">\n<h1 class=\"wp-block-heading has-white-background-color has-background\">\n                            Travailler pour Greenpeace\n                        <\/h1>\n<\/div>\n\n\n\n<p style=\"font-size:1.25rem\">\n                            Nous recherchons des personnes partageant les valeurs de Greenpeace, aux faits des probl\u00e9matiques environnementales et d\u00e9sireuses d\u2019aider \u00e0 la mise en oeuvre d\u2019actions non-violentes visant \u00e0 prot\u00e9ger notre plan\u00e8te.&nbsp;\n                        <\/p>\n<\/div><figure class=\"wp-block-media-text__media\"><img loading=\"lazy\" decoding=\"async\" width=\"1200\" height=\"800\" src=\"https:\/\/www.greenpeace.org\/static\/planet4-luxembourg-stateless\/2018\/09\/9860ac76-gp0stq488_medium_res.jpg\" alt=\"\" sizes=\"auto, (min-width: 601px) 50vw, 100vw\" srcset=\"https:\/\/www.greenpeace.org\/static\/planet4-luxembourg-stateless\/2018\/09\/9860ac76-gp0stq488_medium_res.jpg 1200w, https:\/\/www.greenpeace.org\/static\/planet4-luxembourg-stateless\/2018\/09\/9860ac76-gp0stq488_medium_res-300x200.jpg 300w, https:\/\/www.greenpeace.org\/static\/planet4-luxembourg-stateless\/2018\/09\/9860ac76-gp0stq488_medium_res-768x512.jpg 768w, https:\/\/www.greenpeace.org\/static\/planet4-luxembourg-stateless\/2018\/09\/9860ac76-gp0stq488_medium_res-1024x683.jpg 1024w, https:\/\/www.greenpeace.org\/static\/planet4-luxembourg-stateless\/2018\/09\/9860ac76-gp0stq488_medium_res-510x340.jpg 510w\" class=\"wp-image-496 size-full\"\/><\/figure><\/div>\n<\/div>\n<\/div>\n\n\n<p>Si aucun poste ou stage n&#8217;apparait ici ou ne correspond pas \u00e0 votre profil, vous pouvez toujours envoyer vos candidatures spontan\u00e9es \u00e0 Greenpeace Luxembourg (<a href=\"mailto:contact.luxembourg@greenpeace.org\"><strong><em>contact<\/em>.<em>luxembourg<\/em>@<em>greenpeace<\/em>.<em>org<\/em><\/strong><\/a>)<\/p>\n\n<div class=\"wp-block-query posts-list p4-query-loop is-custom-layout-list is-layout-flow wp-block-query-is-layout-flow\">\n<div class=\"wp-block-group is-content-justification-space-between is-layout-flex wp-container-core-group-is-layout-3d213aab wp-block-group-is-layout-flex\">\n<h2 class=\"wp-block-heading\">Les offres d&#8217;emploi<\/h2>\n\n\n<li class=\" wp-block-navigation-item see-all-link wp-block-navigation-link\"><a class=\"wp-block-navigation-item__content\"  href=\"https:\/\/www.greenpeace.org\/luxembourg\/fr\/news-stories\/\"><span class=\"wp-block-navigation-item__label\">See all posts<\/span><\/a><\/li><\/div>\n\n\n\n<div style=\"height:10px\" aria-hidden=\"true\" class=\"wp-block-spacer\"><\/div>\n\n\n\n<div class=\"wp-block-media-text is-stacked-on-mobile\"><figure class=\"wp-block-media-text__media\"><img loading=\"lazy\" decoding=\"async\" width=\"1024\" height=\"683\" src=\"https:\/\/www.greenpeace.org\/static\/planet4-luxembourg-stateless\/2026\/02\/26d1c510-gp0su80ev_medium-res-1200px-1024x683.jpg\" alt=\"\" sizes=\"auto, (min-width: 1600px) calc((1320px - 24px) \/ 2),(min-width: 1200px) calc((1140px - 24px) \/ 2),(min-width: 992px) calc((960px - 24px) \/ 2),(min-width: 768px) calc((720px - 24px) \/ 2),(min-width: 601px) calc((540px - 24px) \/ 2),(min-width: 577px) calc((540px - 24px) \/ 1), calc(100vw - 24px)\" srcset=\"https:\/\/www.greenpeace.org\/static\/planet4-luxembourg-stateless\/2026\/02\/26d1c510-gp0su80ev_medium-res-1200px.jpg 1200w, https:\/\/www.greenpeace.org\/static\/planet4-luxembourg-stateless\/2026\/02\/26d1c510-gp0su80ev_medium-res-1200px-300x200.jpg 300w, https:\/\/www.greenpeace.org\/static\/planet4-luxembourg-stateless\/2026\/02\/26d1c510-gp0su80ev_medium-res-1200px-1024x683.jpg 1024w, https:\/\/www.greenpeace.org\/static\/planet4-luxembourg-stateless\/2026\/02\/26d1c510-gp0su80ev_medium-res-1200px-768x512.jpg 768w, https:\/\/www.greenpeace.org\/static\/planet4-luxembourg-stateless\/2026\/02\/26d1c510-gp0su80ev_medium-res-1200px-510x340.jpg 510w\" class=\"wp-image-27043 size-full\"\/><\/figure><div class=\"wp-block-media-text__content\">\n<div class=\"wp-block-group is-layout-flex wp-block-group-is-layout-flex\">\n\n<div class=\"taxonomy-post_tag wp-block-post-terms\"><a href=\"https:\/\/www.greenpeace.org\/luxembourg\/de\/tag\/greenpeace-de\/\" rel=\"tag\">Greenpeace<\/a><span class=\"wp-block-post-terms__separator\"> <\/span><a href=\"https:\/\/www.greenpeace.org\/luxembourg\/de\/tag\/jobs\/\" rel=\"tag\">Jobs<\/a><\/div><\/div>\n\n\n\n<h3 class=\"wp-block-heading\"><a href=\"https:\/\/www.greenpeace.org\/luxembourg\/fr\/emploi\/27041\/greenpeace-recrute-des-stagiaires-benevoles-au-sein-du-departement-mobilisation\/?_gl=1*1g37njl*_up*MQ..*_ga*OTg1MDgxMjUzLjE3NzE4NjE3OTg.*_ga_99CSX66YC1*czE3NzE4NjE3OTckbzEkZzAkdDE3NzE4NjE3OTckajYwJGwwJGgw*_ga_0CCB1GTVV6*czE3NzE4NjE3OTckbzEkZzAkdDE3NzE4NjE3OTckajYwJGwwJGgw*_ga_JESYMNQX1J*czE3NzE4NjE3OTckbzEkZzAkdDE3NzE4NjE3OTckajYwJGwwJGgw\">Greenpeace recrute des stagiaires &amp; b\u00e9n\u00e9voles au sein du d\u00e9partement Mobilisation<\/a><\/h3>\n\n\n\n<p>Tu veux d\u00e9fendre activement la plan\u00e8te ? Et si tu rejoignais l\u2019\u00e9quipe salari\u00e9e de Greenpeace Luxembourg !<\/p>\n<\/div><\/div>\n\n\n\n<div class=\"wp-block-media-text has-media-on-the-right is-stacked-on-mobile\"><div class=\"wp-block-media-text__content\">\n<div class=\"wp-block-group is-layout-flex wp-block-group-is-layout-flex\">\n\n<div class=\"taxonomy-post_tag wp-block-post-terms\"><a href=\"https:\/\/www.greenpeace.org\/luxembourg\/de\/tag\/greenpeace-de\/\" rel=\"tag\">Greenpeace<\/a><span class=\"wp-block-post-terms__separator\"> <\/span><a href=\"https:\/\/www.greenpeace.org\/luxembourg\/de\/tag\/jobs\/\" rel=\"tag\">Jobs<\/a><\/div><\/div>\n\n\n\n<h3 class=\"wp-block-heading\"><a href=\"https:\/\/www.greenpeace.org\/luxembourg\/fr\/emploi\/27024\/greenpeace-recrute-un%c2%b7e-charge%c2%b7e-de-gestion-de-projet-coordination-famille-communication-cdd\/?_gl=1*f8s1sf*_up*MQ..*_ga*MjAzNDAyMzMxOS4xNzcxODYxOTA4*_ga_99CSX66YC1*czE3NzE4NjE5MDckbzEkZzAkdDE3NzE4NjE5MDckajYwJGwwJGgw*_ga_0CCB1GTVV6*czE3NzE4NjE5MDckbzEkZzAkdDE3NzE4NjE5MDckajYwJGwwJGgw*_ga_JESYMNQX1J*czE3NzE4NjE5MDckbzEkZzAkdDE3NzE4NjE5MDckajYwJGwwJGgw\">Greenpeace recrute un\u00b7e Charg\u00e9\u00b7e de gestion de projet &amp; coordination Famille \/ Communication (CDD)<\/a><\/h3>\n\n\n\n<p>Dans le cadre du programme Famille \/ PAF, nous recherchons un\u00b7e Charg\u00e9\u00b7e de gestion de projet &amp; coordination \u00e0 temps partiel (24h\/semaine) pour assurer la coordination op\u00e9rationnelle, \u00e9ditoriale et communicationnelle\u2026<\/p>\n<\/div><figure class=\"wp-block-media-text__media\"><img loading=\"lazy\" decoding=\"async\" width=\"1024\" height=\"684\" src=\"https:\/\/www.greenpeace.org\/static\/planet4-luxembourg-stateless\/2026\/02\/68381e85-gp0stq1rg_medium-res-1200px-1024x684.jpg\" alt=\"\" sizes=\"auto, (min-width: 1600px) calc((1320px - 24px) \/ 2),(min-width: 1200px) calc((1140px - 24px) \/ 2),(min-width: 992px) calc((960px - 24px) \/ 2),(min-width: 768px) calc((720px - 24px) \/ 2),(min-width: 601px) calc((540px - 24px) \/ 2),(min-width: 577px) calc((540px - 24px) \/ 1), calc(100vw - 24px)\" srcset=\"https:\/\/www.greenpeace.org\/static\/planet4-luxembourg-stateless\/2026\/02\/68381e85-gp0stq1rg_medium-res-1200px.jpg 1200w, https:\/\/www.greenpeace.org\/static\/planet4-luxembourg-stateless\/2026\/02\/68381e85-gp0stq1rg_medium-res-1200px-300x201.jpg 300w, https:\/\/www.greenpeace.org\/static\/planet4-luxembourg-stateless\/2026\/02\/68381e85-gp0stq1rg_medium-res-1200px-1024x684.jpg 1024w, https:\/\/www.greenpeace.org\/static\/planet4-luxembourg-stateless\/2026\/02\/68381e85-gp0stq1rg_medium-res-1200px-768x513.jpg 768w, https:\/\/www.greenpeace.org\/static\/planet4-luxembourg-stateless\/2026\/02\/68381e85-gp0stq1rg_medium-res-1200px-510x340.jpg 510w\" class=\"wp-image-27029 size-full\"\/><\/figure><\/div>\n\n\n\n<div class=\"wp-block-media-text is-stacked-on-mobile\"><figure class=\"wp-block-media-text__media\"><img loading=\"lazy\" decoding=\"async\" width=\"1024\" height=\"683\" src=\"https:\/\/www.greenpeace.org\/static\/planet4-luxembourg-stateless\/2026\/02\/27feec35-gp0sttxm9_medium-res-1200px-1024x683.jpg\" alt=\"\" sizes=\"auto, (min-width: 1600px) calc((1320px - 24px) \/ 2),(min-width: 1200px) calc((1140px - 24px) \/ 2),(min-width: 992px) calc((960px - 24px) \/ 2),(min-width: 768px) calc((720px - 24px) \/ 2),(min-width: 601px) calc((540px - 24px) \/ 2),(min-width: 577px) calc((540px - 24px) \/ 1), calc(100vw - 24px)\" srcset=\"https:\/\/www.greenpeace.org\/static\/planet4-luxembourg-stateless\/2026\/02\/27feec35-gp0sttxm9_medium-res-1200px.jpg 1200w, https:\/\/www.greenpeace.org\/static\/planet4-luxembourg-stateless\/2026\/02\/27feec35-gp0sttxm9_medium-res-1200px-300x200.jpg 300w, https:\/\/www.greenpeace.org\/static\/planet4-luxembourg-stateless\/2026\/02\/27feec35-gp0sttxm9_medium-res-1200px-1024x683.jpg 1024w, https:\/\/www.greenpeace.org\/static\/planet4-luxembourg-stateless\/2026\/02\/27feec35-gp0sttxm9_medium-res-1200px-768x512.jpg 768w, https:\/\/www.greenpeace.org\/static\/planet4-luxembourg-stateless\/2026\/02\/27feec35-gp0sttxm9_medium-res-1200px-510x340.jpg 510w\" class=\"wp-image-27017 size-full\"\/><\/figure><div class=\"wp-block-media-text__content\">\n<div class=\"wp-block-group is-layout-flex wp-block-group-is-layout-flex\">\n\n<div class=\"taxonomy-post_tag wp-block-post-terms\"><a href=\"https:\/\/www.greenpeace.org\/luxembourg\/de\/tag\/greenpeace-de\/\" rel=\"tag\">Greenpeace<\/a><span class=\"wp-block-post-terms__separator\"> <\/span><a href=\"https:\/\/www.greenpeace.org\/luxembourg\/de\/tag\/jobs\/\" rel=\"tag\">Jobs<\/a><\/div><\/div>\n\n\n\n<h3 class=\"wp-block-heading\"><a href=\"https:\/\/www.greenpeace.org\/luxembourg\/fr\/emploi\/27016\/greenpeace-luxembourg-recrute-un%c2%b7e-intervenant%c2%b7e-pedagogique-en-classe-cdd\/?_gl=1*2zyqwz*_up*MQ..*_ga*MTk2MjE2NjY0OS4xNzcxODYxOTM1*_ga_99CSX66YC1*czE3NzE4NjE5MzUkbzEkZzAkdDE3NzE4NjE5MzUkajYwJGwwJGgw*_ga_0CCB1GTVV6*czE3NzE4NjE5MzUkbzEkZzAkdDE3NzE4NjE5MzUkajYwJGwwJGgw*_ga_JESYMNQX1J*czE3NzE4NjE5MzUkbzEkZzAkdDE3NzE4NjE5MzUkajYwJGwwJGgw\">Greenpeace Luxembourg recrute un\u00b7e intervenant\u00b7e p\u00e9dagogique en classe (CDD)<\/a><\/h3>\n\n\n\n<p>Tu recherches un CDD qui allie stabilit\u00e9, utilit\u00e9 sociale et contact humain ? Tu as envie de t\u2019investir dans un projet \u00e9ducatif concret, au c\u0153ur des \u00e9coles, tout en contribuant \u00e0\u2026<\/p>\n<\/div><\/div>\n<\/div>\n","protected":false},"excerpt":{"rendered":"<p>Si aucun poste ou stage n&#8217;apparait ici ou ne correspond pas \u00e0 votre profil, vous pouvez toujours envoyer vos candidatures spontan\u00e9es \u00e0 Greenpeace Luxembourg (contact.luxembourg@greenpeace.org)<\/p>\n","protected":false},"author":16,"featured_media":496,"parent":0,"menu_order":0,"comment_status":"closed","ping_status":"closed","template":"","meta":{"ep_exclude_from_search":false,"p4_hide_page_title_checkbox":"on","p4_title":"","p4_subtitle":"","p4_description":"","background_image_id":"","background_image":"","p4_button_title":"","p4_button_link":"","p4_button_link_checkbox":"","p4_og_title":"","p4_og_description":"","p4_og_image":"","p4_og_image_id":"","p4_seo_canonical_url":"","p4_campaign_name":"not set","p4_local_project":"not set","p4_basket_name":"not set","p4_department":"","footnotes":""},"categories":[],"tags":[61,64],"class_list":["post-495","page","type-page","status-publish","has-post-thumbnail","hentry","tag-greenpeace-de","tag-jobs"],"yoast_head":"<!-- This site is optimized with the Yoast SEO Premium plugin v23.9 (Yoast SEO v23.9) - https:\/\/yoast.com\/wordpress\/plugins\/seo\/ -->\n<title>Emplois - Greenpeace Luxembourg<\/title>\n<meta name=\"robots\" content=\"index, follow, max-snippet:-1, max-image-preview:large, max-video-preview:-1\" \/>\n<link rel=\"canonical\" href=\"https:\/\/www.greenpeace.org\/luxembourg\/fr\/emplois\/\" \/>\n<meta property=\"og:locale\" content=\"fr_FR\" \/>\n<meta property=\"og:type\" content=\"article\" \/>\n<meta property=\"og:title\" content=\"Emplois\" \/>\n<meta property=\"og:description\" content=\"Si aucun poste ou stage n&#8217;apparait ici ou ne correspond pas \u00e0 votre profil, vous pouvez toujours envoyer vos candidatures spontan\u00e9es \u00e0 Greenpeace Luxembourg (contact.luxembourg@greenpeace.org)\" \/>\n<meta property=\"og:url\" content=\"https:\/\/www.greenpeace.org\/luxembourg\/fr\/emplois\/\" \/>\n<meta property=\"og:site_name\" content=\"Greenpeace Luxembourg\" \/>\n<meta property=\"article:publisher\" content=\"https:\/\/www.facebook.com\/greenpeaceluxembourg\" \/>\n<meta property=\"article:modified_time\" content=\"2026-02-23T15:59:08+00:00\" \/>\n<meta property=\"og:image\" content=\"https:\/\/www.greenpeace.org\/static\/planet4-luxembourg-stateless\/2018\/09\/9860ac76-gp0stq488_medium_res.jpg\" \/>\n\t<meta property=\"og:image:width\" content=\"1200\" \/>\n\t<meta property=\"og:image:height\" content=\"800\" \/>\n\t<meta property=\"og:image:type\" content=\"image\/jpeg\" \/>\n<meta name=\"twitter:card\" content=\"summary_large_image\" \/>\n<meta name=\"twitter:label1\" content=\"Est. reading time\" \/>\n\t<meta name=\"twitter:data1\" content=\"1 minute\" \/>\n<script type=\"application\/ld+json\" class=\"yoast-schema-graph\">{\"@context\":\"https:\/\/schema.org\",\"@graph\":[{\"@type\":\"WebPage\",\"@id\":\"https:\/\/www.greenpeace.org\/luxembourg\/fr\/emplois\/\",\"url\":\"https:\/\/www.greenpeace.org\/luxembourg\/fr\/emplois\/\",\"name\":\"Emplois - Greenpeace Luxembourg\",\"isPartOf\":{\"@id\":\"https:\/\/www.greenpeace.org\/luxembourg\/fr\/#website\"},\"primaryImageOfPage\":{\"@id\":\"https:\/\/www.greenpeace.org\/luxembourg\/fr\/emplois\/#primaryimage\"},\"image\":{\"@id\":\"https:\/\/www.greenpeace.org\/luxembourg\/fr\/emplois\/#primaryimage\"},\"thumbnailUrl\":\"https:\/\/www.greenpeace.org\/static\/planet4-luxembourg-stateless\/2018\/09\/9860ac76-gp0stq488_medium_res.jpg\",\"datePublished\":\"2018-09-17T11:22:57+00:00\",\"dateModified\":\"2026-02-23T15:59:08+00:00\",\"breadcrumb\":{\"@id\":\"https:\/\/www.greenpeace.org\/luxembourg\/fr\/emplois\/#breadcrumb\"},\"inLanguage\":\"fr-LU\",\"potentialAction\":[{\"@type\":\"ReadAction\",\"target\":[\"https:\/\/www.greenpeace.org\/luxembourg\/fr\/emplois\/\"]}]},{\"@type\":\"ImageObject\",\"inLanguage\":\"fr-LU\",\"@id\":\"https:\/\/www.greenpeace.org\/luxembourg\/fr\/emplois\/#primaryimage\",\"url\":\"https:\/\/www.greenpeace.org\/static\/planet4-luxembourg-stateless\/2018\/09\/9860ac76-gp0stq488_medium_res.jpg\",\"contentUrl\":\"https:\/\/www.greenpeace.org\/static\/planet4-luxembourg-stateless\/2018\/09\/9860ac76-gp0stq488_medium_res.jpg\",\"width\":1200,\"height\":800,\"caption\":\"Launch of the campaign with Greenpeace crew, captain Peter Wilcox and Duygu Kutluay, Greenpeace Mediterranean Renewable Energy Campaigner. Bodrum mayor Mehmet Kocadon is seen standing in the middle. For the first time in Turkey, GP is actively building a campaign around the solution: Solar energy for all which is key for energy independence, safe environment and healthy future for our kids.\"},{\"@type\":\"BreadcrumbList\",\"@id\":\"https:\/\/www.greenpeace.org\/luxembourg\/fr\/emplois\/#breadcrumb\",\"itemListElement\":[{\"@type\":\"ListItem\",\"position\":1,\"name\":\"Home\",\"item\":\"https:\/\/www.greenpeace.org\/luxembourg\/fr\/\"},{\"@type\":\"ListItem\",\"position\":2,\"name\":\"Emplois\"}]},{\"@type\":\"WebSite\",\"@id\":\"https:\/\/www.greenpeace.org\/luxembourg\/fr\/#website\",\"url\":\"https:\/\/www.greenpeace.org\/luxembourg\/fr\/\",\"name\":\"Greenpeace Luxembourg\",\"description\":\"Greenpeace existe parce que cette Terre fragile a besoin d&#039;une voix. Elle a besoin de solutions. De changement. D&#039;actions.\",\"publisher\":{\"@id\":\"https:\/\/www.greenpeace.org\/luxembourg\/fr\/#organization\"},\"potentialAction\":[{\"@type\":\"SearchAction\",\"target\":{\"@type\":\"EntryPoint\",\"urlTemplate\":\"https:\/\/www.greenpeace.org\/luxembourg\/fr\/?s={search_term_string}\"},\"query-input\":{\"@type\":\"PropertyValueSpecification\",\"valueRequired\":true,\"valueName\":\"search_term_string\"}}],\"inLanguage\":\"fr-LU\"},{\"@type\":\"Organization\",\"@id\":\"https:\/\/www.greenpeace.org\/luxembourg\/fr\/#organization\",\"name\":\"Greenpeace Luxembourg\",\"url\":\"https:\/\/www.greenpeace.org\/luxembourg\/fr\/\",\"logo\":{\"@type\":\"ImageObject\",\"inLanguage\":\"fr-LU\",\"@id\":\"https:\/\/www.greenpeace.org\/luxembourg\/fr\/#\/schema\/logo\/image\/\",\"url\":\"https:\/\/www.greenpeace.org\/static\/planet4-luxembourg-stateless\/2026\/03\/3e367f94-greenpeace_logo_green_rgb.png\",\"contentUrl\":\"https:\/\/www.greenpeace.org\/static\/planet4-luxembourg-stateless\/2026\/03\/3e367f94-greenpeace_logo_green_rgb.png\",\"width\":1080,\"height\":175,\"caption\":\"Greenpeace Luxembourg\"},\"image\":{\"@id\":\"https:\/\/www.greenpeace.org\/luxembourg\/fr\/#\/schema\/logo\/image\/\"},\"sameAs\":[\"https:\/\/www.facebook.com\/greenpeaceluxembourg\",\"https:\/\/www.instagram.com\/greenpeacelux\/\",\"https:\/\/www.linkedin.com\/company\/greenpeace-luxembourg\/\",\"https:\/\/www.threads.com\/@greenpeacelux\",\"https:\/\/bsky.app\/profile\/greenpeacelux.bsky.social\",\"https:\/\/www.youtube.com\/@GreenpeaceLux\",\"https:\/\/www.tiktok.com\/@greenpeace_lux\"]}]}<\/script>\n<!-- \/ Yoast SEO Premium plugin. -->","yoast_head_json":{"title":"Emplois - Greenpeace Luxembourg","robots":{"index":"index","follow":"follow","max-snippet":"max-snippet:-1","max-image-preview":"max-image-preview:large","max-video-preview":"max-video-preview:-1"},"canonical":"https:\/\/www.greenpeace.org\/luxembourg\/fr\/emplois\/","og_locale":"fr_FR","og_type":"article","og_title":"Emplois","og_description":"Si aucun poste ou stage n&#8217;apparait ici ou ne correspond pas \u00e0 votre profil, vous pouvez toujours envoyer vos candidatures spontan\u00e9es \u00e0 Greenpeace Luxembourg (contact.luxembourg@greenpeace.org)","og_url":"https:\/\/www.greenpeace.org\/luxembourg\/fr\/emplois\/","og_site_name":"Greenpeace Luxembourg","article_publisher":"https:\/\/www.facebook.com\/greenpeaceluxembourg","article_modified_time":"2026-02-23T15:59:08+00:00","og_image":[{"width":1200,"height":800,"url":"https:\/\/www.greenpeace.org\/static\/planet4-luxembourg-stateless\/2018\/09\/9860ac76-gp0stq488_medium_res.jpg","type":"image\/jpeg"}],"twitter_card":"summary_large_image","twitter_misc":{"Est. reading time":"1 minute"},"schema":{"@context":"https:\/\/schema.org","@graph":[{"@type":"WebPage","@id":"https:\/\/www.greenpeace.org\/luxembourg\/fr\/emplois\/","url":"https:\/\/www.greenpeace.org\/luxembourg\/fr\/emplois\/","name":"Emplois - Greenpeace Luxembourg","isPartOf":{"@id":"https:\/\/www.greenpeace.org\/luxembourg\/fr\/#website"},"primaryImageOfPage":{"@id":"https:\/\/www.greenpeace.org\/luxembourg\/fr\/emplois\/#primaryimage"},"image":{"@id":"https:\/\/www.greenpeace.org\/luxembourg\/fr\/emplois\/#primaryimage"},"thumbnailUrl":"https:\/\/www.greenpeace.org\/static\/planet4-luxembourg-stateless\/2018\/09\/9860ac76-gp0stq488_medium_res.jpg","datePublished":"2018-09-17T11:22:57+00:00","dateModified":"2026-02-23T15:59:08+00:00","breadcrumb":{"@id":"https:\/\/www.greenpeace.org\/luxembourg\/fr\/emplois\/#breadcrumb"},"inLanguage":"fr-LU","potentialAction":[{"@type":"ReadAction","target":["https:\/\/www.greenpeace.org\/luxembourg\/fr\/emplois\/"]}]},{"@type":"ImageObject","inLanguage":"fr-LU","@id":"https:\/\/www.greenpeace.org\/luxembourg\/fr\/emplois\/#primaryimage","url":"https:\/\/www.greenpeace.org\/static\/planet4-luxembourg-stateless\/2018\/09\/9860ac76-gp0stq488_medium_res.jpg","contentUrl":"https:\/\/www.greenpeace.org\/static\/planet4-luxembourg-stateless\/2018\/09\/9860ac76-gp0stq488_medium_res.jpg","width":1200,"height":800,"caption":"Launch of the campaign with Greenpeace crew, captain Peter Wilcox and Duygu Kutluay, Greenpeace Mediterranean Renewable Energy Campaigner. Bodrum mayor Mehmet Kocadon is seen standing in the middle. For the first time in Turkey, GP is actively building a campaign around the solution: Solar energy for all which is key for energy independence, safe environment and healthy future for our kids."},{"@type":"BreadcrumbList","@id":"https:\/\/www.greenpeace.org\/luxembourg\/fr\/emplois\/#breadcrumb","itemListElement":[{"@type":"ListItem","position":1,"name":"Home","item":"https:\/\/www.greenpeace.org\/luxembourg\/fr\/"},{"@type":"ListItem","position":2,"name":"Emplois"}]},{"@type":"WebSite","@id":"https:\/\/www.greenpeace.org\/luxembourg\/fr\/#website","url":"https:\/\/www.greenpeace.org\/luxembourg\/fr\/","name":"Greenpeace Luxembourg","description":"Greenpeace existe parce que cette Terre fragile a besoin d&#039;une voix. Elle a besoin de solutions. De changement. D&#039;actions.","publisher":{"@id":"https:\/\/www.greenpeace.org\/luxembourg\/fr\/#organization"},"potentialAction":[{"@type":"SearchAction","target":{"@type":"EntryPoint","urlTemplate":"https:\/\/www.greenpeace.org\/luxembourg\/fr\/?s={search_term_string}"},"query-input":{"@type":"PropertyValueSpecification","valueRequired":true,"valueName":"search_term_string"}}],"inLanguage":"fr-LU"},{"@type":"Organization","@id":"https:\/\/www.greenpeace.org\/luxembourg\/fr\/#organization","name":"Greenpeace Luxembourg","url":"https:\/\/www.greenpeace.org\/luxembourg\/fr\/","logo":{"@type":"ImageObject","inLanguage":"fr-LU","@id":"https:\/\/www.greenpeace.org\/luxembourg\/fr\/#\/schema\/logo\/image\/","url":"https:\/\/www.greenpeace.org\/static\/planet4-luxembourg-stateless\/2026\/03\/3e367f94-greenpeace_logo_green_rgb.png","contentUrl":"https:\/\/www.greenpeace.org\/static\/planet4-luxembourg-stateless\/2026\/03\/3e367f94-greenpeace_logo_green_rgb.png","width":1080,"height":175,"caption":"Greenpeace Luxembourg"},"image":{"@id":"https:\/\/www.greenpeace.org\/luxembourg\/fr\/#\/schema\/logo\/image\/"},"sameAs":["https:\/\/www.facebook.com\/greenpeaceluxembourg","https:\/\/www.instagram.com\/greenpeacelux\/","https:\/\/www.linkedin.com\/company\/greenpeace-luxembourg\/","https:\/\/www.threads.com\/@greenpeacelux","https:\/\/bsky.app\/profile\/greenpeacelux.bsky.social","https:\/\/www.youtube.com\/@GreenpeaceLux","https:\/\/www.tiktok.com\/@greenpeace_lux"]}]}},"_links":{"self":[{"href":"https:\/\/www.greenpeace.org\/luxembourg\/fr\/wp-json\/wp\/v2\/pages\/495","targetHints":{"allow":["GET"]}}],"collection":[{"href":"https:\/\/www.greenpeace.org\/luxembourg\/fr\/wp-json\/wp\/v2\/pages"}],"about":[{"href":"https:\/\/www.greenpeace.org\/luxembourg\/fr\/wp-json\/wp\/v2\/types\/page"}],"author":[{"embeddable":true,"href":"https:\/\/www.greenpeace.org\/luxembourg\/fr\/wp-json\/wp\/v2\/users\/16"}],"replies":[{"embeddable":true,"href":"https:\/\/www.greenpeace.org\/luxembourg\/fr\/wp-json\/wp\/v2\/comments?post=495"}],"version-history":[{"count":25,"href":"https:\/\/www.greenpeace.org\/luxembourg\/fr\/wp-json\/wp\/v2\/pages\/495\/revisions"}],"predecessor-version":[{"id":27210,"href":"https:\/\/www.greenpeace.org\/luxembourg\/fr\/wp-json\/wp\/v2\/pages\/495\/revisions\/27210"}],"wp:featuredmedia":[{"embeddable":true,"href":"https:\/\/www.greenpeace.org\/luxembourg\/fr\/wp-json\/wp\/v2\/media\/496"}],"wp:attachment":[{"href":"https:\/\/www.greenpeace.org\/luxembourg\/fr\/wp-json\/wp\/v2\/media?parent=495"}],"wp:term":[{"taxonomy":"category","embeddable":true,"href":"https:\/\/www.greenpeace.org\/luxembourg\/fr\/wp-json\/wp\/v2\/categories?post=495"},{"taxonomy":"post_tag","embeddable":true,"href":"https:\/\/www.greenpeace.org\/luxembourg\/fr\/wp-json\/wp\/v2\/tags?post=495"}],"curies":[{"name":"wp","href":"https:\/\/api.w.org\/{rel}","templated":true}]}}