{"id":499,"date":"2018-09-17T11:24:54","date_gmt":"2018-09-17T11:24:54","guid":{"rendered":"https:\/\/www.greenpeace.org\/luxembourg\/?page_id=499"},"modified":"2024-03-26T15:05:36","modified_gmt":"2024-03-26T13:05:36","slug":"copyright","status":"publish","type":"page","link":"https:\/\/www.greenpeace.org\/luxembourg\/fr\/copyright\/","title":{"rendered":"Copyright"},"content":{"rendered":"\n                    <div class=\"wp-block-group is-vertical is-layout-flex wp-container-core-group-is-layout-8cf370e7 wp-block-group-is-layout-flex\">\n                    \n                                <p>Greenpeace encourage la reproduction et la distribution de tous les documents originaux pr\u00e9sents sur www.greenpeace.lu et www.greenpeace.org.\r\nIl est toutefois important de prendre connaissance de quelques r\u00e8gles de base.<\/p>\n                            \n\n                    \n                    <\/div>\n                    <h2><strong><span class=\"empty_class\">G\u00e9n\u00e9ralit\u00e9s<\/span><\/strong><\/h2>\n<p>Les documents pr\u00e9sents sur ce site peuvent \u00eatre utilis\u00e9s librement pour un usage personnel ou \u00e9ducatif.<\/p>\n<p>Si vous voulez des captures d&#8217;\u00e9cran pour illustrer un manuel scolaire, ou si vous voulez reproduire un article dans votre journal associatif, il n&#8217;est pas n\u00e9cessaire de demander la permission, du moment o\u00f9 vous suivez les conseils de notre d\u00e9partement juridique :<\/p>\n<h2><strong><span class=\"empty_class\">Logo Greenpeace<\/span><\/strong><\/h2>\n<p>Le nom et le logo &#8220;Greenpeace&#8221;, ainsi que le nom &#8220;Rainbow Warrior&#8221; sont des marques d\u00e9pos\u00e9es internationalement par Stichting Greenpeace Council. L&#8217;utilisation de ces deux marques est autoris\u00e9e \u00e0 condition que ce soit pour des usages purement r\u00e9f\u00e9rentiels et non lucratifs. Ces marques restent la propri\u00e9t\u00e9 exclusive de Greenpeace. En les utilisant vous acceptez de ne pas, d&#8217;une quelconque fa\u00e7on, les d\u00e9poser ou tenter de les d\u00e9poser ni d&#8217;en contester la propri\u00e9t\u00e9.<\/p>\n<p>N&#8217;utilisez pas ces marques d&#8217;une fa\u00e7on susceptible d&#8217;invalider leur propri\u00e9t\u00e9. Le droit d&#8217;utiliser ces marques n&#8217;est accord\u00e9 que dans la mesure o\u00f9 Greenpeace peut le faire sans mettre en danger la validit\u00e9 de leur propri\u00e9t\u00e9.<\/p>\n<p>Si vous utilisez le logo, veuillez inclure la mention &#8220;Copyright Stichting Greenpeace Council&#8221; dans les cr\u00e9dits ou \u00e0 un emplacement visible sur la page.<\/p>\n<h2><span class=\"empty_class\">Documents<\/span><\/h2>\n<p>Nous interdisons express\u00e9ment l&#8217;utilisation des documents Greenpeace pr\u00e9sents sur le site dans les cas suivants :<\/p>\n<ul>\n<li>Enrichissement d&#8217;une personne ou d&#8217;une entreprise sans autorisation expresse, comme indiqu\u00e9 plus bas.<\/li>\n<li>Publicit\u00e9 pour un parti politique ou suggestion d&#8217;un soutien de Greenpeace \u00e0 un candidat \u00e0 une \u00e9lection.<\/li>\n<li>Toutes suggestion d&#8217;un soutien de Greenpeace \u00e0 un produit ou une politique quand un tel soutien n&#8217;a pas \u00e9t\u00e9 explicitement exprim\u00e9 par Greenpeace.<\/li>\n<li>Toute suggestion d&#8217;un soutien de Greenpeace \u00e0 des violences ou des destructions de biens.<\/li>\n<li>Toute imposture visant \u00e0 vous faire passer pour un(e) permanent(e), un(e) employ\u00e9(e), un(e) agent(e) ou un(e) porte-parole officiel(le) de Greenpeace.<\/li>\n<\/ul>\n<p>Si un document est accompagn\u00e9 de la mention &#8220;Copyright Greenpeace&#8221;, vous pouvez l&#8217;utiliser librement pour un usage personnel ou \u00e9ducatif.<\/p>\n<p>Veuillez l&#8217;accompagner de la mention &#8220;Source : Greenpeace (http:\/\/www.greenpeace.lu ou http:\/\/www.greenpeace.org)&#8221; et reproduire tout cr\u00e9dit ou information sur le copyright accompagnant l&#8217;original.<\/p>\n<h2><span class=\"empty_class\">Images<br \/>\n<\/span><\/h2>\n<p>Toute image accompagn\u00e9e de la mention &#8220;Copyright Greenpeace&#8221; pr\u00e9sente sur notre site peut \u00eatre copi\u00e9e librement pour un usage personnel ou \u00e9ducatif, \u00e0 condition que vous reproduisiez \u00e9galement les informations sur son copyright. Vous pouvez conna\u00eetre le copyright d&#8217;une image en cliquant sur celle-ci pour l&#8217;agrandir et obtenir des informations d\u00e9taill\u00e9es. Certaines images sont juste accompagn\u00e9es de la mention &#8220;Copyright Greenpeace&#8221;. D&#8217;autres sont accompagn\u00e9es de la mention &#8220;Copyright Greenpeace\/Photographe&#8221;. Dans tous les cas, veuillez reproduire l&#8217;ensemble du copyright.<\/p>\n<p>Tout autre usage (comme l&#8217;utilisation d&#8217;images pour l&#8217;enrichissement d&#8217;une personne ou d&#8217;une entreprise) requi\u00e8rt la permission de la photo-vid\u00e9oth\u00e8que de Greenpeace International ou de Greenpeace Luxembourg (dont les coordonn\u00e9es sont indiqu\u00e9es ci-dessous). L&#8217;utilisation commerciale de toute image de Greenpeace International ou de Greenpeace Luxembourg sans permission constituerait une violation de copyright et de droits d&#8217;auteur.<\/p>\n<p>Les images de qualit\u00e9 d&#8217;imprimerie destin\u00e9es \u00e0 la presse (d&#8217;un poids d&#8217;environ 8 megabytes) distribu\u00e9es par Greenpeace aux journalistes et agences par le biais de ce site doivent \u00eatre utilis\u00e9es dans un d\u00e9lai de 14 jours. Les conserver en archive est strictement interdit. Pass\u00e9 14 jours, veuillez contacter Greenpeace International \u00e0 l&#8217;adresse suivante :<\/p>\n<p><strong>Greenpeace Photo and Video Library<\/strong><\/p>\n<p>Greenpeace International BV<\/p>\n<p>Keizersgracht 176<\/p>\n<p>1016 DW Amsterdam<\/p>\n<p>Pays-Bas<\/p>\n<p>T\u00e9l. : 00 31 (0) 20 523 62 75<\/p>\n<p>Fax : 00 31 (0) 20 523 62 00<\/p>\n<p>Service Presse &#8211; Photo &#8211; Vid\u00e9o<\/p>\n<p><strong>Greenpeace Luxembourg<\/strong><\/p>\n<p>b.p. 229<\/p>\n<p>L-4003 Esch\/Alzette<\/p>\n<p>T\u00e9l : (352) 54 62 52 1<\/p>\n<p>Fax : (352) 54 54 05<\/p>\n<p>Note : certaines images apparaissant sur notre site sont reproduites avec la permission d&#8217;un tiers et ne comportent pas la mention &#8220;Copyright Greenpeace&#8221;. Veuillez vous renseigner sur le copyright de ces images pour savoir sous quelles conditions vous pouvez les reproduire.<\/p>\n","protected":false},"excerpt":{"rendered":"<p>Greenpeace encourage la reproduction et la distribution de tous les documents originaux pr\u00e9sents sur www.greenpeace.lu et www.greenpeace.org. Il est toutefois important de prendre connaissance de quelques r\u00e8gles de base. G\u00e9n\u00e9ralit\u00e9s Les documents pr\u00e9sents sur ce site peuvent \u00eatre utilis\u00e9s librement pour un usage personnel ou \u00e9ducatif. Si vous voulez des captures d&#8217;\u00e9cran pour illustrer un [&hellip;]<\/p>\n","protected":false},"author":16,"featured_media":500,"parent":0,"menu_order":0,"comment_status":"closed","ping_status":"closed","template":"","meta":{"ep_exclude_from_search":false,"p4_hide_page_title_checkbox":"","p4_title":"","p4_subtitle":"","p4_description":"","background_image_id":"","background_image":"","p4_button_title":"","p4_button_link":"","p4_button_link_checkbox":"","p4_og_title":"","p4_og_description":"","p4_og_image":"","p4_og_image_id":"","p4_seo_canonical_url":"","p4_campaign_name":"","p4_local_project":"","p4_basket_name":"","p4_department":"","footnotes":""},"categories":[17],"tags":[],"class_list":["post-499","page","type-page","status-publish","has-post-thumbnail","hentry","category-greenpeace"],"yoast_head":"<!-- This site is optimized with the Yoast SEO Premium plugin v23.9 (Yoast SEO v23.9) - https:\/\/yoast.com\/wordpress\/plugins\/seo\/ -->\n<title>Copyright - Greenpeace Luxembourg<\/title>\n<meta name=\"robots\" content=\"index, follow, max-snippet:-1, max-image-preview:large, max-video-preview:-1\" \/>\n<link rel=\"canonical\" href=\"https:\/\/www.greenpeace.org\/luxembourg\/fr\/copyright\/\" \/>\n<meta property=\"og:locale\" content=\"fr_FR\" \/>\n<meta property=\"og:type\" content=\"article\" \/>\n<meta property=\"og:title\" content=\"Copyright\" \/>\n<meta property=\"og:description\" content=\"Greenpeace encourage la reproduction et la distribution de tous les documents originaux pr\u00e9sents sur www.greenpeace.lu et www.greenpeace.org. Il est toutefois important de prendre connaissance de quelques r\u00e8gles de base. G\u00e9n\u00e9ralit\u00e9s Les documents pr\u00e9sents sur ce site peuvent \u00eatre utilis\u00e9s librement pour un usage personnel ou \u00e9ducatif. Si vous voulez des captures d&#8217;\u00e9cran pour illustrer un [&hellip;]\" \/>\n<meta property=\"og:url\" content=\"https:\/\/www.greenpeace.org\/luxembourg\/fr\/copyright\/\" \/>\n<meta property=\"og:site_name\" content=\"Greenpeace Luxembourg\" \/>\n<meta property=\"article:publisher\" content=\"https:\/\/www.facebook.com\/greenpeaceluxembourg\" \/>\n<meta property=\"article:modified_time\" content=\"2024-03-26T13:05:36+00:00\" \/>\n<meta property=\"og:image\" content=\"https:\/\/www.greenpeace.org\/static\/planet4-luxembourg-stateless\/2018\/09\/66a8885f-gp04f2f_medium_res.jpg\" \/>\n\t<meta property=\"og:image:width\" content=\"1200\" \/>\n\t<meta property=\"og:image:height\" content=\"800\" \/>\n\t<meta property=\"og:image:type\" content=\"image\/jpeg\" \/>\n<meta name=\"twitter:card\" content=\"summary_large_image\" \/>\n<meta name=\"twitter:label1\" content=\"Est. reading time\" \/>\n\t<meta name=\"twitter:data1\" content=\"3 minutes\" \/>\n<script type=\"application\/ld+json\" class=\"yoast-schema-graph\">{\"@context\":\"https:\/\/schema.org\",\"@graph\":[{\"@type\":\"WebPage\",\"@id\":\"https:\/\/www.greenpeace.org\/luxembourg\/fr\/copyright\/\",\"url\":\"https:\/\/www.greenpeace.org\/luxembourg\/fr\/copyright\/\",\"name\":\"Copyright - Greenpeace Luxembourg\",\"isPartOf\":{\"@id\":\"https:\/\/www.greenpeace.org\/luxembourg\/fr\/#website\"},\"primaryImageOfPage\":{\"@id\":\"https:\/\/www.greenpeace.org\/luxembourg\/fr\/copyright\/#primaryimage\"},\"image\":{\"@id\":\"https:\/\/www.greenpeace.org\/luxembourg\/fr\/copyright\/#primaryimage\"},\"thumbnailUrl\":\"https:\/\/www.greenpeace.org\/static\/planet4-luxembourg-stateless\/2018\/09\/66a8885f-gp04f2f_medium_res.jpg\",\"datePublished\":\"2018-09-17T11:24:54+00:00\",\"dateModified\":\"2024-03-26T13:05:36+00:00\",\"breadcrumb\":{\"@id\":\"https:\/\/www.greenpeace.org\/luxembourg\/fr\/copyright\/#breadcrumb\"},\"inLanguage\":\"fr-LU\",\"potentialAction\":[{\"@type\":\"ReadAction\",\"target\":[\"https:\/\/www.greenpeace.org\/luxembourg\/fr\/copyright\/\"]}]},{\"@type\":\"ImageObject\",\"inLanguage\":\"fr-LU\",\"@id\":\"https:\/\/www.greenpeace.org\/luxembourg\/fr\/copyright\/#primaryimage\",\"url\":\"https:\/\/www.greenpeace.org\/static\/planet4-luxembourg-stateless\/2018\/09\/66a8885f-gp04f2f_medium_res.jpg\",\"contentUrl\":\"https:\/\/www.greenpeace.org\/static\/planet4-luxembourg-stateless\/2018\/09\/66a8885f-gp04f2f_medium_res.jpg\",\"width\":1200,\"height\":800,\"caption\":\"Larch trees around Lake Baikal, Siberia, Russia. Laerchen am Baikalsee, Sibirien, Russland.\"},{\"@type\":\"BreadcrumbList\",\"@id\":\"https:\/\/www.greenpeace.org\/luxembourg\/fr\/copyright\/#breadcrumb\",\"itemListElement\":[{\"@type\":\"ListItem\",\"position\":1,\"name\":\"Home\",\"item\":\"https:\/\/www.greenpeace.org\/luxembourg\/fr\/\"},{\"@type\":\"ListItem\",\"position\":2,\"name\":\"Copyright\"}]},{\"@type\":\"WebSite\",\"@id\":\"https:\/\/www.greenpeace.org\/luxembourg\/fr\/#website\",\"url\":\"https:\/\/www.greenpeace.org\/luxembourg\/fr\/\",\"name\":\"Greenpeace Luxembourg\",\"description\":\"Greenpeace existe parce que cette Terre fragile a besoin d&#039;une voix. Elle a besoin de solutions. De changement. D&#039;actions.\",\"publisher\":{\"@id\":\"https:\/\/www.greenpeace.org\/luxembourg\/fr\/#organization\"},\"potentialAction\":[{\"@type\":\"SearchAction\",\"target\":{\"@type\":\"EntryPoint\",\"urlTemplate\":\"https:\/\/www.greenpeace.org\/luxembourg\/fr\/?s={search_term_string}\"},\"query-input\":{\"@type\":\"PropertyValueSpecification\",\"valueRequired\":true,\"valueName\":\"search_term_string\"}}],\"inLanguage\":\"fr-LU\"},{\"@type\":\"Organization\",\"@id\":\"https:\/\/www.greenpeace.org\/luxembourg\/fr\/#organization\",\"name\":\"Greenpeace Luxembourg\",\"url\":\"https:\/\/www.greenpeace.org\/luxembourg\/fr\/\",\"logo\":{\"@type\":\"ImageObject\",\"inLanguage\":\"fr-LU\",\"@id\":\"https:\/\/www.greenpeace.org\/luxembourg\/fr\/#\/schema\/logo\/image\/\",\"url\":\"https:\/\/www.greenpeace.org\/static\/planet4-luxembourg-stateless\/2026\/03\/3e367f94-greenpeace_logo_green_rgb.png\",\"contentUrl\":\"https:\/\/www.greenpeace.org\/static\/planet4-luxembourg-stateless\/2026\/03\/3e367f94-greenpeace_logo_green_rgb.png\",\"width\":1080,\"height\":175,\"caption\":\"Greenpeace Luxembourg\"},\"image\":{\"@id\":\"https:\/\/www.greenpeace.org\/luxembourg\/fr\/#\/schema\/logo\/image\/\"},\"sameAs\":[\"https:\/\/www.facebook.com\/greenpeaceluxembourg\",\"https:\/\/www.instagram.com\/greenpeacelux\/\",\"https:\/\/www.linkedin.com\/company\/greenpeace-luxembourg\/\",\"https:\/\/www.threads.com\/@greenpeacelux\",\"https:\/\/bsky.app\/profile\/greenpeacelux.bsky.social\",\"https:\/\/www.youtube.com\/@GreenpeaceLux\",\"https:\/\/www.tiktok.com\/@greenpeace_lux\"]}]}<\/script>\n<!-- \/ Yoast SEO Premium plugin. -->","yoast_head_json":{"title":"Copyright - Greenpeace Luxembourg","robots":{"index":"index","follow":"follow","max-snippet":"max-snippet:-1","max-image-preview":"max-image-preview:large","max-video-preview":"max-video-preview:-1"},"canonical":"https:\/\/www.greenpeace.org\/luxembourg\/fr\/copyright\/","og_locale":"fr_FR","og_type":"article","og_title":"Copyright","og_description":"Greenpeace encourage la reproduction et la distribution de tous les documents originaux pr\u00e9sents sur www.greenpeace.lu et www.greenpeace.org. Il est toutefois important de prendre connaissance de quelques r\u00e8gles de base. G\u00e9n\u00e9ralit\u00e9s Les documents pr\u00e9sents sur ce site peuvent \u00eatre utilis\u00e9s librement pour un usage personnel ou \u00e9ducatif. Si vous voulez des captures d&#8217;\u00e9cran pour illustrer un [&hellip;]","og_url":"https:\/\/www.greenpeace.org\/luxembourg\/fr\/copyright\/","og_site_name":"Greenpeace Luxembourg","article_publisher":"https:\/\/www.facebook.com\/greenpeaceluxembourg","article_modified_time":"2024-03-26T13:05:36+00:00","og_image":[{"width":1200,"height":800,"url":"https:\/\/www.greenpeace.org\/static\/planet4-luxembourg-stateless\/2018\/09\/66a8885f-gp04f2f_medium_res.jpg","type":"image\/jpeg"}],"twitter_card":"summary_large_image","twitter_misc":{"Est. reading time":"3 minutes"},"schema":{"@context":"https:\/\/schema.org","@graph":[{"@type":"WebPage","@id":"https:\/\/www.greenpeace.org\/luxembourg\/fr\/copyright\/","url":"https:\/\/www.greenpeace.org\/luxembourg\/fr\/copyright\/","name":"Copyright - Greenpeace Luxembourg","isPartOf":{"@id":"https:\/\/www.greenpeace.org\/luxembourg\/fr\/#website"},"primaryImageOfPage":{"@id":"https:\/\/www.greenpeace.org\/luxembourg\/fr\/copyright\/#primaryimage"},"image":{"@id":"https:\/\/www.greenpeace.org\/luxembourg\/fr\/copyright\/#primaryimage"},"thumbnailUrl":"https:\/\/www.greenpeace.org\/static\/planet4-luxembourg-stateless\/2018\/09\/66a8885f-gp04f2f_medium_res.jpg","datePublished":"2018-09-17T11:24:54+00:00","dateModified":"2024-03-26T13:05:36+00:00","breadcrumb":{"@id":"https:\/\/www.greenpeace.org\/luxembourg\/fr\/copyright\/#breadcrumb"},"inLanguage":"fr-LU","potentialAction":[{"@type":"ReadAction","target":["https:\/\/www.greenpeace.org\/luxembourg\/fr\/copyright\/"]}]},{"@type":"ImageObject","inLanguage":"fr-LU","@id":"https:\/\/www.greenpeace.org\/luxembourg\/fr\/copyright\/#primaryimage","url":"https:\/\/www.greenpeace.org\/static\/planet4-luxembourg-stateless\/2018\/09\/66a8885f-gp04f2f_medium_res.jpg","contentUrl":"https:\/\/www.greenpeace.org\/static\/planet4-luxembourg-stateless\/2018\/09\/66a8885f-gp04f2f_medium_res.jpg","width":1200,"height":800,"caption":"Larch trees around Lake Baikal, Siberia, Russia. Laerchen am Baikalsee, Sibirien, Russland."},{"@type":"BreadcrumbList","@id":"https:\/\/www.greenpeace.org\/luxembourg\/fr\/copyright\/#breadcrumb","itemListElement":[{"@type":"ListItem","position":1,"name":"Home","item":"https:\/\/www.greenpeace.org\/luxembourg\/fr\/"},{"@type":"ListItem","position":2,"name":"Copyright"}]},{"@type":"WebSite","@id":"https:\/\/www.greenpeace.org\/luxembourg\/fr\/#website","url":"https:\/\/www.greenpeace.org\/luxembourg\/fr\/","name":"Greenpeace Luxembourg","description":"Greenpeace existe parce que cette Terre fragile a besoin d&#039;une voix. Elle a besoin de solutions. De changement. D&#039;actions.","publisher":{"@id":"https:\/\/www.greenpeace.org\/luxembourg\/fr\/#organization"},"potentialAction":[{"@type":"SearchAction","target":{"@type":"EntryPoint","urlTemplate":"https:\/\/www.greenpeace.org\/luxembourg\/fr\/?s={search_term_string}"},"query-input":{"@type":"PropertyValueSpecification","valueRequired":true,"valueName":"search_term_string"}}],"inLanguage":"fr-LU"},{"@type":"Organization","@id":"https:\/\/www.greenpeace.org\/luxembourg\/fr\/#organization","name":"Greenpeace Luxembourg","url":"https:\/\/www.greenpeace.org\/luxembourg\/fr\/","logo":{"@type":"ImageObject","inLanguage":"fr-LU","@id":"https:\/\/www.greenpeace.org\/luxembourg\/fr\/#\/schema\/logo\/image\/","url":"https:\/\/www.greenpeace.org\/static\/planet4-luxembourg-stateless\/2026\/03\/3e367f94-greenpeace_logo_green_rgb.png","contentUrl":"https:\/\/www.greenpeace.org\/static\/planet4-luxembourg-stateless\/2026\/03\/3e367f94-greenpeace_logo_green_rgb.png","width":1080,"height":175,"caption":"Greenpeace Luxembourg"},"image":{"@id":"https:\/\/www.greenpeace.org\/luxembourg\/fr\/#\/schema\/logo\/image\/"},"sameAs":["https:\/\/www.facebook.com\/greenpeaceluxembourg","https:\/\/www.instagram.com\/greenpeacelux\/","https:\/\/www.linkedin.com\/company\/greenpeace-luxembourg\/","https:\/\/www.threads.com\/@greenpeacelux","https:\/\/bsky.app\/profile\/greenpeacelux.bsky.social","https:\/\/www.youtube.com\/@GreenpeaceLux","https:\/\/www.tiktok.com\/@greenpeace_lux"]}]}},"_links":{"self":[{"href":"https:\/\/www.greenpeace.org\/luxembourg\/fr\/wp-json\/wp\/v2\/pages\/499","targetHints":{"allow":["GET"]}}],"collection":[{"href":"https:\/\/www.greenpeace.org\/luxembourg\/fr\/wp-json\/wp\/v2\/pages"}],"about":[{"href":"https:\/\/www.greenpeace.org\/luxembourg\/fr\/wp-json\/wp\/v2\/types\/page"}],"author":[{"embeddable":true,"href":"https:\/\/www.greenpeace.org\/luxembourg\/fr\/wp-json\/wp\/v2\/users\/16"}],"replies":[{"embeddable":true,"href":"https:\/\/www.greenpeace.org\/luxembourg\/fr\/wp-json\/wp\/v2\/comments?post=499"}],"version-history":[{"count":3,"href":"https:\/\/www.greenpeace.org\/luxembourg\/fr\/wp-json\/wp\/v2\/pages\/499\/revisions"}],"predecessor-version":[{"id":21275,"href":"https:\/\/www.greenpeace.org\/luxembourg\/fr\/wp-json\/wp\/v2\/pages\/499\/revisions\/21275"}],"wp:featuredmedia":[{"embeddable":true,"href":"https:\/\/www.greenpeace.org\/luxembourg\/fr\/wp-json\/wp\/v2\/media\/500"}],"wp:attachment":[{"href":"https:\/\/www.greenpeace.org\/luxembourg\/fr\/wp-json\/wp\/v2\/media?parent=499"}],"wp:term":[{"taxonomy":"category","embeddable":true,"href":"https:\/\/www.greenpeace.org\/luxembourg\/fr\/wp-json\/wp\/v2\/categories?post=499"},{"taxonomy":"post_tag","embeddable":true,"href":"https:\/\/www.greenpeace.org\/luxembourg\/fr\/wp-json\/wp\/v2\/tags?post=499"}],"curies":[{"name":"wp","href":"https:\/\/api.w.org\/{rel}","templated":true}]}}