{"id":614,"date":"2018-09-18T10:10:20","date_gmt":"2018-09-18T10:10:20","guid":{"rendered":"https:\/\/www.greenpeace.org\/luxembourg\/?page_id=614"},"modified":"2026-03-24T12:17:32","modified_gmt":"2026-03-24T10:17:32","slug":"nous-decouvrir","status":"publish","type":"page","link":"https:\/\/www.greenpeace.org\/luxembourg\/fr\/sinformer\/nous-decouvrir\/","title":{"rendered":"Nous d\u00e9couvrir"},"content":{"rendered":"\n\n<div class=\"wp-block-group alignfull is-layout-flow wp-block-group-is-layout-flow\">\n<div class=\"wp-block-group container is-layout-flow wp-block-group-is-layout-flow\">\n<div class=\"wp-block-media-text alignfull has-media-on-the-right is-stacked-on-mobile is-pattern-p4-page-header is-style-parallax\"><div class=\"wp-block-media-text__content\">\n<div class=\"wp-block-group is-layout-flow wp-block-group-is-layout-flow\">\n<h1 class=\"wp-block-heading has-white-background-color has-background\">\n                            Nous sommes Greenpeace.\n                        <\/h1>\n<\/div>\n\n\n\n<p style=\"font-size:1.25rem\">\n                            Nous croyons fermement en un monde en paix, dans lequel toute vie serait trait\u00e9e avec le respect qui lui est d\u00fb. De cet id\u00e9al est n\u00e9e Greenpeace, une organisation non-violente et ind\u00e9pendante.\n                        <\/p>\n<\/div><figure class=\"wp-block-media-text__media\"><img loading=\"lazy\" decoding=\"async\" width=\"1200\" height=\"800\" src=\"https:\/\/www.greenpeace.org\/static\/planet4-luxembourg-stateless\/2018\/09\/073b04bb-gp0stoawu_medium_res.jpg\" alt=\"\" sizes=\"auto, (min-width: 601px) 50vw, 100vw\" srcset=\"https:\/\/www.greenpeace.org\/static\/planet4-luxembourg-stateless\/2018\/09\/073b04bb-gp0stoawu_medium_res.jpg 1200w, https:\/\/www.greenpeace.org\/static\/planet4-luxembourg-stateless\/2018\/09\/073b04bb-gp0stoawu_medium_res-300x200.jpg 300w, https:\/\/www.greenpeace.org\/static\/planet4-luxembourg-stateless\/2018\/09\/073b04bb-gp0stoawu_medium_res-768x512.jpg 768w, https:\/\/www.greenpeace.org\/static\/planet4-luxembourg-stateless\/2018\/09\/073b04bb-gp0stoawu_medium_res-1024x683.jpg 1024w, https:\/\/www.greenpeace.org\/static\/planet4-luxembourg-stateless\/2018\/09\/073b04bb-gp0stoawu_medium_res-510x340.jpg 510w\" class=\"wp-image-335 size-full\"\/><\/figure><\/div>\n<\/div>\n<\/div>\n\n<div data-render=\"planet4-blocks\/columns\" data-attributes=\"{&quot;attributes&quot;:{&quot;columns_block_style&quot;:&quot;icons&quot;,&quot;columns_title&quot;:&quot;Nos valeurs&quot;,&quot;columns&quot;:[{&quot;attachment&quot;:null,&quot;title&quot;:&quot;Nous croyons fermement en un monde en paix&quot;,&quot;description&quot;:&quot;&lt;br&gt;dans lequel toute vie serait trait\\u00e9e avec le respect qui lui est d\\u00fb. De cet id\\u00e9al est n\\u00e9e Greenpeace, une organisation non-violente et ind\\u00e9pendante.&quot;,&quot;link_new_tab&quot;:false,&quot;attachment_srcset&quot;:false},{&quot;attachment&quot;:null,&quot;title&quot;:&quot;Nous refusons toute violence, envers qui que ce soit&quot;,&quot;description&quot;:&quot;&lt;br&gt;Toutes nos actions reposent sur un imp\\u00e9ratif pacifiste : nous recherchons le d\\u00e9bat, l\\u2019interpellation du public, la confrontation sans agressivit\\u00e9. Nous cherchons des solutions : la violence n\\u2019en est jamais une.&quot;,&quot;link_new_tab&quot;:false,&quot;attachment_srcset&quot;:false},{&quot;attachment&quot;:null,&quot;title&quot;:&quot;Nous sommes 100% ind\\u00e9pendants financi\\u00e8rement&quot;,&quot;description&quot;:&quot;&lt;br&gt;Nous refusons toute contribution des gouvernements, entreprises, collectivit\\u00e9s territoriales ou partis politiques et n\\u2019en soutenons aucun. Seuls vos dons nous permettent d\\u2019exister et nous garantissent une totale libert\\u00e9 de parole et d\\u2019action - nos  rapports annuels font gage de notre transparence financi\\u00e8re.&quot;,&quot;link_new_tab&quot;:false,&quot;attachment_srcset&quot;:false},{&quot;attachment&quot;:null,&quot;title&quot;:&quot;Notre force r\\u00e9side dans la d\\u00e9termination et le courage de nos militant\\u00b7es&quot;,&quot;description&quot;:&quot;&lt;br&gt;Gr\\u00e2ce \\u00e0 chaque b\\u00e9n\\u00e9vole, chaque employ\\u00e9\\u00b7e, chaque adh\\u00e9rent\\u00b7e, et chaque activiste nous instaurons un v\\u00e9ritable contre-pouvoir ind\\u00e9pendant et pacifiste au service de notre Terre.&quot;,&quot;link_new_tab&quot;:false,&quot;attachment_srcset&quot;:false}],&quot;className&quot;:&quot;is-style-icons&quot;}}\"><\/div>\n<h2 class=\"wp-block-heading\">Notre histoire<\/h2>\n\n<figure class=\"wp-block-image alignright size-medium caption-style-medium caption-alignment-center\"><img loading=\"lazy\" decoding=\"async\" width=\"201\" height=\"300\" src=\"https:\/\/www.greenpeace.org\/static\/planet4-luxembourg-stateless\/2020\/09\/d6a172a2-gp03ji6-201x300.jpg\" title=\"Crew on Phyllis Cormack. \u00a9 Greenpeace \/ Rex Weyler\" alt=\"Crew on Phyllis Cormack. \u00a9 Greenpeace \/ Rex Weyler\" class=\"wp-image-9812\" srcset=\"https:\/\/www.greenpeace.org\/static\/planet4-luxembourg-stateless\/2020\/09\/d6a172a2-gp03ji6-201x300.jpg 201w, https:\/\/www.greenpeace.org\/static\/planet4-luxembourg-stateless\/2020\/09\/d6a172a2-gp03ji6-685x1024.jpg 685w, https:\/\/www.greenpeace.org\/static\/planet4-luxembourg-stateless\/2020\/09\/d6a172a2-gp03ji6-768x1148.jpg 768w, https:\/\/www.greenpeace.org\/static\/planet4-luxembourg-stateless\/2020\/09\/d6a172a2-gp03ji6-228x340.jpg 228w, https:\/\/www.greenpeace.org\/static\/planet4-luxembourg-stateless\/2020\/09\/d6a172a2-gp03ji6.jpg 803w\" sizes=\"auto, (max-width: 201px) 100vw, 201px\" \/><figcaption><div class=\"credit icon-left\"> \u00a9 Greenpeace \/ Rex Weyler<\/div><\/figcaption><\/figure>\n\n<p>Dans les ann\u00e9es 1970, \u00e0 Vancouver, un groupe de quatorze activistes pacifistes et \u00e9cologistes, embarquent \u00e0 bord du Phyllis Cormack pour protester contre les essais nucl\u00e9aires am\u00e9ricains pr\u00e9vus sur l&#8217;\u00eele d&#8217;Amchitka, au large de l&#8217;Alaska, en se pla\u00e7ant au centre de la zone d&#8217;essai. Cette action fait sensation dans le monde entier et atteint son but. En 1972, les Etats-Unis, sous la pression massive du public, annoncent la fin des essais nucl\u00e9aires atmosph\u00e9riques.&nbsp;Une premi\u00e8re victoire qui donne tout son sens au groupe d&#8217;activistes. Ils recherchent alors une appellation qui refl\u00e8terait leur mission : celle de prot\u00e9ger l\u2019environnement gr\u00e2ce \u00e0 des actions pacifistes <strong>Green<\/strong> (vert) <strong>Peace<\/strong> (paix).<\/p>\n\n<p>Quelques ann\u00e9es plus tard, en 1979, les bureaux europ\u00e9ens, am\u00e9ricains et ceux du Pacifique d\u00e9cident de mutualiser leurs moyens et cr\u00e9ent Greenpeace International. Les premi\u00e8res actions de Greenpeace concernaient la lutte contre le nucl\u00e9aire et la protection des oc\u00e9ans, notamment en luttant contre la chasse \u00e0 la baleine. Greenpeace a ensuite progressivement \u00e9largi son combat \u00e0 toute la cause environnementale : lutte contre le changement climatique, contre la pollution par les produits toxiques et plastiques, protection des for\u00eats, d\u00e9nonciation des OGM et des pesticides, promotion des \u00e9nergies renouvelables et de l\u2019agriculture \u00e9cologique. Pour les humains, les animaux, les \u00e9cosyst\u00e8mes du monde entier.<\/p>\n\n<p>L&#8217;organisation Greenpeace d\u00e9range car elle pointe du doigt les failles de notre syst\u00e8me, accuse les responsables et amorce un r\u00e9el changement. En 1985 le gouvernement fran\u00e7ais commandite un attentat contre le Rainbow Warrior, le navire de Greenpeace, dans lequel notre photographe Fernando Pereira trouve la mort. La trag\u00e9die indigne aux quatre coins du monde et met en lumi\u00e8re le combat de Greenpeace, lui donnant encore plus de force et de d\u00e9termination pour poursuivre ses missions.&nbsp;<\/p>\n\n<p>Pr\u00e9sente dans plus de 55 pays, Greenpeace compte aujourd\u2019hui plus de trois millions de membres et 36 000 b\u00e9n\u00e9voles autour de la plan\u00e8te. Le bureau luxembourgeois a \u00e9t\u00e9 fond\u00e9 en octobre 1984 et totalise plus de 10 000 membres au Grand Duch\u00e9. Nous travaillons aujourd&#8217;hui sur probl\u00e9matiques internationales en proposant des actions locales et concr\u00e8tes dans le pays.<\/p>\n\n<div id=\"victoires\"> <\/div>\n\n<h2 class=\"wp-block-heading\" id=\"Victoires\">Victoires Internationales<\/h2>\n\n<p>Chaque don, chaque minute de b\u00e9n\u00e9volat, chaque contribution de nos expert\u00b7es, chaque minute de travail de l&#8217;\u00e9quipe locale et chaque action des militant\u00b7es qui nous ont un jour rejoint en ligne nous a permis d&#8217;atteindre les objectifs les plus ambitieux au Luxembourg et \u00e0 travers le monde. Des ann\u00e9es de campagnes, et des victoires significatives que nous devons \u00e0 toute la communaut\u00e9 Greenpeace. <a href=\"https:\/\/www.greenpeace.org\/luxembourg\/fr\/sinformer\/\">En savoir plus sur les campagnes en cours.<\/a><\/p>\n\n<div>\n  <div style=\"position:relative;padding-top:56.25%;\">\n    <iframe src=\"https:\/\/www.tiki-toki.com\/timeline\/embed\/594418\/1707364907\/\" frameborder=\"0\" allowfullscreen=\"\" style=\"position:absolute;top:0;left:0;width:100%;height:100%;\"><\/iframe>\n  <\/div>\n<\/div>\n\n<p><\/p>\n\n<h2 class=\"wp-block-heading\">Un don, une action<\/h2>\n\n<p>Chaque don contribue \u00e0 notre travail au quotidien : rapports d&#8217;expertise, lobbying, action de confrontation non violente, tout est mis en \u0153uvre pour d\u00e9fendre les causes qui vous tiennent \u00e0 c\u0153ur. Pour en savoir plus sur notre gestion des dons, les questions fiscales et notre vision de l&#8217;investissement engag\u00e9, consultez notre <a href=\"\/luxembourg\/fr\/politique-de-dons\/\">politique en mati\u00e8re de dons<\/a>.<\/p>\n\n<div class=\"wp-block-buttons is-content-justification-center is-layout-flex wp-container-core-buttons-is-layout-16018d1d wp-block-buttons-is-layout-flex\">\n<div class=\"wp-block-button is-style-cta\"><a class=\"wp-block-button__link wp-element-button\" href=\"https:\/\/faire-un-don.greenpeace.lu\/fr\/\" target=\"_blank\" rel=\"noreferrer noopener\">Faire un Don<\/a><\/div>\n<\/div>\n\n<div class=\"wp-block-buttons is-content-justification-center is-layout-flex wp-container-core-buttons-is-layout-16018d1d wp-block-buttons-is-layout-flex\"><\/div>\n\n<div class=\"wp-block-query actions-list p4-query-loop is-custom-layout-actions-list is-custom-layout-grid is-layout-grid wp-container-core-query-is-layout-29f43435 wp-block-query-is-layout-grid\">\n<h2 class=\"wp-block-heading\">L&#8217;engagement commence maintenant !<\/h2>\n\n\n\n<p style=\"margin-top:24px;margin-bottom:32px\">C\u2019est probablement le moment que vous attendiez pour passer \u00e0 l\u2019action n\u2019est-ce pas ? il vous reste \u00e0 choisir votre propre m\u00e9thode d&#8217;action :<\/p>\n\n\n<div class=\"wp-block-query-no-results\">\n\n<p><\/p>\n\n<\/div>\n\n\n<div class=\"wp-block-buttons carousel-controls is-horizontal is-content-justification-space-between is-nowrap is-layout-flex wp-container-core-buttons-is-layout-044bd602 wp-block-buttons-is-layout-flex\">\n<div class=\"wp-block-button carousel-control-prev\"><button type=\"button\" class=\"wp-block-button__link wp-element-button\">Prev<\/button><\/div>\n\n\n\n<div class=\"wp-block-button carousel-control-next\"><button type=\"button\" class=\"wp-block-button__link wp-element-button\">Next<\/button><\/div>\n<\/div>\n\n\n\n<div class=\"wp-block-buttons load-more-actions-container is-content-justification-center is-layout-flex wp-container-core-buttons-is-layout-16018d1d wp-block-buttons-is-layout-flex\">\n<div class=\"wp-block-button is-style-secondary\"><button type=\"button\" class=\"wp-block-button__link wp-element-button\">Load more<\/button><\/div>\n<\/div>\n<\/div>\n\n<p><\/p>\n","protected":false},"excerpt":{"rendered":"<p>Notre histoire Dans les ann\u00e9es 1970, \u00e0 Vancouver, un groupe de quatorze activistes pacifistes et \u00e9cologistes, embarquent \u00e0 bord du Phyllis Cormack pour protester contre les essais nucl\u00e9aires am\u00e9ricains pr\u00e9vus sur l&#8217;\u00eele d&#8217;Amchitka, au large de l&#8217;Alaska, en se pla\u00e7ant au centre de la zone d&#8217;essai. Cette action fait sensation dans le monde entier et [&hellip;]<\/p>\n","protected":false},"author":16,"featured_media":335,"parent":323,"menu_order":0,"comment_status":"closed","ping_status":"closed","template":"","meta":{"ep_exclude_from_search":false,"p4_hide_page_title_checkbox":"on","p4_title":"","p4_subtitle":"","p4_description":"","background_image_id":"","background_image":"","p4_button_title":"","p4_button_link":"","p4_button_link_checkbox":"","p4_og_title":"","p4_og_description":"","p4_og_image":"","p4_og_image_id":"","p4_seo_canonical_url":"","p4_campaign_name":"not set","p4_local_project":"not set","p4_basket_name":"not set","p4_department":"","footnotes":""},"categories":[17],"tags":[33],"class_list":["post-614","page","type-page","status-publish","has-post-thumbnail","hentry","category-greenpeace","tag-greenpeace-fr"],"yoast_head":"<!-- This site is optimized with the Yoast SEO Premium plugin v23.9 (Yoast SEO v23.9) - https:\/\/yoast.com\/wordpress\/plugins\/seo\/ -->\n<title>Nous d\u00e9couvrir - Greenpeace Luxembourg<\/title>\n<meta name=\"robots\" content=\"index, follow, max-snippet:-1, max-image-preview:large, max-video-preview:-1\" \/>\n<link rel=\"canonical\" href=\"https:\/\/www.greenpeace.org\/luxembourg\/fr\/sinformer\/nous-decouvrir\/\" \/>\n<meta property=\"og:locale\" content=\"fr_FR\" \/>\n<meta property=\"og:type\" content=\"article\" \/>\n<meta property=\"og:title\" content=\"Nous d\u00e9couvrir\" \/>\n<meta property=\"og:description\" content=\"Notre histoire Dans les ann\u00e9es 1970, \u00e0 Vancouver, un groupe de quatorze activistes pacifistes et \u00e9cologistes, embarquent \u00e0 bord du Phyllis Cormack pour protester contre les essais nucl\u00e9aires am\u00e9ricains pr\u00e9vus sur l&#8217;\u00eele d&#8217;Amchitka, au large de l&#8217;Alaska, en se pla\u00e7ant au centre de la zone d&#8217;essai. Cette action fait sensation dans le monde entier et [&hellip;]\" \/>\n<meta property=\"og:url\" content=\"https:\/\/www.greenpeace.org\/luxembourg\/fr\/sinformer\/nous-decouvrir\/\" \/>\n<meta property=\"og:site_name\" content=\"Greenpeace Luxembourg\" \/>\n<meta property=\"article:publisher\" content=\"https:\/\/www.facebook.com\/greenpeaceluxembourg\" \/>\n<meta property=\"article:modified_time\" content=\"2026-03-24T10:17:32+00:00\" \/>\n<meta property=\"og:image\" content=\"https:\/\/www.greenpeace.org\/static\/planet4-luxembourg-stateless\/2018\/09\/073b04bb-gp0stoawu_medium_res.jpg\" \/>\n\t<meta property=\"og:image:width\" content=\"1200\" \/>\n\t<meta property=\"og:image:height\" content=\"800\" \/>\n\t<meta property=\"og:image:type\" content=\"image\/jpeg\" \/>\n<meta name=\"twitter:card\" content=\"summary_large_image\" \/>\n<meta name=\"twitter:label1\" content=\"Est. reading time\" \/>\n\t<meta name=\"twitter:data1\" content=\"4 minutes\" \/>\n<script type=\"application\/ld+json\" class=\"yoast-schema-graph\">{\"@context\":\"https:\/\/schema.org\",\"@graph\":[{\"@type\":\"WebPage\",\"@id\":\"https:\/\/www.greenpeace.org\/luxembourg\/fr\/sinformer\/nous-decouvrir\/\",\"url\":\"https:\/\/www.greenpeace.org\/luxembourg\/fr\/sinformer\/nous-decouvrir\/\",\"name\":\"Nous d\u00e9couvrir - Greenpeace Luxembourg\",\"isPartOf\":{\"@id\":\"https:\/\/www.greenpeace.org\/luxembourg\/fr\/#website\"},\"primaryImageOfPage\":{\"@id\":\"https:\/\/www.greenpeace.org\/luxembourg\/fr\/sinformer\/nous-decouvrir\/#primaryimage\"},\"image\":{\"@id\":\"https:\/\/www.greenpeace.org\/luxembourg\/fr\/sinformer\/nous-decouvrir\/#primaryimage\"},\"thumbnailUrl\":\"https:\/\/www.greenpeace.org\/static\/planet4-luxembourg-stateless\/2018\/09\/073b04bb-gp0stoawu_medium_res.jpg\",\"datePublished\":\"2018-09-18T10:10:20+00:00\",\"dateModified\":\"2026-03-24T10:17:32+00:00\",\"breadcrumb\":{\"@id\":\"https:\/\/www.greenpeace.org\/luxembourg\/fr\/sinformer\/nous-decouvrir\/#breadcrumb\"},\"inLanguage\":\"fr-LU\",\"potentialAction\":[{\"@type\":\"ReadAction\",\"target\":[\"https:\/\/www.greenpeace.org\/luxembourg\/fr\/sinformer\/nous-decouvrir\/\"]}]},{\"@type\":\"ImageObject\",\"inLanguage\":\"fr-LU\",\"@id\":\"https:\/\/www.greenpeace.org\/luxembourg\/fr\/sinformer\/nous-decouvrir\/#primaryimage\",\"url\":\"https:\/\/www.greenpeace.org\/static\/planet4-luxembourg-stateless\/2018\/09\/073b04bb-gp0stoawu_medium_res.jpg\",\"contentUrl\":\"https:\/\/www.greenpeace.org\/static\/planet4-luxembourg-stateless\/2018\/09\/073b04bb-gp0stoawu_medium_res.jpg\",\"width\":1200,\"height\":800,\"caption\":\"The Greenpeace crew pose for a photo under water, next to the Esperanza during the 'Defending our Pacific' tour.\"},{\"@type\":\"BreadcrumbList\",\"@id\":\"https:\/\/www.greenpeace.org\/luxembourg\/fr\/sinformer\/nous-decouvrir\/#breadcrumb\",\"itemListElement\":[{\"@type\":\"ListItem\",\"position\":1,\"name\":\"Home\",\"item\":\"https:\/\/www.greenpeace.org\/luxembourg\/fr\/\"},{\"@type\":\"ListItem\",\"position\":2,\"name\":\"S&#8217;informer\",\"item\":\"https:\/\/www.greenpeace.org\/luxembourg\/fr\/sinformer\/\"},{\"@type\":\"ListItem\",\"position\":3,\"name\":\"Nous d\u00e9couvrir\"}]},{\"@type\":\"WebSite\",\"@id\":\"https:\/\/www.greenpeace.org\/luxembourg\/fr\/#website\",\"url\":\"https:\/\/www.greenpeace.org\/luxembourg\/fr\/\",\"name\":\"Greenpeace Luxembourg\",\"description\":\"Greenpeace existe parce que cette Terre fragile a besoin d&#039;une voix. Elle a besoin de solutions. De changement. D&#039;actions.\",\"publisher\":{\"@id\":\"https:\/\/www.greenpeace.org\/luxembourg\/fr\/#organization\"},\"potentialAction\":[{\"@type\":\"SearchAction\",\"target\":{\"@type\":\"EntryPoint\",\"urlTemplate\":\"https:\/\/www.greenpeace.org\/luxembourg\/fr\/?s={search_term_string}\"},\"query-input\":{\"@type\":\"PropertyValueSpecification\",\"valueRequired\":true,\"valueName\":\"search_term_string\"}}],\"inLanguage\":\"fr-LU\"},{\"@type\":\"Organization\",\"@id\":\"https:\/\/www.greenpeace.org\/luxembourg\/fr\/#organization\",\"name\":\"Greenpeace Luxembourg\",\"url\":\"https:\/\/www.greenpeace.org\/luxembourg\/fr\/\",\"logo\":{\"@type\":\"ImageObject\",\"inLanguage\":\"fr-LU\",\"@id\":\"https:\/\/www.greenpeace.org\/luxembourg\/fr\/#\/schema\/logo\/image\/\",\"url\":\"https:\/\/www.greenpeace.org\/static\/planet4-luxembourg-stateless\/2026\/03\/3e367f94-greenpeace_logo_green_rgb.png\",\"contentUrl\":\"https:\/\/www.greenpeace.org\/static\/planet4-luxembourg-stateless\/2026\/03\/3e367f94-greenpeace_logo_green_rgb.png\",\"width\":1080,\"height\":175,\"caption\":\"Greenpeace Luxembourg\"},\"image\":{\"@id\":\"https:\/\/www.greenpeace.org\/luxembourg\/fr\/#\/schema\/logo\/image\/\"},\"sameAs\":[\"https:\/\/www.facebook.com\/greenpeaceluxembourg\",\"https:\/\/www.instagram.com\/greenpeacelux\/\",\"https:\/\/www.linkedin.com\/company\/greenpeace-luxembourg\/\",\"https:\/\/www.threads.com\/@greenpeacelux\",\"https:\/\/bsky.app\/profile\/greenpeacelux.bsky.social\",\"https:\/\/www.youtube.com\/@GreenpeaceLux\",\"https:\/\/www.tiktok.com\/@greenpeace_lux\"]}]}<\/script>\n<!-- \/ Yoast SEO Premium plugin. -->","yoast_head_json":{"title":"Nous d\u00e9couvrir - Greenpeace Luxembourg","robots":{"index":"index","follow":"follow","max-snippet":"max-snippet:-1","max-image-preview":"max-image-preview:large","max-video-preview":"max-video-preview:-1"},"canonical":"https:\/\/www.greenpeace.org\/luxembourg\/fr\/sinformer\/nous-decouvrir\/","og_locale":"fr_FR","og_type":"article","og_title":"Nous d\u00e9couvrir","og_description":"Notre histoire Dans les ann\u00e9es 1970, \u00e0 Vancouver, un groupe de quatorze activistes pacifistes et \u00e9cologistes, embarquent \u00e0 bord du Phyllis Cormack pour protester contre les essais nucl\u00e9aires am\u00e9ricains pr\u00e9vus sur l&#8217;\u00eele d&#8217;Amchitka, au large de l&#8217;Alaska, en se pla\u00e7ant au centre de la zone d&#8217;essai. Cette action fait sensation dans le monde entier et [&hellip;]","og_url":"https:\/\/www.greenpeace.org\/luxembourg\/fr\/sinformer\/nous-decouvrir\/","og_site_name":"Greenpeace Luxembourg","article_publisher":"https:\/\/www.facebook.com\/greenpeaceluxembourg","article_modified_time":"2026-03-24T10:17:32+00:00","og_image":[{"width":1200,"height":800,"url":"https:\/\/www.greenpeace.org\/static\/planet4-luxembourg-stateless\/2018\/09\/073b04bb-gp0stoawu_medium_res.jpg","type":"image\/jpeg"}],"twitter_card":"summary_large_image","twitter_misc":{"Est. reading time":"4 minutes"},"schema":{"@context":"https:\/\/schema.org","@graph":[{"@type":"WebPage","@id":"https:\/\/www.greenpeace.org\/luxembourg\/fr\/sinformer\/nous-decouvrir\/","url":"https:\/\/www.greenpeace.org\/luxembourg\/fr\/sinformer\/nous-decouvrir\/","name":"Nous d\u00e9couvrir - Greenpeace Luxembourg","isPartOf":{"@id":"https:\/\/www.greenpeace.org\/luxembourg\/fr\/#website"},"primaryImageOfPage":{"@id":"https:\/\/www.greenpeace.org\/luxembourg\/fr\/sinformer\/nous-decouvrir\/#primaryimage"},"image":{"@id":"https:\/\/www.greenpeace.org\/luxembourg\/fr\/sinformer\/nous-decouvrir\/#primaryimage"},"thumbnailUrl":"https:\/\/www.greenpeace.org\/static\/planet4-luxembourg-stateless\/2018\/09\/073b04bb-gp0stoawu_medium_res.jpg","datePublished":"2018-09-18T10:10:20+00:00","dateModified":"2026-03-24T10:17:32+00:00","breadcrumb":{"@id":"https:\/\/www.greenpeace.org\/luxembourg\/fr\/sinformer\/nous-decouvrir\/#breadcrumb"},"inLanguage":"fr-LU","potentialAction":[{"@type":"ReadAction","target":["https:\/\/www.greenpeace.org\/luxembourg\/fr\/sinformer\/nous-decouvrir\/"]}]},{"@type":"ImageObject","inLanguage":"fr-LU","@id":"https:\/\/www.greenpeace.org\/luxembourg\/fr\/sinformer\/nous-decouvrir\/#primaryimage","url":"https:\/\/www.greenpeace.org\/static\/planet4-luxembourg-stateless\/2018\/09\/073b04bb-gp0stoawu_medium_res.jpg","contentUrl":"https:\/\/www.greenpeace.org\/static\/planet4-luxembourg-stateless\/2018\/09\/073b04bb-gp0stoawu_medium_res.jpg","width":1200,"height":800,"caption":"The Greenpeace crew pose for a photo under water, next to the Esperanza during the 'Defending our Pacific' tour."},{"@type":"BreadcrumbList","@id":"https:\/\/www.greenpeace.org\/luxembourg\/fr\/sinformer\/nous-decouvrir\/#breadcrumb","itemListElement":[{"@type":"ListItem","position":1,"name":"Home","item":"https:\/\/www.greenpeace.org\/luxembourg\/fr\/"},{"@type":"ListItem","position":2,"name":"S&#8217;informer","item":"https:\/\/www.greenpeace.org\/luxembourg\/fr\/sinformer\/"},{"@type":"ListItem","position":3,"name":"Nous d\u00e9couvrir"}]},{"@type":"WebSite","@id":"https:\/\/www.greenpeace.org\/luxembourg\/fr\/#website","url":"https:\/\/www.greenpeace.org\/luxembourg\/fr\/","name":"Greenpeace Luxembourg","description":"Greenpeace existe parce que cette Terre fragile a besoin d&#039;une voix. Elle a besoin de solutions. De changement. D&#039;actions.","publisher":{"@id":"https:\/\/www.greenpeace.org\/luxembourg\/fr\/#organization"},"potentialAction":[{"@type":"SearchAction","target":{"@type":"EntryPoint","urlTemplate":"https:\/\/www.greenpeace.org\/luxembourg\/fr\/?s={search_term_string}"},"query-input":{"@type":"PropertyValueSpecification","valueRequired":true,"valueName":"search_term_string"}}],"inLanguage":"fr-LU"},{"@type":"Organization","@id":"https:\/\/www.greenpeace.org\/luxembourg\/fr\/#organization","name":"Greenpeace Luxembourg","url":"https:\/\/www.greenpeace.org\/luxembourg\/fr\/","logo":{"@type":"ImageObject","inLanguage":"fr-LU","@id":"https:\/\/www.greenpeace.org\/luxembourg\/fr\/#\/schema\/logo\/image\/","url":"https:\/\/www.greenpeace.org\/static\/planet4-luxembourg-stateless\/2026\/03\/3e367f94-greenpeace_logo_green_rgb.png","contentUrl":"https:\/\/www.greenpeace.org\/static\/planet4-luxembourg-stateless\/2026\/03\/3e367f94-greenpeace_logo_green_rgb.png","width":1080,"height":175,"caption":"Greenpeace Luxembourg"},"image":{"@id":"https:\/\/www.greenpeace.org\/luxembourg\/fr\/#\/schema\/logo\/image\/"},"sameAs":["https:\/\/www.facebook.com\/greenpeaceluxembourg","https:\/\/www.instagram.com\/greenpeacelux\/","https:\/\/www.linkedin.com\/company\/greenpeace-luxembourg\/","https:\/\/www.threads.com\/@greenpeacelux","https:\/\/bsky.app\/profile\/greenpeacelux.bsky.social","https:\/\/www.youtube.com\/@GreenpeaceLux","https:\/\/www.tiktok.com\/@greenpeace_lux"]}]}},"_links":{"self":[{"href":"https:\/\/www.greenpeace.org\/luxembourg\/fr\/wp-json\/wp\/v2\/pages\/614","targetHints":{"allow":["GET"]}}],"collection":[{"href":"https:\/\/www.greenpeace.org\/luxembourg\/fr\/wp-json\/wp\/v2\/pages"}],"about":[{"href":"https:\/\/www.greenpeace.org\/luxembourg\/fr\/wp-json\/wp\/v2\/types\/page"}],"author":[{"embeddable":true,"href":"https:\/\/www.greenpeace.org\/luxembourg\/fr\/wp-json\/wp\/v2\/users\/16"}],"replies":[{"embeddable":true,"href":"https:\/\/www.greenpeace.org\/luxembourg\/fr\/wp-json\/wp\/v2\/comments?post=614"}],"version-history":[{"count":20,"href":"https:\/\/www.greenpeace.org\/luxembourg\/fr\/wp-json\/wp\/v2\/pages\/614\/revisions"}],"predecessor-version":[{"id":27730,"href":"https:\/\/www.greenpeace.org\/luxembourg\/fr\/wp-json\/wp\/v2\/pages\/614\/revisions\/27730"}],"up":[{"embeddable":true,"href":"https:\/\/www.greenpeace.org\/luxembourg\/fr\/wp-json\/wp\/v2\/pages\/323"}],"wp:featuredmedia":[{"embeddable":true,"href":"https:\/\/www.greenpeace.org\/luxembourg\/fr\/wp-json\/wp\/v2\/media\/335"}],"wp:attachment":[{"href":"https:\/\/www.greenpeace.org\/luxembourg\/fr\/wp-json\/wp\/v2\/media?parent=614"}],"wp:term":[{"taxonomy":"category","embeddable":true,"href":"https:\/\/www.greenpeace.org\/luxembourg\/fr\/wp-json\/wp\/v2\/categories?post=614"},{"taxonomy":"post_tag","embeddable":true,"href":"https:\/\/www.greenpeace.org\/luxembourg\/fr\/wp-json\/wp\/v2\/tags?post=614"}],"curies":[{"name":"wp","href":"https:\/\/api.w.org\/{rel}","templated":true}]}}