{"id":10202,"date":"2022-04-25T12:11:53","date_gmt":"2022-04-25T09:11:53","guid":{"rendered":"https:\/\/www.greenpeace.org\/mena\/support-us\/"},"modified":"2025-05-07T13:19:20","modified_gmt":"2025-05-07T10:19:20","slug":"soutenez-nous","status":"publish","type":"page","link":"https:\/\/www.greenpeace.org\/mena\/fr\/soutenez-nous\/","title":{"rendered":"Soutenez Nous"},"content":{"rendered":"\n<div class=\"wp-block-planet4-blocks-carousel-header\"><div data-hydrate=\"planet4-blocks\/carousel-header\" data-attributes=\"{&quot;carousel_autoplay&quot;:false,&quot;slides&quot;:[{&quot;image&quot;:10039,&quot;focal_points&quot;:{&quot;x&quot;:&quot;0.50&quot;,&quot;y&quot;:&quot;0.33&quot;},&quot;header&quot;:&quot;Soutenez-nous&quot;,&quot;description&quot;:&quot;L\u2019afrique du Nord et le Moyen-Orient sont parmi les r\u00e9gions les plus vuln\u00e9rables et touch\u00e9es dans le monde par le changement climatique.\u00a0&lt;br&gt;Faible niveau de pluie, augmentation des temp\u00e9ratures et s\u00e9cheresse et tant d\u2019autres raisons nous poussent \u00e0 maintenir notre mission pour la r\u00e9gion et ses habitants. Aidez-nous \u00e0 pr\u00e9server la plan\u00e8te pour les g\u00e9n\u00e9rations \u00e0 venir.&quot;,&quot;link_text&quot;:&quot;Faire un don&quot;,&quot;link_url&quot;:&quot;https:\/\/eu1.hubs.ly\/H06p3_40&quot;,&quot;link_url_new_tab&quot;:true,&quot;image_url&quot;:&quot;https:\/\/www.greenpeace.org\/static\/planet4-mena-stateless\/2022\/04\/cd8d1d18-slider.jpg&quot;,&quot;image_srcset&quot;:&quot;https:\/\/www.greenpeace.org\/static\/planet4-mena-stateless\/2022\/04\/cd8d1d18-slider-150x150.jpg 150w,https:\/\/www.greenpeace.org\/static\/planet4-mena-stateless\/2022\/04\/cd8d1d18-slider-300x200.jpg 300w,https:\/\/www.greenpeace.org\/static\/planet4-mena-stateless\/2022\/04\/cd8d1d18-slider-510x340.jpg 510w,https:\/\/www.greenpeace.org\/static\/planet4-mena-stateless\/2022\/04\/cd8d1d18-slider.jpg 800w&quot;}]}\"><section class=\"block block-header alignfull carousel-header \"><div class=\"carousel-wrapper-header\"><div class=\"carousel-inner\" role=\"listbox\"><div class=\"carousel-item active\"><div class=\"carousel-item-mask\"><div class=\"background-holder\"><img decoding=\"async\" src=\"https:\/\/www.greenpeace.org\/static\/planet4-mena-stateless\/2022\/04\/cd8d1d18-slider.jpg\" style=\"object-position:50% 33%\" srcSet=\"https:\/\/www.greenpeace.org\/static\/planet4-mena-stateless\/2022\/04\/cd8d1d18-slider-150x150.jpg 150w,https:\/\/www.greenpeace.org\/static\/planet4-mena-stateless\/2022\/04\/cd8d1d18-slider-300x200.jpg 300w,https:\/\/www.greenpeace.org\/static\/planet4-mena-stateless\/2022\/04\/cd8d1d18-slider-510x340.jpg 510w,https:\/\/www.greenpeace.org\/static\/planet4-mena-stateless\/2022\/04\/cd8d1d18-slider.jpg 800w\"\/><\/div><div class=\"carousel-caption\"><div class=\"caption-overlay\"><\/div><div class=\"container main-header\"><div class=\"carousel-captions-wrapper\"><h2>Soutenez-nous<\/h2><p>L\u2019afrique du Nord et le Moyen-Orient sont parmi les r\u00e9gions les plus vuln\u00e9rables et touch\u00e9es dans le monde par le changement climatique.\u00a0<br>Faible niveau de pluie, augmentation des temp\u00e9ratures et s\u00e9cheresse et tant d\u2019autres raisons nous poussent \u00e0 maintenir notre mission pour la r\u00e9gion et ses habitants. Aidez-nous \u00e0 pr\u00e9server la plan\u00e8te pour les g\u00e9n\u00e9rations \u00e0 venir.<\/p><\/div><div class=\"col-xs-12 col-sm-8 col-md-4 action-button\"><a href=\"https:\/\/eu1.hubs.ly\/H06p3_40\" class=\"btn btn-primary btn-block\" data-ga-category=\"Carousel Header\" data-ga-action=\"Call to Action\" rel=\"noreferrer noopener\" target=\"_blank\"><span>Faire un don<\/span><\/a><\/div><\/div><\/div><\/div><\/div><\/div><\/div><\/section><\/div><\/div>\n\n<div class=\"wp-block-columns is-layout-flex wp-container-core-columns-is-layout-9d6595d7 wp-block-columns-is-layout-flex\">\n<div class=\"wp-block-column is-layout-flow wp-block-column-is-layout-flow\">\n<h2 class=\"wp-block-heading has-text-align-center has-green-500-color has-text-color has-x-large-font-size\" style=\"text-transform:uppercase\"><strong><strong>Comment nous soutenir ?<\/strong><\/strong><\/h2>\n<\/div>\n<\/div>\n\n<div class=\"wp-block-columns is-layout-flex wp-container-core-columns-is-layout-9d6595d7 wp-block-columns-is-layout-flex\">\n<div class=\"wp-block-column is-layout-flow wp-block-column-is-layout-flow\">\n<p class=\"has-text-align-center\">Il existe diff\u00e9rentes mani\u00e8res d\u2019apporter votre soutien aux campagnes de Greenpeace MENA pour nous aider \u00e0 cr\u00e9er un changement r\u00e9el et durable dans le monde.<\/p>\n<\/div>\n<\/div>\n\n<div style=\"height:10px\" aria-hidden=\"true\" class=\"wp-block-spacer\"><\/div>\n<div data-render=\"planet4-blocks\/columns\" data-attributes=\"{&quot;attributes&quot;:{&quot;columns_block_style&quot;:&quot;image&quot;,&quot;columns_title&quot;:&quot;&quot;,&quot;columns&quot;:[{&quot;attachment&quot;:&quot;https:\\\/\\\/www.greenpeace.org\\\/static\\\/planet4-mena-stateless\\\/2022\\\/06\\\/c8a91587-online-donation-510x286.jpeg&quot;,&quot;title&quot;:&quot;Don en ligne&quot;,&quot;description&quot;:&quot;Faites un don sp\\u00e9cial en ligne avec une contribution r\\u00e9guli\\u00e8re ou ponctuelle et soutenez l&#039;action climatique de Greenpeace MENA.&quot;,&quot;cta_text&quot;:&quot;En savoir plus \\u2295&quot;,&quot;cta_link&quot;:&quot;https:\\\/\\\/gpmena.secure.force.com\\\/StripePaymentScreenfrench&quot;,&quot;link_new_tab&quot;:true,&quot;attachment_srcset&quot;:&quot;https:\\\/\\\/www.greenpeace.org\\\/static\\\/planet4-mena-stateless\\\/2022\\\/06\\\/c8a91587-online-donation-510x286.jpeg 510w, https:\\\/\\\/www.greenpeace.org\\\/static\\\/planet4-mena-stateless\\\/2022\\\/06\\\/c8a91587-online-donation-300x168.jpeg 300w, https:\\\/\\\/www.greenpeace.org\\\/static\\\/planet4-mena-stateless\\\/2022\\\/06\\\/c8a91587-online-donation-768x431.jpeg 768w, https:\\\/\\\/www.greenpeace.org\\\/static\\\/planet4-mena-stateless\\\/2022\\\/06\\\/c8a91587-online-donation.jpeg 786w&quot;},{&quot;cta_link&quot;:&quot;https:\\\/\\\/www.greenpeace.org\\\/mena\\\/fr\\\/dons-majeurs-et-fondations\\\/&quot;,&quot;link_new_tab&quot;:true,&quot;title&quot;:&quot;Dons individuels Majeurs et Fondations&quot;,&quot;description&quot;:&quot;D\\u00e9couvrez comment vous pouvez soutenir nos campagnes avec un don majeur qui cr\\u00e9era un impact consid\\u00e9rable.&quot;,&quot;attachment&quot;:&quot;https:\\\/\\\/www.greenpeace.org\\\/static\\\/planet4-mena-stateless\\\/2022\\\/04\\\/906e0ab5-major-donors-510x287.jpg&quot;,&quot;cta_text&quot;:&quot;En savoir plus \\u2295&quot;,&quot;attachment_srcset&quot;:&quot;https:\\\/\\\/www.greenpeace.org\\\/static\\\/planet4-mena-stateless\\\/2022\\\/04\\\/906e0ab5-major-donors-510x287.jpg 510w, https:\\\/\\\/www.greenpeace.org\\\/static\\\/planet4-mena-stateless\\\/2022\\\/04\\\/906e0ab5-major-donors-300x169.jpg 300w, https:\\\/\\\/www.greenpeace.org\\\/static\\\/planet4-mena-stateless\\\/2022\\\/04\\\/906e0ab5-major-donors-768x432.jpg 768w, https:\\\/\\\/www.greenpeace.org\\\/static\\\/planet4-mena-stateless\\\/2022\\\/04\\\/906e0ab5-major-donors.jpg 800w&quot;}],&quot;className&quot;:&quot;is-style-image&quot;}}\"><\/div><div data-render=\"planet4-blocks\/columns\" data-attributes=\"{&quot;attributes&quot;:{&quot;columns_block_style&quot;:&quot;image&quot;,&quot;columns&quot;:[{&quot;description&quot;:&quot;Collecter des dons pour le climat peut \\u00eatre une chose difficile, mais elle peut tout autant \\u00eatre cr\\u00e9ative. Soyez un agent du changement et d\\u00e9couvrez comment vous pouvez collecter des dons avec Greenpeace&quot;,&quot;title&quot;:&quot;Lev\\u00e9e de fonds avec Greenpeace&quot;,&quot;attachment&quot;:&quot;https:\\\/\\\/www.greenpeace.org\\\/static\\\/planet4-mena-stateless\\\/2022\\\/06\\\/e058b3e8-fundraise-with-us-picture-scaled-1-510x166.jpeg&quot;,&quot;cta_text&quot;:&quot;En savoir plus \\u2295&quot;,&quot;cta_link&quot;:&quot;https:\\\/\\\/mailto:funmena@greenpeace.org&quot;,&quot;attachment_srcset&quot;:&quot;https:\\\/\\\/www.greenpeace.org\\\/static\\\/planet4-mena-stateless\\\/2022\\\/06\\\/e058b3e8-fundraise-with-us-picture-scaled-1-510x166.jpeg 510w, https:\\\/\\\/www.greenpeace.org\\\/static\\\/planet4-mena-stateless\\\/2022\\\/06\\\/e058b3e8-fundraise-with-us-picture-scaled-1-300x98.jpeg 300w, https:\\\/\\\/www.greenpeace.org\\\/static\\\/planet4-mena-stateless\\\/2022\\\/06\\\/e058b3e8-fundraise-with-us-picture-scaled-1-1024x334.jpeg 1024w, https:\\\/\\\/www.greenpeace.org\\\/static\\\/planet4-mena-stateless\\\/2022\\\/06\\\/e058b3e8-fundraise-with-us-picture-scaled-1-768x250.jpeg 768w, https:\\\/\\\/www.greenpeace.org\\\/static\\\/planet4-mena-stateless\\\/2022\\\/06\\\/e058b3e8-fundraise-with-us-picture-scaled-1-1536x500.jpeg 1536w, https:\\\/\\\/www.greenpeace.org\\\/static\\\/planet4-mena-stateless\\\/2022\\\/06\\\/e058b3e8-fundraise-with-us-picture-scaled-1-2048x667.jpeg 2048w&quot;},[]],&quot;className&quot;:&quot;is-style-image&quot;}}\"><\/div>\n<div style=\"height:10px\" aria-hidden=\"true\" class=\"wp-block-spacer\"><\/div>\n\n<div style=\"height:10px\" aria-hidden=\"true\" class=\"wp-block-spacer\"><\/div>\n\n<div class=\"wp-block-columns is-layout-flex wp-container-core-columns-is-layout-9d6595d7 wp-block-columns-is-layout-flex\">\n<div class=\"wp-block-column is-layout-flow wp-block-column-is-layout-flow\">\n<h2 class=\"wp-block-heading has-text-align-center has-white-color has-green-500-background-color has-text-color has-background has-x-large-font-size\"><strong><strong>Notre politique d\u2019ind\u00e9pendance et de transparence<\/strong><\/strong><\/h2>\n<\/div>\n<\/div>\n\n<div class=\"wp-block-columns is-layout-flex wp-container-core-columns-is-layout-9d6595d7 wp-block-columns-is-layout-flex\">\n<div class=\"wp-block-column is-layout-flow wp-block-column-is-layout-flow\">\n<p class=\"has-text-align-center\">Greenpeace MENA est enti\u00e8rement financ\u00e9 par des g\u00e9n\u00e9reux individus motiv\u00e9s par la protection de notre pr\u00e9cieuse plan\u00e8te.&nbsp; Nous avons mis en place des politiques et des proc\u00e9dures strictes pour nous assurer que chaque centime est d\u00e9pens\u00e9 avec le plus grand soin.<\/p>\n<\/div>\n<\/div>\n\n<div class=\"wp-block-buttons is-content-justification-center is-layout-flex wp-container-core-buttons-is-layout-16018d1d wp-block-buttons-is-layout-flex\">\n<div class=\"wp-block-button is-style-cta\"><a class=\"wp-block-button__link has-green-500-background-color has-background wp-element-button\" href=\"https:\/\/www.greenpeace.org\/mena\/fr\/notre-vision-et-nos-valeurs\/\" target=\"_blank\" rel=\"noopener\">En savoir plus<\/a><\/div>\n<\/div>\n\n<hr class=\"wp-block-separator has-text-color has-white-color has-css-opacity has-white-background-color has-background alignfull is-style-dots\"\/>\n\n<div style=\"height:10px\" aria-hidden=\"true\" class=\"wp-block-spacer\"><\/div>\n\n<div class=\"wp-block-columns is-layout-flex wp-container-core-columns-is-layout-9d6595d7 wp-block-columns-is-layout-flex\">\n<div class=\"wp-block-column is-layout-flow wp-block-column-is-layout-flow\">\n<h1 class=\"wp-block-heading has-text-align-center has-green-500-color has-text-color has-x-large-font-size\"><strong>T\u00e9moignages de donateurs r\u00e9guliers<\/strong><\/h1>\n\n\n\n<p class=\"has-text-align-center is-style-roboto-font-family\">D\u00e9couvrez l\u2019histoire de Mr George. Une histoire qui a commenc\u00e9 20 ans plut\u00f4t.<\/p>\n<\/div>\n<\/div>\n\n<figure class=\"wp-block-embed is-type-rich is-provider-embed-handler wp-block-embed-embed-handler wp-embed-aspect-16-9 wp-has-aspect-ratio\"><div class=\"wp-block-embed__wrapper\">\n<lite-youtube style=\"background-image: url('https:\/\/i.ytimg.com\/vi\/2CQfNb1sHUM\/hqdefault.jpg');\" videoid=\"2CQfNb1sHUM\" params=\"rel=0\"><\/lite-youtube>\n<\/div><\/figure>\n\n<div style=\"height:10px\" aria-hidden=\"true\" class=\"wp-block-spacer\"><\/div>\n\n<div class=\"wp-block-columns is-layout-flex wp-container-core-columns-is-layout-9d6595d7 wp-block-columns-is-layout-flex\">\n<div class=\"wp-block-column is-layout-flow wp-block-column-is-layout-flow\"><\/div>\n<\/div>\n\n<div style=\"height:10px\" aria-hidden=\"true\" class=\"wp-block-spacer\"><\/div>\n","protected":false},"excerpt":{"rendered":"<p>Comment nous soutenir ? Il existe diff\u00e9rentes mani\u00e8res d\u2019apporter votre soutien aux campagnes de Greenpeace MENA pour nous aider \u00e0 cr\u00e9er un changement r\u00e9el et durable dans le monde. Notre politique d\u2019ind\u00e9pendance et de transparence Greenpeace MENA est enti\u00e8rement financ\u00e9 par des g\u00e9n\u00e9reux individus motiv\u00e9s par la protection de notre pr\u00e9cieuse plan\u00e8te.&nbsp; Nous avons mis [&hellip;]<\/p>\n","protected":false},"author":8,"featured_media":0,"parent":0,"menu_order":0,"comment_status":"closed","ping_status":"closed","template":"page-templates\/evergreen.php","meta":{"_planet4_optimize_post_is_variant":false,"_planet4_optimize_experiment_name":"","_planet4_optimize_variant_name":"","ep_exclude_from_search":false,"p4_hide_page_title_checkbox":"on","p4_title":"","p4_subtitle":"","p4_description":"","background_image_id":"","background_image":"","p4_button_title":"","p4_button_link":"","p4_button_link_checkbox":"","p4_og_title":"","p4_og_description":"","p4_og_image":"","p4_og_image_id":"","p4_seo_canonical_url":"","p4_campaign_name":"not set","p4_local_project":"not set","p4_basket_name":"not set","p4_department":"","footnotes":""},"categories":[],"tags":[],"class_list":["post-10202","page","type-page","status-publish","hentry"],"_links":{"self":[{"href":"https:\/\/www.greenpeace.org\/mena\/fr\/wp-json\/wp\/v2\/pages\/10202","targetHints":{"allow":["GET"]}}],"collection":[{"href":"https:\/\/www.greenpeace.org\/mena\/fr\/wp-json\/wp\/v2\/pages"}],"about":[{"href":"https:\/\/www.greenpeace.org\/mena\/fr\/wp-json\/wp\/v2\/types\/page"}],"author":[{"embeddable":true,"href":"https:\/\/www.greenpeace.org\/mena\/fr\/wp-json\/wp\/v2\/users\/8"}],"replies":[{"embeddable":true,"href":"https:\/\/www.greenpeace.org\/mena\/fr\/wp-json\/wp\/v2\/comments?post=10202"}],"version-history":[{"count":19,"href":"https:\/\/www.greenpeace.org\/mena\/fr\/wp-json\/wp\/v2\/pages\/10202\/revisions"}],"predecessor-version":[{"id":16757,"href":"https:\/\/www.greenpeace.org\/mena\/fr\/wp-json\/wp\/v2\/pages\/10202\/revisions\/16757"}],"wp:attachment":[{"href":"https:\/\/www.greenpeace.org\/mena\/fr\/wp-json\/wp\/v2\/media?parent=10202"}],"wp:term":[{"taxonomy":"category","embeddable":true,"href":"https:\/\/www.greenpeace.org\/mena\/fr\/wp-json\/wp\/v2\/categories?post=10202"},{"taxonomy":"post_tag","embeddable":true,"href":"https:\/\/www.greenpeace.org\/mena\/fr\/wp-json\/wp\/v2\/tags?post=10202"}],"curies":[{"name":"wp","href":"https:\/\/api.w.org\/{rel}","templated":true}]}}