{"id":11553,"date":"2022-12-08T16:05:46","date_gmt":"2022-12-08T13:05:46","guid":{"rendered":"https:\/\/www.greenpeace.org\/mena\/agissez\/environmental-quiz\/"},"modified":"2025-05-07T13:18:54","modified_gmt":"2025-05-07T10:18:54","slug":"le-quiz-autour-de-lenvironment","status":"publish","type":"page","link":"https:\/\/www.greenpeace.org\/mena\/fr\/agissez\/le-quiz-autour-de-lenvironment\/","title":{"rendered":"Le quiz autour de l\u2019environment"},"content":{"rendered":"\n                \n                <div class=\"wp-block-group alignfull is-layout-flow wp-block-group-is-layout-flow\">\n                \n                <div class=\"wp-block-group container is-layout-flow wp-block-group-is-layout-flow\">\n                \n                <div class=\"wp-block-media-text alignfull has-media-on-the-right is-stacked-on-mobile is-pattern-p4-page-header is-style-parallax\">\n\n                <div class=\"wp-block-media-text__content\">\n                    <div class=\"wp-block-group is-layout-flow wp-block-group-is-layout-flow\">\n                    \n                        <h1 class=\"wp-block-heading has-white-background-color has-background\">\n                            le quiz autour de l\u2019environment\n                        <\/h1>\n                    <\/div>\n                \n\n                \n                        <p style=\"font-size:1.25rem\">\n                            Prenez le quiz autour de l\u2019environment pour savoir a quel point votre lifestyle respect la nature mais aussi connaitre les actions que vous pouvez entreprendre qui auront un impact majeur\n\n                        <\/p>\n                    \n\n                \n                        <div class=\"wp-block-buttons is-layout-flex wp-block-buttons-is-layout-flex\">\n                            \n                        <\/div>\n                        <div class=\"wp-block-button is-style-cta\">\n                            <a class=\"wp-block-button__link wp-element-button\" href=\"https:\/\/www.greenpeace.org\/mena\/fr\/trouver-des-actions-faites-pour-vous\/\" target=\"\" rel=\"noreferrer noopener\">\n                                Commencer le quiz\n                            <\/a>\n                        <\/div>\n                    \n\n                <\/div>\n                <figure class=\"wp-block-media-text__media\">\n                    <img loading=\"lazy\" decoding=\"async\" width=\"2560\" height=\"796\"\n                        src=\"https:\/\/www.greenpeace.org\/static\/planet4-mena-stateless\/2022\/12\/6954feb8-find-actions-for-you-carrousel-scaled.jpg\"\n                        alt=\"\"\n                        sizes=\"auto, (min-width: 601px) 50vw, 100vw\" srcset=\"https:\/\/www.greenpeace.org\/static\/planet4-mena-stateless\/2022\/12\/6954feb8-find-actions-for-you-carrousel-scaled.jpg 2560w, https:\/\/www.greenpeace.org\/static\/planet4-mena-stateless\/2022\/12\/6954feb8-find-actions-for-you-carrousel-300x93.jpg 300w, https:\/\/www.greenpeace.org\/static\/planet4-mena-stateless\/2022\/12\/6954feb8-find-actions-for-you-carrousel-1024x318.jpg 1024w, https:\/\/www.greenpeace.org\/static\/planet4-mena-stateless\/2022\/12\/6954feb8-find-actions-for-you-carrousel-768x239.jpg 768w, https:\/\/www.greenpeace.org\/static\/planet4-mena-stateless\/2022\/12\/6954feb8-find-actions-for-you-carrousel-1536x478.jpg 1536w, https:\/\/www.greenpeace.org\/static\/planet4-mena-stateless\/2022\/12\/6954feb8-find-actions-for-you-carrousel-2048x637.jpg 2048w, https:\/\/www.greenpeace.org\/static\/planet4-mena-stateless\/2022\/12\/6954feb8-find-actions-for-you-carrousel-510x159.jpg 510w\" class=\"wp-image-11542 size-full\"\n                    \/>\n                <\/figure>\n                <\/div>\n                \n                <\/div>\n                \n                <\/div>\n                \n                \n<p><\/p>\n\n<h3 class=\"wp-block-heading\"><\/h3>\n","protected":false},"excerpt":{"rendered":"<p>Prenez le quiz autour de l\u2019environment pour savoir a quel point votre lifestyle respect la nature mais aussi connaitre les actions que vous pouvez entreprendre qui auront un impact majeur.<\/p>\n","protected":false},"author":8,"featured_media":11531,"parent":4281,"menu_order":0,"comment_status":"open","ping_status":"closed","template":"","meta":{"_planet4_optimize_post_is_variant":false,"_planet4_optimize_experiment_name":"","_planet4_optimize_variant_name":"","ep_exclude_from_search":false,"p4_hide_page_title_checkbox":"on","p4_title":"","p4_subtitle":"","p4_description":"","background_image_id":"","background_image":"","p4_button_title":"","p4_button_link":"","p4_button_link_checkbox":"","p4_og_title":"","p4_og_description":"","p4_og_image":"https:\/\/www.greenpeace.org\/static\/planet4-mena-stateless\/2022\/12\/6954feb8-find-actions-for-you-carrousel-scaled.jpg","p4_og_image_id":"11540","p4_seo_canonical_url":"","p4_campaign_name":"Green Ideas","p4_local_project":"not set","p4_basket_name":"Good Life","p4_department":"MENA","footnotes":""},"categories":[],"tags":[161,162,173],"class_list":["post-11553","page","type-page","status-publish","has-post-thumbnail","hentry","tag-consommation-fr","tag-urbain-fr","tag-greenpeace-fr"],"yoast_head":"<!-- This site is optimized with the Yoast SEO Premium plugin v23.9 (Yoast SEO v23.9) - https:\/\/yoast.com\/wordpress\/plugins\/seo\/ -->\n<title>Le quiz autour de l\u2019environment - Greenpeace Moyen Orient et Afrique du Nord<\/title>\n<meta name=\"robots\" content=\"index, follow, max-snippet:-1, max-image-preview:large, max-video-preview:-1\" \/>\n<link rel=\"canonical\" href=\"http:\/\/www.greenpeace.org\/mena\/ar\/\u062a\u062d\u0631\u0651\u0643\/\u0627\u0644\u0627\u062e\u062a\u0628\u0627\u0631-\u0627\u0644\u0628\u064a\u0626\u064a\/\" \/>\n<meta property=\"og:locale\" content=\"fr_FR\" \/>\n<meta property=\"og:type\" content=\"article\" \/>\n<meta property=\"og:title\" content=\"Le quiz autour de l\u2019environment\" \/>\n<meta property=\"og:description\" content=\"Prenez le quiz autour de l\u2019environment pour savoir a quel point votre lifestyle respect la nature mais aussi connaitre les actions que vous pouvez entreprendre qui auront un impact majeur.\" \/>\n<meta property=\"og:url\" content=\"http:\/\/www.greenpeace.org\/mena\/ar\/\u062a\u062d\u0631\u0651\u0643\/\u0627\u0644\u0627\u062e\u062a\u0628\u0627\u0631-\u0627\u0644\u0628\u064a\u0626\u064a\/\" \/>\n<meta property=\"og:site_name\" content=\"Greenpeace Moyen Orient et Afrique du Nord\" \/>\n<meta property=\"article:publisher\" content=\"https:\/\/www.facebook.com\/GreenpeaceAR\" \/>\n<meta property=\"article:modified_time\" content=\"2025-05-07T10:18:54+00:00\" \/>\n<meta property=\"og:image\" content=\"https:\/\/www.greenpeace.org\/static\/planet4-mena-stateless\/2022\/12\/a3eebbed-find-actions-for-you-featured.jpg\" \/>\n\t<meta property=\"og:image:width\" content=\"1020\" \/>\n\t<meta property=\"og:image:height\" content=\"650\" \/>\n\t<meta property=\"og:image:type\" content=\"image\/jpeg\" \/>\n<meta name=\"twitter:card\" content=\"summary_large_image\" \/>\n<meta name=\"twitter:site\" content=\"@GreenpeaceAR\" \/>\n<script type=\"application\/ld+json\" class=\"yoast-schema-graph\">{\"@context\":\"https:\/\/schema.org\",\"@graph\":[{\"@type\":\"WebPage\",\"@id\":\"http:\/\/www.greenpeace.org\/mena\/ar\/%d8%aa%d8%ad%d8%b1%d9%91%d9%83\/%d8%a7%d9%84%d8%a7%d8%ae%d8%aa%d8%a8%d8%a7%d8%b1-%d8%a7%d9%84%d8%a8%d9%8a%d8%a6%d9%8a\/\",\"url\":\"http:\/\/www.greenpeace.org\/mena\/ar\/%d8%aa%d8%ad%d8%b1%d9%91%d9%83\/%d8%a7%d9%84%d8%a7%d8%ae%d8%aa%d8%a8%d8%a7%d8%b1-%d8%a7%d9%84%d8%a8%d9%8a%d8%a6%d9%8a\/\",\"name\":\"Le quiz autour de l\u2019environment - Greenpeace Moyen Orient et Afrique du Nord\",\"isPartOf\":{\"@id\":\"https:\/\/www.greenpeace.org\/mena\/ar\/#website\"},\"primaryImageOfPage\":{\"@id\":\"http:\/\/www.greenpeace.org\/mena\/ar\/%d8%aa%d8%ad%d8%b1%d9%91%d9%83\/%d8%a7%d9%84%d8%a7%d8%ae%d8%aa%d8%a8%d8%a7%d8%b1-%d8%a7%d9%84%d8%a8%d9%8a%d8%a6%d9%8a\/#primaryimage\"},\"image\":{\"@id\":\"http:\/\/www.greenpeace.org\/mena\/ar\/%d8%aa%d8%ad%d8%b1%d9%91%d9%83\/%d8%a7%d9%84%d8%a7%d8%ae%d8%aa%d8%a8%d8%a7%d8%b1-%d8%a7%d9%84%d8%a8%d9%8a%d8%a6%d9%8a\/#primaryimage\"},\"thumbnailUrl\":\"https:\/\/www.greenpeace.org\/static\/planet4-mena-stateless\/2022\/12\/a3eebbed-find-actions-for-you-featured.jpg\",\"datePublished\":\"2022-12-08T13:05:46+00:00\",\"dateModified\":\"2025-05-07T10:18:54+00:00\",\"breadcrumb\":{\"@id\":\"http:\/\/www.greenpeace.org\/mena\/ar\/%d8%aa%d8%ad%d8%b1%d9%91%d9%83\/%d8%a7%d9%84%d8%a7%d8%ae%d8%aa%d8%a8%d8%a7%d8%b1-%d8%a7%d9%84%d8%a8%d9%8a%d8%a6%d9%8a\/#breadcrumb\"},\"inLanguage\":\"fr\",\"potentialAction\":[{\"@type\":\"ReadAction\",\"target\":[\"http:\/\/www.greenpeace.org\/mena\/ar\/%d8%aa%d8%ad%d8%b1%d9%91%d9%83\/%d8%a7%d9%84%d8%a7%d8%ae%d8%aa%d8%a8%d8%a7%d8%b1-%d8%a7%d9%84%d8%a8%d9%8a%d8%a6%d9%8a\/\"]}]},{\"@type\":\"ImageObject\",\"inLanguage\":\"fr\",\"@id\":\"http:\/\/www.greenpeace.org\/mena\/ar\/%d8%aa%d8%ad%d8%b1%d9%91%d9%83\/%d8%a7%d9%84%d8%a7%d8%ae%d8%aa%d8%a8%d8%a7%d8%b1-%d8%a7%d9%84%d8%a8%d9%8a%d8%a6%d9%8a\/#primaryimage\",\"url\":\"https:\/\/www.greenpeace.org\/static\/planet4-mena-stateless\/2022\/12\/a3eebbed-find-actions-for-you-featured.jpg\",\"contentUrl\":\"https:\/\/www.greenpeace.org\/static\/planet4-mena-stateless\/2022\/12\/a3eebbed-find-actions-for-you-featured.jpg\",\"width\":1020,\"height\":650},{\"@type\":\"BreadcrumbList\",\"@id\":\"http:\/\/www.greenpeace.org\/mena\/ar\/%d8%aa%d8%ad%d8%b1%d9%91%d9%83\/%d8%a7%d9%84%d8%a7%d8%ae%d8%aa%d8%a8%d8%a7%d8%b1-%d8%a7%d9%84%d8%a8%d9%8a%d8%a6%d9%8a\/#breadcrumb\",\"itemListElement\":[{\"@type\":\"ListItem\",\"position\":1,\"name\":\"Home\",\"item\":\"https:\/\/www.greenpeace.org\/mena\/fr\/\"},{\"@type\":\"ListItem\",\"position\":2,\"name\":\"Agir\",\"item\":\"http:\/\/www.greenpeace.org\/mena\/ar\/%d8%aa%d8%ad%d8%b1%d9%91%d9%83\/\"},{\"@type\":\"ListItem\",\"position\":3,\"name\":\"Le quiz autour de l\u2019environment\"}]},{\"@type\":\"WebSite\",\"@id\":\"https:\/\/www.greenpeace.org\/mena\/ar\/#website\",\"url\":\"https:\/\/www.greenpeace.org\/mena\/ar\/\",\"name\":\"\u063a\u0631\u064a\u0646\u0628\u064a\u0633 \u0627\u0644\u0634\u0631\u0642 \u0627\u0644\u0623\u0648\u0633\u0637 \u0648\u0634\u0645\u0627\u0644 \u0623\u0641\u0631\u064a\u0642\u064a\u0627\",\"description\":\"Greenpeace MENA fait partie du r\u00e9seau Greenpeace, qui regroupe 28 organisations nationales\/r\u00e9gionales ind\u00e9pendantes r\u00e9parties dans plus de 56 pays d\u2019Europe, d\u2019Am\u00e9rique, d\u2019Afrique, d\u2019Asie et du Pacifique, ainsi qu\u2019un organisme de coordination, Greenpeace International.\",\"publisher\":{\"@id\":\"https:\/\/www.greenpeace.org\/mena\/ar\/#organization\"},\"potentialAction\":[{\"@type\":\"SearchAction\",\"target\":{\"@type\":\"EntryPoint\",\"urlTemplate\":\"https:\/\/www.greenpeace.org\/mena\/ar\/?s={search_term_string}\"},\"query-input\":{\"@type\":\"PropertyValueSpecification\",\"valueRequired\":true,\"valueName\":\"search_term_string\"}}],\"inLanguage\":\"fr\"},{\"@type\":\"Organization\",\"@id\":\"https:\/\/www.greenpeace.org\/mena\/ar\/#organization\",\"name\":\"\u063a\u0631\u064a\u0646\u0628\u064a\u0633 \u0627\u0644\u0634\u0631\u0642 \u0627\u0644\u0623\u0648\u0633\u0637 \u0648\u0634\u0645\u0627\u0644 \u0623\u0641\u0631\u064a\u0642\u064a\u0627\",\"url\":\"https:\/\/www.greenpeace.org\/mena\/ar\/\",\"logo\":{\"@type\":\"ImageObject\",\"inLanguage\":\"fr\",\"@id\":\"https:\/\/www.greenpeace.org\/mena\/ar\/#\/schema\/logo\/image\/\",\"url\":\"https:\/\/www.greenpeace.org\/static\/planet4-mena-stateless\/2026\/04\/10c28f45-logo_on_twitter.jpg\",\"contentUrl\":\"https:\/\/www.greenpeace.org\/static\/planet4-mena-stateless\/2026\/04\/10c28f45-logo_on_twitter.jpg\",\"width\":250,\"height\":250,\"caption\":\"\u063a\u0631\u064a\u0646\u0628\u064a\u0633 \u0627\u0644\u0634\u0631\u0642 \u0627\u0644\u0623\u0648\u0633\u0637 \u0648\u0634\u0645\u0627\u0644 \u0623\u0641\u0631\u064a\u0642\u064a\u0627\"},\"image\":{\"@id\":\"https:\/\/www.greenpeace.org\/mena\/ar\/#\/schema\/logo\/image\/\"},\"sameAs\":[\"https:\/\/www.facebook.com\/GreenpeaceAR\",\"https:\/\/x.com\/GreenpeaceAR\",\"https:\/\/www.instagram.com\/GreenpeaceAR\",\"https:\/\/www.tiktok.com\/@GreenpeaceAR\",\"https:\/\/www.youtube.com\/@Greenpeacear\"],\"description\":\"\u062a\u0623\u0633\u0651\u0633\u062a \u0645\u0646\u0638\u0651\u0645\u0629 \u063a\u0631\u064a\u0646\u0628\u064a\u0633 \u0627\u0644\u0634\u0631\u0642 \u0627\u0644\u0623\u0648\u0633\u0637 \u0648\u0634\u0645\u0627\u0644 \u0623\u0641\u0631\u064a\u0642\u064a\u0627 \u0641\u064a \u0627\u0644\u0639\u0627\u0645 2018 \u0644\u0644\u062a\u0635\u062f\u0651\u064a \u0644\u0644\u062a\u062d\u062f\u064a\u0627\u062a \u0627\u0644\u0628\u064a\u0626\u064a\u0629 \u0648\u0627\u0644\u0645\u0646\u0627\u062e\u064a\u0629 \u0627\u0644\u0645\u0639\u0642\u0651\u062f\u0629 \u0648\u0627\u0644\u0641\u0631\u064a\u062f\u0629 \u0627\u0644\u062a\u064a \u062a\u0648\u0627\u062c\u0647 \u0645\u0646\u0637\u0642\u062a\u0646\u0627\u060c \u0648\u0628\u0645\u0627 \u0623\u0646\u0651\u0646\u0627 \u0645\u0646\u0638\u0645\u0629 \u063a\u064a\u0631 \u0631\u0628\u062d\u064a\u0629 \u0645\u0633\u062a\u0642\u0644\u0651\u0629 \u062a\u0645\u0627\u0645\u064b\u0627 \u0633\u064a\u0627\u0633\u064a\u064b\u0627 \u0648\u0645\u0627\u0644\u064a\u064b\u0627\u060c \u0646\u0643\u0631\u0651\u0633 \u062c\u0647\u0648\u062f\u0646\u0627 \u0644\u062a\u0645\u0643\u064a\u0646 \u0627\u0644\u0645\u062c\u062a\u0645\u0639\u0627\u062a \u0627\u0644\u0645\u062d\u0644\u0651\u064a\u0629 \u0648\u0627\u0644\u062a\u0639\u0627\u0648\u0646 \u0645\u0639 \u062d\u0644\u0641\u0627\u0626\u0646\u0627 \u0644\u062a\u0637\u0648\u064a\u0631 \u062d\u0644\u0648\u0644 \u0645\u0628\u062a\u0643\u0631\u0629 \u0648\u0639\u0645\u0644\u064a\u0651\u0629 \u062a\u0633\u0627\u0639\u062f \u0627\u0644\u0623\u0641\u0631\u0627\u062f \u0639\u0644\u0649 \u0627\u0644\u0639\u064a\u0634 \u0641\u064a \u0627\u0646\u0633\u062c\u0627\u0645\u064d \u0645\u0639 \u0627\u0644\u0628\u064a\u0626\u0629.\",\"email\":\"info.arabic@greenpeace.org\",\"telephone\":\"+31 (06) 45712741\",\"legalName\":\"Stichting Greenpeace MENA\",\"foundingDate\":\"2018-07-18\",\"vatID\":\"859020046\",\"taxID\":\"859020046\",\"numberOfEmployees\":{\"@type\":\"QuantitativeValue\",\"minValue\":\"11\",\"maxValue\":\"50\"}}]}<\/script>\n<!-- \/ Yoast SEO Premium plugin. -->","yoast_head_json":{"title":"Le quiz autour de l\u2019environment - Greenpeace Moyen Orient et Afrique du Nord","robots":{"index":"index","follow":"follow","max-snippet":"max-snippet:-1","max-image-preview":"max-image-preview:large","max-video-preview":"max-video-preview:-1"},"canonical":"http:\/\/www.greenpeace.org\/mena\/ar\/\u062a\u062d\u0631\u0651\u0643\/\u0627\u0644\u0627\u062e\u062a\u0628\u0627\u0631-\u0627\u0644\u0628\u064a\u0626\u064a\/","og_locale":"fr_FR","og_type":"article","og_title":"Le quiz autour de l\u2019environment","og_description":"Prenez le quiz autour de l\u2019environment pour savoir a quel point votre lifestyle respect la nature mais aussi connaitre les actions que vous pouvez entreprendre qui auront un impact majeur.","og_url":"http:\/\/www.greenpeace.org\/mena\/ar\/\u062a\u062d\u0631\u0651\u0643\/\u0627\u0644\u0627\u062e\u062a\u0628\u0627\u0631-\u0627\u0644\u0628\u064a\u0626\u064a\/","og_site_name":"Greenpeace Moyen Orient et Afrique du Nord","article_publisher":"https:\/\/www.facebook.com\/GreenpeaceAR","article_modified_time":"2025-05-07T10:18:54+00:00","og_image":[{"width":1020,"height":650,"url":"https:\/\/www.greenpeace.org\/static\/planet4-mena-stateless\/2022\/12\/a3eebbed-find-actions-for-you-featured.jpg","type":"image\/jpeg"}],"twitter_card":"summary_large_image","twitter_site":"@GreenpeaceAR","schema":{"@context":"https:\/\/schema.org","@graph":[{"@type":"WebPage","@id":"http:\/\/www.greenpeace.org\/mena\/ar\/%d8%aa%d8%ad%d8%b1%d9%91%d9%83\/%d8%a7%d9%84%d8%a7%d8%ae%d8%aa%d8%a8%d8%a7%d8%b1-%d8%a7%d9%84%d8%a8%d9%8a%d8%a6%d9%8a\/","url":"http:\/\/www.greenpeace.org\/mena\/ar\/%d8%aa%d8%ad%d8%b1%d9%91%d9%83\/%d8%a7%d9%84%d8%a7%d8%ae%d8%aa%d8%a8%d8%a7%d8%b1-%d8%a7%d9%84%d8%a8%d9%8a%d8%a6%d9%8a\/","name":"Le quiz autour de l\u2019environment - Greenpeace Moyen Orient et Afrique du Nord","isPartOf":{"@id":"https:\/\/www.greenpeace.org\/mena\/ar\/#website"},"primaryImageOfPage":{"@id":"http:\/\/www.greenpeace.org\/mena\/ar\/%d8%aa%d8%ad%d8%b1%d9%91%d9%83\/%d8%a7%d9%84%d8%a7%d8%ae%d8%aa%d8%a8%d8%a7%d8%b1-%d8%a7%d9%84%d8%a8%d9%8a%d8%a6%d9%8a\/#primaryimage"},"image":{"@id":"http:\/\/www.greenpeace.org\/mena\/ar\/%d8%aa%d8%ad%d8%b1%d9%91%d9%83\/%d8%a7%d9%84%d8%a7%d8%ae%d8%aa%d8%a8%d8%a7%d8%b1-%d8%a7%d9%84%d8%a8%d9%8a%d8%a6%d9%8a\/#primaryimage"},"thumbnailUrl":"https:\/\/www.greenpeace.org\/static\/planet4-mena-stateless\/2022\/12\/a3eebbed-find-actions-for-you-featured.jpg","datePublished":"2022-12-08T13:05:46+00:00","dateModified":"2025-05-07T10:18:54+00:00","breadcrumb":{"@id":"http:\/\/www.greenpeace.org\/mena\/ar\/%d8%aa%d8%ad%d8%b1%d9%91%d9%83\/%d8%a7%d9%84%d8%a7%d8%ae%d8%aa%d8%a8%d8%a7%d8%b1-%d8%a7%d9%84%d8%a8%d9%8a%d8%a6%d9%8a\/#breadcrumb"},"inLanguage":"fr","potentialAction":[{"@type":"ReadAction","target":["http:\/\/www.greenpeace.org\/mena\/ar\/%d8%aa%d8%ad%d8%b1%d9%91%d9%83\/%d8%a7%d9%84%d8%a7%d8%ae%d8%aa%d8%a8%d8%a7%d8%b1-%d8%a7%d9%84%d8%a8%d9%8a%d8%a6%d9%8a\/"]}]},{"@type":"ImageObject","inLanguage":"fr","@id":"http:\/\/www.greenpeace.org\/mena\/ar\/%d8%aa%d8%ad%d8%b1%d9%91%d9%83\/%d8%a7%d9%84%d8%a7%d8%ae%d8%aa%d8%a8%d8%a7%d8%b1-%d8%a7%d9%84%d8%a8%d9%8a%d8%a6%d9%8a\/#primaryimage","url":"https:\/\/www.greenpeace.org\/static\/planet4-mena-stateless\/2022\/12\/a3eebbed-find-actions-for-you-featured.jpg","contentUrl":"https:\/\/www.greenpeace.org\/static\/planet4-mena-stateless\/2022\/12\/a3eebbed-find-actions-for-you-featured.jpg","width":1020,"height":650},{"@type":"BreadcrumbList","@id":"http:\/\/www.greenpeace.org\/mena\/ar\/%d8%aa%d8%ad%d8%b1%d9%91%d9%83\/%d8%a7%d9%84%d8%a7%d8%ae%d8%aa%d8%a8%d8%a7%d8%b1-%d8%a7%d9%84%d8%a8%d9%8a%d8%a6%d9%8a\/#breadcrumb","itemListElement":[{"@type":"ListItem","position":1,"name":"Home","item":"https:\/\/www.greenpeace.org\/mena\/fr\/"},{"@type":"ListItem","position":2,"name":"Agir","item":"http:\/\/www.greenpeace.org\/mena\/ar\/%d8%aa%d8%ad%d8%b1%d9%91%d9%83\/"},{"@type":"ListItem","position":3,"name":"Le quiz autour de l\u2019environment"}]},{"@type":"WebSite","@id":"https:\/\/www.greenpeace.org\/mena\/ar\/#website","url":"https:\/\/www.greenpeace.org\/mena\/ar\/","name":"\u063a\u0631\u064a\u0646\u0628\u064a\u0633 \u0627\u0644\u0634\u0631\u0642 \u0627\u0644\u0623\u0648\u0633\u0637 \u0648\u0634\u0645\u0627\u0644 \u0623\u0641\u0631\u064a\u0642\u064a\u0627","description":"Greenpeace MENA fait partie du r\u00e9seau Greenpeace, qui regroupe 28 organisations nationales\/r\u00e9gionales ind\u00e9pendantes r\u00e9parties dans plus de 56 pays d\u2019Europe, d\u2019Am\u00e9rique, d\u2019Afrique, d\u2019Asie et du Pacifique, ainsi qu\u2019un organisme de coordination, Greenpeace International.","publisher":{"@id":"https:\/\/www.greenpeace.org\/mena\/ar\/#organization"},"potentialAction":[{"@type":"SearchAction","target":{"@type":"EntryPoint","urlTemplate":"https:\/\/www.greenpeace.org\/mena\/ar\/?s={search_term_string}"},"query-input":{"@type":"PropertyValueSpecification","valueRequired":true,"valueName":"search_term_string"}}],"inLanguage":"fr"},{"@type":"Organization","@id":"https:\/\/www.greenpeace.org\/mena\/ar\/#organization","name":"\u063a\u0631\u064a\u0646\u0628\u064a\u0633 \u0627\u0644\u0634\u0631\u0642 \u0627\u0644\u0623\u0648\u0633\u0637 \u0648\u0634\u0645\u0627\u0644 \u0623\u0641\u0631\u064a\u0642\u064a\u0627","url":"https:\/\/www.greenpeace.org\/mena\/ar\/","logo":{"@type":"ImageObject","inLanguage":"fr","@id":"https:\/\/www.greenpeace.org\/mena\/ar\/#\/schema\/logo\/image\/","url":"https:\/\/www.greenpeace.org\/static\/planet4-mena-stateless\/2026\/04\/10c28f45-logo_on_twitter.jpg","contentUrl":"https:\/\/www.greenpeace.org\/static\/planet4-mena-stateless\/2026\/04\/10c28f45-logo_on_twitter.jpg","width":250,"height":250,"caption":"\u063a\u0631\u064a\u0646\u0628\u064a\u0633 \u0627\u0644\u0634\u0631\u0642 \u0627\u0644\u0623\u0648\u0633\u0637 \u0648\u0634\u0645\u0627\u0644 \u0623\u0641\u0631\u064a\u0642\u064a\u0627"},"image":{"@id":"https:\/\/www.greenpeace.org\/mena\/ar\/#\/schema\/logo\/image\/"},"sameAs":["https:\/\/www.facebook.com\/GreenpeaceAR","https:\/\/x.com\/GreenpeaceAR","https:\/\/www.instagram.com\/GreenpeaceAR","https:\/\/www.tiktok.com\/@GreenpeaceAR","https:\/\/www.youtube.com\/@Greenpeacear"],"description":"\u062a\u0623\u0633\u0651\u0633\u062a \u0645\u0646\u0638\u0651\u0645\u0629 \u063a\u0631\u064a\u0646\u0628\u064a\u0633 \u0627\u0644\u0634\u0631\u0642 \u0627\u0644\u0623\u0648\u0633\u0637 \u0648\u0634\u0645\u0627\u0644 \u0623\u0641\u0631\u064a\u0642\u064a\u0627 \u0641\u064a \u0627\u0644\u0639\u0627\u0645 2018 \u0644\u0644\u062a\u0635\u062f\u0651\u064a \u0644\u0644\u062a\u062d\u062f\u064a\u0627\u062a \u0627\u0644\u0628\u064a\u0626\u064a\u0629 \u0648\u0627\u0644\u0645\u0646\u0627\u062e\u064a\u0629 \u0627\u0644\u0645\u0639\u0642\u0651\u062f\u0629 \u0648\u0627\u0644\u0641\u0631\u064a\u062f\u0629 \u0627\u0644\u062a\u064a \u062a\u0648\u0627\u062c\u0647 \u0645\u0646\u0637\u0642\u062a\u0646\u0627\u060c \u0648\u0628\u0645\u0627 \u0623\u0646\u0651\u0646\u0627 \u0645\u0646\u0638\u0645\u0629 \u063a\u064a\u0631 \u0631\u0628\u062d\u064a\u0629 \u0645\u0633\u062a\u0642\u0644\u0651\u0629 \u062a\u0645\u0627\u0645\u064b\u0627 \u0633\u064a\u0627\u0633\u064a\u064b\u0627 \u0648\u0645\u0627\u0644\u064a\u064b\u0627\u060c \u0646\u0643\u0631\u0651\u0633 \u062c\u0647\u0648\u062f\u0646\u0627 \u0644\u062a\u0645\u0643\u064a\u0646 \u0627\u0644\u0645\u062c\u062a\u0645\u0639\u0627\u062a \u0627\u0644\u0645\u062d\u0644\u0651\u064a\u0629 \u0648\u0627\u0644\u062a\u0639\u0627\u0648\u0646 \u0645\u0639 \u062d\u0644\u0641\u0627\u0626\u0646\u0627 \u0644\u062a\u0637\u0648\u064a\u0631 \u062d\u0644\u0648\u0644 \u0645\u0628\u062a\u0643\u0631\u0629 \u0648\u0639\u0645\u0644\u064a\u0651\u0629 \u062a\u0633\u0627\u0639\u062f \u0627\u0644\u0623\u0641\u0631\u0627\u062f \u0639\u0644\u0649 \u0627\u0644\u0639\u064a\u0634 \u0641\u064a \u0627\u0646\u0633\u062c\u0627\u0645\u064d \u0645\u0639 \u0627\u0644\u0628\u064a\u0626\u0629.","email":"info.arabic@greenpeace.org","telephone":"+31 (06) 45712741","legalName":"Stichting Greenpeace MENA","foundingDate":"2018-07-18","vatID":"859020046","taxID":"859020046","numberOfEmployees":{"@type":"QuantitativeValue","minValue":"11","maxValue":"50"}}]}},"_links":{"self":[{"href":"https:\/\/www.greenpeace.org\/mena\/fr\/wp-json\/wp\/v2\/pages\/11553","targetHints":{"allow":["GET"]}}],"collection":[{"href":"https:\/\/www.greenpeace.org\/mena\/fr\/wp-json\/wp\/v2\/pages"}],"about":[{"href":"https:\/\/www.greenpeace.org\/mena\/fr\/wp-json\/wp\/v2\/types\/page"}],"author":[{"embeddable":true,"href":"https:\/\/www.greenpeace.org\/mena\/fr\/wp-json\/wp\/v2\/users\/8"}],"replies":[{"embeddable":true,"href":"https:\/\/www.greenpeace.org\/mena\/fr\/wp-json\/wp\/v2\/comments?post=11553"}],"version-history":[{"count":4,"href":"https:\/\/www.greenpeace.org\/mena\/fr\/wp-json\/wp\/v2\/pages\/11553\/revisions"}],"predecessor-version":[{"id":16740,"href":"https:\/\/www.greenpeace.org\/mena\/fr\/wp-json\/wp\/v2\/pages\/11553\/revisions\/16740"}],"up":[{"embeddable":true,"href":"https:\/\/www.greenpeace.org\/mena\/fr\/wp-json\/wp\/v2\/pages\/4281"}],"wp:featuredmedia":[{"embeddable":true,"href":"https:\/\/www.greenpeace.org\/mena\/fr\/wp-json\/wp\/v2\/media\/11531"}],"wp:attachment":[{"href":"https:\/\/www.greenpeace.org\/mena\/fr\/wp-json\/wp\/v2\/media?parent=11553"}],"wp:term":[{"taxonomy":"category","embeddable":true,"href":"https:\/\/www.greenpeace.org\/mena\/fr\/wp-json\/wp\/v2\/categories?post=11553"},{"taxonomy":"post_tag","embeddable":true,"href":"https:\/\/www.greenpeace.org\/mena\/fr\/wp-json\/wp\/v2\/tags?post=11553"}],"curies":[{"name":"wp","href":"https:\/\/api.w.org\/{rel}","templated":true}]}}