{"id":16054,"date":"2025-06-22T16:07:04","date_gmt":"2025-06-22T13:07:04","guid":{"rendered":"https:\/\/www.greenpeace.org\/mena\/?page_id=16054"},"modified":"2025-07-18T08:48:29","modified_gmt":"2025-07-18T05:48:29","slug":"solariser-lamosquee","status":"publish","type":"page","link":"https:\/\/www.greenpeace.org\/mena\/fr\/solariser-lamosquee\/","title":{"rendered":"Aider nous pour \u00e9quipe la mosqu\u00e9e"},"content":{"rendered":"\n<div style=\"height:68px\" aria-hidden=\"true\" class=\"wp-block-spacer\"><\/div>\n\n<div style=\"height:44px\" aria-hidden=\"true\" class=\"wp-block-spacer\"><\/div>\n\n<!--\nEvent snippet for Greenpeace on : Please do not remove.\nPlace this snippet on pages with events you\u2019re tracking. \nCreation date: 07\/13\/2025\n-->\n<script>\n  gtag('event', 'purchase', {\n    'allow_custom_scripts': true,\n    'value': '{{DLV - FundraiseUp.donation.amount}}',\n    'transaction_id': '{{DLV - FundraiseUp.donation.id}}',\n    'send_to': 'DC-13776505\/saleik01\/gpeace+transactions'\n  });\n<\/script>\n<noscript>\n<img loading=\"lazy\" decoding=\"async\" src=\"https:\/\/ad.doubleclick.net\/ddm\/activity\/src=13776505;type=saleik01;cat=gpeace;qty=1;cost=[Revenue];dc_lat=;dc_rdid=;tag_for_child_directed_treatment=;tfua=;npa=;gdpr=${GDPR};gdpr_consent=${GDPR_CONSENT_755};ord=[OrderID]?\" width=\"1\" height=\"1\" alt=\"\"\/>\n<\/noscript>\n<!-- End of event snippet: Please do not remove -->\n\n<h1 class=\"wp-block-heading has-text-align-center has-green-800-color has-text-color has-link-color wp-elements-dd79155dc12ab8cdb57ee59eb31525f7\" style=\"font-size:44px\">Sadaqah Jariyah.<br>Faire don pour \u00e9quiper la mosqu\u00e9e de panneaux solaires.<\/h1>\n\n<p><\/p>\n\n<p class=\"has-text-align-center\">D\u2019apr\u00e8s Abou Hourayra (qu\u2019Allah l\u2019agr\u00e9e), le Messager d\u2019Allah \ufdfa a dit :<br>Une aum\u00f4ne ne diminue en rien une richesse, Allah n&#8217;accorde que plus de dignit\u00e9 \u00e0 un serviteur qui pardonne et nul ne fait preuve d&#8217;humilit\u00e9 pour Allah sans qu&#8217;Allah, Exalt\u00e9 soit-Il, n&#8217;\u00e9l\u00e8ve son rang. <br><strong><em>Rapport\u00e9 par Muslim<\/em><\/strong><\/p>\n\n<div style=\"height:49px\" aria-hidden=\"true\" class=\"wp-block-spacer\"><\/div>\n\n<div style=\"display: flex; flex-wrap: wrap; gap: 20px; justify-content: center; align-items: flex-start;\">\n  <iframe \n    src=\"https:\/\/www.youtube.com\/embed\/iz5X6E_ZIVc?si=WA7CfLugi14PYsGA\" \n    title=\"YouTube video player\" \n    frameborder=\"0\" \n    allow=\"accelerometer; autoplay; clipboard-write; encrypted-media; gyroscope; picture-in-picture; web-share\" \n    referrerpolicy=\"strict-origin-when-cross-origin\" \n    allowfullscreen \n    style=\"width: 100%; max-width: 780px; aspect-ratio: 780 \/ 430; flex: 1;\">\n  <\/iframe>\n\n  <a \n    href=\"#XBVYGZNW\" \n    style=\"display: block; width: 100%; max-width: 600px; aspect-ratio: 16 \/ 9; background: #ffffff; text-align: center; padding: 20px; flex: 1;\">\n    <!-- Replace with actual content -->\n  <\/a>\n<\/div>\n\n<div class=\"wp-block-columns is-layout-flex wp-container-core-columns-is-layout-9d6595d7 wp-block-columns-is-layout-flex\">\n<div class=\"wp-block-column is-layout-flow wp-block-column-is-layout-flow\"><\/div>\n\n\n\n<div class=\"wp-block-column is-layout-flow wp-block-column-is-layout-flow\"><\/div>\n<\/div>\n\n<div class=\"wp-block-columns is-layout-flex wp-container-core-columns-is-layout-9d6595d7 wp-block-columns-is-layout-flex\">\n<div class=\"wp-block-column is-layout-flow wp-block-column-is-layout-flow\" style=\"flex-basis:120px\"><\/div>\n\n\n\n<div class=\"wp-block-column is-layout-flow wp-block-column-is-layout-flow\">\n<center><a href=\"#XWYRCNCN\" style=\"display: none\"><\/a><\/center><\/br>\n<center><a href=\"#XMLMYBFN\" style=\"display: none\"><\/a><\/center>\n<\/div>\n\n\n\n<div class=\"wp-block-column is-layout-flow wp-block-column-is-layout-flow\" style=\"flex-basis:120px\"><\/div>\n<\/div>\n\n<div style=\"height:40px\" aria-hidden=\"true\" class=\"wp-block-spacer\"><\/div>\n\n<h3 class=\"wp-block-heading has-text-align-center has-green-800-color has-text-color has-link-color wp-elements-2947efabc7b2235302d22b8bfa026530\">Sadaqa Jariyah : illuminez la mosqu\u00e9e gr\u00e2ce \u00e0 l\u2019\u00e9nergie solaire<\/h3>\n\n<div class=\"wp-block-media-text has-media-on-the-right is-stacked-on-mobile has-grey-100-background-color has-background\"><div class=\"wp-block-media-text__content\">\n<p class=\"has-grey-100-background-color has-background\" style=\"font-size:16px\">Dans de nombreuses r\u00e9gions du monde, les mosqu\u00e9es souffrent de co\u00fbts d\u2019\u00e9lectricit\u00e9 \u00e9lev\u00e9s et d\u2019une alimentation instable. Mais gr\u00e2ce \u00e0 votre soutien, nous pouvons exploiter l\u2019\u00e9nergie du soleil pour fournir une \u00e9nergie propre et durable \u00e0 une mosqu\u00e9e dans le besoin.<\/p>\n\n\n\n<p class=\"has-grey-100-background-color has-background\" style=\"font-size:16px\">Ce projet vise \u2013 gr\u00e2ce \u00e0 vos dons \u2013 \u00e0 \u00e9quiper la mosqu\u00e9e de panneaux solaires pour r\u00e9duire les co\u00fbts \u00e9nerg\u00e9tiques, offrant ainsi une solution durable et \u00e9conomique \u00e0 long terme.<\/p>\n<\/div><figure class=\"wp-block-media-text__media\"><img decoding=\"async\" src=\"https:\/\/www.greenpeace.org\/static\/planet4-ummah-stateless\/2025\/02\/d11c6b7e-12-1024x683.jpg\" alt=\"Mosque Photo with Imam\" sizes=\"(min-width: 1600px) calc((1320px - 24px) \/ 2),(min-width: 1200px) calc((1140px - 24px) \/ 2),(min-width: 992px) calc((960px - 24px) \/ 2),(min-width: 768px) calc((720px - 24px) \/ 2),(min-width: 601px) calc((540px - 24px) \/ 2),(min-width: 577px) calc((540px - 24px) \/ 1), calc(100vw - 24px)\" srcset=\"\" class=\"wp-image-12456 size-full\"\/><\/figure><\/div>\n\n<div class=\"wp-block-media-text is-stacked-on-mobile has-grey-100-background-color has-background\"><figure class=\"wp-block-media-text__media\"><img loading=\"lazy\" decoding=\"async\" width=\"1024\" height=\"768\" src=\"https:\/\/www.greenpeace.org\/static\/planet4-mena-stateless\/2025\/04\/e9a95711-5-1024x768.jpg\" alt=\"Drone photo of the mosque\" sizes=\"auto, (min-width: 1600px) calc((1320px - 24px) \/ 2),(min-width: 1200px) calc((1140px - 24px) \/ 2),(min-width: 992px) calc((960px - 24px) \/ 2),(min-width: 768px) calc((720px - 24px) \/ 2),(min-width: 601px) calc((540px - 24px) \/ 2),(min-width: 577px) calc((540px - 24px) \/ 1), calc(100vw - 24px)\" srcset=\"https:\/\/www.greenpeace.org\/static\/planet4-mena-stateless\/2025\/04\/e9a95711-5-scaled.jpg 2560w, https:\/\/www.greenpeace.org\/static\/planet4-mena-stateless\/2025\/04\/e9a95711-5-300x225.jpg 300w, https:\/\/www.greenpeace.org\/static\/planet4-mena-stateless\/2025\/04\/e9a95711-5-1024x768.jpg 1024w, https:\/\/www.greenpeace.org\/static\/planet4-mena-stateless\/2025\/04\/e9a95711-5-768x576.jpg 768w, https:\/\/www.greenpeace.org\/static\/planet4-mena-stateless\/2025\/04\/e9a95711-5-1536x1152.jpg 1536w, https:\/\/www.greenpeace.org\/static\/planet4-mena-stateless\/2025\/04\/e9a95711-5-2048x1536.jpg 2048w, https:\/\/www.greenpeace.org\/static\/planet4-mena-stateless\/2025\/04\/e9a95711-5-1821x1366.jpg 1821w, https:\/\/www.greenpeace.org\/static\/planet4-mena-stateless\/2025\/04\/e9a95711-5-453x340.jpg 453w\" class=\"wp-image-16530 size-full\"\/><\/figure><div class=\"wp-block-media-text__content\">\n<p class=\"has-grey-100-background-color has-background\" style=\"font-size:16px\">Installer des panneaux solaires repr\u00e9sente une occasion incroyable : r\u00e9duire durablement les frais d\u2019\u00e9lectricit\u00e9 et contribuer \u00e0 la protection de l\u2019environnement.<br><br>Imaginez une pri\u00e8re accomplie sous une lumi\u00e8re aliment\u00e9e par votre g\u00e9n\u00e9rosit\u00e9.<br>Imaginez une communaut\u00e9 r\u00e9unie dans un espace lumineux, rendu possible gr\u00e2ce \u00e0 vous.<\/p>\n\n\n\n<p class=\"has-grey-100-background-color has-background\" style=\"font-size:16px\">C\u2019est votre occasion d\u2019agir d\u00e8s maintenant.<\/p>\n<\/div><\/div>\n\n<div style=\"height:23px\" aria-hidden=\"true\" class=\"wp-block-spacer\"><\/div>\n\n<div class=\"wp-block-columns is-layout-flex wp-container-core-columns-is-layout-9d6595d7 wp-block-columns-is-layout-flex\">\n<div class=\"wp-block-column is-layout-flow wp-block-column-is-layout-flow\" style=\"flex-basis:200px\"><\/div>\n\n\n\n<div class=\"wp-block-column is-layout-flow wp-block-column-is-layout-flow\">\n<h2 class=\"wp-block-heading has-text-align-center has-green-800-color has-text-color has-link-color wp-elements-3e24398c02236b6d96c2ebe9024eb077\" style=\"font-size:41px\"><strong>Faire une donation<\/strong><\/h2>\n<\/div>\n\n\n\n<div class=\"wp-block-column is-layout-flow wp-block-column-is-layout-flow\" style=\"flex-basis:200px\"><\/div>\n<\/div>\n\n<center><a href=\"#XCHDERVB\" style=\"display: none\" max-width: 900px !important;><\/a><\/center>\n\n<div style=\"height:51px\" aria-hidden=\"true\" class=\"wp-block-spacer\"><\/div>\n\n<h2 class=\"wp-block-heading has-text-align-center has-green-500-color has-white-background-color has-text-color has-background has-link-color wp-elements-59c5cfcdf9d1cbb83361f73d4633e319\">Vos sadaqates et dons alimenteront la mosqu\u00e9e pour les g\u00e9n\u00e9rations futures.<\/h2>\n\n<div class=\"wp-block-columns is-layout-flex wp-container-core-columns-is-layout-9d6595d7 wp-block-columns-is-layout-flex\">\n<div class=\"wp-block-column is-layout-flow wp-block-column-is-layout-flow\">\n<h2 class=\"wp-block-heading has-large-font-size\">La mosqu\u00e9e<\/h2>\n\n\n\n<p>Cette mosqu\u00e9e est un centre spirituel et social essentiel pour la communaut\u00e9. Face \u00e0 la crise \u00e9nerg\u00e9tique, l\u2019\u00e9nergie solaire constitue une solution durable.<\/p>\n<\/div>\n\n\n\n<div class=\"wp-block-column is-layout-flow wp-block-column-is-layout-flow\">\n<h2 class=\"wp-block-heading has-large-font-size\">Avantages<\/h2>\n\n\n\n<p>L\u2019\u00e9nergie solaire constitue une alternative propre et durable, r\u00e9duisant la d\u00e9pendance \u00e0 des g\u00e9n\u00e9rateurs co\u00fbteux \u2013 particuli\u00e8rement importante dans un contexte de hausse des prix du carburant et de pannes fr\u00e9quentes. <a href=\"https:\/\/www.greenpeace.org\/mena\/en\/sadaqa-for-mosque\/?utm_source=chatgpt.com\" target=\"_blank\" rel=\"noreferrer noopener\"><\/a><\/p>\n<\/div>\n<\/div>\n\n<div style=\"height:35px\" aria-hidden=\"true\" class=\"wp-block-spacer\"><\/div>\n\n<h2 class=\"wp-block-heading has-text-align-center has-green-400-color has-text-color has-link-color wp-elements-7b2361046cba979db26e96ed00fc37a3\">Partager l\u2019initiative est aussi une donation.<\/h2>\n\n<p class=\"has-text-align-center\">Vous ne pouvez pas donner maintenant ?<br>Partagez cette campagne et aidez \u00e0 diffuser la lumi\u00e8re.<\/p>\n\n\u200b<a href=\"#\" name=\"donatenow\" onclick=\"dataLayer.push({'event': 'button1-click'});\"<\/a>\n\n<!-- Google tag (gtag.js) -->\n<script async src=\"https:\/\/www.googletagmanager.com\/gtag\/js?id=AW-881101256\">\n<\/script>\n<script>\n  window.dataLayer = window.dataLayer || [];\n  function gtag(){dataLayer.push(arguments);}\n  gtag('js', new Date());\n\n  gtag('config', 'AW-881101256');\n<\/script>\n","protected":false},"excerpt":{"rendered":"<p>Sadaqah Jariyah.Faire don pour \u00e9quiper la mosqu\u00e9e de panneaux solaires. D\u2019apr\u00e8s Abou Hourayra (qu\u2019Allah l\u2019agr\u00e9e), le Messager d\u2019Allah \ufdfa a dit :Une aum\u00f4ne ne diminue en rien une richesse, Allah n&#8217;accorde que plus de dignit\u00e9 \u00e0 un serviteur qui pardonne et nul ne fait preuve d&#8217;humilit\u00e9 pour Allah sans qu&#8217;Allah, Exalt\u00e9 soit-Il, n&#8217;\u00e9l\u00e8ve son rang. [&hellip;]<\/p>\n","protected":false},"author":44,"featured_media":16532,"parent":0,"menu_order":0,"comment_status":"closed","ping_status":"closed","template":"","meta":{"_planet4_optimize_post_is_variant":false,"_planet4_optimize_experiment_name":"","_planet4_optimize_variant_name":"","ep_exclude_from_search":false,"p4_hide_page_title_checkbox":"on","p4_title":"","p4_subtitle":"","p4_description":"","background_image_id":"","background_image":"","p4_button_title":"","p4_button_link":"","p4_button_link_checkbox":"","p4_og_title":"","p4_og_description":"","p4_og_image":"","p4_og_image_id":"","p4_seo_canonical_url":"","p4_campaign_name":"","p4_local_project":"","p4_basket_name":"","p4_department":"","footnotes":""},"categories":[],"tags":[],"class_list":["post-16054","page","type-page","status-publish","has-post-thumbnail","hentry"],"yoast_head":"<!-- This site is optimized with the Yoast SEO Premium plugin v27.4 (Yoast SEO v27.4) - https:\/\/yoast.com\/product\/yoast-seo-premium-wordpress\/ -->\n<title>Aider nous pour \u00e9quipe la mosqu\u00e9e - Greenpeace Moyen Orient et Afrique du Nord<\/title>\n<meta name=\"robots\" content=\"index, follow, max-snippet:-1, max-image-preview:large, max-video-preview:-1\" \/>\n<link rel=\"canonical\" href=\"https:\/\/www.greenpeace.org\/mena\/fr\/solariser-lamosquee\/\" \/>\n<meta property=\"og:locale\" content=\"fr_FR\" \/>\n<meta property=\"og:type\" content=\"article\" \/>\n<meta property=\"og:title\" content=\"Aider nous pour \u00e9quipe la mosqu\u00e9e\" \/>\n<meta property=\"og:description\" content=\"Sadaqah Jariyah.Faire don pour \u00e9quiper la mosqu\u00e9e de panneaux solaires. D\u2019apr\u00e8s Abou Hourayra (qu\u2019Allah l\u2019agr\u00e9e), le Messager d\u2019Allah \ufdfa a dit :Une aum\u00f4ne ne diminue en rien une richesse, Allah n&#8217;accorde que plus de dignit\u00e9 \u00e0 un serviteur qui pardonne et nul ne fait preuve d&#8217;humilit\u00e9 pour Allah sans qu&#8217;Allah, Exalt\u00e9 soit-Il, n&#8217;\u00e9l\u00e8ve son rang. [&hellip;]\" \/>\n<meta property=\"og:url\" content=\"https:\/\/www.greenpeace.org\/mena\/fr\/solariser-lamosquee\/\" \/>\n<meta property=\"og:site_name\" content=\"Greenpeace Moyen Orient et Afrique du Nord\" \/>\n<meta property=\"article:publisher\" content=\"https:\/\/www.facebook.com\/GreenpeaceAR\" \/>\n<meta property=\"article:modified_time\" content=\"2025-07-18T05:48:29+00:00\" \/>\n<meta property=\"og:image\" content=\"https:\/\/www.greenpeace.org\/static\/planet4-mena-stateless\/2025\/04\/e9a95711-5-scaled.jpg\" \/>\n\t<meta property=\"og:image:width\" content=\"2560\" \/>\n\t<meta property=\"og:image:height\" content=\"1920\" \/>\n\t<meta property=\"og:image:type\" content=\"image\/jpeg\" \/>\n<meta name=\"twitter:card\" content=\"summary_large_image\" \/>\n<meta name=\"twitter:site\" content=\"@GreenpeaceAR\" \/>\n<meta name=\"twitter:label1\" content=\"Est. reading time\" \/>\n\t<meta name=\"twitter:data1\" content=\"2 minutes\" \/>\n<script type=\"application\/ld+json\" class=\"yoast-schema-graph\">{\"@context\":\"https:\\\/\\\/schema.org\",\"@graph\":[{\"@type\":\"WebPage\",\"@id\":\"https:\\\/\\\/www.greenpeace.org\\\/mena\\\/fr\\\/solariser-lamosquee\\\/\",\"url\":\"https:\\\/\\\/www.greenpeace.org\\\/mena\\\/fr\\\/solariser-lamosquee\\\/\",\"name\":\"Aider nous pour \u00e9quipe la mosqu\u00e9e - Greenpeace Moyen Orient et Afrique du Nord\",\"isPartOf\":{\"@id\":\"https:\\\/\\\/www.greenpeace.org\\\/mena\\\/ar\\\/#website\"},\"primaryImageOfPage\":{\"@id\":\"https:\\\/\\\/www.greenpeace.org\\\/mena\\\/fr\\\/solariser-lamosquee\\\/#primaryimage\"},\"image\":{\"@id\":\"https:\\\/\\\/www.greenpeace.org\\\/mena\\\/fr\\\/solariser-lamosquee\\\/#primaryimage\"},\"thumbnailUrl\":\"https:\\\/\\\/www.greenpeace.org\\\/static\\\/planet4-mena-stateless\\\/2025\\\/04\\\/e9a95711-5-scaled.jpg\",\"datePublished\":\"2025-06-22T13:07:04+00:00\",\"dateModified\":\"2025-07-18T05:48:29+00:00\",\"breadcrumb\":{\"@id\":\"https:\\\/\\\/www.greenpeace.org\\\/mena\\\/fr\\\/solariser-lamosquee\\\/#breadcrumb\"},\"inLanguage\":\"fr\",\"potentialAction\":[{\"@type\":\"ReadAction\",\"target\":[\"https:\\\/\\\/www.greenpeace.org\\\/mena\\\/fr\\\/solariser-lamosquee\\\/\"]}]},{\"@type\":\"ImageObject\",\"inLanguage\":\"fr\",\"@id\":\"https:\\\/\\\/www.greenpeace.org\\\/mena\\\/fr\\\/solariser-lamosquee\\\/#primaryimage\",\"url\":\"https:\\\/\\\/www.greenpeace.org\\\/static\\\/planet4-mena-stateless\\\/2025\\\/04\\\/e9a95711-5-scaled.jpg\",\"contentUrl\":\"https:\\\/\\\/www.greenpeace.org\\\/static\\\/planet4-mena-stateless\\\/2025\\\/04\\\/e9a95711-5-scaled.jpg\",\"width\":2560,\"height\":1920},{\"@type\":\"BreadcrumbList\",\"@id\":\"https:\\\/\\\/www.greenpeace.org\\\/mena\\\/fr\\\/solariser-lamosquee\\\/#breadcrumb\",\"itemListElement\":[{\"@type\":\"ListItem\",\"position\":1,\"name\":\"Home\",\"item\":\"https:\\\/\\\/www.greenpeace.org\\\/mena\\\/fr\\\/\"},{\"@type\":\"ListItem\",\"position\":2,\"name\":\"Aider nous pour \u00e9quipe la mosqu\u00e9e\"}]},{\"@type\":\"WebSite\",\"@id\":\"https:\\\/\\\/www.greenpeace.org\\\/mena\\\/ar\\\/#website\",\"url\":\"https:\\\/\\\/www.greenpeace.org\\\/mena\\\/ar\\\/\",\"name\":\"\u063a\u0631\u064a\u0646\u0628\u064a\u0633 \u0627\u0644\u0634\u0631\u0642 \u0627\u0644\u0623\u0648\u0633\u0637 \u0648\u0634\u0645\u0627\u0644 \u0623\u0641\u0631\u064a\u0642\u064a\u0627\",\"description\":\"Greenpeace MENA fait partie du r\u00e9seau Greenpeace, qui regroupe 28 organisations nationales\\\/r\u00e9gionales ind\u00e9pendantes r\u00e9parties dans plus de 56 pays d\u2019Europe, d\u2019Am\u00e9rique, d\u2019Afrique, d\u2019Asie et du Pacifique, ainsi qu\u2019un organisme de coordination, Greenpeace International.\",\"potentialAction\":[{\"@type\":\"SearchAction\",\"target\":{\"@type\":\"EntryPoint\",\"urlTemplate\":\"https:\\\/\\\/www.greenpeace.org\\\/mena\\\/ar\\\/?s={search_term_string}\"},\"query-input\":{\"@type\":\"PropertyValueSpecification\",\"valueRequired\":true,\"valueName\":\"search_term_string\"}}],\"inLanguage\":\"fr\"}]}<\/script>\n<!-- \/ Yoast SEO Premium plugin. -->","yoast_head_json":{"title":"Aider nous pour \u00e9quipe la mosqu\u00e9e - Greenpeace Moyen Orient et Afrique du Nord","robots":{"index":"index","follow":"follow","max-snippet":"max-snippet:-1","max-image-preview":"max-image-preview:large","max-video-preview":"max-video-preview:-1"},"canonical":"https:\/\/www.greenpeace.org\/mena\/fr\/solariser-lamosquee\/","og_locale":"fr_FR","og_type":"article","og_title":"Aider nous pour \u00e9quipe la mosqu\u00e9e","og_description":"Sadaqah Jariyah.Faire don pour \u00e9quiper la mosqu\u00e9e de panneaux solaires. D\u2019apr\u00e8s Abou Hourayra (qu\u2019Allah l\u2019agr\u00e9e), le Messager d\u2019Allah \ufdfa a dit :Une aum\u00f4ne ne diminue en rien une richesse, Allah n&#8217;accorde que plus de dignit\u00e9 \u00e0 un serviteur qui pardonne et nul ne fait preuve d&#8217;humilit\u00e9 pour Allah sans qu&#8217;Allah, Exalt\u00e9 soit-Il, n&#8217;\u00e9l\u00e8ve son rang. [&hellip;]","og_url":"https:\/\/www.greenpeace.org\/mena\/fr\/solariser-lamosquee\/","og_site_name":"Greenpeace Moyen Orient et Afrique du Nord","article_publisher":"https:\/\/www.facebook.com\/GreenpeaceAR","article_modified_time":"2025-07-18T05:48:29+00:00","og_image":[{"width":2560,"height":1920,"url":"https:\/\/www.greenpeace.org\/static\/planet4-mena-stateless\/2025\/04\/e9a95711-5-scaled.jpg","type":"image\/jpeg"}],"twitter_card":"summary_large_image","twitter_site":"@GreenpeaceAR","twitter_misc":{"Est. reading time":"2 minutes"},"schema":{"@context":"https:\/\/schema.org","@graph":[{"@type":"WebPage","@id":"https:\/\/www.greenpeace.org\/mena\/fr\/solariser-lamosquee\/","url":"https:\/\/www.greenpeace.org\/mena\/fr\/solariser-lamosquee\/","name":"Aider nous pour \u00e9quipe la mosqu\u00e9e - Greenpeace Moyen Orient et Afrique du Nord","isPartOf":{"@id":"https:\/\/www.greenpeace.org\/mena\/ar\/#website"},"primaryImageOfPage":{"@id":"https:\/\/www.greenpeace.org\/mena\/fr\/solariser-lamosquee\/#primaryimage"},"image":{"@id":"https:\/\/www.greenpeace.org\/mena\/fr\/solariser-lamosquee\/#primaryimage"},"thumbnailUrl":"https:\/\/www.greenpeace.org\/static\/planet4-mena-stateless\/2025\/04\/e9a95711-5-scaled.jpg","datePublished":"2025-06-22T13:07:04+00:00","dateModified":"2025-07-18T05:48:29+00:00","breadcrumb":{"@id":"https:\/\/www.greenpeace.org\/mena\/fr\/solariser-lamosquee\/#breadcrumb"},"inLanguage":"fr","potentialAction":[{"@type":"ReadAction","target":["https:\/\/www.greenpeace.org\/mena\/fr\/solariser-lamosquee\/"]}]},{"@type":"ImageObject","inLanguage":"fr","@id":"https:\/\/www.greenpeace.org\/mena\/fr\/solariser-lamosquee\/#primaryimage","url":"https:\/\/www.greenpeace.org\/static\/planet4-mena-stateless\/2025\/04\/e9a95711-5-scaled.jpg","contentUrl":"https:\/\/www.greenpeace.org\/static\/planet4-mena-stateless\/2025\/04\/e9a95711-5-scaled.jpg","width":2560,"height":1920},{"@type":"BreadcrumbList","@id":"https:\/\/www.greenpeace.org\/mena\/fr\/solariser-lamosquee\/#breadcrumb","itemListElement":[{"@type":"ListItem","position":1,"name":"Home","item":"https:\/\/www.greenpeace.org\/mena\/fr\/"},{"@type":"ListItem","position":2,"name":"Aider nous pour \u00e9quipe la mosqu\u00e9e"}]},{"@type":"WebSite","@id":"https:\/\/www.greenpeace.org\/mena\/ar\/#website","url":"https:\/\/www.greenpeace.org\/mena\/ar\/","name":"\u063a\u0631\u064a\u0646\u0628\u064a\u0633 \u0627\u0644\u0634\u0631\u0642 \u0627\u0644\u0623\u0648\u0633\u0637 \u0648\u0634\u0645\u0627\u0644 \u0623\u0641\u0631\u064a\u0642\u064a\u0627","description":"Greenpeace MENA fait partie du r\u00e9seau Greenpeace, qui regroupe 28 organisations nationales\/r\u00e9gionales ind\u00e9pendantes r\u00e9parties dans plus de 56 pays d\u2019Europe, d\u2019Am\u00e9rique, d\u2019Afrique, d\u2019Asie et du Pacifique, ainsi qu\u2019un organisme de coordination, Greenpeace International.","potentialAction":[{"@type":"SearchAction","target":{"@type":"EntryPoint","urlTemplate":"https:\/\/www.greenpeace.org\/mena\/ar\/?s={search_term_string}"},"query-input":{"@type":"PropertyValueSpecification","valueRequired":true,"valueName":"search_term_string"}}],"inLanguage":"fr"}]}},"_links":{"self":[{"href":"https:\/\/www.greenpeace.org\/mena\/fr\/wp-json\/wp\/v2\/pages\/16054","targetHints":{"allow":["GET"]}}],"collection":[{"href":"https:\/\/www.greenpeace.org\/mena\/fr\/wp-json\/wp\/v2\/pages"}],"about":[{"href":"https:\/\/www.greenpeace.org\/mena\/fr\/wp-json\/wp\/v2\/types\/page"}],"author":[{"embeddable":true,"href":"https:\/\/www.greenpeace.org\/mena\/fr\/wp-json\/wp\/v2\/users\/44"}],"replies":[{"embeddable":true,"href":"https:\/\/www.greenpeace.org\/mena\/fr\/wp-json\/wp\/v2\/comments?post=16054"}],"version-history":[{"count":3,"href":"https:\/\/www.greenpeace.org\/mena\/fr\/wp-json\/wp\/v2\/pages\/16054\/revisions"}],"predecessor-version":[{"id":17782,"href":"https:\/\/www.greenpeace.org\/mena\/fr\/wp-json\/wp\/v2\/pages\/16054\/revisions\/17782"}],"wp:featuredmedia":[{"embeddable":true,"href":"https:\/\/www.greenpeace.org\/mena\/fr\/wp-json\/wp\/v2\/media\/16532"}],"wp:attachment":[{"href":"https:\/\/www.greenpeace.org\/mena\/fr\/wp-json\/wp\/v2\/media?parent=16054"}],"wp:term":[{"taxonomy":"category","embeddable":true,"href":"https:\/\/www.greenpeace.org\/mena\/fr\/wp-json\/wp\/v2\/categories?post=16054"},{"taxonomy":"post_tag","embeddable":true,"href":"https:\/\/www.greenpeace.org\/mena\/fr\/wp-json\/wp\/v2\/tags?post=16054"}],"curies":[{"name":"wp","href":"https:\/\/api.w.org\/{rel}","templated":true}]}}