{"id":4250,"date":"2018-11-29T12:05:39","date_gmt":"2018-11-29T12:05:39","guid":{"rendered":"https:\/\/www.greenpeace.org\/mena\/antarctic-ocean-sanctuary\/"},"modified":"2025-06-23T12:42:54","modified_gmt":"2025-06-23T09:42:54","slug":"antarctique","status":"publish","type":"page","link":"https:\/\/www.greenpeace.org\/mena\/fr\/agissez\/antarctique\/","title":{"rendered":"Cr\u00e9er un sanctuaire antarctique"},"content":{"rendered":"\n                \n                <div class=\"wp-block-group alignfull is-layout-flow wp-block-group-is-layout-flow\">\n                \n                <div class=\"wp-block-group container is-layout-flow wp-block-group-is-layout-flow\">\n                \n                <div class=\"wp-block-media-text alignfull has-media-on-the-right is-stacked-on-mobile is-pattern-p4-page-header is-style-parallax\">\n\n                <div class=\"wp-block-media-text__content\">\n                    <div class=\"wp-block-group is-layout-flow wp-block-group-is-layout-flow\">\n                    \n                        <h1 class=\"wp-block-heading has-white-background-color has-background\">\n                            Cr\u00e9er un sanctuaire antarctique\n                        <\/h1>\n                    <\/div>\n                \n\n                \n                        <p style=\"font-size:1.25rem\">\n                            <span style=\"font-weight: 400\">Cela guarantirait un refuge s\u00fbr aux g\u00e9n\u00e9rations futures d&#8217;animaux et prot\u00e9gerait les eaux contre la p\u00eache industrielle, qui touchent actuellement le minuscule krill sur lequel repose toute la vie antarctique.<\/span>\r\n\r\n<span style=\"font-weight: 400\">L&#8217;oc\u00e9an Antarctique abrite une vie incroyable: manchots, baleines, poissons, phoques et calamars colossaux. Mais le r\u00e9chauffement climatique et l&#8217;expansion de la p\u00eache industrielle menacent cet oc\u00e9an vital et ses cr\u00e9atures embl\u00e9matiques.<\/span>\n                        <\/p>\n                    \n\n                \n\n                <\/div>\n                <figure class=\"wp-block-media-text__media\">\n                    <img loading=\"lazy\" decoding=\"async\" width=\"1084\" height=\"588\"\n                        src=\"https:\/\/www.greenpeace.org\/static\/planet4-mena-stateless\/2019\/06\/58ff8114-d4dcdfe0-antartica.jpg\"\n                        alt=\"\"\n                        sizes=\"auto, (min-width: 601px) 50vw, 100vw\" srcset=\"https:\/\/www.greenpeace.org\/static\/planet4-mena-stateless\/2019\/06\/58ff8114-d4dcdfe0-antartica.jpg 1084w, https:\/\/www.greenpeace.org\/static\/planet4-mena-stateless\/2019\/06\/58ff8114-d4dcdfe0-antartica-300x163.jpg 300w, https:\/\/www.greenpeace.org\/static\/planet4-mena-stateless\/2019\/06\/58ff8114-d4dcdfe0-antartica-768x417.jpg 768w, https:\/\/www.greenpeace.org\/static\/planet4-mena-stateless\/2019\/06\/58ff8114-d4dcdfe0-antartica-1024x555.jpg 1024w, https:\/\/www.greenpeace.org\/static\/planet4-mena-stateless\/2019\/06\/58ff8114-d4dcdfe0-antartica-510x277.jpg 510w\" class=\"wp-image-4253 size-full\"\n                    \/>\n                <\/figure>\n                <\/div>\n                \n                <\/div>\n                \n                <\/div>\n                \n                \n<!--[if lte IE 8]>\n<script charset=\"utf-8\" type=\"text\/javascript\" src=\"\/\/js-eu1.hsforms.net\/forms\/v2-legacy.js\"><\/script>\n<![endif]-->\n<script charset=\"utf-8\" type=\"text\/javascript\" src=\"\/\/js-eu1.hsforms.net\/forms\/v2.js\"><\/script>\n<script>\n  hbspt.forms.create({\n\tregion: \"eu1\",\n\tportalId: \"24933598\",\n\tformId: \"2ef02287-3a40-4b42-a61b-ea809f765bb2\"\n});\n<\/script>\n","protected":false},"excerpt":{"rendered":"<p>Cela guarantirait un refuge s\u00fbr aux g\u00e9n\u00e9rations futures d&#8217;animaux et prot\u00e9gerait les eaux contre la p\u00eache industrielle, qui touchent actuellement le minuscule krill sur lequel repose toute la vie antarctique.<\/p>\n","protected":false},"author":8,"featured_media":4253,"parent":4281,"menu_order":0,"comment_status":"closed","ping_status":"closed","template":"","meta":{"_planet4_optimize_post_is_variant":false,"_planet4_optimize_experiment_name":"","_planet4_optimize_variant_name":"","ep_exclude_from_search":false,"p4_hide_page_title_checkbox":"on","p4_title":"","p4_subtitle":"","p4_description":"","background_image_id":"","background_image":"","p4_button_title":"","p4_button_link":"","p4_button_link_checkbox":"","p4_og_title":"","p4_og_description":"","p4_og_image":"","p4_og_image_id":"","p4_seo_canonical_url":"","p4_campaign_name":"not set","p4_local_project":"not set","p4_basket_name":"not set","p4_department":"","footnotes":""},"categories":[121,280],"tags":[143,159],"class_list":["post-4250","page","type-page","status-publish","has-post-thumbnail","hentry","category-non-classifiee","category-greenpeace-moyen-orient-et-afrique-du-nord","tag-oceans-fr","tag-arctic-sunrise-fr"],"yoast_head":"<!-- This site is optimized with the Yoast SEO Premium plugin v27.4 (Yoast SEO v27.4) - https:\/\/yoast.com\/product\/yoast-seo-premium-wordpress\/ -->\n<title>Cr\u00e9er un sanctuaire antarctique - Greenpeace Moyen Orient et Afrique du Nord<\/title>\n<meta name=\"robots\" content=\"index, follow, max-snippet:-1, max-image-preview:large, max-video-preview:-1\" \/>\n<link rel=\"canonical\" href=\"http:\/\/www.greenpeace.org\/mena\/ar\/\u062a\u062d\u0631\u0651\u0643\/\u062f\u0641\u0627\u0639\u0627\u064b-\u0639\u0646-\u0627\u0646\u062a\u0627\u0631\u0643\u062a\u064a\u0643\u0627\/\" \/>\n<meta property=\"og:locale\" content=\"fr_FR\" \/>\n<meta property=\"og:type\" content=\"article\" \/>\n<meta property=\"og:title\" content=\"Cr\u00e9er un sanctuaire antarctique\" \/>\n<meta property=\"og:description\" content=\"Cela guarantirait un refuge s\u00fbr aux g\u00e9n\u00e9rations futures d&#039;animaux et prot\u00e9gerait les eaux contre la p\u00eache industrielle, qui touchent actuellement le minuscule krill sur lequel repose toute la vie antarctique.\" \/>\n<meta property=\"og:url\" content=\"http:\/\/www.greenpeace.org\/mena\/ar\/\u062a\u062d\u0631\u0651\u0643\/\u062f\u0641\u0627\u0639\u0627\u064b-\u0639\u0646-\u0627\u0646\u062a\u0627\u0631\u0643\u062a\u064a\u0643\u0627\/\" \/>\n<meta property=\"og:site_name\" content=\"Greenpeace Moyen Orient et Afrique du Nord\" \/>\n<meta property=\"article:publisher\" content=\"https:\/\/www.facebook.com\/GreenpeaceAR\" \/>\n<meta property=\"article:modified_time\" content=\"2025-06-23T09:42:54+00:00\" \/>\n<meta property=\"og:image\" content=\"https:\/\/www.greenpeace.org\/static\/planet4-mena-stateless\/2019\/06\/58ff8114-d4dcdfe0-antartica.jpg\" \/>\n\t<meta property=\"og:image:width\" content=\"1084\" \/>\n\t<meta property=\"og:image:height\" content=\"588\" \/>\n\t<meta property=\"og:image:type\" content=\"image\/jpeg\" \/>\n<meta name=\"twitter:card\" content=\"summary_large_image\" \/>\n<meta name=\"twitter:site\" content=\"@GreenpeaceAR\" \/>\n<script type=\"application\/ld+json\" class=\"yoast-schema-graph\">{\"@context\":\"https:\\\/\\\/schema.org\",\"@graph\":[{\"@type\":\"WebPage\",\"@id\":\"http:\\\/\\\/www.greenpeace.org\\\/mena\\\/ar\\\/%d8%aa%d8%ad%d8%b1%d9%91%d9%83\\\/%d8%af%d9%81%d8%a7%d8%b9%d8%a7%d9%8b-%d8%b9%d9%86-%d8%a7%d9%86%d8%aa%d8%a7%d8%b1%d9%83%d8%aa%d9%8a%d9%83%d8%a7\\\/\",\"url\":\"http:\\\/\\\/www.greenpeace.org\\\/mena\\\/ar\\\/%d8%aa%d8%ad%d8%b1%d9%91%d9%83\\\/%d8%af%d9%81%d8%a7%d8%b9%d8%a7%d9%8b-%d8%b9%d9%86-%d8%a7%d9%86%d8%aa%d8%a7%d8%b1%d9%83%d8%aa%d9%8a%d9%83%d8%a7\\\/\",\"name\":\"Cr\u00e9er un sanctuaire antarctique - Greenpeace Moyen Orient et Afrique du Nord\",\"isPartOf\":{\"@id\":\"https:\\\/\\\/www.greenpeace.org\\\/mena\\\/ar\\\/#website\"},\"primaryImageOfPage\":{\"@id\":\"http:\\\/\\\/www.greenpeace.org\\\/mena\\\/ar\\\/%d8%aa%d8%ad%d8%b1%d9%91%d9%83\\\/%d8%af%d9%81%d8%a7%d8%b9%d8%a7%d9%8b-%d8%b9%d9%86-%d8%a7%d9%86%d8%aa%d8%a7%d8%b1%d9%83%d8%aa%d9%8a%d9%83%d8%a7\\\/#primaryimage\"},\"image\":{\"@id\":\"http:\\\/\\\/www.greenpeace.org\\\/mena\\\/ar\\\/%d8%aa%d8%ad%d8%b1%d9%91%d9%83\\\/%d8%af%d9%81%d8%a7%d8%b9%d8%a7%d9%8b-%d8%b9%d9%86-%d8%a7%d9%86%d8%aa%d8%a7%d8%b1%d9%83%d8%aa%d9%8a%d9%83%d8%a7\\\/#primaryimage\"},\"thumbnailUrl\":\"https:\\\/\\\/www.greenpeace.org\\\/static\\\/planet4-mena-stateless\\\/2019\\\/06\\\/58ff8114-d4dcdfe0-antartica.jpg\",\"datePublished\":\"2018-11-29T12:05:39+00:00\",\"dateModified\":\"2025-06-23T09:42:54+00:00\",\"breadcrumb\":{\"@id\":\"http:\\\/\\\/www.greenpeace.org\\\/mena\\\/ar\\\/%d8%aa%d8%ad%d8%b1%d9%91%d9%83\\\/%d8%af%d9%81%d8%a7%d8%b9%d8%a7%d9%8b-%d8%b9%d9%86-%d8%a7%d9%86%d8%aa%d8%a7%d8%b1%d9%83%d8%aa%d9%8a%d9%83%d8%a7\\\/#breadcrumb\"},\"inLanguage\":\"fr\",\"potentialAction\":[{\"@type\":\"ReadAction\",\"target\":[\"http:\\\/\\\/www.greenpeace.org\\\/mena\\\/ar\\\/%d8%aa%d8%ad%d8%b1%d9%91%d9%83\\\/%d8%af%d9%81%d8%a7%d8%b9%d8%a7%d9%8b-%d8%b9%d9%86-%d8%a7%d9%86%d8%aa%d8%a7%d8%b1%d9%83%d8%aa%d9%8a%d9%83%d8%a7\\\/\"]}]},{\"@type\":\"ImageObject\",\"inLanguage\":\"fr\",\"@id\":\"http:\\\/\\\/www.greenpeace.org\\\/mena\\\/ar\\\/%d8%aa%d8%ad%d8%b1%d9%91%d9%83\\\/%d8%af%d9%81%d8%a7%d8%b9%d8%a7%d9%8b-%d8%b9%d9%86-%d8%a7%d9%86%d8%aa%d8%a7%d8%b1%d9%83%d8%aa%d9%8a%d9%83%d8%a7\\\/#primaryimage\",\"url\":\"https:\\\/\\\/www.greenpeace.org\\\/static\\\/planet4-mena-stateless\\\/2019\\\/06\\\/58ff8114-d4dcdfe0-antartica.jpg\",\"contentUrl\":\"https:\\\/\\\/www.greenpeace.org\\\/static\\\/planet4-mena-stateless\\\/2019\\\/06\\\/58ff8114-d4dcdfe0-antartica.jpg\",\"width\":1084,\"height\":588,\"caption\":\"Two Greenpeace crew members walk along a huge iceberg rising 36 meters from the waters of Kane Basin. It is likely that this unusual feature started life as an englacial channel within the Humboldt glacier that it has calved from. Englacial channels carry melt-water from the surface of the glacier down to the bed-rock underneath. Because icebergs turn in the water the feature may also have been part of a moulin -a vertical channel draining into the glacier. Glaciologists sometimes refer to these holes within glaciers as \\\"Rothlisburger channels\\\". Rothlisburger proposed a theory of how an equilibrium develops between the external forces of the enclosing glacial structure and the internal pressure, (flow and frictional melt rate) of the water inside. Some of these properties appear to be evident in this iceberg, though the channel may have since been widened and enlarged by the subsequent tidal and surface melting and erosion. This berg was observed to drift to and fro across Kane Basin for some weeks, at different times, grounding on the sea bed, on both the North and South sides.\"},{\"@type\":\"BreadcrumbList\",\"@id\":\"http:\\\/\\\/www.greenpeace.org\\\/mena\\\/ar\\\/%d8%aa%d8%ad%d8%b1%d9%91%d9%83\\\/%d8%af%d9%81%d8%a7%d8%b9%d8%a7%d9%8b-%d8%b9%d9%86-%d8%a7%d9%86%d8%aa%d8%a7%d8%b1%d9%83%d8%aa%d9%8a%d9%83%d8%a7\\\/#breadcrumb\",\"itemListElement\":[{\"@type\":\"ListItem\",\"position\":1,\"name\":\"Home\",\"item\":\"https:\\\/\\\/www.greenpeace.org\\\/mena\\\/fr\\\/\"},{\"@type\":\"ListItem\",\"position\":2,\"name\":\"Agir\",\"item\":\"http:\\\/\\\/www.greenpeace.org\\\/mena\\\/ar\\\/%d8%aa%d8%ad%d8%b1%d9%91%d9%83\\\/\"},{\"@type\":\"ListItem\",\"position\":3,\"name\":\"Cr\u00e9er un sanctuaire antarctique\"}]},{\"@type\":\"WebSite\",\"@id\":\"https:\\\/\\\/www.greenpeace.org\\\/mena\\\/ar\\\/#website\",\"url\":\"https:\\\/\\\/www.greenpeace.org\\\/mena\\\/ar\\\/\",\"name\":\"\u063a\u0631\u064a\u0646\u0628\u064a\u0633 \u0627\u0644\u0634\u0631\u0642 \u0627\u0644\u0623\u0648\u0633\u0637 \u0648\u0634\u0645\u0627\u0644 \u0623\u0641\u0631\u064a\u0642\u064a\u0627\",\"description\":\"Greenpeace MENA fait partie du r\u00e9seau Greenpeace, qui regroupe 28 organisations nationales\\\/r\u00e9gionales ind\u00e9pendantes r\u00e9parties dans plus de 56 pays d\u2019Europe, d\u2019Am\u00e9rique, d\u2019Afrique, d\u2019Asie et du Pacifique, ainsi qu\u2019un organisme de coordination, Greenpeace International.\",\"potentialAction\":[{\"@type\":\"SearchAction\",\"target\":{\"@type\":\"EntryPoint\",\"urlTemplate\":\"https:\\\/\\\/www.greenpeace.org\\\/mena\\\/ar\\\/?s={search_term_string}\"},\"query-input\":{\"@type\":\"PropertyValueSpecification\",\"valueRequired\":true,\"valueName\":\"search_term_string\"}}],\"inLanguage\":\"fr\"}]}<\/script>\n<!-- \/ Yoast SEO Premium plugin. -->","yoast_head_json":{"title":"Cr\u00e9er un sanctuaire antarctique - Greenpeace Moyen Orient et Afrique du Nord","robots":{"index":"index","follow":"follow","max-snippet":"max-snippet:-1","max-image-preview":"max-image-preview:large","max-video-preview":"max-video-preview:-1"},"canonical":"http:\/\/www.greenpeace.org\/mena\/ar\/\u062a\u062d\u0631\u0651\u0643\/\u062f\u0641\u0627\u0639\u0627\u064b-\u0639\u0646-\u0627\u0646\u062a\u0627\u0631\u0643\u062a\u064a\u0643\u0627\/","og_locale":"fr_FR","og_type":"article","og_title":"Cr\u00e9er un sanctuaire antarctique","og_description":"Cela guarantirait un refuge s\u00fbr aux g\u00e9n\u00e9rations futures d'animaux et prot\u00e9gerait les eaux contre la p\u00eache industrielle, qui touchent actuellement le minuscule krill sur lequel repose toute la vie antarctique.","og_url":"http:\/\/www.greenpeace.org\/mena\/ar\/\u062a\u062d\u0631\u0651\u0643\/\u062f\u0641\u0627\u0639\u0627\u064b-\u0639\u0646-\u0627\u0646\u062a\u0627\u0631\u0643\u062a\u064a\u0643\u0627\/","og_site_name":"Greenpeace Moyen Orient et Afrique du Nord","article_publisher":"https:\/\/www.facebook.com\/GreenpeaceAR","article_modified_time":"2025-06-23T09:42:54+00:00","og_image":[{"width":1084,"height":588,"url":"https:\/\/www.greenpeace.org\/static\/planet4-mena-stateless\/2019\/06\/58ff8114-d4dcdfe0-antartica.jpg","type":"image\/jpeg"}],"twitter_card":"summary_large_image","twitter_site":"@GreenpeaceAR","schema":{"@context":"https:\/\/schema.org","@graph":[{"@type":"WebPage","@id":"http:\/\/www.greenpeace.org\/mena\/ar\/%d8%aa%d8%ad%d8%b1%d9%91%d9%83\/%d8%af%d9%81%d8%a7%d8%b9%d8%a7%d9%8b-%d8%b9%d9%86-%d8%a7%d9%86%d8%aa%d8%a7%d8%b1%d9%83%d8%aa%d9%8a%d9%83%d8%a7\/","url":"http:\/\/www.greenpeace.org\/mena\/ar\/%d8%aa%d8%ad%d8%b1%d9%91%d9%83\/%d8%af%d9%81%d8%a7%d8%b9%d8%a7%d9%8b-%d8%b9%d9%86-%d8%a7%d9%86%d8%aa%d8%a7%d8%b1%d9%83%d8%aa%d9%8a%d9%83%d8%a7\/","name":"Cr\u00e9er un sanctuaire antarctique - Greenpeace Moyen Orient et Afrique du Nord","isPartOf":{"@id":"https:\/\/www.greenpeace.org\/mena\/ar\/#website"},"primaryImageOfPage":{"@id":"http:\/\/www.greenpeace.org\/mena\/ar\/%d8%aa%d8%ad%d8%b1%d9%91%d9%83\/%d8%af%d9%81%d8%a7%d8%b9%d8%a7%d9%8b-%d8%b9%d9%86-%d8%a7%d9%86%d8%aa%d8%a7%d8%b1%d9%83%d8%aa%d9%8a%d9%83%d8%a7\/#primaryimage"},"image":{"@id":"http:\/\/www.greenpeace.org\/mena\/ar\/%d8%aa%d8%ad%d8%b1%d9%91%d9%83\/%d8%af%d9%81%d8%a7%d8%b9%d8%a7%d9%8b-%d8%b9%d9%86-%d8%a7%d9%86%d8%aa%d8%a7%d8%b1%d9%83%d8%aa%d9%8a%d9%83%d8%a7\/#primaryimage"},"thumbnailUrl":"https:\/\/www.greenpeace.org\/static\/planet4-mena-stateless\/2019\/06\/58ff8114-d4dcdfe0-antartica.jpg","datePublished":"2018-11-29T12:05:39+00:00","dateModified":"2025-06-23T09:42:54+00:00","breadcrumb":{"@id":"http:\/\/www.greenpeace.org\/mena\/ar\/%d8%aa%d8%ad%d8%b1%d9%91%d9%83\/%d8%af%d9%81%d8%a7%d8%b9%d8%a7%d9%8b-%d8%b9%d9%86-%d8%a7%d9%86%d8%aa%d8%a7%d8%b1%d9%83%d8%aa%d9%8a%d9%83%d8%a7\/#breadcrumb"},"inLanguage":"fr","potentialAction":[{"@type":"ReadAction","target":["http:\/\/www.greenpeace.org\/mena\/ar\/%d8%aa%d8%ad%d8%b1%d9%91%d9%83\/%d8%af%d9%81%d8%a7%d8%b9%d8%a7%d9%8b-%d8%b9%d9%86-%d8%a7%d9%86%d8%aa%d8%a7%d8%b1%d9%83%d8%aa%d9%8a%d9%83%d8%a7\/"]}]},{"@type":"ImageObject","inLanguage":"fr","@id":"http:\/\/www.greenpeace.org\/mena\/ar\/%d8%aa%d8%ad%d8%b1%d9%91%d9%83\/%d8%af%d9%81%d8%a7%d8%b9%d8%a7%d9%8b-%d8%b9%d9%86-%d8%a7%d9%86%d8%aa%d8%a7%d8%b1%d9%83%d8%aa%d9%8a%d9%83%d8%a7\/#primaryimage","url":"https:\/\/www.greenpeace.org\/static\/planet4-mena-stateless\/2019\/06\/58ff8114-d4dcdfe0-antartica.jpg","contentUrl":"https:\/\/www.greenpeace.org\/static\/planet4-mena-stateless\/2019\/06\/58ff8114-d4dcdfe0-antartica.jpg","width":1084,"height":588,"caption":"Two Greenpeace crew members walk along a huge iceberg rising 36 meters from the waters of Kane Basin. It is likely that this unusual feature started life as an englacial channel within the Humboldt glacier that it has calved from. Englacial channels carry melt-water from the surface of the glacier down to the bed-rock underneath. Because icebergs turn in the water the feature may also have been part of a moulin -a vertical channel draining into the glacier. Glaciologists sometimes refer to these holes within glaciers as \"Rothlisburger channels\". Rothlisburger proposed a theory of how an equilibrium develops between the external forces of the enclosing glacial structure and the internal pressure, (flow and frictional melt rate) of the water inside. Some of these properties appear to be evident in this iceberg, though the channel may have since been widened and enlarged by the subsequent tidal and surface melting and erosion. This berg was observed to drift to and fro across Kane Basin for some weeks, at different times, grounding on the sea bed, on both the North and South sides."},{"@type":"BreadcrumbList","@id":"http:\/\/www.greenpeace.org\/mena\/ar\/%d8%aa%d8%ad%d8%b1%d9%91%d9%83\/%d8%af%d9%81%d8%a7%d8%b9%d8%a7%d9%8b-%d8%b9%d9%86-%d8%a7%d9%86%d8%aa%d8%a7%d8%b1%d9%83%d8%aa%d9%8a%d9%83%d8%a7\/#breadcrumb","itemListElement":[{"@type":"ListItem","position":1,"name":"Home","item":"https:\/\/www.greenpeace.org\/mena\/fr\/"},{"@type":"ListItem","position":2,"name":"Agir","item":"http:\/\/www.greenpeace.org\/mena\/ar\/%d8%aa%d8%ad%d8%b1%d9%91%d9%83\/"},{"@type":"ListItem","position":3,"name":"Cr\u00e9er un sanctuaire antarctique"}]},{"@type":"WebSite","@id":"https:\/\/www.greenpeace.org\/mena\/ar\/#website","url":"https:\/\/www.greenpeace.org\/mena\/ar\/","name":"\u063a\u0631\u064a\u0646\u0628\u064a\u0633 \u0627\u0644\u0634\u0631\u0642 \u0627\u0644\u0623\u0648\u0633\u0637 \u0648\u0634\u0645\u0627\u0644 \u0623\u0641\u0631\u064a\u0642\u064a\u0627","description":"Greenpeace MENA fait partie du r\u00e9seau Greenpeace, qui regroupe 28 organisations nationales\/r\u00e9gionales ind\u00e9pendantes r\u00e9parties dans plus de 56 pays d\u2019Europe, d\u2019Am\u00e9rique, d\u2019Afrique, d\u2019Asie et du Pacifique, ainsi qu\u2019un organisme de coordination, Greenpeace International.","potentialAction":[{"@type":"SearchAction","target":{"@type":"EntryPoint","urlTemplate":"https:\/\/www.greenpeace.org\/mena\/ar\/?s={search_term_string}"},"query-input":{"@type":"PropertyValueSpecification","valueRequired":true,"valueName":"search_term_string"}}],"inLanguage":"fr"}]}},"_links":{"self":[{"href":"https:\/\/www.greenpeace.org\/mena\/fr\/wp-json\/wp\/v2\/pages\/4250","targetHints":{"allow":["GET"]}}],"collection":[{"href":"https:\/\/www.greenpeace.org\/mena\/fr\/wp-json\/wp\/v2\/pages"}],"about":[{"href":"https:\/\/www.greenpeace.org\/mena\/fr\/wp-json\/wp\/v2\/types\/page"}],"author":[{"embeddable":true,"href":"https:\/\/www.greenpeace.org\/mena\/fr\/wp-json\/wp\/v2\/users\/8"}],"replies":[{"embeddable":true,"href":"https:\/\/www.greenpeace.org\/mena\/fr\/wp-json\/wp\/v2\/comments?post=4250"}],"version-history":[{"count":6,"href":"https:\/\/www.greenpeace.org\/mena\/fr\/wp-json\/wp\/v2\/pages\/4250\/revisions"}],"predecessor-version":[{"id":17116,"href":"https:\/\/www.greenpeace.org\/mena\/fr\/wp-json\/wp\/v2\/pages\/4250\/revisions\/17116"}],"up":[{"embeddable":true,"href":"https:\/\/www.greenpeace.org\/mena\/fr\/wp-json\/wp\/v2\/pages\/4281"}],"wp:featuredmedia":[{"embeddable":true,"href":"https:\/\/www.greenpeace.org\/mena\/fr\/wp-json\/wp\/v2\/media\/4253"}],"wp:attachment":[{"href":"https:\/\/www.greenpeace.org\/mena\/fr\/wp-json\/wp\/v2\/media?parent=4250"}],"wp:term":[{"taxonomy":"category","embeddable":true,"href":"https:\/\/www.greenpeace.org\/mena\/fr\/wp-json\/wp\/v2\/categories?post=4250"},{"taxonomy":"post_tag","embeddable":true,"href":"https:\/\/www.greenpeace.org\/mena\/fr\/wp-json\/wp\/v2\/tags?post=4250"}],"curies":[{"name":"wp","href":"https:\/\/api.w.org\/{rel}","templated":true}]}}