{"id":4303,"date":"2018-07-16T11:24:16","date_gmt":"2018-07-16T11:24:16","guid":{"rendered":"https:\/\/www.greenpeace.org\/mena\/contact-us\/"},"modified":"2026-02-11T16:26:06","modified_gmt":"2026-02-11T13:26:06","slug":"contactez-nous","status":"publish","type":"page","link":"https:\/\/www.greenpeace.org\/mena\/fr\/contactez-nous\/","title":{"rendered":"Contactez-nous"},"content":{"rendered":"\n\n<div class=\"wp-block-group alignfull is-layout-flow wp-block-group-is-layout-flow\">\n<div class=\"wp-block-group container is-layout-flow wp-block-group-is-layout-flow\">\n<div data-hydrate=\"planet4-blocks\/carousel-header\" data-attributes=\"{&quot;carousel_autoplay&quot;:false,&quot;slides&quot;:[{&quot;image&quot;:4307,&quot;focal_points&quot;:{&quot;x&quot;:0.44,&quot;y&quot;:0.11},&quot;header&quot;:&quot;Contactez-nous&quot;,&quot;description&quot;:&quot;Vous pouvez nous contacter par t\u00e9l\u00e9phone ou Email:&quot;,&quot;link_text&quot;:&quot;Choisissez votre m\u00e9thode pr\u00e9f\u00e9r\u00e9e&quot;,&quot;link_url&quot;:&quot;#manual-anchor-links&quot;,&quot;link_url_new_tab&quot;:false,&quot;image_url&quot;:&quot;https:\/\/www.greenpeace.org\/static\/planet4-mena-stateless\/2019\/06\/1ca3dee5-c3d53b26-20ffd30f-callus.jpg&quot;,&quot;image_srcset&quot;:&quot;https:\/\/www.greenpeace.org\/static\/planet4-mena-stateless\/2019\/06\/1ca3dee5-c3d53b26-20ffd30f-callus-150x150.jpg 150w,https:\/\/www.greenpeace.org\/static\/planet4-mena-stateless\/2019\/06\/1ca3dee5-c3d53b26-20ffd30f-callus-300x217.jpg 300w,https:\/\/www.greenpeace.org\/static\/planet4-mena-stateless\/2019\/06\/1ca3dee5-c3d53b26-20ffd30f-callus.jpg 680w&quot;}],&quot;currentImageIndex&quot;:0,&quot;className&quot;:&quot;wp-block-planet4-blocks-carousel-header&quot;}\"><section class=\"block block-header alignfull carousel-header wp-block-planet4-blocks-carousel-header\"><div class=\"carousel-wrapper-header\"><ul class=\"carousel-inner\" role=\"listbox\"><li class=\"carousel-item active\" tabindex=\"0\" role=\"tabpanel\" aria-label=\"Text goes here!\"><div class=\"carousel-item-mask\"><div class=\"background-holder\"><img decoding=\"async\" src=\"https:\/\/www.greenpeace.org\/static\/planet4-mena-stateless\/2019\/06\/1ca3dee5-c3d53b26-20ffd30f-callus.jpg\" style=\"object-position:44% 11%\" srcSet=\"https:\/\/www.greenpeace.org\/static\/planet4-mena-stateless\/2019\/06\/1ca3dee5-c3d53b26-20ffd30f-callus-150x150.jpg 150w,https:\/\/www.greenpeace.org\/static\/planet4-mena-stateless\/2019\/06\/1ca3dee5-c3d53b26-20ffd30f-callus-300x217.jpg 300w,https:\/\/www.greenpeace.org\/static\/planet4-mena-stateless\/2019\/06\/1ca3dee5-c3d53b26-20ffd30f-callus.jpg 680w\"\/><\/div><div class=\"carousel-caption\"><div class=\"caption-overlay\"><\/div><div class=\"container main-header\"><div class=\"carousel-captions-wrapper\"><h2>Contactez-nous<\/h2><p>Vous pouvez nous contacter par t\u00e9l\u00e9phone ou Email:<\/p><\/div><div class=\"col-xs-12 col-sm-8 col-md-4 action-button\"><a href=\"#manual-anchor-links\" class=\"btn btn-primary\" data-ga-category=\"Carousel Header\" data-ga-action=\"Call to Action\" tabindex=\"0\"><span>Choisissez votre m\u00e9thode pr\u00e9f\u00e9r\u00e9e<\/span><\/a><\/div><\/div><\/div><\/div><\/li><\/ul><\/div><\/section><\/div>\n<\/div>\n<\/div>\n\n\n<p id=\"manual-anchor-links\"><\/p>\n<p><strong>Email :<\/strong> <a href=\"mailto:info.arabic@greenpeace.org\">info.arabic@greenpeace.org<\/a><\/p>\n<p><strong>T\u00e9l :<\/strong> +961 1 612 500 Ext : 3930<\/p>\n<p><strong>Pays-Bas<\/strong>: +31 (06) 45712741<br \/>Du lundi au Vendredi de 10h \u00e0 18h (Fuseau horaire du Liban)<br \/><strong><br \/>Bureau de Beyrouth:<\/strong><br \/>B\u00e2timent Berytech, p\u00f4le technologique, 9\u00e8me \u00e9tage,<br \/>Route de Damas, Mathaf,<br \/>Beyrouth, Liban<\/p>\n<p style=\"font-weight: 400;\"><strong>Demandes des m\u00e9dias :<br \/><\/strong>Contactez le service presse \u00e0 l\u2019adresse suivante :\u00a0<a href=\"mailto:gmena@greenpeace.org\">gmena@greenpeace.org<\/a><\/p>\n<p><strong>Demandes de carri\u00e8re:<br \/><\/strong>Contactez notre service de ressources humaines, <a href=\"mailto:hr.gpmena@greenpeace.org\">hr.gpmena@greenpeace.org<\/a><\/p>\n<p style=\"font-weight: 400;\"><strong>Pour toute question concernant les fonds:<br \/><\/strong>Vous-Pouvez contacter notre \u00e9quipe de collecte de fonds par Email, <a href=\"mailto:frgpmena@greenpeace.org\">frgpmena@greenpeace.org<\/a><\/p>\n<p><strong>Signaler les probl\u00e8mes du site Web \u00e0:<\/strong><br \/><a href=\"mailto:iaw@greenpeace.org\">iaw@greenpeace.org<\/a><\/p>\n","protected":false},"excerpt":{"rendered":"<p>Have a question about a Greenpeace campaign? Want to contribute to our work? Whatever the issue or question might be, our friendly team is always happy to hear from you!<\/p>\n","protected":false},"author":8,"featured_media":4307,"parent":0,"menu_order":0,"comment_status":"closed","ping_status":"closed","template":"page-templates\/evergreen.php","meta":{"_planet4_optimize_post_is_variant":false,"_planet4_optimize_experiment_name":"","_planet4_optimize_variant_name":"","ep_exclude_from_search":false,"p4_hide_page_title_checkbox":"on","p4_title":"","p4_subtitle":"","p4_description":"","background_image_id":"","background_image":"","p4_button_title":"","p4_button_link":"","p4_button_link_checkbox":"","p4_og_title":"","p4_og_description":"","p4_og_image":"","p4_og_image_id":"","p4_seo_canonical_url":"","p4_campaign_name":"not set","p4_local_project":"not set","p4_basket_name":"not set","p4_department":"","footnotes":""},"categories":[],"tags":[],"class_list":["post-4303","page","type-page","status-publish","has-post-thumbnail","hentry"],"yoast_head":"<!-- This site is optimized with the Yoast SEO Premium plugin v27.4 (Yoast SEO v27.4) - https:\/\/yoast.com\/product\/yoast-seo-premium-wordpress\/ -->\n<title>Contactez-nous - Greenpeace Moyen Orient et Afrique du Nord<\/title>\n<meta name=\"robots\" content=\"index, follow, max-snippet:-1, max-image-preview:large, max-video-preview:-1\" \/>\n<link rel=\"canonical\" href=\"https:\/\/www.greenpeace.org\/mena\/fr\/contactez-nous\/\" \/>\n<meta property=\"og:locale\" content=\"fr_FR\" \/>\n<meta property=\"og:type\" content=\"article\" \/>\n<meta property=\"og:title\" content=\"Contactez-nous\" \/>\n<meta property=\"og:description\" content=\"Have a question about a Greenpeace campaign? Want to contribute to our work? Whatever the issue or question might be, our friendly team is always happy to hear from you!\" \/>\n<meta property=\"og:url\" content=\"https:\/\/www.greenpeace.org\/mena\/fr\/contactez-nous\/\" \/>\n<meta property=\"og:site_name\" content=\"Greenpeace Moyen Orient et Afrique du Nord\" \/>\n<meta property=\"article:publisher\" content=\"https:\/\/www.facebook.com\/GreenpeaceAR\" \/>\n<meta property=\"article:modified_time\" content=\"2026-02-11T13:26:06+00:00\" \/>\n<meta property=\"og:image\" content=\"https:\/\/www.greenpeace.org\/static\/planet4-mena-stateless\/2019\/06\/1ca3dee5-c3d53b26-20ffd30f-callus.jpg\" \/>\n\t<meta property=\"og:image:width\" content=\"680\" \/>\n\t<meta property=\"og:image:height\" content=\"491\" \/>\n\t<meta property=\"og:image:type\" content=\"image\/jpeg\" \/>\n<meta name=\"twitter:card\" content=\"summary_large_image\" \/>\n<meta name=\"twitter:site\" content=\"@GreenpeaceAR\" \/>\n<meta name=\"twitter:label1\" content=\"Est. reading time\" \/>\n\t<meta name=\"twitter:data1\" content=\"1 minute\" \/>\n<script type=\"application\/ld+json\" class=\"yoast-schema-graph\">{\"@context\":\"https:\\\/\\\/schema.org\",\"@graph\":[{\"@type\":\"WebPage\",\"@id\":\"https:\\\/\\\/www.greenpeace.org\\\/mena\\\/fr\\\/contactez-nous\\\/\",\"url\":\"https:\\\/\\\/www.greenpeace.org\\\/mena\\\/fr\\\/contactez-nous\\\/\",\"name\":\"Contactez-nous - Greenpeace Moyen Orient et Afrique du Nord\",\"isPartOf\":{\"@id\":\"https:\\\/\\\/www.greenpeace.org\\\/mena\\\/ar\\\/#website\"},\"primaryImageOfPage\":{\"@id\":\"https:\\\/\\\/www.greenpeace.org\\\/mena\\\/fr\\\/contactez-nous\\\/#primaryimage\"},\"image\":{\"@id\":\"https:\\\/\\\/www.greenpeace.org\\\/mena\\\/fr\\\/contactez-nous\\\/#primaryimage\"},\"thumbnailUrl\":\"https:\\\/\\\/www.greenpeace.org\\\/static\\\/planet4-mena-stateless\\\/2019\\\/06\\\/1ca3dee5-c3d53b26-20ffd30f-callus.jpg\",\"datePublished\":\"2018-07-16T11:24:16+00:00\",\"dateModified\":\"2026-02-11T13:26:06+00:00\",\"breadcrumb\":{\"@id\":\"https:\\\/\\\/www.greenpeace.org\\\/mena\\\/fr\\\/contactez-nous\\\/#breadcrumb\"},\"inLanguage\":\"fr\",\"potentialAction\":[{\"@type\":\"ReadAction\",\"target\":[\"https:\\\/\\\/www.greenpeace.org\\\/mena\\\/fr\\\/contactez-nous\\\/\"]}]},{\"@type\":\"ImageObject\",\"inLanguage\":\"fr\",\"@id\":\"https:\\\/\\\/www.greenpeace.org\\\/mena\\\/fr\\\/contactez-nous\\\/#primaryimage\",\"url\":\"https:\\\/\\\/www.greenpeace.org\\\/static\\\/planet4-mena-stateless\\\/2019\\\/06\\\/1ca3dee5-c3d53b26-20ffd30f-callus.jpg\",\"contentUrl\":\"https:\\\/\\\/www.greenpeace.org\\\/static\\\/planet4-mena-stateless\\\/2019\\\/06\\\/1ca3dee5-c3d53b26-20ffd30f-callus.jpg\",\"width\":680,\"height\":491,\"caption\":\"Documentation of a solar energy project in the remote southern village of Tahala, Souss-Massa-Dr\u00e2a region, Morocco.\"},{\"@type\":\"BreadcrumbList\",\"@id\":\"https:\\\/\\\/www.greenpeace.org\\\/mena\\\/fr\\\/contactez-nous\\\/#breadcrumb\",\"itemListElement\":[{\"@type\":\"ListItem\",\"position\":1,\"name\":\"Home\",\"item\":\"https:\\\/\\\/www.greenpeace.org\\\/mena\\\/fr\\\/\"},{\"@type\":\"ListItem\",\"position\":2,\"name\":\"Contactez-nous\"}]},{\"@type\":\"WebSite\",\"@id\":\"https:\\\/\\\/www.greenpeace.org\\\/mena\\\/ar\\\/#website\",\"url\":\"https:\\\/\\\/www.greenpeace.org\\\/mena\\\/ar\\\/\",\"name\":\"\u063a\u0631\u064a\u0646\u0628\u064a\u0633 \u0627\u0644\u0634\u0631\u0642 \u0627\u0644\u0623\u0648\u0633\u0637 \u0648\u0634\u0645\u0627\u0644 \u0623\u0641\u0631\u064a\u0642\u064a\u0627\",\"description\":\"Greenpeace MENA fait partie du r\u00e9seau Greenpeace, qui regroupe 28 organisations nationales\\\/r\u00e9gionales ind\u00e9pendantes r\u00e9parties dans plus de 56 pays d\u2019Europe, d\u2019Am\u00e9rique, d\u2019Afrique, d\u2019Asie et du Pacifique, ainsi qu\u2019un organisme de coordination, Greenpeace International.\",\"potentialAction\":[{\"@type\":\"SearchAction\",\"target\":{\"@type\":\"EntryPoint\",\"urlTemplate\":\"https:\\\/\\\/www.greenpeace.org\\\/mena\\\/ar\\\/?s={search_term_string}\"},\"query-input\":{\"@type\":\"PropertyValueSpecification\",\"valueRequired\":true,\"valueName\":\"search_term_string\"}}],\"inLanguage\":\"fr\"}]}<\/script>\n<!-- \/ Yoast SEO Premium plugin. -->","yoast_head_json":{"title":"Contactez-nous - Greenpeace Moyen Orient et Afrique du Nord","robots":{"index":"index","follow":"follow","max-snippet":"max-snippet:-1","max-image-preview":"max-image-preview:large","max-video-preview":"max-video-preview:-1"},"canonical":"https:\/\/www.greenpeace.org\/mena\/fr\/contactez-nous\/","og_locale":"fr_FR","og_type":"article","og_title":"Contactez-nous","og_description":"Have a question about a Greenpeace campaign? Want to contribute to our work? Whatever the issue or question might be, our friendly team is always happy to hear from you!","og_url":"https:\/\/www.greenpeace.org\/mena\/fr\/contactez-nous\/","og_site_name":"Greenpeace Moyen Orient et Afrique du Nord","article_publisher":"https:\/\/www.facebook.com\/GreenpeaceAR","article_modified_time":"2026-02-11T13:26:06+00:00","og_image":[{"width":680,"height":491,"url":"https:\/\/www.greenpeace.org\/static\/planet4-mena-stateless\/2019\/06\/1ca3dee5-c3d53b26-20ffd30f-callus.jpg","type":"image\/jpeg"}],"twitter_card":"summary_large_image","twitter_site":"@GreenpeaceAR","twitter_misc":{"Est. reading time":"1 minute"},"schema":{"@context":"https:\/\/schema.org","@graph":[{"@type":"WebPage","@id":"https:\/\/www.greenpeace.org\/mena\/fr\/contactez-nous\/","url":"https:\/\/www.greenpeace.org\/mena\/fr\/contactez-nous\/","name":"Contactez-nous - Greenpeace Moyen Orient et Afrique du Nord","isPartOf":{"@id":"https:\/\/www.greenpeace.org\/mena\/ar\/#website"},"primaryImageOfPage":{"@id":"https:\/\/www.greenpeace.org\/mena\/fr\/contactez-nous\/#primaryimage"},"image":{"@id":"https:\/\/www.greenpeace.org\/mena\/fr\/contactez-nous\/#primaryimage"},"thumbnailUrl":"https:\/\/www.greenpeace.org\/static\/planet4-mena-stateless\/2019\/06\/1ca3dee5-c3d53b26-20ffd30f-callus.jpg","datePublished":"2018-07-16T11:24:16+00:00","dateModified":"2026-02-11T13:26:06+00:00","breadcrumb":{"@id":"https:\/\/www.greenpeace.org\/mena\/fr\/contactez-nous\/#breadcrumb"},"inLanguage":"fr","potentialAction":[{"@type":"ReadAction","target":["https:\/\/www.greenpeace.org\/mena\/fr\/contactez-nous\/"]}]},{"@type":"ImageObject","inLanguage":"fr","@id":"https:\/\/www.greenpeace.org\/mena\/fr\/contactez-nous\/#primaryimage","url":"https:\/\/www.greenpeace.org\/static\/planet4-mena-stateless\/2019\/06\/1ca3dee5-c3d53b26-20ffd30f-callus.jpg","contentUrl":"https:\/\/www.greenpeace.org\/static\/planet4-mena-stateless\/2019\/06\/1ca3dee5-c3d53b26-20ffd30f-callus.jpg","width":680,"height":491,"caption":"Documentation of a solar energy project in the remote southern village of Tahala, Souss-Massa-Dr\u00e2a region, Morocco."},{"@type":"BreadcrumbList","@id":"https:\/\/www.greenpeace.org\/mena\/fr\/contactez-nous\/#breadcrumb","itemListElement":[{"@type":"ListItem","position":1,"name":"Home","item":"https:\/\/www.greenpeace.org\/mena\/fr\/"},{"@type":"ListItem","position":2,"name":"Contactez-nous"}]},{"@type":"WebSite","@id":"https:\/\/www.greenpeace.org\/mena\/ar\/#website","url":"https:\/\/www.greenpeace.org\/mena\/ar\/","name":"\u063a\u0631\u064a\u0646\u0628\u064a\u0633 \u0627\u0644\u0634\u0631\u0642 \u0627\u0644\u0623\u0648\u0633\u0637 \u0648\u0634\u0645\u0627\u0644 \u0623\u0641\u0631\u064a\u0642\u064a\u0627","description":"Greenpeace MENA fait partie du r\u00e9seau Greenpeace, qui regroupe 28 organisations nationales\/r\u00e9gionales ind\u00e9pendantes r\u00e9parties dans plus de 56 pays d\u2019Europe, d\u2019Am\u00e9rique, d\u2019Afrique, d\u2019Asie et du Pacifique, ainsi qu\u2019un organisme de coordination, Greenpeace International.","potentialAction":[{"@type":"SearchAction","target":{"@type":"EntryPoint","urlTemplate":"https:\/\/www.greenpeace.org\/mena\/ar\/?s={search_term_string}"},"query-input":{"@type":"PropertyValueSpecification","valueRequired":true,"valueName":"search_term_string"}}],"inLanguage":"fr"}]}},"_links":{"self":[{"href":"https:\/\/www.greenpeace.org\/mena\/fr\/wp-json\/wp\/v2\/pages\/4303","targetHints":{"allow":["GET"]}}],"collection":[{"href":"https:\/\/www.greenpeace.org\/mena\/fr\/wp-json\/wp\/v2\/pages"}],"about":[{"href":"https:\/\/www.greenpeace.org\/mena\/fr\/wp-json\/wp\/v2\/types\/page"}],"author":[{"embeddable":true,"href":"https:\/\/www.greenpeace.org\/mena\/fr\/wp-json\/wp\/v2\/users\/8"}],"replies":[{"embeddable":true,"href":"https:\/\/www.greenpeace.org\/mena\/fr\/wp-json\/wp\/v2\/comments?post=4303"}],"version-history":[{"count":16,"href":"https:\/\/www.greenpeace.org\/mena\/fr\/wp-json\/wp\/v2\/pages\/4303\/revisions"}],"predecessor-version":[{"id":20315,"href":"https:\/\/www.greenpeace.org\/mena\/fr\/wp-json\/wp\/v2\/pages\/4303\/revisions\/20315"}],"wp:featuredmedia":[{"embeddable":true,"href":"https:\/\/www.greenpeace.org\/mena\/fr\/wp-json\/wp\/v2\/media\/4307"}],"wp:attachment":[{"href":"https:\/\/www.greenpeace.org\/mena\/fr\/wp-json\/wp\/v2\/media?parent=4303"}],"wp:term":[{"taxonomy":"category","embeddable":true,"href":"https:\/\/www.greenpeace.org\/mena\/fr\/wp-json\/wp\/v2\/categories?post=4303"},{"taxonomy":"post_tag","embeddable":true,"href":"https:\/\/www.greenpeace.org\/mena\/fr\/wp-json\/wp\/v2\/tags?post=4303"}],"curies":[{"name":"wp","href":"https:\/\/api.w.org\/{rel}","templated":true}]}}