{"id":4329,"date":"2018-11-29T12:16:07","date_gmt":"2018-11-29T12:16:07","guid":{"rendered":"https:\/\/www.greenpeace.org\/mena\/agissez\/join-the-movement\/"},"modified":"2025-06-23T12:42:50","modified_gmt":"2025-06-23T09:42:50","slug":"rejoignez-le-mouvement","status":"publish","type":"page","link":"https:\/\/www.greenpeace.org\/mena\/fr\/agissez\/rejoignez-le-mouvement\/","title":{"rendered":"Rejoignez le mouvement"},"content":{"rendered":"\n                \n                <div class=\"wp-block-group alignfull is-layout-flow wp-block-group-is-layout-flow\">\n                \n                <div class=\"wp-block-group container is-layout-flow wp-block-group-is-layout-flow\">\n                \n                <div class=\"wp-block-media-text alignfull has-media-on-the-right is-stacked-on-mobile is-pattern-p4-page-header is-style-parallax\">\n\n                <div class=\"wp-block-media-text__content\">\n                    <div class=\"wp-block-group is-layout-flow wp-block-group-is-layout-flow\">\n                    \n                        <h1 class=\"wp-block-heading has-white-background-color has-background\">\n                            Rejoignez Le Mouvement\n                        <\/h1>\n                    <\/div>\n                \n\n                \n                        <p style=\"font-size:1.25rem\">\n                            <span style=\"font-weight: 400\">Greenpeace prot\u00e8ge l&#8217;environnement depuis des d\u00e9cennies. Nous avons mis fin \u00e0 de nombreux crimes contre la plan\u00e8te et avons rendu de nombreuses soci\u00e9t\u00e9s responsables de leurs actes. Mais il y a toujours plus de scandales, plus de crimes et plus de destructions.<\/span>\r\n\r\n<span style=\"font-weight: 400\">Nous allons r\u00e9gler le probl\u00e8me par o\u00f9 il commence. En faisant campagne pour un syst\u00e8me qui place la justice pour les peuples et la plan\u00e8te avant les profits des entreprises. Pour un syst\u00e8me qui oblige les entreprises \u00e0 rendre des comptes. M\u00eame s&#8217;ils essaient de se mettre au-del\u00e0 de la loi. Un monde plus juste est \u00e0 notre port\u00e9e.<\/span>\n                        <\/p>\n                    \n\n                \n                        <div class=\"wp-block-buttons is-layout-flex wp-block-buttons-is-layout-flex\">\n                            \n                        <\/div>\n                        <div class=\"wp-block-button is-style-cta\">\n                            <a class=\"wp-block-button__link wp-element-button\" href=\"https:\/\/eu1.hubs.ly\/y0f4lk0\" target=\"\" rel=\"noreferrer noopener\">\n                                Je Veux Sauver La Plan\u00e8te\n                            <\/a>\n                        <\/div>\n                    \n\n                <\/div>\n                <figure class=\"wp-block-media-text__media\">\n                    <img loading=\"lazy\" decoding=\"async\" width=\"1366\" height=\"701\"\n                        src=\"https:\/\/www.greenpeace.org\/static\/planet4-mena-stateless\/2019\/06\/b41a34a1-74e4e3e1-indam-ila-al7irak.jpg\"\n                        alt=\"\"\n                        sizes=\"auto, (min-width: 601px) 50vw, 100vw\" srcset=\"https:\/\/www.greenpeace.org\/static\/planet4-mena-stateless\/2019\/06\/b41a34a1-74e4e3e1-indam-ila-al7irak.jpg 1366w, https:\/\/www.greenpeace.org\/static\/planet4-mena-stateless\/2019\/06\/b41a34a1-74e4e3e1-indam-ila-al7irak-300x154.jpg 300w, https:\/\/www.greenpeace.org\/static\/planet4-mena-stateless\/2019\/06\/b41a34a1-74e4e3e1-indam-ila-al7irak-768x394.jpg 768w, https:\/\/www.greenpeace.org\/static\/planet4-mena-stateless\/2019\/06\/b41a34a1-74e4e3e1-indam-ila-al7irak-1024x525.jpg 1024w, https:\/\/www.greenpeace.org\/static\/planet4-mena-stateless\/2019\/06\/b41a34a1-74e4e3e1-indam-ila-al7irak-510x262.jpg 510w\" class=\"wp-image-4331 size-full\"\n                    \/>\n                <\/figure>\n                <\/div>\n                \n                <\/div>\n                \n                <\/div>\n                \n                <p>                &nbsp;<\/p>\n<p>&nbsp;<\/p>\n","protected":false},"excerpt":{"rendered":"<p>&nbsp; &nbsp;<\/p>\n","protected":false},"author":8,"featured_media":4331,"parent":4281,"menu_order":0,"comment_status":"closed","ping_status":"closed","template":"","meta":{"_planet4_optimize_post_is_variant":false,"_planet4_optimize_experiment_name":"","_planet4_optimize_variant_name":"","ep_exclude_from_search":false,"p4_hide_page_title_checkbox":"on","p4_title":"","p4_subtitle":"","p4_description":"","background_image_id":"","background_image":"","p4_button_title":"","p4_button_link":"","p4_button_link_checkbox":"","p4_og_title":"","p4_og_description":"","p4_og_image":"","p4_og_image_id":"","p4_seo_canonical_url":"","p4_campaign_name":"not set","p4_local_project":"not set","p4_basket_name":"not set","p4_department":"","footnotes":""},"categories":[121,280],"tags":[169],"class_list":["post-4329","page","type-page","status-publish","has-post-thumbnail","hentry","category-non-classifiee","category-greenpeace-moyen-orient-et-afrique-du-nord","tag-aboutus-fr"],"yoast_head":"<!-- This site is optimized with the Yoast SEO Premium plugin v23.9 (Yoast SEO v23.9) - https:\/\/yoast.com\/wordpress\/plugins\/seo\/ -->\n<title>Rejoignez le mouvement - Greenpeace Moyen Orient et Afrique du Nord<\/title>\n<meta name=\"robots\" content=\"index, follow, max-snippet:-1, max-image-preview:large, max-video-preview:-1\" \/>\n<link rel=\"canonical\" href=\"https:\/\/www.greenpeace.org\/mena\/fr\/agissez\/rejoignez-le-mouvement\/\" \/>\n<meta property=\"og:locale\" content=\"fr_FR\" \/>\n<meta property=\"og:type\" content=\"article\" \/>\n<meta property=\"og:title\" content=\"Rejoignez le mouvement\" \/>\n<meta property=\"og:description\" content=\"&nbsp; &nbsp;\" \/>\n<meta property=\"og:url\" content=\"https:\/\/www.greenpeace.org\/mena\/fr\/agissez\/rejoignez-le-mouvement\/\" \/>\n<meta property=\"og:site_name\" content=\"Greenpeace Moyen Orient et Afrique du Nord\" \/>\n<meta property=\"article:publisher\" content=\"https:\/\/www.facebook.com\/GreenpeaceAR\" \/>\n<meta property=\"article:modified_time\" content=\"2025-06-23T09:42:50+00:00\" \/>\n<meta property=\"og:image\" content=\"https:\/\/www.greenpeace.org\/static\/planet4-mena-stateless\/2019\/06\/b41a34a1-74e4e3e1-indam-ila-al7irak.jpg\" \/>\n\t<meta property=\"og:image:width\" content=\"1366\" \/>\n\t<meta property=\"og:image:height\" content=\"701\" \/>\n\t<meta property=\"og:image:type\" content=\"image\/jpeg\" \/>\n<meta name=\"twitter:card\" content=\"summary_large_image\" \/>\n<meta name=\"twitter:site\" content=\"@GreenpeaceAR\" \/>\n<meta name=\"twitter:label1\" content=\"Est. reading time\" \/>\n\t<meta name=\"twitter:data1\" content=\"1 minute\" \/>\n<script type=\"application\/ld+json\" class=\"yoast-schema-graph\">{\"@context\":\"https:\/\/schema.org\",\"@graph\":[{\"@type\":\"WebPage\",\"@id\":\"https:\/\/www.greenpeace.org\/mena\/fr\/agissez\/rejoignez-le-mouvement\/\",\"url\":\"https:\/\/www.greenpeace.org\/mena\/fr\/agissez\/rejoignez-le-mouvement\/\",\"name\":\"Rejoignez le mouvement - Greenpeace Moyen Orient et Afrique du Nord\",\"isPartOf\":{\"@id\":\"https:\/\/www.greenpeace.org\/mena\/ar\/#website\"},\"primaryImageOfPage\":{\"@id\":\"https:\/\/www.greenpeace.org\/mena\/fr\/agissez\/rejoignez-le-mouvement\/#primaryimage\"},\"image\":{\"@id\":\"https:\/\/www.greenpeace.org\/mena\/fr\/agissez\/rejoignez-le-mouvement\/#primaryimage\"},\"thumbnailUrl\":\"https:\/\/www.greenpeace.org\/static\/planet4-mena-stateless\/2019\/06\/b41a34a1-74e4e3e1-indam-ila-al7irak.jpg\",\"datePublished\":\"2018-11-29T12:16:07+00:00\",\"dateModified\":\"2025-06-23T09:42:50+00:00\",\"breadcrumb\":{\"@id\":\"https:\/\/www.greenpeace.org\/mena\/fr\/agissez\/rejoignez-le-mouvement\/#breadcrumb\"},\"inLanguage\":\"fr\",\"potentialAction\":[{\"@type\":\"ReadAction\",\"target\":[\"https:\/\/www.greenpeace.org\/mena\/fr\/agissez\/rejoignez-le-mouvement\/\"]}]},{\"@type\":\"ImageObject\",\"inLanguage\":\"fr\",\"@id\":\"https:\/\/www.greenpeace.org\/mena\/fr\/agissez\/rejoignez-le-mouvement\/#primaryimage\",\"url\":\"https:\/\/www.greenpeace.org\/static\/planet4-mena-stateless\/2019\/06\/b41a34a1-74e4e3e1-indam-ila-al7irak.jpg\",\"contentUrl\":\"https:\/\/www.greenpeace.org\/static\/planet4-mena-stateless\/2019\/06\/b41a34a1-74e4e3e1-indam-ila-al7irak.jpg\",\"width\":1366,\"height\":701,\"caption\":\"Greenpeace calls for greater use of solar power in the Arab World, while participating in the Climate march. Greenpeace members are among thousands of people taking part of the Marrakech march to call for action during the COP22 UN climate negotiations in the first ever mass demonstration on climate in Morocco and the first ever in the Arab world during a COP climate conference.\"},{\"@type\":\"BreadcrumbList\",\"@id\":\"https:\/\/www.greenpeace.org\/mena\/fr\/agissez\/rejoignez-le-mouvement\/#breadcrumb\",\"itemListElement\":[{\"@type\":\"ListItem\",\"position\":1,\"name\":\"Home\",\"item\":\"https:\/\/www.greenpeace.org\/mena\/fr\/\"},{\"@type\":\"ListItem\",\"position\":2,\"name\":\"Agir\",\"item\":\"https:\/\/www.greenpeace.org\/mena\/fr\/agissez\/\"},{\"@type\":\"ListItem\",\"position\":3,\"name\":\"Rejoignez le mouvement\"}]},{\"@type\":\"WebSite\",\"@id\":\"https:\/\/www.greenpeace.org\/mena\/ar\/#website\",\"url\":\"https:\/\/www.greenpeace.org\/mena\/ar\/\",\"name\":\"Greenpeace Middle East and North Africa\",\"description\":\"Greenpeace MENA fait partie du r\u00e9seau Greenpeace, qui regroupe 28 organisations nationales\/r\u00e9gionales ind\u00e9pendantes r\u00e9parties dans plus de 56 pays d\u2019Europe, d\u2019Am\u00e9rique, d\u2019Afrique, d\u2019Asie et du Pacifique, ainsi qu\u2019un organisme de coordination, Greenpeace International.\",\"publisher\":{\"@id\":\"https:\/\/www.greenpeace.org\/mena\/ar\/#organization\"},\"potentialAction\":[{\"@type\":\"SearchAction\",\"target\":{\"@type\":\"EntryPoint\",\"urlTemplate\":\"https:\/\/www.greenpeace.org\/mena\/ar\/?s={search_term_string}\"},\"query-input\":{\"@type\":\"PropertyValueSpecification\",\"valueRequired\":true,\"valueName\":\"search_term_string\"}}],\"inLanguage\":\"fr\"},{\"@type\":\"Organization\",\"@id\":\"https:\/\/www.greenpeace.org\/mena\/ar\/#organization\",\"name\":\"Greenpeace Middle East and North Africa\",\"url\":\"https:\/\/www.greenpeace.org\/mena\/ar\/\",\"logo\":{\"@type\":\"ImageObject\",\"inLanguage\":\"fr\",\"@id\":\"https:\/\/www.greenpeace.org\/mena\/ar\/#\/schema\/logo\/image\/\",\"url\":\"https:\/\/www.greenpeace.org\/static\/planet4-mena-stateless\/2018\/12\/fd52f981-logo-on-facebook.png\",\"contentUrl\":\"https:\/\/www.greenpeace.org\/static\/planet4-mena-stateless\/2018\/12\/fd52f981-logo-on-facebook.png\",\"width\":272,\"height\":275,\"caption\":\"Greenpeace Middle East and North Africa\"},\"image\":{\"@id\":\"https:\/\/www.greenpeace.org\/mena\/ar\/#\/schema\/logo\/image\/\"},\"sameAs\":[\"https:\/\/www.facebook.com\/GreenpeaceAR\",\"https:\/\/x.com\/GreenpeaceAR\",\"https:\/\/www.instagram.com\/GreenpeaceAR\",\"https:\/\/www.tiktok.com\/@GreenpeaceAR\",\"https:\/\/www.youtube.com\/@Greenpeacear\"]}]}<\/script>\n<!-- \/ Yoast SEO Premium plugin. -->","yoast_head_json":{"title":"Rejoignez le mouvement - Greenpeace Moyen Orient et Afrique du Nord","robots":{"index":"index","follow":"follow","max-snippet":"max-snippet:-1","max-image-preview":"max-image-preview:large","max-video-preview":"max-video-preview:-1"},"canonical":"https:\/\/www.greenpeace.org\/mena\/fr\/agissez\/rejoignez-le-mouvement\/","og_locale":"fr_FR","og_type":"article","og_title":"Rejoignez le mouvement","og_description":"&nbsp; &nbsp;","og_url":"https:\/\/www.greenpeace.org\/mena\/fr\/agissez\/rejoignez-le-mouvement\/","og_site_name":"Greenpeace Moyen Orient et Afrique du Nord","article_publisher":"https:\/\/www.facebook.com\/GreenpeaceAR","article_modified_time":"2025-06-23T09:42:50+00:00","og_image":[{"width":1366,"height":701,"url":"https:\/\/www.greenpeace.org\/static\/planet4-mena-stateless\/2019\/06\/b41a34a1-74e4e3e1-indam-ila-al7irak.jpg","type":"image\/jpeg"}],"twitter_card":"summary_large_image","twitter_site":"@GreenpeaceAR","twitter_misc":{"Est. reading time":"1 minute"},"schema":{"@context":"https:\/\/schema.org","@graph":[{"@type":"WebPage","@id":"https:\/\/www.greenpeace.org\/mena\/fr\/agissez\/rejoignez-le-mouvement\/","url":"https:\/\/www.greenpeace.org\/mena\/fr\/agissez\/rejoignez-le-mouvement\/","name":"Rejoignez le mouvement - Greenpeace Moyen Orient et Afrique du Nord","isPartOf":{"@id":"https:\/\/www.greenpeace.org\/mena\/ar\/#website"},"primaryImageOfPage":{"@id":"https:\/\/www.greenpeace.org\/mena\/fr\/agissez\/rejoignez-le-mouvement\/#primaryimage"},"image":{"@id":"https:\/\/www.greenpeace.org\/mena\/fr\/agissez\/rejoignez-le-mouvement\/#primaryimage"},"thumbnailUrl":"https:\/\/www.greenpeace.org\/static\/planet4-mena-stateless\/2019\/06\/b41a34a1-74e4e3e1-indam-ila-al7irak.jpg","datePublished":"2018-11-29T12:16:07+00:00","dateModified":"2025-06-23T09:42:50+00:00","breadcrumb":{"@id":"https:\/\/www.greenpeace.org\/mena\/fr\/agissez\/rejoignez-le-mouvement\/#breadcrumb"},"inLanguage":"fr","potentialAction":[{"@type":"ReadAction","target":["https:\/\/www.greenpeace.org\/mena\/fr\/agissez\/rejoignez-le-mouvement\/"]}]},{"@type":"ImageObject","inLanguage":"fr","@id":"https:\/\/www.greenpeace.org\/mena\/fr\/agissez\/rejoignez-le-mouvement\/#primaryimage","url":"https:\/\/www.greenpeace.org\/static\/planet4-mena-stateless\/2019\/06\/b41a34a1-74e4e3e1-indam-ila-al7irak.jpg","contentUrl":"https:\/\/www.greenpeace.org\/static\/planet4-mena-stateless\/2019\/06\/b41a34a1-74e4e3e1-indam-ila-al7irak.jpg","width":1366,"height":701,"caption":"Greenpeace calls for greater use of solar power in the Arab World, while participating in the Climate march. Greenpeace members are among thousands of people taking part of the Marrakech march to call for action during the COP22 UN climate negotiations in the first ever mass demonstration on climate in Morocco and the first ever in the Arab world during a COP climate conference."},{"@type":"BreadcrumbList","@id":"https:\/\/www.greenpeace.org\/mena\/fr\/agissez\/rejoignez-le-mouvement\/#breadcrumb","itemListElement":[{"@type":"ListItem","position":1,"name":"Home","item":"https:\/\/www.greenpeace.org\/mena\/fr\/"},{"@type":"ListItem","position":2,"name":"Agir","item":"https:\/\/www.greenpeace.org\/mena\/fr\/agissez\/"},{"@type":"ListItem","position":3,"name":"Rejoignez le mouvement"}]},{"@type":"WebSite","@id":"https:\/\/www.greenpeace.org\/mena\/ar\/#website","url":"https:\/\/www.greenpeace.org\/mena\/ar\/","name":"Greenpeace Middle East and North Africa","description":"Greenpeace MENA fait partie du r\u00e9seau Greenpeace, qui regroupe 28 organisations nationales\/r\u00e9gionales ind\u00e9pendantes r\u00e9parties dans plus de 56 pays d\u2019Europe, d\u2019Am\u00e9rique, d\u2019Afrique, d\u2019Asie et du Pacifique, ainsi qu\u2019un organisme de coordination, Greenpeace International.","publisher":{"@id":"https:\/\/www.greenpeace.org\/mena\/ar\/#organization"},"potentialAction":[{"@type":"SearchAction","target":{"@type":"EntryPoint","urlTemplate":"https:\/\/www.greenpeace.org\/mena\/ar\/?s={search_term_string}"},"query-input":{"@type":"PropertyValueSpecification","valueRequired":true,"valueName":"search_term_string"}}],"inLanguage":"fr"},{"@type":"Organization","@id":"https:\/\/www.greenpeace.org\/mena\/ar\/#organization","name":"Greenpeace Middle East and North Africa","url":"https:\/\/www.greenpeace.org\/mena\/ar\/","logo":{"@type":"ImageObject","inLanguage":"fr","@id":"https:\/\/www.greenpeace.org\/mena\/ar\/#\/schema\/logo\/image\/","url":"https:\/\/www.greenpeace.org\/static\/planet4-mena-stateless\/2018\/12\/fd52f981-logo-on-facebook.png","contentUrl":"https:\/\/www.greenpeace.org\/static\/planet4-mena-stateless\/2018\/12\/fd52f981-logo-on-facebook.png","width":272,"height":275,"caption":"Greenpeace Middle East and North Africa"},"image":{"@id":"https:\/\/www.greenpeace.org\/mena\/ar\/#\/schema\/logo\/image\/"},"sameAs":["https:\/\/www.facebook.com\/GreenpeaceAR","https:\/\/x.com\/GreenpeaceAR","https:\/\/www.instagram.com\/GreenpeaceAR","https:\/\/www.tiktok.com\/@GreenpeaceAR","https:\/\/www.youtube.com\/@Greenpeacear"]}]}},"_links":{"self":[{"href":"https:\/\/www.greenpeace.org\/mena\/fr\/wp-json\/wp\/v2\/pages\/4329","targetHints":{"allow":["GET"]}}],"collection":[{"href":"https:\/\/www.greenpeace.org\/mena\/fr\/wp-json\/wp\/v2\/pages"}],"about":[{"href":"https:\/\/www.greenpeace.org\/mena\/fr\/wp-json\/wp\/v2\/types\/page"}],"author":[{"embeddable":true,"href":"https:\/\/www.greenpeace.org\/mena\/fr\/wp-json\/wp\/v2\/users\/8"}],"replies":[{"embeddable":true,"href":"https:\/\/www.greenpeace.org\/mena\/fr\/wp-json\/wp\/v2\/comments?post=4329"}],"version-history":[{"count":4,"href":"https:\/\/www.greenpeace.org\/mena\/fr\/wp-json\/wp\/v2\/pages\/4329\/revisions"}],"predecessor-version":[{"id":17114,"href":"https:\/\/www.greenpeace.org\/mena\/fr\/wp-json\/wp\/v2\/pages\/4329\/revisions\/17114"}],"up":[{"embeddable":true,"href":"https:\/\/www.greenpeace.org\/mena\/fr\/wp-json\/wp\/v2\/pages\/4281"}],"wp:featuredmedia":[{"embeddable":true,"href":"https:\/\/www.greenpeace.org\/mena\/fr\/wp-json\/wp\/v2\/media\/4331"}],"wp:attachment":[{"href":"https:\/\/www.greenpeace.org\/mena\/fr\/wp-json\/wp\/v2\/media?parent=4329"}],"wp:term":[{"taxonomy":"category","embeddable":true,"href":"https:\/\/www.greenpeace.org\/mena\/fr\/wp-json\/wp\/v2\/categories?post=4329"},{"taxonomy":"post_tag","embeddable":true,"href":"https:\/\/www.greenpeace.org\/mena\/fr\/wp-json\/wp\/v2\/tags?post=4329"}],"curies":[{"name":"wp","href":"https:\/\/api.w.org\/{rel}","templated":true}]}}