{"id":4372,"date":"2018-11-30T10:58:05","date_gmt":"2018-11-30T10:58:05","guid":{"rendered":"https:\/\/www.greenpeace.org\/mena\/copyright\/"},"modified":"2024-03-26T16:53:59","modified_gmt":"2024-03-26T13:53:59","slug":"droits-dauteur","status":"publish","type":"page","link":"https:\/\/www.greenpeace.org\/mena\/fr\/droits-dauteur\/","title":{"rendered":"Droits D&#8217;auteur"},"content":{"rendered":"\n                    <div class=\"wp-block-group is-vertical is-layout-flex wp-container-core-group-is-layout-8cf370e7 wp-block-group-is-layout-flex\">\n                    \n\n                    \n                    <\/div>\n                    <p>                <span style=\"font-weight: 400;\">Greenpeace encourage la reproduction et la distribution de ses mat\u00e9riels, produits \u00e9lectroniques et \/ ou services, y compris le nom et logo. Toutefois, ces utilisations sont limit\u00e9es et il est important de conna\u00eetre les r\u00e8gles de base suivantes.<\/span><\/p>\n<p><strong>En g\u00e9n\u00e9ral<\/strong><\/p>\n<p><span style=\"font-weight: 400;\">Notre mat\u00e9riel h\u00e9berg\u00e9 sur <\/span><a href=\"https:\/\/www.greenpeace.org\/mena\/en\/\"><span style=\"font-weight: 400;\">https:\/\/www.greenpeace.org\/mena\/en\/<\/span><\/a> <span style=\"font-weight: 400;\">est libre d&#8217;utilisation \u00e0 des fins personnelles ou \u00e9ducatives. Si vous souhaitez que les captures d&#8217;\u00e9cran soient utilis\u00e9es dans un manuel, ou si vous souhaitez reproduire un article dans le bulletin d&#8217;informations de votre communaut\u00e9, inutile de demander, \u00e0 condition de lire et de respecter nos r\u00e8gles de base.<\/span><\/p>\n<p><span style=\"font-weight: 400;\">Nous interdisons express\u00e9ment l&#8217;utilisation de tout mat\u00e9riel Greenpeace figurant sur ce site, et \/ ou du nom et du logo de Greenpeace, \u00e0 des fins personnelles ou professionnelles, sauf autorisation expresse, comme indiqu\u00e9 ci-dessous:<\/span><\/p>\n<ul>\n<li style=\"font-weight: 400;\"><span style=\"font-weight: 400;\">La publicit\u00e9 politique du parti ou la suggestion de l\u2019approbation par Greenpeace de tout candidat \u00e0 une charge publique.<\/span><\/li>\n<li style=\"font-weight: 400;\"><span style=\"font-weight: 400;\">Toute suggestion de l&#8217;approbation par Greenpeace d&#8217;un produit ou d&#8217;une politique lorsque cette approbation n&#8217;a pas \u00e9t\u00e9 explicitement faite par Greenpeace elle-m\u00eame.<\/span><\/li>\n<li style=\"font-weight: 400;\"><span style=\"font-weight: 400;\">Toute suggestion de la part de Greenpeace de souscrire \u00e0 des sites Web que Greenpeace juge, \u00e0 sa seule discr\u00e9tion, de nature ill\u00e9gale ou r\u00e9pr\u00e9hensible, y compris des contenus obsc\u00e8nes, violents, intol\u00e9rants, d\u00e9nigrants ou \u00e0 caract\u00e8re sexuel;<\/span><\/li>\n<li style=\"font-weight: 400;\"><span style=\"font-weight: 400;\">Toute fausse repr\u00e9sentation de vous-m\u00eame en tant que bureau, employ\u00e9, agent ou porte-parole officiel de Greenpeace, ou toute fausse d\u00e9claration selon laquelle vous collectez des fonds ou des dons pour Greenpeace.<\/span><\/li>\n<\/ul>\n<p><strong>Notre Site Web<\/strong><\/p>\n<p><span style=\"font-weight: 400;\">Nous encourageons l\u2019utilisation de notre website pour le partage de nos campagnes pour l&#8217;environnement. Vous n\u2019avez pas besoin d\u2019autorisation et vous pouvez utiliser nos banni\u00e8res et slogans. Nous encourageons l\u2019utilisation de nos liens internet.<\/span><\/p>\n<p>&nbsp;<\/p>\n<p><strong>Le logo de Greenpeace<\/strong><\/p>\n<ul>\n<li style=\"font-weight: 400;\"><span style=\"font-weight: 400;\">\u00abGreenpeace\u00bb, y compris le logo de Greenpeace, est une marque de commerce international appartenant au Stichting Greenpeace Council. L&#8217;utilisation de la marque est autoris\u00e9e \u00e0 la condition:<\/span><\/li>\n<li style=\"font-weight: 400;\"><span style=\"font-weight: 400;\">Qu\u2019il s&#8217;agisse uniquement de fins de r\u00e9f\u00e9rence et non commerciales;<\/span><\/li>\n<li style=\"font-weight: 400;\"><span style=\"font-weight: 400;\">Vous ne pouvez pas utiliser le nom et \/ ou le logo de quelque mani\u00e8re que ce soit qui indiquerait ou donnerait l&#8217;impression que Greenpeace approuve, sponsorise ou est affili\u00e9 \u00e0 tout produit, service ou produit disponible sur votre propre site web;<\/span><\/li>\n<li style=\"font-weight: 400;\"><span style=\"font-weight: 400;\">Les banni\u00e8res portant le nom et \/ ou le logo ne peuvent \u00eatre utilis\u00e9es que dans le but de cr\u00e9er un lien vers le site Web de Greenpeace, comme indiqu\u00e9 dans le lien; ces liens doivent toujours \u00eatre des liens actifs;<\/span><\/li>\n<li style=\"font-weight: 400;\"><span style=\"font-weight: 400;\">Le nom et \/ ou le logo ne peuvent \u00eatre combin\u00e9s \u00e0 aucun autre \u00e9l\u00e9ment graphique; ils ne peuvent pas non plus \u00eatre modifi\u00e9s de quelque mani\u00e8re que ce soit, y compris la taille, les proportions, la police de caract\u00e8res, le dessin, la disposition, les couleurs ou les \u00e9l\u00e9ments ils ne peuvent pas non plus \u00eatre anim\u00e9s, transform\u00e9s ou autrement d\u00e9form\u00e9s en perspective ou en apparence;<\/span><\/li>\n<li style=\"font-weight: 400;\"><span style=\"font-weight: 400;\">Le nom et \/ ou le logo ne doivent pas appara\u00eetre plus en \u00e9vidence que le nom de votre site Web personnel.<\/span><\/li>\n<li style=\"font-weight: 400;\"><span style=\"font-weight: 400;\">Si vous utilisez le logo, veuillez inclure \u00abMarque de commerce de Stichting Greenpeace Council\u00bb dans la balise Alt ou de mani\u00e8re visible sur la page.<\/span><\/li>\n<li style=\"font-weight: 400;\"><span style=\"font-weight: 400;\">La marque reste la propri\u00e9t\u00e9 exclusive de Greenpeace et, en l&#8217;utilisant, vous acceptez de ne pas, de quelque mani\u00e8re que ce soit, enregistrer ou tenter d&#8217;enregistrer la marque ou de la contester.<\/span><\/li>\n<\/ul>\n<p>&nbsp;<\/p>\n<p><b>Articles et texte<\/b><\/p>\n<p><span style=\"font-weight: 400;\">Les articles et textes produits par Greenpeace sont gratuits pour un usage personnel ou \u00e9ducatif. Veuillez inclure une note indiquant: \u00abSource: Greenpeace (www.greenpeace.org\/mena\/Fr)\u00bb et reproduire toute information de signature ou de droit d&#8217;auteur fournie dans l&#8217;original.<\/span><\/p>\n<p><span style=\"font-weight: 400;\">Les articles et les textes provenant de sources tierces restent la propri\u00e9t\u00e9 intellectuelle et le droit d&#8217;auteur de ces sources tierces, et l&#8217;autorisation d&#8217;utilisation doit \u00eatre recherch\u00e9e aupr\u00e8s de ces sources d&#8217;origine.<\/span><\/p>\n<p>&nbsp;<\/p>\n<p><b>Images<\/b><\/p>\n<p><span style=\"font-weight: 400;\">Vous pouvez voir les informations de copyright dans la fen\u00eatre en taille r\u00e9elle de n&#8217;importe quelle image en cliquant sur la miniature.<\/span><\/p>\n<p><span style=\"font-weight: 400;\">Les images \u00a9 Greenpeace ou \u00a9 Greenpeace \/ Photographe sont la propri\u00e9t\u00e9 de Greenpeace et peuvent \u00eatre utilis\u00e9es conform\u00e9ment aux conditions ci-dessous.<\/span><\/p>\n<p><span style=\"font-weight: 400;\">Les images \u00a9 Photographe \/ Greenpeace ou \u00a9 Photographe (y compris les agences, etc.) sont reproduites avec l&#8217;autorisation de l&#8217;auteur. L&#8217;autorisation de reproduction doit \u00eatre demand\u00e9e \u00e0 la source du droit d&#8217;auteur originale indiqu\u00e9e sur ces images.<\/span><\/p>\n<p><span style=\"font-weight: 400;\">Toute image prot\u00e9g\u00e9e par le droit d&#8217;auteur de Greenpeace qui appara\u00eet sur notre site Web peut \u00eatre librement copi\u00e9e pour un usage personnel ou \u00e9ducatif, \u00e0 condition que vous reproduisiez les informations relatives au droit d&#8217;auteur dans leur int\u00e9gralit\u00e9.<\/span><\/p>\n<p><span style=\"font-weight: 400;\">Toute autre utilisation (telle que l&#8217;utilisation d&#8217;images \u00e0 des fins personnelles ou professionnelles) n\u00e9cessite l&#8217;autorisation de la phototh\u00e8que et vid\u00e9oth\u00e8que de Greenpeace International (les coordonn\u00e9es figurent ci-dessous). L&#8217;utilisation commerciale d&#8217;une image de Greenpeace sans autorisation constituerait une violation du droit d&#8217;auteur et pourrait m\u00eame porter atteinte \u00e0 d&#8217;autres droits.<\/span><\/p>\n<p><span style=\"font-weight: 400;\">Les nouvelles images de qualit\u00e9 de reproduction (environ 8 m\u00e9gaoctets) distribu\u00e9es par Greenpeace aux journalistes et aux agences via ce site sont destin\u00e9es \u00e0 \u00eatre utilis\u00e9es dans les quatorze jours, et l&#8217;archivage et \/ ou la revente de ces images est strictement interdit. Quatorze jours plus tard, veuillez contacter Greenpeace \u00e0 l&#8217;adresse ci-dessous:<\/span><\/p>\n<p>&nbsp;<\/p>\n<p><strong>Phototh\u00e8que de Greenpeace<\/strong><\/p>\n<p><span style=\"font-weight: 400;\">Greenpeace Licensing BV<\/span><\/p>\n<p><span style=\"font-weight: 400;\">Ottho Heldringstraat 5<\/span><\/p>\n<p><span style=\"font-weight: 400;\">1066 AZ Amsterdam<\/span><\/p>\n<p><span style=\"font-weight: 400;\">Les Pays-Bas<\/span><\/p>\n<p><span style=\"font-weight: 400;\">Phototh\u00e8que Contact:<\/span><\/p>\n<p><span style=\"font-weight: 400;\">T\u00e9l\u00e9phone: +31 (0) 20 718 2113<\/span><\/p>\n<p><span style=\"font-weight: 400;\">Courriel: photo.library.int@greenpeace.org<\/span><\/p>\n<p>&nbsp;<\/p>\n<p><strong>Vid\u00e9o<\/strong><\/p>\n<p><span style=\"font-weight: 400;\">L&#8217;utilisation de la vid\u00e9o est soumise aux m\u00eames conditions que les autres \u00e9l\u00e9ments ci-dessus. Cependant, veuillez noter que certaines de nos vid\u00e9os ne sont pas disponibles au t\u00e9l\u00e9chargement.<\/span><\/p>\n<p><span style=\"font-weight: 400;\">Contact vid\u00e9oth\u00e8que:<\/span><\/p>\n<p><span style=\"font-weight: 400;\">T\u00e9l\u00e9phone: +31 (0) 20 718 2115<\/span><\/p>\n<p><span style=\"font-weight: 400;\">Courriel: video.library.int@greenpeace.org<\/span><\/p>\n<p>&nbsp;<\/p>\n","protected":false},"excerpt":{"rendered":"<p>Greenpeace encourage la reproduction et la distribution de ses mat\u00e9riels, produits \u00e9lectroniques et \/ ou services, y compris le nom et logo. Toutefois, ces utilisations sont limit\u00e9es et il est important de conna\u00eetre les r\u00e8gles de base suivantes. En g\u00e9n\u00e9ral Notre mat\u00e9riel h\u00e9berg\u00e9 sur https:\/\/www.greenpeace.org\/mena\/en\/ est libre d&#8217;utilisation \u00e0 des fins personnelles ou \u00e9ducatives. Si [&hellip;]<\/p>\n","protected":false},"author":8,"featured_media":4375,"parent":0,"menu_order":0,"comment_status":"closed","ping_status":"closed","template":"","meta":{"_planet4_optimize_post_is_variant":false,"_planet4_optimize_experiment_name":"","_planet4_optimize_variant_name":"","ep_exclude_from_search":false,"p4_hide_page_title_checkbox":"","p4_title":"","p4_subtitle":"","p4_description":"","background_image_id":"","background_image":"","p4_button_title":"","p4_button_link":"","p4_button_link_checkbox":"","p4_og_title":"","p4_og_description":"","p4_og_image":"","p4_og_image_id":"","p4_seo_canonical_url":"","p4_campaign_name":"not set","p4_local_project":"","p4_basket_name":"not set","p4_department":"","footnotes":""},"categories":[],"tags":[],"class_list":["post-4372","page","type-page","status-publish","has-post-thumbnail","hentry"],"yoast_head":"<!-- This site is optimized with the Yoast SEO Premium plugin v27.4 (Yoast SEO v27.4) - https:\/\/yoast.com\/product\/yoast-seo-premium-wordpress\/ -->\n<title>Droits D&#039;auteur - Greenpeace Moyen Orient et Afrique du Nord<\/title>\n<meta name=\"robots\" content=\"index, follow, max-snippet:-1, max-image-preview:large, max-video-preview:-1\" \/>\n<link rel=\"canonical\" href=\"https:\/\/www.greenpeace.org\/mena\/fr\/droits-dauteur\/\" \/>\n<meta property=\"og:locale\" content=\"fr_FR\" \/>\n<meta property=\"og:type\" content=\"article\" \/>\n<meta property=\"og:title\" content=\"Droits D&#039;auteur\" \/>\n<meta property=\"og:description\" content=\"Greenpeace encourage la reproduction et la distribution de ses mat\u00e9riels, produits \u00e9lectroniques et \/ ou services, y compris le nom et logo. Toutefois, ces utilisations sont limit\u00e9es et il est important de conna\u00eetre les r\u00e8gles de base suivantes. En g\u00e9n\u00e9ral Notre mat\u00e9riel h\u00e9berg\u00e9 sur https:\/\/www.greenpeace.org\/mena\/en\/ est libre d&#8217;utilisation \u00e0 des fins personnelles ou \u00e9ducatives. Si [&hellip;]\" \/>\n<meta property=\"og:url\" content=\"https:\/\/www.greenpeace.org\/mena\/fr\/droits-dauteur\/\" \/>\n<meta property=\"og:site_name\" content=\"Greenpeace Moyen Orient et Afrique du Nord\" \/>\n<meta property=\"article:publisher\" content=\"https:\/\/www.facebook.com\/GreenpeaceAR\" \/>\n<meta property=\"article:modified_time\" content=\"2024-03-26T13:53:59+00:00\" \/>\n<meta property=\"og:image\" content=\"https:\/\/www.greenpeace.org\/static\/planet4-mena-stateless\/2019\/06\/d334045c-2061e608-gp0strx74_web_size.jpg\" \/>\n\t<meta property=\"og:image:width\" content=\"800\" \/>\n\t<meta property=\"og:image:height\" content=\"450\" \/>\n\t<meta property=\"og:image:type\" content=\"image\/jpeg\" \/>\n<meta name=\"twitter:card\" content=\"summary_large_image\" \/>\n<meta name=\"twitter:site\" content=\"@GreenpeaceAR\" \/>\n<meta name=\"twitter:label1\" content=\"Est. reading time\" \/>\n\t<meta name=\"twitter:data1\" content=\"5 minutes\" \/>\n<script type=\"application\/ld+json\" class=\"yoast-schema-graph\">{\"@context\":\"https:\\\/\\\/schema.org\",\"@graph\":[{\"@type\":\"WebPage\",\"@id\":\"https:\\\/\\\/www.greenpeace.org\\\/mena\\\/fr\\\/droits-dauteur\\\/\",\"url\":\"https:\\\/\\\/www.greenpeace.org\\\/mena\\\/fr\\\/droits-dauteur\\\/\",\"name\":\"Droits D'auteur - Greenpeace Moyen Orient et Afrique du Nord\",\"isPartOf\":{\"@id\":\"https:\\\/\\\/www.greenpeace.org\\\/mena\\\/ar\\\/#website\"},\"primaryImageOfPage\":{\"@id\":\"https:\\\/\\\/www.greenpeace.org\\\/mena\\\/fr\\\/droits-dauteur\\\/#primaryimage\"},\"image\":{\"@id\":\"https:\\\/\\\/www.greenpeace.org\\\/mena\\\/fr\\\/droits-dauteur\\\/#primaryimage\"},\"thumbnailUrl\":\"https:\\\/\\\/www.greenpeace.org\\\/static\\\/planet4-mena-stateless\\\/2019\\\/06\\\/d334045c-2061e608-gp0strx74_web_size.jpg\",\"datePublished\":\"2018-11-30T10:58:05+00:00\",\"dateModified\":\"2024-03-26T13:53:59+00:00\",\"breadcrumb\":{\"@id\":\"https:\\\/\\\/www.greenpeace.org\\\/mena\\\/fr\\\/droits-dauteur\\\/#breadcrumb\"},\"inLanguage\":\"fr\",\"potentialAction\":[{\"@type\":\"ReadAction\",\"target\":[\"https:\\\/\\\/www.greenpeace.org\\\/mena\\\/fr\\\/droits-dauteur\\\/\"]}]},{\"@type\":\"ImageObject\",\"inLanguage\":\"fr\",\"@id\":\"https:\\\/\\\/www.greenpeace.org\\\/mena\\\/fr\\\/droits-dauteur\\\/#primaryimage\",\"url\":\"https:\\\/\\\/www.greenpeace.org\\\/static\\\/planet4-mena-stateless\\\/2019\\\/06\\\/d334045c-2061e608-gp0strx74_web_size.jpg\",\"contentUrl\":\"https:\\\/\\\/www.greenpeace.org\\\/static\\\/planet4-mena-stateless\\\/2019\\\/06\\\/d334045c-2061e608-gp0strx74_web_size.jpg\",\"width\":800,\"height\":450,\"caption\":\"A crowd of people form a giant human banner in front of the Hassan II Mosque and Casablanca International Fair in Casablanca, Morocco with the message in Berber, Arabic and English: \\\"Break Free - go solar\\\", as part of the global \\\"Break Free\\\" movement promoting renewable energies. Une foule forme une fresque humaine g\u00e9ante devant la Mosqu\u00e9e Hassan II et la Foire internationale de Casablanca, au Maroc, avec le message en berber, arabe et anglais \\\"Break Free - allons vers le solaire\\\" dans le cadre du mouvement mondial \\\"Break Free\\\" pour la promotion des \u00e9nergies renouvelables.\"},{\"@type\":\"BreadcrumbList\",\"@id\":\"https:\\\/\\\/www.greenpeace.org\\\/mena\\\/fr\\\/droits-dauteur\\\/#breadcrumb\",\"itemListElement\":[{\"@type\":\"ListItem\",\"position\":1,\"name\":\"Home\",\"item\":\"https:\\\/\\\/www.greenpeace.org\\\/mena\\\/fr\\\/\"},{\"@type\":\"ListItem\",\"position\":2,\"name\":\"Droits D&#8217;auteur\"}]},{\"@type\":\"WebSite\",\"@id\":\"https:\\\/\\\/www.greenpeace.org\\\/mena\\\/ar\\\/#website\",\"url\":\"https:\\\/\\\/www.greenpeace.org\\\/mena\\\/ar\\\/\",\"name\":\"\u063a\u0631\u064a\u0646\u0628\u064a\u0633 \u0627\u0644\u0634\u0631\u0642 \u0627\u0644\u0623\u0648\u0633\u0637 \u0648\u0634\u0645\u0627\u0644 \u0623\u0641\u0631\u064a\u0642\u064a\u0627\",\"description\":\"Greenpeace MENA fait partie du r\u00e9seau Greenpeace, qui regroupe 28 organisations nationales\\\/r\u00e9gionales ind\u00e9pendantes r\u00e9parties dans plus de 56 pays d\u2019Europe, d\u2019Am\u00e9rique, d\u2019Afrique, d\u2019Asie et du Pacifique, ainsi qu\u2019un organisme de coordination, Greenpeace International.\",\"potentialAction\":[{\"@type\":\"SearchAction\",\"target\":{\"@type\":\"EntryPoint\",\"urlTemplate\":\"https:\\\/\\\/www.greenpeace.org\\\/mena\\\/ar\\\/?s={search_term_string}\"},\"query-input\":{\"@type\":\"PropertyValueSpecification\",\"valueRequired\":true,\"valueName\":\"search_term_string\"}}],\"inLanguage\":\"fr\"}]}<\/script>\n<!-- \/ Yoast SEO Premium plugin. -->","yoast_head_json":{"title":"Droits D'auteur - Greenpeace Moyen Orient et Afrique du Nord","robots":{"index":"index","follow":"follow","max-snippet":"max-snippet:-1","max-image-preview":"max-image-preview:large","max-video-preview":"max-video-preview:-1"},"canonical":"https:\/\/www.greenpeace.org\/mena\/fr\/droits-dauteur\/","og_locale":"fr_FR","og_type":"article","og_title":"Droits D'auteur","og_description":"Greenpeace encourage la reproduction et la distribution de ses mat\u00e9riels, produits \u00e9lectroniques et \/ ou services, y compris le nom et logo. Toutefois, ces utilisations sont limit\u00e9es et il est important de conna\u00eetre les r\u00e8gles de base suivantes. En g\u00e9n\u00e9ral Notre mat\u00e9riel h\u00e9berg\u00e9 sur https:\/\/www.greenpeace.org\/mena\/en\/ est libre d&#8217;utilisation \u00e0 des fins personnelles ou \u00e9ducatives. Si [&hellip;]","og_url":"https:\/\/www.greenpeace.org\/mena\/fr\/droits-dauteur\/","og_site_name":"Greenpeace Moyen Orient et Afrique du Nord","article_publisher":"https:\/\/www.facebook.com\/GreenpeaceAR","article_modified_time":"2024-03-26T13:53:59+00:00","og_image":[{"width":800,"height":450,"url":"https:\/\/www.greenpeace.org\/static\/planet4-mena-stateless\/2019\/06\/d334045c-2061e608-gp0strx74_web_size.jpg","type":"image\/jpeg"}],"twitter_card":"summary_large_image","twitter_site":"@GreenpeaceAR","twitter_misc":{"Est. reading time":"5 minutes"},"schema":{"@context":"https:\/\/schema.org","@graph":[{"@type":"WebPage","@id":"https:\/\/www.greenpeace.org\/mena\/fr\/droits-dauteur\/","url":"https:\/\/www.greenpeace.org\/mena\/fr\/droits-dauteur\/","name":"Droits D'auteur - Greenpeace Moyen Orient et Afrique du Nord","isPartOf":{"@id":"https:\/\/www.greenpeace.org\/mena\/ar\/#website"},"primaryImageOfPage":{"@id":"https:\/\/www.greenpeace.org\/mena\/fr\/droits-dauteur\/#primaryimage"},"image":{"@id":"https:\/\/www.greenpeace.org\/mena\/fr\/droits-dauteur\/#primaryimage"},"thumbnailUrl":"https:\/\/www.greenpeace.org\/static\/planet4-mena-stateless\/2019\/06\/d334045c-2061e608-gp0strx74_web_size.jpg","datePublished":"2018-11-30T10:58:05+00:00","dateModified":"2024-03-26T13:53:59+00:00","breadcrumb":{"@id":"https:\/\/www.greenpeace.org\/mena\/fr\/droits-dauteur\/#breadcrumb"},"inLanguage":"fr","potentialAction":[{"@type":"ReadAction","target":["https:\/\/www.greenpeace.org\/mena\/fr\/droits-dauteur\/"]}]},{"@type":"ImageObject","inLanguage":"fr","@id":"https:\/\/www.greenpeace.org\/mena\/fr\/droits-dauteur\/#primaryimage","url":"https:\/\/www.greenpeace.org\/static\/planet4-mena-stateless\/2019\/06\/d334045c-2061e608-gp0strx74_web_size.jpg","contentUrl":"https:\/\/www.greenpeace.org\/static\/planet4-mena-stateless\/2019\/06\/d334045c-2061e608-gp0strx74_web_size.jpg","width":800,"height":450,"caption":"A crowd of people form a giant human banner in front of the Hassan II Mosque and Casablanca International Fair in Casablanca, Morocco with the message in Berber, Arabic and English: \"Break Free - go solar\", as part of the global \"Break Free\" movement promoting renewable energies. Une foule forme une fresque humaine g\u00e9ante devant la Mosqu\u00e9e Hassan II et la Foire internationale de Casablanca, au Maroc, avec le message en berber, arabe et anglais \"Break Free - allons vers le solaire\" dans le cadre du mouvement mondial \"Break Free\" pour la promotion des \u00e9nergies renouvelables."},{"@type":"BreadcrumbList","@id":"https:\/\/www.greenpeace.org\/mena\/fr\/droits-dauteur\/#breadcrumb","itemListElement":[{"@type":"ListItem","position":1,"name":"Home","item":"https:\/\/www.greenpeace.org\/mena\/fr\/"},{"@type":"ListItem","position":2,"name":"Droits D&#8217;auteur"}]},{"@type":"WebSite","@id":"https:\/\/www.greenpeace.org\/mena\/ar\/#website","url":"https:\/\/www.greenpeace.org\/mena\/ar\/","name":"\u063a\u0631\u064a\u0646\u0628\u064a\u0633 \u0627\u0644\u0634\u0631\u0642 \u0627\u0644\u0623\u0648\u0633\u0637 \u0648\u0634\u0645\u0627\u0644 \u0623\u0641\u0631\u064a\u0642\u064a\u0627","description":"Greenpeace MENA fait partie du r\u00e9seau Greenpeace, qui regroupe 28 organisations nationales\/r\u00e9gionales ind\u00e9pendantes r\u00e9parties dans plus de 56 pays d\u2019Europe, d\u2019Am\u00e9rique, d\u2019Afrique, d\u2019Asie et du Pacifique, ainsi qu\u2019un organisme de coordination, Greenpeace International.","potentialAction":[{"@type":"SearchAction","target":{"@type":"EntryPoint","urlTemplate":"https:\/\/www.greenpeace.org\/mena\/ar\/?s={search_term_string}"},"query-input":{"@type":"PropertyValueSpecification","valueRequired":true,"valueName":"search_term_string"}}],"inLanguage":"fr"}]}},"_links":{"self":[{"href":"https:\/\/www.greenpeace.org\/mena\/fr\/wp-json\/wp\/v2\/pages\/4372","targetHints":{"allow":["GET"]}}],"collection":[{"href":"https:\/\/www.greenpeace.org\/mena\/fr\/wp-json\/wp\/v2\/pages"}],"about":[{"href":"https:\/\/www.greenpeace.org\/mena\/fr\/wp-json\/wp\/v2\/types\/page"}],"author":[{"embeddable":true,"href":"https:\/\/www.greenpeace.org\/mena\/fr\/wp-json\/wp\/v2\/users\/8"}],"replies":[{"embeddable":true,"href":"https:\/\/www.greenpeace.org\/mena\/fr\/wp-json\/wp\/v2\/comments?post=4372"}],"version-history":[{"count":3,"href":"https:\/\/www.greenpeace.org\/mena\/fr\/wp-json\/wp\/v2\/pages\/4372\/revisions"}],"predecessor-version":[{"id":13671,"href":"https:\/\/www.greenpeace.org\/mena\/fr\/wp-json\/wp\/v2\/pages\/4372\/revisions\/13671"}],"wp:featuredmedia":[{"embeddable":true,"href":"https:\/\/www.greenpeace.org\/mena\/fr\/wp-json\/wp\/v2\/media\/4375"}],"wp:attachment":[{"href":"https:\/\/www.greenpeace.org\/mena\/fr\/wp-json\/wp\/v2\/media?parent=4372"}],"wp:term":[{"taxonomy":"category","embeddable":true,"href":"https:\/\/www.greenpeace.org\/mena\/fr\/wp-json\/wp\/v2\/categories?post=4372"},{"taxonomy":"post_tag","embeddable":true,"href":"https:\/\/www.greenpeace.org\/mena\/fr\/wp-json\/wp\/v2\/tags?post=4372"}],"curies":[{"name":"wp","href":"https:\/\/api.w.org\/{rel}","templated":true}]}}