{"id":4472,"date":"2018-12-05T13:11:22","date_gmt":"2018-12-05T13:11:22","guid":{"rendered":"https:\/\/www.greenpeace.org\/mena\/the-birth-of-a-movement\/"},"modified":"2025-08-07T11:54:19","modified_gmt":"2025-08-07T08:54:19","slug":"la-naissance-dun-mouvement","status":"publish","type":"page","link":"https:\/\/www.greenpeace.org\/mena\/fr\/la-naissance-dun-mouvement\/","title":{"rendered":"La naissance d\u2019un mouvement"},"content":{"rendered":"\n\n<div class=\"wp-block-group alignfull is-layout-flow wp-block-group-is-layout-flow\">\n<div style=\"height:100px\" aria-hidden=\"true\" class=\"wp-block-spacer\"><\/div>\n<\/div>\n\n\n<div class=\"wp-block-columns is-layout-flex wp-container-core-columns-is-layout-9d6595d7 wp-block-columns-is-layout-flex\">\n<div class=\"wp-block-column is-layout-flow wp-block-column-is-layout-flow\" style=\"flex-basis:200px\"><\/div>\n\n\n\n<div class=\"wp-block-column is-layout-flow wp-block-column-is-layout-flow\">\n<h2 class=\"wp-block-heading has-text-align-center\">\ud83d\udea7<\/h2>\n\n\n\n<h3 class=\"wp-block-heading has-text-align-center\"><br>Nous sommes actuellement en train d\u2019ajuster l\u2019exp\u00e9rience sur ce page afin de vous offrir un contenu plus fluide, complet et engageant.<br><br>Certaines sections, dont celle-ci, sont encore en cours de finalisation.<br><br>Merci pour votre patience et votre compr\u00e9hension.<\/h3>\n\n\n\n<div class=\"wp-block-buttons is-content-justification-center is-layout-flex wp-container-core-buttons-is-layout-16018d1d wp-block-buttons-is-layout-flex\">\n<div class=\"wp-block-button is-style-cta\"><a class=\"wp-block-button__link has-text-align-center wp-element-button\" href=\"https:\/\/www.greenpeace.org\/mena\/fr\/\">Revenir \u00e0 la page d&#8217;accueil<\/a><\/div>\n<\/div>\n<\/div>\n\n\n\n<div class=\"wp-block-column is-layout-flow wp-block-column-is-layout-flow\" style=\"flex-basis:200px\"><\/div>\n<\/div>\n\n<div style=\"height:65px\" aria-hidden=\"true\" class=\"wp-block-spacer\"><\/div>\n\n<p><\/p>\n","protected":false},"excerpt":{"rendered":"<p>\ud83d\udea7 Nous sommes actuellement en train d\u2019ajuster l\u2019exp\u00e9rience sur ce page afin de vous offrir un contenu plus fluide, complet et engageant. Certaines sections, dont celle-ci, sont encore en cours de finalisation. Merci pour votre patience et votre compr\u00e9hension.<\/p>\n","protected":false},"author":8,"featured_media":4475,"parent":0,"menu_order":0,"comment_status":"closed","ping_status":"closed","template":"page-templates\/evergreen.php","meta":{"_planet4_optimize_post_is_variant":false,"_planet4_optimize_experiment_name":"","_planet4_optimize_variant_name":"","ep_exclude_from_search":false,"p4_hide_page_title_checkbox":"on","p4_title":"","p4_subtitle":"","p4_description":"","background_image_id":"","background_image":"","p4_button_title":"","p4_button_link":"","p4_button_link_checkbox":"","p4_og_title":"","p4_og_description":"","p4_og_image":"","p4_og_image_id":"","p4_seo_canonical_url":"","p4_campaign_name":"not set","p4_local_project":"","p4_basket_name":"not set","p4_department":"","footnotes":""},"categories":[],"tags":[101,169,173],"class_list":["post-4472","page","type-page","status-publish","has-post-thumbnail","hentry","tag-greenpeace","tag-aboutus-fr","tag-greenpeace-fr"],"yoast_head":"<!-- This site is optimized with the Yoast SEO Premium plugin v23.9 (Yoast SEO v23.9) - https:\/\/yoast.com\/wordpress\/plugins\/seo\/ -->\n<title>La naissance d\u2019un mouvement - Greenpeace Moyen Orient et Afrique du Nord<\/title>\n<meta name=\"robots\" content=\"index, follow, max-snippet:-1, max-image-preview:large, max-video-preview:-1\" \/>\n<link rel=\"canonical\" href=\"https:\/\/www.greenpeace.org\/mena\/fr\/la-naissance-dun-mouvement\/\" \/>\n<meta property=\"og:locale\" content=\"fr_FR\" \/>\n<meta property=\"og:type\" content=\"article\" \/>\n<meta property=\"og:title\" content=\"La naissance d\u2019un mouvement\" \/>\n<meta property=\"og:description\" content=\"\ud83d\udea7 Nous sommes actuellement en train d\u2019ajuster l\u2019exp\u00e9rience sur ce page afin de vous offrir un contenu plus fluide, complet et engageant. Certaines sections, dont celle-ci, sont encore en cours de finalisation. Merci pour votre patience et votre compr\u00e9hension.\" \/>\n<meta property=\"og:url\" content=\"https:\/\/www.greenpeace.org\/mena\/fr\/la-naissance-dun-mouvement\/\" \/>\n<meta property=\"og:site_name\" content=\"Greenpeace Moyen Orient et Afrique du Nord\" \/>\n<meta property=\"article:publisher\" content=\"https:\/\/www.facebook.com\/GreenpeaceAR\" \/>\n<meta property=\"article:modified_time\" content=\"2025-08-07T08:54:19+00:00\" \/>\n<meta property=\"og:image\" content=\"https:\/\/www.greenpeace.org\/static\/planet4-mena-stateless\/2019\/06\/ea098e2f-4711087b-gp51-42_gp019id_web_size.jpg\" \/>\n\t<meta property=\"og:image:width\" content=\"800\" \/>\n\t<meta property=\"og:image:height\" content=\"536\" \/>\n\t<meta property=\"og:image:type\" content=\"image\/jpeg\" \/>\n<meta name=\"twitter:card\" content=\"summary_large_image\" \/>\n<meta name=\"twitter:site\" content=\"@GreenpeaceAR\" \/>\n<meta name=\"twitter:label1\" content=\"Est. reading time\" \/>\n\t<meta name=\"twitter:data1\" content=\"1 minute\" \/>\n<script type=\"application\/ld+json\" class=\"yoast-schema-graph\">{\"@context\":\"https:\/\/schema.org\",\"@graph\":[{\"@type\":\"WebPage\",\"@id\":\"https:\/\/www.greenpeace.org\/mena\/fr\/la-naissance-dun-mouvement\/\",\"url\":\"https:\/\/www.greenpeace.org\/mena\/fr\/la-naissance-dun-mouvement\/\",\"name\":\"La naissance d\u2019un mouvement - Greenpeace Moyen Orient et Afrique du Nord\",\"isPartOf\":{\"@id\":\"https:\/\/www.greenpeace.org\/mena\/ar\/#website\"},\"primaryImageOfPage\":{\"@id\":\"https:\/\/www.greenpeace.org\/mena\/fr\/la-naissance-dun-mouvement\/#primaryimage\"},\"image\":{\"@id\":\"https:\/\/www.greenpeace.org\/mena\/fr\/la-naissance-dun-mouvement\/#primaryimage\"},\"thumbnailUrl\":\"https:\/\/www.greenpeace.org\/static\/planet4-mena-stateless\/2019\/06\/ea098e2f-4711087b-gp51-42_gp019id_web_size.jpg\",\"datePublished\":\"2018-12-05T13:11:22+00:00\",\"dateModified\":\"2025-08-07T08:54:19+00:00\",\"breadcrumb\":{\"@id\":\"https:\/\/www.greenpeace.org\/mena\/fr\/la-naissance-dun-mouvement\/#breadcrumb\"},\"inLanguage\":\"fr\",\"potentialAction\":[{\"@type\":\"ReadAction\",\"target\":[\"https:\/\/www.greenpeace.org\/mena\/fr\/la-naissance-dun-mouvement\/\"]}]},{\"@type\":\"ImageObject\",\"inLanguage\":\"fr\",\"@id\":\"https:\/\/www.greenpeace.org\/mena\/fr\/la-naissance-dun-mouvement\/#primaryimage\",\"url\":\"https:\/\/www.greenpeace.org\/static\/planet4-mena-stateless\/2019\/06\/ea098e2f-4711087b-gp51-42_gp019id_web_size.jpg\",\"contentUrl\":\"https:\/\/www.greenpeace.org\/static\/planet4-mena-stateless\/2019\/06\/ea098e2f-4711087b-gp51-42_gp019id_web_size.jpg\",\"width\":800,\"height\":536,\"caption\":\"The crew of the Phyllis Cormack (also called \\\"Greenpeace\\\") on-board the ship. Clockwise from top left: Hunter, Moore, Cummings, Metcalfe, Birmingham, Cormack, Darnell, Simmons, Bohlen, Thurston, Fineberg. This is a photographic record by Robert Keziere of the very first Greenpeace voyage, which departed Vancouver on the 15th September 1971. The aim of the trip was to halt nuclear tests in Amchitka Island by sailing into the restricted area. Crew on-board the ship, are the pioneers of the green movement who formed the original group that became Greenpeace.\"},{\"@type\":\"BreadcrumbList\",\"@id\":\"https:\/\/www.greenpeace.org\/mena\/fr\/la-naissance-dun-mouvement\/#breadcrumb\",\"itemListElement\":[{\"@type\":\"ListItem\",\"position\":1,\"name\":\"Home\",\"item\":\"https:\/\/www.greenpeace.org\/mena\/fr\/\"},{\"@type\":\"ListItem\",\"position\":2,\"name\":\"La naissance d\u2019un mouvement\"}]},{\"@type\":\"WebSite\",\"@id\":\"https:\/\/www.greenpeace.org\/mena\/ar\/#website\",\"url\":\"https:\/\/www.greenpeace.org\/mena\/ar\/\",\"name\":\"\u063a\u0631\u064a\u0646\u0628\u064a\u0633 \u0627\u0644\u0634\u0631\u0642 \u0627\u0644\u0623\u0648\u0633\u0637 \u0648\u0634\u0645\u0627\u0644 \u0623\u0641\u0631\u064a\u0642\u064a\u0627\",\"description\":\"Greenpeace MENA fait partie du r\u00e9seau Greenpeace, qui regroupe 28 organisations nationales\/r\u00e9gionales ind\u00e9pendantes r\u00e9parties dans plus de 56 pays d\u2019Europe, d\u2019Am\u00e9rique, d\u2019Afrique, d\u2019Asie et du Pacifique, ainsi qu\u2019un organisme de coordination, Greenpeace International.\",\"publisher\":{\"@id\":\"https:\/\/www.greenpeace.org\/mena\/ar\/#organization\"},\"potentialAction\":[{\"@type\":\"SearchAction\",\"target\":{\"@type\":\"EntryPoint\",\"urlTemplate\":\"https:\/\/www.greenpeace.org\/mena\/ar\/?s={search_term_string}\"},\"query-input\":{\"@type\":\"PropertyValueSpecification\",\"valueRequired\":true,\"valueName\":\"search_term_string\"}}],\"inLanguage\":\"fr\"},{\"@type\":\"Organization\",\"@id\":\"https:\/\/www.greenpeace.org\/mena\/ar\/#organization\",\"name\":\"\u063a\u0631\u064a\u0646\u0628\u064a\u0633 \u0627\u0644\u0634\u0631\u0642 \u0627\u0644\u0623\u0648\u0633\u0637 \u0648\u0634\u0645\u0627\u0644 \u0623\u0641\u0631\u064a\u0642\u064a\u0627\",\"url\":\"https:\/\/www.greenpeace.org\/mena\/ar\/\",\"logo\":{\"@type\":\"ImageObject\",\"inLanguage\":\"fr\",\"@id\":\"https:\/\/www.greenpeace.org\/mena\/ar\/#\/schema\/logo\/image\/\",\"url\":\"https:\/\/www.greenpeace.org\/static\/planet4-mena-stateless\/2026\/04\/10c28f45-logo_on_twitter.jpg\",\"contentUrl\":\"https:\/\/www.greenpeace.org\/static\/planet4-mena-stateless\/2026\/04\/10c28f45-logo_on_twitter.jpg\",\"width\":250,\"height\":250,\"caption\":\"\u063a\u0631\u064a\u0646\u0628\u064a\u0633 \u0627\u0644\u0634\u0631\u0642 \u0627\u0644\u0623\u0648\u0633\u0637 \u0648\u0634\u0645\u0627\u0644 \u0623\u0641\u0631\u064a\u0642\u064a\u0627\"},\"image\":{\"@id\":\"https:\/\/www.greenpeace.org\/mena\/ar\/#\/schema\/logo\/image\/\"},\"sameAs\":[\"https:\/\/www.facebook.com\/GreenpeaceAR\",\"https:\/\/x.com\/GreenpeaceAR\",\"https:\/\/www.instagram.com\/GreenpeaceAR\",\"https:\/\/www.tiktok.com\/@GreenpeaceAR\",\"https:\/\/www.youtube.com\/@Greenpeacear\"],\"description\":\"\u062a\u0623\u0633\u0651\u0633\u062a \u0645\u0646\u0638\u0651\u0645\u0629 \u063a\u0631\u064a\u0646\u0628\u064a\u0633 \u0627\u0644\u0634\u0631\u0642 \u0627\u0644\u0623\u0648\u0633\u0637 \u0648\u0634\u0645\u0627\u0644 \u0623\u0641\u0631\u064a\u0642\u064a\u0627 \u0641\u064a \u0627\u0644\u0639\u0627\u0645 2018 \u0644\u0644\u062a\u0635\u062f\u0651\u064a \u0644\u0644\u062a\u062d\u062f\u064a\u0627\u062a \u0627\u0644\u0628\u064a\u0626\u064a\u0629 \u0648\u0627\u0644\u0645\u0646\u0627\u062e\u064a\u0629 \u0627\u0644\u0645\u0639\u0642\u0651\u062f\u0629 \u0648\u0627\u0644\u0641\u0631\u064a\u062f\u0629 \u0627\u0644\u062a\u064a \u062a\u0648\u0627\u062c\u0647 \u0645\u0646\u0637\u0642\u062a\u0646\u0627\u060c \u0648\u0628\u0645\u0627 \u0623\u0646\u0651\u0646\u0627 \u0645\u0646\u0638\u0645\u0629 \u063a\u064a\u0631 \u0631\u0628\u062d\u064a\u0629 \u0645\u0633\u062a\u0642\u0644\u0651\u0629 \u062a\u0645\u0627\u0645\u064b\u0627 \u0633\u064a\u0627\u0633\u064a\u064b\u0627 \u0648\u0645\u0627\u0644\u064a\u064b\u0627\u060c \u0646\u0643\u0631\u0651\u0633 \u062c\u0647\u0648\u062f\u0646\u0627 \u0644\u062a\u0645\u0643\u064a\u0646 \u0627\u0644\u0645\u062c\u062a\u0645\u0639\u0627\u062a \u0627\u0644\u0645\u062d\u0644\u0651\u064a\u0629 \u0648\u0627\u0644\u062a\u0639\u0627\u0648\u0646 \u0645\u0639 \u062d\u0644\u0641\u0627\u0626\u0646\u0627 \u0644\u062a\u0637\u0648\u064a\u0631 \u062d\u0644\u0648\u0644 \u0645\u0628\u062a\u0643\u0631\u0629 \u0648\u0639\u0645\u0644\u064a\u0651\u0629 \u062a\u0633\u0627\u0639\u062f \u0627\u0644\u0623\u0641\u0631\u0627\u062f \u0639\u0644\u0649 \u0627\u0644\u0639\u064a\u0634 \u0641\u064a \u0627\u0646\u0633\u062c\u0627\u0645\u064d \u0645\u0639 \u0627\u0644\u0628\u064a\u0626\u0629.\",\"email\":\"info.arabic@greenpeace.org\",\"telephone\":\"+31 (06) 45712741\",\"legalName\":\"Stichting Greenpeace MENA\",\"foundingDate\":\"2018-07-18\",\"vatID\":\"859020046\",\"taxID\":\"859020046\",\"numberOfEmployees\":{\"@type\":\"QuantitativeValue\",\"minValue\":\"11\",\"maxValue\":\"50\"}}]}<\/script>\n<!-- \/ Yoast SEO Premium plugin. -->","yoast_head_json":{"title":"La naissance d\u2019un mouvement - Greenpeace Moyen Orient et Afrique du Nord","robots":{"index":"index","follow":"follow","max-snippet":"max-snippet:-1","max-image-preview":"max-image-preview:large","max-video-preview":"max-video-preview:-1"},"canonical":"https:\/\/www.greenpeace.org\/mena\/fr\/la-naissance-dun-mouvement\/","og_locale":"fr_FR","og_type":"article","og_title":"La naissance d\u2019un mouvement","og_description":"\ud83d\udea7 Nous sommes actuellement en train d\u2019ajuster l\u2019exp\u00e9rience sur ce page afin de vous offrir un contenu plus fluide, complet et engageant. Certaines sections, dont celle-ci, sont encore en cours de finalisation. Merci pour votre patience et votre compr\u00e9hension.","og_url":"https:\/\/www.greenpeace.org\/mena\/fr\/la-naissance-dun-mouvement\/","og_site_name":"Greenpeace Moyen Orient et Afrique du Nord","article_publisher":"https:\/\/www.facebook.com\/GreenpeaceAR","article_modified_time":"2025-08-07T08:54:19+00:00","og_image":[{"width":800,"height":536,"url":"https:\/\/www.greenpeace.org\/static\/planet4-mena-stateless\/2019\/06\/ea098e2f-4711087b-gp51-42_gp019id_web_size.jpg","type":"image\/jpeg"}],"twitter_card":"summary_large_image","twitter_site":"@GreenpeaceAR","twitter_misc":{"Est. reading time":"1 minute"},"schema":{"@context":"https:\/\/schema.org","@graph":[{"@type":"WebPage","@id":"https:\/\/www.greenpeace.org\/mena\/fr\/la-naissance-dun-mouvement\/","url":"https:\/\/www.greenpeace.org\/mena\/fr\/la-naissance-dun-mouvement\/","name":"La naissance d\u2019un mouvement - Greenpeace Moyen Orient et Afrique du Nord","isPartOf":{"@id":"https:\/\/www.greenpeace.org\/mena\/ar\/#website"},"primaryImageOfPage":{"@id":"https:\/\/www.greenpeace.org\/mena\/fr\/la-naissance-dun-mouvement\/#primaryimage"},"image":{"@id":"https:\/\/www.greenpeace.org\/mena\/fr\/la-naissance-dun-mouvement\/#primaryimage"},"thumbnailUrl":"https:\/\/www.greenpeace.org\/static\/planet4-mena-stateless\/2019\/06\/ea098e2f-4711087b-gp51-42_gp019id_web_size.jpg","datePublished":"2018-12-05T13:11:22+00:00","dateModified":"2025-08-07T08:54:19+00:00","breadcrumb":{"@id":"https:\/\/www.greenpeace.org\/mena\/fr\/la-naissance-dun-mouvement\/#breadcrumb"},"inLanguage":"fr","potentialAction":[{"@type":"ReadAction","target":["https:\/\/www.greenpeace.org\/mena\/fr\/la-naissance-dun-mouvement\/"]}]},{"@type":"ImageObject","inLanguage":"fr","@id":"https:\/\/www.greenpeace.org\/mena\/fr\/la-naissance-dun-mouvement\/#primaryimage","url":"https:\/\/www.greenpeace.org\/static\/planet4-mena-stateless\/2019\/06\/ea098e2f-4711087b-gp51-42_gp019id_web_size.jpg","contentUrl":"https:\/\/www.greenpeace.org\/static\/planet4-mena-stateless\/2019\/06\/ea098e2f-4711087b-gp51-42_gp019id_web_size.jpg","width":800,"height":536,"caption":"The crew of the Phyllis Cormack (also called \"Greenpeace\") on-board the ship. Clockwise from top left: Hunter, Moore, Cummings, Metcalfe, Birmingham, Cormack, Darnell, Simmons, Bohlen, Thurston, Fineberg. This is a photographic record by Robert Keziere of the very first Greenpeace voyage, which departed Vancouver on the 15th September 1971. The aim of the trip was to halt nuclear tests in Amchitka Island by sailing into the restricted area. Crew on-board the ship, are the pioneers of the green movement who formed the original group that became Greenpeace."},{"@type":"BreadcrumbList","@id":"https:\/\/www.greenpeace.org\/mena\/fr\/la-naissance-dun-mouvement\/#breadcrumb","itemListElement":[{"@type":"ListItem","position":1,"name":"Home","item":"https:\/\/www.greenpeace.org\/mena\/fr\/"},{"@type":"ListItem","position":2,"name":"La naissance d\u2019un mouvement"}]},{"@type":"WebSite","@id":"https:\/\/www.greenpeace.org\/mena\/ar\/#website","url":"https:\/\/www.greenpeace.org\/mena\/ar\/","name":"\u063a\u0631\u064a\u0646\u0628\u064a\u0633 \u0627\u0644\u0634\u0631\u0642 \u0627\u0644\u0623\u0648\u0633\u0637 \u0648\u0634\u0645\u0627\u0644 \u0623\u0641\u0631\u064a\u0642\u064a\u0627","description":"Greenpeace MENA fait partie du r\u00e9seau Greenpeace, qui regroupe 28 organisations nationales\/r\u00e9gionales ind\u00e9pendantes r\u00e9parties dans plus de 56 pays d\u2019Europe, d\u2019Am\u00e9rique, d\u2019Afrique, d\u2019Asie et du Pacifique, ainsi qu\u2019un organisme de coordination, Greenpeace International.","publisher":{"@id":"https:\/\/www.greenpeace.org\/mena\/ar\/#organization"},"potentialAction":[{"@type":"SearchAction","target":{"@type":"EntryPoint","urlTemplate":"https:\/\/www.greenpeace.org\/mena\/ar\/?s={search_term_string}"},"query-input":{"@type":"PropertyValueSpecification","valueRequired":true,"valueName":"search_term_string"}}],"inLanguage":"fr"},{"@type":"Organization","@id":"https:\/\/www.greenpeace.org\/mena\/ar\/#organization","name":"\u063a\u0631\u064a\u0646\u0628\u064a\u0633 \u0627\u0644\u0634\u0631\u0642 \u0627\u0644\u0623\u0648\u0633\u0637 \u0648\u0634\u0645\u0627\u0644 \u0623\u0641\u0631\u064a\u0642\u064a\u0627","url":"https:\/\/www.greenpeace.org\/mena\/ar\/","logo":{"@type":"ImageObject","inLanguage":"fr","@id":"https:\/\/www.greenpeace.org\/mena\/ar\/#\/schema\/logo\/image\/","url":"https:\/\/www.greenpeace.org\/static\/planet4-mena-stateless\/2026\/04\/10c28f45-logo_on_twitter.jpg","contentUrl":"https:\/\/www.greenpeace.org\/static\/planet4-mena-stateless\/2026\/04\/10c28f45-logo_on_twitter.jpg","width":250,"height":250,"caption":"\u063a\u0631\u064a\u0646\u0628\u064a\u0633 \u0627\u0644\u0634\u0631\u0642 \u0627\u0644\u0623\u0648\u0633\u0637 \u0648\u0634\u0645\u0627\u0644 \u0623\u0641\u0631\u064a\u0642\u064a\u0627"},"image":{"@id":"https:\/\/www.greenpeace.org\/mena\/ar\/#\/schema\/logo\/image\/"},"sameAs":["https:\/\/www.facebook.com\/GreenpeaceAR","https:\/\/x.com\/GreenpeaceAR","https:\/\/www.instagram.com\/GreenpeaceAR","https:\/\/www.tiktok.com\/@GreenpeaceAR","https:\/\/www.youtube.com\/@Greenpeacear"],"description":"\u062a\u0623\u0633\u0651\u0633\u062a \u0645\u0646\u0638\u0651\u0645\u0629 \u063a\u0631\u064a\u0646\u0628\u064a\u0633 \u0627\u0644\u0634\u0631\u0642 \u0627\u0644\u0623\u0648\u0633\u0637 \u0648\u0634\u0645\u0627\u0644 \u0623\u0641\u0631\u064a\u0642\u064a\u0627 \u0641\u064a \u0627\u0644\u0639\u0627\u0645 2018 \u0644\u0644\u062a\u0635\u062f\u0651\u064a \u0644\u0644\u062a\u062d\u062f\u064a\u0627\u062a \u0627\u0644\u0628\u064a\u0626\u064a\u0629 \u0648\u0627\u0644\u0645\u0646\u0627\u062e\u064a\u0629 \u0627\u0644\u0645\u0639\u0642\u0651\u062f\u0629 \u0648\u0627\u0644\u0641\u0631\u064a\u062f\u0629 \u0627\u0644\u062a\u064a \u062a\u0648\u0627\u062c\u0647 \u0645\u0646\u0637\u0642\u062a\u0646\u0627\u060c \u0648\u0628\u0645\u0627 \u0623\u0646\u0651\u0646\u0627 \u0645\u0646\u0638\u0645\u0629 \u063a\u064a\u0631 \u0631\u0628\u062d\u064a\u0629 \u0645\u0633\u062a\u0642\u0644\u0651\u0629 \u062a\u0645\u0627\u0645\u064b\u0627 \u0633\u064a\u0627\u0633\u064a\u064b\u0627 \u0648\u0645\u0627\u0644\u064a\u064b\u0627\u060c \u0646\u0643\u0631\u0651\u0633 \u062c\u0647\u0648\u062f\u0646\u0627 \u0644\u062a\u0645\u0643\u064a\u0646 \u0627\u0644\u0645\u062c\u062a\u0645\u0639\u0627\u062a \u0627\u0644\u0645\u062d\u0644\u0651\u064a\u0629 \u0648\u0627\u0644\u062a\u0639\u0627\u0648\u0646 \u0645\u0639 \u062d\u0644\u0641\u0627\u0626\u0646\u0627 \u0644\u062a\u0637\u0648\u064a\u0631 \u062d\u0644\u0648\u0644 \u0645\u0628\u062a\u0643\u0631\u0629 \u0648\u0639\u0645\u0644\u064a\u0651\u0629 \u062a\u0633\u0627\u0639\u062f \u0627\u0644\u0623\u0641\u0631\u0627\u062f \u0639\u0644\u0649 \u0627\u0644\u0639\u064a\u0634 \u0641\u064a \u0627\u0646\u0633\u062c\u0627\u0645\u064d \u0645\u0639 \u0627\u0644\u0628\u064a\u0626\u0629.","email":"info.arabic@greenpeace.org","telephone":"+31 (06) 45712741","legalName":"Stichting Greenpeace MENA","foundingDate":"2018-07-18","vatID":"859020046","taxID":"859020046","numberOfEmployees":{"@type":"QuantitativeValue","minValue":"11","maxValue":"50"}}]}},"_links":{"self":[{"href":"https:\/\/www.greenpeace.org\/mena\/fr\/wp-json\/wp\/v2\/pages\/4472","targetHints":{"allow":["GET"]}}],"collection":[{"href":"https:\/\/www.greenpeace.org\/mena\/fr\/wp-json\/wp\/v2\/pages"}],"about":[{"href":"https:\/\/www.greenpeace.org\/mena\/fr\/wp-json\/wp\/v2\/types\/page"}],"author":[{"embeddable":true,"href":"https:\/\/www.greenpeace.org\/mena\/fr\/wp-json\/wp\/v2\/users\/8"}],"replies":[{"embeddable":true,"href":"https:\/\/www.greenpeace.org\/mena\/fr\/wp-json\/wp\/v2\/comments?post=4472"}],"version-history":[{"count":11,"href":"https:\/\/www.greenpeace.org\/mena\/fr\/wp-json\/wp\/v2\/pages\/4472\/revisions"}],"predecessor-version":[{"id":18212,"href":"https:\/\/www.greenpeace.org\/mena\/fr\/wp-json\/wp\/v2\/pages\/4472\/revisions\/18212"}],"wp:featuredmedia":[{"embeddable":true,"href":"https:\/\/www.greenpeace.org\/mena\/fr\/wp-json\/wp\/v2\/media\/4475"}],"wp:attachment":[{"href":"https:\/\/www.greenpeace.org\/mena\/fr\/wp-json\/wp\/v2\/media?parent=4472"}],"wp:term":[{"taxonomy":"category","embeddable":true,"href":"https:\/\/www.greenpeace.org\/mena\/fr\/wp-json\/wp\/v2\/categories?post=4472"},{"taxonomy":"post_tag","embeddable":true,"href":"https:\/\/www.greenpeace.org\/mena\/fr\/wp-json\/wp\/v2\/tags?post=4472"}],"curies":[{"name":"wp","href":"https:\/\/api.w.org\/{rel}","templated":true}]}}