{"id":4492,"date":"2018-12-05T14:19:45","date_gmt":"2018-12-05T14:19:45","guid":{"rendered":"https:\/\/www.greenpeace.org\/mena\/greenpeace-worldwide\/"},"modified":"2025-09-08T17:52:37","modified_gmt":"2025-09-08T14:52:37","slug":"greenpeace-autour-du-monde","status":"publish","type":"page","link":"https:\/\/www.greenpeace.org\/mena\/fr\/greenpeace-autour-du-monde\/","title":{"rendered":"Greenpeace autour du monde"},"content":{"rendered":"\n\n<div class=\"wp-block-group alignfull is-layout-flow wp-block-group-is-layout-flow\">\n<div class=\"wp-block-group container is-layout-flow wp-block-group-is-layout-flow\">\n<div class=\"wp-block-media-text alignfull has-media-on-the-right is-stacked-on-mobile is-pattern-p4-page-header is-style-parallax\"><div class=\"wp-block-media-text__content\">\n<div class=\"wp-block-group is-layout-flow wp-block-group-is-layout-flow\">\n<h1 class=\"wp-block-heading has-white-background-color has-background\">\n                            Greenpeace autour du monde\n                        <\/h1>\n<\/div>\n\n\n\n<p style=\"font-size:1.25rem\">\n                            <span style=\"font-weight: 400\">Greenpeace comprend 27 organisations ind\u00e9pendantes, qu\u2019elles soient nationales ou r\u00e9gionales dans plus de 55 pays en Europe, Am\u00e9rique, Afrique, Asie et dans le Pacifique, de m\u00eame qu\u2019un organisme de coordination, Greenpeace International.<\/span>\n\n<span style=\"font-weight: 400\">Nous travaillons directement avec les communaut\u00e9s sur les lignes de fronts o\u00f9 ils prot\u00e8gent les environnements qu\u2019ils consid\u00e8rent comme leurs maisons.<\/span>\n                        <\/p>\n<\/div><figure class=\"wp-block-media-text__media\"><img loading=\"lazy\" decoding=\"async\" width=\"1200\" height=\"800\" src=\"https:\/\/www.greenpeace.org\/static\/planet4-mena-stateless\/2019\/06\/040f835f-fd2001a0-gp0stsf1x_medium_res.jpg\" alt=\"\" sizes=\"auto, (min-width: 601px) 50vw, 100vw\" srcset=\"https:\/\/www.greenpeace.org\/static\/planet4-mena-stateless\/2019\/06\/040f835f-fd2001a0-gp0stsf1x_medium_res.jpg 1200w, https:\/\/www.greenpeace.org\/static\/planet4-mena-stateless\/2019\/06\/040f835f-fd2001a0-gp0stsf1x_medium_res-300x200.jpg 300w, https:\/\/www.greenpeace.org\/static\/planet4-mena-stateless\/2019\/06\/040f835f-fd2001a0-gp0stsf1x_medium_res-768x512.jpg 768w, https:\/\/www.greenpeace.org\/static\/planet4-mena-stateless\/2019\/06\/040f835f-fd2001a0-gp0stsf1x_medium_res-1024x683.jpg 1024w, https:\/\/www.greenpeace.org\/static\/planet4-mena-stateless\/2019\/06\/040f835f-fd2001a0-gp0stsf1x_medium_res-510x340.jpg 510w\" class=\"wp-image-4494 size-full\"\/><\/figure><\/div>\n<\/div>\n<\/div>\n\n\n<iframe loading=\"lazy\" src=\"https:\/\/maps.greenpeace.org\/maps\/gpint\/offices\/\" width=\"100%\" height=\"600\" frameborder=\"0\" allowfullscreen=\"allowfullscreen\" title=\"Map displaying Greenpeace Organisations globally\"><\/iframe>\n","protected":false},"excerpt":{"rendered":"","protected":false},"author":8,"featured_media":4494,"parent":0,"menu_order":8,"comment_status":"closed","ping_status":"closed","template":"page-templates\/evergreen.php","meta":{"_planet4_optimize_post_is_variant":false,"_planet4_optimize_experiment_name":"","_planet4_optimize_variant_name":"","ep_exclude_from_search":false,"p4_hide_page_title_checkbox":"on","p4_title":"","p4_subtitle":"","p4_description":"","background_image_id":"","background_image":"","p4_button_title":"","p4_button_link":"","p4_button_link_checkbox":"","p4_og_title":"","p4_og_description":"","p4_og_image":"","p4_og_image_id":"","p4_seo_canonical_url":"","p4_campaign_name":"not set","p4_local_project":"","p4_basket_name":"not set","p4_department":"","footnotes":""},"categories":[],"tags":[173,169,173],"class_list":["post-4492","page","type-page","status-publish","has-post-thumbnail","hentry","tag-greenpeace-fr","tag-aboutus-fr"],"_links":{"self":[{"href":"https:\/\/www.greenpeace.org\/mena\/fr\/wp-json\/wp\/v2\/pages\/4492","targetHints":{"allow":["GET"]}}],"collection":[{"href":"https:\/\/www.greenpeace.org\/mena\/fr\/wp-json\/wp\/v2\/pages"}],"about":[{"href":"https:\/\/www.greenpeace.org\/mena\/fr\/wp-json\/wp\/v2\/types\/page"}],"author":[{"embeddable":true,"href":"https:\/\/www.greenpeace.org\/mena\/fr\/wp-json\/wp\/v2\/users\/8"}],"replies":[{"embeddable":true,"href":"https:\/\/www.greenpeace.org\/mena\/fr\/wp-json\/wp\/v2\/comments?post=4492"}],"version-history":[{"count":4,"href":"https:\/\/www.greenpeace.org\/mena\/fr\/wp-json\/wp\/v2\/pages\/4492\/revisions"}],"predecessor-version":[{"id":18470,"href":"https:\/\/www.greenpeace.org\/mena\/fr\/wp-json\/wp\/v2\/pages\/4492\/revisions\/18470"}],"wp:featuredmedia":[{"embeddable":true,"href":"https:\/\/www.greenpeace.org\/mena\/fr\/wp-json\/wp\/v2\/media\/4494"}],"wp:attachment":[{"href":"https:\/\/www.greenpeace.org\/mena\/fr\/wp-json\/wp\/v2\/media?parent=4492"}],"wp:term":[{"taxonomy":"category","embeddable":true,"href":"https:\/\/www.greenpeace.org\/mena\/fr\/wp-json\/wp\/v2\/categories?post=4492"},{"taxonomy":"post_tag","embeddable":true,"href":"https:\/\/www.greenpeace.org\/mena\/fr\/wp-json\/wp\/v2\/tags?post=4492"}],"curies":[{"name":"wp","href":"https:\/\/api.w.org\/{rel}","templated":true}]}}