{"id":4512,"date":"2018-11-26T15:47:57","date_gmt":"2018-11-26T15:47:57","guid":{"rendered":"https:\/\/www.greenpeace.org\/mena\/ships\/"},"modified":"2026-05-05T15:34:16","modified_gmt":"2026-05-05T12:34:16","slug":"nos-navires","status":"publish","type":"page","link":"https:\/\/www.greenpeace.org\/mena\/fr\/nos-navires\/","title":{"rendered":"Nos Navires"},"content":{"rendered":"\n                \n                <div class=\"wp-block-group alignfull is-layout-flow wp-block-group-is-layout-flow\">\n                \n                <div class=\"wp-block-group container is-layout-flow wp-block-group-is-layout-flow\">\n                \n                <div class=\"wp-block-media-text alignfull has-media-on-the-right is-stacked-on-mobile is-pattern-p4-page-header is-style-parallax\">\n\n                <div class=\"wp-block-media-text__content\">\n                    <div class=\"wp-block-group is-layout-flow wp-block-group-is-layout-flow\">\n                    \n                        <h1 class=\"wp-block-heading has-white-background-color has-background\">\n                            Nos Navires\n                        <\/h1>\n                    <\/div>\n                \n\n                \n                        <p style=\"font-size:1.25rem\">\n                            <span style=\"font-weight: 400\">Greenpeace navigue depuis pr\u00e8s de 50 ans sur les oc\u00e9ans du monde entier, prot\u00e9geant notre plan\u00e8te et luttant pour la justice environnementale. De l&#8217;obstruction de tests nucl\u00e9aires dans le Pacifique, \u00e0 la documentation du plastique dans nos oc\u00e9ans; de la recherche sur le changement climatique dans l&#8217;Arctique, \u00e0 l&#8217;arr\u00eat du bois ill\u00e9gal sortant de l&#8217;Amazonie, nos navires sont, et ont toujours \u00e9t\u00e9 un \u00e9l\u00e9ment fondamental de Greenpeace dans le monde entier.<\/span>\n                        <\/p>\n                    \n\n                \n\n                <\/div>\n                <figure class=\"wp-block-media-text__media\">\n                    <img loading=\"lazy\" decoding=\"async\" width=\"2500\" height=\"1668\"\n                        src=\"https:\/\/www.greenpeace.org\/static\/planet4-mena-stateless\/2019\/06\/a7c22636-ab66ee03-gp0stpbdd_pressmedia.jpg\"\n                        alt=\"\"\n                        sizes=\"auto, (min-width: 601px) 50vw, 100vw\" srcset=\"https:\/\/www.greenpeace.org\/static\/planet4-mena-stateless\/2019\/06\/a7c22636-ab66ee03-gp0stpbdd_pressmedia.jpg 2500w, https:\/\/www.greenpeace.org\/static\/planet4-mena-stateless\/2019\/06\/a7c22636-ab66ee03-gp0stpbdd_pressmedia-300x200.jpg 300w, https:\/\/www.greenpeace.org\/static\/planet4-mena-stateless\/2019\/06\/a7c22636-ab66ee03-gp0stpbdd_pressmedia-768x512.jpg 768w, https:\/\/www.greenpeace.org\/static\/planet4-mena-stateless\/2019\/06\/a7c22636-ab66ee03-gp0stpbdd_pressmedia-1024x683.jpg 1024w, https:\/\/www.greenpeace.org\/static\/planet4-mena-stateless\/2019\/06\/a7c22636-ab66ee03-gp0stpbdd_pressmedia-2048x1366.jpg 2048w, https:\/\/www.greenpeace.org\/static\/planet4-mena-stateless\/2019\/06\/a7c22636-ab66ee03-gp0stpbdd_pressmedia-510x340.jpg 510w\" class=\"wp-image-4515 size-full\"\n                    \/>\n                <\/figure>\n                <\/div>\n                \n                <\/div>\n                \n                <\/div>\n                \n                <div class=\"mceTemp\"><\/div>\n<div data-render=\"planet4-blocks\/columns\" data-attributes=\"{&quot;attributes&quot;:{&quot;columns_block_style&quot;:&quot;image&quot;,&quot;columns_title&quot;:&quot;Nos Navires&quot;,&quot;className&quot;:&quot;is-style-image&quot;,&quot;columns_description&quot;:&quot;&quot;,&quot;columns&quot;:[{&quot;attachment&quot;:&quot;https:\\\/\\\/www.greenpeace.org\\\/static\\\/planet4-mena-stateless\\\/2018\\\/11\\\/2bfe19f4-esperanza-586e0dd3-gp0stqcbgtreated-510x340.jpg&quot;,&quot;title&quot;:&quot;#\\u0625\\u0633\\u0628\\u064a\\u0631\\u0627\\u0646\\u0632\\u0627&quot;,&quot;cta_link&quot;:&quot;http:\\\/\\\/www.greenpeace.org\\\/mena\\\/ar\\\/tag\\\/%d8%a5%d8%b3%d8%a8%d9%8a%d8%b1%d8%a7%d9%86%d8%b2%d8%a7\\\/&quot;,&quot;attachment_srcset&quot;:&quot;https:\\\/\\\/www.greenpeace.org\\\/static\\\/planet4-mena-stateless\\\/2018\\\/11\\\/2bfe19f4-esperanza-586e0dd3-gp0stqcbgtreated-510x340.jpg 510w, https:\\\/\\\/www.greenpeace.org\\\/static\\\/planet4-mena-stateless\\\/2018\\\/11\\\/2bfe19f4-esperanza-586e0dd3-gp0stqcbgtreated-300x200.jpg 300w, https:\\\/\\\/www.greenpeace.org\\\/static\\\/planet4-mena-stateless\\\/2018\\\/11\\\/2bfe19f4-esperanza-586e0dd3-gp0stqcbgtreated-768x512.jpg 768w, https:\\\/\\\/www.greenpeace.org\\\/static\\\/planet4-mena-stateless\\\/2018\\\/11\\\/2bfe19f4-esperanza-586e0dd3-gp0stqcbgtreated-1024x683.jpg 1024w, https:\\\/\\\/www.greenpeace.org\\\/static\\\/planet4-mena-stateless\\\/2018\\\/11\\\/2bfe19f4-esperanza-586e0dd3-gp0stqcbgtreated.jpg 1920w&quot;},{&quot;attachment&quot;:&quot;https:\\\/\\\/www.greenpeace.org\\\/static\\\/planet4-mena-stateless\\\/2018\\\/11\\\/3c76aff3-rainbow-warrior-951187ee-gp05zo_pressmedia-e1526192735868-510x340.jpg&quot;,&quot;title&quot;:&quot;#\\u0631\\u064a\\u0646\\u0628\\u0648_\\u0648\\u0627\\u0631\\u064a\\u0648\\u0631&quot;,&quot;cta_link&quot;:&quot;http:\\\/\\\/www.greenpeace.org\\\/mena\\\/ar\\\/tag\\\/%d8%b1%d9%8a%d9%86%d8%a8%d9%88_%d9%88%d8%a7%d8%b1%d9%8a%d9%88%d8%b1\\\/&quot;,&quot;attachment_srcset&quot;:&quot;https:\\\/\\\/www.greenpeace.org\\\/static\\\/planet4-mena-stateless\\\/2018\\\/11\\\/3c76aff3-rainbow-warrior-951187ee-gp05zo_pressmedia-e1526192735868-510x340.jpg 510w, https:\\\/\\\/www.greenpeace.org\\\/static\\\/planet4-mena-stateless\\\/2018\\\/11\\\/3c76aff3-rainbow-warrior-951187ee-gp05zo_pressmedia-e1526192735868-300x200.jpg 300w, https:\\\/\\\/www.greenpeace.org\\\/static\\\/planet4-mena-stateless\\\/2018\\\/11\\\/3c76aff3-rainbow-warrior-951187ee-gp05zo_pressmedia-e1526192735868-768x512.jpg 768w, https:\\\/\\\/www.greenpeace.org\\\/static\\\/planet4-mena-stateless\\\/2018\\\/11\\\/3c76aff3-rainbow-warrior-951187ee-gp05zo_pressmedia-e1526192735868-1024x683.jpg 1024w, https:\\\/\\\/www.greenpeace.org\\\/static\\\/planet4-mena-stateless\\\/2018\\\/11\\\/3c76aff3-rainbow-warrior-951187ee-gp05zo_pressmedia-e1526192735868.jpg 1919w&quot;},{&quot;attachment&quot;:&quot;https:\\\/\\\/www.greenpeace.org\\\/static\\\/planet4-mena-stateless\\\/2018\\\/11\\\/1df8e266-gp0stsitt-510x340.jpg&quot;,&quot;title&quot;:&quot;#\\u0623\\u0631\\u0643\\u062a\\u064a\\u0643_\\u0635\\u0646\\u0631\\u0627\\u064a\\u0632&quot;,&quot;cta_link&quot;:&quot;http:\\\/\\\/www.greenpeace.org\\\/mena\\\/ar\\\/tag\\\/%d8%a3%d8%b1%d9%83%d8%aa%d9%8a%d9%83_%d8%b5%d9%86%d8%b1%d8%a7%d9%8a%d8%b2\\\/&quot;,&quot;attachment_srcset&quot;:&quot;https:\\\/\\\/www.greenpeace.org\\\/static\\\/planet4-mena-stateless\\\/2018\\\/11\\\/1df8e266-gp0stsitt-510x340.jpg 510w, https:\\\/\\\/www.greenpeace.org\\\/static\\\/planet4-mena-stateless\\\/2018\\\/11\\\/1df8e266-gp0stsitt-300x200.jpg 300w, https:\\\/\\\/www.greenpeace.org\\\/static\\\/planet4-mena-stateless\\\/2018\\\/11\\\/1df8e266-gp0stsitt-768x512.jpg 768w, https:\\\/\\\/www.greenpeace.org\\\/static\\\/planet4-mena-stateless\\\/2018\\\/11\\\/1df8e266-gp0stsitt-1024x683.jpg 1024w, https:\\\/\\\/www.greenpeace.org\\\/static\\\/planet4-mena-stateless\\\/2018\\\/11\\\/1df8e266-gp0stsitt.jpg 1199w&quot;}]}}\"><\/div>\n<h2 class=\"wp-block-heading\">O\u00f9 sommes-nous actuellement?<\/h2>\n\n<iframe loading=\"lazy\" src=\"https:\/\/maps.greenpeace.org\/maps\/gpships\/\" width=\"100%\" height=\"500\" frameborder=\"0\"><\/iframe>\n\n    <div class=\"wp-block-query posts-list p4-query-loop is-custom-layout-list is-layout-flow wp-block-query-is-layout-flow\">\n        <div class=\"wp-block-group is-content-justification-space-between is-layout-flex wp-container-core-group-is-layout-3d213aab wp-block-group-is-layout-flex\"><h2 class=\"wp-block-heading\">Related Articles<\/h2>\n        <li class=\" wp-block-navigation-item see-all-link wp-block-navigation-link\"><a class=\"wp-block-navigation-item__content\"  href=\"http:\/\/www.greenpeace.org\/mena\/ar\/%d8%ac%d9%85%d9%8a%d8%b9-%d8%a7%d9%84%d9%85%d9%82%d8%a7%d9%84%d8%a7%d8%aa-%d8%a7%d9%84%d8%ad%d8%af%d9%8a%d8%ab%d8%a9\/?tag=%d8%a3%d8%b1%d9%83%d8%aa%d9%8a%d9%83_%d8%b5%d9%86%d8%b1%d8%a7%d9%8a%d8%b2\"><span data-ga-category=\"Posts List\" data-ga-action=\"See More Link\" data-ga-label=\"n\/a\" class=\"wp-block-navigation-item__label\">See all stories<\/span><\/a><\/li>\n        \n        <\/div>\n        \n\n    <p style=\"margin-top: 24px; margin-bottom: 36px;\"><\/p>\n\n    <div class=\"wp-block-query-no-results\">\n        <p >No posts found.<\/p>\n        <\/div>\n\n    \n\n    \n<div class=\"wp-block-buttons carousel-controls is-horizontal is-content-justification-space-between is-nowrap is-layout-flex wp-container-core-buttons-is-layout-044bd602 wp-block-buttons-is-layout-flex\">\n            <div class=\"wp-block-button carousel-control-prev\"><button type=\"button\" class=\"wp-block-button__link wp-element-button\">Prev<\/button><\/div>\n        \n\n            <div class=\"wp-block-button carousel-control-next\"><button type=\"button\" class=\"wp-block-button__link wp-element-button\">Next<\/button><\/div>\n        <\/div>\n\n\n    <li class=\" wp-block-navigation-item see-all-link wp-block-navigation-link\"><a class=\"wp-block-navigation-item__content\"  href=\"http:\/\/www.greenpeace.org\/mena\/ar\/%d8%ac%d9%85%d9%8a%d8%b9-%d8%a7%d9%84%d9%85%d9%82%d8%a7%d9%84%d8%a7%d8%aa-%d8%a7%d9%84%d8%ad%d8%af%d9%8a%d8%ab%d8%a9\/?tag=%d8%a3%d8%b1%d9%83%d8%aa%d9%8a%d9%83_%d8%b5%d9%86%d8%b1%d8%a7%d9%8a%d8%b2\"><span data-ga-category=\"Posts List\" data-ga-action=\"See More Link\" data-ga-label=\"n\/a\" class=\"wp-block-navigation-item__label\">See all stories<\/span><\/a><\/li><\/div>\n    <div data-render=\"planet4-blocks\/happypoint\" data-attributes=\"{&quot;attributes&quot;:{&quot;focus_image&quot;:&quot;0% 0%&quot;,&quot;embed_code&quot;:&quot;u003c!u002du002d[if lte IE 8]u003enu003cscript charset=u0022utf-8u0022 type=u0022text\\\/javascriptu0022 src=u0022\\\/\\\/js-eu1.hsforms.net\\\/forms\\\/v2-legacy.jsu0022u003eu003c\\\/scriptu003enu003c![endif]u002du002du003enu003cscript charset=u0022utf-8u0022 type=u0022text\\\/javascriptu0022 src=u0022\\\/\\\/js-eu1.hsforms.net\\\/forms\\\/v2.jsu0022u003eu003c\\\/scriptu003enu003cscriptu003en  hbspt.forms.create({ntregion: u0022eu1u0022,ntportalId: u002224933598u0022,ntformId: u0022bd0bdf81-8fba-45b5-93d5-7cb1507b67f9u0022,ntsfdcCampaignId: u00227014K000000cf11QAAu0022n});nu003c\\\/scriptu003e&quot;,&quot;override_default_content&quot;:true,&quot;local_content_provider&quot;:&quot;embed_code&quot;,&quot;opacity&quot;:30}}\"><\/div>","protected":false},"excerpt":{"rendered":"<p>O\u00f9 sommes-nous actuellement?<\/p>\n","protected":false},"author":8,"featured_media":4519,"parent":0,"menu_order":0,"comment_status":"closed","ping_status":"closed","template":"","meta":{"_planet4_optimize_post_is_variant":false,"_planet4_optimize_experiment_name":"","_planet4_optimize_variant_name":"","ep_exclude_from_search":false,"p4_hide_page_title_checkbox":"on","p4_title":"","p4_subtitle":"","p4_description":"","background_image_id":"","background_image":"","p4_button_title":"","p4_button_link":"","p4_button_link_checkbox":"","p4_og_title":"","p4_og_description":"","p4_og_image":"","p4_og_image_id":"","p4_seo_canonical_url":"","p4_campaign_name":"not set","p4_local_project":"","p4_basket_name":"not set","p4_department":"","footnotes":""},"categories":[],"tags":[158,159,168],"class_list":["post-4512","page","type-page","status-publish","has-post-thumbnail","hentry","tag-esperanza-fr","tag-arctic-sunrise-fr","tag-rainbow-warrior-fr"],"yoast_head":"<!-- This site is optimized with the Yoast SEO Premium plugin v27.4 (Yoast SEO v27.4) - https:\/\/yoast.com\/product\/yoast-seo-premium-wordpress\/ -->\n<title>Nos Navires - Greenpeace Moyen Orient et Afrique du Nord<\/title>\n<meta name=\"robots\" content=\"index, follow, max-snippet:-1, max-image-preview:large, max-video-preview:-1\" \/>\n<link rel=\"canonical\" href=\"http:\/\/www.greenpeace.org\/mena\/ar\/\u0633\u0641\u0646\u0646\u0627\/\" \/>\n<meta property=\"og:locale\" content=\"fr_FR\" \/>\n<meta property=\"og:type\" content=\"article\" \/>\n<meta property=\"og:title\" content=\"Nos Navires\" \/>\n<meta property=\"og:description\" content=\"O\u00f9 sommes-nous actuellement?\" \/>\n<meta property=\"og:url\" content=\"http:\/\/www.greenpeace.org\/mena\/ar\/\u0633\u0641\u0646\u0646\u0627\/\" \/>\n<meta property=\"og:site_name\" content=\"Greenpeace Moyen Orient et Afrique du Nord\" \/>\n<meta property=\"article:publisher\" content=\"https:\/\/www.facebook.com\/GreenpeaceAR\" \/>\n<meta property=\"article:modified_time\" content=\"2026-05-05T12:34:16+00:00\" \/>\n<meta property=\"og:image\" content=\"https:\/\/www.greenpeace.org\/static\/planet4-mena-stateless\/2019\/06\/291a1dfd-eca68275-gp04k5b_web_size.jpg\" \/>\n\t<meta property=\"og:image:width\" content=\"799\" \/>\n\t<meta property=\"og:image:height\" content=\"533\" \/>\n\t<meta property=\"og:image:type\" content=\"image\/jpeg\" \/>\n<meta name=\"twitter:card\" content=\"summary_large_image\" \/>\n<meta name=\"twitter:site\" content=\"@GreenpeaceAR\" \/>\n<script type=\"application\/ld+json\" class=\"yoast-schema-graph\">{\"@context\":\"https:\\\/\\\/schema.org\",\"@graph\":[{\"@type\":\"WebPage\",\"@id\":\"http:\\\/\\\/www.greenpeace.org\\\/mena\\\/ar\\\/%d8%b3%d9%81%d9%86%d9%86%d8%a7\\\/\",\"url\":\"http:\\\/\\\/www.greenpeace.org\\\/mena\\\/ar\\\/%d8%b3%d9%81%d9%86%d9%86%d8%a7\\\/\",\"name\":\"Nos Navires - Greenpeace Moyen Orient et Afrique du Nord\",\"isPartOf\":{\"@id\":\"https:\\\/\\\/www.greenpeace.org\\\/mena\\\/ar\\\/#website\"},\"primaryImageOfPage\":{\"@id\":\"http:\\\/\\\/www.greenpeace.org\\\/mena\\\/ar\\\/%d8%b3%d9%81%d9%86%d9%86%d8%a7\\\/#primaryimage\"},\"image\":{\"@id\":\"http:\\\/\\\/www.greenpeace.org\\\/mena\\\/ar\\\/%d8%b3%d9%81%d9%86%d9%86%d8%a7\\\/#primaryimage\"},\"thumbnailUrl\":\"https:\\\/\\\/www.greenpeace.org\\\/static\\\/planet4-mena-stateless\\\/2019\\\/06\\\/291a1dfd-eca68275-gp04k5b_web_size.jpg\",\"datePublished\":\"2018-11-26T15:47:57+00:00\",\"dateModified\":\"2026-05-05T12:34:16+00:00\",\"breadcrumb\":{\"@id\":\"http:\\\/\\\/www.greenpeace.org\\\/mena\\\/ar\\\/%d8%b3%d9%81%d9%86%d9%86%d8%a7\\\/#breadcrumb\"},\"inLanguage\":\"fr\",\"potentialAction\":[{\"@type\":\"ReadAction\",\"target\":[\"http:\\\/\\\/www.greenpeace.org\\\/mena\\\/ar\\\/%d8%b3%d9%81%d9%86%d9%86%d8%a7\\\/\"]}]},{\"@type\":\"ImageObject\",\"inLanguage\":\"fr\",\"@id\":\"http:\\\/\\\/www.greenpeace.org\\\/mena\\\/ar\\\/%d8%b3%d9%81%d9%86%d9%86%d8%a7\\\/#primaryimage\",\"url\":\"https:\\\/\\\/www.greenpeace.org\\\/static\\\/planet4-mena-stateless\\\/2019\\\/06\\\/291a1dfd-eca68275-gp04k5b_web_size.jpg\",\"contentUrl\":\"https:\\\/\\\/www.greenpeace.org\\\/static\\\/planet4-mena-stateless\\\/2019\\\/06\\\/291a1dfd-eca68275-gp04k5b_web_size.jpg\",\"width\":799,\"height\":533,\"caption\":\"The Rainbow Warrior is under full sail off the Queensland coast during the \\\"Save the Reef\\\" tour. The tour highlights the proposed expansion of the export coal industry in Queensland and the impacts on the Great Barrier Reef. In addition, there would be a massive contribution to CO2 emissions should the expansions go ahead.\"},{\"@type\":\"BreadcrumbList\",\"@id\":\"http:\\\/\\\/www.greenpeace.org\\\/mena\\\/ar\\\/%d8%b3%d9%81%d9%86%d9%86%d8%a7\\\/#breadcrumb\",\"itemListElement\":[{\"@type\":\"ListItem\",\"position\":1,\"name\":\"Home\",\"item\":\"http:\\\/\\\/www.greenpeace.org\\\/mena\\\/ar\\\/\"},{\"@type\":\"ListItem\",\"position\":2,\"name\":\"Nos Navires\"}]},{\"@type\":\"WebSite\",\"@id\":\"https:\\\/\\\/www.greenpeace.org\\\/mena\\\/ar\\\/#website\",\"url\":\"https:\\\/\\\/www.greenpeace.org\\\/mena\\\/ar\\\/\",\"name\":\"\u063a\u0631\u064a\u0646\u0628\u064a\u0633 \u0627\u0644\u0634\u0631\u0642 \u0627\u0644\u0623\u0648\u0633\u0637 \u0648\u0634\u0645\u0627\u0644 \u0623\u0641\u0631\u064a\u0642\u064a\u0627\",\"description\":\"Greenpeace MENA fait partie du r\u00e9seau Greenpeace, qui regroupe 28 organisations nationales\\\/r\u00e9gionales ind\u00e9pendantes r\u00e9parties dans plus de 56 pays d\u2019Europe, d\u2019Am\u00e9rique, d\u2019Afrique, d\u2019Asie et du Pacifique, ainsi qu\u2019un organisme de coordination, Greenpeace International.\",\"potentialAction\":[{\"@type\":\"SearchAction\",\"target\":{\"@type\":\"EntryPoint\",\"urlTemplate\":\"https:\\\/\\\/www.greenpeace.org\\\/mena\\\/ar\\\/?s={search_term_string}\"},\"query-input\":{\"@type\":\"PropertyValueSpecification\",\"valueRequired\":true,\"valueName\":\"search_term_string\"}}],\"inLanguage\":\"fr\"}]}<\/script>\n<!-- \/ Yoast SEO Premium plugin. -->","yoast_head_json":{"title":"Nos Navires - Greenpeace Moyen Orient et Afrique du Nord","robots":{"index":"index","follow":"follow","max-snippet":"max-snippet:-1","max-image-preview":"max-image-preview:large","max-video-preview":"max-video-preview:-1"},"canonical":"http:\/\/www.greenpeace.org\/mena\/ar\/\u0633\u0641\u0646\u0646\u0627\/","og_locale":"fr_FR","og_type":"article","og_title":"Nos Navires","og_description":"O\u00f9 sommes-nous actuellement?","og_url":"http:\/\/www.greenpeace.org\/mena\/ar\/\u0633\u0641\u0646\u0646\u0627\/","og_site_name":"Greenpeace Moyen Orient et Afrique du Nord","article_publisher":"https:\/\/www.facebook.com\/GreenpeaceAR","article_modified_time":"2026-05-05T12:34:16+00:00","og_image":[{"width":799,"height":533,"url":"https:\/\/www.greenpeace.org\/static\/planet4-mena-stateless\/2019\/06\/291a1dfd-eca68275-gp04k5b_web_size.jpg","type":"image\/jpeg"}],"twitter_card":"summary_large_image","twitter_site":"@GreenpeaceAR","schema":{"@context":"https:\/\/schema.org","@graph":[{"@type":"WebPage","@id":"http:\/\/www.greenpeace.org\/mena\/ar\/%d8%b3%d9%81%d9%86%d9%86%d8%a7\/","url":"http:\/\/www.greenpeace.org\/mena\/ar\/%d8%b3%d9%81%d9%86%d9%86%d8%a7\/","name":"Nos Navires - Greenpeace Moyen Orient et Afrique du Nord","isPartOf":{"@id":"https:\/\/www.greenpeace.org\/mena\/ar\/#website"},"primaryImageOfPage":{"@id":"http:\/\/www.greenpeace.org\/mena\/ar\/%d8%b3%d9%81%d9%86%d9%86%d8%a7\/#primaryimage"},"image":{"@id":"http:\/\/www.greenpeace.org\/mena\/ar\/%d8%b3%d9%81%d9%86%d9%86%d8%a7\/#primaryimage"},"thumbnailUrl":"https:\/\/www.greenpeace.org\/static\/planet4-mena-stateless\/2019\/06\/291a1dfd-eca68275-gp04k5b_web_size.jpg","datePublished":"2018-11-26T15:47:57+00:00","dateModified":"2026-05-05T12:34:16+00:00","breadcrumb":{"@id":"http:\/\/www.greenpeace.org\/mena\/ar\/%d8%b3%d9%81%d9%86%d9%86%d8%a7\/#breadcrumb"},"inLanguage":"fr","potentialAction":[{"@type":"ReadAction","target":["http:\/\/www.greenpeace.org\/mena\/ar\/%d8%b3%d9%81%d9%86%d9%86%d8%a7\/"]}]},{"@type":"ImageObject","inLanguage":"fr","@id":"http:\/\/www.greenpeace.org\/mena\/ar\/%d8%b3%d9%81%d9%86%d9%86%d8%a7\/#primaryimage","url":"https:\/\/www.greenpeace.org\/static\/planet4-mena-stateless\/2019\/06\/291a1dfd-eca68275-gp04k5b_web_size.jpg","contentUrl":"https:\/\/www.greenpeace.org\/static\/planet4-mena-stateless\/2019\/06\/291a1dfd-eca68275-gp04k5b_web_size.jpg","width":799,"height":533,"caption":"The Rainbow Warrior is under full sail off the Queensland coast during the \"Save the Reef\" tour. The tour highlights the proposed expansion of the export coal industry in Queensland and the impacts on the Great Barrier Reef. In addition, there would be a massive contribution to CO2 emissions should the expansions go ahead."},{"@type":"BreadcrumbList","@id":"http:\/\/www.greenpeace.org\/mena\/ar\/%d8%b3%d9%81%d9%86%d9%86%d8%a7\/#breadcrumb","itemListElement":[{"@type":"ListItem","position":1,"name":"Home","item":"http:\/\/www.greenpeace.org\/mena\/ar\/"},{"@type":"ListItem","position":2,"name":"Nos Navires"}]},{"@type":"WebSite","@id":"https:\/\/www.greenpeace.org\/mena\/ar\/#website","url":"https:\/\/www.greenpeace.org\/mena\/ar\/","name":"\u063a\u0631\u064a\u0646\u0628\u064a\u0633 \u0627\u0644\u0634\u0631\u0642 \u0627\u0644\u0623\u0648\u0633\u0637 \u0648\u0634\u0645\u0627\u0644 \u0623\u0641\u0631\u064a\u0642\u064a\u0627","description":"Greenpeace MENA fait partie du r\u00e9seau Greenpeace, qui regroupe 28 organisations nationales\/r\u00e9gionales ind\u00e9pendantes r\u00e9parties dans plus de 56 pays d\u2019Europe, d\u2019Am\u00e9rique, d\u2019Afrique, d\u2019Asie et du Pacifique, ainsi qu\u2019un organisme de coordination, Greenpeace International.","potentialAction":[{"@type":"SearchAction","target":{"@type":"EntryPoint","urlTemplate":"https:\/\/www.greenpeace.org\/mena\/ar\/?s={search_term_string}"},"query-input":{"@type":"PropertyValueSpecification","valueRequired":true,"valueName":"search_term_string"}}],"inLanguage":"fr"}]}},"_links":{"self":[{"href":"https:\/\/www.greenpeace.org\/mena\/fr\/wp-json\/wp\/v2\/pages\/4512","targetHints":{"allow":["GET"]}}],"collection":[{"href":"https:\/\/www.greenpeace.org\/mena\/fr\/wp-json\/wp\/v2\/pages"}],"about":[{"href":"https:\/\/www.greenpeace.org\/mena\/fr\/wp-json\/wp\/v2\/types\/page"}],"author":[{"embeddable":true,"href":"https:\/\/www.greenpeace.org\/mena\/fr\/wp-json\/wp\/v2\/users\/8"}],"replies":[{"embeddable":true,"href":"https:\/\/www.greenpeace.org\/mena\/fr\/wp-json\/wp\/v2\/comments?post=4512"}],"version-history":[{"count":18,"href":"https:\/\/www.greenpeace.org\/mena\/fr\/wp-json\/wp\/v2\/pages\/4512\/revisions"}],"predecessor-version":[{"id":21428,"href":"https:\/\/www.greenpeace.org\/mena\/fr\/wp-json\/wp\/v2\/pages\/4512\/revisions\/21428"}],"wp:featuredmedia":[{"embeddable":true,"href":"https:\/\/www.greenpeace.org\/mena\/fr\/wp-json\/wp\/v2\/media\/4519"}],"wp:attachment":[{"href":"https:\/\/www.greenpeace.org\/mena\/fr\/wp-json\/wp\/v2\/media?parent=4512"}],"wp:term":[{"taxonomy":"category","embeddable":true,"href":"https:\/\/www.greenpeace.org\/mena\/fr\/wp-json\/wp\/v2\/categories?post=4512"},{"taxonomy":"post_tag","embeddable":true,"href":"https:\/\/www.greenpeace.org\/mena\/fr\/wp-json\/wp\/v2\/tags?post=4512"}],"curies":[{"name":"wp","href":"https:\/\/api.w.org\/{rel}","templated":true}]}}