{"id":5024,"date":"2019-08-20T16:08:39","date_gmt":"2019-08-20T13:08:39","guid":{"rendered":"https:\/\/www.greenpeace.org\/mena\/greenpeace-mena\/"},"modified":"2025-08-14T11:11:25","modified_gmt":"2025-08-14T08:11:25","slug":"gp-mena","status":"publish","type":"page","link":"https:\/\/www.greenpeace.org\/mena\/fr\/gp-mena\/","title":{"rendered":"Conseil D&#8217;administration et Structure Organisationnelle"},"content":{"rendered":"\n\n<div class=\"wp-block-group alignfull is-layout-flow wp-block-group-is-layout-flow\">\n<div class=\"wp-block-group container is-layout-flow wp-block-group-is-layout-flow\">\n<div class=\"wp-block-media-text alignfull has-media-on-the-right is-stacked-on-mobile is-pattern-p4-page-header is-style-parallax\"><div class=\"wp-block-media-text__content\">\n<div class=\"wp-block-group is-layout-flow wp-block-group-is-layout-flow\">\n<h1 class=\"wp-block-heading has-white-background-color has-background\">Conseil D&#8217;administration et Structure Organisationnelle<\/h1>\n\n\n\n<p style=\"font-size:1.25rem\"><\/p>\n<\/div>\n<\/div><figure class=\"wp-block-media-text__media\"><img loading=\"lazy\" decoding=\"async\" width=\"1200\" height=\"800\" src=\"https:\/\/www.greenpeace.org\/static\/planet4-mena-stateless\/2019\/08\/619a7e8e-gp0stqa68_medium_res.jpg\" alt=\"\" sizes=\"auto, (min-width: 601px) 50vw, 100vw\" srcset=\"https:\/\/www.greenpeace.org\/static\/planet4-mena-stateless\/2019\/08\/619a7e8e-gp0stqa68_medium_res.jpg 1200w, https:\/\/www.greenpeace.org\/static\/planet4-mena-stateless\/2019\/08\/619a7e8e-gp0stqa68_medium_res-300x200.jpg 300w, https:\/\/www.greenpeace.org\/static\/planet4-mena-stateless\/2019\/08\/619a7e8e-gp0stqa68_medium_res-768x512.jpg 768w, https:\/\/www.greenpeace.org\/static\/planet4-mena-stateless\/2019\/08\/619a7e8e-gp0stqa68_medium_res-1024x683.jpg 1024w, https:\/\/www.greenpeace.org\/static\/planet4-mena-stateless\/2019\/08\/619a7e8e-gp0stqa68_medium_res-510x340.jpg 510w\" class=\"wp-image-5026 size-full\"\/><\/figure><\/div>\n<\/div>\n<\/div>\n\n\n<h3 class=\"wp-block-heading\"><br><\/h3>\n\n<h2 class=\"wp-block-heading\"><strong>Conseil D\u2019administration et Structure Organisationnelle<\/strong><\/h2>\n\n<p>Greenpeace Moyen-Orient et Afrique du Nord s\u2019engage \u00e0 respecter les normes les plus \u00e9lev\u00e9es en mati\u00e8re de bonne gouvernance, de responsabilit\u00e9 financi\u00e8re et d\u2019int\u00e9grit\u00e9 institutionnelle.<\/p>\n\n<p><br>Notre structure de gouvernance se compose de deux conseils: le Conseil de supervision et le Conseil ex\u00e9cutif.<br>\u00a0Le Conseil de supervision, g\u00e9n\u00e9ralement compos\u00e9 de trois \u00e0 sept membres, joue un r\u00f4le central dans le respect des normes internationales de gouvernance et de gestion financi\u00e8re. Ses principales responsabilit\u00e9s incluent l\u2019adoption du budget g\u00e9n\u00e9ral et des rapports financiers audit\u00e9s de l\u2019organisation, ainsi que la nomination du directeur ex\u00e9cutif de Greenpeace Moyen-Orient et Afrique du Nord.<\/p>\n\n<p><br>Les membres du Conseil de supervision exercent leur mandat \u00e0 titre b\u00e9n\u00e9vole et sont s\u00e9lectionn\u00e9s pour leur expertise, leur exp\u00e9rience et leur engagement av\u00e9r\u00e9 envers la mission et les valeurs de Greenpeace dans la r\u00e9gion. Par leur vision strat\u00e9gique et leur r\u00f4le de supervision, ils veillent \u00e0 maintenir la transparence et la redevabilit\u00e9, afin de maximiser l\u2019impact positif de l\u2019organisation dans le monde.<\/p>\n\n<h2 class=\"wp-block-heading\"><strong>Conseil de supervision<\/strong><\/h2>\n\n<p>D\u00e9couvrez les membres actuels du Conseil de supervision, \u00e9lus pour la solidit\u00e9 de leur exp\u00e9rience, leurs valeurs et leur leadership reconnu \u00e0 l\u2019\u00e9chelle r\u00e9gionale.<\/p>\n\n<hr class=\"wp-block-separator has-alpha-channel-opacity\"\/>\n\n<h2 class=\"wp-block-heading\"><strong>Conseil de supervision et surveillance<\/strong><\/h2>\n\n<figure class=\"wp-block-image size-full is-resized caption-style-medium caption-alignment-center\"><img loading=\"lazy\" decoding=\"async\" width=\"683\" height=\"654\" src=\"https:\/\/www.greenpeace.org\/static\/planet4-mena-stateless\/2025\/06\/1250017c-04.png\" alt=\"\" class=\"wp-image-17333\" style=\"width:296px;height:auto\" srcset=\"https:\/\/www.greenpeace.org\/static\/planet4-mena-stateless\/2025\/06\/1250017c-04.png 683w, https:\/\/www.greenpeace.org\/static\/planet4-mena-stateless\/2025\/06\/1250017c-04-300x287.png 300w, https:\/\/www.greenpeace.org\/static\/planet4-mena-stateless\/2025\/06\/1250017c-04-355x340.png 355w\" sizes=\"auto, (max-width: 683px) 100vw, 683px\" \/><\/figure>\n\n<h3 class=\"wp-block-heading\"><strong>Mohammed ElKhateeb &#8211; Pr\u00e9sident du Conseil de Surveillance<\/strong><\/h3>\n\n<p>Mohammed ElKhateeb est titulaire d\u2018un Master Sciences en Gouvernance environnementale de l&#8217;Universit\u00e9 de Fribourg en Allemagne, et actuellement chercheur&nbsp; en questions tenant sur la politique environnementale de mobilit\u00e9 durable et \u00e0 la r\u00e9silience urbaine.<\/p>\n\n<p>Mohammed est l\u2019auteur du blog \u00abThe SUbMonitor\u00bb qui aborde les questions de mobilit\u00e9 durable, de politique et planification urbaine dans le monde entier, avec un accent particulier sur les transports publics.Mohammed ElKhateeb est chercheur dans le domaine de la mobilit\u00e9 durable. Il est titulaire d\u2019un Master en gouvernance environnementale de l\u2019Universit\u00e9 Albert Ludwig de Fribourg, en Allemagne. Ses principaux centres d\u2019int\u00e9r\u00eat portent sur les modes de transport durables, la politique environnementale et la r\u00e9silience urbaine.<\/p>\n\n<p>Il est \u00e9galement l\u2019auteur d\u2019un blog intitul\u00e9 \u201cThe SUbMonitor\u201d, qui explore la mobilit\u00e9 durable, les politiques publiques et la planification urbaine \u00e0 l\u2019\u00e9chelle mondiale, avec un accent particulier sur les transports en commun.<\/p>\n\n<figure class=\"wp-block-image size-full is-resized\"><img loading=\"lazy\" decoding=\"async\" width=\"683\" height=\"654\" src=\"https:\/\/www.greenpeace.org\/static\/planet4-mena-stateless\/2025\/06\/3e34b894-nadine-03-1.png\" alt=\"\" class=\"wp-image-17343\" style=\"aspect-ratio:1;width:320px;height:auto\" srcset=\"https:\/\/www.greenpeace.org\/static\/planet4-mena-stateless\/2025\/06\/3e34b894-nadine-03-1.png 683w, https:\/\/www.greenpeace.org\/static\/planet4-mena-stateless\/2025\/06\/3e34b894-nadine-03-1-300x287.png 300w, https:\/\/www.greenpeace.org\/static\/planet4-mena-stateless\/2025\/06\/3e34b894-nadine-03-1-355x340.png 355w\" sizes=\"auto, (max-width: 683px) 100vw, 683px\" \/><\/figure>\n\n<h3 class=\"wp-block-heading\"><strong>Nadine Wahab &#8211; Vice-Pr\u00e9sidente du Conseil de Surveillance<\/strong><\/h3>\n\n<p>Nadine Wahab est une leader de la soci\u00e9t\u00e9 civile \u0153uvrant \u00e0 l\u2019intersection de la durabilit\u00e9 environnementale, des droits humains et du plaidoyer politique, avec plus de 25 ans d\u2019exp\u00e9rience. Elle est la fondatrice et directrice d\u2019Eco-Dahab, une initiative bas\u00e9e dans le sud du Sina\u00ef ax\u00e9e sur le d\u00e9veloppement local durable. Sous sa direction, Eco-Dahab a collabor\u00e9 avec les autorit\u00e9s locales et les minist\u00e8res nationaux pour soutenir des initiatives telles que la campagne #PlasticFreeDahab, qui a contribu\u00e9 \u00e0 l\u2019interdiction des plastiques \u00e0 usage unique dans la r\u00e9gion.<\/p>\n\n<p>Wahab est \u00e9galement directrice de Sustainable Network Egypt (SNE), une coalition d\u2019organisations environnementales, d\u2019entreprises sociales et de militants. Elle a coordonn\u00e9 l&#8217;engagement de la soci\u00e9t\u00e9 civile du r\u00e9seau lors de la COP27 et a soutenu les efforts de plaidoyer collectif en faveur du Trait\u00e9 mondial sur les plastiques. \u00c0 la COP27, SNE a organis\u00e9 plus de 60 \u00e9v\u00e9nements dans la Zone Verte. Wahab a \u00e9galement jou\u00e9 un r\u00f4le cl\u00e9 dans CultureCOP ainsi que dans les programmes du Climate Heritage Network \u00e0 Sharm El-Sheikh.<\/p>\n\n<p>Auparavant, elle a dirig\u00e9 le Centre arabe pour la promotion des droits humains et a g\u00e9r\u00e9 le plaidoyer international \u00e0 l\u2019Institut du Caire pour les \u00e9tudes des droits de l\u2019homme. Elle a \u00e9galement \u00e9t\u00e9 directrice adjointe de campagne pour la candidature pr\u00e9sidentielle du Dr Mohamed ElBaradei en 2011, supervisant les op\u00e9rations nationales et la strat\u00e9gie. Elle a travaill\u00e9 \u00e0 Washington D.C. dans des r\u00f4les de communication et de plaidoyer au sein du Rights Working Group et de l\u2019Arab American Institute.<\/p>\n\n<p>Le travail de Wahab a toujours mis l\u2019accent sur la cr\u00e9ation de partenariats intersectoriels et le soutien \u00e0 des approches communautaires des politiques publiques et du plaidoyer. Elle a contribu\u00e9 \u00e0 des publications telles que <em>The Climate Change Primer<\/em>, une ressource destin\u00e9e aux d\u00e9cideurs politiques de la r\u00e9gion MENA. Ses domaines de pr\u00e9dilection incluent l\u2019espace civique, la gouvernance environnementale et le d\u00e9veloppement de mouvements dans des contextes politiques complexes.Vice-Pr\u00e9sidente du Conseil de Surveillance<\/p>\n\n<figure class=\"wp-block-image size-large is-resized\"><img decoding=\"async\" src=\"https:\/\/www.greenpeace.org\/static\/planet4-mena-stateless\/2023\/11\/aea11d74-img-400px.png\" alt=\"\" style=\"aspect-ratio:1;width:263px;height:auto\"\/><\/figure>\n\n<h3 class=\"wp-block-heading\">Mario Stephan &#8211; Membre du Conseil des Fiduciaires<\/h3>\n\n<p>o Stefan est actuellement Responsable de la diversification de la philanthropie et de l\u2019impact au sein de M\u00e9decins Sans Fronti\u00e8res (MSF), bas\u00e9 \u00e0 Gen\u00e8ve, en Suisse.<\/p>\n\n<p>Mario poss\u00e8de une exp\u00e9rience riche et diversifi\u00e9e, allant du travail de terrain \u00e0 des fonctions de direction et de gouvernance, acquise au sein de plusieurs organisations internationales. Tout au long de sa carri\u00e8re, il a v\u00e9cu et exerc\u00e9 ses fonctions en R\u00e9publique d\u00e9mocratique du Congo, au Kenya, en Afghanistan, en Somalie, en \u00c9gypte et aux \u00c9mirats arabes unis. Il a \u00e9galement occup\u00e9 des postes r\u00e9gionaux couvrant l\u2019Afrique de l\u2019Est et australe, la r\u00e9gion MENA et les pays du Golfe (CCG). Mario vit et travaille dans la r\u00e9gion MENA\/GCC depuis 28 ans.<\/p>\n\n<p>Avant sa nomination actuelle chez Greenpeace MENA, Mario Stefan a occup\u00e9 plusieurs fonctions de gouvernance, notamment en tant que secr\u00e9taire du conseil d&#8217;administration de M\u00e9decins Sans Fronti\u00e8res Belgique et pr\u00e9sident de l&#8217;International NGO Safety Organisation (INSO). Il a \u00e9galement si\u00e9g\u00e9 au sein de conseils consultatifs d\u2019universit\u00e9s et de fondations du Golfe, contribuant \u00e0 renforcer les liens entre ces institutions et le secteur de l\u2019aide humanitaire. Il si\u00e8ge toujours au conseil consultatif du Master en Affaires Internationales (MAIA) de l\u2019American University in Dubai (AUD).<\/p>\n\n<p>Mario parle couramment l\u2019arabe, l\u2019anglais, le fran\u00e7ais et l\u2019espagnol. Il est titulaire d\u2019un Master en management et administration des affaires de la KEDGE Business School (Bordeaux, France), d\u2019une accr\u00e9ditation de formateur professionnel du \u201cChartered Institute of Environmental Health\u201d (Londres, Royaume-Uni), ainsi que d\u2019une accr\u00e9ditation de mentor au niveau Senior Practitioner d\u00e9livr\u00e9e par l\u2019European Mentoring and Coaching Council (EMCC).&nbsp;<\/p>\n\n<p>Il est r\u00e9cemment membre du corps professoral du Master en action humanitaire durable dispens\u00e9 par le DIHAD Humanitarian College (\u00c9mirats arabes unis), en partenariat avec l\u2019Universidad Cat\u00f3lica de Murcia (Espagne). <\/p>\n\n<figure class=\"wp-block-image size-full is-resized\"><img loading=\"lazy\" decoding=\"async\" width=\"683\" height=\"654\" src=\"https:\/\/www.greenpeace.org\/static\/planet4-mena-stateless\/2025\/06\/8299702a-yara-01.png\" alt=\"\" class=\"wp-image-17340\" style=\"aspect-ratio:1;width:338px;height:auto\" srcset=\"https:\/\/www.greenpeace.org\/static\/planet4-mena-stateless\/2025\/06\/8299702a-yara-01.png 683w, https:\/\/www.greenpeace.org\/static\/planet4-mena-stateless\/2025\/06\/8299702a-yara-01-300x287.png 300w, https:\/\/www.greenpeace.org\/static\/planet4-mena-stateless\/2025\/06\/8299702a-yara-01-355x340.png 355w\" sizes=\"auto, (max-width: 683px) 100vw, 683px\" \/><\/figure>\n\n<h3 class=\"wp-block-heading\"><strong>Yara Shawky &#8211; Responsable de la Conformit\u00e9<\/strong><\/h3>\n\n<p>Yara Shawky est une chercheuse exp\u00e9riment\u00e9e et une professionnelle de la soci\u00e9t\u00e9 civile, avec plus de 20 ans d\u2019exp\u00e9rience. Elle a collabor\u00e9 avec des organisations internationales, des bailleurs de fonds et des financeurs pour renforcer la r\u00e9silience des organisations de la soci\u00e9t\u00e9 civile en \u00c9gypte, dans la r\u00e9gion MENA et \u00e0 l\u2019\u00e9chelle globale. Elle a travaill\u00e9 aux c\u00f4t\u00e9s d\u2019organisations telles que le HCR, Save the Children et le PNUD, en mettant l\u2019accent sur la participation des jeunes, l\u2019inclusion de genre et les programmes de d\u00e9veloppement.<\/p>\n\n<p>Dans ses r\u00f4les r\u00e9cents \u00e0 la Ford Foundation, les efforts de Yara ont \u00e9t\u00e9 centr\u00e9s sur la justice sociale, l\u2019espace civique, les droits num\u00e9riques et la justice climatique. En tant que g\u00e9n\u00e9raliste ayant \u0153uvr\u00e9 sur des th\u00e9matiques et dans des domaines vari\u00e9s, Yara apporte une expertise technique approfondie en d\u00e9veloppement de strat\u00e9gies, en analyse des politiques et des contextes, en gestion de programmes et de projets, ainsi qu\u2019en renforcement des capacit\u00e9s institutionnelles des organisations de la soci\u00e9t\u00e9 civile.<\/p>\n\n<p>Titulaire de dipl\u00f4mes en sciences politiques, droits de l\u2019homme et d\u00e9mocratisation, ainsi qu\u2019en politique publique, Yara est \u00e9galement Senior Fellow du programme Atlantic Fellows for Social and Economic Equity (AFSEE), o\u00f9 ses recherches se concentrent sur les d\u00e9fis li\u00e9s \u00e0 la conception de programmes d\u2019entrepreneuriat, notamment ceux li\u00e9s \u00e0 l\u2019entrepreneuriat num\u00e9rique et aux start-ups \u00e9cologiques.<\/p>\n\n<figure class=\"wp-block-image size-full is-resized\"><img loading=\"lazy\" decoding=\"async\" width=\"683\" height=\"654\" src=\"https:\/\/www.greenpeace.org\/static\/planet4-mena-stateless\/2025\/06\/5281f403-hala-02-1.png\" alt=\"\" class=\"wp-image-17337\" style=\"aspect-ratio:1;width:299px;height:auto\" srcset=\"https:\/\/www.greenpeace.org\/static\/planet4-mena-stateless\/2025\/06\/5281f403-hala-02-1.png 683w, https:\/\/www.greenpeace.org\/static\/planet4-mena-stateless\/2025\/06\/5281f403-hala-02-1-300x287.png 300w, https:\/\/www.greenpeace.org\/static\/planet4-mena-stateless\/2025\/06\/5281f403-hala-02-1-355x340.png 355w\" sizes=\"auto, (max-width: 683px) 100vw, 683px\" \/><\/figure>\n\n<h3 class=\"wp-block-heading\"><strong>Hala Kawzally &#8211; Tr\u00e9sori\u00e8re<\/strong><\/h3>\n\n<p>Hala Kawzally est une conseill\u00e8re financi\u00e8re exp\u00e9riment\u00e9e, avec plus de 30 ans d\u2019exp\u00e9rience dans les secteurs bancaires, des investissements et du d\u00e9veloppement des affaires. En tant que conseill\u00e8re financi\u00e8re certifi\u00e9e par le Chartered Institute for Securities &amp; Investment du Royaume-Uni, elle a fond\u00e9 Timeless, une soci\u00e9t\u00e9 de conseil sp\u00e9cialis\u00e9e dans la litt\u00e9ratie financi\u00e8re, le conseil aux entreprises et les programmes de formation en leadership, en collaboration avec des organisations internationales telles que l&#8217;ONUDI et l&#8217;ESFD.&nbsp;<\/p>\n\n<p>Au cours de sa carri\u00e8re, Hala a soutenu de nombreux entrepreneurs et entreprises gr\u00e2ce \u00e0 des programmes sur mesure, ax\u00e9s sur le bien-\u00eatre financier, la gestion de patrimoine et la restructuration organisationnelle. Son exp\u00e9rience en leadership inclut des postes tels que Directrice Ex\u00e9cutive chez HSBC, Directrice G\u00e9n\u00e9rale d&#8217;Abido, un producteur r\u00e9put\u00e9 d&#8217;\u00e9pices, et plus r\u00e9cemment, Directrice G\u00e9n\u00e9rale et propri\u00e9taire de GALI, une agence commerciale sp\u00e9cialis\u00e9e dans les produits alimentaires du Moyen-Orient.<\/p>\n\n<p>En tant que tr\u00e9sori\u00e8re de Greenpeace MENA et membre actif de MELA et LLWB, Hala d\u00e9fend le d\u00e9veloppement durable et l&#8217;\u00e9ducation financi\u00e8re dans la r\u00e9gion. Titulaire de deux ma\u00eetrises en Finance et Comptabilit\u00e9, ainsi qu\u2019en Marketing et Management, elle est r\u00e9solument engag\u00e9e \u00e0 promouvoir la litt\u00e9ratie financi\u00e8re, l\u2019excellence en leadership et la croissance durable.<\/p>\n\n<h2 class=\"wp-block-heading\"><strong>Conseil ex\u00e9cutif<\/strong><\/h2>\n\n<p>Le Conseil ex\u00e9cutif est compos\u00e9 du directeur ex\u00e9cutif, charg\u00e9 de diriger avec efficacit\u00e9, de d\u00e9finir la vision et l\u2019orientation strat\u00e9gique, ainsi que de superviser les op\u00e9rations quotidiennes de notre organisation r\u00e9gionale.<\/p>\n\n<figure class=\"wp-block-image size-medium\"><img loading=\"lazy\" decoding=\"async\" width=\"300\" height=\"287\" src=\"https:\/\/www.greenpeace.org\/static\/planet4-mena-stateless\/2022\/10\/815b6831-ghiwa-300x287.png\" alt=\"\" class=\"wp-image-10734\" srcset=\"https:\/\/www.greenpeace.org\/static\/planet4-mena-stateless\/2022\/10\/815b6831-ghiwa-300x287.png 300w, https:\/\/www.greenpeace.org\/static\/planet4-mena-stateless\/2022\/10\/815b6831-ghiwa-355x340.png 355w, https:\/\/www.greenpeace.org\/static\/planet4-mena-stateless\/2022\/10\/815b6831-ghiwa.png 683w\" sizes=\"auto, (max-width: 300px) 100vw, 300px\" \/><\/figure>\n\n<h3 class=\"wp-block-heading\"><b>Ghiwa Nakat &#8211; Directrice ex\u00e9cutive<\/b><\/h3>\n\n<p class=\"p1\">Ghiwa Nakat a \u00e9t\u00e9 \u00e0 l&#8217;avant-garde du d\u00e9veloppement et de l&#8217;expansion de Greenpeace MENA, contribuant \u00e0 faire de l&#8217;organisation un acteur incontournable d&#8217;un mouvement environnemental dynamique, o\u00f9 l&#8217;urgence climatique et la transition \u00e9nerg\u00e9tique juste occupent une place centrale. Elle est d\u00e9termin\u00e9e \u00e0 provoquer un v\u00e9ritable changement et a constitu\u00e9 une \u00e9quipe passionn\u00e9e et diversifi\u00e9e, refl\u00e9tant la richesse et la diversit\u00e9 de cette r\u00e9gion.<\/p>\n\n<p>Apr\u00e8s avoir \u00e9tudi\u00e9 le g\u00e9nie agricole \u00e0 l&#8217;Universit\u00e9 Am\u00e9ricaine de Beyrouth, Ghiwa a obtenu un MBA \u00e0 l\u2019Universit\u00e9 Paris-Dauphine. Membre du conseil consultatif de WAAUB, elle est d\u00e9termin\u00e9e \u00e0 soutenir les communaut\u00e9s de la r\u00e9gion MENA en leur offrant des solutions durables et un soutien concret.<\/p>\n\n<p>En tant que leader d&#8217;entreprise, elle a consacr\u00e9 pr\u00e8s de vingt ans \u00e0 inspirer et motiver les organisations pour les aider \u00e0 d\u00e9velopper leurs visions ambitieuses et \u00e0 les concr\u00e9tiser<\/p>\n\n<p>Dans le secteur agricole, elle a travaill\u00e9 dans toute la r\u00e9gion MENA pour utiliser son expertise afin de r\u00e9soudre les probl\u00e8mes agricoles et environnementaux rencontr\u00e9s par les agriculteurs. Premi\u00e8re femme agronome dans son entreprise, elle a adopt\u00e9 une approche nouvelle pour cr\u00e9er des relations solides avec les cultivateurs et les aider \u00e0 innover et \u00e0 d\u00e9velopper leurs ambitions.<\/p>\n\n<p class=\"p1\">Son parcours d&#8217;\u00e9cologiste de longue date l\u2019a plac\u00e9e en premi\u00e8re ligne face aux effets du changement climatique, o\u00f9 elle a observ\u00e9 les communaut\u00e9s les plus vuln\u00e9rables souffrir des cons\u00e9quences directes de la crise climatique et de la pollution. Elle est d\u00e9termin\u00e9e \u00e0 leur fournir le soutien et les solutions indispensables pour les aider \u00e0 s&#8217;adapter.<\/p>\n","protected":false},"excerpt":{"rendered":"<p>Greenpeace MENA fait partie du r\u00e9seau Greenpeace, qui regroupe 28 organisations nationales\/r\u00e9gionales ind\u00e9pendantes r\u00e9parties dans plus de 56 pays d\u2019Europe, d\u2019Am\u00e9rique, d\u2019Afrique, d\u2019Asie et du Pacifique, ainsi qu&#8217;un organisme de coordination, Greenpeace International. Greenpeace MENA accordera la priorit\u00e9 aux probl\u00e8mes environnementaux de cette r\u00e9gion importante, en proposant des solutions pour ses habitants et en travaillant main dans la main avec les communaut\u00e9s locales afin de promouvoir un monde plus vert et plus pacifique. Nous d\u00e9fendons nos soci\u00e9t\u00e9s partout dans le monde et nous demandons des comptes aux \u00c9tats et aux entreprises.\u00a0Que ce soit sur les routes, dans les rues ou dans les urnes d\u2019\u00e9lection, nous avons l\u2019initiative lorsque nous travaillons main dans la main.<\/p>\n","protected":false},"author":8,"featured_media":5026,"parent":0,"menu_order":0,"comment_status":"closed","ping_status":"closed","template":"page-templates\/evergreen.php","meta":{"_planet4_optimize_post_is_variant":false,"_planet4_optimize_experiment_name":"","_planet4_optimize_variant_name":"","ep_exclude_from_search":false,"p4_hide_page_title_checkbox":"on","p4_title":"","p4_subtitle":"","p4_description":"","background_image_id":"","background_image":"","p4_button_title":"","p4_button_link":"","p4_button_link_checkbox":"","p4_og_title":"","p4_og_description":"","p4_og_image":"","p4_og_image_id":"","p4_seo_canonical_url":"","p4_campaign_name":"not set","p4_local_project":"not set","p4_basket_name":"not set","p4_department":"","footnotes":""},"categories":[],"tags":[54,100],"class_list":["post-5024","page","type-page","status-publish","has-post-thumbnail","hentry","tag-_","tag-100"],"_links":{"self":[{"href":"https:\/\/www.greenpeace.org\/mena\/fr\/wp-json\/wp\/v2\/pages\/5024","targetHints":{"allow":["GET"]}}],"collection":[{"href":"https:\/\/www.greenpeace.org\/mena\/fr\/wp-json\/wp\/v2\/pages"}],"about":[{"href":"https:\/\/www.greenpeace.org\/mena\/fr\/wp-json\/wp\/v2\/types\/page"}],"author":[{"embeddable":true,"href":"https:\/\/www.greenpeace.org\/mena\/fr\/wp-json\/wp\/v2\/users\/8"}],"replies":[{"embeddable":true,"href":"https:\/\/www.greenpeace.org\/mena\/fr\/wp-json\/wp\/v2\/comments?post=5024"}],"version-history":[{"count":19,"href":"https:\/\/www.greenpeace.org\/mena\/fr\/wp-json\/wp\/v2\/pages\/5024\/revisions"}],"predecessor-version":[{"id":18273,"href":"https:\/\/www.greenpeace.org\/mena\/fr\/wp-json\/wp\/v2\/pages\/5024\/revisions\/18273"}],"wp:featuredmedia":[{"embeddable":true,"href":"https:\/\/www.greenpeace.org\/mena\/fr\/wp-json\/wp\/v2\/media\/5026"}],"wp:attachment":[{"href":"https:\/\/www.greenpeace.org\/mena\/fr\/wp-json\/wp\/v2\/media?parent=5024"}],"wp:term":[{"taxonomy":"category","embeddable":true,"href":"https:\/\/www.greenpeace.org\/mena\/fr\/wp-json\/wp\/v2\/categories?post=5024"},{"taxonomy":"post_tag","embeddable":true,"href":"https:\/\/www.greenpeace.org\/mena\/fr\/wp-json\/wp\/v2\/tags?post=5024"}],"curies":[{"name":"wp","href":"https:\/\/api.w.org\/{rel}","templated":true}]}}