{"id":6200,"date":"2020-01-17T12:42:27","date_gmt":"2020-01-17T09:42:27","guid":{"rendered":"https:\/\/www.greenpeace.org\/mena\/agissez\/sawt\/"},"modified":"2025-06-23T12:41:17","modified_gmt":"2025-06-23T09:41:17","slug":"sawt","status":"publish","type":"page","link":"https:\/\/www.greenpeace.org\/mena\/fr\/agissez\/sawt\/","title":{"rendered":"Notre voix- SAWT"},"content":{"rendered":"\n                \n                <div class=\"wp-block-group alignfull is-layout-flow wp-block-group-is-layout-flow\">\n                \n                <div class=\"wp-block-group container is-layout-flow wp-block-group-is-layout-flow\">\n                \n                <div class=\"wp-block-media-text alignfull has-media-on-the-right is-stacked-on-mobile is-pattern-p4-page-header is-style-parallax\">\n\n                <div class=\"wp-block-media-text__content\">\n                    <div class=\"wp-block-group is-layout-flow wp-block-group-is-layout-flow\">\n                    \n                        <h1 class=\"wp-block-heading has-white-background-color has-background\">\n                            Notre voix- SAWT\n                        <\/h1>\n                    <\/div>\n                \n\n                \n\n                \n\n                <\/div>\n                <figure class=\"wp-block-media-text__media\">\n                    <img loading=\"lazy\" decoding=\"async\" width=\"700\" height=\"467\"\n                        src=\"https:\/\/www.greenpeace.org\/static\/planet4-mena-stateless\/2020\/01\/c659fe5a-act-1.png\"\n                        alt=\"\"\n                        sizes=\"auto, (min-width: 601px) 50vw, 100vw\" srcset=\"https:\/\/www.greenpeace.org\/static\/planet4-mena-stateless\/2020\/01\/c659fe5a-act-1.png 700w, https:\/\/www.greenpeace.org\/static\/planet4-mena-stateless\/2020\/01\/c659fe5a-act-1-300x200.png 300w, https:\/\/www.greenpeace.org\/static\/planet4-mena-stateless\/2020\/01\/c659fe5a-act-1-510x340.png 510w\" class=\"wp-image-6208 size-full\"\n                    \/>\n                <\/figure>\n                <\/div>\n                \n                <\/div>\n                \n                <\/div>\n                \n                \n<p class=\"has-medium-font-size\">Vous \u00eates nombreux \u00e0 nous contacter r\u00e9guli\u00e8rement pour nous informer des enjeux environnementaux dans vos villes, quartiers, \u00e9coles ou pays. On nous demande souvent d&#8217;aider \u00e0 r\u00e9soudre ces probl\u00e8mes. Maintenant, la solution est entre vos mains !<\/p>\n\n<p class=\"has-medium-font-size\">Nous disposons maintenant de SAWT, la premi\u00e8re plateforme d\u00e9di\u00e9e au lancement de campagnes environnementales dans la r\u00e9gion MENA. En quelques \u00e9tapes simples et faciles, vous pouvez cr\u00e9er un compte SAWT, lancer une campagne num\u00e9rique, recueillir des signatures, contacter des supporters et faire entendre votre voix aupr\u00e8s des personnes au pouvoir.<br><\/p>\n\n<figure class=\"wp-block-embed-youtube wp-block-embed is-type-video is-provider-youtube wp-embed-aspect-16-9 wp-has-aspect-ratio\"><div class=\"wp-block-embed__wrapper\">\n<lite-youtube style=\"background-image: url('https:\/\/i.ytimg.com\/vi\/5wkO052lMvk\/hqdefault.jpg');\" videoid=\"5wkO052lMvk\" params=\"rel=0\"><\/lite-youtube>\n<\/div><\/figure>\n\n<hr class=\"wp-block-separator\"\/>\n\n<p class=\"has-medium-font-size\">Nous ne vous laisserons pas seuls. Nous sommes l\u00e0 pour soutenir vos campagnes et nous ne m\u00e9nagerons aucun effort pour faire entendre votre voix aupr\u00e8s des m\u00e9dias et des d\u00e9cideurs.<\/p>\n\n<div class=\"wp-block-button\"><a class=\"wp-block-button__link\" href=\"https:\/\/act.gp\/36bWAQY\">lancez votre campagne maintenant!<\/a><\/div>\n\n<div class=\"wp-block-button\"><a class=\"wp-block-button__link\" href=\"https:\/\/act.gp\/2RCs25x\"> plus d\u2019informations sur SAWT<\/a><\/div>\n","protected":false},"excerpt":{"rendered":"<p>\u00cates-vous pr\u00e9occup\u00e9 par un probl\u00e8me environnemental ? La solution est dor\u00e9navant entre vos mains!<\/p>\n","protected":false},"author":8,"featured_media":6208,"parent":4281,"menu_order":0,"comment_status":"closed","ping_status":"closed","template":"","meta":{"_planet4_optimize_post_is_variant":false,"_planet4_optimize_experiment_name":"","_planet4_optimize_variant_name":"","ep_exclude_from_search":false,"p4_hide_page_title_checkbox":"on","p4_title":"","p4_subtitle":"","p4_description":"","background_image_id":"","background_image":"","p4_button_title":"","p4_button_link":"","p4_button_link_checkbox":"","p4_og_title":"","p4_og_description":"","p4_og_image":"","p4_og_image_id":"","p4_seo_canonical_url":"","p4_campaign_name":"not set","p4_local_project":"","p4_basket_name":"not set","p4_department":"","footnotes":""},"categories":[],"tags":[169],"class_list":["post-6200","page","type-page","status-publish","has-post-thumbnail","hentry","tag-aboutus-fr"],"yoast_head":"<!-- This site is optimized with the Yoast SEO Premium plugin v23.9 (Yoast SEO v23.9) - https:\/\/yoast.com\/wordpress\/plugins\/seo\/ -->\n<title>Notre voix- SAWT - Greenpeace Moyen Orient et Afrique du Nord<\/title>\n<meta name=\"robots\" content=\"index, follow, max-snippet:-1, max-image-preview:large, max-video-preview:-1\" \/>\n<link rel=\"canonical\" href=\"http:\/\/www.greenpeace.org\/mena\/ar\/\u062a\u062d\u0631\u0651\u0643\/sawt\/\" \/>\n<meta property=\"og:locale\" content=\"fr_FR\" \/>\n<meta property=\"og:type\" content=\"article\" \/>\n<meta property=\"og:title\" content=\"Notre voix- SAWT\" \/>\n<meta property=\"og:description\" content=\"\u00cates-vous pr\u00e9occup\u00e9 par un probl\u00e8me environnemental ? La solution est dor\u00e9navant entre vos mains!\" \/>\n<meta property=\"og:url\" content=\"http:\/\/www.greenpeace.org\/mena\/ar\/\u062a\u062d\u0631\u0651\u0643\/sawt\/\" \/>\n<meta property=\"og:site_name\" content=\"Greenpeace Moyen Orient et Afrique du Nord\" \/>\n<meta property=\"article:publisher\" content=\"https:\/\/www.facebook.com\/GreenpeaceAR\" \/>\n<meta property=\"article:modified_time\" content=\"2025-06-23T09:41:17+00:00\" \/>\n<meta property=\"og:image\" content=\"https:\/\/www.greenpeace.org\/static\/planet4-mena-stateless\/2020\/01\/c659fe5a-act-1.png\" \/>\n\t<meta property=\"og:image:width\" content=\"700\" \/>\n\t<meta property=\"og:image:height\" content=\"467\" \/>\n\t<meta property=\"og:image:type\" content=\"image\/png\" \/>\n<meta name=\"twitter:card\" content=\"summary_large_image\" \/>\n<meta name=\"twitter:site\" content=\"@GreenpeaceAR\" \/>\n<meta name=\"twitter:label1\" content=\"Est. reading time\" \/>\n\t<meta name=\"twitter:data1\" content=\"1 minute\" \/>\n<script type=\"application\/ld+json\" class=\"yoast-schema-graph\">{\"@context\":\"https:\/\/schema.org\",\"@graph\":[{\"@type\":\"WebPage\",\"@id\":\"http:\/\/www.greenpeace.org\/mena\/ar\/%d8%aa%d8%ad%d8%b1%d9%91%d9%83\/sawt\/\",\"url\":\"http:\/\/www.greenpeace.org\/mena\/ar\/%d8%aa%d8%ad%d8%b1%d9%91%d9%83\/sawt\/\",\"name\":\"Notre voix- SAWT - Greenpeace Moyen Orient et Afrique du Nord\",\"isPartOf\":{\"@id\":\"https:\/\/www.greenpeace.org\/mena\/ar\/#website\"},\"primaryImageOfPage\":{\"@id\":\"http:\/\/www.greenpeace.org\/mena\/ar\/%d8%aa%d8%ad%d8%b1%d9%91%d9%83\/sawt\/#primaryimage\"},\"image\":{\"@id\":\"http:\/\/www.greenpeace.org\/mena\/ar\/%d8%aa%d8%ad%d8%b1%d9%91%d9%83\/sawt\/#primaryimage\"},\"thumbnailUrl\":\"https:\/\/www.greenpeace.org\/static\/planet4-mena-stateless\/2020\/01\/c659fe5a-act-1.png\",\"datePublished\":\"2020-01-17T09:42:27+00:00\",\"dateModified\":\"2025-06-23T09:41:17+00:00\",\"breadcrumb\":{\"@id\":\"http:\/\/www.greenpeace.org\/mena\/ar\/%d8%aa%d8%ad%d8%b1%d9%91%d9%83\/sawt\/#breadcrumb\"},\"inLanguage\":\"fr\",\"potentialAction\":[{\"@type\":\"ReadAction\",\"target\":[\"http:\/\/www.greenpeace.org\/mena\/ar\/%d8%aa%d8%ad%d8%b1%d9%91%d9%83\/sawt\/\"]}]},{\"@type\":\"ImageObject\",\"inLanguage\":\"fr\",\"@id\":\"http:\/\/www.greenpeace.org\/mena\/ar\/%d8%aa%d8%ad%d8%b1%d9%91%d9%83\/sawt\/#primaryimage\",\"url\":\"https:\/\/www.greenpeace.org\/static\/planet4-mena-stateless\/2020\/01\/c659fe5a-act-1.png\",\"contentUrl\":\"https:\/\/www.greenpeace.org\/static\/planet4-mena-stateless\/2020\/01\/c659fe5a-act-1.png\",\"width\":700,\"height\":467},{\"@type\":\"BreadcrumbList\",\"@id\":\"http:\/\/www.greenpeace.org\/mena\/ar\/%d8%aa%d8%ad%d8%b1%d9%91%d9%83\/sawt\/#breadcrumb\",\"itemListElement\":[{\"@type\":\"ListItem\",\"position\":1,\"name\":\"Home\",\"item\":\"https:\/\/www.greenpeace.org\/mena\/fr\/\"},{\"@type\":\"ListItem\",\"position\":2,\"name\":\"Agir\",\"item\":\"http:\/\/www.greenpeace.org\/mena\/ar\/%d8%aa%d8%ad%d8%b1%d9%91%d9%83\/\"},{\"@type\":\"ListItem\",\"position\":3,\"name\":\"Notre voix- SAWT\"}]},{\"@type\":\"WebSite\",\"@id\":\"https:\/\/www.greenpeace.org\/mena\/ar\/#website\",\"url\":\"https:\/\/www.greenpeace.org\/mena\/ar\/\",\"name\":\"\u063a\u0631\u064a\u0646\u0628\u064a\u0633 \u0627\u0644\u0634\u0631\u0642 \u0627\u0644\u0623\u0648\u0633\u0637 \u0648\u0634\u0645\u0627\u0644 \u0623\u0641\u0631\u064a\u0642\u064a\u0627\",\"description\":\"Greenpeace MENA fait partie du r\u00e9seau Greenpeace, qui regroupe 28 organisations nationales\/r\u00e9gionales ind\u00e9pendantes r\u00e9parties dans plus de 56 pays d\u2019Europe, d\u2019Am\u00e9rique, d\u2019Afrique, d\u2019Asie et du Pacifique, ainsi qu\u2019un organisme de coordination, Greenpeace International.\",\"publisher\":{\"@id\":\"https:\/\/www.greenpeace.org\/mena\/ar\/#organization\"},\"potentialAction\":[{\"@type\":\"SearchAction\",\"target\":{\"@type\":\"EntryPoint\",\"urlTemplate\":\"https:\/\/www.greenpeace.org\/mena\/ar\/?s={search_term_string}\"},\"query-input\":{\"@type\":\"PropertyValueSpecification\",\"valueRequired\":true,\"valueName\":\"search_term_string\"}}],\"inLanguage\":\"fr\"},{\"@type\":\"Organization\",\"@id\":\"https:\/\/www.greenpeace.org\/mena\/ar\/#organization\",\"name\":\"\u063a\u0631\u064a\u0646\u0628\u064a\u0633 \u0627\u0644\u0634\u0631\u0642 \u0627\u0644\u0623\u0648\u0633\u0637 \u0648\u0634\u0645\u0627\u0644 \u0623\u0641\u0631\u064a\u0642\u064a\u0627\",\"url\":\"https:\/\/www.greenpeace.org\/mena\/ar\/\",\"logo\":{\"@type\":\"ImageObject\",\"inLanguage\":\"fr\",\"@id\":\"https:\/\/www.greenpeace.org\/mena\/ar\/#\/schema\/logo\/image\/\",\"url\":\"https:\/\/www.greenpeace.org\/static\/planet4-mena-stateless\/2026\/04\/10c28f45-logo_on_twitter.jpg\",\"contentUrl\":\"https:\/\/www.greenpeace.org\/static\/planet4-mena-stateless\/2026\/04\/10c28f45-logo_on_twitter.jpg\",\"width\":250,\"height\":250,\"caption\":\"\u063a\u0631\u064a\u0646\u0628\u064a\u0633 \u0627\u0644\u0634\u0631\u0642 \u0627\u0644\u0623\u0648\u0633\u0637 \u0648\u0634\u0645\u0627\u0644 \u0623\u0641\u0631\u064a\u0642\u064a\u0627\"},\"image\":{\"@id\":\"https:\/\/www.greenpeace.org\/mena\/ar\/#\/schema\/logo\/image\/\"},\"sameAs\":[\"https:\/\/www.facebook.com\/GreenpeaceAR\",\"https:\/\/x.com\/GreenpeaceAR\",\"https:\/\/www.instagram.com\/GreenpeaceAR\",\"https:\/\/www.tiktok.com\/@GreenpeaceAR\",\"https:\/\/www.youtube.com\/@Greenpeacear\"],\"description\":\"\u062a\u0623\u0633\u0651\u0633\u062a \u0645\u0646\u0638\u0651\u0645\u0629 \u063a\u0631\u064a\u0646\u0628\u064a\u0633 \u0627\u0644\u0634\u0631\u0642 \u0627\u0644\u0623\u0648\u0633\u0637 \u0648\u0634\u0645\u0627\u0644 \u0623\u0641\u0631\u064a\u0642\u064a\u0627 \u0641\u064a \u0627\u0644\u0639\u0627\u0645 2018 \u0644\u0644\u062a\u0635\u062f\u0651\u064a \u0644\u0644\u062a\u062d\u062f\u064a\u0627\u062a \u0627\u0644\u0628\u064a\u0626\u064a\u0629 \u0648\u0627\u0644\u0645\u0646\u0627\u062e\u064a\u0629 \u0627\u0644\u0645\u0639\u0642\u0651\u062f\u0629 \u0648\u0627\u0644\u0641\u0631\u064a\u062f\u0629 \u0627\u0644\u062a\u064a \u062a\u0648\u0627\u062c\u0647 \u0645\u0646\u0637\u0642\u062a\u0646\u0627\u060c \u0648\u0628\u0645\u0627 \u0623\u0646\u0651\u0646\u0627 \u0645\u0646\u0638\u0645\u0629 \u063a\u064a\u0631 \u0631\u0628\u062d\u064a\u0629 \u0645\u0633\u062a\u0642\u0644\u0651\u0629 \u062a\u0645\u0627\u0645\u064b\u0627 \u0633\u064a\u0627\u0633\u064a\u064b\u0627 \u0648\u0645\u0627\u0644\u064a\u064b\u0627\u060c \u0646\u0643\u0631\u0651\u0633 \u062c\u0647\u0648\u062f\u0646\u0627 \u0644\u062a\u0645\u0643\u064a\u0646 \u0627\u0644\u0645\u062c\u062a\u0645\u0639\u0627\u062a \u0627\u0644\u0645\u062d\u0644\u0651\u064a\u0629 \u0648\u0627\u0644\u062a\u0639\u0627\u0648\u0646 \u0645\u0639 \u062d\u0644\u0641\u0627\u0626\u0646\u0627 \u0644\u062a\u0637\u0648\u064a\u0631 \u062d\u0644\u0648\u0644 \u0645\u0628\u062a\u0643\u0631\u0629 \u0648\u0639\u0645\u0644\u064a\u0651\u0629 \u062a\u0633\u0627\u0639\u062f \u0627\u0644\u0623\u0641\u0631\u0627\u062f \u0639\u0644\u0649 \u0627\u0644\u0639\u064a\u0634 \u0641\u064a \u0627\u0646\u0633\u062c\u0627\u0645\u064d \u0645\u0639 \u0627\u0644\u0628\u064a\u0626\u0629.\",\"email\":\"info.arabic@greenpeace.org\",\"telephone\":\"+31 (06) 45712741\",\"legalName\":\"Stichting Greenpeace MENA\",\"foundingDate\":\"2018-07-18\",\"vatID\":\"859020046\",\"taxID\":\"859020046\",\"numberOfEmployees\":{\"@type\":\"QuantitativeValue\",\"minValue\":\"11\",\"maxValue\":\"50\"}}]}<\/script>\n<!-- \/ Yoast SEO Premium plugin. -->","yoast_head_json":{"title":"Notre voix- SAWT - Greenpeace Moyen Orient et Afrique du Nord","robots":{"index":"index","follow":"follow","max-snippet":"max-snippet:-1","max-image-preview":"max-image-preview:large","max-video-preview":"max-video-preview:-1"},"canonical":"http:\/\/www.greenpeace.org\/mena\/ar\/\u062a\u062d\u0631\u0651\u0643\/sawt\/","og_locale":"fr_FR","og_type":"article","og_title":"Notre voix- SAWT","og_description":"\u00cates-vous pr\u00e9occup\u00e9 par un probl\u00e8me environnemental ? La solution est dor\u00e9navant entre vos mains!","og_url":"http:\/\/www.greenpeace.org\/mena\/ar\/\u062a\u062d\u0631\u0651\u0643\/sawt\/","og_site_name":"Greenpeace Moyen Orient et Afrique du Nord","article_publisher":"https:\/\/www.facebook.com\/GreenpeaceAR","article_modified_time":"2025-06-23T09:41:17+00:00","og_image":[{"width":700,"height":467,"url":"https:\/\/www.greenpeace.org\/static\/planet4-mena-stateless\/2020\/01\/c659fe5a-act-1.png","type":"image\/png"}],"twitter_card":"summary_large_image","twitter_site":"@GreenpeaceAR","twitter_misc":{"Est. reading time":"1 minute"},"schema":{"@context":"https:\/\/schema.org","@graph":[{"@type":"WebPage","@id":"http:\/\/www.greenpeace.org\/mena\/ar\/%d8%aa%d8%ad%d8%b1%d9%91%d9%83\/sawt\/","url":"http:\/\/www.greenpeace.org\/mena\/ar\/%d8%aa%d8%ad%d8%b1%d9%91%d9%83\/sawt\/","name":"Notre voix- SAWT - Greenpeace Moyen Orient et Afrique du Nord","isPartOf":{"@id":"https:\/\/www.greenpeace.org\/mena\/ar\/#website"},"primaryImageOfPage":{"@id":"http:\/\/www.greenpeace.org\/mena\/ar\/%d8%aa%d8%ad%d8%b1%d9%91%d9%83\/sawt\/#primaryimage"},"image":{"@id":"http:\/\/www.greenpeace.org\/mena\/ar\/%d8%aa%d8%ad%d8%b1%d9%91%d9%83\/sawt\/#primaryimage"},"thumbnailUrl":"https:\/\/www.greenpeace.org\/static\/planet4-mena-stateless\/2020\/01\/c659fe5a-act-1.png","datePublished":"2020-01-17T09:42:27+00:00","dateModified":"2025-06-23T09:41:17+00:00","breadcrumb":{"@id":"http:\/\/www.greenpeace.org\/mena\/ar\/%d8%aa%d8%ad%d8%b1%d9%91%d9%83\/sawt\/#breadcrumb"},"inLanguage":"fr","potentialAction":[{"@type":"ReadAction","target":["http:\/\/www.greenpeace.org\/mena\/ar\/%d8%aa%d8%ad%d8%b1%d9%91%d9%83\/sawt\/"]}]},{"@type":"ImageObject","inLanguage":"fr","@id":"http:\/\/www.greenpeace.org\/mena\/ar\/%d8%aa%d8%ad%d8%b1%d9%91%d9%83\/sawt\/#primaryimage","url":"https:\/\/www.greenpeace.org\/static\/planet4-mena-stateless\/2020\/01\/c659fe5a-act-1.png","contentUrl":"https:\/\/www.greenpeace.org\/static\/planet4-mena-stateless\/2020\/01\/c659fe5a-act-1.png","width":700,"height":467},{"@type":"BreadcrumbList","@id":"http:\/\/www.greenpeace.org\/mena\/ar\/%d8%aa%d8%ad%d8%b1%d9%91%d9%83\/sawt\/#breadcrumb","itemListElement":[{"@type":"ListItem","position":1,"name":"Home","item":"https:\/\/www.greenpeace.org\/mena\/fr\/"},{"@type":"ListItem","position":2,"name":"Agir","item":"http:\/\/www.greenpeace.org\/mena\/ar\/%d8%aa%d8%ad%d8%b1%d9%91%d9%83\/"},{"@type":"ListItem","position":3,"name":"Notre voix- SAWT"}]},{"@type":"WebSite","@id":"https:\/\/www.greenpeace.org\/mena\/ar\/#website","url":"https:\/\/www.greenpeace.org\/mena\/ar\/","name":"\u063a\u0631\u064a\u0646\u0628\u064a\u0633 \u0627\u0644\u0634\u0631\u0642 \u0627\u0644\u0623\u0648\u0633\u0637 \u0648\u0634\u0645\u0627\u0644 \u0623\u0641\u0631\u064a\u0642\u064a\u0627","description":"Greenpeace MENA fait partie du r\u00e9seau Greenpeace, qui regroupe 28 organisations nationales\/r\u00e9gionales ind\u00e9pendantes r\u00e9parties dans plus de 56 pays d\u2019Europe, d\u2019Am\u00e9rique, d\u2019Afrique, d\u2019Asie et du Pacifique, ainsi qu\u2019un organisme de coordination, Greenpeace International.","publisher":{"@id":"https:\/\/www.greenpeace.org\/mena\/ar\/#organization"},"potentialAction":[{"@type":"SearchAction","target":{"@type":"EntryPoint","urlTemplate":"https:\/\/www.greenpeace.org\/mena\/ar\/?s={search_term_string}"},"query-input":{"@type":"PropertyValueSpecification","valueRequired":true,"valueName":"search_term_string"}}],"inLanguage":"fr"},{"@type":"Organization","@id":"https:\/\/www.greenpeace.org\/mena\/ar\/#organization","name":"\u063a\u0631\u064a\u0646\u0628\u064a\u0633 \u0627\u0644\u0634\u0631\u0642 \u0627\u0644\u0623\u0648\u0633\u0637 \u0648\u0634\u0645\u0627\u0644 \u0623\u0641\u0631\u064a\u0642\u064a\u0627","url":"https:\/\/www.greenpeace.org\/mena\/ar\/","logo":{"@type":"ImageObject","inLanguage":"fr","@id":"https:\/\/www.greenpeace.org\/mena\/ar\/#\/schema\/logo\/image\/","url":"https:\/\/www.greenpeace.org\/static\/planet4-mena-stateless\/2026\/04\/10c28f45-logo_on_twitter.jpg","contentUrl":"https:\/\/www.greenpeace.org\/static\/planet4-mena-stateless\/2026\/04\/10c28f45-logo_on_twitter.jpg","width":250,"height":250,"caption":"\u063a\u0631\u064a\u0646\u0628\u064a\u0633 \u0627\u0644\u0634\u0631\u0642 \u0627\u0644\u0623\u0648\u0633\u0637 \u0648\u0634\u0645\u0627\u0644 \u0623\u0641\u0631\u064a\u0642\u064a\u0627"},"image":{"@id":"https:\/\/www.greenpeace.org\/mena\/ar\/#\/schema\/logo\/image\/"},"sameAs":["https:\/\/www.facebook.com\/GreenpeaceAR","https:\/\/x.com\/GreenpeaceAR","https:\/\/www.instagram.com\/GreenpeaceAR","https:\/\/www.tiktok.com\/@GreenpeaceAR","https:\/\/www.youtube.com\/@Greenpeacear"],"description":"\u062a\u0623\u0633\u0651\u0633\u062a \u0645\u0646\u0638\u0651\u0645\u0629 \u063a\u0631\u064a\u0646\u0628\u064a\u0633 \u0627\u0644\u0634\u0631\u0642 \u0627\u0644\u0623\u0648\u0633\u0637 \u0648\u0634\u0645\u0627\u0644 \u0623\u0641\u0631\u064a\u0642\u064a\u0627 \u0641\u064a \u0627\u0644\u0639\u0627\u0645 2018 \u0644\u0644\u062a\u0635\u062f\u0651\u064a \u0644\u0644\u062a\u062d\u062f\u064a\u0627\u062a \u0627\u0644\u0628\u064a\u0626\u064a\u0629 \u0648\u0627\u0644\u0645\u0646\u0627\u062e\u064a\u0629 \u0627\u0644\u0645\u0639\u0642\u0651\u062f\u0629 \u0648\u0627\u0644\u0641\u0631\u064a\u062f\u0629 \u0627\u0644\u062a\u064a \u062a\u0648\u0627\u062c\u0647 \u0645\u0646\u0637\u0642\u062a\u0646\u0627\u060c \u0648\u0628\u0645\u0627 \u0623\u0646\u0651\u0646\u0627 \u0645\u0646\u0638\u0645\u0629 \u063a\u064a\u0631 \u0631\u0628\u062d\u064a\u0629 \u0645\u0633\u062a\u0642\u0644\u0651\u0629 \u062a\u0645\u0627\u0645\u064b\u0627 \u0633\u064a\u0627\u0633\u064a\u064b\u0627 \u0648\u0645\u0627\u0644\u064a\u064b\u0627\u060c \u0646\u0643\u0631\u0651\u0633 \u062c\u0647\u0648\u062f\u0646\u0627 \u0644\u062a\u0645\u0643\u064a\u0646 \u0627\u0644\u0645\u062c\u062a\u0645\u0639\u0627\u062a \u0627\u0644\u0645\u062d\u0644\u0651\u064a\u0629 \u0648\u0627\u0644\u062a\u0639\u0627\u0648\u0646 \u0645\u0639 \u062d\u0644\u0641\u0627\u0626\u0646\u0627 \u0644\u062a\u0637\u0648\u064a\u0631 \u062d\u0644\u0648\u0644 \u0645\u0628\u062a\u0643\u0631\u0629 \u0648\u0639\u0645\u0644\u064a\u0651\u0629 \u062a\u0633\u0627\u0639\u062f \u0627\u0644\u0623\u0641\u0631\u0627\u062f \u0639\u0644\u0649 \u0627\u0644\u0639\u064a\u0634 \u0641\u064a \u0627\u0646\u0633\u062c\u0627\u0645\u064d \u0645\u0639 \u0627\u0644\u0628\u064a\u0626\u0629.","email":"info.arabic@greenpeace.org","telephone":"+31 (06) 45712741","legalName":"Stichting Greenpeace MENA","foundingDate":"2018-07-18","vatID":"859020046","taxID":"859020046","numberOfEmployees":{"@type":"QuantitativeValue","minValue":"11","maxValue":"50"}}]}},"_links":{"self":[{"href":"https:\/\/www.greenpeace.org\/mena\/fr\/wp-json\/wp\/v2\/pages\/6200","targetHints":{"allow":["GET"]}}],"collection":[{"href":"https:\/\/www.greenpeace.org\/mena\/fr\/wp-json\/wp\/v2\/pages"}],"about":[{"href":"https:\/\/www.greenpeace.org\/mena\/fr\/wp-json\/wp\/v2\/types\/page"}],"author":[{"embeddable":true,"href":"https:\/\/www.greenpeace.org\/mena\/fr\/wp-json\/wp\/v2\/users\/8"}],"replies":[{"embeddable":true,"href":"https:\/\/www.greenpeace.org\/mena\/fr\/wp-json\/wp\/v2\/comments?post=6200"}],"version-history":[{"count":8,"href":"https:\/\/www.greenpeace.org\/mena\/fr\/wp-json\/wp\/v2\/pages\/6200\/revisions"}],"predecessor-version":[{"id":17071,"href":"https:\/\/www.greenpeace.org\/mena\/fr\/wp-json\/wp\/v2\/pages\/6200\/revisions\/17071"}],"up":[{"embeddable":true,"href":"https:\/\/www.greenpeace.org\/mena\/fr\/wp-json\/wp\/v2\/pages\/4281"}],"wp:featuredmedia":[{"embeddable":true,"href":"https:\/\/www.greenpeace.org\/mena\/fr\/wp-json\/wp\/v2\/media\/6208"}],"wp:attachment":[{"href":"https:\/\/www.greenpeace.org\/mena\/fr\/wp-json\/wp\/v2\/media?parent=6200"}],"wp:term":[{"taxonomy":"category","embeddable":true,"href":"https:\/\/www.greenpeace.org\/mena\/fr\/wp-json\/wp\/v2\/categories?post=6200"},{"taxonomy":"post_tag","embeddable":true,"href":"https:\/\/www.greenpeace.org\/mena\/fr\/wp-json\/wp\/v2\/tags?post=6200"}],"curies":[{"name":"wp","href":"https:\/\/api.w.org\/{rel}","templated":true}]}}