{"id":10198,"date":"2021-05-19T12:28:56","date_gmt":"2021-05-19T17:28:56","guid":{"rendered":"https:\/\/www.greenpeace.org\/mexico\/?page_id=10198"},"modified":"2024-03-26T06:42:28","modified_gmt":"2024-03-26T11:42:28","slug":"aguas-con-el-clima","status":"publish","type":"page","link":"https:\/\/www.greenpeace.org\/mexico\/participa\/aguas-con-el-clima\/","title":{"rendered":"Aguas con el clima"},"content":{"rendered":"\n                    <div class=\"wp-block-group is-vertical is-layout-flex wp-container-core-group-is-layout-8cf370e7 wp-block-group-is-layout-flex\">\n                    \n                                <p>Existe un v\u00ednculo entre el agua y el cambio clim\u00e1tico. En el Valle de M\u00e9xico se necesita avanzar hacia un modelo de agua sostenible, sin generar m\u00e1s emisiones de carbono para traer el agua y sin dejar a otras comunidades sin agua.\r\n \r\nLa distribuci\u00f3n del agua no es equitativa y las personas que m\u00e1s sufren cortes de agua son las de menores ingresos. Es urgente garantizar el acceso al agua de todas y todos. \u00a1Participa!<\/p>\n                            \n\n                    \n                            <div class=\"wp-block-buttons is-layout-flex wp-block-buttons-is-layout-flex\">\n                            <div class=\"wp-block-button\">\n                                <a class=\"wp-block-button__link wp-element-button\" href=\"https:\/\/actua.greenpeace.org.mx\/claudia-sheinbaum-que-la-emergencia-climatica-no-nos-deje-sin-agua?version=clima\" target=\"\" rel=\"noreferrer noopener\">\n                                    Firma la petici\u00f3n\n                                <\/a>\n                            <\/div>\n                            <\/div>\n                            \n                    <\/div>\n                    \n<h3 class=\"wp-block-heading\"><\/h3>\n\n<figure class=\"wp-block-embed is-type-video is-provider-youtube wp-block-embed-youtube wp-embed-aspect-16-9 wp-has-aspect-ratio\"><div class=\"wp-block-embed__wrapper\">\n<lite-youtube style=\"background-image: url('https:\/\/i.ytimg.com\/vi\/r8StOrHsjjE\/hqdefault.jpg');\" videoid=\"r8StOrHsjjE\" params=\"rel=0\"><\/lite-youtube>\n<\/div><\/figure>\n\n<div class=\"wp-block-group\"><div class=\"wp-block-group__inner-container is-layout-flow wp-block-group-is-layout-flow\">\n<div class=\"wp-block-group is-layout-flow wp-block-group-is-layout-flow\"><div class=\"wp-block-group__inner-container\"><\/div><\/div>\n<\/div><\/div>\n","protected":false},"excerpt":{"rendered":"<p>El valle de M\u00e9xico es la zona del pa\u00eds con menor disponibilidad de agua por persona. Es urgente garantizar el acceso al agua de todas y todos.<\/p>\n","protected":false},"author":46,"featured_media":10205,"parent":9,"menu_order":0,"comment_status":"closed","ping_status":"closed","template":"","meta":{"ep_exclude_from_search":false,"p4_hide_page_title_checkbox":"","p4_title":"","p4_subtitle":"","p4_description":"","background_image_id":"","background_image":"","p4_button_title":"","p4_button_link":"","p4_button_link_checkbox":"","p4_og_title":"","p4_og_description":"","p4_og_image":"","p4_og_image_id":"","p4_seo_canonical_url":"","p4_campaign_name":"not set","p4_local_project":"not set","p4_basket_name":"not set","p4_department":"","footnotes":""},"categories":[2],"tags":[],"class_list":["post-10198","page","type-page","status-publish","has-post-thumbnail","hentry","category-cambio-climatico"],"_links":{"self":[{"href":"https:\/\/www.greenpeace.org\/mexico\/wp-json\/wp\/v2\/pages\/10198","targetHints":{"allow":["GET"]}}],"collection":[{"href":"https:\/\/www.greenpeace.org\/mexico\/wp-json\/wp\/v2\/pages"}],"about":[{"href":"https:\/\/www.greenpeace.org\/mexico\/wp-json\/wp\/v2\/types\/page"}],"author":[{"embeddable":true,"href":"https:\/\/www.greenpeace.org\/mexico\/wp-json\/wp\/v2\/users\/46"}],"replies":[{"embeddable":true,"href":"https:\/\/www.greenpeace.org\/mexico\/wp-json\/wp\/v2\/comments?post=10198"}],"version-history":[{"count":13,"href":"https:\/\/www.greenpeace.org\/mexico\/wp-json\/wp\/v2\/pages\/10198\/revisions"}],"predecessor-version":[{"id":53958,"href":"https:\/\/www.greenpeace.org\/mexico\/wp-json\/wp\/v2\/pages\/10198\/revisions\/53958"}],"up":[{"embeddable":true,"href":"https:\/\/www.greenpeace.org\/mexico\/wp-json\/wp\/v2\/pages\/9"}],"wp:featuredmedia":[{"embeddable":true,"href":"https:\/\/www.greenpeace.org\/mexico\/wp-json\/wp\/v2\/media\/10205"}],"wp:attachment":[{"href":"https:\/\/www.greenpeace.org\/mexico\/wp-json\/wp\/v2\/media?parent=10198"}],"wp:term":[{"taxonomy":"category","embeddable":true,"href":"https:\/\/www.greenpeace.org\/mexico\/wp-json\/wp\/v2\/categories?post=10198"},{"taxonomy":"post_tag","embeddable":true,"href":"https:\/\/www.greenpeace.org\/mexico\/wp-json\/wp\/v2\/tags?post=10198"}],"curies":[{"name":"wp","href":"https:\/\/api.w.org\/{rel}","templated":true}]}}