{"id":1418,"date":"2018-09-12T18:08:27","date_gmt":"2018-09-12T23:08:27","guid":{"rendered":"https:\/\/www.greenpeace.org\/mexico\/?page_id=1418"},"modified":"2025-06-18T22:41:13","modified_gmt":"2025-06-19T03:41:13","slug":"descarga-tu-comprobante-fiscal","status":"publish","type":"page","link":"https:\/\/www.greenpeace.org\/mexico\/descarga-tu-comprobante-fiscal\/","title":{"rendered":"Descarga tu comprobante fiscal"},"content":{"rendered":"\n                \n                <div class=\"wp-block-group alignfull is-layout-flow wp-block-group-is-layout-flow\">\n                \n                <div class=\"wp-block-group container is-layout-flow wp-block-group-is-layout-flow\">\n                \n                <div class=\"wp-block-media-text alignfull has-media-on-the-right is-stacked-on-mobile is-pattern-p4-page-header is-style-parallax\">\n\n                <div class=\"wp-block-media-text__content\">\n                    <div class=\"wp-block-group is-layout-flow wp-block-group-is-layout-flow\">\n                    \n                        <h1 class=\"wp-block-heading has-white-background-color has-background\">\n                            Descarga tu comprobante fiscal\n                        <\/h1>\n                    <\/div>\n                \n\n                \n                        <p style=\"font-size:1.25rem\">\n                            Los podr\u00e1s encontrar de forma mensual como fue estipulado por el SAT desde el ejercicio fiscal del 2019 en adelante.\n                        <\/p>\n                    \n\n                \n\n                <\/div>\n                <figure class=\"wp-block-media-text__media\">\n                    <img loading=\"lazy\" decoding=\"async\" width=\"1200\" height=\"798\"\n                        src=\"https:\/\/www.greenpeace.org\/static\/planet4-mexico-stateless\/2018\/11\/d0e27030-gp0stqg1k.jpg\"\n                        alt=\"\"\n                        sizes=\"auto, (min-width: 601px) 50vw, 100vw\" srcset=\"https:\/\/www.greenpeace.org\/static\/planet4-mexico-stateless\/2018\/11\/d0e27030-gp0stqg1k.jpg 1200w, https:\/\/www.greenpeace.org\/static\/planet4-mexico-stateless\/2018\/11\/d0e27030-gp0stqg1k-300x200.jpg 300w, https:\/\/www.greenpeace.org\/static\/planet4-mexico-stateless\/2018\/11\/d0e27030-gp0stqg1k-768x511.jpg 768w, https:\/\/www.greenpeace.org\/static\/planet4-mexico-stateless\/2018\/11\/d0e27030-gp0stqg1k-1024x681.jpg 1024w, https:\/\/www.greenpeace.org\/static\/planet4-mexico-stateless\/2018\/11\/d0e27030-gp0stqg1k-510x340.jpg 510w\" class=\"wp-image-1421 size-full\"\n                    \/>\n                <\/figure>\n                <\/div>\n                \n                <\/div>\n                \n                <\/div>\n                \n                <p>                <strong>Importante: S\u00f3lo podr\u00e1s encontrar tus recibos deducibles si ya proporcionaste con anterioridad tus datos fiscales.<\/strong><\/p>\n<p>Cualquier duda o informaci\u00f3n relacionada con la emisi\u00f3n de tus recibos, comun\u00edcate\u00a0al centro de atenci\u00f3n a socios en los tel\u00e9fonos (55) 88515326 o al correo\u00a0<a href=\"mailto:greenpeace.socios@greenpeace.org\">greenpeace.socios@greenpeace.org<\/a>, con gusto te atenderemos.<\/p>\n<p><iframe loading=\"lazy\" style=\"height: 600px !important; width: 100%; margin-left: auto; margin-right: auto; position: relative; overflow: hidden; border-style: none;\" src=\"https:\/\/gpmex.org\/recibos\/\" name=\"cortaFoto\" width=\"100%\" height=\"600\" frameborder=\"0\"><\/iframe><\/p>\n","protected":false},"excerpt":{"rendered":"<p>Importante: S\u00f3lo podr\u00e1s encontrar tus recibos deducibles si ya proporcionaste con anterioridad tus datos fiscales. Cualquier duda o informaci\u00f3n relacionada con la emisi\u00f3n de tus recibos, comun\u00edcate\u00a0al centro de atenci\u00f3n a socios en los tel\u00e9fonos (55) 88515326 o al correo\u00a0greenpeace.socios@greenpeace.org, con gusto te atenderemos.<\/p>\n","protected":false},"author":19,"featured_media":1421,"parent":0,"menu_order":0,"comment_status":"closed","ping_status":"closed","template":"page-templates\/evergreen.php","meta":{"ep_exclude_from_search":false,"p4_hide_page_title_checkbox":"on","p4_title":"","p4_subtitle":"","p4_description":"","background_image_id":"","background_image":"","p4_button_title":"","p4_button_link":"","p4_button_link_checkbox":"","p4_og_title":"","p4_og_description":"","p4_og_image":"","p4_og_image_id":"","p4_seo_canonical_url":"","p4_campaign_name":"not set","p4_local_project":"","p4_basket_name":"not set","p4_department":"","footnotes":""},"categories":[],"tags":[],"class_list":["post-1418","page","type-page","status-publish","has-post-thumbnail","hentry"],"_links":{"self":[{"href":"https:\/\/www.greenpeace.org\/mexico\/wp-json\/wp\/v2\/pages\/1418","targetHints":{"allow":["GET"]}}],"collection":[{"href":"https:\/\/www.greenpeace.org\/mexico\/wp-json\/wp\/v2\/pages"}],"about":[{"href":"https:\/\/www.greenpeace.org\/mexico\/wp-json\/wp\/v2\/types\/page"}],"author":[{"embeddable":true,"href":"https:\/\/www.greenpeace.org\/mexico\/wp-json\/wp\/v2\/users\/19"}],"replies":[{"embeddable":true,"href":"https:\/\/www.greenpeace.org\/mexico\/wp-json\/wp\/v2\/comments?post=1418"}],"version-history":[{"count":13,"href":"https:\/\/www.greenpeace.org\/mexico\/wp-json\/wp\/v2\/pages\/1418\/revisions"}],"predecessor-version":[{"id":56999,"href":"https:\/\/www.greenpeace.org\/mexico\/wp-json\/wp\/v2\/pages\/1418\/revisions\/56999"}],"wp:featuredmedia":[{"embeddable":true,"href":"https:\/\/www.greenpeace.org\/mexico\/wp-json\/wp\/v2\/media\/1421"}],"wp:attachment":[{"href":"https:\/\/www.greenpeace.org\/mexico\/wp-json\/wp\/v2\/media?parent=1418"}],"wp:term":[{"taxonomy":"category","embeddable":true,"href":"https:\/\/www.greenpeace.org\/mexico\/wp-json\/wp\/v2\/categories?post=1418"},{"taxonomy":"post_tag","embeddable":true,"href":"https:\/\/www.greenpeace.org\/mexico\/wp-json\/wp\/v2\/tags?post=1418"}],"curies":[{"name":"wp","href":"https:\/\/api.w.org\/{rel}","templated":true}]}}