{"id":238,"date":"2018-05-14T12:47:19","date_gmt":"2018-05-14T12:47:19","guid":{"rendered":"https:\/\/k8s.p4.greenpeace.org\/defaultcontent\/?page_id=238"},"modified":"2025-06-18T22:41:14","modified_gmt":"2025-06-19T03:41:14","slug":"derechos-autor","status":"publish","type":"page","link":"https:\/\/www.greenpeace.org\/mexico\/derechos-autor\/","title":{"rendered":"Derechos de autor"},"content":{"rendered":"\n                \n                <div class=\"wp-block-group alignfull is-layout-flow wp-block-group-is-layout-flow\">\n                \n                <div class=\"wp-block-group container is-layout-flow wp-block-group-is-layout-flow\">\n                \n                <div class=\"wp-block-media-text alignfull has-media-on-the-right is-stacked-on-mobile is-pattern-p4-page-header is-style-parallax\">\n\n                <div class=\"wp-block-media-text__content\">\n                    <div class=\"wp-block-group is-layout-flow wp-block-group-is-layout-flow\">\n                    \n                        <h1 class=\"wp-block-heading has-white-background-color has-background\">\n                            Derechos autorales\n                        <\/h1>\n                    <\/div>\n                \n\n                \n                        <p style=\"font-size:1.25rem\">\n                            Greenpeace M\u00e9xico apoya la reproducci\u00f3n y distribuci\u00f3n de nuestro material, contenido electr\u00f3nico y\/o servicios, incluyendo nuestro nombre y logo.\r\n\r\nSin embargo, su uso tiene l\u00edmites, y es importante conocer las siguientes reglas:\n                        <\/p>\n                    \n\n                \n\n                <\/div>\n                <figure class=\"wp-block-media-text__media\">\n                    <img loading=\"lazy\" decoding=\"async\" width=\"1024\" height=\"683\"\n                        src=\"https:\/\/storage.googleapis.com\/planet4-mexico-stateless-develop\/2018\/05\/63675cec-preparing-the-22planet-earth-first22-hot-air-balloon-in-hamburg.jpg\"\n                        alt=\"\"\n                        sizes=\"auto, (min-width: 601px) 50vw, 100vw\" srcset=\"https:\/\/storage.googleapis.com\/planet4-mexico-stateless-develop\/2018\/05\/63675cec-preparing-the-22planet-earth-first22-hot-air-balloon-in-hamburg.jpg 1024w, https:\/\/storage.googleapis.com\/planet4-mexico-stateless-develop\/2018\/05\/63675cec-preparing-the-22planet-earth-first22-hot-air-balloon-in-hamburg-300x200.jpg 300w, https:\/\/storage.googleapis.com\/planet4-mexico-stateless-develop\/2018\/05\/63675cec-preparing-the-22planet-earth-first22-hot-air-balloon-in-hamburg-768x512.jpg 768w, https:\/\/storage.googleapis.com\/planet4-mexico-stateless-develop\/2018\/05\/63675cec-preparing-the-22planet-earth-first22-hot-air-balloon-in-hamburg-510x340.jpg 510w\" class=\"wp-image-66 size-full\"\n                    \/>\n                <\/figure>\n                <\/div>\n                \n                <\/div>\n                \n                <\/div>\n                \n                <p>                Nuestros materiales alojados en <a href=\"https:\/\/www.greenpeace.org\/mexico\">https:\/\/www.greenpeace.org\/mexico<\/a> son de uso gratuito para fines personales o educativos. Si deseas que las capturas de pantalla se utilicen en un libro de texto, o reproducir un art\u00edculo en el bolet\u00edn de tu comunidad, no es necesario preguntar, s\u00f3lo aseg\u00farate de leer, comprender y respetar las siguientes reglas.<\/p>\n<p>Prohibimos expresamente el uso de cualquier material de Greenpeace que aparezca en este sitio y\/o el nombre y el logotipo de Greenpeace para:<\/p>\n<ul>\n<li>Ganancia personal o corporativa, excepto por permiso expreso y por escrito.<\/li>\n<li>Publicidad gubernamental o pol\u00edtica o que sugiera que Greenpeace respalda a cualquier candidatura para un cargo p\u00fablico.<\/li>\n<li>Cualquier sugerencia de aprobaci\u00f3n de Greenpeace a un producto o pol\u00edtica, donde dicha aprobaci\u00f3n no haya sido expl\u00edcitamente realizada y autorizada por esta organizaci\u00f3n.<\/li>\n<li>Cualquier sugerencia de que Greenpeace respalda, o se conecta con sitios web que Greenpeace, a su entera discreci\u00f3n, considere que son de naturaleza ilegal u objetable, que incluyan contenido o materiales obscenos, violentos, intolerantes, denigrantes o con contenido sexual.<\/li>\n<li>Cualquier representaci\u00f3n falsa de otras oficinas, personas empleadas, agentes o portavoces oficiales de Greenpeace, o cualquier representaci\u00f3n falsa que est\u00e9 recaudando fondos o donaciones para Greenpeace.<\/li>\n<\/ul>\n<h4><strong>Enlace a nuestro sitio web<\/strong><\/h4>\n<p>Nos encanta cuando las personas se vinculan con Greenpeace y nos ayudan a correr la voz acerca de nuestras campa\u00f1as para el medio ambiente. No necesitas permiso para compartir nuestro enlace. Te invitamos a enlazarte con nuestro sitio principal o cualquiera de las problem\u00e1ticas que aqu\u00ed compartimos.<\/p>\n<h4><strong>El logo de Greenpeace<\/strong><\/h4>\n<p>\u201cGreenpeace\u201d, incluido el logotipo de Greenpeace, es una marca registrada internacionalmente que pertenece al Greenpeace Stichting Council. El uso de la marca se concede con la condici\u00f3n de:<\/p>\n<ul>\n<li>Que sea \u00fanicamente para fines referenciales y no comerciales.<\/li>\n<li>No puedes usar el nombre y\/o el logotipo de ninguna manera que indique o cree la impresi\u00f3n de que Greenpeace aprueba, patrocina o est\u00e1 afiliado a alg\u00fan producto o servicio disponible en tu sitio web;<\/li>\n<li>Los banners con el nombre y\/o el logotipo solo se pueden usar con el fin de enlazar con el sitio web de Greenpeace M\u00e9xico, y estos enlaces siempre deben estar activos.<\/li>\n<li>El nombre y\/o el logotipo no se pueden combinar con ning\u00fan otro elemento gr\u00e1fico; ni pueden ser alterados de ninguna manera, incluyendo fuente, dise\u00f1o, disposici\u00f3n, colores o elementos; ni pueden ser animados, transformados o distorsionados de otra manera en perspectiva o apariencia.<\/li>\n<li>El nombre y\/o el logotipo no pueden aparecer de manera m\u00e1s prominente que el nombre de tu sitio web.<\/li>\n<li>Si usas el logo, incluye \u201cMarca registrada de Stichting Greenpeace Council\u201d en la etiqueta alt o visiblemente en la p\u00e1gina.<\/li>\n<li>La marca registrada sigue siendo propiedad exclusiva de Greenpeace Stichting Council y su \u00fanica autorizada para sub-licenciar es Greenpeace M\u00e9xico, A.C., y al utilizarla, aceptas que no deber\u00e1s, de ninguna manera, registrar o intentar registrar la marca comercial o impugnarla, mucho menos licenciarla.<\/li>\n<\/ul>\n<h4><strong>Art\u00edculos y texto<\/strong><\/h4>\n<p>Los art\u00edculos y textos producidos por Greenpeace M\u00e9xico son gratuitos para uso personal o educativo. Incluye una nota que diga: &#8220;Fuente: Greenpeace (<a href=\"https:\/\/www.greenpeace.org\/mexico\">https:\/\/www.greenpeace.org\/mexico<\/a>)&#8221; as\u00ed como cualquier otra informaci\u00f3n de autor\u00eda o copyright incluida en el original, incluyendo el a\u00f1o de publicaci\u00f3n.<\/p>\n<p>Los art\u00edculos y el texto de fuentes de terceros siguen siendo propiedad intelectual y derechos de autor de esas fuentes de terceros, y se debe solicitar el permiso de uso de las fuentes originales.<\/p>\n<h4><strong>Fotos \/ Im\u00e1genes<\/strong><\/h4>\n<p>Cuando la informaci\u00f3n de copyright no est\u00e1 presente, ya sea en un t\u00edtulo adjunto o grabada en la foto, la atribuci\u00f3n se puede encontrar al inspeccionar la imagen haciendo clic con el bot\u00f3n derecho en la imagen y seleccionando &#8220;Inspeccionar&#8221; o &#8220;Ver informaci\u00f3n&#8221;.<\/p>\n<p>\u00a9 = Todos los derechos reservados a las personas o entidades nombradas. &#8211; Las explicaciones de los otros s\u00edmbolos \/ licencias utilizados y los derechos derivados de ellos se pueden encontrar <a href=\"https:\/\/creativecommons.org\/share-your-work\/licensing-types-examples\/\">aqu\u00ed<\/a>.<\/p>\n<p>Para acceder a las im\u00e1genes descargables y para todas las consultas de licencias o derechos de autor, visita <a href=\"https:\/\/media.greenpeace.org\/\">media.greenpeace.org<\/a><\/p>\n<p>Cualquier otro uso (como el uso de im\u00e1genes para beneficio personal o corporativo) requiere el permiso expreso de la <a href=\"https:\/\/media.greenpeace.org\/\">Biblioteca de Medios de Greenpeace International<\/a>. El uso comercial de cualquier imagen de Greenpeace sin permiso constituir\u00e1 una infracci\u00f3n y posibles delitos de derechos de autor y pudiendo infringir otros derechos y derechos de terceros.<\/p>\n<p>Las im\u00e1genes de noticias con calidad de reproducci\u00f3n (alrededor de 8 megabytes de tama\u00f1o) distribuidas por Greenpeace a periodistas y agencias est\u00e1n destinadas a ser utilizadas dentro de los primeros catorce d\u00edas, y el archivo y\/o la reventa de estas im\u00e1genes est\u00e1 estrictamente prohibido. Despu\u00e9s de catorce d\u00edas, <a href=\"https:\/\/media.greenpeace.org\/ContactUs\">cont\u00e1ctanos<\/a> para obtener la licencia.<\/p>\n<h4><strong>Video<\/strong><\/h4>\n<p>El uso del video est\u00e1 sujeto a las mismas condiciones que otros materiales mencionados anteriormente. Sin embargo, tenga en cuenta que no todos nuestros videos est\u00e1n disponibles su descarga.<\/p>\n<p>Cualquier aportaci\u00f3n realizada por los usuarios a los sitios de Greenpeace ser\u00e1 bajo el esquema de licencias de Creative Commons de Atribuci\u00f3n No Comercial no exclusiva, por lo que al subir materiales a la misma, est\u00e1s de acuerdo con las limitaciones previstas para dicho esquema, el cual puede ser consultado en <a href=\"https:\/\/www.creativecommons.org\">www.creativecommons.org<\/a><\/p>\n","protected":false},"excerpt":{"rendered":"<p>Nuestros materiales alojados en https:\/\/www.greenpeace.org\/mexico son de uso gratuito para fines personales o educativos. Si deseas que las capturas de pantalla se utilicen en un libro de texto, o reproducir un art\u00edculo en el bolet\u00edn de tu comunidad, no es necesario preguntar, s\u00f3lo aseg\u00farate de leer, comprender y respetar las siguientes reglas. Prohibimos expresamente el [&hellip;]<\/p>\n","protected":false},"author":1,"featured_media":0,"parent":0,"menu_order":0,"comment_status":"closed","ping_status":"closed","template":"page-templates\/evergreen.php","meta":{"ep_exclude_from_search":false,"p4_hide_page_title_checkbox":"on","p4_title":"","p4_subtitle":"","p4_description":"","background_image_id":"","background_image":"","p4_button_title":"","p4_button_link":"","p4_button_link_checkbox":"","p4_og_title":"","p4_og_description":"","p4_og_image":"","p4_og_image_id":"","p4_seo_canonical_url":"","p4_campaign_name":"not set","p4_local_project":"not set","p4_basket_name":"not set","p4_department":"","footnotes":""},"categories":[2],"tags":[],"class_list":["post-238","page","type-page","status-publish","hentry","category-cambio-climatico"],"_links":{"self":[{"href":"https:\/\/www.greenpeace.org\/mexico\/wp-json\/wp\/v2\/pages\/238","targetHints":{"allow":["GET"]}}],"collection":[{"href":"https:\/\/www.greenpeace.org\/mexico\/wp-json\/wp\/v2\/pages"}],"about":[{"href":"https:\/\/www.greenpeace.org\/mexico\/wp-json\/wp\/v2\/types\/page"}],"author":[{"embeddable":true,"href":"https:\/\/www.greenpeace.org\/mexico\/wp-json\/wp\/v2\/users\/1"}],"replies":[{"embeddable":true,"href":"https:\/\/www.greenpeace.org\/mexico\/wp-json\/wp\/v2\/comments?post=238"}],"version-history":[{"count":11,"href":"https:\/\/www.greenpeace.org\/mexico\/wp-json\/wp\/v2\/pages\/238\/revisions"}],"predecessor-version":[{"id":57001,"href":"https:\/\/www.greenpeace.org\/mexico\/wp-json\/wp\/v2\/pages\/238\/revisions\/57001"}],"wp:attachment":[{"href":"https:\/\/www.greenpeace.org\/mexico\/wp-json\/wp\/v2\/media?parent=238"}],"wp:term":[{"taxonomy":"category","embeddable":true,"href":"https:\/\/www.greenpeace.org\/mexico\/wp-json\/wp\/v2\/categories?post=238"},{"taxonomy":"post_tag","embeddable":true,"href":"https:\/\/www.greenpeace.org\/mexico\/wp-json\/wp\/v2\/tags?post=238"}],"curies":[{"name":"wp","href":"https:\/\/api.w.org\/{rel}","templated":true}]}}