{"id":240,"date":"2018-05-14T12:50:41","date_gmt":"2018-05-14T12:50:41","guid":{"rendered":"https:\/\/k8s.p4.greenpeace.org\/defaultcontent\/?page_id=240"},"modified":"2025-06-18T22:41:14","modified_gmt":"2025-06-19T03:41:14","slug":"politica-comunidades","status":"publish","type":"page","link":"https:\/\/www.greenpeace.org\/mexico\/politica-comunidades\/","title":{"rendered":"Pol\u00edtica de comunidades"},"content":{"rendered":"\n                \n                <div class=\"wp-block-group alignfull is-layout-flow wp-block-group-is-layout-flow\">\n                \n                <div class=\"wp-block-group container is-layout-flow wp-block-group-is-layout-flow\">\n                \n                <div class=\"wp-block-media-text alignfull has-media-on-the-right is-stacked-on-mobile is-pattern-p4-page-header is-style-parallax\">\n\n                <div class=\"wp-block-media-text__content\">\n                    <div class=\"wp-block-group is-layout-flow wp-block-group-is-layout-flow\">\n                    \n                        <h1 class=\"wp-block-heading has-white-background-color has-background\">\n                            Pol\u00edticas comunitarias y de convivencia digital\n                        <\/h1>\n                    <\/div>\n                \n\n                \n                        <p style=\"font-size:1.25rem\">\n                            Esta pol\u00edtica crea un marco que favorece el di\u00e1logo y la comunicaci\u00f3n en nuestras comunidades digitales. Nuestro accionar sobre temas ambientales puede generar discusiones apasionadas, que a veces resultan agresivas y pueden derivar en descalificaciones que no permitiremos.\n                        <\/p>\n                    \n\n                \n\n                <\/div>\n                <figure class=\"wp-block-media-text__media\">\n                    <img loading=\"lazy\" decoding=\"async\" width=\"1200\" height=\"800\"\n                        src=\"https:\/\/www.greenpeace.org\/static\/planet4-mexico-stateless\/2018\/11\/a9aead6b-gp01jc7.jpg\"\n                        alt=\"\"\n                        sizes=\"auto, (min-width: 601px) 50vw, 100vw\" srcset=\"https:\/\/www.greenpeace.org\/static\/planet4-mexico-stateless\/2018\/11\/a9aead6b-gp01jc7.jpg 1200w, https:\/\/www.greenpeace.org\/static\/planet4-mexico-stateless\/2018\/11\/a9aead6b-gp01jc7-300x200.jpg 300w, https:\/\/www.greenpeace.org\/static\/planet4-mexico-stateless\/2018\/11\/a9aead6b-gp01jc7-768x512.jpg 768w, https:\/\/www.greenpeace.org\/static\/planet4-mexico-stateless\/2018\/11\/a9aead6b-gp01jc7-1024x683.jpg 1024w, https:\/\/www.greenpeace.org\/static\/planet4-mexico-stateless\/2018\/11\/a9aead6b-gp01jc7-510x340.jpg 510w\" class=\"wp-image-1388 size-full\"\n                    \/>\n                <\/figure>\n                <\/div>\n                \n                <\/div>\n                \n                <\/div>\n                \n                <p>                Nos estamos esforzando por lograr un mundo m\u00e1s verde y pac\u00edfico, y una comunicaci\u00f3n simple, abierta y honesta es una herramienta realmente importante que nos ayuda a hacerlo.<\/p>\n<p>Creemos que todas las personas merecen la oportunidad de expresar su opini\u00f3n con la esperanza de que podamos encontrar puntos en com\u00fan. Buscamos una forma de compromiso que nos permita avanzar hacia un futuro m\u00e1s brillante. Esta es la raz\u00f3n por la que las secciones de comentarios de nuestras historias son un espacio seguro e importante, incluso aunque no compartamos la misma visi\u00f3n, podemos conversar e intercambiar ideas.<\/p>\n<p>Damos la bienvenida al debate y la discusi\u00f3n ya que creemos que es ah\u00ed de donde provienen las mejores ideas. Nos encanta ver a las personas que defienden con pasi\u00f3n lo que creen y tener la oportunidad de escuchar nuevas ideas o nuevas formas de ver un problema. Sin embargo, creemos firmemente que estas conversaciones deben ser honestas y respetuosas para que sean productivas.<\/p>\n<p>Por lo tanto, quienes deseen contribuir a las conversaciones que tienen lugar en este sitio web, y eso incluye a Greenpeace, deber\u00e1n seguir estas sencillas reglas:<\/p>\n<h3><strong>Di la verdad<\/strong><\/h3>\n<ol>\n<li><strong>Honestidad acerca de qui\u00e9n eres y por qu\u00e9 est\u00e1s aqu\u00ed.<\/strong> Si representas intereses corporativos o gubernamentales, es decir, si recibes alguna paga por las opiniones que expresas o tienes un conflicto de intereses, puedes contribuir a la conversaci\u00f3n. Sin embargo, te invitamos a que dejes en claro esta situaci\u00f3n, para que las dem\u00e1s personas que participan, tengan el contexto detr\u00e1s de lo que est\u00e1s diciendo.<\/li>\n<li><strong>Respeto en lo que digas.<\/strong> Si no quieres que te lo digan, no se lo digas a otra persona. Eso significa que no permitiremos comentarios discriminatorios, ni ataques personales, ni lenguaje grosero, ni declaraciones difamatorias, ni incitaci\u00f3n a la violencia.<\/li>\n<li><strong>Br\u00edndale a todas las personas la oportunidad de participar. <\/strong>Podemos eliminar publicaciones si innecesariamente acaparas la conversaci\u00f3n con mensajes ilimitados.<\/li>\n<li><strong>Mant\u00e9n el foco en el tema que se est\u00e1 discutiendo,\u00a0<\/strong>esto ayuda a todas las\u00a0 personas que desean participar en esta conversaci\u00f3n.<\/li>\n<li><strong>Comparte, no vendas. <\/strong>Este es un espacio para debatir temas importantes, as\u00ed que abstente de la actividad comercial o promoci\u00f3n masiva, ya que tenemos una pol\u00edtica de tolerancia cero para el spam.<\/li>\n<li><strong>Di \u00fanicamente aquello que expresar\u00edas presencialmente. <\/strong>El ciber-espacio da una noci\u00f3n de libertad y anonimato ilimitado que malentendidos pueden dar pie a expresiones que no nos atrever\u00edamos a hacer en una conversaci\u00f3n en persona, sin embargo, para mantener el control y respeto, as\u00ed como la congruencia en el ciber-espacio y fuera de \u00e9ste, te pedimos encarecidamente te expreses \u00fanicamente de un modo en que lo har\u00edas si la conversaci\u00f3n la estuvieras teniendo en persona.<\/li>\n<\/ol>\n<p><strong>Creemos que la libertad de expresi\u00f3n y el intercambio abierto de ideas<\/strong> son incre\u00edblemente importantes, por lo que trabajamos activamente para defenderla. Eso significa que si identificamos que simplemente est\u00e1s aqu\u00ed como un troll o est\u00e1s tergiversando, tomaremos medidas para proteger el esp\u00edritu de esta comunidad. Estos pasos pueden incluir eliminar comentarios, editarlos para eliminar contenido promocional, cerrar hilos o incluso prohibir cuentas. Tambi\u00e9n podemos desactivar los comentarios para publicaciones espec\u00edficas, o en todo el sitio, si creemos que se est\u00e1s realizando un ataque concertado.<\/p>\n<p>Alentamos a los miembros de la comunidad, que creen que alguien no ha actuado de la manera que acabamos de describir, para informarnos de tal actividad a: <a href=\"mailto:greenpeace.mexico@greenpeace.org\">greenpeace.mexico@greenpeace.org<\/a><\/p>\n<p>En Greenpeace nos aseguramos de que todo en esta plataforma es coherente con nuestros puntos de vista y valores. Sin embargo, el contenido y los comentarios que dejan los miembros de la comunidad est\u00e1n escritos por personas como t\u00fa. Esperamos que comprendas que no representan necesariamente las opiniones de Greenpeace M\u00e9xico o de ninguna oficina nacional\/regional de Greenpeace. Si buscas noticias oficiales de Greenpeace M\u00e9xico, consulta nuestros comunicados de prensa y publicaciones o bien ponte en contacto con el \u00e1rea de <a href=\"https:\/\/www.greenpeace.org\/mexico\/prensa\/\">atenci\u00f3n a medios<\/a>.<\/p>\n","protected":false},"excerpt":{"rendered":"<p>Nos estamos esforzando por lograr un mundo m\u00e1s verde y pac\u00edfico, y una comunicaci\u00f3n simple, abierta y honesta es una herramienta realmente importante que nos ayuda a hacerlo. Creemos que todas las personas merecen la oportunidad de expresar su opini\u00f3n con la esperanza de que podamos encontrar puntos en com\u00fan. Buscamos una forma de compromiso [&hellip;]<\/p>\n","protected":false},"author":1,"featured_media":0,"parent":0,"menu_order":0,"comment_status":"closed","ping_status":"closed","template":"page-templates\/evergreen.php","meta":{"ep_exclude_from_search":false,"p4_hide_page_title_checkbox":"on","p4_title":"","p4_subtitle":"","p4_description":"","background_image_id":"","background_image":"","p4_button_title":"","p4_button_link":"","p4_button_link_checkbox":"","p4_og_title":"","p4_og_description":"","p4_og_image":"","p4_og_image_id":"","p4_seo_canonical_url":"","p4_campaign_name":"","p4_local_project":"","p4_basket_name":"","p4_department":"","footnotes":""},"categories":[2],"tags":[],"class_list":["post-240","page","type-page","status-publish","hentry","category-cambio-climatico"],"_links":{"self":[{"href":"https:\/\/www.greenpeace.org\/mexico\/wp-json\/wp\/v2\/pages\/240","targetHints":{"allow":["GET"]}}],"collection":[{"href":"https:\/\/www.greenpeace.org\/mexico\/wp-json\/wp\/v2\/pages"}],"about":[{"href":"https:\/\/www.greenpeace.org\/mexico\/wp-json\/wp\/v2\/types\/page"}],"author":[{"embeddable":true,"href":"https:\/\/www.greenpeace.org\/mexico\/wp-json\/wp\/v2\/users\/1"}],"replies":[{"embeddable":true,"href":"https:\/\/www.greenpeace.org\/mexico\/wp-json\/wp\/v2\/comments?post=240"}],"version-history":[{"count":11,"href":"https:\/\/www.greenpeace.org\/mexico\/wp-json\/wp\/v2\/pages\/240\/revisions"}],"predecessor-version":[{"id":57000,"href":"https:\/\/www.greenpeace.org\/mexico\/wp-json\/wp\/v2\/pages\/240\/revisions\/57000"}],"wp:attachment":[{"href":"https:\/\/www.greenpeace.org\/mexico\/wp-json\/wp\/v2\/media?parent=240"}],"wp:term":[{"taxonomy":"category","embeddable":true,"href":"https:\/\/www.greenpeace.org\/mexico\/wp-json\/wp\/v2\/categories?post=240"},{"taxonomy":"post_tag","embeddable":true,"href":"https:\/\/www.greenpeace.org\/mexico\/wp-json\/wp\/v2\/tags?post=240"}],"curies":[{"name":"wp","href":"https:\/\/api.w.org\/{rel}","templated":true}]}}