{"id":416,"date":"2018-10-09T16:16:49","date_gmt":"2018-10-09T21:16:49","guid":{"rendered":"https:\/\/www.greenpeace.org\/mexico\/?page_id=416"},"modified":"2025-06-18T22:41:13","modified_gmt":"2025-06-19T03:41:13","slug":"terminos-y-condiciones","status":"publish","type":"page","link":"https:\/\/www.greenpeace.org\/mexico\/terminos-y-condiciones\/","title":{"rendered":"T\u00e9rminos y condiciones"},"content":{"rendered":"\n                \n                <div class=\"wp-block-group alignfull is-layout-flow wp-block-group-is-layout-flow\">\n                \n                <div class=\"wp-block-group container is-layout-flow wp-block-group-is-layout-flow\">\n                \n                <div class=\"wp-block-media-text alignfull has-media-on-the-right is-stacked-on-mobile is-pattern-p4-page-header is-style-parallax\">\n\n                <div class=\"wp-block-media-text__content\">\n                    <div class=\"wp-block-group is-layout-flow wp-block-group-is-layout-flow\">\n                    \n                        <h1 class=\"wp-block-heading has-white-background-color has-background\">\n                            T\u00e9rminos y condiciones\n                        <\/h1>\n                    <\/div>\n                \n\n                \n\n                \n\n                <\/div>\n                <figure class=\"wp-block-media-text__media\">\n                    <img loading=\"lazy\" decoding=\"async\" width=\"1200\" height=\"797\"\n                        src=\"https:\/\/www.greenpeace.org\/static\/planet4-mexico-stateless\/2018\/11\/a1910bcf-gp0stqgfo.jpg\"\n                        alt=\"\"\n                        sizes=\"auto, (min-width: 601px) 50vw, 100vw\" srcset=\"https:\/\/www.greenpeace.org\/static\/planet4-mexico-stateless\/2018\/11\/a1910bcf-gp0stqgfo.jpg 1200w, https:\/\/www.greenpeace.org\/static\/planet4-mexico-stateless\/2018\/11\/a1910bcf-gp0stqgfo-300x199.jpg 300w, https:\/\/www.greenpeace.org\/static\/planet4-mexico-stateless\/2018\/11\/a1910bcf-gp0stqgfo-768x510.jpg 768w, https:\/\/www.greenpeace.org\/static\/planet4-mexico-stateless\/2018\/11\/a1910bcf-gp0stqgfo-1024x680.jpg 1024w, https:\/\/www.greenpeace.org\/static\/planet4-mexico-stateless\/2018\/11\/a1910bcf-gp0stqgfo-510x340.jpg 510w\" class=\"wp-image-1394 size-full\"\n                    \/>\n                <\/figure>\n                <\/div>\n                \n                <\/div>\n                \n                <\/div>\n                \n                <p>                Greenpeace es una red formada por Greenpeace Internacional (Greenpeace Stichting Council) y 27 oficinas nacionales y regionales, todas entidades separadas e independientes, con personalidad jur\u00eddica y patrimonio propio.<\/p>\n<p>El contenido de cada subsecci\u00f3n de <a href=\"http:\/\/www-dev.greenpeace.org\/mexico\">greenpeace.org\/mexico<\/a> es publicado y administrado por Greenpeace M\u00e9xico A.C. Las p\u00e1ginas cuya direcci\u00f3n comienza con <a href=\"http:\/\/www-dev.greenpeace.org\/mexico\">http:\/\/www-dev.greenpeace.org\/mexico<\/a>, por ejemplo, est\u00e1n bajo el control editorial de Greenpeace M\u00e9xico A.C. Para preguntas o comentarios, comun\u00edcate con Greenpeace M\u00e9xico.<\/p>\n<p>En general, puedes ver en la parte superior de cada p\u00e1gina en qu\u00e9 secci\u00f3n te encuentras. Seg\u00fan sea conveniente en este sitio web, podemos referirnos a \u201cGreenpeace\u201d cuando se habla de Greenpeace Internacional o de una de las organizaciones nacionales o regionales de Greenpeace. Adem\u00e1s, las palabras \u201cnosotros\/as\u201d, \u201cnos\u201d y \u201cnuestro\/a\u201d tambi\u00e9n pueden usarse por razones de conveniencia para referirse a otras entidades de la red de Greenpeace y a sus respectivos integrantes, activistas y voluntariado.<\/p>\n<h4>Cont\u00e1ctanos:<\/h4>\n<p><strong>Celular:<\/strong>\u00a0(55) 6255-8728.<\/p>\n<p><strong>Correo general:<\/strong>\u00a0<a href=\"mailto:greenpeace.mexico@greenpeace.org\">greenpeace.mexico@greenpeace.org<\/a><\/p>\n<p><strong>Direcci\u00f3n:\u00a0<\/strong><\/p>\n<p>Luis Kuhne 55, Col.\u00a0Las \u00c1guilas.\u00a0Alcald\u00eda \u00c1lvaro Obreg\u00f3n, CP\u00a001710,\u00a0CDMX.<\/p>\n","protected":false},"excerpt":{"rendered":"<p>Greenpeace es una red formada por Greenpeace Internacional (Greenpeace Stichting Council) y 27 oficinas nacionales y regionales, todas entidades separadas e independientes, con personalidad jur\u00eddica y patrimonio propio. El contenido de cada subsecci\u00f3n de greenpeace.org\/mexico es publicado y administrado por Greenpeace M\u00e9xico A.C. Las p\u00e1ginas cuya direcci\u00f3n comienza con http:\/\/www-dev.greenpeace.org\/mexico, por ejemplo, est\u00e1n bajo el [&hellip;]<\/p>\n","protected":false},"author":20,"featured_media":0,"parent":0,"menu_order":0,"comment_status":"closed","ping_status":"closed","template":"page-templates\/evergreen.php","meta":{"ep_exclude_from_search":false,"p4_hide_page_title_checkbox":"on","p4_title":"","p4_subtitle":"","p4_description":"","background_image_id":"","background_image":"","p4_button_title":"","p4_button_link":"","p4_button_link_checkbox":"","p4_og_title":"","p4_og_description":"","p4_og_image":"","p4_og_image_id":"","p4_seo_canonical_url":"","p4_campaign_name":"not set","p4_local_project":"not set","p4_basket_name":"not set","p4_department":"","footnotes":""},"categories":[],"tags":[],"class_list":["post-416","page","type-page","status-publish","hentry"],"_links":{"self":[{"href":"https:\/\/www.greenpeace.org\/mexico\/wp-json\/wp\/v2\/pages\/416","targetHints":{"allow":["GET"]}}],"collection":[{"href":"https:\/\/www.greenpeace.org\/mexico\/wp-json\/wp\/v2\/pages"}],"about":[{"href":"https:\/\/www.greenpeace.org\/mexico\/wp-json\/wp\/v2\/types\/page"}],"author":[{"embeddable":true,"href":"https:\/\/www.greenpeace.org\/mexico\/wp-json\/wp\/v2\/users\/20"}],"replies":[{"embeddable":true,"href":"https:\/\/www.greenpeace.org\/mexico\/wp-json\/wp\/v2\/comments?post=416"}],"version-history":[{"count":9,"href":"https:\/\/www.greenpeace.org\/mexico\/wp-json\/wp\/v2\/pages\/416\/revisions"}],"predecessor-version":[{"id":56997,"href":"https:\/\/www.greenpeace.org\/mexico\/wp-json\/wp\/v2\/pages\/416\/revisions\/56997"}],"wp:attachment":[{"href":"https:\/\/www.greenpeace.org\/mexico\/wp-json\/wp\/v2\/media?parent=416"}],"wp:term":[{"taxonomy":"category","embeddable":true,"href":"https:\/\/www.greenpeace.org\/mexico\/wp-json\/wp\/v2\/categories?post=416"},{"taxonomy":"post_tag","embeddable":true,"href":"https:\/\/www.greenpeace.org\/mexico\/wp-json\/wp\/v2\/tags?post=416"}],"curies":[{"name":"wp","href":"https:\/\/api.w.org\/{rel}","templated":true}]}}