{"id":437,"date":"2018-10-11T15:15:10","date_gmt":"2018-10-11T20:15:10","guid":{"rendered":"https:\/\/www.greenpeace.org\/mexico\/?page_id=437"},"modified":"2024-03-26T06:42:54","modified_gmt":"2024-03-26T11:42:54","slug":"transgenicos","status":"publish","type":"page","link":"https:\/\/www.greenpeace.org\/mexico\/participa\/transgenicos\/","title":{"rendered":"Transg\u00e9nicos"},"content":{"rendered":"\n                    <div class=\"wp-block-group is-vertical is-layout-flex wp-container-core-group-is-layout-8cf370e7 wp-block-group-is-layout-flex\">\n                    \n                                <p><span style=\"font-weight: 400\">El acceso a la informaci\u00f3n sobre lo que consumimos es un derecho b\u00e1sico que tenemos las personas pero en M\u00e9xico no est\u00e1 garantizado.\u00a0 A diferencia de lo que ocurre en\u00a0 Jap\u00f3n, China y la Uni\u00f3n Europea, entre otros pa\u00edses, <strong>en el nuestro no existe el etiquetado de alimentos transg\u00e9nicos, por lo cual, no tenemos forma de saber si nuestros alimentos los contienen o no.<\/strong><\/span> <span style=\"font-weight: 400\">Te invitamos a recorrer estos sencillos pasos para limpiar tu alacena y unirte a millones de personas que realizan un consumo responsable, que promueve un modelo de compra justo y sustentable al tiempo que se alimentan de la mejor forma posible.<\/span>\r\nEl desarrollo de enfermedades, la desaparici\u00f3n de insectos, la toxicidad de nuestras aguas y tierras, la deforestaci\u00f3n, la contribuci\u00f3n al cambio clim\u00e1tico\u2026 <strong>Hay demasiadas consecuencias negativas tras el uso de la agricultura industrial y los transg\u00e9nicos.<\/strong>\r\nEste tipo de agricultura es un modelo:\r\n<ul>\r\n<li>Destructivo, que consume muchas cantidades de agua y petr\u00f3leo.<\/li>\r\n<li>Asociado a la deforestaci\u00f3n de ecosistemas.<\/li>\r\n<li><strong>Aplica productos qu\u00edmicos (fertilizantes y plaguicidas)<\/strong> que provocan emisiones de gases de efecto invernadero como N20 (\u00f3xido nitroso), lo que supone la mayor contribuci\u00f3n agraria al cambio clim\u00e1tico.<\/li>\r\n<li><strong>Perjudica a los peque\u00f1os agricultores y productores<\/strong> y concentra el control de la agricultura en pocas manos.<\/li>\r\n<\/ul><\/p>\n                            \n\n                    \n                            <div class=\"wp-block-buttons is-layout-flex wp-block-buttons-is-layout-flex\">\n                            <div class=\"wp-block-button\">\n                                <a class=\"wp-block-button__link wp-element-button\" href=\"https:\/\/actua.greenpeace.org.mx\/apoya-la-agricultura-ecologica-y-alimentacion-sana\" target=\"_blank\" rel=\"noreferrer noopener\">\n                                    Firma la petici\u00f3n\n                                <\/a>\n                            <\/div>\n                            <\/div>\n                            \n                    <\/div>\n                    <div data-render=\"planet4-blocks\/columns\" data-attributes=\"{&quot;attributes&quot;:{&quot;columns_block_style&quot;:&quot;icons&quot;,&quot;columns&quot;:[{&quot;title&quot;:&quot;El Problema&quot;,&quot;description&quot;:&quot;Los transg\\u00e9nicos son organismos que han sido gen\\u00e9ticamente modificados (GM), por ejemplo, para producir insecticida o generar resistencia a herbicidas. Forman parte del modelo de agricultura industrial, el cual acent\\u00faa la desigualdad en el campo y que adem\\u00e1s hace uso excesivo de plaguicidas y fertilizantes sint\\u00e9ticos que afectan la salud y el medio ambiente.&quot;,&quot;link_new_tab&quot;:false},{&quot;title&quot;:&quot;La Soluci\\u00f3n&quot;,&quot;description&quot;:&quot;La respuesta es la agricultura ecol\\u00f3gica, la cual asegura alimentos sanos, protege el suelo, el agua y el clima, no contamina con uso de agrot\\u00f3xicos ni  transg\\u00e9nicos. Cuida a la gente, desde agricultores hasta consumidores, permite el desarrollo de las comunidades y la soberan\\u00eda alimentaria.&quot;,&quot;link_new_tab&quot;:false}],&quot;className&quot;:&quot;is-style-icons&quot;}}\"><\/div><div data-render=\"planet4-blocks\/columns\" data-attributes=\"{&quot;attributes&quot;:{&quot;columns_block_style&quot;:&quot;tasks&quot;,&quot;columns_title&quot;:&quot;\\u00bfQu\\u00e9 puedes hacer?&quot;,&quot;columns_description&quot;:&quot;\\u00a1T\\u00fa puedes contribuir a fomentar la agricultura ecol\\u00f3gica! Ahora que ya conoces el problema, act\\u00faa: compra productos locales, de temporada y ecol\\u00f3gicos. De ese modo ayudar\\u00e1s al planeta y proteger\\u00e1s tu salud.&quot;,&quot;columns&quot;:[{&quot;title&quot;:&quot;Descarga la gu\\u00eda alimentos transg\\u00e9nicos&quot;,&quot;description&quot;:&quot;\\u00bfSab\\u00edas que gran parte de los alimentos industrializados son o contienen transg\\u00e9nicos? Descubre cu\\u00e1les son&quot;,&quot;cta_text&quot;:&quot;Descarga&quot;,&quot;cta_link&quot;:&quot;https:\\\/\\\/actua.greenpeace.org.mx\\\/guia-de-transgenicos-y-etiquetado-de-alimentos&quot;,&quot;link_new_tab&quot;:true},{&quot;title&quot;:&quot;Consulta el directorio verde&quot;,&quot;description&quot;:&quot;Aqu\\u00ed podr\\u00e1s encontrar lugares que ofrecen comida sana en todo M\\u00e9xico.&quot;,&quot;cta_text&quot;:&quot;Consulta&quot;,&quot;cta_link&quot;:&quot;https:\\\/\\\/www.greenpeace.org\\\/static\\\/planet4-mexico-stateless\\\/2018\\\/10\\\/c7a14195-directorio-verde-comida-sana.pdf&quot;,&quot;link_new_tab&quot;:false}]}}\"><\/div>\n<p><strong>Greenpeace promueve<\/strong> una agricultura sustentable, que proteja los bosques y otros ecosistemas naturales, reduzca las emisiones de gases de efecto invernadero (GEI), promueva la salud del agua y los suelos, utilice menos fertilizantes y plaguicidas, sea libre de transg\u00e9nicos y que promueva el comercio justo y nuestra soberan\u00eda alimentaria.&nbsp;<\/p>\n<div data-render=\"planet4-blocks\/happypoint\" data-attributes=\"{&quot;attributes&quot;:{&quot;focus_image&quot;:&quot;0% 0%&quot;,&quot;mailing_list_iframe&quot;:true,&quot;id&quot;:442,&quot;opacity&quot;:30,&quot;override_default_content&quot;:false,&quot;local_content_provider&quot;:&quot;none&quot;}}\"><\/div>","protected":false},"excerpt":{"rendered":"<p>Los transg\u00e9nicos son organismos que han sido gen\u00e9ticamente modificados (GM), por ejemplo, para producir insecticida o generar resistencia a herbicidas. Forman parte del modelo de agricultura industrial, el cual acent\u00faa la desigualdad en el campo y que adem\u00e1s hace uso excesivo de plaguicidas y fertilizantes sint\u00e9ticos que afectan la salud y el medio ambiente.<\/p>\n","protected":false},"author":19,"featured_media":441,"parent":9,"menu_order":0,"comment_status":"closed","ping_status":"closed","template":"","meta":{"ep_exclude_from_search":false,"p4_hide_page_title_checkbox":"","p4_title":"","p4_subtitle":"","p4_description":"","background_image_id":"","background_image":"","p4_button_title":"","p4_button_link":"","p4_button_link_checkbox":"","p4_og_title":"","p4_og_description":"","p4_og_image":"","p4_og_image_id":"","p4_seo_canonical_url":"","p4_campaign_name":"not set","p4_local_project":"not set","p4_basket_name":"not set","p4_department":"","footnotes":""},"categories":[2],"tags":[19,20],"class_list":["post-437","page","type-page","status-publish","has-post-thumbnail","hentry","category-cambio-climatico","tag-deforestacion","tag-consumo"],"_links":{"self":[{"href":"https:\/\/www.greenpeace.org\/mexico\/wp-json\/wp\/v2\/pages\/437","targetHints":{"allow":["GET"]}}],"collection":[{"href":"https:\/\/www.greenpeace.org\/mexico\/wp-json\/wp\/v2\/pages"}],"about":[{"href":"https:\/\/www.greenpeace.org\/mexico\/wp-json\/wp\/v2\/types\/page"}],"author":[{"embeddable":true,"href":"https:\/\/www.greenpeace.org\/mexico\/wp-json\/wp\/v2\/users\/19"}],"replies":[{"embeddable":true,"href":"https:\/\/www.greenpeace.org\/mexico\/wp-json\/wp\/v2\/comments?post=437"}],"version-history":[{"count":17,"href":"https:\/\/www.greenpeace.org\/mexico\/wp-json\/wp\/v2\/pages\/437\/revisions"}],"predecessor-version":[{"id":54061,"href":"https:\/\/www.greenpeace.org\/mexico\/wp-json\/wp\/v2\/pages\/437\/revisions\/54061"}],"up":[{"embeddable":true,"href":"https:\/\/www.greenpeace.org\/mexico\/wp-json\/wp\/v2\/pages\/9"}],"wp:featuredmedia":[{"embeddable":true,"href":"https:\/\/www.greenpeace.org\/mexico\/wp-json\/wp\/v2\/media\/441"}],"wp:attachment":[{"href":"https:\/\/www.greenpeace.org\/mexico\/wp-json\/wp\/v2\/media?parent=437"}],"wp:term":[{"taxonomy":"category","embeddable":true,"href":"https:\/\/www.greenpeace.org\/mexico\/wp-json\/wp\/v2\/categories?post=437"},{"taxonomy":"post_tag","embeddable":true,"href":"https:\/\/www.greenpeace.org\/mexico\/wp-json\/wp\/v2\/tags?post=437"}],"curies":[{"name":"wp","href":"https:\/\/api.w.org\/{rel}","templated":true}]}}