{"id":461,"date":"2019-12-01T17:03:00","date_gmt":"2019-12-01T22:03:00","guid":{"rendered":"https:\/\/www.greenpeace.org\/mexico\/?page_id=461"},"modified":"2025-09-23T04:59:18","modified_gmt":"2025-09-23T09:59:18","slug":"liberate-del-plastico","status":"publish","type":"page","link":"https:\/\/www.greenpeace.org\/mexico\/participa\/liberate-del-plastico\/","title":{"rendered":"\u00a1Lib\u00e9rate del pl\u00e1stico!"},"content":{"rendered":"\n                    <div class=\"wp-block-group is-vertical is-layout-flex wp-container-core-group-is-layout-8cf370e7 wp-block-group-is-layout-flex\">\n                    \n                                <p>El mejor desecho es el que no se produce y t\u00fa tienes hoy la oportunidad de hacer el cambio. P\u00eddele a las diputadas y diputados que reformen la Ley General para la Prevenci\u00f3n y Gesti\u00f3n Integral de los Residuos (LGPGIR), que proh\u00edba los pl\u00e1sticos de un solo uso y haga responsable a las marcas de los envases, empaques y embalajes que contaminan nuestro pa\u00eds y su oc\u00e9anos.\r\nM\u00e1s de 324,000 personas ya se sumaron a la petici\u00f3n para exigir a las marcas reducci\u00f3n en su producci\u00f3n de pl\u00e1sticos, pero las corporaciones siguen aprovechando la falta de regulaci\u00f3n que existe en nuestro pa\u00eds. \u00a1Hagamos juntos un cambio mayor! S\u00famate y desplastifiquemos M\u00e9xico.<\/p>\n                            \n\n                    \n                            <div class=\"wp-block-buttons is-layout-flex wp-block-buttons-is-layout-flex\">\n                            <div class=\"wp-block-button\">\n                                <a class=\"wp-block-button__link wp-element-button\" href=\"https:\/\/actua.greenpeace.org.mx\/elviajedeteo\" target=\"\" rel=\"noreferrer noopener\">\n                                    Firma la petici\u00f3n\n                                <\/a>\n                            <\/div>\n                            <\/div>\n                            \n                    <\/div>\n                    <div data-render=\"planet4-blocks\/columns\" data-attributes=\"{&quot;attributes&quot;:{&quot;columns&quot;:[{&quot;title&quot;:&quot;El Problema&quot;,&quot;description&quot;:&quot;Nuestros oc\\u00e9anos se ahogan en pl\\u00e1stico y necesitamos tomar medidas que nos ayuden no solo a encontrar alternativas de compra y consumo, sino a cambiar nuestra manera de vivir. Reciclar ya no es suficiente. Debido a la contaminaci\\u00f3n pl\\u00e1stica m\\u00e1s de 100 mil animales marinos mueren cada a\\u00f1o.&quot;,&quot;link_new_tab&quot;:false},{&quot;title&quot;:&quot;La Soluci\\u00f3n&quot;,&quot;description&quot;:&quot;El modelo comercial que incluye el pl\\u00e1stico desechable que producen las corporaciones debe cambiar con urgencia. Las empresas ya no pueden ignorar el problema y ampararse en los vac\\u00edos legales para evadir su responsabilidad. Es urgente un cambio de h\\u00e1bitos donde la norma no sea comprar y tirar.&quot;,&quot;link_new_tab&quot;:false}],&quot;className&quot;:&quot;is-style-no_image&quot;,&quot;columns_block_style&quot;:&quot;no_image&quot;}}\"><\/div><p>&nbsp;<\/p>\n<div data-render=\"planet4-blocks\/columns\" data-attributes=\"{&quot;attributes&quot;:{&quot;columns_block_style&quot;:&quot;tasks&quot;,&quot;columns_title&quot;:&quot;\\u00bfQu\\u00e9 puedes hacer?&quot;,&quot;columns&quot;:[{&quot;title&quot;:&quot;Calculadora de pl\\u00e1sticos&quot;,&quot;description&quot;:&quot;\\u00bfTe has preguntado cu\\u00e1nto pl\\u00e1stico usas en tu vida diaria? Conoce tu huella pl\\u00e1stica&quot;,&quot;cta_link&quot;:&quot;https:\\\/\\\/actua.greenpeace.org.mx\\\/calculadora-de-plasticos&quot;,&quot;link_new_tab&quot;:false,&quot;cta_text&quot;:&quot;Realizar test&quot;},{&quot;title&quot;:&quot;Realiza una auditor\\u00eda de marca&quot;,&quot;description&quot;:&quot;Realiza una limpieza de playa, parque o ribera de tu comunidad para se\\u00f1alar qu\\u00e9 marcas son m\\u00e1s responsables de la contaminaci\\u00f3n pl\\u00e1stica.&quot;,&quot;cta_link&quot;:&quot;https:\\\/\\\/greenpeace.mx\\\/auditoriademarca\\\/&quot;,&quot;link_new_tab&quot;:false,&quot;cta_text&quot;:&quot;Act\\u00faa&quot;},{&quot;title&quot;:&quot;Descarga el Directorio sin Pl\\u00e1sticos&quot;,&quot;description&quot;:&quot;Este es el primer directorio nacional libre de pl\\u00e1sticos y una gu\\u00eda de consumo responsable con lugares zero waste en todo el pa\\u00eds, para que aprendas a vivir sin pl\\u00e1sticos. \\u00a1Desc\\u00e1rgala y pon un alto a la contaminaci\\u00f3n pl\\u00e1stica desde tus compras! &quot;,&quot;cta_link&quot;:&quot;https:\\\/\\\/actua.greenpeace.org.mx\\\/directorio-sin-plasticos&quot;,&quot;link_new_tab&quot;:false,&quot;cta_text&quot;:&quot;Conoce m\\u00e1s&quot;},{&quot;title&quot;:&quot;Conoce a M\\u00e9xico desplastificado&quot;,&quot;description&quot;:&quot;Estamos convencidos que es urgente prohibir el uso, entrega y venta de pl\\u00e1sticos de un solo uso. Tambi\\u00e9n estamos convencidos de que es posible. Diferentes estados y municipios del pa\\u00eds est\\u00e1n dando los primeros pasos en esta direcci\\u00f3n. Ent\\u00e9rate a trav\\u00e9s de este mapa c\\u00f3mo vamos avanzando.&quot;,&quot;cta_link&quot;:&quot;https:\\\/\\\/actua.greenpeace.org.mx\\\/mapa-legislaciones&quot;,&quot;link_new_tab&quot;:true,&quot;cta_text&quot;:&quot;Conoce m\\u00e1s&quot;}],&quot;className&quot;:&quot;is-style-tasks&quot;}}\"><\/div>\n    <div class=\"wp-block-query posts-list p4-query-loop is-custom-layout-list is-layout-flow wp-block-query-is-layout-flow\">\n        <div class=\"wp-block-group is-content-justification-space-between is-layout-flex wp-container-core-group-is-layout-3d213aab wp-block-group-is-layout-flex\"><h2 class=\"wp-block-heading\">El recorrido de Greenpeace en esta lucha<\/h2>\n        <li class=\" wp-block-navigation-item see-all-link wp-block-navigation-link\"><a class=\"wp-block-navigation-item__content\"  href=\"http:\/\/www-dev.greenpeace.org\/mexico\/news-stories\/\"><span class=\"wp-block-navigation-item__label\">See all stories<\/span><\/a><\/li>\n        \n        <\/div>\n        \n\n    <p style=\"margin-top: 24px; margin-bottom: 36px;\"><\/p>\n\n    \n\n    <ul class=\"wp-block-post-template is-layout-flow wp-block-post-template-is-layout-flow\"><li class=\"wp-block-post post-10802 post type-post status-publish format-standard has-post-thumbnail hentry category-cambio-climatico p4-page-type-blog\">\n            \n<div class=\"wp-block-columns is-layout-flex wp-container-core-columns-is-layout-9d6595d7 wp-block-columns-is-layout-flex\"><figure class=\"wp-block-post-featured-image\"><a href=\"https:\/\/www.greenpeace.org\/mexico\/blog\/10802\/cuatro-anos-de-exigir-oceanos-sin-plasticos\/\" target=\"_self\"  ><img loading=\"lazy\" decoding=\"async\" width=\"1200\" height=\"803\" src=\"https:\/\/www.greenpeace.org\/static\/planet4-mexico-stateless\/2019\/06\/5b23c0d0-gp0stpywj.jpg\" class=\"attachment-post-thumbnail size-post-thumbnail wp-post-image wp-stateless-item\" alt=\"Cuatro a\u00f1os de exigir oc\u00e9anos sin pl\u00e1sticos\" style=\"object-fit:cover;\" srcset=\"https:\/\/www.greenpeace.org\/static\/planet4-mexico-stateless\/2019\/06\/5b23c0d0-gp0stpywj.jpg 1200w, https:\/\/www.greenpeace.org\/static\/planet4-mexico-stateless\/2019\/06\/5b23c0d0-gp0stpywj-300x201.jpg 300w, https:\/\/www.greenpeace.org\/static\/planet4-mexico-stateless\/2019\/06\/5b23c0d0-gp0stpywj-768x514.jpg 768w, https:\/\/www.greenpeace.org\/static\/planet4-mexico-stateless\/2019\/06\/5b23c0d0-gp0stpywj-1024x685.jpg 1024w, https:\/\/www.greenpeace.org\/static\/planet4-mexico-stateless\/2019\/06\/5b23c0d0-gp0stpywj-508x340.jpg 508w\" sizes=\"auto, (max-width: 1200px) 100vw, 1200px\" data-image-size=\"post-thumbnail\" data-stateless-media-bucket=\"planet4-mexico-stateless\" data-stateless-media-name=\"2019\/06\/5b23c0d0-gp0stpywj.jpg\" \/><\/a><\/figure>\n\n        <div class=\"wp-block-group is-layout-flow wp-block-group-is-layout-flow\">\n                <div class=\"wp-block-group is-layout-flex wp-block-group-is-layout-flex\"><div class=\"wp-block-post-terms\"><a href=\"https:\/\/www.greenpeace.org\/mexico\/category\/cambio-climatico\/\">Cambio clim\u00e1tico<\/a><\/div>\n                \n                \n                <\/div>\n                \n        <h3 class=\"wp-block-post-title\"><a href=\"https:\/\/www.greenpeace.org\/mexico\/blog\/10802\/cuatro-anos-de-exigir-oceanos-sin-plasticos\/\" target=\"_self\" >Cuatro a\u00f1os de exigir oc\u00e9anos sin pl\u00e1sticos<\/a><\/h3>\n        <div class=\"wp-block-post-excerpt\"><p class=\"wp-block-post-excerpt__excerpt\">Hace cuatro a\u00f1os, Greenpeace inici\u00f3 una campa\u00f1a internacional para alertar al mundo sobre los devastadores efectos que tiene la basura pl\u00e1stica en nuestros oc\u00e9anos y la biodiversidad que los habita. <\/p><\/div>\n        \n        <div class=\"wp-block-group posts-list-meta is-layout-flow wp-block-group-is-layout-flow\"><span class='article-list-item-author'><a href='https:\/\/www.greenpeace.org\/mexico\/author\/greenpeace-mexico\/'>Greenpeace M\u00e9xico<\/a><\/span>\n        <div class=\"wp-block-post-date\"><time datetime=\"2021-08-25T11:35:04-05:00\">agosto 25, 2021<\/time><\/div>\n        \n        <\/div>\n        <\/div>\n        <\/div>\n\n            <\/li><\/ul>\n\n    \n<div class=\"wp-block-buttons carousel-controls is-horizontal is-content-justification-space-between is-nowrap is-layout-flex wp-container-core-buttons-is-layout-044bd602 wp-block-buttons-is-layout-flex\">\n            <div class=\"wp-block-button carousel-control-prev\"><button type=\"button\" class=\"wp-block-button__link wp-element-button\">Prev<\/button><\/div>\n        \n\n            <div class=\"wp-block-button carousel-control-next\"><button type=\"button\" class=\"wp-block-button__link wp-element-button\">Next<\/button><\/div>\n        <\/div>\n\n\n    <li class=\" wp-block-navigation-item see-all-link wp-block-navigation-link\"><a class=\"wp-block-navigation-item__content\"  href=\"http:\/\/www-dev.greenpeace.org\/mexico\/news-stories\/\"><span class=\"wp-block-navigation-item__label\">See all stories<\/span><\/a><\/li><\/div>\n    \n        <div class=\"wp-block-group is-layout-flow wp-block-group-is-layout-flow\">\n  <h2 class=\"wp-block-heading\">5 tips para hacer las compras libres de pl\u00e1sticos<\/h2>\n  \n        \n        \n        <figure class=\"wp-block-embed is-type-1 is-provider-youtube wp-block-embed-youtube wp-embed-aspect-16-9 wp-has-aspect-ratio\"><div class=\"wp-block-embed__wrapper\">\n        <lite-youtube style=\"background-image: url('https:\/\/i.ytimg.com\/vi\/DqpeFZRZBG4\/hqdefault.jpg');\" videoid=\"DqpeFZRZBG4\" params=\"rel=0\"><\/lite-youtube>\n        <\/div><\/figure><\/div>\n        ","protected":false},"excerpt":{"rendered":"<p>\u00a1Exijamos leyes que prohiban los pl\u00e1sticos de un solo uso! Las corporaciones evaden su responsabilidad porque no existe un marco que las regule. Desplastifiquemos M\u00e9xico. <\/p>\n","protected":false},"author":19,"featured_media":2423,"parent":9,"menu_order":0,"comment_status":"closed","ping_status":"closed","template":"","meta":{"ep_exclude_from_search":false,"p4_hide_page_title_checkbox":"","p4_title":"","p4_subtitle":"","p4_description":"","background_image_id":"","background_image":"","p4_button_title":"","p4_button_link":"","p4_button_link_checkbox":"","p4_og_title":"","p4_og_description":"","p4_og_image":"","p4_og_image_id":"","p4_seo_canonical_url":"","p4_campaign_name":"not set","p4_local_project":"not set","p4_basket_name":"not set","p4_department":"","footnotes":""},"categories":[2],"tags":[20],"class_list":["post-461","page","type-page","status-publish","has-post-thumbnail","hentry","category-cambio-climatico","tag-consumo"],"_links":{"self":[{"href":"https:\/\/www.greenpeace.org\/mexico\/wp-json\/wp\/v2\/pages\/461","targetHints":{"allow":["GET"]}}],"collection":[{"href":"https:\/\/www.greenpeace.org\/mexico\/wp-json\/wp\/v2\/pages"}],"about":[{"href":"https:\/\/www.greenpeace.org\/mexico\/wp-json\/wp\/v2\/types\/page"}],"author":[{"embeddable":true,"href":"https:\/\/www.greenpeace.org\/mexico\/wp-json\/wp\/v2\/users\/19"}],"replies":[{"embeddable":true,"href":"https:\/\/www.greenpeace.org\/mexico\/wp-json\/wp\/v2\/comments?post=461"}],"version-history":[{"count":19,"href":"https:\/\/www.greenpeace.org\/mexico\/wp-json\/wp\/v2\/pages\/461\/revisions"}],"predecessor-version":[{"id":61229,"href":"https:\/\/www.greenpeace.org\/mexico\/wp-json\/wp\/v2\/pages\/461\/revisions\/61229"}],"up":[{"embeddable":true,"href":"https:\/\/www.greenpeace.org\/mexico\/wp-json\/wp\/v2\/pages\/9"}],"wp:featuredmedia":[{"embeddable":true,"href":"https:\/\/www.greenpeace.org\/mexico\/wp-json\/wp\/v2\/media\/2423"}],"wp:attachment":[{"href":"https:\/\/www.greenpeace.org\/mexico\/wp-json\/wp\/v2\/media?parent=461"}],"wp:term":[{"taxonomy":"category","embeddable":true,"href":"https:\/\/www.greenpeace.org\/mexico\/wp-json\/wp\/v2\/categories?post=461"},{"taxonomy":"post_tag","embeddable":true,"href":"https:\/\/www.greenpeace.org\/mexico\/wp-json\/wp\/v2\/tags?post=461"}],"curies":[{"name":"wp","href":"https:\/\/api.w.org\/{rel}","templated":true}]}}