{"id":51125,"date":"2022-07-14T09:56:07","date_gmt":"2022-07-14T14:56:07","guid":{"rendered":"https:\/\/www.greenpeace.org\/mexico\/?page_id=51125"},"modified":"2025-09-23T04:59:06","modified_gmt":"2025-09-23T09:59:06","slug":"hagamos-realidad-un-tratado-global-de-plasticos","status":"publish","type":"page","link":"https:\/\/www.greenpeace.org\/mexico\/participa\/hagamos-realidad-un-tratado-global-de-plasticos\/","title":{"rendered":"Hagamos realidad un Tratado Global de Pl\u00e1sticos"},"content":{"rendered":"\n                    <div class=\"wp-block-group is-vertical is-layout-flex wp-container-core-group-is-layout-8cf370e7 wp-block-group-is-layout-flex\">\n                    \n                                <p>El pl\u00e1stico ya est\u00e1 en todos los rincones del planeta: desde el \u00c1rtico hasta la Ant\u00e1rtida. Cada a\u00f1o llegan a los oc\u00e9anos cerca de 13 millones de toneladas de pl\u00e1stico, provocando serios da\u00f1os que afectan a m\u00e1s de 700 especies marinas. El modelo de consumo basado en usar y tirar productos pl\u00e1sticos es insostenible para el planeta y hoy estamos ante un momento decisivo. \r\n\r\nEn alianza con otras organizaciones, estamos trabajando a nivel internacional para lograr la aprobaci\u00f3n de un Tratado Global de Pl\u00e1sticos que considere su ciclo de vida completo y ponga un alto a la producci\u00f3n de pl\u00e1sticos de un solo uso. Hacer realidad este Tratado permitir\u00e1 promover modificaciones legislativas nacionales que frenen la generaci\u00f3n de residuos desde su origen, asignen responsabilidades a las empresas contaminantes y presenten alternativas basadas en la reutilizaci\u00f3n. \u00a1Suma tu voz para que podamos alcanzarlo!\r\n&nbsp;<\/p>\n                            \n\n                    \n                            <div class=\"wp-block-buttons is-layout-flex wp-block-buttons-is-layout-flex\">\n                            <div class=\"wp-block-button\">\n                                <a class=\"wp-block-button__link wp-element-button\" href=\"https:\/\/actua.greenpeace.org.mx\/tratado-global-de-plasticos\" target=\"_blank\" rel=\"noreferrer noopener\">\n                                    Firma la petici\u00f3n\n                                <\/a>\n                            <\/div>\n                            <\/div>\n                            \n                    <\/div>\n                    \n<div class=\"wp-block-columns is-layout-flex wp-container-core-columns-is-layout-9d6595d7 wp-block-columns-is-layout-flex\">\n<div class=\"wp-block-column is-layout-flow wp-block-column-is-layout-flow\">\n<h2 class=\"wp-block-heading\">El problema<\/h2>\n\n\n\n<p>La creciente producci\u00f3n y uso de pl\u00e1sticos de un solo uso amenazan con contaminar cada rinc\u00f3n del planeta, especialmente los mares. La situaci\u00f3n mundial es cr\u00edtica y la producci\u00f3n de pl\u00e1sticos no solo no se detiene, sino que crece exponencialmente y que ya supera los 400 millones de toneladas anuales, poniendo en peligro la salud de los ecosistemas marinos y la supervivencia de las especies que los habitan.<\/p>\n<\/div>\n\n\n\n<div class=\"wp-block-column is-layout-flow wp-block-column-is-layout-flow\">\n<h2 class=\"wp-block-heading\">La soluci\u00f3n<\/h2>\n\n\n\n<p>\u00a1Necesitamos poner un alto a la contaminaci\u00f3n pl\u00e1stica desde su origen! Exigimos un Tratado Global de Pl\u00e1sticos que contemple su ciclo de vida completo&nbsp; poniendo l\u00edmites a su producci\u00f3n y promoviendo la reutilizaci\u00f3n. Con el Tratado, los pa\u00edses suscritos estar\u00e1n obligados a crear una mayor ambici\u00f3n si sus disposiciones nacionales no son lo suficientemente fuertes para combatir la contaminaci\u00f3n por pl\u00e1sticos, como en el caso de M\u00e9xico.<\/p>\n<\/div>\n<\/div>\n\n    <div class=\"wp-block-query posts-list p4-query-loop is-custom-layout-list is-layout-flow wp-block-query-is-layout-flow\">\n        <div class=\"wp-block-group is-content-justification-space-between is-layout-flex wp-container-core-group-is-layout-3d213aab wp-block-group-is-layout-flex\"><h2 class=\"wp-block-heading\">Contenido relacionado<\/h2>\n        <li class=\" wp-block-navigation-item see-all-link wp-block-navigation-link\"><a class=\"wp-block-navigation-item__content\"  href=\"http:\/\/www-dev.greenpeace.org\/mexico\/news-stories\/?tag=&#038;post-type=blog\"><span class=\"wp-block-navigation-item__label\">See all stories<\/span><\/a><\/li>\n        \n        <\/div>\n        \n\n    <p style=\"margin-top: 24px; margin-bottom: 36px;\"><\/p>\n\n    <div class=\"wp-block-query-no-results\">\n        <p >No posts found.<\/p>\n        <\/div>\n\n    \n\n    \n<div class=\"wp-block-buttons carousel-controls is-horizontal is-content-justification-space-between is-nowrap is-layout-flex wp-container-core-buttons-is-layout-044bd602 wp-block-buttons-is-layout-flex\">\n            <div class=\"wp-block-button carousel-control-prev\"><button type=\"button\" class=\"wp-block-button__link wp-element-button\">Prev<\/button><\/div>\n        \n\n            <div class=\"wp-block-button carousel-control-next\"><button type=\"button\" class=\"wp-block-button__link wp-element-button\">Next<\/button><\/div>\n        <\/div>\n\n\n    <li class=\" wp-block-navigation-item see-all-link wp-block-navigation-link\"><a class=\"wp-block-navigation-item__content\"  href=\"http:\/\/www-dev.greenpeace.org\/mexico\/news-stories\/?tag=&#038;post-type=blog\"><span class=\"wp-block-navigation-item__label\">See all stories<\/span><\/a><\/li><\/div>\n    \n<p><\/p>\n","protected":false},"excerpt":{"rendered":"<p>Impulsemos un Tratado Global de Pl\u00e1sticos que considere su ciclo de vida completo y ponga un alto a la producci\u00f3n de pl\u00e1sticos de un solo uso.<\/p>\n","protected":false},"author":29,"featured_media":4048,"parent":9,"menu_order":0,"comment_status":"closed","ping_status":"closed","template":"","meta":{"ep_exclude_from_search":false,"p4_hide_page_title_checkbox":"","p4_title":"","p4_subtitle":"","p4_description":"","background_image_id":"","background_image":"","p4_button_title":"","p4_button_link":"","p4_button_link_checkbox":"","p4_og_title":"","p4_og_description":"","p4_og_image":"","p4_og_image_id":"","p4_seo_canonical_url":"","p4_campaign_name":"not set","p4_local_project":"not set","p4_basket_name":"not set","p4_department":"","footnotes":""},"categories":[2],"tags":[],"class_list":["post-51125","page","type-page","status-publish","has-post-thumbnail","hentry","category-cambio-climatico"],"_links":{"self":[{"href":"https:\/\/www.greenpeace.org\/mexico\/wp-json\/wp\/v2\/pages\/51125","targetHints":{"allow":["GET"]}}],"collection":[{"href":"https:\/\/www.greenpeace.org\/mexico\/wp-json\/wp\/v2\/pages"}],"about":[{"href":"https:\/\/www.greenpeace.org\/mexico\/wp-json\/wp\/v2\/types\/page"}],"author":[{"embeddable":true,"href":"https:\/\/www.greenpeace.org\/mexico\/wp-json\/wp\/v2\/users\/29"}],"replies":[{"embeddable":true,"href":"https:\/\/www.greenpeace.org\/mexico\/wp-json\/wp\/v2\/comments?post=51125"}],"version-history":[{"count":7,"href":"https:\/\/www.greenpeace.org\/mexico\/wp-json\/wp\/v2\/pages\/51125\/revisions"}],"predecessor-version":[{"id":61221,"href":"https:\/\/www.greenpeace.org\/mexico\/wp-json\/wp\/v2\/pages\/51125\/revisions\/61221"}],"up":[{"embeddable":true,"href":"https:\/\/www.greenpeace.org\/mexico\/wp-json\/wp\/v2\/pages\/9"}],"wp:featuredmedia":[{"embeddable":true,"href":"https:\/\/www.greenpeace.org\/mexico\/wp-json\/wp\/v2\/media\/4048"}],"wp:attachment":[{"href":"https:\/\/www.greenpeace.org\/mexico\/wp-json\/wp\/v2\/media?parent=51125"}],"wp:term":[{"taxonomy":"category","embeddable":true,"href":"https:\/\/www.greenpeace.org\/mexico\/wp-json\/wp\/v2\/categories?post=51125"},{"taxonomy":"post_tag","embeddable":true,"href":"https:\/\/www.greenpeace.org\/mexico\/wp-json\/wp\/v2\/tags?post=51125"}],"curies":[{"name":"wp","href":"https:\/\/api.w.org\/{rel}","templated":true}]}}