{"id":53804,"date":"2024-02-20T19:01:47","date_gmt":"2024-02-21T00:01:47","guid":{"rendered":"https:\/\/www.greenpeace.org\/mexico\/?page_id=53804"},"modified":"2025-06-25T09:36:46","modified_gmt":"2025-06-25T14:36:46","slug":"proximos-eventos","status":"publish","type":"page","link":"https:\/\/www.greenpeace.org\/mexico\/home\/proximos-eventos\/","title":{"rendered":"Pr\u00f3ximos eventos"},"content":{"rendered":"\n\n<div class=\"wp-block-group is-layout-flow wp-block-group-is-layout-flow\">\n\n<div class=\"wp-block-group block is-layout-flow wp-block-group-is-layout-flow\">\n\n<div class=\"wp-block-group alignfull is-layout-flow wp-block-group-is-layout-flow\">\n<div class=\"wp-block-group container is-layout-flow wp-block-group-is-layout-flow\">\n<div class=\"wp-block-media-text alignfull is-stacked-on-mobile is-pattern-p4-page-header is-style-parallax\"><figure class=\"wp-block-media-text__media\"><img loading=\"lazy\" decoding=\"async\" width=\"1024\" height=\"683\" src=\"https:\/\/www.greenpeace.org\/static\/planet4-mexico-stateless\/2024\/02\/e86a559a-06-oceanos-gg-1024x683.jpg\" alt=\"\" sizes=\"auto, (min-width: 601px) 50vw, 100vw\" srcset=\"https:\/\/www.greenpeace.org\/static\/planet4-mexico-stateless\/2024\/02\/e86a559a-06-oceanos-gg.jpg 8192w, https:\/\/www.greenpeace.org\/static\/planet4-mexico-stateless\/2024\/02\/e86a559a-06-oceanos-gg-300x200.jpg 300w, https:\/\/www.greenpeace.org\/static\/planet4-mexico-stateless\/2024\/02\/e86a559a-06-oceanos-gg-1024x683.jpg 1024w, https:\/\/www.greenpeace.org\/static\/planet4-mexico-stateless\/2024\/02\/e86a559a-06-oceanos-gg-768x512.jpg 768w, https:\/\/www.greenpeace.org\/static\/planet4-mexico-stateless\/2024\/02\/e86a559a-06-oceanos-gg-1536x1025.jpg 1536w, https:\/\/www.greenpeace.org\/static\/planet4-mexico-stateless\/2024\/02\/e86a559a-06-oceanos-gg-510x340.jpg 510w\" class=\"wp-image-53874 size-full\"\/><\/figure><div class=\"wp-block-media-text__content\">\n<div class=\"wp-block-group is-layout-flow wp-block-group-is-layout-flow\">\n<h1 class=\"wp-block-heading has-white-background-color has-background\">PR\u00d3XIMOS EVENTOS<\/h1>\n<\/div>\n\n\n\n<p style=\"font-size:1.25rem\">Encu\u00e9ntranos en nuestros pr\u00f3ximos eventos y defendamos juntas y juntos nuestro hogar.<\/p>\n\n\n\n<div class=\"wp-block-buttons is-layout-flex wp-block-buttons-is-layout-flex\"><\/div>\n<\/div><\/div>\n\n\n\n<h1 class=\"wp-block-heading has-text-align-center\">Puntos azules<\/h1>\n\n\n\n<p>Ubica tu punto azul m\u00e1s cercano para registrar tu firma en nuestra iniciativa ciudadana para conseguir Oc\u00e9anos Sin Pl\u00e1sticos.<\/p>\n\n\n\n<h2 class=\"wp-block-heading has-text-align-center\">Puntos azules en Ciudad de M\u00e9xico durante agosto<\/h2>\n\n\n\n<div class=\"wp-block-columns is-layout-flex wp-container-core-columns-is-layout-9d6595d7 wp-block-columns-is-layout-flex\">\n<div class=\"wp-block-column is-layout-flow wp-block-column-is-layout-flow\">\n<p>?Huerto Roma Verde<br>? 17, 24, y 31&nbsp;de agosto<br>\u23f0 10:00 a 18:00 hrs.<\/p>\n<\/div>\n<\/div>\n\n\n\n<h2 class=\"wp-block-heading has-text-align-center\">Colecta de firmas en Ciudad de M\u00e9xico durante agosto<\/h2>\n\n\n\n<div class=\"wp-block-columns is-layout-flex wp-container-core-columns-is-layout-9d6595d7 wp-block-columns-is-layout-flex\">\n<div class=\"wp-block-column is-layout-flow wp-block-column-is-layout-flow\">\n<p>?Festival Hera &#8211; Puerta 15<br>? 24&nbsp;de agosto<br>\u23f0 11:00 a 16:00 hrs.<\/p>\n<\/div>\n<\/div>\n\n\n\n<h2 class=\"wp-block-heading has-text-align-center\">Puntos azules en Puebla durante agosto<\/h2>\n\n\n\n<div class=\"wp-block-columns is-layout-flex wp-container-core-columns-is-layout-9d6595d7 wp-block-columns-is-layout-flex\">\n<div class=\"wp-block-column is-layout-flow wp-block-column-is-layout-flow\">\n<p>?Bazar Second Hand, Cholula<br>? 31 de agosto y 1 de septiembre<br>\u23f0 9:00 a 18:00 hrs.<\/p>\n<\/div>\n\n\n\n<div class=\"wp-block-column is-layout-flow wp-block-column-is-layout-flow\">\n<p>?BUAP CU<br>? 20 de agosto<br>\u23f0 10:00 a 18:00 hrs.<\/p>\n<\/div>\n\n\n\n<div class=\"wp-block-column is-layout-flow wp-block-column-is-layout-flow\">\n<p>?BUAP CU 2<br>? 22 de agosto<br>\u23f0 10:00 a 18:00 hrs.<\/p>\n<\/div>\n<\/div>\n\n\n\n<h2 class=\"wp-block-heading has-text-align-center\">Puntos azules en Chihuahua durante agosto<\/h2>\n\n\n\n<div class=\"wp-block-columns is-layout-flex wp-container-core-columns-is-layout-9d6595d7 wp-block-columns-is-layout-flex\">\n<div class=\"wp-block-column is-layout-flow wp-block-column-is-layout-flow\">\n<p>?Evento Rumba Canina<br>? 18 de agosto<br>\u23f0 10 hrs.<\/p>\n<\/div>\n<\/div>\n\n\n\n<h2 class=\"wp-block-heading has-text-align-center\">Puntos azules en Monterrey durante agosto<\/h2>\n\n\n\n<div class=\"wp-block-columns is-layout-flex wp-container-core-columns-is-layout-9d6595d7 wp-block-columns-is-layout-flex\">\n<div class=\"wp-block-column is-layout-flow wp-block-column-is-layout-flow\">\n<p>?Punto azul Macro Plaza<br>? 17 de agosto<br>\u23f0 16 hrs.<\/p>\n<\/div>\n<\/div>\n\n\n\n<h2 class=\"wp-block-heading has-text-align-center\">Puntos azules en Saltillo durante agosto<\/h2>\n\n\n\n<div class=\"wp-block-columns is-layout-flex wp-container-core-columns-is-layout-9d6595d7 wp-block-columns-is-layout-flex\">\n<div class=\"wp-block-column is-layout-flow wp-block-column-is-layout-flow\">\n<p>?Paseo Capital<br>? 21 de agosto<br>\u23f0 10 a 14 hrs.<\/p>\n<\/div>\n\n\n\n<div class=\"wp-block-column is-layout-flow wp-block-column-is-layout-flow\">\n<p>?Alameda Zaragoza<br>? 23 de agosto<br>\u23f0 14 a 17 hrs.<\/p>\n<\/div>\n\n\n\n<div class=\"wp-block-column is-layout-flow wp-block-column-is-layout-flow\">\n<p>?Plaza de la Ciudades Hermanas<br>? 24 de agosto<br>\u23f0 14 a 17 hrs.<\/p>\n<\/div>\n<\/div>\n\n\n\n<div class=\"wp-block-columns is-layout-flex wp-container-core-columns-is-layout-9d6595d7 wp-block-columns-is-layout-flex\">\n<div class=\"wp-block-column is-layout-flow wp-block-column-is-layout-flow\">\n<p>?Paseo Capital<br>? 25 de agosto<br>\u23f0 18 a 20 hrs.<\/p>\n<\/div>\n\n\n\n<div class=\"wp-block-column is-layout-flow wp-block-column-is-layout-flow\">\n<p>?El Mirador<br>? 27 de agosto<br>\u23f0 16 a 18 hrs.<\/p>\n<\/div>\n\n\n\n<div class=\"wp-block-column is-layout-flow wp-block-column-is-layout-flow\">\n<p>?Alameda Zaragoza<br>? 30 de agosto<br>\u23f0 14 a 16 hrs.<\/p>\n<\/div>\n<\/div>\n<\/div>\n<\/div>\n\n\n\n\n\n<div class=\"wp-block-group alignfull is-layout-flow wp-block-group-is-layout-flow\">\n\n<div class=\"wp-block-group block is-layout-flow wp-block-group-is-layout-flow\">\n\n<div class=\"wp-block-media-text is-stacked-on-mobile\"><figure class=\"wp-block-media-text__media\"><img loading=\"lazy\" decoding=\"async\" width=\"1024\" height=\"683\" src=\"https:\/\/www.greenpeace.org\/static\/planet4-mexico-stateless\/2024\/02\/81aa4433-27-oceanos-gg-1024x683.jpg\" alt=\"\" sizes=\"auto, (min-width: 1600px) calc((1320px - 24px) \/ 2),(min-width: 1200px) calc((1140px - 24px) \/ 2),(min-width: 992px) calc((960px - 24px) \/ 2),(min-width: 768px) calc((720px - 24px) \/ 2),(min-width: 601px) calc((540px - 24px) \/ 2),(min-width: 577px) calc((540px - 24px) \/ 1), calc(100vw - 24px)\" srcset=\"https:\/\/www.greenpeace.org\/static\/planet4-mexico-stateless\/2024\/02\/81aa4433-27-oceanos-gg.jpg 8192w, https:\/\/www.greenpeace.org\/static\/planet4-mexico-stateless\/2024\/02\/81aa4433-27-oceanos-gg-300x200.jpg 300w, https:\/\/www.greenpeace.org\/static\/planet4-mexico-stateless\/2024\/02\/81aa4433-27-oceanos-gg-1024x683.jpg 1024w, https:\/\/www.greenpeace.org\/static\/planet4-mexico-stateless\/2024\/02\/81aa4433-27-oceanos-gg-768x512.jpg 768w, https:\/\/www.greenpeace.org\/static\/planet4-mexico-stateless\/2024\/02\/81aa4433-27-oceanos-gg-1536x1025.jpg 1536w, https:\/\/www.greenpeace.org\/static\/planet4-mexico-stateless\/2024\/02\/81aa4433-27-oceanos-gg-510x340.jpg 510w\" class=\"wp-image-53866 size-full\"\/><\/figure><div class=\"wp-block-media-text__content\">\n<h2 class=\"wp-block-heading\">\u00bfNo encontraste tu ciudad?<\/h2>\n\n\n\n<p>No te preocupes si no encontraste un punto azul en tu ciudad, puedes registrar tu firma de forma digital, te explicamos el paso a paso.<\/p>\n\n\n\n<div class=\"wp-block-buttons is-layout-flex wp-block-buttons-is-layout-flex\">\n<div class=\"wp-block-button\"><a class=\"wp-block-button__link has-white-color has-blue-green-800-background-color has-text-color has-background has-link-color wp-element-button\" href=\"https:\/\/www.greenpeace.org\/mexico\/blog\/53800\/consigamos-200-mil-firmas-por-oceanos-sin-plasticos\/\">Registra tu firma digital aqu\u00ed<\/a><\/div>\n<\/div>\n<\/div><\/div>\n\n<\/div>\n\n<\/div>\n\n\n\n\n<div style=\"height:32px\" aria-hidden=\"true\" class=\"wp-block-spacer\"><\/div>\n\n\n\n<h2 class=\"wp-block-heading\">\u00a1Haz algo m\u00e1s por el planeta!<\/h2>\n\n\n\n<div class=\"wp-block-columns is-layout-flex wp-container-core-columns-is-layout-9d6595d7 wp-block-columns-is-layout-flex\">\n<div class=\"wp-block-column has-grey-100-background-color has-background is-layout-flow wp-block-column-is-layout-flow\">\n<figure class=\"wp-block-image size-large\"><a href=\"https:\/\/act.gp\/45Vnjl7\"><img loading=\"lazy\" decoding=\"async\" width=\"1024\" height=\"683\" src=\"https:\/\/www.greenpeace.org\/static\/planet4-mexico-stateless\/2023\/05\/f031fa42-230520_banners-crew-0740-1024x683.jpg\" alt=\"\" class=\"wp-image-52508\" srcset=\"https:\/\/www.greenpeace.org\/static\/planet4-mexico-stateless\/2023\/05\/f031fa42-230520_banners-crew-0740-1024x683.jpg 1024w, https:\/\/www.greenpeace.org\/static\/planet4-mexico-stateless\/2023\/05\/f031fa42-230520_banners-crew-0740-300x200.jpg 300w, https:\/\/www.greenpeace.org\/static\/planet4-mexico-stateless\/2023\/05\/f031fa42-230520_banners-crew-0740-768x512.jpg 768w, https:\/\/www.greenpeace.org\/static\/planet4-mexico-stateless\/2023\/05\/f031fa42-230520_banners-crew-0740-1536x1024.jpg 1536w, https:\/\/www.greenpeace.org\/static\/planet4-mexico-stateless\/2023\/05\/f031fa42-230520_banners-crew-0740-2048x1366.jpg 2048w, https:\/\/www.greenpeace.org\/static\/planet4-mexico-stateless\/2023\/05\/f031fa42-230520_banners-crew-0740-510x340.jpg 510w\" sizes=\"auto, (max-width: 1024px) 100vw, 1024px\" \/><\/a><\/figure>\n\n\n\n<h3 class=\"wp-block-heading\" style=\"margin-top:10px;margin-right:10px;margin-bottom:10px;margin-left:10px\"><a href=\"https:\/\/act.gp\/45Vnjl7\">Dona $10 pesos diarios<\/a><\/h3>\n\n\n\n<p style=\"margin-left:10px;\"> Convierte tu preocupaci\u00f3n en acci\u00f3n, dona para impulsar acciones que protejan el medio ambiente. <\/p>\n\n\n\n<div class=\"wp-block-buttons is-content-justification-left is-layout-flex wp-container-core-buttons-is-layout-fdcfc74e wp-block-buttons-is-layout-flex\">\n<div class=\"wp-block-button\"><a class=\"wp-block-button__link has-beige-100-color has-green-800-background-color has-text-color has-background wp-element-button\" href=\"https:\/\/act.gp\/45Vnjl7\" target=\"_blank\" rel=\"noreferrer noopener\">Dona hoy<\/a><\/div>\n<\/div>\n<\/div>\n\n\n\n<div class=\"wp-block-column has-grey-100-background-color has-background is-layout-flow wp-block-column-is-layout-flow\">\n<figure class=\"wp-block-image size-full\"><a href=\"https:\/\/act.gp\/3SObjeX\"><img loading=\"lazy\" decoding=\"async\" width=\"4160\" height=\"2768\" src=\"https:\/\/www.greenpeace.org\/static\/planet4-mexico-stateless\/2023\/12\/03b5f44e-hands-of-resistance-mexico-2.png\" title=\"Fotograf\u00eda de integrantes del voluntariado de Greenpeace M\u00e9xico, que sostienen una manta que dice &quot;Fin a los cr\u00edmenes f\u00f3siles&quot; y sus manos est\u00e1n pintadas de negro representando los combustibles f\u00f3siles.\" alt=\"\" class=\"wp-image-53608\" srcset=\"https:\/\/www.greenpeace.org\/static\/planet4-mexico-stateless\/2023\/12\/03b5f44e-hands-of-resistance-mexico-2.png 4160w, https:\/\/www.greenpeace.org\/static\/planet4-mexico-stateless\/2023\/12\/03b5f44e-hands-of-resistance-mexico-2-300x200.png 300w, https:\/\/www.greenpeace.org\/static\/planet4-mexico-stateless\/2023\/12\/03b5f44e-hands-of-resistance-mexico-2-1024x681.png 1024w, https:\/\/www.greenpeace.org\/static\/planet4-mexico-stateless\/2023\/12\/03b5f44e-hands-of-resistance-mexico-2-768x511.png 768w, https:\/\/www.greenpeace.org\/static\/planet4-mexico-stateless\/2023\/12\/03b5f44e-hands-of-resistance-mexico-2-1536x1022.png 1536w, https:\/\/www.greenpeace.org\/static\/planet4-mexico-stateless\/2023\/12\/03b5f44e-hands-of-resistance-mexico-2-2048x1363.png 2048w, https:\/\/www.greenpeace.org\/static\/planet4-mexico-stateless\/2023\/12\/03b5f44e-hands-of-resistance-mexico-2-510x340.png 510w\" sizes=\"auto, (max-width: 4160px) 100vw, 4160px\" \/><\/a><\/figure>\n\n\n\n<h3 class=\"wp-block-heading\" style=\"margin-top:10px;margin-right:10px;margin-bottom:10px;margin-left:10px\">Alza tu voz<\/h3>\n\n\n\n<p style=\"margin-left:10px;\"> Toma acci\u00f3n el d\u00eda de hoy y firma nuestras peticiones para frenar las amenazas del medio ambiente y proteger nuestro hogar. <\/p>\n\n\n\n<div class=\"wp-block-buttons is-content-justification-left is-layout-flex wp-container-core-buttons-is-layout-fdcfc74e wp-block-buttons-is-layout-flex\">\n<div class=\"wp-block-button\"><a class=\"wp-block-button__link has-white-color has-green-800-background-color has-text-color has-background wp-element-button\" href=\"https:\/\/act.gp\/3SObjeX\">Firma<\/a><\/div>\n<\/div>\n<\/div>\n<\/div>\n<\/div>\n\n<\/div>\n\n","protected":false},"excerpt":{"rendered":"<p>\u00a1Acomp\u00e1\u00f1anos en los pr\u00f3ximos eventos de Greenpeace M\u00e9xico!<\/p>\n","protected":false},"author":35,"featured_media":452,"parent":13,"menu_order":0,"comment_status":"closed","ping_status":"closed","template":"","meta":{"ep_exclude_from_search":false,"p4_hide_page_title_checkbox":"on","p4_title":"","p4_subtitle":"","p4_description":"","background_image_id":"","background_image":"","p4_button_title":"","p4_button_link":"","p4_button_link_checkbox":"","p4_og_title":"Pr\u00f3ximos eventos de Greenpeace M\u00e9xico","p4_og_description":"\u00a1Acomp\u00e1\u00f1anos en los pr\u00f3ximos eventos de Greenpeace M\u00e9xico!","p4_og_image":"https:\/\/www.greenpeace.org\/static\/planet4-mexico-stateless\/2018\/10\/9089ff2b-gp04snk.jpg","p4_og_image_id":"452","p4_seo_canonical_url":"","p4_campaign_name":"","p4_local_project":"","p4_basket_name":"","p4_department":"","footnotes":""},"categories":[],"tags":[],"class_list":["post-53804","page","type-page","status-publish","has-post-thumbnail","hentry"],"_links":{"self":[{"href":"https:\/\/www.greenpeace.org\/mexico\/wp-json\/wp\/v2\/pages\/53804","targetHints":{"allow":["GET"]}}],"collection":[{"href":"https:\/\/www.greenpeace.org\/mexico\/wp-json\/wp\/v2\/pages"}],"about":[{"href":"https:\/\/www.greenpeace.org\/mexico\/wp-json\/wp\/v2\/types\/page"}],"author":[{"embeddable":true,"href":"https:\/\/www.greenpeace.org\/mexico\/wp-json\/wp\/v2\/users\/35"}],"replies":[{"embeddable":true,"href":"https:\/\/www.greenpeace.org\/mexico\/wp-json\/wp\/v2\/comments?post=53804"}],"version-history":[{"count":20,"href":"https:\/\/www.greenpeace.org\/mexico\/wp-json\/wp\/v2\/pages\/53804\/revisions"}],"predecessor-version":[{"id":58099,"href":"https:\/\/www.greenpeace.org\/mexico\/wp-json\/wp\/v2\/pages\/53804\/revisions\/58099"}],"up":[{"embeddable":true,"href":"https:\/\/www.greenpeace.org\/mexico\/wp-json\/wp\/v2\/pages\/13"}],"wp:featuredmedia":[{"embeddable":true,"href":"https:\/\/www.greenpeace.org\/mexico\/wp-json\/wp\/v2\/media\/452"}],"wp:attachment":[{"href":"https:\/\/www.greenpeace.org\/mexico\/wp-json\/wp\/v2\/media?parent=53804"}],"wp:term":[{"taxonomy":"category","embeddable":true,"href":"https:\/\/www.greenpeace.org\/mexico\/wp-json\/wp\/v2\/categories?post=53804"},{"taxonomy":"post_tag","embeddable":true,"href":"https:\/\/www.greenpeace.org\/mexico\/wp-json\/wp\/v2\/tags?post=53804"}],"curies":[{"name":"wp","href":"https:\/\/api.w.org\/{rel}","templated":true}]}}