{"id":59126,"date":"2025-07-08T16:12:40","date_gmt":"2025-07-08T21:12:40","guid":{"rendered":"https:\/\/www-dev.greenpeace.org\/mexico\/?page_id=59126"},"modified":"2025-08-01T20:00:08","modified_gmt":"2025-08-02T01:00:08","slug":"iniciativa-plasticos","status":"publish","type":"page","link":"https:\/\/www.greenpeace.org\/mexico\/campanas\/mexico-sin-plastico\/iniciativa-plasticos\/","title":{"rendered":"Iniciativa pl\u00e1sticos"},"content":{"rendered":"\n\n<div class=\"wp-block-group alignfull is-layout-flow wp-block-group-is-layout-flow\">\n<div class=\"wp-block-group container is-layout-flow wp-block-group-is-layout-flow\">\n<div class=\"wp-block-media-text alignfull has-media-on-the-right is-stacked-on-mobile is-pattern-p4-page-header is-style-parallax\" style=\"grid-template-columns:auto 60%\"><div class=\"wp-block-media-text__content\">\n<div class=\"wp-block-group is-layout-flow wp-block-group-is-layout-flow\">\n<h1 class=\"wp-block-heading has-white-color has-green-800-background-color has-text-color has-background has-link-color wp-elements-d85faab961b47c2cabfc86e663df6d45\">\u00a1T\u00fa tienes el poder de cambiar la ley!<\/h1>\n<\/div>\n\n\n\n<p style=\"font-size:1.25rem\">Con tu firma y la de 120 mil personas m\u00e1s podemos conseguir oc\u00e9anos sin pl\u00e1sticos.<\/p>\n\n\n\n<div class=\"wp-block-buttons is-layout-flex wp-block-buttons-is-layout-flex\"><\/div>\n<\/div><figure class=\"wp-block-media-text__media\"><img loading=\"lazy\" decoding=\"async\" width=\"1024\" height=\"683\" src=\"https:\/\/www.greenpeace.org\/static\/planet4-mexico-stateless\/2024\/06\/a0a17a52-008_consuelopagaza_greenpeace_accionguerrerp_15junio2024-1024x683.jpg\" alt=\"Activistas de Grreenpeace M\u00e9xico realizan recolecci\u00f3n de basura en las playas de Acapulco\" sizes=\"auto, (min-width: 601px) 60vw, 100vw\" srcset=\"https:\/\/www.greenpeace.org\/static\/planet4-mexico-stateless\/2024\/06\/a0a17a52-008_consuelopagaza_greenpeace_accionguerrerp_15junio2024-scaled.jpg 2560w, https:\/\/www.greenpeace.org\/static\/planet4-mexico-stateless\/2024\/06\/a0a17a52-008_consuelopagaza_greenpeace_accionguerrerp_15junio2024-300x200.jpg 300w, https:\/\/www.greenpeace.org\/static\/planet4-mexico-stateless\/2024\/06\/a0a17a52-008_consuelopagaza_greenpeace_accionguerrerp_15junio2024-1024x683.jpg 1024w, https:\/\/www.greenpeace.org\/static\/planet4-mexico-stateless\/2024\/06\/a0a17a52-008_consuelopagaza_greenpeace_accionguerrerp_15junio2024-768x512.jpg 768w, https:\/\/www.greenpeace.org\/static\/planet4-mexico-stateless\/2024\/06\/a0a17a52-008_consuelopagaza_greenpeace_accionguerrerp_15junio2024-1536x1024.jpg 1536w, https:\/\/www.greenpeace.org\/static\/planet4-mexico-stateless\/2024\/06\/a0a17a52-008_consuelopagaza_greenpeace_accionguerrerp_15junio2024-2048x1366.jpg 2048w, https:\/\/www.greenpeace.org\/static\/planet4-mexico-stateless\/2024\/06\/a0a17a52-008_consuelopagaza_greenpeace_accionguerrerp_15junio2024-510x340.jpg 510w\" class=\"wp-image-54221 size-full\"\/><\/figure><\/div>\n<\/div>\n<\/div>\n\n\n<div class=\"wp-block-media-text is-stacked-on-mobile\"><figure class=\"wp-block-media-text__media\"><img loading=\"lazy\" decoding=\"async\" width=\"1200\" height=\"800\" src=\"https:\/\/www.greenpeace.org\/static\/planet4-mexico-stateless\/2025\/07\/7cbef431-gp1t7ucg.jpg\" alt=\"Global Plastics Treaty Projection in Punta del Este, Uruguay. \u00a9 Greenpeace \/ Manuela Louren\u00e7o\" sizes=\"auto, (min-width: 1600px) calc((1320px - 24px) \/ 2),(min-width: 1200px) calc((1140px - 24px) \/ 2),(min-width: 992px) calc((960px - 24px) \/ 2),(min-width: 768px) calc((720px - 24px) \/ 2),(min-width: 601px) calc((540px - 24px) \/ 2),(min-width: 577px) calc((540px - 24px) \/ 1), calc(100vw - 24px)\" srcset=\"https:\/\/www.greenpeace.org\/static\/planet4-mexico-stateless\/2025\/07\/7cbef431-gp1t7ucg.jpg 1200w, https:\/\/www.greenpeace.org\/static\/planet4-mexico-stateless\/2025\/07\/7cbef431-gp1t7ucg-300x200.jpg 300w, https:\/\/www.greenpeace.org\/static\/planet4-mexico-stateless\/2025\/07\/7cbef431-gp1t7ucg-1024x683.jpg 1024w, https:\/\/www.greenpeace.org\/static\/planet4-mexico-stateless\/2025\/07\/7cbef431-gp1t7ucg-768x512.jpg 768w, https:\/\/www.greenpeace.org\/static\/planet4-mexico-stateless\/2025\/07\/7cbef431-gp1t7ucg-510x340.jpg 510w\" class=\"wp-image-59127 size-full\"\/><\/figure><div class=\"wp-block-media-text__content\">\n<h2 class=\"wp-block-heading has-dark-green-800-color has-text-color has-link-color wp-elements-561e7961b976e25446189acca3342abb\">\u00bfC\u00f3mo puedes unirte?<\/h2>\n\n\n\n<p><\/p>\n\n\n\n<p>Tenemos el poder de presentar en el Congreso de la Uni\u00f3n una ley antipl\u00e1sticos que reforme la Ley General de Residuos (LGPGIR) para obligar a las industrias a detener la comercializaci\u00f3n de pl\u00e1sticos desechables y el dise\u00f1o de productos concebidos para tirarse, y as\u00ed combatir el problema desde su ra\u00edz. Puedes firmar por la ley antipl\u00e1sticos de forma f\u00edsica o digital e invitar a m\u00e1s personas a sumarse.<\/p>\n<\/div><\/div>\n\n<div style=\"height:20px\" aria-hidden=\"true\" class=\"wp-block-spacer\"><\/div>\n\n<h3 class=\"wp-block-heading has-text-align-center has-dark-green-800-color has-text-color has-link-color has-large-font-size wp-elements-e1d6d5b47c181176d544df8fb4993cec\">Firma por la ley antipl\u00e1sticos en f\u00edsico<\/h3>\n\n<p class=\"has-text-align-center\">Si quieres firmar la iniciativa ciudadana en f\u00edsico, sigue las indicaciones:<\/p>\n\n<div class=\"wp-block-columns is-layout-flex wp-container-core-columns-is-layout-9d6595d7 wp-block-columns-is-layout-flex\">\n<div class=\"wp-block-column is-layout-flow wp-block-column-is-layout-flow\">\n<figure class=\"wp-block-image aligncenter size-large\"><img decoding=\"async\" src=\"https:\/\/actua.greenpeace.org.mx\/hubfs\/Descargables_2024\/INE_Grande1.jpg\" alt=\"Instructivo para llenar el Formato para la obtenci\u00f3n de firmas ciudadanas para Iniciativa Ciudadana\"\/><\/figure>\n<\/div>\n\n\n\n<div class=\"wp-block-column is-layout-flow wp-block-column-is-layout-flow\">\n<figure class=\"wp-block-image size-full\"><a href=\"http:\/\/actua.greenpeace.org.mx\/hubfs\/Descargables_2024\/Formato%20para%20la%20obtenci\u00f3n%20de%20firmas%20ciudadanas%20para%20Iniciativa%20Ciudadana_2024.pdf\"><img decoding=\"async\" src=\"https:\/\/www.greenpeace.org\/static\/planet4-mexico-stateless\/2024\/09\/43bcab29-formato-obtencion-firmas.jpg\" title=\"Activistas de Greenpeace M\u00e9xico se manifestaron a las afueras del Senado de la Rep\u00fablica con una red llena de desechos pl\u00e1sticos y la leyenda \u201cSenado: es su responsabilidad prohibir los pl\u00e1sticos\u201d, luego de que un tribunal orden\u00f3 al Congreso legislar para prohibir los pl\u00e1sticos de un solo uso.\" alt=\"Formato de firmas\" class=\"wp-image-54553\"\/><\/a><figcaption><div class=\"credit icon-left\"> \u00a9 Consuelo Pagaza \/ Greenpeace<\/div><\/figcaption><\/figure>\n\n\n\n<p class=\"has-text-align-center\"><a href=\"http:\/\/actua.greenpeace.org.mx\/hubfs\/Descargables_2024\/Formato%20para%20la%20obtenci%C3%B3n%20de%20firmas%20ciudadanas%20para%20Iniciativa%20Ciudadana_2024.pdf\" target=\"_blank\" rel=\"noreferrer noopener\">Formato para la obtenci\u00f3n de firmas ciudadanas para Iniciativa Ciudadana<\/a><\/p>\n\n\n\n<div class=\"wp-block-buttons is-content-justification-center is-layout-flex wp-container-core-buttons-is-layout-16018d1d wp-block-buttons-is-layout-flex\">\n<div class=\"wp-block-button\"><a class=\"wp-block-button__link wp-element-button\" href=\"https:\/\/actua.greenpeace.org.mx\/hubfs\/Descargables_2024\/Formato%20para%20la%20obtenci%C3%B3n%20de%20firmas%20ciudadanas%20para%20Iniciativa%20Ciudadana_2024.pdf?_ga=2.48248303.85947663.1752005385-380857910.1743439547&amp;_gl=1*u5f0nb*_gcl_au*MTE2NzQ5Mzk4MC4xNzUxMjk1NzY5*_ga*MzgwODU3OTEwLjE3NDM0Mzk1NDc.*_ga_YERBT5H8S8*czE3NTIwMDUzODQkbzkxJGcxJHQxNzUyMDA4ODA3JGo2MCRsMCRoMTY3NzYyMTc5Mw..*_ga_YD3HB7L4S9*czE3NTIwMDUzODQkbzkxJGcxJHQxNzUyMDA4ODA3JGo2MCRsMCRoMjQwOTQzNDcx\" target=\"_blank\" rel=\"noreferrer noopener\">Descarga el formato aqu\u00ed<\/a><\/div>\n<\/div>\n\n\n\n<p><\/p>\n\n\n\n<p>Los formatos llenos deber\u00e1n enviarse en original a la oficina de Greenpeace M\u00e9xico ubicada en Luis Kuhne 55, Col. Las \u00c1guilas. Alcald\u00eda \u00c1lvaro Obreg\u00f3n, CP 01710, CDMX.<\/p>\n\n\n\n<p>Si has logrado llenar <strong>5 o m\u00e1s formatos<\/strong> (<strong>arriba de 50 firmas<\/strong>) escr\u00edbemos a&nbsp;<a href=\"mailto:ogarelli@greenpeace.org\" target=\"_blank\" rel=\"noreferrer noopener\">ogarelli@greenpeace.org<\/a>&nbsp;para enviarte una gu\u00eda para su env\u00edo&nbsp;gratuito por paqueter\u00eda.<\/p>\n<\/div>\n<\/div>\n\n<p class=\"has-text-align-center has-grey-200-background-color has-background\"><strong>IMPORTANTE:<\/strong> Los formatos firmados deber\u00e1n ir acompa\u00f1ados de las <strong>FOTOS DE LAS CREDENCIALES INE DE LAS PERSONAS FIRMANTES<\/strong>, las cuales pueden enviarse a&nbsp;<a href=\"mailto:ogarelli@greenpeace.org\" target=\"_blank\" rel=\"noreferrer noopener\">ogarelli@greenpeace.org&nbsp;<\/a>o bien enviarse impresas o en fotocopia junto con los formatos de firma a la direcci\u00f3n arriba mencionada<\/p>\n\n<div style=\"height:20px\" aria-hidden=\"true\" class=\"wp-block-spacer\"><\/div>\n\n<h3 class=\"wp-block-heading has-text-align-center has-dark-green-800-color has-text-color has-link-color has-large-font-size wp-elements-2350b3a6c0de6a628c783c59417c2693\">Firma la ley antipl\u00e1sticos digitalmente, sigue los pasos:<\/h3>\n\n<div class=\"wp-block-columns is-layout-flex wp-container-core-columns-is-layout-9d6595d7 wp-block-columns-is-layout-flex\">\n<div class=\"wp-block-column is-layout-flow wp-block-column-is-layout-flow\">\n<figure class=\"wp-block-image aligncenter size-large is-resized\"><img loading=\"lazy\" decoding=\"async\" width=\"1024\" height=\"1024\" src=\"https:\/\/www.greenpeace.org\/static\/planet4-mexico-stateless\/2024\/06\/370d5f92-2-1024x1024.png\" alt=\"\" class=\"wp-image-54267\" style=\"object-fit:cover;width:189px;height:auto\" srcset=\"https:\/\/www.greenpeace.org\/static\/planet4-mexico-stateless\/2024\/06\/370d5f92-2-1024x1024.png 1024w, https:\/\/www.greenpeace.org\/static\/planet4-mexico-stateless\/2024\/06\/370d5f92-2-300x300.png 300w, https:\/\/www.greenpeace.org\/static\/planet4-mexico-stateless\/2024\/06\/370d5f92-2-150x150.png 150w, https:\/\/www.greenpeace.org\/static\/planet4-mexico-stateless\/2024\/06\/370d5f92-2-768x768.png 768w, https:\/\/www.greenpeace.org\/static\/planet4-mexico-stateless\/2024\/06\/370d5f92-2-340x340.png 340w, https:\/\/www.greenpeace.org\/static\/planet4-mexico-stateless\/2024\/06\/370d5f92-2.png 1080w\" sizes=\"auto, (max-width: 1024px) 100vw, 1024px\" \/><\/figure>\n\n\n\n<h4 class=\"wp-block-heading has-text-align-left\">Descarga la aplicaci\u00f3n<\/h4>\n\n\n\n<p>Descarga la aplicaci\u00f3n de <strong>Apoyo Ciudadano &#8211; INE<\/strong>. Una vez que la tengas en tu celular ve por tu INE y ve siguiendo los pasos que te marca la aplicaci\u00f3n. Te recomendamos escribir un correo electr\u00f3nico al que tengas f\u00e1cil acceso porque recibir\u00e1s un c\u00f3digo.<\/p>\n<\/div>\n\n\n\n<div class=\"wp-block-column is-layout-flow wp-block-column-is-layout-flow\">\n<figure class=\"wp-block-image aligncenter size-large is-resized\"><img loading=\"lazy\" decoding=\"async\" width=\"1024\" height=\"1024\" src=\"https:\/\/www.greenpeace.org\/static\/planet4-mexico-stateless\/2024\/06\/e2fcf2ab-3-1024x1024.png\" alt=\"\" class=\"wp-image-54268\" style=\"object-fit:cover;width:189px;height:auto\" srcset=\"https:\/\/www.greenpeace.org\/static\/planet4-mexico-stateless\/2024\/06\/e2fcf2ab-3-1024x1024.png 1024w, https:\/\/www.greenpeace.org\/static\/planet4-mexico-stateless\/2024\/06\/e2fcf2ab-3-300x300.png 300w, https:\/\/www.greenpeace.org\/static\/planet4-mexico-stateless\/2024\/06\/e2fcf2ab-3-150x150.png 150w, https:\/\/www.greenpeace.org\/static\/planet4-mexico-stateless\/2024\/06\/e2fcf2ab-3-768x768.png 768w, https:\/\/www.greenpeace.org\/static\/planet4-mexico-stateless\/2024\/06\/e2fcf2ab-3-340x340.png 340w, https:\/\/www.greenpeace.org\/static\/planet4-mexico-stateless\/2024\/06\/e2fcf2ab-3.png 1080w\" sizes=\"auto, (max-width: 1024px) 100vw, 1024px\" \/><\/figure>\n\n\n\n<h4 class=\"wp-block-heading has-text-align-left\">Introduce el c\u00f3digo<\/h4>\n\n\n\n<p>Una vez que tengas el c\u00f3digo de activaci\u00f3n que lleg\u00f3 a tu correo, introd\u00facelo en la aplicaci\u00f3n y en el siguiente pantalla selecciona lo siguiente:<br>1. Consulta\/Iniciativa ciudadana<br>2. Consulta\/Iniciativa ciudadana<br>3. Iniciativa ciudadana antipl\u00e1sticos<\/p>\n<\/div>\n\n\n\n<div class=\"wp-block-column is-layout-flow wp-block-column-is-layout-flow\">\n<figure class=\"wp-block-image aligncenter size-large is-resized\"><img loading=\"lazy\" decoding=\"async\" width=\"1024\" height=\"1024\" src=\"https:\/\/www.greenpeace.org\/static\/planet4-mexico-stateless\/2024\/06\/44ae1d9a-1-1024x1024.png\" alt=\"\" class=\"wp-image-54269\" style=\"width:189px\" srcset=\"https:\/\/www.greenpeace.org\/static\/planet4-mexico-stateless\/2024\/06\/44ae1d9a-1-1024x1024.png 1024w, https:\/\/www.greenpeace.org\/static\/planet4-mexico-stateless\/2024\/06\/44ae1d9a-1-300x300.png 300w, https:\/\/www.greenpeace.org\/static\/planet4-mexico-stateless\/2024\/06\/44ae1d9a-1-150x150.png 150w, https:\/\/www.greenpeace.org\/static\/planet4-mexico-stateless\/2024\/06\/44ae1d9a-1-768x768.png 768w, https:\/\/www.greenpeace.org\/static\/planet4-mexico-stateless\/2024\/06\/44ae1d9a-1-340x340.png 340w, https:\/\/www.greenpeace.org\/static\/planet4-mexico-stateless\/2024\/06\/44ae1d9a-1.png 1080w\" sizes=\"auto, (max-width: 1024px) 100vw, 1024px\" \/><\/figure>\n\n\n\n<h4 class=\"wp-block-heading has-text-align-left\">Captura tu firma<\/h4>\n\n\n\n<p>Sigue los pasos y recomendaciones que marca la aplicaci\u00f3n. Toma las fotos con luz y procura que tu firma se vea lo m\u00e1s parecida a la de tu INE para que no sea rechazada. \u00a1Y listo, ahora invita a tus amigos y familiares a firmar!<\/p>\n<\/div>\n<\/div>\n\n<div class=\"wp-block-columns is-layout-flex wp-container-core-columns-is-layout-9d6595d7 wp-block-columns-is-layout-flex\">\n<div class=\"wp-block-column is-layout-flow wp-block-column-is-layout-flow\">\n<div class=\"wp-block-buttons is-layout-flex wp-block-buttons-is-layout-flex\">\n<div class=\"wp-block-button has-custom-width wp-block-button__width-100 is-style-cta\"><a class=\"wp-block-button__link has-white-color has-green-800-background-color has-text-color has-background has-link-color has-medium-font-size has-custom-font-size wp-element-button\" href=\"https:\/\/act.gp\/3z9ZjON\">Descarga la aplicaci\u00f3n Apoyo Ciudadano desde Play Store<\/a><\/div>\n<\/div>\n<\/div>\n\n\n\n<div class=\"wp-block-column is-layout-flow wp-block-column-is-layout-flow\">\n<div class=\"wp-block-buttons is-layout-flex wp-block-buttons-is-layout-flex\">\n<div class=\"wp-block-button has-custom-width wp-block-button__width-100\"><a class=\"wp-block-button__link has-white-color has-green-800-background-color has-text-color has-background has-link-color has-medium-font-size has-text-align-center has-custom-font-size wp-element-button\" href=\"https:\/\/act.gp\/3KU8CFo\">Descarga la aplicaci\u00f3n Apoyo Ciudadano desde App Store<\/a><\/div>\n<\/div>\n<\/div>\n<\/div>\n\n<div style=\"height:20px\" aria-hidden=\"true\" class=\"wp-block-spacer\"><\/div>\n\n<h3 class=\"wp-block-heading has-text-align-center has-dark-green-800-color has-text-color has-link-color has-large-font-size wp-elements-12f4521008820dda712051e70f41adc1\">\u00bfQuieres m\u00e1s informaci\u00f3n?<\/h3>\n\n<p class=\"has-text-align-center\"><a href=\"https:\/\/www.greenpeace.org\/mexico\/campanas\/mexico-sin-plastico\/\" data-type=\"page\" data-id=\"56182\" target=\"_blank\" rel=\"noreferrer noopener\">Entra aqu\u00ed<\/a> y descubre la problem\u00e1tica que enfrentan nuestros oc\u00e9anos<\/p>\n\n<div style=\"height:20px\" aria-hidden=\"true\" class=\"wp-block-spacer\"><\/div>\n\n<div class=\"wp-block-group container has-green-800-background-color has-background is-layout-constrained wp-block-group-is-layout-constrained\" style=\"padding-top:var(--wp--preset--spacing--20);padding-bottom:var(--wp--preset--spacing--20)\">\n<div style=\"height:24px\" aria-hidden=\"true\" class=\"wp-block-spacer\"><\/div>\n\n\n\n<h2 class=\"wp-block-heading has-text-align-center has-white-color has-text-color has-link-color wp-elements-d1df2a17efe1b6fef2e2959c525b7e57\" style=\"margin-top:1px;margin-right:0;margin-bottom:1px;margin-left:0;font-size:45px\">\u00a1\u00danete!<\/h2>\n\n\n\n<div class=\"wp-block-columns is-not-stacked-on-mobile is-style-mobile-carousel is-layout-flex wp-container-core-columns-is-layout-9d6595d7 wp-block-columns-is-layout-flex\">\n<div class=\"wp-block-column is-layout-flow wp-block-column-is-layout-flow\">\n<div class=\"wp-block-group group-stretched-link is-layout-flow wp-block-group-is-layout-flow\">\n<figure class=\"wp-block-image aligncenter size-full is-resized force-no-lightbox force-no-caption mb-0 is-style-default\"><img loading=\"lazy\" decoding=\"async\" width=\"1080\" height=\"1080\" src=\"https:\/\/www.greenpeace.org\/static\/planet4-mexico-stateless\/2025\/02\/98b999d4-texto.png\" alt=\"\" class=\"wp-image-54726\" style=\"object-fit:contain;width:120px;height:120px\" srcset=\"https:\/\/www.greenpeace.org\/static\/planet4-mexico-stateless\/2025\/02\/98b999d4-texto.png 1080w, https:\/\/www.greenpeace.org\/static\/planet4-mexico-stateless\/2025\/02\/98b999d4-texto-300x300.png 300w, https:\/\/www.greenpeace.org\/static\/planet4-mexico-stateless\/2025\/02\/98b999d4-texto-1024x1024.png 1024w, https:\/\/www.greenpeace.org\/static\/planet4-mexico-stateless\/2025\/02\/98b999d4-texto-150x150.png 150w, https:\/\/www.greenpeace.org\/static\/planet4-mexico-stateless\/2025\/02\/98b999d4-texto-768x768.png 768w, https:\/\/www.greenpeace.org\/static\/planet4-mexico-stateless\/2025\/02\/98b999d4-texto-340x340.png 340w\" sizes=\"auto, (max-width: 1080px) 100vw, 1080px\" \/><\/figure>\n\n\n\n<div style=\"height:16px\" aria-hidden=\"true\" class=\"wp-block-spacer\"><\/div>\n\n\n\n<h5 class=\"wp-block-heading has-text-align-center has-white-color has-text-color has-link-color wp-elements-e9370ffa40d31c7d13766e6821723861\" style=\"font-size:1.4rem\"><a href=\"https:\/\/www.greenpeace.org\/mexico\/socios-y-socias\/\" target=\"_blank\" rel=\"noreferrer noopener\">Hazte socio\/a<\/a><\/h5>\n<\/div>\n<\/div>\n\n\n\n<div class=\"wp-block-column is-layout-flow wp-block-column-is-layout-flow\">\n<div class=\"wp-block-group group-stretched-link is-layout-flow wp-block-group-is-layout-flow\">\n<figure class=\"wp-block-image aligncenter size-full is-resized force-no-lightbox force-no-caption mb-0 is-style-default\"><img loading=\"lazy\" decoding=\"async\" width=\"512\" height=\"512\" src=\"https:\/\/www.greenpeace.org\/static\/planet4-mexico-stateless\/2025\/02\/a6eae3fb-peticion.png\" alt=\"\" class=\"wp-image-54727\" style=\"object-fit:cover;width:120px;height:120px\" srcset=\"https:\/\/www.greenpeace.org\/static\/planet4-mexico-stateless\/2025\/02\/a6eae3fb-peticion.png 512w, https:\/\/www.greenpeace.org\/static\/planet4-mexico-stateless\/2025\/02\/a6eae3fb-peticion-300x300.png 300w, https:\/\/www.greenpeace.org\/static\/planet4-mexico-stateless\/2025\/02\/a6eae3fb-peticion-150x150.png 150w, https:\/\/www.greenpeace.org\/static\/planet4-mexico-stateless\/2025\/02\/a6eae3fb-peticion-340x340.png 340w\" sizes=\"auto, (max-width: 512px) 100vw, 512px\" \/><\/figure>\n\n\n\n<div style=\"height:16px\" aria-hidden=\"true\" class=\"wp-block-spacer\"><\/div>\n\n\n\n<h5 class=\"wp-block-heading has-text-align-center has-white-color has-text-color has-link-color wp-elements-5ab51a43a5efcc897fda06930408194b\" style=\"font-size:1.4rem\"><a href=\"https:\/\/www.greenpeace.org\/mexico\/participa\/peticiones\/\" target=\"_blank\" rel=\"noreferrer noopener\">Firma nuestras peticiones<\/a><\/h5>\n<\/div>\n<\/div>\n\n\n\n<div class=\"wp-block-column is-layout-flow wp-block-column-is-layout-flow\">\n<div class=\"wp-block-group group-stretched-link is-layout-flow wp-block-group-is-layout-flow\">\n<figure class=\"wp-block-image aligncenter size-full is-resized force-no-lightbox force-no-caption mb-0 is-style-default\"><img loading=\"lazy\" decoding=\"async\" width=\"512\" height=\"512\" src=\"https:\/\/www.greenpeace.org\/static\/planet4-mexico-stateless\/2025\/02\/a3d4a203-98cd-441c-9595-890eaa94e256.png\" alt=\"\" class=\"wp-image-54728\" style=\"object-fit:cover;width:120px;height:auto\" srcset=\"https:\/\/www.greenpeace.org\/static\/planet4-mexico-stateless\/2025\/02\/a3d4a203-98cd-441c-9595-890eaa94e256.png 512w, https:\/\/www.greenpeace.org\/static\/planet4-mexico-stateless\/2025\/02\/a3d4a203-98cd-441c-9595-890eaa94e256-300x300.png 300w, https:\/\/www.greenpeace.org\/static\/planet4-mexico-stateless\/2025\/02\/a3d4a203-98cd-441c-9595-890eaa94e256-150x150.png 150w, https:\/\/www.greenpeace.org\/static\/planet4-mexico-stateless\/2025\/02\/a3d4a203-98cd-441c-9595-890eaa94e256-340x340.png 340w\" sizes=\"auto, (max-width: 512px) 100vw, 512px\" \/><\/figure>\n\n\n\n<div style=\"height:16px\" aria-hidden=\"true\" class=\"wp-block-spacer\"><\/div>\n\n\n\n<h5 class=\"wp-block-heading has-text-align-center has-white-color has-text-color has-link-color wp-elements-79c5b9a5493b58093d4f5b427ad912c2\" style=\"font-size:1.4rem\"><a href=\"https:\/\/www.greenpeace.org\/mexico\/participa\/voluntariado\/\" target=\"_blank\" rel=\"noreferrer noopener\">Hazte voluntario\/a<\/a><\/h5>\n<\/div>\n<\/div>\n\n\n\n<div class=\"wp-block-column is-layout-flow wp-block-column-is-layout-flow\">\n<div class=\"wp-block-group group-stretched-link is-layout-flow wp-block-group-is-layout-flow\">\n<figure class=\"wp-block-image aligncenter size-full is-resized force-no-lightbox force-no-caption mb-0 is-style-default\"><img loading=\"lazy\" decoding=\"async\" width=\"512\" height=\"512\" src=\"https:\/\/www.greenpeace.org\/static\/planet4-mexico-stateless\/2025\/02\/02954e25-968f-497d-ad6d-47e74acdceee.png\" alt=\"\" class=\"wp-image-54729\" style=\"object-fit:cover;width:120px;height:120px\" srcset=\"https:\/\/www.greenpeace.org\/static\/planet4-mexico-stateless\/2025\/02\/02954e25-968f-497d-ad6d-47e74acdceee.png 512w, https:\/\/www.greenpeace.org\/static\/planet4-mexico-stateless\/2025\/02\/02954e25-968f-497d-ad6d-47e74acdceee-300x300.png 300w, https:\/\/www.greenpeace.org\/static\/planet4-mexico-stateless\/2025\/02\/02954e25-968f-497d-ad6d-47e74acdceee-150x150.png 150w, https:\/\/www.greenpeace.org\/static\/planet4-mexico-stateless\/2025\/02\/02954e25-968f-497d-ad6d-47e74acdceee-340x340.png 340w\" sizes=\"auto, (max-width: 512px) 100vw, 512px\" \/><\/figure>\n\n\n\n<div style=\"height:16px\" aria-hidden=\"true\" class=\"wp-block-spacer\"><\/div>\n\n\n\n<h5 class=\"wp-block-heading has-text-align-center has-white-color has-text-color has-link-color wp-elements-29f2b363ba4a526456574e03185b8961\" style=\"font-size:1.4rem\"><a href=\"https:\/\/www.greenpeace.org\/mexico\/ciberactivismo\/\" target=\"_blank\" rel=\"noreferrer noopener\">Hazte ciberactivista<\/a><\/h5>\n<\/div>\n<\/div>\n<\/div>\n<\/div>\n\n<div style=\"height:70px\" aria-hidden=\"true\" class=\"wp-block-spacer\"><\/div>\n","protected":false},"excerpt":{"rendered":"<p>\u00bfC\u00f3mo puedes unirte? Tenemos el poder de presentar en el Congreso de la Uni\u00f3n una ley antipl\u00e1sticos que reforme la Ley General de Residuos (LGPGIR) para obligar a las industrias a detener la comercializaci\u00f3n de pl\u00e1sticos desechables y el dise\u00f1o de productos concebidos para tirarse, y as\u00ed combatir el problema desde su ra\u00edz. Puedes firmar [&hellip;]<\/p>\n","protected":false},"author":83,"featured_media":54221,"parent":56182,"menu_order":0,"comment_status":"closed","ping_status":"closed","template":"","meta":{"ep_exclude_from_search":false,"p4_hide_page_title_checkbox":"on","p4_title":"","p4_subtitle":"","p4_description":"","background_image_id":"","background_image":"","p4_button_title":"","p4_button_link":"","p4_button_link_checkbox":"","p4_og_title":"","p4_og_description":"","p4_og_image":"","p4_og_image_id":"","p4_seo_canonical_url":"","p4_campaign_name":"","p4_local_project":"","p4_basket_name":"","p4_department":"","footnotes":""},"categories":[45],"tags":[],"class_list":["post-59126","page","type-page","status-publish","has-post-thumbnail","hentry","category-plasticos"],"_links":{"self":[{"href":"https:\/\/www.greenpeace.org\/mexico\/wp-json\/wp\/v2\/pages\/59126","targetHints":{"allow":["GET"]}}],"collection":[{"href":"https:\/\/www.greenpeace.org\/mexico\/wp-json\/wp\/v2\/pages"}],"about":[{"href":"https:\/\/www.greenpeace.org\/mexico\/wp-json\/wp\/v2\/types\/page"}],"author":[{"embeddable":true,"href":"https:\/\/www.greenpeace.org\/mexico\/wp-json\/wp\/v2\/users\/83"}],"replies":[{"embeddable":true,"href":"https:\/\/www.greenpeace.org\/mexico\/wp-json\/wp\/v2\/comments?post=59126"}],"version-history":[{"count":6,"href":"https:\/\/www.greenpeace.org\/mexico\/wp-json\/wp\/v2\/pages\/59126\/revisions"}],"predecessor-version":[{"id":60190,"href":"https:\/\/www.greenpeace.org\/mexico\/wp-json\/wp\/v2\/pages\/59126\/revisions\/60190"}],"up":[{"embeddable":true,"href":"https:\/\/www.greenpeace.org\/mexico\/wp-json\/wp\/v2\/pages\/56182"}],"wp:featuredmedia":[{"embeddable":true,"href":"https:\/\/www.greenpeace.org\/mexico\/wp-json\/wp\/v2\/media\/54221"}],"wp:attachment":[{"href":"https:\/\/www.greenpeace.org\/mexico\/wp-json\/wp\/v2\/media?parent=59126"}],"wp:term":[{"taxonomy":"category","embeddable":true,"href":"https:\/\/www.greenpeace.org\/mexico\/wp-json\/wp\/v2\/categories?post=59126"},{"taxonomy":"post_tag","embeddable":true,"href":"https:\/\/www.greenpeace.org\/mexico\/wp-json\/wp\/v2\/tags?post=59126"}],"curies":[{"name":"wp","href":"https:\/\/api.w.org\/{rel}","templated":true}]}}