{"id":61257,"date":"2025-09-23T17:13:02","date_gmt":"2025-09-23T22:13:02","guid":{"rendered":"https:\/\/www.greenpeace.org\/mexico\/?page_id=61257"},"modified":"2025-09-30T14:57:52","modified_gmt":"2025-09-30T19:57:52","slug":"la-selva-maya-grita","status":"publish","type":"page","link":"https:\/\/www.greenpeace.org\/mexico\/campanas\/selva-maya\/la-selva-maya-grita\/","title":{"rendered":"La Selva Maya grita"},"content":{"rendered":"\n\n<div class=\"wp-block-group alignfull is-layout-flow wp-block-group-is-layout-flow\">\n\n<div class=\"wp-block-group alignfull is-layout-flow wp-block-group-is-layout-flow\">\n<div class=\"wp-block-group container is-layout-flow wp-block-group-is-layout-flow\">\n<div class=\"wp-block-media-text alignfull has-media-on-the-right is-stacked-on-mobile is-pattern-p4-page-header is-style-parallax\" style=\"grid-template-columns:auto 60%\"><div class=\"wp-block-media-text__content\">\n<div class=\"wp-block-group is-layout-flow wp-block-group-is-layout-flow\">\n<h1 class=\"wp-block-heading has-white-color has-green-800-background-color has-text-color has-background has-link-color wp-elements-a97c8c2ac0e452a961b6f764a1e35c24\"><strong>La Selva Maya grita<\/strong><\/h1>\n<\/div>\n\n\n\n<p style=\"font-size:1.25rem\"><strong>Su llamado de auxilio no puede ser ignorado&nbsp;\u00a1ya no m\u00e1s!<\/strong><\/p>\n\n\n\n<p><strong>Greenpeace M\u00e9xico trajo al centro del pa\u00eds el rugir del jaguar.<\/strong> Con un mensaje desplegado por activistas a 70 metros de altura desde un ic\u00f3nico edificio en una de las avenidas principales del centro del pa\u00eds, <strong>pidi\u00f3 a Semarnat salvarla.&nbsp;<\/strong><\/p>\n<\/div><figure class=\"wp-block-media-text__media\"><img loading=\"lazy\" decoding=\"async\" width=\"1024\" height=\"714\" src=\"https:\/\/www.greenpeace.org\/static\/planet4-mexico-stateless\/2025\/09\/fa40d2db-selva-maya-estrella-luz-1024x714.jpg\" alt=\"\" sizes=\"auto, (min-width: 601px) 60vw, 100vw\" srcset=\"https:\/\/www.greenpeace.org\/static\/planet4-mexico-stateless\/2025\/09\/fa40d2db-selva-maya-estrella-luz.jpg 1147w, https:\/\/www.greenpeace.org\/static\/planet4-mexico-stateless\/2025\/09\/fa40d2db-selva-maya-estrella-luz-300x209.jpg 300w, https:\/\/www.greenpeace.org\/static\/planet4-mexico-stateless\/2025\/09\/fa40d2db-selva-maya-estrella-luz-1024x714.jpg 1024w, https:\/\/www.greenpeace.org\/static\/planet4-mexico-stateless\/2025\/09\/fa40d2db-selva-maya-estrella-luz-768x536.jpg 768w, https:\/\/www.greenpeace.org\/static\/planet4-mexico-stateless\/2025\/09\/fa40d2db-selva-maya-estrella-luz-487x340.jpg 487w\" class=\"wp-image-61258 size-full\"\/><\/figure><\/div>\n<\/div>\n<\/div>\n\n<\/div>\n\n\n<div class=\"wp-block-media-text is-stacked-on-mobile\"><figure class=\"wp-block-media-text__media\"><img loading=\"lazy\" decoding=\"async\" width=\"1200\" height=\"800\" src=\"https:\/\/www.greenpeace.org\/static\/planet4-mexico-stateless\/2025\/05\/23207f6a-gp0su4nbg.jpg\" alt=\"Mining Extraction in the Mayan Jungle.\" sizes=\"auto, (min-width: 1600px) calc((1320px - 24px) \/ 2),(min-width: 1200px) calc((1140px - 24px) \/ 2),(min-width: 992px) calc((960px - 24px) \/ 2),(min-width: 768px) calc((720px - 24px) \/ 2),(min-width: 601px) calc((540px - 24px) \/ 2),(min-width: 577px) calc((540px - 24px) \/ 1), calc(100vw - 24px)\" srcset=\"https:\/\/www.greenpeace.org\/static\/planet4-mexico-stateless\/2025\/05\/23207f6a-gp0su4nbg.jpg 1200w, https:\/\/www.greenpeace.org\/static\/planet4-mexico-stateless\/2025\/05\/23207f6a-gp0su4nbg-300x200.jpg 300w, https:\/\/www.greenpeace.org\/static\/planet4-mexico-stateless\/2025\/05\/23207f6a-gp0su4nbg-1024x683.jpg 1024w, https:\/\/www.greenpeace.org\/static\/planet4-mexico-stateless\/2025\/05\/23207f6a-gp0su4nbg-768x512.jpg 768w, https:\/\/www.greenpeace.org\/static\/planet4-mexico-stateless\/2025\/05\/23207f6a-gp0su4nbg-510x340.jpg 510w\" class=\"wp-image-56212 size-full\"\/><\/figure><div class=\"wp-block-media-text__content\">\n<p>La Selva Maya pide auxilio porque est\u00e1n acabando con ella. Cada d\u00eda es v\u00edctima de la tala de enormes extensiones de \u00e1rboles para dar paso a desarrollos inmobiliarios, proyectos tur\u00edsticos de gran escala o plataformas multimodales para la fase de carga del Tren Maya.&nbsp;<br><br><\/p>\n<\/div><\/div>\n\n<div style=\"height:25px\" aria-hidden=\"true\" class=\"wp-block-spacer\"><\/div>\n\n<p class=\"has-text-align-center has-grey-200-background-color has-background has-medium-font-size\">El saqueo y la extracci\u00f3n tambi\u00e9n la amenazan: las sascaberas son enormes excavaciones, similares a minas a cielo abierto, que se utilizan para extraer sascab o \u201ctierra blanca\u201d, un material p\u00e9treo proveniente de la piedra caliza que forma el suelo de la <a href=\"https:\/\/www.greenpeace.org\/mexico\/campanas\/selva-maya\/\">pen\u00ednsula de Yucat\u00e1n<\/a>, una tierra que es blanda, porosa y altamente valorada por la industria de la construcci\u00f3n.<\/p>\n\n<div style=\"height:40px\" aria-hidden=\"true\" class=\"wp-block-spacer\"><\/div>\n\n<div class=\"wp-block-media-text has-media-on-the-right is-stacked-on-mobile\"><div class=\"wp-block-media-text__content\">\n<p>Tampoco se salva de la contaminaci\u00f3n. El modelo de agricultura y ganader\u00eda industrial, las mega granjas porc\u00edcolas est\u00e1n contaminando el suelo y el agua. La salud, la biodiversidad y la vida de especies animales y de las comunidades est\u00e1n en juego.&nbsp;<\/p>\n<\/div><figure class=\"wp-block-media-text__media\"><img loading=\"lazy\" decoding=\"async\" width=\"1200\" height=\"800\" src=\"https:\/\/www.greenpeace.org\/static\/planet4-mexico-stateless\/2025\/09\/ba99e9b4-gp1su3sv.jpg\" alt=\"Pigs In Open Stalls in Lower Saxony, Germany. \u00a9 Maria Feck \/ Greenpeace\" sizes=\"auto, (min-width: 1600px) calc((1320px - 24px) \/ 2),(min-width: 1200px) calc((1140px - 24px) \/ 2),(min-width: 992px) calc((960px - 24px) \/ 2),(min-width: 768px) calc((720px - 24px) \/ 2),(min-width: 601px) calc((540px - 24px) \/ 2),(min-width: 577px) calc((540px - 24px) \/ 1), calc(100vw - 24px)\" srcset=\"https:\/\/www.greenpeace.org\/static\/planet4-mexico-stateless\/2025\/09\/ba99e9b4-gp1su3sv.jpg 1200w, https:\/\/www.greenpeace.org\/static\/planet4-mexico-stateless\/2025\/09\/ba99e9b4-gp1su3sv-300x200.jpg 300w, https:\/\/www.greenpeace.org\/static\/planet4-mexico-stateless\/2025\/09\/ba99e9b4-gp1su3sv-1024x683.jpg 1024w, https:\/\/www.greenpeace.org\/static\/planet4-mexico-stateless\/2025\/09\/ba99e9b4-gp1su3sv-768x512.jpg 768w, https:\/\/www.greenpeace.org\/static\/planet4-mexico-stateless\/2025\/09\/ba99e9b4-gp1su3sv-510x340.jpg 510w\" class=\"wp-image-61264 size-full\"\/><\/figure><\/div>\n\n<div style=\"height:40px\" aria-hidden=\"true\" class=\"wp-block-spacer\"><\/div>\n\n<div class=\"wp-block-media-text is-stacked-on-mobile\"><figure class=\"wp-block-media-text__media\"><img loading=\"lazy\" decoding=\"async\" width=\"1200\" height=\"800\" src=\"https:\/\/www.greenpeace.org\/static\/planet4-mexico-stateless\/2025\/05\/70bfcd61-gp1sueho.jpg\" alt=\"Jaguar (Panthera onca) in Pantanal, Brazil. \u00a9 Leandro Cagiano \/ Greenpeace\" sizes=\"auto, (min-width: 1600px) calc((1320px - 24px) \/ 2),(min-width: 1200px) calc((1140px - 24px) \/ 2),(min-width: 992px) calc((960px - 24px) \/ 2),(min-width: 768px) calc((720px - 24px) \/ 2),(min-width: 601px) calc((540px - 24px) \/ 2),(min-width: 577px) calc((540px - 24px) \/ 1), calc(100vw - 24px)\" srcset=\"https:\/\/www.greenpeace.org\/static\/planet4-mexico-stateless\/2025\/05\/70bfcd61-gp1sueho.jpg 1200w, https:\/\/www.greenpeace.org\/static\/planet4-mexico-stateless\/2025\/05\/70bfcd61-gp1sueho-300x200.jpg 300w, https:\/\/www.greenpeace.org\/static\/planet4-mexico-stateless\/2025\/05\/70bfcd61-gp1sueho-1024x683.jpg 1024w, https:\/\/www.greenpeace.org\/static\/planet4-mexico-stateless\/2025\/05\/70bfcd61-gp1sueho-768x512.jpg 768w, https:\/\/www.greenpeace.org\/static\/planet4-mexico-stateless\/2025\/05\/70bfcd61-gp1sueho-510x340.jpg 510w\" class=\"wp-image-56208 size-full\"\/><\/figure><div class=\"wp-block-media-text__content\">\n<p>Y si la selva muere, morir\u00e1 el Jaguar, y las comunidades que viven en y de la selva tambi\u00e9n sufrir\u00e1n y cualquiera de nosotros, sin importar la distancia geogr\u00e1fica, porque esa Selva nos da ox\u00edgeno, regula nuestro clima, nos protege del cambio clim\u00e1tico, nos da vida.&nbsp;<br><\/p>\n<\/div><\/div>\n\n<div style=\"height:40px\" aria-hidden=\"true\" class=\"wp-block-spacer\"><\/div>\n\n<p class=\"has-text-align-center has-beige-100-color has-green-800-background-color has-text-color has-background has-link-color wp-elements-421399899765e751946ef20c8faae500\">El gobierno mexicano a trav\u00e9s de la Secretar\u00eda de Medio Ambiente y Recursos Naturales (Semarnat) ha ignorado el rugido del jaguar, la voz de las comunidades locales y sobre todo, su deber de cuidar esta regi\u00f3n fundamental para el equilibrio ecol\u00f3gico de todo M\u00e9xico.&nbsp;<\/p>\n\n<div style=\"height:40px\" aria-hidden=\"true\" class=\"wp-block-spacer\"><\/div>\n\t\t\t<section\n\t\t\tclass=\"boxout  \"\n\t\t\t\n\t\t>\n\t\t\t<a\n\t\t\t\tdata-ga-category=\"Take Action Boxout\"\n\t\t\t\tdata-ga-action=\"Image\"\n\t\t\t\tdata-ga-label=\"n\/a\"\n\t\t\t\tclass=\"cover-card-overlay\"\n\t\t\t\thref=\"https:\/\/www.greenpeace.org\/mexico\/campanas\/selva-maya\/la-selva-maya-grita\/?form=protejamos-la-selva-maya&amp;utm_content=PaginaSelvaMayaGrita&amp;utm_source=greenpeace.org&amp;utm_medium=pagina_de_campa\u00f1a&amp;utm_campaign=lossofecosistems\" target=\"_blank\"\n\t\t\t><\/a>\n\t\t\t\t\t\t\t<img\n\t\t\t\t\t\tsrc=\"https:\/\/www.greenpeace.org\/static\/planet4-mexico-stateless\/2025\/05\/499a49d6-gp1sxn1t-1024x612.jpg\"\n\t\t\t\t\t\tsrcset=\"https:\/\/www.greenpeace.org\/static\/planet4-mexico-stateless\/2025\/05\/499a49d6-gp1sxn1t-300x179.jpg 300w, https:\/\/www.greenpeace.org\/static\/planet4-mexico-stateless\/2025\/05\/499a49d6-gp1sxn1t-1024x612.jpg 1024w, https:\/\/www.greenpeace.org\/static\/planet4-mexico-stateless\/2025\/05\/499a49d6-gp1sxn1t-768x459.jpg 768w, https:\/\/www.greenpeace.org\/static\/planet4-mexico-stateless\/2025\/05\/499a49d6-gp1sxn1t-510x305.jpg 510w, https:\/\/www.greenpeace.org\/static\/planet4-mexico-stateless\/2025\/05\/499a49d6-gp1sxn1t.jpg 1200w\"\n\t\t\t\t\t\tsizes=\"(min-width: 1000px) 358px, (min-width: 780px) 313px, 88px\"\n\t\t\t\t\t\talt=\"Jaguar (Pantera Onca) in Pantanal of Mato Grosso, Brazil. \u00a9 Carlos Eduardo Fragoso \/ Greenpeace\" title=\"Jaguar (Pantera Onca) in Pantanal of Mato Grosso, Brazil. \u00a9 Carlos Eduardo Fragoso \/ Greenpeace\"\n\t\t\t\t\/>\n            \t\t\t<div class=\"boxout-content\">\n\t\t\t\t\t\t\t\t\t<a\n\t\t\t\t\t\tclass=\"boxout-heading medium\"\n\t\t\t\t\t\tdata-ga-category=\"Take Action Boxout\"\n\t\t\t\t\t\tdata-ga-action=\"Title\"\n\t\t\t\t\t\tdata-ga-label=\"n\/a\"\n\t\t\t\t\t\thref=\"https:\/\/www.greenpeace.org\/mexico\/campanas\/selva-maya\/la-selva-maya-grita\/?form=protejamos-la-selva-maya&amp;utm_content=PaginaSelvaMayaGrita&amp;utm_source=greenpeace.org&amp;utm_medium=pagina_de_campa\u00f1a&amp;utm_campaign=lossofecosistems\"\n\t\t\t\t\t\ttarget=\"_blank\"\n\t\t\t\t\t>\n\t\t\t\t\t\tHoy, M\u00e9xico puede unirse al grito de \u00a1Selva! \u00bfTe sumas?\n\t\t\t\t\t<\/a>\n\t\t\t\t\t\t\t\t\t\t\t\t\t<p class=\"boxout-excerpt\">Cada cent\u00edmetro de selva es fundamental e irrecuperable. Por eso hoy, alzamos la voz para pedir a Semarnat \u00a1salva la Selva Maya!<\/p>\n\t\t\t\t                                    <a\n                        class=\"btn btn-primary\"\n                        data-ga-category=\"Take Action Boxout\"\n                        data-ga-action=\"Call to Action\"\n                        data-ga-label=\"n\/a\"\n                        href=\"https:\/\/www.greenpeace.org\/mexico\/campanas\/selva-maya\/la-selva-maya-grita\/?form=protejamos-la-selva-maya&amp;utm_content=PaginaSelvaMayaGrita&amp;utm_source=greenpeace.org&amp;utm_medium=pagina_de_campa\u00f1a&amp;utm_campaign=lossofecosistems\"\n                        target=\"_blank\"\n                    >\n                        Dona ahora\n                    <\/a>\n                \t\t\t<\/div>\n\t\t\t\t\t<\/section>\n\t\n<div style=\"height:40px\" aria-hidden=\"true\" class=\"wp-block-spacer\"><\/div>\n\n<h3 class=\"wp-block-heading has-text-align-center has-dark-green-800-color has-text-color has-link-color has-large-font-size wp-elements-4cdbe2dd55fc9f227835eb495f166a0a\">Mira la realidad de la Selva Maya<\/h3>\n\n<figure class=\"wp-block-embed is-type-video is-provider-youtube wp-block-embed-youtube wp-embed-aspect-16-9 wp-has-aspect-ratio\"><div class=\"wp-block-embed__wrapper\">\n<iframe loading=\"lazy\" title=\"Trailer - Documental: Voces de la Selva Maya\" width=\"500\" height=\"281\" src=\"https:\/\/www.youtube.com\/embed\/rVtaRLDAhdY?feature=oembed\" frameborder=\"0\" allow=\"accelerometer; autoplay; clipboard-write; encrypted-media; gyroscope; picture-in-picture; web-share\" referrerpolicy=\"strict-origin-when-cross-origin\" allowfullscreen><\/iframe>\n<\/div><\/figure>\n\n<div style=\"height:40px\" aria-hidden=\"true\" class=\"wp-block-spacer\"><\/div>\n\n<div class=\"wp-block-group container has-green-800-background-color has-background is-layout-constrained wp-block-group-is-layout-constrained\" style=\"padding-top:var(--wp--preset--spacing--20);padding-bottom:var(--wp--preset--spacing--20)\">\n<div style=\"height:24px\" aria-hidden=\"true\" class=\"wp-block-spacer\"><\/div>\n\n\n\n<h2 class=\"wp-block-heading has-text-align-center has-white-color has-text-color has-link-color wp-elements-d1df2a17efe1b6fef2e2959c525b7e57\" style=\"margin-top:1px;margin-right:0;margin-bottom:1px;margin-left:0;font-size:45px\">\u00a1\u00danete!<\/h2>\n\n\n\n<div class=\"wp-block-columns is-not-stacked-on-mobile is-style-mobile-carousel is-layout-flex wp-container-core-columns-is-layout-9d6595d7 wp-block-columns-is-layout-flex\">\n<div class=\"wp-block-column is-layout-flow wp-block-column-is-layout-flow\">\n<div class=\"wp-block-group group-stretched-link is-layout-flow wp-block-group-is-layout-flow\">\n<figure class=\"wp-block-image aligncenter size-full is-resized force-no-lightbox force-no-caption mb-0 is-style-default\"><img loading=\"lazy\" decoding=\"async\" width=\"1080\" height=\"1080\" src=\"https:\/\/www.greenpeace.org\/static\/planet4-mexico-stateless\/2025\/02\/98b999d4-texto.png\" alt=\"\" class=\"wp-image-54726\" style=\"object-fit:contain;width:120px;height:120px\" srcset=\"https:\/\/www.greenpeace.org\/static\/planet4-mexico-stateless\/2025\/02\/98b999d4-texto.png 1080w, https:\/\/www.greenpeace.org\/static\/planet4-mexico-stateless\/2025\/02\/98b999d4-texto-300x300.png 300w, https:\/\/www.greenpeace.org\/static\/planet4-mexico-stateless\/2025\/02\/98b999d4-texto-1024x1024.png 1024w, https:\/\/www.greenpeace.org\/static\/planet4-mexico-stateless\/2025\/02\/98b999d4-texto-150x150.png 150w, https:\/\/www.greenpeace.org\/static\/planet4-mexico-stateless\/2025\/02\/98b999d4-texto-768x768.png 768w, https:\/\/www.greenpeace.org\/static\/planet4-mexico-stateless\/2025\/02\/98b999d4-texto-340x340.png 340w\" sizes=\"auto, (max-width: 1080px) 100vw, 1080px\" \/><\/figure>\n\n\n\n<div style=\"height:16px\" aria-hidden=\"true\" class=\"wp-block-spacer\"><\/div>\n\n\n\n<h5 class=\"wp-block-heading has-text-align-center has-white-color has-text-color has-link-color wp-elements-e9370ffa40d31c7d13766e6821723861\" style=\"font-size:1.4rem\"><a href=\"https:\/\/www.greenpeace.org\/mexico\/socios-y-socias\/\" target=\"_blank\" rel=\"noreferrer noopener\">Hazte socio\/a<\/a><\/h5>\n<\/div>\n<\/div>\n\n\n\n<div class=\"wp-block-column is-layout-flow wp-block-column-is-layout-flow\">\n<div class=\"wp-block-group group-stretched-link is-layout-flow wp-block-group-is-layout-flow\">\n<figure class=\"wp-block-image aligncenter size-full is-resized force-no-lightbox force-no-caption mb-0 is-style-default\"><img loading=\"lazy\" decoding=\"async\" width=\"512\" height=\"512\" src=\"https:\/\/www.greenpeace.org\/static\/planet4-mexico-stateless\/2025\/02\/a6eae3fb-peticion.png\" alt=\"\" class=\"wp-image-54727\" style=\"object-fit:cover;width:120px;height:120px\" srcset=\"https:\/\/www.greenpeace.org\/static\/planet4-mexico-stateless\/2025\/02\/a6eae3fb-peticion.png 512w, https:\/\/www.greenpeace.org\/static\/planet4-mexico-stateless\/2025\/02\/a6eae3fb-peticion-300x300.png 300w, https:\/\/www.greenpeace.org\/static\/planet4-mexico-stateless\/2025\/02\/a6eae3fb-peticion-150x150.png 150w, https:\/\/www.greenpeace.org\/static\/planet4-mexico-stateless\/2025\/02\/a6eae3fb-peticion-340x340.png 340w\" sizes=\"auto, (max-width: 512px) 100vw, 512px\" \/><\/figure>\n\n\n\n<div style=\"height:16px\" aria-hidden=\"true\" class=\"wp-block-spacer\"><\/div>\n\n\n\n<h5 class=\"wp-block-heading has-text-align-center has-white-color has-text-color has-link-color wp-elements-5ab51a43a5efcc897fda06930408194b\" style=\"font-size:1.4rem\"><a href=\"https:\/\/www.greenpeace.org\/mexico\/participa\/peticiones\/\" target=\"_blank\" rel=\"noreferrer noopener\">Firma nuestras peticiones<\/a><\/h5>\n<\/div>\n<\/div>\n\n\n\n<div class=\"wp-block-column is-layout-flow wp-block-column-is-layout-flow\">\n<div class=\"wp-block-group group-stretched-link is-layout-flow wp-block-group-is-layout-flow\">\n<figure class=\"wp-block-image aligncenter size-full is-resized force-no-lightbox force-no-caption mb-0 is-style-default\"><img loading=\"lazy\" decoding=\"async\" width=\"512\" height=\"512\" src=\"https:\/\/www.greenpeace.org\/static\/planet4-mexico-stateless\/2025\/02\/a3d4a203-98cd-441c-9595-890eaa94e256.png\" alt=\"\" class=\"wp-image-54728\" style=\"object-fit:cover;width:120px;height:auto\" srcset=\"https:\/\/www.greenpeace.org\/static\/planet4-mexico-stateless\/2025\/02\/a3d4a203-98cd-441c-9595-890eaa94e256.png 512w, https:\/\/www.greenpeace.org\/static\/planet4-mexico-stateless\/2025\/02\/a3d4a203-98cd-441c-9595-890eaa94e256-300x300.png 300w, https:\/\/www.greenpeace.org\/static\/planet4-mexico-stateless\/2025\/02\/a3d4a203-98cd-441c-9595-890eaa94e256-150x150.png 150w, https:\/\/www.greenpeace.org\/static\/planet4-mexico-stateless\/2025\/02\/a3d4a203-98cd-441c-9595-890eaa94e256-340x340.png 340w\" sizes=\"auto, (max-width: 512px) 100vw, 512px\" \/><\/figure>\n\n\n\n<div style=\"height:16px\" aria-hidden=\"true\" class=\"wp-block-spacer\"><\/div>\n\n\n\n<h5 class=\"wp-block-heading has-text-align-center has-white-color has-text-color has-link-color wp-elements-79c5b9a5493b58093d4f5b427ad912c2\" style=\"font-size:1.4rem\"><a href=\"https:\/\/www.greenpeace.org\/mexico\/participa\/voluntariado\/\" target=\"_blank\" rel=\"noreferrer noopener\">Hazte voluntario\/a<\/a><\/h5>\n<\/div>\n<\/div>\n\n\n\n<div class=\"wp-block-column is-layout-flow wp-block-column-is-layout-flow\">\n<div class=\"wp-block-group group-stretched-link is-layout-flow wp-block-group-is-layout-flow\">\n<figure class=\"wp-block-image aligncenter size-full is-resized force-no-lightbox force-no-caption mb-0 is-style-default\"><img loading=\"lazy\" decoding=\"async\" width=\"512\" height=\"512\" src=\"https:\/\/www.greenpeace.org\/static\/planet4-mexico-stateless\/2025\/02\/02954e25-968f-497d-ad6d-47e74acdceee.png\" alt=\"\" class=\"wp-image-54729\" style=\"object-fit:cover;width:120px;height:120px\" srcset=\"https:\/\/www.greenpeace.org\/static\/planet4-mexico-stateless\/2025\/02\/02954e25-968f-497d-ad6d-47e74acdceee.png 512w, https:\/\/www.greenpeace.org\/static\/planet4-mexico-stateless\/2025\/02\/02954e25-968f-497d-ad6d-47e74acdceee-300x300.png 300w, https:\/\/www.greenpeace.org\/static\/planet4-mexico-stateless\/2025\/02\/02954e25-968f-497d-ad6d-47e74acdceee-150x150.png 150w, https:\/\/www.greenpeace.org\/static\/planet4-mexico-stateless\/2025\/02\/02954e25-968f-497d-ad6d-47e74acdceee-340x340.png 340w\" sizes=\"auto, (max-width: 512px) 100vw, 512px\" \/><\/figure>\n\n\n\n<div style=\"height:16px\" aria-hidden=\"true\" class=\"wp-block-spacer\"><\/div>\n\n\n\n<h5 class=\"wp-block-heading has-text-align-center has-white-color has-text-color has-link-color wp-elements-29f2b363ba4a526456574e03185b8961\" style=\"font-size:1.4rem\"><a href=\"https:\/\/www.greenpeace.org\/mexico\/ciberactivismo\/\" target=\"_blank\" rel=\"noreferrer noopener\">Hazte ciberactivista<\/a><\/h5>\n<\/div>\n<\/div>\n<\/div>\n<\/div>\n\n<div style=\"height:40px\" aria-hidden=\"true\" class=\"wp-block-spacer\"><\/div>\n","protected":false},"excerpt":{"rendered":"<p>La Selva Maya pide auxilio porque est\u00e1n acabando con ella. Cada d\u00eda es v\u00edctima de la tala de enormes extensiones de \u00e1rboles para dar paso a desarrollos inmobiliarios, proyectos tur\u00edsticos de gran escala o plataformas multimodales para la fase de carga del Tren Maya.&nbsp; El saqueo y la extracci\u00f3n tambi\u00e9n la amenazan: las sascaberas son [&hellip;]<\/p>\n","protected":false},"author":83,"featured_media":61258,"parent":56201,"menu_order":0,"comment_status":"closed","ping_status":"closed","template":"","meta":{"ep_exclude_from_search":false,"p4_hide_page_title_checkbox":"on","p4_title":"","p4_subtitle":"","p4_description":"","background_image_id":"","background_image":"","p4_button_title":"","p4_button_link":"","p4_button_link_checkbox":"","p4_og_title":"","p4_og_description":"","p4_og_image":"","p4_og_image_id":"","p4_seo_canonical_url":"","p4_campaign_name":"","p4_local_project":"","p4_basket_name":"","p4_department":"","footnotes":""},"categories":[40],"tags":[],"class_list":["post-61257","page","type-page","status-publish","has-post-thumbnail","hentry","category-selva-maya"],"_links":{"self":[{"href":"https:\/\/www.greenpeace.org\/mexico\/wp-json\/wp\/v2\/pages\/61257","targetHints":{"allow":["GET"]}}],"collection":[{"href":"https:\/\/www.greenpeace.org\/mexico\/wp-json\/wp\/v2\/pages"}],"about":[{"href":"https:\/\/www.greenpeace.org\/mexico\/wp-json\/wp\/v2\/types\/page"}],"author":[{"embeddable":true,"href":"https:\/\/www.greenpeace.org\/mexico\/wp-json\/wp\/v2\/users\/83"}],"replies":[{"embeddable":true,"href":"https:\/\/www.greenpeace.org\/mexico\/wp-json\/wp\/v2\/comments?post=61257"}],"version-history":[{"count":9,"href":"https:\/\/www.greenpeace.org\/mexico\/wp-json\/wp\/v2\/pages\/61257\/revisions"}],"predecessor-version":[{"id":61315,"href":"https:\/\/www.greenpeace.org\/mexico\/wp-json\/wp\/v2\/pages\/61257\/revisions\/61315"}],"up":[{"embeddable":true,"href":"https:\/\/www.greenpeace.org\/mexico\/wp-json\/wp\/v2\/pages\/56201"}],"wp:featuredmedia":[{"embeddable":true,"href":"https:\/\/www.greenpeace.org\/mexico\/wp-json\/wp\/v2\/media\/61258"}],"wp:attachment":[{"href":"https:\/\/www.greenpeace.org\/mexico\/wp-json\/wp\/v2\/media?parent=61257"}],"wp:term":[{"taxonomy":"category","embeddable":true,"href":"https:\/\/www.greenpeace.org\/mexico\/wp-json\/wp\/v2\/categories?post=61257"},{"taxonomy":"post_tag","embeddable":true,"href":"https:\/\/www.greenpeace.org\/mexico\/wp-json\/wp\/v2\/tags?post=61257"}],"curies":[{"name":"wp","href":"https:\/\/api.w.org\/{rel}","templated":true}]}}