{"id":8712,"date":"2020-07-15T08:05:13","date_gmt":"2020-07-15T13:05:13","guid":{"rendered":"https:\/\/www.greenpeace.org\/mexico\/?page_id=8712"},"modified":"2025-09-23T04:59:12","modified_gmt":"2025-09-23T09:59:12","slug":"consume-menos-consume-mejor","status":"publish","type":"page","link":"https:\/\/www.greenpeace.org\/mexico\/participa\/consume-menos-consume-mejor\/","title":{"rendered":"Consume menos, consume mejor"},"content":{"rendered":"\n                    <div class=\"wp-block-group is-vertical is-layout-flex wp-container-core-group-is-layout-8cf370e7 wp-block-group-is-layout-flex\">\n                    \n                                <p>Vivimos en un mundo donde la cultura de comprar, usar y tirar nos ha llevado a un sobre consumo que explota desmedidamente los recursos naturales y a la gente, adem\u00e1s de que acelera el cambio clim\u00e1tico.\r\nHoy tenemos la oportunidad de hacer frente a esta crisis y reinventar nuestro estilo de vida y el modelo actual de consumo masivo hacia uno que sea m\u00e1s sustentable, donde consumamos responsablemente, poniendo a las personas y al planeta en el centro.<\/p>\n                            \n\n                    \n                            <div class=\"wp-block-buttons is-layout-flex wp-block-buttons-is-layout-flex\">\n                            <div class=\"wp-block-button\">\n                                <a class=\"wp-block-button__link wp-element-button\" href=\"https:\/\/actua.greenpeace.org.mx\/alternativas-de-consumo-que-no-danen-el-planeta\" target=\"\" rel=\"noreferrer noopener\">\n                                    Participa\n                                <\/a>\n                            <\/div>\n                            <\/div>\n                            \n                    <\/div>\n                    \n    <div class=\"wp-block-query posts-list p4-query-loop is-custom-layout-list is-layout-flow wp-block-query-is-layout-flow\">\n        <div class=\"wp-block-group is-content-justification-space-between is-layout-flex wp-container-core-group-is-layout-3d213aab wp-block-group-is-layout-flex\"><h2 class=\"wp-block-heading\">\u00bfQuieres saber m\u00e1s sobre consumo responsable?<\/h2>\n        <li class=\" wp-block-navigation-item see-all-link wp-block-navigation-link\"><a class=\"wp-block-navigation-item__content\"  href=\"http:\/\/www-dev.greenpeace.org\/mexico\/news-stories\/?tag=consumo\"><span class=\"wp-block-navigation-item__label\">See all stories<\/span><\/a><\/li>\n        \n        <\/div>\n        \n\n    <p style=\"margin-top: 24px; margin-bottom: 36px;\">Revisa nuestras \u00faltimas publicaciones.<\/p>\n\n    \n\n    <ul class=\"wp-block-post-template is-layout-flow wp-block-post-template-is-layout-flow\"><li class=\"wp-block-post post-62743 post type-post status-publish format-standard has-post-thumbnail hentry category-cambio-climatico category-plasticos tag-consumo p4-page-type-blog\">\n            \n<div class=\"wp-block-columns is-layout-flex wp-container-core-columns-is-layout-9d6595d7 wp-block-columns-is-layout-flex\"><figure class=\"wp-block-post-featured-image\"><a href=\"https:\/\/www.greenpeace.org\/mexico\/blog\/62743\/a-donde-va-tu-basura\/\" target=\"_self\"  ><img loading=\"lazy\" decoding=\"async\" width=\"414\" height=\"311\" src=\"https:\/\/www.greenpeace.org\/static\/planet4-mexico-stateless\/2026\/03\/9903721c-390.jpg\" class=\"attachment-post-thumbnail size-post-thumbnail wp-post-image wp-stateless-item\" alt=\"\u00bfA d\u00f3nde va tu basura?Todo residuo permanece en alg\u00fan lado, no desaparece por arte de magia.\" style=\"object-fit:cover;\" srcset=\"https:\/\/www.greenpeace.org\/static\/planet4-mexico-stateless\/2026\/03\/9903721c-390.jpg 414w, https:\/\/www.greenpeace.org\/static\/planet4-mexico-stateless\/2026\/03\/9903721c-390-300x225.jpg 300w\" sizes=\"auto, (max-width: 414px) 100vw, 414px\" data-image-size=\"post-thumbnail\" data-stateless-media-bucket=\"planet4-mexico-stateless\" data-stateless-media-name=\"2026\/03\/9903721c-390.jpg\" \/><\/a><\/figure>\n\n        <div class=\"wp-block-group is-layout-flow wp-block-group-is-layout-flow\">\n                <div class=\"wp-block-group is-layout-flex wp-block-group-is-layout-flex\"><div class=\"wp-block-post-terms\"><a href=\"https:\/\/www.greenpeace.org\/mexico\/category\/cambio-climatico\/\">Cambio clim\u00e1tico<\/a><\/div>\n                <div class=\"taxonomy-post_tag wp-block-post-terms\"><a href=\"https:\/\/www.greenpeace.org\/mexico\/tag\/consumo\/\" rel=\"tag\">Consumo<\/a><\/div>\n                \n                <\/div>\n                \n        <h3 class=\"wp-block-post-title\"><a href=\"https:\/\/www.greenpeace.org\/mexico\/blog\/62743\/a-donde-va-tu-basura\/\" target=\"_self\" >\u00bfA d\u00f3nde va tu basura?Todo residuo permanece en alg\u00fan lado, no desaparece por arte de magia.<\/a><\/h3>\n        <div class=\"wp-block-post-excerpt\"><p class=\"wp-block-post-excerpt__excerpt\">Podremos una imagen inc\u00f3moda en tu cabeza: \u00bf a d\u00f3nde va tu \ud83d\udca9 cuando se va por el excusado? <\/p><\/div>\n        \n        <div class=\"wp-block-group posts-list-meta is-layout-flow wp-block-group-is-layout-flow\"><span class='article-list-item-author'>Greenpeace M\u00e9xico<\/span>\n        <div class=\"wp-block-post-date\"><time datetime=\"2026-03-31T08:11:00-05:00\">marzo 31, 2026<\/time><\/div>\n        \n        <\/div>\n        <\/div>\n        <\/div>\n\n            <\/li><li class=\"wp-block-post post-62534 post type-post status-publish format-standard has-post-thumbnail hentry category-plasticos tag-consumo tag-falsas-soluciones tag-tratado-global-de-plasticos p4-page-type-informacion-prensa\">\n            \n<div class=\"wp-block-columns is-layout-flex wp-container-core-columns-is-layout-9d6595d7 wp-block-columns-is-layout-flex\"><figure class=\"wp-block-post-featured-image\"><a href=\"https:\/\/www.greenpeace.org\/mexico\/informacion-prensa\/62534\/la-ley-general-de-economia-circular-onu\/\" target=\"_self\"  ><img loading=\"lazy\" decoding=\"async\" width=\"1200\" height=\"675\" src=\"https:\/\/www.greenpeace.org\/static\/planet4-mexico-stateless\/2025\/07\/2d773077-plasticos-botrllas-produccion.jpg\" class=\"attachment-post-thumbnail size-post-thumbnail wp-post-image wp-stateless-item\" alt=\"La Ley General de Econom\u00eda Circular no proh\u00edbe los pl\u00e1sticos de un solo uso: relator de la ONU sobre sustancias t\u00f3xicas.\" style=\"object-fit:cover;\" srcset=\"https:\/\/www.greenpeace.org\/static\/planet4-mexico-stateless\/2025\/07\/2d773077-plasticos-botrllas-produccion.jpg 1200w, https:\/\/www.greenpeace.org\/static\/planet4-mexico-stateless\/2025\/07\/2d773077-plasticos-botrllas-produccion-300x169.jpg 300w, https:\/\/www.greenpeace.org\/static\/planet4-mexico-stateless\/2025\/07\/2d773077-plasticos-botrllas-produccion-1024x576.jpg 1024w, https:\/\/www.greenpeace.org\/static\/planet4-mexico-stateless\/2025\/07\/2d773077-plasticos-botrllas-produccion-768x432.jpg 768w, https:\/\/www.greenpeace.org\/static\/planet4-mexico-stateless\/2025\/07\/2d773077-plasticos-botrllas-produccion-510x287.jpg 510w\" sizes=\"auto, (max-width: 1200px) 100vw, 1200px\" data-image-size=\"post-thumbnail\" data-stateless-media-bucket=\"planet4-mexico-stateless-develop\" data-stateless-media-name=\"2025\/07\/2d773077-plasticos-botrllas-produccion.jpg\" \/><\/a><\/figure>\n\n        <div class=\"wp-block-group is-layout-flow wp-block-group-is-layout-flow\">\n                <div class=\"wp-block-group is-layout-flex wp-block-group-is-layout-flex\"><div class=\"wp-block-post-terms\"><a href=\"https:\/\/www.greenpeace.org\/mexico\/category\/plasticos\/\">Pl\u00e1sticos<\/a><\/div>\n                <div class=\"taxonomy-post_tag wp-block-post-terms\"><a href=\"https:\/\/www.greenpeace.org\/mexico\/tag\/consumo\/\" rel=\"tag\">Consumo<\/a><span class=\"wp-block-post-terms__separator\"> <\/span><a href=\"https:\/\/www.greenpeace.org\/mexico\/tag\/falsas-soluciones\/\" rel=\"tag\">Falsas soluciones<\/a><span class=\"wp-block-post-terms__separator\"> <\/span><a href=\"https:\/\/www.greenpeace.org\/mexico\/tag\/tratado-global-de-plasticos\/\" rel=\"tag\">Tratado Global de Pl\u00e1sticos<\/a><\/div>\n                \n                <\/div>\n                \n        <h3 class=\"wp-block-post-title\"><a href=\"https:\/\/www.greenpeace.org\/mexico\/informacion-prensa\/62534\/la-ley-general-de-economia-circular-onu\/\" target=\"_self\" >La Ley General de Econom\u00eda Circular no proh\u00edbe los pl\u00e1sticos de un solo uso: relator de la ONU sobre sustancias t\u00f3xicas.<\/a><\/h3>\n        <div class=\"wp-block-post-excerpt\"><p class=\"wp-block-post-excerpt__excerpt\">\u25cf Durante su visita a M\u00e9xico llama a las autoridades a utilizar la evidenciacient\u00edfica para informar y crear normas y pol\u00edticas p\u00fablicas efectivas deregulaci\u00f3n\u25cf Los pa\u00edses deben avanzar en medidas&hellip; <\/p><\/div>\n        \n        <div class=\"wp-block-group posts-list-meta is-layout-flow wp-block-group-is-layout-flow\"><span class='article-list-item-author'>Greenpeace M\u00e9xico<\/span>\n        <div class=\"wp-block-post-date\"><time datetime=\"2026-03-20T18:29:00-05:00\">marzo 20, 2026<\/time><\/div>\n        \n        <\/div>\n        <\/div>\n        <\/div>\n\n            <\/li><li class=\"wp-block-post post-62311 post type-post status-publish format-standard has-post-thumbnail hentry category-plasticos tag-salud tag-consumo p4-page-type-investigacion\">\n            \n<div class=\"wp-block-columns is-layout-flex wp-container-core-columns-is-layout-9d6595d7 wp-block-columns-is-layout-flex\"><figure class=\"wp-block-post-featured-image\"><a href=\"https:\/\/www.greenpeace.org\/mexico\/investigacion\/62311\/reporte-estamos-fritos-plastico\/\" target=\"_self\"  ><img loading=\"lazy\" decoding=\"async\" width=\"392\" height=\"567\" src=\"https:\/\/www.greenpeace.org\/static\/planet4-mexico-stateless\/2026\/02\/ad95f729-captura-de-pantalla-2026-02-25-110204.png\" class=\"attachment-post-thumbnail size-post-thumbnail wp-post-image wp-stateless-item\" alt=\"\u00bfEstamos fritos? Los riesgos ocultos para la salud de las comidas preparadas envasadas en pl\u00e1stico.\" style=\"object-fit:cover;\" srcset=\"https:\/\/www.greenpeace.org\/static\/planet4-mexico-stateless\/2026\/02\/ad95f729-captura-de-pantalla-2026-02-25-110204.png 392w, https:\/\/www.greenpeace.org\/static\/planet4-mexico-stateless\/2026\/02\/ad95f729-captura-de-pantalla-2026-02-25-110204-207x300.png 207w, https:\/\/www.greenpeace.org\/static\/planet4-mexico-stateless\/2026\/02\/ad95f729-captura-de-pantalla-2026-02-25-110204-235x340.png 235w\" sizes=\"auto, (max-width: 392px) 100vw, 392px\" data-image-size=\"post-thumbnail\" data-stateless-media-bucket=\"planet4-mexico-stateless\" data-stateless-media-name=\"2026\/02\/ad95f729-captura-de-pantalla-2026-02-25-110204.png\" \/><\/a><\/figure>\n\n        <div class=\"wp-block-group is-layout-flow wp-block-group-is-layout-flow\">\n                <div class=\"wp-block-group is-layout-flex wp-block-group-is-layout-flex\"><div class=\"wp-block-post-terms\"><a href=\"https:\/\/www.greenpeace.org\/mexico\/category\/plasticos\/\">Pl\u00e1sticos<\/a><\/div>\n                <div class=\"taxonomy-post_tag wp-block-post-terms\"><a href=\"https:\/\/www.greenpeace.org\/mexico\/tag\/salud\/\" rel=\"tag\">Salud<\/a><span class=\"wp-block-post-terms__separator\"> <\/span><a href=\"https:\/\/www.greenpeace.org\/mexico\/tag\/consumo\/\" rel=\"tag\">Consumo<\/a><\/div>\n                \n                <\/div>\n                \n        <h3 class=\"wp-block-post-title\"><a href=\"https:\/\/www.greenpeace.org\/mexico\/investigacion\/62311\/reporte-estamos-fritos-plastico\/\" target=\"_self\" >\u00bfEstamos fritos? Los riesgos ocultos para la salud de las comidas preparadas envasadas en pl\u00e1stico.<\/a><\/h3>\n        <div class=\"wp-block-post-excerpt\"><p class=\"wp-block-post-excerpt__excerpt\">\u00bfCon qu\u00e9 frecuencia comes comida para microondas? \u00bfsopita instant\u00e1nea? \u00bfO tal vez solo calientas en el microondas las sobras que tienes en el refri? En cualquiera de estos casos, es&hellip; <\/p><\/div>\n        \n        <div class=\"wp-block-group posts-list-meta is-layout-flow wp-block-group-is-layout-flow\"><span class='article-list-item-author'><a href='https:\/\/www.greenpeace.org\/mexico\/author\/greenpeace-mexico\/'>Greenpeace M\u00e9xico<\/a><\/span>\n        <div class=\"wp-block-post-date\"><time datetime=\"2026-02-25T12:11:07-05:00\">febrero 25, 2026<\/time><\/div>\n        \n        <\/div>\n        <\/div>\n        <\/div>\n\n            <\/li><\/ul>\n\n    \n<div class=\"wp-block-buttons carousel-controls is-horizontal is-content-justification-space-between is-nowrap is-layout-flex wp-container-core-buttons-is-layout-044bd602 wp-block-buttons-is-layout-flex\">\n            <div class=\"wp-block-button carousel-control-prev\"><button type=\"button\" class=\"wp-block-button__link wp-element-button\">Prev<\/button><\/div>\n        \n\n            <div class=\"wp-block-button carousel-control-next\"><button type=\"button\" class=\"wp-block-button__link wp-element-button\">Next<\/button><\/div>\n        <\/div>\n\n\n    <li class=\" wp-block-navigation-item see-all-link wp-block-navigation-link\"><a class=\"wp-block-navigation-item__content\"  href=\"http:\/\/www-dev.greenpeace.org\/mexico\/news-stories\/?tag=consumo\"><span class=\"wp-block-navigation-item__label\">See all stories<\/span><\/a><\/li><\/div>\n    ","protected":false},"excerpt":{"rendered":"<p>Hoy tenemos la oportunidad de hacer frente a esta crisis y reinventar nuestro estilo de vida y el modelo actual de consumo masivo hacia uno que sea m\u00e1s sustentable, donde consumamos responsablemente, poniendo a las personas y al planeta en el centro.<\/p>\n","protected":false},"author":19,"featured_media":8713,"parent":9,"menu_order":4,"comment_status":"closed","ping_status":"closed","template":"","meta":{"ep_exclude_from_search":false,"p4_hide_page_title_checkbox":"","p4_title":"","p4_subtitle":"","p4_description":"","background_image_id":"","background_image":"","p4_button_title":"","p4_button_link":"","p4_button_link_checkbox":"","p4_og_title":"","p4_og_description":"","p4_og_image":"","p4_og_image_id":"","p4_seo_canonical_url":"","p4_campaign_name":"not set","p4_local_project":"not set","p4_basket_name":"not set","p4_department":"","footnotes":""},"categories":[2],"tags":[20],"class_list":["post-8712","page","type-page","status-publish","has-post-thumbnail","hentry","category-cambio-climatico","tag-consumo"],"_links":{"self":[{"href":"https:\/\/www.greenpeace.org\/mexico\/wp-json\/wp\/v2\/pages\/8712","targetHints":{"allow":["GET"]}}],"collection":[{"href":"https:\/\/www.greenpeace.org\/mexico\/wp-json\/wp\/v2\/pages"}],"about":[{"href":"https:\/\/www.greenpeace.org\/mexico\/wp-json\/wp\/v2\/types\/page"}],"author":[{"embeddable":true,"href":"https:\/\/www.greenpeace.org\/mexico\/wp-json\/wp\/v2\/users\/19"}],"replies":[{"embeddable":true,"href":"https:\/\/www.greenpeace.org\/mexico\/wp-json\/wp\/v2\/comments?post=8712"}],"version-history":[{"count":13,"href":"https:\/\/www.greenpeace.org\/mexico\/wp-json\/wp\/v2\/pages\/8712\/revisions"}],"predecessor-version":[{"id":61225,"href":"https:\/\/www.greenpeace.org\/mexico\/wp-json\/wp\/v2\/pages\/8712\/revisions\/61225"}],"up":[{"embeddable":true,"href":"https:\/\/www.greenpeace.org\/mexico\/wp-json\/wp\/v2\/pages\/9"}],"wp:featuredmedia":[{"embeddable":true,"href":"https:\/\/www.greenpeace.org\/mexico\/wp-json\/wp\/v2\/media\/8713"}],"wp:attachment":[{"href":"https:\/\/www.greenpeace.org\/mexico\/wp-json\/wp\/v2\/media?parent=8712"}],"wp:term":[{"taxonomy":"category","embeddable":true,"href":"https:\/\/www.greenpeace.org\/mexico\/wp-json\/wp\/v2\/categories?post=8712"},{"taxonomy":"post_tag","embeddable":true,"href":"https:\/\/www.greenpeace.org\/mexico\/wp-json\/wp\/v2\/tags?post=8712"}],"curies":[{"name":"wp","href":"https:\/\/api.w.org\/{rel}","templated":true}]}}