{"id":20940,"date":"2019-07-25T10:33:51","date_gmt":"2019-07-25T08:33:51","guid":{"rendered":"https:\/\/www.greenpeace.org\/nl\/politiek\/"},"modified":"2026-05-05T14:31:59","modified_gmt":"2026-05-05T12:31:59","slug":"politiek","status":"publish","type":"page","link":"https:\/\/www.greenpeace.org\/nl\/politiek\/","title":{"rendered":"#Politiek"},"content":{"rendered":"\n                    <div class=\"wp-block-group is-vertical is-layout-flex wp-container-core-group-is-layout-8cf370e7 wp-block-group-is-layout-flex\">\n                    \n                                <p>Racende rubberboten, gele spandoeken en spectaculaire klimacties: dat is Greenpeace. Maar voor we ook maar een spandoek uitrollen, is er achter de schermen al van alles gebeurd. Als je ergens tegen protesteert, moet je wel je feiten op een rijtje hebben. Gedegen wetenschappelijk onderzoek is de basis voor alle campagnes. Met de resultaten van het onderzoek kloppen we aan bij het bedrijf of de organisatie. We geven hen zo de tijd om zelf actie te ondernemen. Hier is nog helemaal geen pers of publiek bij. Dit noemen we ook wel lobby. We lobbyen niet alleen bij bedrijven en organisaties. Voor blijvende, grootschalige verandering zijn vaak aanpassingen in wetten en regels nodig. Of zelfs geheel nieuwe wetgeving. Onze campagneleiders en directeuren wereldwijd praten regelmatig met leden van de regering, de Europese Unie of de Verenigde Naties. Greenpeace en andere maatschappelijke organisaties proberen daarmee invloed uit te oefenen op politieke besluitvorming. Zo kunnen we beleid stimuleren dat goed is voor natuur en milieu. We werken in ons lobbywerk richting het Nederlandse parlement samen met verschillende natuur- en milieuorganisaties binnen de <a href=\"http:\/\/www.groene11.nl\/\" rel=\"noopener\">Groene 11<\/a> voor goede wet- en regelgeving.<\/p>\n                            \n\n                    \n                    <\/div>\n                    \n        <div class=\"wp-block-query actions-list p4-query-loop is-custom-layout-actions-list is-custom-layout-grid is-layout-grid wp-container-core-query-is-layout-29f43435 wp-block-query-is-layout-grid\"><h2 class=\"wp-block-heading\">Wat jij kunt doen<\/h2>\n        <p style=\"margin-top: 24px; margin-bottom: 32px;\">Kom in actie, want samen staan we sterk.<\/p>\n        \n        <ul class=\"wp-block-post-template is-layout-flow wp-block-post-template-is-layout-flow\"><li class=\"wp-block-post post-81457 p4_action type-p4_action status-publish has-post-thumbnail hentry category-klimaat-categorie tag-politiek tag-klimaatcrisis tag-klimaat-energie action-type-donaties\">\n                <figure class=\"wp-block-post-featured-image\"><img loading=\"lazy\" decoding=\"async\" width=\"1200\" height=\"808\" src=\"https:\/\/www.greenpeace.org\/static\/planet4-netherlands-stateless\/2025\/05\/bd6a8f06-gp1swip2.jpg\" class=\"attachment-post-thumbnail size-post-thumbnail wp-post-image wp-stateless-item\" alt=\"COP26 global day of Climate Action in Amsterdam. \u00a9 Marten  van Dijl \/ Greenpeace\" style=\"object-fit:cover;\" srcset=\"https:\/\/www.greenpeace.org\/static\/planet4-netherlands-stateless\/2025\/05\/bd6a8f06-gp1swip2.jpg 1200w, https:\/\/www.greenpeace.org\/static\/planet4-netherlands-stateless\/2025\/05\/bd6a8f06-gp1swip2-300x202.jpg 300w, https:\/\/www.greenpeace.org\/static\/planet4-netherlands-stateless\/2025\/05\/bd6a8f06-gp1swip2-1024x689.jpg 1024w, https:\/\/www.greenpeace.org\/static\/planet4-netherlands-stateless\/2025\/05\/bd6a8f06-gp1swip2-768x517.jpg 768w, https:\/\/www.greenpeace.org\/static\/planet4-netherlands-stateless\/2025\/05\/bd6a8f06-gp1swip2-505x340.jpg 505w\" sizes=\"auto, (max-width: 1200px) 100vw, 1200px\" data-image-size=\"post-thumbnail\" data-stateless-media-bucket=\"planet4-netherlands-stateless\" data-stateless-media-name=\"2025\/05\/bd6a8f06-gp1swip2.jpg\" \/><\/figure>\n                \n                <div class=\"wp-block-group group-stretched-link is-layout-flow wp-block-group-is-layout-flow\"><div class=\"wp-block-post-terms\">Klimaat<\/div>\n                <h3 class=\"wp-block-post-title\"><a data-ga-action=\"Call to Action\" data-ga-category=\"Actions List\" data-ga-label=\"n\/a\" href=\"https:\/\/www.greenpeace.org\/nl\/donaties\/tijd-voor-politieke-klimaatverandering\/\" target=\"_self\">Tijd voor politieke klimaatverandering!<\/a><\/h3>\n                <div class=\"wp-block-post-excerpt\"><p class=\"wp-block-post-excerpt__excerpt\">Een sterk en rechtvaardig klimaatbeleid en natuurherstel zijn noodzakelijk om de aarde leefbaar te houden. Samen eisen we maatregelen die de klimaatcrisis \u00e9cht gaan oplossen. <\/p><\/div><\/div>\n                \n                \n        <div class=\"wp-block-group read-more-nav is-layout-flow wp-block-group-is-layout-flow\"><a data-ga-action=\"Call to Action\" data-ga-category=\"Actions List\" data-ga-label=\"n\/a\" href=\"https:\/\/www.greenpeace.org\/nl\/donaties\/tijd-voor-politieke-klimaatverandering\/\" class=\"btn btn-primary btn-small\" aria-label=\"Klik op deze button om de petitie voor politieke klimaatverandering te tekenen\">Teken de petitie!<\/a>\n        \n        \n        <\/div>\n        \n                <\/li><\/ul>\n        \n        <nav class=\"wp-block-group carousel-controls is-layout-flow wp-block-group-is-layout-flow\" aria-label=\"Actions List carousel controls\">\n<div class=\"wp-block-buttons is-horizontal is-content-justification-space-between is-nowrap is-layout-flex wp-container-core-buttons-is-layout-044bd602 wp-block-buttons-is-layout-flex\">\n            <div class=\"wp-block-button carousel-control-prev\"><button type=\"button\" class=\"wp-block-button__link wp-element-button\">Prev<\/button><\/div>\n        \n\n            <div class=\"wp-block-button carousel-control-next\"><button type=\"button\" class=\"wp-block-button__link wp-element-button\">Volgende<\/button><\/div>\n        <\/div>\n\n        \n        \n        <\/nav>\n        \n        \n<div class=\"wp-block-buttons load-more-actions-container is-content-justification-center is-layout-flex wp-container-core-buttons-is-layout-16018d1d wp-block-buttons-is-layout-flex\">\n                <div class=\"wp-block-button is-style-secondary\"><button type=\"button\" class=\"wp-block-button__link wp-element-button\">Laad meer<\/button><\/div>\n            \n<\/div>\n<\/div>\n        \n    <div class=\"wp-block-query posts-list p4-query-loop is-custom-layout-list is-layout-flow wp-block-query-is-layout-flow\">\n        <div class=\"wp-block-group is-content-justification-space-between is-layout-flex wp-container-core-group-is-layout-3d213aab wp-block-group-is-layout-flex\"><h2 class=\"wp-block-heading\">Gerelateerde artikelen<\/h2>\n        \n        \n        <\/div>\n        \n\n    <p style=\"margin-top: 24px; margin-bottom: 36px;\"><\/p>\n\n    \n\n    <ul class=\"wp-block-post-template is-layout-flow wp-block-post-template-is-layout-flow\"><li class=\"wp-block-post post-81835 post type-post status-publish format-standard has-post-thumbnail hentry category-klimaat-categorie tag-politiek tag-bonaire-climate-justice tag-klimaat p4-page-type-pers\">\n            \n<div class=\"wp-block-columns is-layout-flex wp-container-core-columns-is-layout-9d6595d7 wp-block-columns-is-layout-flex\"><figure class=\"wp-block-post-featured-image\"><a href=\"https:\/\/www.greenpeace.org\/nl\/klimaat-categorie\/81835\/rapport-betalen-voor-klimaatschade-vijf-keer-duurder-dan-nu-investeren-in-klimaatbescherming-op-bonaire\/\" target=\"_self\"><img loading=\"lazy\" decoding=\"async\" data-ga-category=\"Posts List\" data-ga-action=\"Image\" data-ga-label=\"n\/a\" width=\"1200\" height=\"807\" src=\"https:\/\/www.greenpeace.org\/static\/planet4-netherlands-stateless\/2025\/10\/0f3fbd3b-gp0su70i6.jpg\" class=\"attachment-post-thumbnail size-post-thumbnail wp-post-image wp-stateless-item\" alt=\"Rapport: Betalen voor klimaatschade vijf keer duurder dan nu investeren in klimaatbescherming op Bonaire\" style=\"object-fit:cover;\" srcset=\"https:\/\/www.greenpeace.org\/static\/planet4-netherlands-stateless\/2025\/10\/0f3fbd3b-gp0su70i6.jpg 1200w, https:\/\/www.greenpeace.org\/static\/planet4-netherlands-stateless\/2025\/10\/0f3fbd3b-gp0su70i6-300x202.jpg 300w, https:\/\/www.greenpeace.org\/static\/planet4-netherlands-stateless\/2025\/10\/0f3fbd3b-gp0su70i6-1024x689.jpg 1024w, https:\/\/www.greenpeace.org\/static\/planet4-netherlands-stateless\/2025\/10\/0f3fbd3b-gp0su70i6-768x516.jpg 768w, https:\/\/www.greenpeace.org\/static\/planet4-netherlands-stateless\/2025\/10\/0f3fbd3b-gp0su70i6-506x340.jpg 506w\" sizes=\"auto, (max-width: 1200px) 100vw, 1200px\" data-image-size=\"post-thumbnail\" data-stateless-media-bucket=\"planet4-netherlands-stateless\" data-stateless-media-name=\"2025\/10\/0f3fbd3b-gp0su70i6.jpg\" \/><\/a><\/figure>\n\n        <div class=\"wp-block-group is-layout-flow wp-block-group-is-layout-flow\">\n                <div class=\"wp-block-group is-layout-flex wp-block-group-is-layout-flex\"><div class=\"wp-block-post-terms\"><a data-ga-category=\"Posts List\" data-ga-action=\"Post Type Tag\" data-ga-label=\"n\/a\" href=\"https:\/\/www.greenpeace.org\/nl\/category\/klimaat-categorie\/\">Klimaat<\/a><\/div>\n                <div class=\"taxonomy-post_tag wp-block-post-terms\"><a data-ga-category=\"Posts List\" data-ga-action=\"Navigation Tag\" data-ga-label=\"n\/a\" href=\"https:\/\/www.greenpeace.org\/nl\/tag\/politiek\/\" rel=\"tag\">Politiek<\/a><span class=\"wp-block-post-terms__separator\"> <\/span><a data-ga-category=\"Posts List\" data-ga-action=\"Navigation Tag\" data-ga-label=\"n\/a\" href=\"https:\/\/www.greenpeace.org\/nl\/tag\/bonaire-climate-justice\/\" rel=\"tag\">Bonaire<\/a><span class=\"wp-block-post-terms__separator\"> <\/span><a data-ga-category=\"Posts List\" data-ga-action=\"Navigation Tag\" data-ga-label=\"n\/a\" href=\"https:\/\/www.greenpeace.org\/nl\/tag\/klimaat\/\" rel=\"tag\">Klimaat<\/a><\/div>\n                \n                <\/div>\n                \n        <h3 class=\"wp-block-post-title\"><a data-ga-category=\"Posts List\" data-ga-action=\"Title\" data-ga-label=\"n\/a\" href=\"https:\/\/www.greenpeace.org\/nl\/klimaat-categorie\/81835\/rapport-betalen-voor-klimaatschade-vijf-keer-duurder-dan-nu-investeren-in-klimaatbescherming-op-bonaire\/\" target=\"_self\">Rapport: Betalen voor klimaatschade vijf keer duurder dan nu investeren in klimaatbescherming op Bonaire<\/a><\/h3>\n        <div class=\"wp-block-post-excerpt\"><p class=\"wp-block-post-excerpt__excerpt\">Greenpeace eist financiering voor klimaatbescherming van premier Jetten <\/p><\/div>\n        \n        <div class=\"wp-block-group posts-list-meta is-layout-flow wp-block-group-is-layout-flow\"><span class='article-list-item-author'><a data-ga-category=\"Posts List\" data-ga-action=\"Author\" data-ga-label=\"n\/a\" href=\"https:\/\/www.greenpeace.org\/nl\/author\/laura\/\">Laura Polderman<\/a><\/span>\n        <div class=\"wp-block-post-date\"><time datetime=\"2026-05-11T06:01:00+02:00\">11 mei 2026<\/time><\/div>\n        \n        <\/div>\n        <\/div>\n        <\/div>\n\n            <\/li><li class=\"wp-block-post post-81853 post type-post status-publish format-standard has-post-thumbnail hentry category-klimaat-categorie tag-politiek tag-bonaire-climate-justice tag-klimaatcrisis p4-page-type-pers\">\n            \n<div class=\"wp-block-columns is-layout-flex wp-container-core-columns-is-layout-9d6595d7 wp-block-columns-is-layout-flex\"><figure class=\"wp-block-post-featured-image\"><a href=\"https:\/\/www.greenpeace.org\/nl\/klimaat-categorie\/81853\/raport-paga-pa-dano-di-klima-ta-sinku-biaha-mas-karu-ku-inverti-awor-den-protekshon-di-klima-na-boneiru\/\" target=\"_self\"><img loading=\"lazy\" decoding=\"async\" data-ga-category=\"Posts List\" data-ga-action=\"Image\" data-ga-label=\"n\/a\" width=\"800\" height=\"533\" src=\"https:\/\/www.greenpeace.org\/static\/planet4-netherlands-stateless\/2024\/11\/3f06eef2-gp0stz6f8_low-res-800px-1.jpg\" class=\"attachment-post-thumbnail size-post-thumbnail wp-post-image wp-stateless-item\" alt=\"Rap\u00f2rt: Paga pa da\u00f1o di klima ta sinku biaha mas karu ku invert\u00ed awor den protekshon di klima na Boneiru\u00a0\" style=\"object-fit:cover;\" srcset=\"https:\/\/www.greenpeace.org\/static\/planet4-netherlands-stateless\/2024\/11\/3f06eef2-gp0stz6f8_low-res-800px-1.jpg 800w, https:\/\/www.greenpeace.org\/static\/planet4-netherlands-stateless\/2024\/11\/3f06eef2-gp0stz6f8_low-res-800px-1-300x200.jpg 300w, https:\/\/www.greenpeace.org\/static\/planet4-netherlands-stateless\/2024\/11\/3f06eef2-gp0stz6f8_low-res-800px-1-768x512.jpg 768w, https:\/\/www.greenpeace.org\/static\/planet4-netherlands-stateless\/2024\/11\/3f06eef2-gp0stz6f8_low-res-800px-1-510x340.jpg 510w\" sizes=\"auto, (max-width: 800px) 100vw, 800px\" data-image-size=\"post-thumbnail\" data-stateless-media-bucket=\"planet4-netherlands-stateless\" data-stateless-media-name=\"2024\/11\/3f06eef2-gp0stz6f8_low-res-800px-1.jpg\" \/><\/a><\/figure>\n\n        <div class=\"wp-block-group is-layout-flow wp-block-group-is-layout-flow\">\n                <div class=\"wp-block-group is-layout-flex wp-block-group-is-layout-flex\"><div class=\"wp-block-post-terms\"><a data-ga-category=\"Posts List\" data-ga-action=\"Post Type Tag\" data-ga-label=\"n\/a\" href=\"https:\/\/www.greenpeace.org\/nl\/category\/klimaat-categorie\/\">Klimaat<\/a><\/div>\n                <div class=\"taxonomy-post_tag wp-block-post-terms\"><a data-ga-category=\"Posts List\" data-ga-action=\"Navigation Tag\" data-ga-label=\"n\/a\" href=\"https:\/\/www.greenpeace.org\/nl\/tag\/politiek\/\" rel=\"tag\">Politiek<\/a><span class=\"wp-block-post-terms__separator\"> <\/span><a data-ga-category=\"Posts List\" data-ga-action=\"Navigation Tag\" data-ga-label=\"n\/a\" href=\"https:\/\/www.greenpeace.org\/nl\/tag\/bonaire-climate-justice\/\" rel=\"tag\">Bonaire<\/a><span class=\"wp-block-post-terms__separator\"> <\/span><a data-ga-category=\"Posts List\" data-ga-action=\"Navigation Tag\" data-ga-label=\"n\/a\" href=\"https:\/\/www.greenpeace.org\/nl\/tag\/klimaatcrisis\/\" rel=\"tag\">Klimaatcrisis<\/a><\/div>\n                \n                <\/div>\n                \n        <h3 class=\"wp-block-post-title\"><a data-ga-category=\"Posts List\" data-ga-action=\"Title\" data-ga-label=\"n\/a\" href=\"https:\/\/www.greenpeace.org\/nl\/klimaat-categorie\/81853\/raport-paga-pa-dano-di-klima-ta-sinku-biaha-mas-karu-ku-inverti-awor-den-protekshon-di-klima-na-boneiru\/\" target=\"_self\">Rap\u00f2rt: Paga pa da\u00f1o di klima ta sinku biaha mas karu ku invert\u00ed awor den protekshon di klima na Boneiru\u00a0<\/a><\/h3>\n        <div class=\"wp-block-post-excerpt\"><p class=\"wp-block-post-excerpt__excerpt\">Greenpeace ta eksig\u00ed pa Prom\u00e9 Minister Jetten duna finansiamentu pa protekshon di klima <\/p><\/div>\n        \n        <div class=\"wp-block-group posts-list-meta is-layout-flow wp-block-group-is-layout-flow\"><span class='article-list-item-author'><a data-ga-category=\"Posts List\" data-ga-action=\"Author\" data-ga-label=\"n\/a\" href=\"https:\/\/www.greenpeace.org\/nl\/author\/laura\/\">Laura Polderman<\/a><\/span>\n        <div class=\"wp-block-post-date\"><time datetime=\"2026-05-11T06:01:00+02:00\">11 mei 2026<\/time><\/div>\n        \n        <\/div>\n        <\/div>\n        <\/div>\n\n            <\/li><li class=\"wp-block-post post-74239 post type-post status-publish format-standard has-post-thumbnail hentry category-algemeen category-eerlijke-wereld category-klimaat-categorie category-landbouw tag-natuurzaak-tag tag-politiek tag-landbouw tag-klimaatcrisis tag-vlees p4-page-type-publicaties\">\n            \n<div class=\"wp-block-columns is-layout-flex wp-container-core-columns-is-layout-9d6595d7 wp-block-columns-is-layout-flex\"><figure class=\"wp-block-post-featured-image\"><a href=\"https:\/\/www.greenpeace.org\/nl\/algemeen\/74239\/brief-aan-minlvvn-in-reactie-op-klimaatgesprekken-invulling-klimaatopgave-landbouw\/\" target=\"_self\"><img loading=\"lazy\" decoding=\"async\" data-ga-category=\"Posts List\" data-ga-action=\"Image\" data-ga-label=\"n\/a\" width=\"2560\" height=\"2315\" src=\"https:\/\/www.greenpeace.org\/static\/planet4-netherlands-stateless\/2022\/06\/4ceca5c9-gp01t1p_high_res_bewerkt_gpm-scaled.jpg\" class=\"attachment-post-thumbnail size-post-thumbnail wp-post-image wp-stateless-item\" alt=\"Brief aan MinLVVN in reactie op klimaatgesprekken\/invulling klimaatopgave landbouw\" style=\"object-fit:cover;\" srcset=\"https:\/\/www.greenpeace.org\/static\/planet4-netherlands-stateless\/2022\/06\/4ceca5c9-gp01t1p_high_res_bewerkt_gpm-scaled.jpg 2560w, https:\/\/www.greenpeace.org\/static\/planet4-netherlands-stateless\/2022\/06\/4ceca5c9-gp01t1p_high_res_bewerkt_gpm-300x271.jpg 300w, https:\/\/www.greenpeace.org\/static\/planet4-netherlands-stateless\/2022\/06\/4ceca5c9-gp01t1p_high_res_bewerkt_gpm-1024x926.jpg 1024w, https:\/\/www.greenpeace.org\/static\/planet4-netherlands-stateless\/2022\/06\/4ceca5c9-gp01t1p_high_res_bewerkt_gpm-768x695.jpg 768w, https:\/\/www.greenpeace.org\/static\/planet4-netherlands-stateless\/2022\/06\/4ceca5c9-gp01t1p_high_res_bewerkt_gpm-1536x1389.jpg 1536w, https:\/\/www.greenpeace.org\/static\/planet4-netherlands-stateless\/2022\/06\/4ceca5c9-gp01t1p_high_res_bewerkt_gpm-2048x1852.jpg 2048w, https:\/\/www.greenpeace.org\/static\/planet4-netherlands-stateless\/2022\/06\/4ceca5c9-gp01t1p_high_res_bewerkt_gpm-1510x1366.jpg 1510w, https:\/\/www.greenpeace.org\/static\/planet4-netherlands-stateless\/2022\/06\/4ceca5c9-gp01t1p_high_res_bewerkt_gpm-376x340.jpg 376w\" sizes=\"auto, (max-width: 2560px) 100vw, 2560px\" data-image-size=\"post-thumbnail\" data-stateless-media-bucket=\"planet4-netherlands-stateless\" data-stateless-media-name=\"2022\/06\/4ceca5c9-gp01t1p_high_res_bewerkt_gpm-scaled.jpg\" \/><\/a><\/figure>\n\n        <div class=\"wp-block-group is-layout-flow wp-block-group-is-layout-flow\">\n                <div class=\"wp-block-group is-layout-flex wp-block-group-is-layout-flex\"><div class=\"wp-block-post-terms\"><a data-ga-category=\"Posts List\" data-ga-action=\"Post Type Tag\" data-ga-label=\"n\/a\" href=\"https:\/\/www.greenpeace.org\/nl\/category\/algemeen\/\">Algemeen<\/a><\/div>\n                <div class=\"taxonomy-post_tag wp-block-post-terms\"><a data-ga-category=\"Posts List\" data-ga-action=\"Navigation Tag\" data-ga-label=\"n\/a\" href=\"https:\/\/www.greenpeace.org\/nl\/tag\/natuurzaak-tag\/\" rel=\"tag\">Natuurzaak<\/a><span class=\"wp-block-post-terms__separator\"> <\/span><a data-ga-category=\"Posts List\" data-ga-action=\"Navigation Tag\" data-ga-label=\"n\/a\" href=\"https:\/\/www.greenpeace.org\/nl\/tag\/politiek\/\" rel=\"tag\">Politiek<\/a><span class=\"wp-block-post-terms__separator\"> <\/span><a data-ga-category=\"Posts List\" data-ga-action=\"Navigation Tag\" data-ga-label=\"n\/a\" href=\"https:\/\/www.greenpeace.org\/nl\/tag\/landbouw\/\" rel=\"tag\">Landbouw<\/a><span class=\"wp-block-post-terms__separator\"> <\/span><a data-ga-category=\"Posts List\" data-ga-action=\"Navigation Tag\" data-ga-label=\"n\/a\" href=\"https:\/\/www.greenpeace.org\/nl\/tag\/klimaatcrisis\/\" rel=\"tag\">Klimaatcrisis<\/a><span class=\"wp-block-post-terms__separator\"> <\/span><a data-ga-category=\"Posts List\" data-ga-action=\"Navigation Tag\" data-ga-label=\"n\/a\" href=\"https:\/\/www.greenpeace.org\/nl\/tag\/vlees\/\" rel=\"tag\">Vlees<\/a><\/div>\n                \n                <\/div>\n                \n        <h3 class=\"wp-block-post-title\"><a data-ga-category=\"Posts List\" data-ga-action=\"Title\" data-ga-label=\"n\/a\" href=\"https:\/\/www.greenpeace.org\/nl\/algemeen\/74239\/brief-aan-minlvvn-in-reactie-op-klimaatgesprekken-invulling-klimaatopgave-landbouw\/\" target=\"_self\">Brief aan MinLVVN in reactie op klimaatgesprekken\/invulling klimaatopgave landbouw<\/a><\/h3>\n        <div class=\"wp-block-post-excerpt\"><p class=\"wp-block-post-excerpt__excerpt\">In reactie op de manier waarop invulling wordt gegeven aan het formuleren van de klimaatopgave voor de landbouw waaronder het voorstel om hier via een convenant invulling aan te geven, stuurden we op 16 april 2026, samen met de Caring Farmers en 9 andere organsiaties een kritische brief aan de Minister van Landbouw, Visserij, Voedselzekerheid&hellip; <\/p><\/div>\n        \n        <div class=\"wp-block-group posts-list-meta is-layout-flow wp-block-group-is-layout-flow\"><span class='article-list-item-author'><a data-ga-category=\"Posts List\" data-ga-action=\"Author\" data-ga-label=\"n\/a\" href=\"https:\/\/www.greenpeace.org\/nl\/author\/hdvries\/\">Hilde Anna de Vries<\/a><\/span>\n        <div class=\"wp-block-post-date\"><time datetime=\"2026-04-16T23:00:00+02:00\">16 april 2026<\/time><\/div>\n        \n        <\/div>\n        <\/div>\n        <\/div>\n\n            <\/li><\/ul>\n\n    \n<div class=\"wp-block-buttons carousel-controls is-horizontal is-content-justification-space-between is-nowrap is-layout-flex wp-container-core-buttons-is-layout-044bd602 wp-block-buttons-is-layout-flex\">\n            <div class=\"wp-block-button carousel-control-prev\"><button type=\"button\" class=\"wp-block-button__link wp-element-button\">Prev<\/button><\/div>\n        \n\n            <div class=\"wp-block-button carousel-control-next\"><button type=\"button\" class=\"wp-block-button__link wp-element-button\">Volgende<\/button><\/div>\n        <\/div>\n\n\n    <\/div>\n    \n    <div class=\"wp-block-query posts-list p4-query-loop is-custom-layout-grid is-layout-grid wp-container-core-query-is-layout-b8bb0bd1 wp-block-query-is-layout-grid\">\n        <div class=\"wp-block-group is-content-justification-space-between is-layout-flex wp-container-core-group-is-layout-3d213aab wp-block-group-is-layout-flex\"><h2 class=\"wp-block-heading\">Publicaties<\/h2>\n        \n        \n        <\/div>\n        \n\n    <p style=\"margin-top: 24px; margin-bottom: 36px;\"><\/p>\n\n    <div class=\"wp-block-query-no-results\">\n        <p style=\"\">No posts found.<\/p>\n        <\/div>\n\n    \n\n    \n<div class=\"wp-block-buttons carousel-controls is-horizontal is-content-justification-space-between is-nowrap is-layout-flex wp-container-core-buttons-is-layout-044bd602 wp-block-buttons-is-layout-flex\">\n            <div class=\"wp-block-button carousel-control-prev\"><button type=\"button\" class=\"wp-block-button__link wp-element-button\">Prev<\/button><\/div>\n        \n\n            <div class=\"wp-block-button carousel-control-next\"><button type=\"button\" class=\"wp-block-button__link wp-element-button\">Volgende<\/button><\/div>\n        <\/div>\n\n\n    <\/div>\n    \n<section class=\"gpnl-newsletter__block\">\n<div class=\"background-image\" style=\"\n\t\t\t\t\t background-image: url('https:\/\/www.greenpeace.org\/static\/planet4-netherlands-stateless\/2019\/04\/7d9b2803-background_newsletter.png');\n\t\t\t\t\t background-position: 50% 50%;\n\t\t\t\t\t opacity: 100%;\n\t\t\t\t\t \">\n<\/div>\n<div class=\"container gpnl-newsletter__wrapper\">\n<div class=\"gpnl-newsletter__text\">\n<h2 class=\"gpnl-newsletter__title\">\nWil je graag op de hoogte blijven?\n<\/h2>\n<p class=\"gpnl-newsletter__description\">Meld je aan en ontvang elke twee weken de nieuwsbrief<\/p>\n<a href=\"https:\/\/doemee.greenpeace.nl\/nieuwsbrief\/\" class=\"btn btn-medium btn-primary btn-block\" rel=\"noopener\">Aanmelden<\/a>\n<\/div>\n<\/div>\n<\/section>\n","protected":false},"excerpt":{"rendered":"<p>Racende rubberboten, gele spandoeken en spectaculaire klimacties: dat is Greenpeace. Maar voor we ook maar een spandoek uitrollen, is er achter de schermen al van alles gebeurd. Als je ergens tegen protesteert, moet je wel je feiten op een rijtje hebben. Gedegen wetenschappelijk onderzoek is de basis voor alle campagnes. Met de resultaten van het [&hellip;]<\/p>\n","protected":false},"author":20,"featured_media":0,"parent":0,"menu_order":0,"comment_status":"closed","ping_status":"closed","template":"","meta":{"ep_exclude_from_search":false,"p4_hide_page_title_checkbox":"","p4_title":"","p4_subtitle":"","p4_description":"","background_image_id":"","background_image":"","p4_button_title":"","p4_button_link":"","p4_button_link_checkbox":"","p4_og_title":"","p4_og_description":"","p4_og_image":"","p4_og_image_id":"","p4_seo_canonical_url":"","p4_campaign_name":"not set","p4_local_project":"not set","p4_basket_name":"not set","p4_department":"","footnotes":""},"categories":[],"tags":[],"class_list":["post-20940","page","type-page","status-publish","hentry"],"_links":{"self":[{"href":"https:\/\/www.greenpeace.org\/nl\/wp-json\/wp\/v2\/pages\/20940","targetHints":{"allow":["GET"]}}],"collection":[{"href":"https:\/\/www.greenpeace.org\/nl\/wp-json\/wp\/v2\/pages"}],"about":[{"href":"https:\/\/www.greenpeace.org\/nl\/wp-json\/wp\/v2\/types\/page"}],"author":[{"embeddable":true,"href":"https:\/\/www.greenpeace.org\/nl\/wp-json\/wp\/v2\/users\/20"}],"replies":[{"embeddable":true,"href":"https:\/\/www.greenpeace.org\/nl\/wp-json\/wp\/v2\/comments?post=20940"}],"version-history":[{"count":18,"href":"https:\/\/www.greenpeace.org\/nl\/wp-json\/wp\/v2\/pages\/20940\/revisions"}],"predecessor-version":[{"id":81794,"href":"https:\/\/www.greenpeace.org\/nl\/wp-json\/wp\/v2\/pages\/20940\/revisions\/81794"}],"wp:attachment":[{"href":"https:\/\/www.greenpeace.org\/nl\/wp-json\/wp\/v2\/media?parent=20940"}],"wp:term":[{"taxonomy":"category","embeddable":true,"href":"https:\/\/www.greenpeace.org\/nl\/wp-json\/wp\/v2\/categories?post=20940"},{"taxonomy":"post_tag","embeddable":true,"href":"https:\/\/www.greenpeace.org\/nl\/wp-json\/wp\/v2\/tags?post=20940"}],"curies":[{"name":"wp","href":"https:\/\/api.w.org\/{rel}","templated":true}]}}