{"id":47345,"date":"2021-09-10T09:07:15","date_gmt":"2021-09-10T07:07:15","guid":{"rendered":"https:\/\/www.greenpeace.org\/nl\/?page_id=47345"},"modified":"2025-07-02T10:22:35","modified_gmt":"2025-07-02T08:22:35","slug":"eci","status":"publish","type":"page","link":"https:\/\/www.greenpeace.org\/nl\/eci\/","title":{"rendered":"ECI"},"content":{"rendered":"\n<section class=\"wp-block-planet4-gpnl-blocks-columns block bg-none\"><div class=\"row\">\n<div class=\"col-12 col-lg-3\">\n<p><\/p>\n<\/div>\n\n\n\n<div class=\"col-12 col-lg-6\">\n<h2 class=\"is-style-default wp-block-heading\" id=\"h-meer-dan-300-000-handtekeningen-gezet\"><strong>Meer dan 300.000 handtekeningen gezet <\/strong>?<\/h2>\n\n\n\n<p><strong>We hebben meer dan 300.000 handtekeningen opgehaald voor een Europees verbod op reclame en sponsoring voor fossiele brandstoffen!<\/strong><\/p>\n\n\n\n<p>Een duidelijk signaal naar de EU: dit verbod op fossiele reclame moet er komen! Samen houden we de grote vervuilers bij de les en overheden verantwoordelijk.<\/p>\n\n\n\n<p>Dank aan iedereen die zich bij de beweging heeft aangesloten en het Europees burgerinitiatief voor heeft ondertekend. <strong>De petitie is nu gesloten.<\/strong> Blijf op de hoogte van het laatste nieuws via onze nieuwsbrief:<\/p>\n\n\n\n<div class=\"wp-block-buttons is-layout-flex wp-block-buttons-is-layout-flex\">\n<div class=\"wp-block-button is-style-cta\"><a class=\"wp-block-button__link\" href=\"https:\/\/steun.greenpeace.nl\/nieuwsbrief\" target=\"_blank\" rel=\"noopener\">Blijf op de hoogte<\/a><\/div>\n<\/div>\n<\/div>\n\n\n\n<div class=\"col-12 col-lg-3\">\n<p><\/p>\n<\/div>\n<\/div><\/section>\n\n<section class=\"wp-block-planet4-gpnl-blocks-columns block bg-none\"><div class=\"row\">\n<div class=\"col-12 col-lg-3\">\n<p><\/p>\n<\/div>\n\n\n\n<div class=\"col-12 col-lg-6\">\n<h3 class=\"wp-block-heading\" id=\"h-verbod-op-reclame-en-sponsoring-voor-fossiele-brandstoffen\">Verbod op reclame en sponsoring voor fossiele brandstoffen<\/h3>\n\n\n\n<p><span style=\"font-weight: 400;\">Een <strong>fossielvrije wereld<\/strong> waar reclame voor vervuilende bedrijven verboden is, dat willen we allemaal. <\/span><\/p>\n\n\n\n<p><span style=\"font-weight: 400;\">Het klimaat wordt door fossiele bedrijven ontwricht \u00e9n ze mogen dit ook nog aan ons verkopen. <strong>Dat moet stoppen<\/strong>. Net zoals tabaksreclame al lang verleden tijd is. Samen kunnen we deze verandering maken door 1 miljoen handtekeningen te verzamelen voor dit Europees Burgerinatief. Zo moet de EU met ons voorstel voor een verbod aan de slag.<\/span><\/p>\n\n\n\n<p>Wij verzoeken de Europese Commissie een EU-wetgevingshandeling voor te stellen met het oog op<\/p>\n\n\n\n<ul class=\"wp-block-list\"><li>een verbod op reclame voor fossiele brandstoffen, alsook voor fossiel aangedreven vervoer door de lucht, over de weg en over water (met uitzondering van vervoersdiensten van algemeen economisch belang);<\/li><li>een verbod op reclame van bedrijven die actief zijn op de markt voor fossiele brandstoffen, met name door fossiele brandstoffen te winnen, raffineren, leveren, distribueren of verkopen;<\/li><li>een verbod op sponsoring door de hierboven genoemde bedrijven, of bedrijven die handelsmerken of handelsnamen gebruiken met betrekking tot fossiele brandstoffen.<\/li><\/ul>\n\n\n\n<p>Deze wetgeving valt in principe onder de bevoegdheid van de EU, aangezien het gaat om regelgeving voor de interne markt die gericht is op een betere bescherming van de consumenten, van de volksgezondheid en van het milieu. Hiermee zouden de burgers zich meer bewust zijn van producten en technologie\u00ebn die verantwoordelijk zijn voor klimaatverandering en andere milieu- en gezondheidsschade.<\/p>\n\n\n\n<p>Bovendien zou deze wetgeving de doelstellingen van het milieu- en consumentenbeschermingsbeleid van de EU helpen bereiken door het harmoniseren van de regels inzake reclame en sponsoring voor fossiele brandstoffen. Dit zou onder de gedeelde bevoegdheden vallen, met inbegrip van interne markt, milieu en consumentenbescherming (zie artikel 4 VWEU).<\/p>\n\n\n\n<div class=\"wp-block-planet4-gpnl-blocks-collapsible\"><details><summary class=\"title\">Meer info<\/summary><div class=\"content\">\n<p class=\"has-medium-font-size\"><strong>Start van de inzameling:<\/strong><br>2021-10-04<\/p>\n\n\n\n<p><strong>Registratienummer:<\/strong><br>ECI(2021)000004<\/p>\n\n\n\n<p><a href=\"https:\/\/sign.fossilfreerevolution.org\/d\/certification.pdf\" target=\"_blank\" rel=\"noopener\"><strong>Certificaat van overeenstemming<\/strong><\/a><\/p>\n\n\n\n<p><strong>Adres van dit initiatief in het onlineregister van de Europese Commissie:<\/strong><br><a href=\"https:\/\/europa.eu\/citizens-initiative\/initiatives\/details\/2021\/000004_nl\" target=\"_blank\" rel=\"noopener\">https:\/\/europa.eu\/citizens-initiative\/initiatives\/details\/2021\/000004_nl<\/a><\/p>\n\n\n\n<p><strong>Contactpersonen:<\/strong><br>Silvia Pastorelli S\u00edlvia D\u00edaz P\u00e9rez<\/p>\n<\/div><\/details><\/div>\n<\/div>\n\n\n\n<div class=\"col-12 col-lg-3\">\n<p><\/p>\n<\/div>\n<\/div><\/section>\n","protected":false},"excerpt":{"rendered":"","protected":false},"author":20,"featured_media":0,"parent":0,"menu_order":-6,"comment_status":"closed","ping_status":"closed","template":"","meta":{"ep_exclude_from_search":false,"p4_hide_page_title_checkbox":"","p4_title":"","p4_subtitle":"","p4_description":"","background_image_id":"","background_image":"","p4_button_title":"","p4_button_link":"","p4_button_link_checkbox":"","p4_og_title":"Verbied fossiele reclame!","p4_og_description":"","p4_og_image":"https:\/\/www.greenpeace.org\/static\/planet4-netherlands-stateless\/2021\/10\/f1deb0ba-md019engels-scaled.jpg","p4_og_image_id":"48179","p4_seo_canonical_url":"","p4_campaign_name":"not set","p4_local_project":"not set","p4_basket_name":"not set","p4_department":"","footnotes":""},"categories":[],"tags":[],"class_list":["post-47345","page","type-page","status-publish","hentry"],"_links":{"self":[{"href":"https:\/\/www.greenpeace.org\/nl\/wp-json\/wp\/v2\/pages\/47345","targetHints":{"allow":["GET"]}}],"collection":[{"href":"https:\/\/www.greenpeace.org\/nl\/wp-json\/wp\/v2\/pages"}],"about":[{"href":"https:\/\/www.greenpeace.org\/nl\/wp-json\/wp\/v2\/types\/page"}],"author":[{"embeddable":true,"href":"https:\/\/www.greenpeace.org\/nl\/wp-json\/wp\/v2\/users\/20"}],"replies":[{"embeddable":true,"href":"https:\/\/www.greenpeace.org\/nl\/wp-json\/wp\/v2\/comments?post=47345"}],"version-history":[{"count":21,"href":"https:\/\/www.greenpeace.org\/nl\/wp-json\/wp\/v2\/pages\/47345\/revisions"}],"predecessor-version":[{"id":71014,"href":"https:\/\/www.greenpeace.org\/nl\/wp-json\/wp\/v2\/pages\/47345\/revisions\/71014"}],"wp:attachment":[{"href":"https:\/\/www.greenpeace.org\/nl\/wp-json\/wp\/v2\/media?parent=47345"}],"wp:term":[{"taxonomy":"category","embeddable":true,"href":"https:\/\/www.greenpeace.org\/nl\/wp-json\/wp\/v2\/categories?post=47345"},{"taxonomy":"post_tag","embeddable":true,"href":"https:\/\/www.greenpeace.org\/nl\/wp-json\/wp\/v2\/tags?post=47345"}],"curies":[{"name":"wp","href":"https:\/\/api.w.org\/{rel}","templated":true}]}}