{"id":61043,"date":"2023-10-26T10:09:45","date_gmt":"2023-10-26T08:09:45","guid":{"rendered":"https:\/\/www.greenpeace.org\/nl\/?page_id=61043"},"modified":"2024-03-26T12:46:22","modified_gmt":"2024-03-26T11:46:22","slug":"partisipa-den-e-marcha-den-e-bloke-di-frontlinies-voor-klimaatrechtvaardigheid","status":"publish","type":"page","link":"https:\/\/www.greenpeace.org\/nl\/partisipa-den-e-marcha-den-e-bloke-di-frontlinies-voor-klimaatrechtvaardigheid\/","title":{"rendered":"Partisipa den e marcha den e bloke di &#8216;Frontlinies voor Klimaatrechtvaardigheid&#8217;"},"content":{"rendered":"\n                    <div class=\"wp-block-group is-vertical is-layout-flex wp-container-core-group-is-layout-8cf370e7 wp-block-group-is-layout-flex\">\n                    \n\n                    \n                    <\/div>\n                    \n<p class=\"has-grey-900-color has-white-background-color has-text-color has-background\">Nos mundu ta na kandela i ta inund\u00e1 na mes momentu. E kr\u00edsis ta awor i ta afekt\u00e1 nos tur. Nos planeta i nos salubridat. Nos futuro i esun di e generashonnan benidero. Na Hulanda i sigur tambe na otro paisnan.\u00a0<br><br>Esnan ku a kontribu\u00ed lo m\u00ednimo na e kr\u00edsis di klima ya kaba ta ha\u00f1a e g\u00f2lpinan di mas fuerte. Na Hulanda esaki ta bira opvio ora bo mira kon apenas Hulanda tin plannan pa proteh\u00e1 munisipalnan Boneiru, Saba i St. Eustatius kontra di konsekuensianan di kambio di klima. I ta pone e ganashinan di kontaminad\u00f3 grandi manera Schiphol, Tata Steel i Chemours kada bes riba e salubridat i siguridat di personanan ku ta biba den bisendario i empleadonan.<br><br>Habitantenan di Boneiru i personanan ku ta biba den bisendario di kontaminad\u00f3 grandi ta par\u00e1 na e li\u00f1anan de frente di e kr\u00edsis di klima\u00a0i\u00a0su konsekuensianan desastroso. Un kinto parti di Boneiru ta kore peliger pa inund\u00e1 si nos no hasi nada awor. Den IJmond ta mas probabel ku hendenan ta ha\u00f1a malesanan severo manera kanser na pulmon i personanan ku ta biba den bisendario di Schiphol no por drumi anochi por kousa di e bochincha. Hopi hende den e gruponan aki ya kaba tin a\u00f1os ta luchando balente kontra di e kontaminashon i e kr\u00edsis di klima. Laga nos amplifik\u00e1 e zonidu aki i demand\u00e1 kambio huntu.<br><br>Ta p\u2019esei 12 di nov\u00e8mber\u00a0 &#8211; peg\u00e1 ku e elekshon &#8211; nos lo subi kaya masal. Huntu banda di otro nos ta demand\u00e1 ku gobi\u00e8rnu Hulandes trata <em>tur<\/em> su habitantenan igual i proteh\u00e1 nan kontra di e kr\u00edsis di klima i polushon. Huntu nos ta solidario ku tur e hendenan r\u00f2nt mundu ku ta luchando pa un futuro i ambiente di biba sano i salvo.<br><br>E kr\u00edsis ta aw\u00f3r! Nos ta demand\u00e1 un maneho pa klima hustu, i un gobi\u00e8rnu ku ta ta pone salubridat riba ganashi di kompania grandi. Abo tambe ta partisip\u00e1? 12 di nov\u00e8mber, plenchi de Dam na Amsterdam.<br><br><strong>Organisashonnan ku ta apoy\u00e1 e yamada<\/strong><br>Habitantenan di Boneiru den Kaso di Klima<br>Gezondheid Op 1<br>SchipholWatch<br>Stop4deroute<br>Frisse Wind<br>Krimp Luchtvaart<br>XR Drechtsteden<br>SOS Zaanstreek<br><\/p>\n","protected":false},"excerpt":{"rendered":"<p>Nos mundu ta na kandela i ta inund\u00e1 na mes momentu. E kr\u00edsis ta awor i ta afekt\u00e1 nos tur. Nos planeta i nos salubridat. Nos futuro i esun di e generashonnan benidero. Na Hulanda i sigur tambe na otro paisnan.\u00a0 Esnan ku a kontribu\u00ed lo m\u00ednimo na e kr\u00edsis di klima ya kaba ta [&hellip;]<\/p>\n","protected":false},"author":20,"featured_media":0,"parent":0,"menu_order":0,"comment_status":"closed","ping_status":"closed","template":"","meta":{"ep_exclude_from_search":false,"p4_hide_page_title_checkbox":"","p4_title":"","p4_subtitle":"","p4_description":"","background_image_id":"","background_image":"","p4_button_title":"","p4_button_link":"","p4_button_link_checkbox":"","p4_og_title":"","p4_og_description":"","p4_og_image":"","p4_og_image_id":"","p4_seo_canonical_url":"","p4_campaign_name":"","p4_local_project":"","p4_basket_name":"","p4_department":"","footnotes":""},"categories":[],"tags":[],"class_list":["post-61043","page","type-page","status-publish","hentry"],"_links":{"self":[{"href":"https:\/\/www.greenpeace.org\/nl\/wp-json\/wp\/v2\/pages\/61043","targetHints":{"allow":["GET"]}}],"collection":[{"href":"https:\/\/www.greenpeace.org\/nl\/wp-json\/wp\/v2\/pages"}],"about":[{"href":"https:\/\/www.greenpeace.org\/nl\/wp-json\/wp\/v2\/types\/page"}],"author":[{"embeddable":true,"href":"https:\/\/www.greenpeace.org\/nl\/wp-json\/wp\/v2\/users\/20"}],"replies":[{"embeddable":true,"href":"https:\/\/www.greenpeace.org\/nl\/wp-json\/wp\/v2\/comments?post=61043"}],"version-history":[{"count":10,"href":"https:\/\/www.greenpeace.org\/nl\/wp-json\/wp\/v2\/pages\/61043\/revisions"}],"predecessor-version":[{"id":62702,"href":"https:\/\/www.greenpeace.org\/nl\/wp-json\/wp\/v2\/pages\/61043\/revisions\/62702"}],"wp:attachment":[{"href":"https:\/\/www.greenpeace.org\/nl\/wp-json\/wp\/v2\/media?parent=61043"}],"wp:term":[{"taxonomy":"category","embeddable":true,"href":"https:\/\/www.greenpeace.org\/nl\/wp-json\/wp\/v2\/categories?post=61043"},{"taxonomy":"post_tag","embeddable":true,"href":"https:\/\/www.greenpeace.org\/nl\/wp-json\/wp\/v2\/tags?post=61043"}],"curies":[{"name":"wp","href":"https:\/\/api.w.org\/{rel}","templated":true}]}}