{"id":62032,"date":"2024-01-11T14:01:00","date_gmt":"2024-01-11T13:01:00","guid":{"rendered":"https:\/\/www.greenpeace.org\/nl\/?page_id=62032"},"modified":"2025-07-02T10:17:43","modified_gmt":"2025-07-02T08:17:43","slug":"kaso-di-klima-boneiru-dikon-nos-ta-demanda-estado-hulandes","status":"publish","type":"page","link":"https:\/\/www.greenpeace.org\/nl\/kaso-di-klima-boneiru-dikon-nos-ta-demanda-estado-hulandes\/","title":{"rendered":"Kaso di Klima Boneiru: dikon nos ta demand\u00e1 Estado Hulandes?"},"content":{"rendered":"\n<p>Dia 11 di yan\u00fcari 2024, 8 habitante di Boneiru i Greenpeace Hulanda a demand\u00e1 Estado<br>Hulandes pa falta di un maneho di klima. Den e art\u00edkulo ak\u00ed nos ta trata e argumentashon legal<br>ku ta forma e base di e kaso di klima. Bo ke lesa e dagvaarding mes? Wak te abou na e p\u00e1gina<br>ak\u00ed. Bo ke sosten\u00e9 e kaso di klima? Klek aki.<\/p>\n\n<p><br>Kambio di klima ta forma un gran menasa pa tur siudadano Hulandes. Habitantenan di Boneiru<br>ta \u00e8kstra vulnerabel pa e konsekuensianan di kambio di klima, mas vulnerabel ku hopi otro<br>hende na Hulanda. Esei ta pa motibu di e gran emishon di gasnan ku efekto di broeikas i e falta<br>di maneho di parti di nos gobi\u00e8rnu. E efektonan di kambio di klima ya ta ser not\u00e1 kaba i lo<br>kambia bida na Boneiru permanentemente.<\/p>\n\n<p><br>Ounke Boneiru ta un munisipio spesial di Hulanda, e siudadanonan no ta ser proteh\u00e1 igual. Na<br>Hulanda Europeo ta tuma medidanan kontra e peligernan ku ta keda kous\u00e1 pa riunan ku ta<br>desbord\u00e1, deiknan da\u00f1\u00e1, sekura i yobida fuerte. Komo gran manehad\u00f3 di awa, Hulanda tin e<br>konosementu i eksperensia pa proteh\u00e1 hende kontra awa. Pa Hulanda Europeo, tin por<br>eh\u00e8mpel un Strategia di Adaptashon na Klima, un Plan Delta, i un Programa di Awa. Anto tin<br>tambe finansiamentu pa medidanan di protekshon. Pero pa Boneiru, gobi\u00e8rnu Hulandes no tin<br>plannan konkreto pa protekshon. Meimei di e kr\u00edsis di klima, esaki ta iresponsabel.<br>Hendenan na Boneiru ta eksperensiando awor kaba efektonan di kambio di klima, manera por<br>eh\u00e8mpel oumento di kalor i inundashonnan. Agrikultornan i piskad\u00f3nan ta nota ku kosechanan i<br>peska ta desepshonante i kalor ta afekt\u00e1 spesialmente hendenan vulnerabel manera grandinan<br>i enfermonan pa loke ta trata nan sal\u00fa. Nan ta mira ku nan ambiente di biba ta kambia i nan ta<br>preokup\u00e1 pa futuro di e siguiente generashonan.<\/p>\n\n<p><br>Estado Hulandes tin e obligashon di proteh\u00e1 Boneiru i su poblashon di un forma adeku\u00e1 kontra<br>e konsekuensianan di kambio di klima, dor di tuma medidanan di adaptashon. Un kondishon pa<br>esaki ta ku mester kombat\u00ed e gran pobresa i oument\u00e1 resiliensia di e hendenan. E medidanan i<br>plannan mester ser trah\u00e1 huntu ku hendenan di Boneiru i bas\u00e1 riba siensia.<br>Ademas, Estado Hulandes mester aport\u00e1 su parti pa para kambio di klima, sino lo ta manera<br>dueila ku kranchi habr\u00ed. Esaki a keda palabr\u00e1 tambe mundialmente den e akuerdo di klima di<br>Paris. Tur pais mester karga nan responsabilidat i kumpli ku nan parti hustu pa manten\u00e9 e<br>kalentamentu bou di 1.5 grado. Estado Hulandes tambe tin e responsabilidat ei.<\/p>\n\n<p><br>Sient\u00edfikonan ta di akuerdo ku si tene kuenta ku e emishonnan hist\u00f3riko di gasnan ku efekto di<br>broeikas, Hulanda no tin mag di saka niun emishon mas for di awor. Hulanda a saka asina tantu<br>emishon den pasado, ku tur emishon \u00e8kstra ta inhustu. Hulanda mester redus\u00ed su emishonnan<br>te na sero mas lih\u00e9 posibel. Diferente investigashon ta mustra ku ta posibel i alkansabel pa<br>redus\u00ed e emishonnan na Hulanda te na sero pa mas tard\u00e1 na 2040. Esei ta 10 a\u00f1a mas lih\u00e9 ku<br>Hulanda tin plani\u00e1 aktualmente. Te ku e ora ei, Hulanda mester kompens\u00e1 su mes emishonnan<br>dor di yuda otro paisnan ku redukshon di nan emishonnan.<\/p>\n\n<p><br>Esaki ta loke e 8 demandantenan individual di Boneiru i Greenpeace Hulanda ta eksig\u00ed den e<br>Kaso di Klima di Boneiru. Estado Hulandes ta komet\u00e9 un akto kontra lei pa ku e habitantenan di<br>Boneiru. Un pais ta komet\u00e9 un akto kontra lei ora e ta hasi algu ku (\u00f2f no ta hasi nada, loke) no<br>ta p\u00e8rmit\u00ed segun lei. E falta di un maneho efektivo di klima ta un violashon di derechonan<br>humano, i spes\u00edfikamente e derecho di bida i bida familiar (respektivamente art\u00edkulo 2 i 8 di e<\/p>\n\n<p>Tratado Europeo pa Derechonan Humano (Europees Verdrag voor de Rechten van de Mens,<br>(EVRM)), e prohibishon di diskriminashon (art\u00edkulo 14 EVRM) i e derecho di tin kultura (art\u00edkulo<br>27 di e Tratado Internashonal di Derechonan Siv\u00edl i Pol\u00edtiko (Internationaal Verdrag Inzake<br>Burgerrechten en Politieke Rechten (IVBPR)).<\/p>\n\n<p><br>A base di Art\u00edkulo 2 i 8 di EVRM estado Hulandes mester tuma sierto medidanan si tin peliger<br>pa bida, bienestar i bida priv\u00e1 di su habitantenan. i garantis\u00e1 ku hendenan por tin un bida priv\u00e1<br>i familiar. Den hustisia tin pon\u00e9 ku kambio di klima ta trese sierto peligernan.<br>Bas\u00e1 riba e art\u00edkulonan ak\u00ed, Estado Hulandes tin obligashon di hasi \u2018su parti\u2019 pa evit\u00e1 kambio di<br>klima peligroso (\u2018Mitigashon\u2019). Ademas Estado Hulandes mester tuma medidanan di protekshon<br>pa atend\u00e9 ku e konsekuensianan pa hende (\u2018Adaptashon\u2019). Estado Hulandes no ta kumpliendo<br>ku e obligashonnan ak\u00ed, pasobra e no ta hasi sufisiente kontra konsekuensia di kambio<br>klimatol\u00f3giko aktual i binidero. E efektonan riba bida di hende na Boneiru ta grandi kaba i e lo<br>bira mas grandiose nada no w\u00f2rdu hasi. Kambio di klima ta menas\u00e1 nan kosto di bida, nan sal\u00fa,<br>nan herensia kultural i e posibilidat pa futuro generashonnan por sigui biba na Boneiru riba e<br>manera di kustumber.<\/p>\n\n<p><br>Ku esaki art\u00edkulo 27 di IVBPR tambe ta ser viol\u00e1, banda di art\u00edkulo 2 i art\u00edkulo 8. E habitantenan<br>di Boneiru ta un minoria i nan tin un kultura i historia ku raisnan profundo. E negligensia di<br>Estado Hulandes pa tuma medidanan kontra kambio di klima ta forma un peliger serio pa e<br>kultura ak\u00ed.<\/p>\n\n<p><br>Por \u00faltimo e prohibishon di diskriminashon, art\u00edkulo 14 di EVRM, tambe ta ser viol\u00e1 pasobra ta<br>hasi distinshon ileg\u00edtimo entre siudadanonan, konsiderando ku gobi\u00e8rnu Hulandes tin hopi plan i<br>medidanan pa proteh\u00e1 siudadanonan na Hulanda Europeo, pero esakinan no ta konta pa<br>siudadanonan na Hulanda Karibense. Esaki ta nifika ku tin desigualdad entre habitante di<br>Boneiru i habitante di Hulandes Europeo (por lo m\u00e9nos a base di lug\u00e1 di biba) kaminda ta trata<br>eprotekshonku estado Hulandes ta ofres\u00e9 kontra di e konsekuensianan di kambio di klima.<br>E derechonan humano ak\u00ed mester ser proteh\u00e1 pa asina futuro generashonnan i nos mes por<br>sigui biba di un manera sigur i pasa nos tradishonnan i kultura pa otro &#8211; sea ku bo ta biba na<br>Boneiru, Ameland \u00f2f na Valkenburg.<\/p>\n\n<p><br>Akibanda\/akibou bo por lesa e dagvaarding. Den e dagvaarding ak\u00ed ta trata e echonan<br>relashon\u00e1 ku e historia i karakter\u00edstikanan di Boneiru, kambio di klima i adaptashon, mitigashon<br>i e parti hustu, esta \u2018fair share\u2019. Despues ta argument\u00e1 den e kuadro legal kiko ta e relashonnan<br>konstitushonal i obligashonnan di derecho humano ku Estado Hulandes tin pa ku e hendenan<br>na Boneiru. Despues di esaki ta sigui e eksigensianan.<\/p>\n\n<div data-wp-interactive=\"core\/file\" class=\"wp-block-file\"><object data-wp-bind--hidden=\"!state.hasPdfPreview\" hidden class=\"wp-block-file__embed\" data=\"https:\/\/www.greenpeace.org\/static\/planet4-netherlands-stateless\/2024\/01\/a50849f9-dagvaarding-klimaatzaak-bonaire.pdf\" type=\"application\/pdf\" style=\"width:100%;height:600px\" aria-label=\"Insluiting van a50849f9-dagvaarding-klimaatzaak-bonaire.\"><\/object><a id=\"wp-block-file--media-4ceaba3a-e9d6-4740-b289-ba62accf65dc\" href=\"https:\/\/www.greenpeace.org\/static\/planet4-netherlands-stateless\/2024\/01\/a50849f9-dagvaarding-klimaatzaak-bonaire.pdf\">a50849f9-dagvaarding-klimaatzaak-bonaire<\/a><\/div>\n","protected":false},"excerpt":{"rendered":"<p>Dia 11 di yan\u00fcari 2024, 8 habitante di Boneiru i Greenpeace Hulanda a demand\u00e1 EstadoHulandes pa falta di un maneho di klima. Den e art\u00edkulo ak\u00ed nos ta trata e argumentashon legalku ta forma e base di e kaso di klima. Bo ke lesa e dagvaarding mes? Wak te abou na e p\u00e1ginaak\u00ed. Bo ke [&hellip;]<\/p>\n","protected":false},"author":181,"featured_media":0,"parent":0,"menu_order":0,"comment_status":"closed","ping_status":"closed","template":"","meta":{"ep_exclude_from_search":false,"p4_hide_page_title_checkbox":"","p4_title":"","p4_subtitle":"","p4_description":"","background_image_id":"","background_image":"","p4_button_title":"","p4_button_link":"","p4_button_link_checkbox":"","p4_og_title":"","p4_og_description":"","p4_og_image":"","p4_og_image_id":"","p4_seo_canonical_url":"","p4_campaign_name":"","p4_local_project":"","p4_basket_name":"","p4_department":"","footnotes":""},"categories":[17],"tags":[122,100,24],"class_list":["post-62032","page","type-page","status-publish","hentry","category-algemeen","tag-bonaire-climate-justice","tag-klimaatcrisis","tag-politiek"],"_links":{"self":[{"href":"https:\/\/www.greenpeace.org\/nl\/wp-json\/wp\/v2\/pages\/62032","targetHints":{"allow":["GET"]}}],"collection":[{"href":"https:\/\/www.greenpeace.org\/nl\/wp-json\/wp\/v2\/pages"}],"about":[{"href":"https:\/\/www.greenpeace.org\/nl\/wp-json\/wp\/v2\/types\/page"}],"author":[{"embeddable":true,"href":"https:\/\/www.greenpeace.org\/nl\/wp-json\/wp\/v2\/users\/181"}],"replies":[{"embeddable":true,"href":"https:\/\/www.greenpeace.org\/nl\/wp-json\/wp\/v2\/comments?post=62032"}],"version-history":[{"count":5,"href":"https:\/\/www.greenpeace.org\/nl\/wp-json\/wp\/v2\/pages\/62032\/revisions"}],"predecessor-version":[{"id":70904,"href":"https:\/\/www.greenpeace.org\/nl\/wp-json\/wp\/v2\/pages\/62032\/revisions\/70904"}],"wp:attachment":[{"href":"https:\/\/www.greenpeace.org\/nl\/wp-json\/wp\/v2\/media?parent=62032"}],"wp:term":[{"taxonomy":"category","embeddable":true,"href":"https:\/\/www.greenpeace.org\/nl\/wp-json\/wp\/v2\/categories?post=62032"},{"taxonomy":"post_tag","embeddable":true,"href":"https:\/\/www.greenpeace.org\/nl\/wp-json\/wp\/v2\/tags?post=62032"}],"curies":[{"name":"wp","href":"https:\/\/api.w.org\/{rel}","templated":true}]}}