{"id":1967,"date":"2019-09-18T16:45:43","date_gmt":"2019-09-18T14:45:43","guid":{"rendered":"https:\/\/www.greenpeace.org\/norway\/?page_id=1967"},"modified":"2026-01-27T11:50:40","modified_gmt":"2026-01-27T10:50:40","slug":"greenspeaker","status":"publish","type":"page","link":"https:\/\/www.greenpeace.org\/norway\/vaer-med\/greenspeaker\/","title":{"rendered":"Greenspeakerprogrammet"},"content":{"rendered":"\n<div class=\"wp-block-planet4-blocks-carousel-header is-style-default\"><div data-hydrate=\"planet4-blocks\/carousel-header\" data-attributes=\"{&quot;carousel_autoplay&quot;:true,&quot;slides&quot;:[{&quot;image&quot;:2143,&quot;focal_points&quot;:{&quot;x&quot;:0.48614501953125,&quot;y&quot;:0.31893382352941174},&quot;header&quot;:&quot;Greenspeakerprogrammet&quot;,&quot;subheader&quot;:&quot;Inviting a speaker to talk to your colleagues, class or group is a great way to start conversations about our place in the natural world.&quot;,&quot;description&quot;:&quot;Greenspeakere er trente frivillige som holder inspirerende foredrag over hele landet, om utfordringene med \u00e5 beskytte planeten v\u00e5r og hva folk kan gj\u00f8re for \u00e5 hjelpe. Inviter en Greenspeaker til skolen, kontoret eller arrangementet ditt, eller bli en Greenspeaker selv. Finn ut mer nedenfor!&quot;,&quot;link_text&quot;:&quot;Bok en Greenspeaker&quot;,&quot;link_url&quot;:&quot;https:\/\/docs.google.com\/forms\/d\/e\/1FAIpQLSfHYzvMImsjaEVlyaIHCbDuE_NpoUq9C9N4r4qdihwWlO0yPw\/viewform&quot;,&quot;link_url_new_tab&quot;:true,&quot;image_url&quot;:&quot;https:\/\/www.greenpeace.org\/static\/planet4-norway-stateless\/2019\/11\/1b407ab5-gp0stto4u_web_size.jpg&quot;,&quot;image_srcset&quot;:&quot;https:\/\/www.greenpeace.org\/static\/planet4-norway-stateless\/2019\/11\/1b407ab5-gp0stto4u_web_size-150x150.jpg 150w,https:\/\/www.greenpeace.org\/static\/planet4-norway-stateless\/2019\/11\/1b407ab5-gp0stto4u_web_size-300x200.jpg 300w,https:\/\/www.greenpeace.org\/static\/planet4-norway-stateless\/2019\/11\/1b407ab5-gp0stto4u_web_size-510x340.jpg 510w,https:\/\/www.greenpeace.org\/static\/planet4-norway-stateless\/2019\/11\/1b407ab5-gp0stto4u_web_size.jpg 800w&quot;}],&quot;currentImageIndex&quot;:0,&quot;className&quot;:&quot;is-style-default&quot;}\"><section class=\"block block-header alignfull carousel-header is-style-default\"><div class=\"carousel-wrapper-header\"><div class=\"carousel-inner\" role=\"listbox\"><div class=\"carousel-item active\"><div class=\"carousel-item-mask\"><div class=\"background-holder\"><img decoding=\"async\" src=\"https:\/\/www.greenpeace.org\/static\/planet4-norway-stateless\/2019\/11\/1b407ab5-gp0stto4u_web_size.jpg\" style=\"object-position:48.614501953125% 31.893382352941174%\" srcSet=\"https:\/\/www.greenpeace.org\/static\/planet4-norway-stateless\/2019\/11\/1b407ab5-gp0stto4u_web_size-150x150.jpg 150w,https:\/\/www.greenpeace.org\/static\/planet4-norway-stateless\/2019\/11\/1b407ab5-gp0stto4u_web_size-300x200.jpg 300w,https:\/\/www.greenpeace.org\/static\/planet4-norway-stateless\/2019\/11\/1b407ab5-gp0stto4u_web_size-510x340.jpg 510w,https:\/\/www.greenpeace.org\/static\/planet4-norway-stateless\/2019\/11\/1b407ab5-gp0stto4u_web_size.jpg 800w\"\/><\/div><div class=\"carousel-caption\"><div class=\"caption-overlay\"><\/div><div class=\"container main-header\"><div class=\"carousel-captions-wrapper\"><h2>Greenspeakerprogrammet<\/h2><p>Greenspeakere er trente frivillige som holder inspirerende foredrag over hele landet, om utfordringene med \u00e5 beskytte planeten v\u00e5r og hva folk kan gj\u00f8re for \u00e5 hjelpe. Inviter en Greenspeaker til skolen, kontoret eller arrangementet ditt, eller bli en Greenspeaker selv. Finn ut mer nedenfor!<\/p><\/div><div class=\"col-xs-12 col-sm-8 col-md-4 action-button\"><a href=\"https:\/\/docs.google.com\/forms\/d\/e\/1FAIpQLSfHYzvMImsjaEVlyaIHCbDuE_NpoUq9C9N4r4qdihwWlO0yPw\/viewform\" class=\"btn btn-primary\" data-ga-category=\"Carousel Header\" data-ga-action=\"Call to Action\" rel=\"noreferrer noopener\" target=\"_blank\"><span>Bok en Greenspeaker<\/span><\/a><\/div><\/div><\/div><\/div><\/div><\/div><\/div><\/section><\/div><\/div>\n\n<div style=\"height:30px\" aria-hidden=\"true\" class=\"wp-block-spacer\"><\/div>\n\n<h2 class=\"wp-block-heading\">Mer om Greenspeakerprogrammet<\/h2>\n\n<p>Greenspeakerne brenner for \u00e5 bygge en gr\u00f8nn og fredelig verden. De er glade for \u00e5 dele lidenskapen sin, og snakke om l\u00f8sningene p\u00e5 milj\u00f8problemene v\u00e5re. Enten det handler om hvordan vi kan f\u00e5 klimaendringer under kontroll eller beskytte regnskoger og hav, kan Greenspeakerne gi engasjerende innsikt i milj\u00f8utfordringene vi st\u00e5r overfor. De kan ogs\u00e5 snakke om Greenpeace sin historie og arbeidet vi gj\u00f8r. Vi leverer foredrag til en rekke m\u00e5lgrupper. Vi kan for eksempel snakke om plast p\u00e5 en skole, klimaendringer hos en bedrift, eller luftforurensing med lokalpolitikere.<\/p>\n\n<div style=\"height:30px\" aria-hidden=\"true\" class=\"wp-block-spacer\"><\/div>\n\n<div class=\"wp-block-media-text alignwide is-stacked-on-mobile mb-0\" id=\"book-en-greenspeaker\"><figure class=\"wp-block-media-text__media\"><img loading=\"lazy\" decoding=\"async\" width=\"800\" height=\"533\" src=\"https:\/\/www.greenpeace.org\/static\/planet4-norway-stateless\/2023\/07\/177fb53c-greenpeaker.webp\" alt=\"\" sizes=\"auto, (min-width: 1600px) calc((1320px - 24px) \/ 2),(min-width: 1200px) calc((1140px - 24px) \/ 2),(min-width: 992px) calc((960px - 24px) \/ 2),(min-width: 768px) calc((720px - 24px) \/ 2),(min-width: 601px) calc((540px - 24px) \/ 2),(min-width: 577px) calc((540px - 24px) \/ 1), calc(100vw - 24px)\" srcset=\"https:\/\/www.greenpeace.org\/static\/planet4-norway-stateless\/2023\/07\/177fb53c-greenpeaker.webp 800w, https:\/\/www.greenpeace.org\/static\/planet4-norway-stateless\/2023\/07\/177fb53c-greenpeaker-300x200.webp 300w, https:\/\/www.greenpeace.org\/static\/planet4-norway-stateless\/2023\/07\/177fb53c-greenpeaker-768x512.webp 768w, https:\/\/www.greenpeace.org\/static\/planet4-norway-stateless\/2023\/07\/177fb53c-greenpeaker-510x340.webp 510w\" class=\"wp-image-56844 size-full\"\/><\/figure><div class=\"wp-block-media-text__content\">\n<div style=\"height:50px\" aria-hidden=\"true\" class=\"wp-block-spacer\"><\/div>\n\n\n\n<h2 class=\"wp-block-heading\">Bok en Greenspeaker<\/h2>\n\n\n\n<p>\u00c5 invitere en foredragsholder til \u00e5 snakke med kollegaene, klassen eller gruppen din, er en fin m\u00e5te \u00e5 sette i gang samtaler om v\u00e5r plass i naturen. <\/p>\n\n\n\n<p>Du kan booke en Greenpeaker ved \u00e5 fylle ut <a href=\"#forms\">skjemaet under<\/a>.<\/p>\n\n\n\n<div style=\"height:50px\" aria-hidden=\"true\" class=\"wp-block-spacer\"><\/div>\n<\/div><\/div>\n\n<div class=\"wp-block-media-text alignwide has-media-on-the-right is-stacked-on-mobile is-image-fill-element mt-0\" id=\"bli-en-greenspeaker\"><div class=\"wp-block-media-text__content\">\n<div style=\"height:50px\" aria-hidden=\"true\" class=\"wp-block-spacer\"><\/div>\n\n\n\n<h2 class=\"wp-block-heading\">Bli en Greenspeaker<\/h2>\n\n\n\n<p>Hvis du liker \u00e5 snakke om milj\u00f8et og er trygg p\u00e5 \u00e5 snakke foran grupper, kan du bli en Greenspeaker. Du vil f\u00e5 oppl\u00e6ring og blir utstyrt med presentasjonsmateriell. Du m\u00e5 bruke litt tid p\u00e5 \u00e5 tilpasse og videreutvikle foredragene for hvert arrangement. Du m\u00e5 ogs\u00e5 regne med reising til forskjellige arenaer. Reiseutgiftene dekkes.<\/p>\n\n\n\n<p>Vi arrangerer oppl\u00e6ring for nye Greenspeakere to ganger i \u00e5ret. Vi gj\u00f8r v\u00e5rt beste for \u00e5 invitere alle som s\u00f8ker, men vi kan ikke garantere plass.<\/p>\n\n\n\n<p>For \u00e5 f\u00e5 mer informasjon om Greenspeakerrollen, eller for \u00e5 registrere din interesse for oppl\u00e6ring, send en e-post til <a href=\"mailto:tim.liebenhoff@greenpeace.org\" target=\"_blank\" rel=\"noreferrer noopener\">tim.liebenhoff@greenpeace.org<\/a><\/p>\n\n\n\n<div style=\"height:50px\" aria-hidden=\"true\" class=\"wp-block-spacer\"><\/div>\n<\/div><figure class=\"wp-block-media-text__media\"><img loading=\"lazy\" decoding=\"async\" width=\"2048\" height=\"1365\" src=\"https:\/\/www.greenpeace.org\/static\/planet4-norway-stateless\/2019\/11\/7affe11c-joinus2.png\" alt=\"\" sizes=\"auto, (min-width: 1600px) calc((1320px - 24px) \/ 2),(min-width: 1200px) calc((1140px - 24px) \/ 2),(min-width: 992px) calc((960px - 24px) \/ 2),(min-width: 768px) calc((720px - 24px) \/ 2),(min-width: 601px) calc((540px - 24px) \/ 2),(min-width: 577px) calc((540px - 24px) \/ 1), calc(100vw - 24px)\" srcset=\"\" class=\"wp-image-2275 size-full\" style=\"object-position:50% 50%\"\/><\/figure><\/div>\n\n<div style=\"height:30px\" aria-hidden=\"true\" class=\"wp-block-spacer\"><\/div>\n\n<div class=\"wp-block-columns is-layout-flex wp-container-core-columns-is-layout-9d6595d7 wp-block-columns-is-layout-flex\">\n<div class=\"wp-block-column is-layout-flow wp-block-column-is-layout-flow\">\n<style>\n  .accordion {\n    background-color: #fff;\n    color: #444;\n    cursor: pointer;\n    padding: 18px;\n    width: 100%;\n    border: none;\n    text-align: left;\n    outline: none;\n    font-size: 15px;\n    transition: 0.4s;\n    padding-top: 16px;\n      padding-bottom: 16px;\n      padding-inline-start: 16px;\n      padding-inline-end: 44px;\n      font-size: 1.25rem;\n      border-radius: 4px;\n      font-weight: 500;\n      line-height: 1;\n      margin-top: 0;\n      margin-bottom: 16px;\n      border-width: 1px;\n      border-style: solid;\n  }\n\n  .active,\n  .accordion:hover {\n    background-color: #ccc;\n  }\n\n.accordion:after {  \n    right: 24px;    \n    height: 0;\n    left: auto;\n    content: \"+\";\n    pointer-events: none;\n    position: absolute;\n    right: 16px;\n    transform: translateY(-50%);\n\n}\n  .accordion.active:after {\n    content: \"-\";\n  }\n\n  .panel {\n    padding: 0 18px;\n    background-color: white;\n    max-height: 0;\n    overflow: hidden;\n    transition: max-height 0.2s ease-out;\n  }\n\n  .panel iframe {\n    width: 100%;\n    border: none;\n    margin: 0;\n    padding: 0;\n  }\n\n  .panel.active iframe { height: 157rem; }\n\n<\/style>\n\n<div id=\"forms\" class=\"accordion is-style-light\">Fyll ut skjemaet &laquo;Bok a Greenspeaker&raquo; p\u00e5 norsk<\/div>\n<div class=\"panel\">\n  <iframe\n    id=\"form-no\"\n    src=\"https:\/\/docs.google.com\/forms\/d\/e\/1FAIpQLSfHYzvMImsjaEVlyaIHCbDuE_NpoUq9C9N4r4qdihwWlO0yPw\/viewform?embedded=true\"\n    frameborder=\"0\"\n    marginheight=\"0\"\n    marginwidth=\"0\"\n  >\n    Laster inn&#8230;\n  <\/iframe>\n<\/div>\n\n<div class=\"accordion is-style-light\">Fill in the &laquo;Book a Greenspeaker&raquo; form in English<\/div>\n<div class=\"panel\">\n  <iframe\n    id=\"form-en\"\n    src=\"https:\/\/docs.google.com\/forms\/d\/e\/1FAIpQLSf0gWRZ86IPR7KX3GUHMBimGc0DEzBK-X6gjbLLJ13nwfq8qQ\/viewform?embedded=true\"\n    frameborder=\"0\"\n    marginheight=\"0\"\n    marginwidth=\"0\"\n  >\n    Loading&#8230;\n  <\/iframe>\n<\/div>\n\n<script>\n  var accordions = document.getElementsByClassName(\"accordion\");\n  var panels = document.getElementsByClassName(\"panel\");\n\n  for (var i = 0; i < accordions.length; i++) {\n    accordions[i].addEventListener(\"click\", function () {\n      var panel = this.nextElementSibling;\n      var isActive = panel.classList.contains(\"active\");\n\n      \/\/ Close all panels\n      for (var j = 0; j < panels.length; j++) {\n        panels[j].classList.remove(\"active\");\n        panels[j].style.maxHeight = null;\n        this.classList.remove(\"active\");\n      }\n\n      \/\/ Open the clicked panel if it was not active\n      if (!isActive) {\n        panel.classList.add(\"active\");\n        panel.style.maxHeight = Math.max(panel.scrollHeight, 3000) + \"px\";\n        this.classList.add(\"active\");\n      }\n    });\n  }\n<\/script>\n<\/div>\n<\/div>\n\n<div style=\"height:30px\" aria-hidden=\"true\" class=\"wp-block-spacer\"><\/div>\n","protected":false},"excerpt":{"rendered":"<p>Inviter en Greenspeaker til skolen, kontoret eller arrangementet ditt, eller bli en Greenspeaker selv.<\/p>\n","protected":false},"author":25,"featured_media":1985,"parent":9,"menu_order":3,"comment_status":"closed","ping_status":"closed","template":"","meta":{"ep_exclude_from_search":false,"p4_hide_page_title_checkbox":"on","p4_title":"","p4_subtitle":"","p4_description":"","background_image_id":"","background_image":"","p4_button_title":"","p4_button_link":"","p4_button_link_checkbox":"","p4_og_title":"","p4_og_description":"","p4_og_image":"","p4_og_image_id":"","p4_seo_canonical_url":"","p4_campaign_name":"not set","p4_local_project":"not set","p4_basket_name":"not set","p4_department":"","footnotes":""},"categories":[26],"tags":[28],"class_list":["post-1967","page","type-page","status-publish","has-post-thumbnail","hentry","category-greenpeace","tag-engasjer-deg"],"_links":{"self":[{"href":"https:\/\/www.greenpeace.org\/norway\/wp-json\/wp\/v2\/pages\/1967","targetHints":{"allow":["GET"]}}],"collection":[{"href":"https:\/\/www.greenpeace.org\/norway\/wp-json\/wp\/v2\/pages"}],"about":[{"href":"https:\/\/www.greenpeace.org\/norway\/wp-json\/wp\/v2\/types\/page"}],"author":[{"embeddable":true,"href":"https:\/\/www.greenpeace.org\/norway\/wp-json\/wp\/v2\/users\/25"}],"replies":[{"embeddable":true,"href":"https:\/\/www.greenpeace.org\/norway\/wp-json\/wp\/v2\/comments?post=1967"}],"version-history":[{"count":20,"href":"https:\/\/www.greenpeace.org\/norway\/wp-json\/wp\/v2\/pages\/1967\/revisions"}],"predecessor-version":[{"id":66516,"href":"https:\/\/www.greenpeace.org\/norway\/wp-json\/wp\/v2\/pages\/1967\/revisions\/66516"}],"up":[{"embeddable":true,"href":"https:\/\/www.greenpeace.org\/norway\/wp-json\/wp\/v2\/pages\/9"}],"wp:featuredmedia":[{"embeddable":true,"href":"https:\/\/www.greenpeace.org\/norway\/wp-json\/wp\/v2\/media\/1985"}],"wp:attachment":[{"href":"https:\/\/www.greenpeace.org\/norway\/wp-json\/wp\/v2\/media?parent=1967"}],"wp:term":[{"taxonomy":"category","embeddable":true,"href":"https:\/\/www.greenpeace.org\/norway\/wp-json\/wp\/v2\/categories?post=1967"},{"taxonomy":"post_tag","embeddable":true,"href":"https:\/\/www.greenpeace.org\/norway\/wp-json\/wp\/v2\/tags?post=1967"}],"curies":[{"name":"wp","href":"https:\/\/api.w.org\/{rel}","templated":true}]}}