{"id":51324,"date":"2022-06-24T13:35:43","date_gmt":"2022-06-24T12:35:43","guid":{"rendered":"https:\/\/www.greenpeace.org\/norway\/?page_id=51324"},"modified":"2025-07-28T10:07:38","modified_gmt":"2025-07-28T09:07:38","slug":"manedlig-giver-amazonas","status":"publish","type":"page","link":"https:\/\/www.greenpeace.org\/norway\/vaer-med\/stott-oss\/manedlig-giver-amazonas\/","title":{"rendered":"Bli m\u00e5nedlig giver i Greenpeace: Amazonas"},"content":{"rendered":"\n<h2 class=\"wp-block-heading\" id=\"donate\">Sammen utgj\u00f8r vi en forskjell \u2013 bli m\u00e5nedlig giver for Amazonas<\/h2>\n\n<p>Amazonasregnskogen som vi elsker og kjenner den, finnes fortsatt. Enn s\u00e5 lenge. Amazonas n\u00e6rmer seg et vippepunkt hvor skogen ikke lenger kan vende tilbake \u2013 verdens st\u00f8rste regnskog st\u00e5r i fare for \u00e5 bli en savanne. La oss gj\u00f8re alt vi kan for \u00e5 forhindre at regnskogen forsvinner. <strong>N\u00e5 kan du bli m\u00e5nedlig giver med Vipps, kom i gang her:<\/strong><\/p>\n\n<style>\n.pgframe { width: 60%; }\n@media only screen and (max-width: 1000px) { .pgframe { width: 100%; } } @media only screen and (min-width: 1600px) { .pgframe { margin-bottom: -12rem; } }\n<\/style>\n\n<iframe id=\"donate\" src=\"https:\/\/greenpeace-v2.paygate2.dk\/iframe\/55?campaign-code=FRAQXXNFOWBWRA1RG&#038;amount=150&#038;ty-page=https:\/\/www.greenpeace.org\/norway\/vaer-med\/stott-oss\/manedlig-giver-vipps\/bidrag-takk\/\" class=\"pgframe\" height=\"650px\" frameborder=\"0\"><\/iframe>\n\n<hr class=\"wp-block-separator has-alpha-channel-opacity\"\/>\n\n<p><strong>Vipps er den enkleste m\u00e5ten \u00e5 sette opp en fastgiveravtale p\u00e5 (fyll i feltene over)<\/strong>. Det er ogs\u00e5 mulig \u00e5 bruke <a href=\"https:\/\/bidra.greenpeace.org\/d\/bli-manedlig-giver\">Avtalegiro<\/a>.<\/p>\n\n<p><em>Se vilk\u00e5rene v\u00e5re for fastgiveravtaler <a href=\"https:\/\/bidra.greenpeace.org\/vilkaar-for-fastgiveravtaler\">her<\/a>. Vi behandler personopplysningene dine i henhold til&nbsp;<a rel=\"noreferrer noopener\" href=\"https:\/\/bidra.greenpeace.org\/generelle-vilkar-og-betingelser#qa-question-2\" target=\"_blank\">v\u00e5r personvernserkl\u00e6ring<\/a><\/em><\/p>\n\n<h3 class=\"wp-block-heading\">La oss redde Amazonasregnskogen! St\u00f8tten din bidrar til at vi kan:<\/h3>\n\n<p>\u2705 Legge internasjonalt press p\u00e5 den brasilianske regjeringen ved \u00e5 overv\u00e5ke, dokumentere og dele informasjon om \u00f8deleggelse av skog<\/p>\n\n<p>\u2705 Jobbe for \u00e5 sikre en sterk skoglov i EU som kan forhindre import av varer som har bidratt til avskoging og brudd p\u00e5 menneskerettigheter<\/p>\n\n<p>\u2705 Eksponere bedrifter som utnytter regnskogen for kortsiktig gevinst<\/p>\n\n<p>\u2705 Forske p\u00e5 biologisk mangfold og skogens betydning. Dette er spesielt viktig i en tid hvor milj\u00f8vern nedvurderes i Brasil<\/p>\n\n<p>\u2705 Utf\u00f8re kampanjearbeid for \u00e5 f\u00e5 ned kj\u00f8ttforbruket, som er en hoved\u00e5rsak til avskoging<\/p>\n\n<figure class=\"wp-block-image size-full\"><a href=\"#donate\"><img loading=\"lazy\" decoding=\"async\" width=\"540\" height=\"304\" src=\"https:\/\/www.greenpeace.org\/static\/planet4-norway-stateless\/2022\/06\/a24bfbf9-jaguar_16_9.gif\" alt=\"\" class=\"wp-image-51328\"\/><\/a><\/figure>\n\n<h3 class=\"wp-block-heading\">Hvorfor st\u00f8tte Greenpeace?<\/h3>\n\n<p>St\u00f8tten din bidrar til det viktige arbeidet for verdens klima, hav og skog. I 50 \u00e5r har Greenpeace vunnet seire for klima og milj\u00f8 p\u00e5 alle kontinenter og verdenshav. Vi har avsl\u00f8rt milj\u00f8kriminalitet, utf\u00f8rt banebrytende forskning, og presset noen av verdens mest forurensende selskaper til klimahandling. Med mennesker som deg om bord kan vi fortsette \u00e5 utgj\u00f8re en forskjell.<\/p>\n\n<p>Greenpeace er en uavhengig milj\u00f8organisasjon. Vi mottar av prinsipp ikke st\u00f8tte fra myndigheter, n\u00e6ringsliv eller politiske partier \u2013 arbeidet v\u00e5rt er finansiert av vanlige folk som deg. Det betyr at vi st\u00e5r helt fritt til \u00e5 konfrontere myndigheter og selskaper som er ansvarlige for milj\u00f8- og klima\u00f8deleggelse.<\/p>\n\n<p>Sammen kan vi gj\u00f8re dette til forandringens ti\u00e5r. Fram mot 2030 jobber vi for at:<\/p>\n\n<p>\u2705 Minst 30 prosent av land og hav har sterkt vern<br>\u2705 Globale klimagassutslipp er halvert<br>\u2705 Det skal bli slutt p\u00e5 overproduksjonen av engangsplast<br>\u2705 Alle nye olje- og gassprosjekter er stanset, og en strategi for \u00e5 f\u00e5 slutt p\u00e5 bruken av fossile brensler er iverksatt<br>\u2705 Helse og natur prioriteres over profitt<\/p>\n\n<p>Er du med?<\/p>\n\n<div class=\"wp-block-buttons is-content-justification-space-between is-layout-flex wp-container-core-buttons-is-layout-3d213aab wp-block-buttons-is-layout-flex\">\n<div class=\"wp-block-button has-custom-font-size is-style-cta\" style=\"font-size:15px\"><a class=\"wp-block-button__link wp-element-button\" href=\"#donate\">Bli fast giver med Vipps<\/a><\/div>\n<\/div>\n\n<p><\/p>\n\n<h3 class=\"wp-block-heading\">Andre m\u00e5ter du kan st\u00f8tte p\u00e5<\/h3>\n\n<p>1. Engangsbidrag: vipps til nummer 508995<br>2. Engangsbidrag &#8211; betal med bankkort <a href=\"https:\/\/bidra.greenpeace.org\/d\/engangsbidrag\">her <\/a><\/p>\n\n<section class=\"block accordion-block wp-block-planet4-blocks-accordion is-style-light\"><header><h2 class=\"page-section-header\">Tre av seirene v\u00e5re<\/h2><\/header><div class=\"accordion-content\"><div class=\"accordion-headline\" name=\"1995: Kjempeseier i kampen mot dumping av avfall til sj\u00f8s\">1995: Kjempeseier i kampen mot dumping av avfall til sj\u00f8s<\/div><div class=\"panel panel-hidden\"><p class=\"accordion-text\">En av de mest kjente Greenpeace-aksjonene, okkupasjonen av oljeplattformen Brent Spar, fant sted i Nordsj\u00f8en i juni 1995. Aktivister okkuperte plattformen i over tre uker som del av en verdensomspennende kampanje mot Shells plan om \u00e5 bli kvitt plattformen, inkludert 11 tonn olje, ved \u00e5 dumpe den rett i havet. Kampanjen var vellykket, og Shell skrinla planene.<\/p><\/div><\/div><div class=\"accordion-content\"><div class=\"accordion-headline\" name=\"2010: Greenpeace presser Nestl\u00e9 til \u00e5 slutte med regnskog\u00f8deleggelse\">2010: Greenpeace presser Nestl\u00e9 til \u00e5 slutte med regnskog\u00f8deleggelse<\/div><div class=\"panel panel-hidden\"><p class=\"accordion-text\">Det internasjonale selskapet Nestl\u00e9 gikk med p\u00e5 \u00e5 slutte \u00e5 kj\u00f8pe palmeolje fra produsenter som raserer den indonesiske regnskogen. Avgj\u00f8relsen kom etter \u00e5tte uker med massivt press fra forbrukere i sosiale medier og gjennom ikkevoldelig protest utf\u00f8rt av Greenpeace-aktivister i en global kampanje mot merkevaren Kit Kat.<br><\/p><\/div><\/div><div class=\"accordion-content\"><div class=\"accordion-headline\" name=\"2021: Historisk dom i klimarettssak mot Shell\">2021: Historisk dom i klimarettssak mot Shell<\/div><div class=\"panel panel-hidden\"><p class=\"accordion-text\">En nederlandsk rett slo fast at Shell m\u00e5 redusere klimautslippene sine med 45 prosent innen 2030, sammenlignet med 2019-niv\u00e5. Dette er f\u00f8rste gang et stort fossilselskap holdes ansvarlig for bidraget sitt til klimaendringene og p\u00e5legges \u00e5 redusere utslipp. I Norge har Greenpeace og andre milj\u00f8organisasjoner et klimas\u00f8ksm\u00e5l mot staten over oljeboring i Arktis.<\/p><\/div><\/div><\/section>\n\n<section class=\"block accordion-block wp-block-planet4-blocks-accordion is-style-light\"><header><h2 class=\"page-section-header\">Slik jobber vi<\/h2><\/header><div class=\"accordion-content\"><div class=\"accordion-headline\" name=\"Vi unders\u00f8ker og avsl\u00f8rer\">Vi unders\u00f8ker og avsl\u00f8rer<\/div><div class=\"panel panel-hidden\"><p class=\"accordion-text\">Gjennom unders\u00f8kelser avdekker vi hvem som er ansvarlig for milj\u00f8\u00f8deleggelser, og retter s\u00f8kelys mot forhold somdysses ned. Vi bruker metoder som feltarbeid, satellittbilder, n\u00e6ringslivsanalyse og varslingsarbeid. Unders\u00f8kelsene v\u00e5re gir oss harde fakta og bevisene vi trenger for \u00e5 oppn\u00e5 forandring. Unders\u00f8kelsene v\u00e5re har blant annet bidratt til \u00e5 f\u00e5 Royal Dutch Shell ut fra Arktis, f\u00e5 et forbud mot engelsk plastavfall i Malaysia, og bidratt til at et stort omr\u00e5de i Arktis har forbud mot industrielt fiske.<\/p><\/div><\/div><div class=\"accordion-content\"><div class=\"accordion-headline\" name=\"Vi forsker\">Vi forsker<\/div><div class=\"panel panel-hidden\"><p class=\"accordion-text\">Alt av Greenpeace sitt arbeid baserer seg p\u00e5 fakta og informasjon fra forskning og unders\u00f8kelser. Kampanjene og retningslinjene v\u00e5re st\u00f8tter seg p\u00e5 arbeidet til forskere fra hele verden. The Greenpeace Research Laboratories er en del av forskningsenheten i Greenpeace. Med tilholdssted ved Universitetet i Exeter i Storbritannia bidrar laboratoriene v\u00e5re med tverrfaglig vitenskapelig kompetanse og analyser til Greenpeace-kampanjer verden rundt. Over tid har vi bygget opp en omfattende database med forskningslitteratur som er en viktig ressurs og kilde til informasjon.<\/p><\/div><\/div><div class=\"accordion-content\"><div class=\"accordion-headline\" name=\"Vi p\u00e5virker\">Vi p\u00e5virker<\/div><div class=\"panel panel-hidden\"><p class=\"accordion-text\">Gjennom lobbyisme oppfordrer og overtaler vi verdens ledere til \u00e5 ta stegene som trengs for \u00e5 beskytte planeten. Vi forsikrer oss om at kravene v\u00e5re blir h\u00f8rt av politikere og n\u00e6ringslivsledere, og vi oppfordrer dem p\u00e5 det sterkeste til \u00e5 sette forslagene v\u00e5re ut i livet. I Norge har vi m\u00f8ter med politikere for \u00e5 bygge st\u00f8tte for kampanjene v\u00e5re, bidra til rapporter og h\u00f8ringer, spre kunnskap og organisere arrangementer. Globalt har vi kampanjer for \u00e5 p\u00e5virke internasjonale bestemmelser og milj\u00f8vernkonvensjoner slik at de kan bli s\u00e5 sterke og ambisi\u00f8se som mulig.<\/p><\/div><\/div><div class=\"accordion-content\"><div class=\"accordion-headline\" name=\"Vi aksjonerer\">Vi aksjonerer<\/div><div class=\"panel panel-hidden\"><p class=\"accordion-text\">Greenpeace har en lang tradisjon for fredelige aksjoner. Med aksjonene v\u00e5re \u00f8nsker vi gjerne \u00e5 framprovosere handling fra de som sitter med makt og ansvar. Skipsfl\u00e5ten v\u00e5r gj\u00f8r det mulig for oss \u00e5 observere og g\u00e5 til aksjon mot milj\u00f8forbrytelser verden rundt, ogs\u00e5 p\u00e5 avsidesliggende steder som er vanskelige \u00e5 n\u00e5. Flere av aksjonene v\u00e5re har bidratt til \u00e5 skape gr\u00f8nne lovendringer og vern av s\u00e5rbare omr\u00e5der. Prinsippet om ikkevold og sikkerhet st\u00e5r sentralt i alle aksjonene v\u00e5re.<\/p><\/div><\/div><\/section>\n\n<div style=\"height:32px\" aria-hidden=\"true\" class=\"wp-block-spacer\"><\/div>\n","protected":false},"excerpt":{"rendered":"<p>La oss gj\u00f8re alt vi kan for \u00e5 forhindre at regnskogen i Amazonas forsvinner. N\u00e5 kan du bli m\u00e5nedlig giver i Greenpeace med Vipps, kom i gang her.<\/p>\n","protected":false},"author":35,"featured_media":51328,"parent":1229,"menu_order":0,"comment_status":"closed","ping_status":"closed","template":"","meta":{"ep_exclude_from_search":false,"p4_hide_page_title_checkbox":"","p4_title":"","p4_subtitle":"","p4_description":"","background_image_id":"","background_image":"","p4_button_title":"","p4_button_link":"","p4_button_link_checkbox":"","p4_og_title":"","p4_og_description":"","p4_og_image":"","p4_og_image_id":"","p4_seo_canonical_url":"","p4_campaign_name":"not set","p4_local_project":"not set","p4_basket_name":"not set","p4_department":"","footnotes":""},"categories":[60],"tags":[79,88,39],"class_list":["post-51324","page","type-page","status-publish","has-post-thumbnail","hentry","category-skog-og-landbruk","tag-amazonas","tag-regnskog","tag-stott-oss"],"_links":{"self":[{"href":"https:\/\/www.greenpeace.org\/norway\/wp-json\/wp\/v2\/pages\/51324","targetHints":{"allow":["GET"]}}],"collection":[{"href":"https:\/\/www.greenpeace.org\/norway\/wp-json\/wp\/v2\/pages"}],"about":[{"href":"https:\/\/www.greenpeace.org\/norway\/wp-json\/wp\/v2\/types\/page"}],"author":[{"embeddable":true,"href":"https:\/\/www.greenpeace.org\/norway\/wp-json\/wp\/v2\/users\/35"}],"replies":[{"embeddable":true,"href":"https:\/\/www.greenpeace.org\/norway\/wp-json\/wp\/v2\/comments?post=51324"}],"version-history":[{"count":19,"href":"https:\/\/www.greenpeace.org\/norway\/wp-json\/wp\/v2\/pages\/51324\/revisions"}],"predecessor-version":[{"id":65309,"href":"https:\/\/www.greenpeace.org\/norway\/wp-json\/wp\/v2\/pages\/51324\/revisions\/65309"}],"up":[{"embeddable":true,"href":"https:\/\/www.greenpeace.org\/norway\/wp-json\/wp\/v2\/pages\/1229"}],"wp:featuredmedia":[{"embeddable":true,"href":"https:\/\/www.greenpeace.org\/norway\/wp-json\/wp\/v2\/media\/51328"}],"wp:attachment":[{"href":"https:\/\/www.greenpeace.org\/norway\/wp-json\/wp\/v2\/media?parent=51324"}],"wp:term":[{"taxonomy":"category","embeddable":true,"href":"https:\/\/www.greenpeace.org\/norway\/wp-json\/wp\/v2\/categories?post=51324"},{"taxonomy":"post_tag","embeddable":true,"href":"https:\/\/www.greenpeace.org\/norway\/wp-json\/wp\/v2\/tags?post=51324"}],"curies":[{"name":"wp","href":"https:\/\/api.w.org\/{rel}","templated":true}]}}