{"id":52054,"date":"2022-11-24T11:04:13","date_gmt":"2022-11-24T10:04:13","guid":{"rendered":"https:\/\/www.greenpeace.org\/norway\/?page_id=52054"},"modified":"2025-07-29T13:47:46","modified_gmt":"2025-07-29T12:47:46","slug":"vilkar-for-fastgiveravtaler-i-greenpeace","status":"publish","type":"page","link":"https:\/\/www.greenpeace.org\/norway\/vilkar-for-fastgiveravtaler-i-greenpeace\/","title":{"rendered":"Vilk\u00e5r for fastgiveravtaler i Greenpeace"},"content":{"rendered":"\n<div style=\"height:30px\" aria-hidden=\"true\" class=\"wp-block-spacer\"><\/div>\n\n<h2 class=\"wp-block-heading\">Vilk\u00e5r for fastgiveravtaler i Greenpeace<\/h2>\n\n<p>Greenpeace (org.nr. 979560540) er en uavhengig milj\u00f8organisasjon. I 50 \u00e5r har vi vunnet seire for klima og milj\u00f8 p\u00e5 alle kontinenter og verdenshav. Vi har avsl\u00f8rt milj\u00f8kriminalitet, utf\u00f8rt banebrytende forskning og presset noen av verdens mest forurensende selskaper til klimahandling. Med tilstedev\u00e6relse i 55 land verden rundt jobber vi for at myndigheter og selskaper skal ta ansvar for klima og milj\u00f8.&nbsp;<\/p>\n\n<p>Greenpeace er registrert i Innsamlingskontrollen og er medlem av Norges Innsamlingsr\u00e5d.<\/p>\n\n<p><strong>Betalingsmetoder<\/strong><\/p>\n\n<ul class=\"wp-block-list\">\n<li>M\u00e5nedlig betaling med AvtaleGiro trekkes fra \u00f8nsket bankkonto, og er tilgjengelig i giverens nettbank.&nbsp;<\/li>\n\n\n\n<li>M\u00e5nedlig betaling med SMS belastes giverens telefonregning, og en oversikt over kj\u00f8p finnes p\u00e5 strex.no.&nbsp;<\/li>\n\n\n\n<li>M\u00e5nedlig betaling med Vipps trekkes fra \u00f8nsket bankkort eller -konto, og er tilgjengelig i app eller nettside.&nbsp;<\/li>\n<\/ul>\n\n<p><strong>Trekkdatoer<\/strong><\/p>\n\n<ul class=\"wp-block-list\">\n<li>For AvtaleGiro er det fast trekkdato den 15. hver m\u00e5ned.&nbsp;<\/li>\n\n\n\n<li>For SMS-givere blir meldingene giveren betaler for, sendt fra oss enten den 1., 15., 25., 26. eller 28., avhengig av hvilken SMS-tjeneste giveren har meldt seg p\u00e5.&nbsp;<\/li>\n\n\n\n<li>Vi har to ulike faste betalingsl\u00f8sninger via Vipps, hvor den ene trekkes 1. hver m\u00e5ned og den andre trekkes p\u00e5 ulike datoer.<\/li>\n<\/ul>\n\n<p><strong>Oppsigelse av fastgiveravtaler&nbsp;<\/strong><\/p>\n\n<p>Det er ingen bindingstid, og giver kan n\u00e5r som helst avslutte den faste st\u00f8tten. Kontakt info.no@greenpeace.org eller ring oss p\u00e5 22 20 51 01 (09.00\u201315.00) alle hverdager. Dette gjelder alle avtaler uavhengig av betalingsmetode. E-posthenvendelser b\u00f8r inkludere navn, adresse og telefonnummer til giveren som \u00f8nsker \u00e5 avslutte giverforholdet.<\/p>\n\n<ul class=\"wp-block-list\">\n<li>Ved fastgiveravtaler som betales med AvtaleGiro, kan betalingsoppdrag for innev\u00e6rende eller neste m\u00e5ned allerede v\u00e6re sendt til bankene p\u00e5 oppsigelsestidspunktet. Giveren kan selv g\u00e5 inn i nettbanken og slette en eventuell fremtidig betaling eller stanse transaksjonen ved hjelp av kundeservice i banken sin. Greenpeace har ikke myndighet til \u00e5 trekke tilbake betalingsoppdrag som allerede ligger p\u00e5 vent til \u00e5 trekkes i banken.&nbsp;<\/li>\n\n\n\n<li>Ved fastgiveravtaler som betales med SMS kan avtalen ogs\u00e5 avsluttes ved \u00e5 sende \u00abSTOPP KODEORD\u00bb til 2474. (For eksempel: STOPP GREENPEACE). Pass p\u00e5 eventuelle mellomrom.&nbsp; Hvis du har sendt kodeordet riktig, vil du motta en bekreftelse p\u00e5 at avtalen har blitt stoppet.&nbsp;<\/li>\n\n\n\n<li>Ved fastgiveravtaler som betales med Vipps, kan avtalen ogs\u00e5 avsluttes i app.<\/li>\n<\/ul>\n","protected":false},"excerpt":{"rendered":"<p>Her finner du vilk\u00e5rene for fastgiveravtaler i Greenpeace, og mer informasjon om betalingsmetoder, trekkdatoer og oppsigelse av fastgiveravtaler.<\/p>\n","protected":false},"author":27,"featured_media":0,"parent":0,"menu_order":0,"comment_status":"closed","ping_status":"closed","template":"","meta":{"ep_exclude_from_search":false,"p4_hide_page_title_checkbox":"on","p4_title":"","p4_subtitle":"","p4_description":"","background_image_id":"","background_image":"","p4_button_title":"","p4_button_link":"","p4_button_link_checkbox":"","p4_og_title":"","p4_og_description":"","p4_og_image":"","p4_og_image_id":"","p4_seo_canonical_url":"","p4_campaign_name":"not set","p4_local_project":"not set","p4_basket_name":"not set","p4_department":"","footnotes":""},"categories":[26],"tags":[],"class_list":["post-52054","page","type-page","status-publish","hentry","category-greenpeace"],"_links":{"self":[{"href":"https:\/\/www.greenpeace.org\/norway\/wp-json\/wp\/v2\/pages\/52054","targetHints":{"allow":["GET"]}}],"collection":[{"href":"https:\/\/www.greenpeace.org\/norway\/wp-json\/wp\/v2\/pages"}],"about":[{"href":"https:\/\/www.greenpeace.org\/norway\/wp-json\/wp\/v2\/types\/page"}],"author":[{"embeddable":true,"href":"https:\/\/www.greenpeace.org\/norway\/wp-json\/wp\/v2\/users\/27"}],"replies":[{"embeddable":true,"href":"https:\/\/www.greenpeace.org\/norway\/wp-json\/wp\/v2\/comments?post=52054"}],"version-history":[{"count":4,"href":"https:\/\/www.greenpeace.org\/norway\/wp-json\/wp\/v2\/pages\/52054\/revisions"}],"predecessor-version":[{"id":65330,"href":"https:\/\/www.greenpeace.org\/norway\/wp-json\/wp\/v2\/pages\/52054\/revisions\/65330"}],"wp:attachment":[{"href":"https:\/\/www.greenpeace.org\/norway\/wp-json\/wp\/v2\/media?parent=52054"}],"wp:term":[{"taxonomy":"category","embeddable":true,"href":"https:\/\/www.greenpeace.org\/norway\/wp-json\/wp\/v2\/categories?post=52054"},{"taxonomy":"post_tag","embeddable":true,"href":"https:\/\/www.greenpeace.org\/norway\/wp-json\/wp\/v2\/tags?post=52054"}],"curies":[{"name":"wp","href":"https:\/\/api.w.org\/{rel}","templated":true}]}}