{"id":57538,"date":"2023-09-06T15:38:45","date_gmt":"2023-09-06T14:38:45","guid":{"rendered":"https:\/\/www.greenpeace.org\/norway\/?page_id=57538"},"modified":"2025-07-28T10:07:15","modified_gmt":"2025-07-28T09:07:15","slug":"bli-med-og-stoppe-gruvedrift-pa-havbunnen-kontakt-en-politiker","status":"publish","type":"page","link":"https:\/\/www.greenpeace.org\/norway\/vaer-med\/stopp-gruvedrift-pa-havbunnen\/bli-med-og-stoppe-gruvedrift-pa-havbunnen-kontakt-en-politiker\/","title":{"rendered":"Bli med og stopp gruvedrift p\u00e5 havbunnen, kontakt en politiker"},"content":{"rendered":"\n                    <div class=\"wp-block-group is-vertical is-layout-flex wp-container-core-group-is-layout-8cf370e7 wp-block-group-is-layout-flex\">\n                    \n\n                    \n                    <\/div>\n                    <div data-render=\"planet4-blocks\/submenu\" data-attributes=\"{&quot;attributes&quot;:{&quot;levels&quot;:[{&quot;heading&quot;:2,&quot;link&quot;:true,&quot;style&quot;:&quot;bullet&quot;}],&quot;title&quot;:&quot;&quot;,&quot;submenu_style&quot;:0}}\"><\/div>\n<p>Om f\u00e5 uker skal politikerne bestemme om Norge skal \u00e5pne for gruvedrift p\u00e5 havbunnen i Arktis. Bli med og legg press p\u00e5 dem: <strong><a href=\"#send\">Send en e-post<\/a> til en politiker p\u00e5 Stortinget og be hen stemme imot forslaget om \u00e5 \u00e5pne for gruvedrift i s\u00e5rbare Arktis.<\/strong><\/p>\n\n<p>Politikerne p\u00e5 Stortinget har en unik sjanse til \u00e5 stanse det som har potensial til \u00e5 bli et av norgeshistoriens st\u00f8rste naturinngrep, med uante konsekvenser for dyphavsdyrene, fisken, fuglen og hvalene som bor i omr\u00e5det. Skal de klare det, trenger de b\u00e5de de gode argumentene, og at vi viser at vi vil ta kampen for \u00e5 redde de s\u00e5rbare \u00f8kosystemene i havet.<\/p>\n\n<p><strong>Vi oppfordrer deg til \u00e5 skrive personlig, da dette har st\u00f8rst effekt. Hvorfor er du bekymret for gruvedrift p\u00e5 havbunnen? <\/strong>Vi har ikke skrevet et ferdig utkast til deg, nettopp fordi det er best at du bruker dine egne ord, men lenger ned p\u00e5 siden finner du <a href=\"#arguments\">noen av argumentene<\/a> mot denne nye industrien. Bruk gjerne disse som inspirasjon til e-posten din.<\/p>\n\n<p>Takk for at du bruker stemmen din. Stortinget skal stemme over forslaget allerede i desember, derfor er det viktig at vi legger press p\u00e5 politikerne raskt.<\/p>\n\n<p>Sammen kan vi stoppe skadelig gruvedrift p\u00e5 havbunnen i s\u00e5rbare Arktis!<\/p>\n\n<p id=\"politiker\"><em>Om du \u00f8nsker, legg gjerne til oss i Greenpeace p\u00e5 blindkopi i e-posten. info.no@greenpeace.org<\/em>. <em>Vi synes det er interessant \u00e5 se hva dere skriver<\/em>!<\/p>\n\n<h2 class=\"wp-block-heading\" id=\"send\">Velg stortingspolitiker<\/h2>\n\n<section class=\"block accordion-block wp-block-planet4-blocks-accordion is-style-light\"><p class=\"page-section-description\">Politikerne vi har valgt ut, er sentrale i \u00e5 bestemme om Norge skal \u00e5pne for gruvedrift p\u00e5 havbunnen.<\/p><div class=\"accordion-content\"><div class=\"accordion-headline\" name=\"Lars Haltbrekken (SV), medlem i energi og milj\u00f8komiteen\">Lars Haltbrekken (SV), medlem i energi og milj\u00f8komiteen<\/div><div class=\"panel panel-hidden\"><p class=\"accordion-text\"><strong>Status: <\/strong>mot gruvedrift<strong><br><\/strong><br>V\u00e5r allierte. B\u00f8r h\u00f8re at gruvedrift p\u00e5 havbunnen er en viktig sak som b\u00f8r prioriteres i h\u00f8st. Kan motiveres av <strong>argumenter om milj\u00f8 og konflikt med fiskeri og havvind.<\/strong><\/p><a class=\"btn btn-secondary accordion-btn\" href=\"mailto:Lars.Haltbrekken@stortinget.no\" target=\"_blank\" rel=\"noopener noreferrer\">Send e-post<\/a><\/div><\/div><div class=\"accordion-content\"><div class=\"accordion-headline\" name=\"Kari Elisabeth Kaski (SV), nestleder finanskomiteen p\u00e5 Stortinget\">Kari Elisabeth Kaski (SV), nestleder finanskomiteen p\u00e5 Stortinget<\/div><div class=\"panel panel-hidden\"><p class=\"accordion-text\"><strong>Status: <\/strong>mot gruvedrift<strong><br><\/strong><br>V\u00e5r allierte. B\u00f8r h\u00f8re at gruvedrift p\u00e5 havbunnen er en viktig sak som b\u00f8r prioriteres i h\u00f8st. Kan overbevises av <strong>argumenter om samfunns\u00f8konomi, sirkul\u00e6r\u00f8konomi og gr\u00f8nne l\u00f8sninger.<\/strong><br><\/p><a class=\"btn btn-secondary accordion-btn\" href=\"mailto:kari-elisabeth.kaski@stortinget.no\" target=\"_blank\" rel=\"noopener noreferrer\">Send e-post<\/a><\/div><\/div><div class=\"accordion-content\"><div class=\"accordion-headline\" name=\"Kirsti Bergst\u00f8 (SV), leder i SV\">Kirsti Bergst\u00f8 (SV), leder i SV<\/div><div class=\"panel panel-hidden\"><p class=\"accordion-text\"><strong>Status: <\/strong>mot gruvedrift <strong><br><\/strong><br>V\u00e5r allierte. B\u00f8r h\u00f8re at gruvedrift p\u00e5 havbunnen er en viktig sak som b\u00f8r prioriteres i h\u00f8st. Kan overbevises av argumenter om <strong>milj\u00f8, fiskeri og Norges rykte internasjonalt<\/strong>.<\/p><a class=\"btn btn-secondary accordion-btn\" href=\"mailto:kirsti.bergsto@stortinget.no\" target=\"_blank\" rel=\"noopener noreferrer\">Send e-post<\/a><\/div><\/div><div class=\"accordion-content\"><div class=\"accordion-headline\" name=\"Torgeir Knag Fylkesnes (SV), nestleder i SV\">Torgeir Knag Fylkesnes (SV), nestleder i SV<\/div><div class=\"panel panel-hidden\"><p class=\"accordion-text\"><strong>Status: <\/strong>mot gruvedrift<strong><br><\/strong><br>V\u00e5r allierte. B\u00f8r h\u00f8re at gruvedrift p\u00e5 havbunnen er en viktig sak som b\u00f8r prioriteres i h\u00f8st. Kan overbevises av argumenter om <strong>milj\u00f8, fiskeri og Norges rykte internasjonalt<\/strong>.<\/p><a class=\"btn btn-secondary accordion-btn\" href=\"mailto:torgeir-knag.fylkesnes@stortinget.no\" target=\"_blank\" rel=\"noopener noreferrer\">Send e-post<\/a><\/div><\/div><div class=\"accordion-content\"><div class=\"accordion-headline\" name=\"B\u00e5rd Ludvig Thorheim (H), medlem av energi- og milj\u00f8komiteen\">B\u00e5rd Ludvig Thorheim (H), medlem av energi- og milj\u00f8komiteen<\/div><div class=\"panel panel-hidden\"><p class=\"accordion-text\"><strong>Status: <\/strong>p\u00e5 gjerdet<br><br>Har uttalt i media at rammeverket regjeringen foresl\u00e5r ikke er godt nok, s\u00e6rlig med hensyn til milj\u00f8, natur og fiskeri.<br><br>Kan overbevises av argumenter om <strong>fiskeri, sirkul\u00e6r \u00f8konomi og Norges rykte internasjonalt<\/strong>.<\/p><a class=\"btn btn-secondary accordion-btn\" href=\"mailto:bard.ludvig.thorheim@stortinget.no\" target=\"_blank\" rel=\"noopener noreferrer\">Send e-post<\/a><\/div><\/div><div class=\"accordion-content\"><div class=\"accordion-headline\" name=\"Mathilde Tybring-Gjedde (H), medlem energi og milj\u00f8komiteen\">Mathilde Tybring-Gjedde (H), medlem energi og milj\u00f8komiteen<\/div><div class=\"panel panel-hidden\"><p class=\"accordion-text\"><strong>Status: <\/strong>p\u00e5 gjerdet <br><br>En viktig stemme for milj\u00f8 i H\u00f8yre. Kan overbevises til \u00e5 ta kampen mot denne destruktive n\u00e6ringen av argumenter om <strong>sirkul\u00e6r\u00e6konomi og havvind<\/strong>.<\/p><a class=\"btn btn-secondary accordion-btn\" href=\"mailto:mathilde.tybring-gjedde@stortinget.no\" target=\"_blank\" rel=\"noopener noreferrer\">Send e-post<\/a><\/div><\/div><div class=\"accordion-content\"><div class=\"accordion-headline\" name=\"Nikolai Astrup (H), medlem energi og milj\u00f8komiteen\">Nikolai Astrup (H), medlem energi og milj\u00f8komiteen<\/div><div class=\"panel panel-hidden\"><p class=\"accordion-text\">Kan bli overbevist av<strong> argumenter om\u00a0sirkul\u00e6r \u00f8konomi og havvind<\/strong>. <br><br>Sitter i energi- og milj\u00f8komiteen. Kan stemme imot gruvedrift p\u00e5 havbunnen.<\/p><a class=\"btn btn-secondary accordion-btn\" href=\"mailto:nikolai.astrup@stortinget.no\" target=\"_blank\" rel=\"noopener noreferrer\">Send e-post<\/a><\/div><\/div><div class=\"accordion-content\"><div class=\"accordion-headline\" name=\"Marianne Sivertsen N\u00e6ss (AP), leder energi og milj\u00f8komiteen\">Marianne Sivertsen N\u00e6ss (AP), leder energi og milj\u00f8komiteen<\/div><div class=\"panel panel-hidden\"><p class=\"accordion-text\"><strong>Status: <\/strong>usikkert<br><br>Bruk\u00a0<strong>generelle argumenter mot gruvedrift p\u00e5 havbunnen.<br><\/strong><br>Marianne leder energi- og milj\u00f8komiteen. Kan stemme imot gruvedrift p\u00e5 havbunnen. Hun m\u00e5 lytte til det brede fagmilj\u00f8et som har kritisert planene om gruvedrift p\u00e5 havbunnen. Vi kan ikke \u00e5pne for utvinning p\u00e5 havbunnen n\u00e5r vi vet s\u00e5 lite om artene som bor der, teknologien som skal brukes og konsekvensene det vil ha for klima, milj\u00f8 og Norges internasjonale omd\u00f8mme.<\/p><a class=\"btn btn-secondary accordion-btn\" href=\"mailto:marianne.sivertsen.ness@stortinget.no\" target=\"_blank\" rel=\"noopener noreferrer\">Send e-post<\/a><\/div><\/div><div class=\"accordion-content\"><div class=\"accordion-headline\" name=\"Kjell Ingolf Ropstad (Krf), f\u00f8rste nestleder i energi og milj\u00f8komiteen\">Kjell Ingolf Ropstad (Krf), f\u00f8rste nestleder i energi og milj\u00f8komiteen<\/div><div class=\"panel panel-hidden\"><p class=\"accordion-text\"><strong>Status: <\/strong>p\u00e5 gjerdet<br><br>Kan bli overbevist av argumenter om <strong>milj\u00f8, Norges rykte internasjonalt og sirkul\u00e6r \u00f8konomi<\/strong>.<br><\/p><a class=\"btn btn-secondary accordion-btn\" href=\"mailto:kjell.ropstad@stortinget.no\" target=\"_blank\" rel=\"noopener noreferrer\">Send e-post<\/a><\/div><\/div><div class=\"accordion-content\"><div class=\"accordion-headline\" name=\"Gro-Anita Mykj\u00e5land (SP), medlem av energi- og milj\u00f8komiteen\">Gro-Anita Mykj\u00e5land (SP), medlem av energi- og milj\u00f8komiteen<\/div><div class=\"panel panel-hidden\"><p class=\"accordion-text\"><strong>Status: <\/strong>usikkert <br>Kan overbevises av argumenter om <strong>fiskeri og sirkul\u00e6r \u00f8konomi<\/strong>.\u00a0<br><\/p><a class=\"btn btn-secondary accordion-btn\" href=\"mailto:gro-anita.mykjaland@stortinget.no\" target=\"_blank\" rel=\"noopener noreferrer\">Send e-post<\/a><\/div><\/div><div class=\"accordion-content\"><div class=\"accordion-headline\" name=\"Mani Hussaini (AP), medlem i energi- og milj\u00f8komiteen\">Mani Hussaini (AP), medlem i energi- og milj\u00f8komiteen<\/div><div class=\"panel panel-hidden\"><p class=\"accordion-text\"><strong>Status:<\/strong> usikkert <br><br>Kan overbevises av argumenter om <strong>Norges internasjonale omd\u00f8mme og sirkul\u00e6r \u00f8konomi<\/strong>.<\/p><a class=\"btn btn-secondary accordion-btn\" href=\"mailto:mani.hussaini@stortinget.no\" target=\"_blank\" rel=\"noopener noreferrer\">Send e-post<\/a><\/div><\/div><div class=\"accordion-content\"><div class=\"accordion-headline\" name=\"Hans Inge Myrvold (SP), medlem av energi- og milj\u00f8komiteen\">Hans Inge Myrvold (SP), medlem av energi- og milj\u00f8komiteen<\/div><div class=\"panel panel-hidden\"><p class=\"accordion-text\"><strong>Status: <\/strong>usikkert <br><br>Kan overbevises av argumenter om <strong>fiskeri og sirkul\u00e6r \u00f8konomi<\/strong>.<\/p><a class=\"btn btn-secondary accordion-btn\" href=\"mailto:hans.inge.myrvold@stortinget.no\" target=\"_blank\" rel=\"noopener noreferrer\">Send e-post<\/a><\/div><\/div><div class=\"accordion-content\"><div class=\"accordion-headline\" name=\"Linda Monsen Merkesdal (AP), medlem i energi- og milj\u00f8komiteen\">Linda Monsen Merkesdal (AP), medlem i energi- og milj\u00f8komiteen<\/div><div class=\"panel panel-hidden\"><p class=\"accordion-text\"><strong>Status: <\/strong>usikkert <br><br>Kan overbevises av argumenter om <strong>Norges internasjonale omd\u00f8mme, fiskeri og sirkul\u00e6r \u00f8konomi<\/strong>.<\/p><a class=\"btn btn-secondary accordion-btn\" href=\"mailto:linda.monsen.merkesdal@stortinget.no\" target=\"_blank\" rel=\"noopener noreferrer\">Send e-post<\/a><\/div><\/div><div class=\"accordion-content\"><div class=\"accordion-headline\" name=\"May Britt Lagesen (AP), medlem i energi- og milj\u00f8komiteen\">May Britt Lagesen (AP), medlem i energi- og milj\u00f8komiteen<\/div><div class=\"panel panel-hidden\"><p class=\"accordion-text\"><strong>Status: <\/strong>usikkert <br><br>Kan overbevises av argumenter om <strong>Norges internasjonale omd\u00f8mme, fiskeri og sirkul\u00e6r \u00f8konomi<\/strong>.<\/p><a class=\"btn btn-secondary accordion-btn\" href=\"mailto:may.britt.lagesen@stortinget.no\" target=\"_blank\" rel=\"noopener noreferrer\">Send e-post<\/a><\/div><\/div><div class=\"accordion-content\"><div class=\"accordion-headline\" name=\"Eigil Knutsen (AP), leder av finanskomiteen\">Eigil Knutsen (AP), leder av finanskomiteen<\/div><div class=\"panel panel-hidden\"><p class=\"accordion-text\"><strong>Status: <\/strong>usikkert <br><br>Kan bli overbevist av argumenter om <strong>samfunns\u00f8konomi og sirkul\u00e6r \u00f8konomi<\/strong>.<br><br>Som medlem i finanskomiteen bestemmer Eigil hva Norge bruker penger p\u00e5. Derfor b\u00f8r han overbevises om at gruvedrift p\u00e5 havbunnen er en d\u00e5rlig investering for Norge, og at vi heller m\u00e5 satse p\u00e5 sirkul\u00e6r \u00f8konomi og gr\u00f8nne n\u00e6ringer.<\/p><a class=\"btn btn-secondary accordion-btn\" href=\"mailto:eigil.knutsen@stortinget.no\" target=\"_blank\" rel=\"noopener noreferrer\">Send e-post<\/a><\/div><\/div><div class=\"accordion-content\"><div class=\"accordion-headline\" name=\"Bj\u00f8rnar Skj\u00e6ran (AP), medlem i finanskomiteen\">Bj\u00f8rnar Skj\u00e6ran (AP), medlem i finanskomiteen<\/div><div class=\"panel panel-hidden\"><p class=\"accordion-text\"><strong>Status: <\/strong>p\u00e5 gjerdet<br><br>Kan bli overbevist av argumenter om <strong>fiske<\/strong>.<br><br>Bj\u00f8rnar er tidligere fiskeriminister. Bj\u00f8rnar m\u00e5 tenke p\u00e5 fiskens beste framfor \u00e5 la seg friste av urealistiske dr\u00f8mmer om nye industrieventyr. Gruvedrift p\u00e5 havbunnen er en d\u00e5rlig investering for Norge, og vi m\u00e5 heller satse p\u00e5 sirkul\u00e6r \u00f8konomi og gr\u00f8nne n\u00e6ringer.<\/p><a class=\"btn btn-secondary accordion-btn\" href=\"mailto:bjornar.selnes.skjeran@stortinget.no\" target=\"_blank\" rel=\"noopener noreferrer\">Send e-post<\/a><\/div><\/div><div class=\"accordion-content\"><div class=\"accordion-headline\" name=\"Ola Elvestuen (V), medlem i energi- og milj\u00f8komiteen\">Ola Elvestuen (V), medlem i energi- og milj\u00f8komiteen<\/div><div class=\"panel panel-hidden\"><p class=\"accordion-text\"><strong>Status: <\/strong>mot gruvedrift p\u00e5 havbunnen <\/p><a class=\"btn btn-secondary accordion-btn\" href=\"mailto:ola.elvestuen@stortinget.no\" target=\"_blank\" rel=\"noopener noreferrer\">Send e-post<\/a><\/div><\/div><div class=\"accordion-content\"><div class=\"accordion-headline\" name=\"Une Bastholm (MDG), medlem i energi- og milj\u00f8komiteen\">Une Bastholm (MDG), medlem i energi- og milj\u00f8komiteen<\/div><div class=\"panel panel-hidden\"><p class=\"accordion-text\"><strong>Status: <\/strong>mot gruvedrift p\u00e5 havbunnen <\/p><a class=\"btn btn-secondary accordion-btn\" href=\"mailto:une-aina.bastholm@stortinget.no\" target=\"_blank\" rel=\"noopener noreferrer\">Send e-post<\/a><\/div><\/div><div class=\"accordion-content\"><div class=\"accordion-headline\" name=\"Sofie Marhaug (R), medlem i energi- og milj\u00f8komiteen\">Sofie Marhaug (R), medlem i energi- og milj\u00f8komiteen<\/div><div class=\"panel panel-hidden\"><p class=\"accordion-text\"><strong>Status: <\/strong>mot gruvedrift p\u00e5 havbunnen <\/p><a class=\"btn btn-secondary accordion-btn\" href=\"mailto:sofie.marhaug@stortinget.no\" target=\"_blank\" rel=\"noopener noreferrer\">Send e-post<\/a><\/div><\/div><\/section>\n\n<h2 class=\"wp-block-heading\" id=\"arguments\">Argumenter du kan bruke<\/h2>\n\n<section class=\"block accordion-block wp-block-planet4-blocks-accordion is-style-light\"><p class=\"page-section-description\">Her er noen av de viktigste argumentene mot gruvedrift p\u00e5 havbunnen. Bruk disse som inspirasjon til e-posten din.<\/p><div class=\"accordion-content\"><div class=\"accordion-headline\" name=\"Generelle argumenter\">Generelle argumenter<\/div><div class=\"panel panel-hidden\"><p class=\"accordion-text\">Vi kan ikke \u00e5pne for utvinning p\u00e5 havbunnen n\u00e5r vi vet s\u00e5 lite om artene som bor der, teknologien som skal brukes og konsekvensene det vil ha for klima, milj\u00f8 og Norges internasjonale omd\u00f8mme.<br><br>Et bredt fagmilj\u00f8 i Norge har kritisert planene om gruvedrift p\u00e5 havbunnen, og store internasjonale selskaper som Google, BMW Group og Samsung har bedt om et midlertidig forbud. I tillegg har Den europeiske investeringsbanken (EIB) ekskludert gruvedrift p\u00e5 havbunnen fra sin portef\u00f8lje av hensyn til klima og milj\u00f8.\u2063<br><br>Vi kan ikke risikere v\u00e5rt internasjonalt rykte, utviklingen av gr\u00f8nne n\u00e6ringer, klima og et s\u00e5rbart \u00f8kosystem for en \u00f8nskedr\u00f8m om et nytt industrieventyr. Politikerne v\u00e5re kan ikke ikke godkjenne en plan med s\u00e5 store hull.<\/p><\/div><\/div><div class=\"accordion-content\"><div class=\"accordion-headline\" name=\"Klima og milj\u00f8\">Klima og milj\u00f8<\/div><div class=\"panel panel-hidden\"><p class=\"accordion-text\">Dersom denne industrien f\u00e5r sette i gang, vil gigantiske maskiner, som veier mer enn en bl\u00e5hval, bli senket ned p\u00e5 havbunnen for \u00e5 rive opp s\u00e5rbare og uber\u00f8rte \u00f8kosystemer som vi vet altfor lite om.<br><br>Gruvedrift p\u00e5 havbunnen kan ikke gj\u00f8res uten \u00e5 skade naturmangfoldet og milj\u00f8et p\u00e5 havbunnen, if\u00f8lge advarsler fra blant annet FNs milj\u00f8program, Verdens \u00f8konomiske forum, Det internasjonale havpanelet Norge leder og Havforskningsinstituttet.<\/p><\/div><\/div><div class=\"accordion-content\"><div class=\"accordion-headline\" name=\"Norges internasjonale omd\u00f8mme\">Norges internasjonale omd\u00f8mme<\/div><div class=\"panel panel-hidden\"><p class=\"accordion-text\">Det internasjonale havpanelet, som Norge leder, advarer mot gruvedrift p\u00e5 havbunnen.<br><br>Mange land ser til Norge i den tro om at vi har gode milj\u00f8faglige prosesser. Vi m\u00e5 leve opp til det ryktet. \u00c5pningsmeldingen holder ikke m\u00e5l.\u00a0<br><br>\u00c5pning i Norge setter ikke bare s\u00e5rbare omr\u00e5der i Arktis i spill, men kan ogs\u00e5 skape en presedens internasjonalt og sabotere forhandlinger i ISA. Dermed setter man unike arter over hele verden p\u00e5 spill.<br><br>Vi kan ikke risikere v\u00e5rt internasjonalt rykte, utviklingen av gr\u00f8nne n\u00e6ringer, klima og et s\u00e5rbart \u00f8kosystem for en \u00f8nskedr\u00f8m om et nytt industrieventyr.<\/p><\/div><\/div><div class=\"accordion-content\"><div class=\"accordion-headline\" name=\"Sirkul\u00e6r \u00f8konomi og gr\u00f8nne n\u00e6ringer\">Sirkul\u00e6r \u00f8konomi og gr\u00f8nne n\u00e6ringer<\/div><div class=\"panel panel-hidden\"><p class=\"accordion-text\">Behovet for mineraler vil reduseres ettersom ny teknologi for gjenvinning utvikles. Dette er p\u00e5 vei, og vil trolig bli mer l\u00f8nnsom og langt mer b\u00e6rekraftig enn gruvedrift p\u00e5 havbunnen.<br><br>Gruvedrift p\u00e5 havbunnen er fortsatt en s\u00e5pass underutviklet n\u00e6ring at det vil ta mange \u00e5r f\u00f8r vi f\u00e5r noen mineraler derfra. I l\u00f8pet av perioden det vil ta \u00e5 utvikle n\u00e6ringen, skal vi ha gjort enorme teknologiske og samfunnsmessige endringer. Mineralene vil komme for sent for det gr\u00f8nne skiftet. Vi b\u00f8r legge innsatsen i forskning og utvikling p\u00e5 sirkul\u00e6r\u00f8konomi framfor andre steder.<br><br>Satsing p\u00e5 gruvedrift trekke n\u00e6ringslivsinteresser bort fra gr\u00f8nne n\u00e6ringer som havvind, og fra \u00e5 utvikle sirkul\u00e6re l\u00f8sninger. I tillegg g\u00e5r planen p\u00e5 tvers av EUs arbeid med \u00e5 l\u00f8fte fram sirkul\u00e6re l\u00f8sninger.<br><\/p><\/div><\/div><div class=\"accordion-content\"><div class=\"accordion-headline\" name=\"Fiske\">Fiske<\/div><div class=\"panel panel-hidden\"><p class=\"accordion-text\">Dyphavskorall og svamp er viktige gyteomr\u00e5der og oppvekstomr\u00e5der for fisk. Gruvedrift p\u00e5 havbunnen truer b\u00e5de gytefelt og oppvekstomr\u00e5der for flere av de viktige fiskeartene. Derfor har en lang rekke fiskeorganisasjoner g\u00e5tt ut mot planene om gruvedrift p\u00e5 havbunnen i Norge.<br><br>Vi vet altfor lite om hvordan gruvedrift p\u00e5 havbunnen vil p\u00e5virke fiskerin\u00e6ringen. fordi vi vet s\u00e5 lite om \u00f8kosystemene. Vi har ikke r\u00e5d til \u00e5 miste disse \u00f8kosystemene.<br><br>St\u00f8v, lyd og lys kan f\u00e5 alvorlige konsekvenser for fiskeriet. Nye studier fra Japan viser for eksempel at selv sv\u00e6rt begrensede inngrep f\u00f8rte til at reker i n\u00e6rheten forsvant til andre omr\u00e5der.<br><br>Fiskeriet er allerede sterkt presset av andre n\u00e6ringer som konkurrerer om de samme omr\u00e5dene.\u00a0<\/p><\/div><\/div><div class=\"accordion-content\"><div class=\"accordion-headline\" name=\"Samfunns\u00f8konomi\">Samfunns\u00f8konomi<\/div><div class=\"panel panel-hidden\"><p class=\"accordion-text\">Planen mangler ikke bare kunnskap om artene som finnes p\u00e5 havbunnen, men ogs\u00e5 om hvorvidt n\u00e6ringen vil bli samfunns\u00f8konomisk l\u00f8nnsom. Teknologien som skal brukes, er ikke utviklet, og det vil trolig kreve store statlige ressurser for \u00e5 f\u00e5 p\u00e5 plass en ny n\u00e6ring. <br><br>Satsing p\u00e5 gruvedrift trekke n\u00e6ringslivsinteresser bort fra gr\u00f8nne n\u00e6ringer som havvind, og fra \u00e5 utvikle sirkul\u00e6re l\u00f8sninger.<\/p><\/div><\/div><div class=\"accordion-content\"><div class=\"accordion-headline\" name=\"Havvind\">Havvind<\/div><div class=\"panel panel-hidden\"><p class=\"accordion-text\">Det er begrenset plass, og \u00f8kosystemene i omr\u00e5det t\u00e5ler begrenset med p\u00e5virkning.<br><br>Satsing p\u00e5 gruvedrift trekke n\u00e6ringslivsinteresser bort fra gr\u00f8nne n\u00e6ringer som havvind, og fra \u00e5 utvikle sirkul\u00e6re l\u00f8sninger. Vi b\u00f8r ikke bruke v\u00e5re fremste ingeni\u00f8rer p\u00e5 den destruktive gruven\u00e6ringen, men heller p\u00e5 \u00e5 utvikle b\u00e6rekraftig energiproduksjon.<\/p><\/div><\/div><\/section>\n\n<h2 class=\"wp-block-heading\" id=\"about\">Mer informasjon om prosessen i h\u00f8st<\/h2>\n\n<p>I sommer la den norske regjeringen fram et forslag for \u00e5 \u00e5pne et stort omr\u00e5de i Arktis for gruvedrift p\u00e5 havbunnen. Regjeringen har sendt et forslag til Stortinget som samtlige milj\u00f8faglige institusjoner mener er for d\u00e5rlig til at en \u00e5pning er forsvarlig.<\/p>\n\n<p>Rundt nytt\u00e5r skal Stortinget stemme over forslaget. Akkurat n\u00e5 holder <strong>Stortingets energi- og milj\u00f8komit\u00e9 <\/strong>p\u00e5 \u00e5 samle inn informasjon om saken og bestemme seg for hva de skal stemme. Derfor er det s\u00e5 utrolig viktig at vi viser dem alt de risikerer ved \u00e5 \u00e5pne for denne destruktive industrien.<\/p>\n\n<p>Det er ikke bare i Stortingets energi- og milj\u00f8komit\u00e9 som kan stoppe planene. <strong>SV er p\u00e5 vei inn i statsbudsjettforhandlinger<\/strong> med Arbeiderpartiet og Senterpartiet. Da har SV muligheten til \u00e5 stille krav om at \u00e5pningsprosessen stanser hvis de skal st\u00f8tte budsjettet. Det er avgj\u00f8rende av vi viser politikerne i SV at de har v\u00e5r st\u00f8tte n\u00e5r de skal inn i forhandlinger.<\/p>\n\n<p>Derfor er det viktig at vi legger press p\u00e5 politikerne og viser at vi er mange som \u00f8nsker et Arktis fritt for gruvedrift!<\/p>\n\n<p><em>Du kan <a rel=\"noreferrer noopener\" href=\"https:\/\/www.greenpeace.org\/norway\/fakta\/hav\/gruvedrift-pa-havbunnen-alt-du-ma-vite\/\" target=\"_blank\">lese mer om gruvedrift p\u00e5 havbunnen i denne artikkelen<\/a>.<\/em><\/p>\n\n<p><em><a href=\"https:\/\/www.greenpeace.org\/static\/planet4-norway-stateless\/2023\/03\/96546f06-horingssvar-om-gruvedrift-pa-havbunnen.pdf\" target=\"_blank\" rel=\"noreferrer noopener\">Her kan du lese milj\u00f8organisasjonenes h\u00f8ringssvar<\/a> fra h\u00f8ringsprosessen om gruvedrift p\u00e5 havbunnen.<\/em><\/p>\n\n<div class=\"wp-block-cover alignfull has-parallax\" style=\"min-height:500px;aspect-ratio:unset;\"><span aria-hidden=\"true\" class=\"wp-block-cover__background has-background-dim\"><\/span><div class=\"wp-block-cover__image-background wp-image-57761 has-parallax\" style=\"background-position:50% 50%;background-image:url(https:\/\/www.greenpeace.org\/static\/planet4-norway-stateless\/2023\/09\/2f88fd2a-dumbo-higher-res.png);\"><\/div><div class=\"wp-block-cover__inner-container is-layout-flow wp-block-cover-is-layout-flow\">\n<div class=\"wp-block-buttons is-content-justification-center is-layout-flex wp-container-core-buttons-is-layout-28206b41 wp-block-buttons-is-layout-flex\">\n<div class=\"wp-block-button has-custom-font-size is-style-transparent has-medium-font-size\"><a class=\"wp-block-button__link wp-element-button\" href=\"#politiker\">Send en e-post<\/a><\/div>\n<\/div>\n<\/div><\/div>\n","protected":false},"excerpt":{"rendered":"<p>Gruvedrift p\u00e5 havbunnen truer livet i havet. Bli med og legg press p\u00e5 politikerne som skal bestemme om Norge skal \u00e5pne for gruvedrift p\u00e5 havbunnen i Arktis!<\/p>\n","protected":false},"author":35,"featured_media":57761,"parent":55344,"menu_order":0,"comment_status":"closed","ping_status":"closed","template":"","meta":{"ep_exclude_from_search":false,"p4_hide_page_title_checkbox":"","p4_title":"","p4_subtitle":"","p4_description":"","background_image_id":"","background_image":"","p4_button_title":"","p4_button_link":"","p4_button_link_checkbox":"","p4_og_title":"Stopp gruvedrift p\u00e5 havbunnen, kontakt en politiker","p4_og_description":"","p4_og_image":"","p4_og_image_id":"","p4_seo_canonical_url":"","p4_campaign_name":"","p4_local_project":"","p4_basket_name":"","p4_department":"","footnotes":""},"categories":[59],"tags":[78,75],"class_list":["post-57538","page","type-page","status-publish","has-post-thumbnail","hentry","category-hav","tag-gruvedrift","tag-havindustri"],"_links":{"self":[{"href":"https:\/\/www.greenpeace.org\/norway\/wp-json\/wp\/v2\/pages\/57538","targetHints":{"allow":["GET"]}}],"collection":[{"href":"https:\/\/www.greenpeace.org\/norway\/wp-json\/wp\/v2\/pages"}],"about":[{"href":"https:\/\/www.greenpeace.org\/norway\/wp-json\/wp\/v2\/types\/page"}],"author":[{"embeddable":true,"href":"https:\/\/www.greenpeace.org\/norway\/wp-json\/wp\/v2\/users\/35"}],"replies":[{"embeddable":true,"href":"https:\/\/www.greenpeace.org\/norway\/wp-json\/wp\/v2\/comments?post=57538"}],"version-history":[{"count":20,"href":"https:\/\/www.greenpeace.org\/norway\/wp-json\/wp\/v2\/pages\/57538\/revisions"}],"predecessor-version":[{"id":65301,"href":"https:\/\/www.greenpeace.org\/norway\/wp-json\/wp\/v2\/pages\/57538\/revisions\/65301"}],"up":[{"embeddable":true,"href":"https:\/\/www.greenpeace.org\/norway\/wp-json\/wp\/v2\/pages\/55344"}],"wp:featuredmedia":[{"embeddable":true,"href":"https:\/\/www.greenpeace.org\/norway\/wp-json\/wp\/v2\/media\/57761"}],"wp:attachment":[{"href":"https:\/\/www.greenpeace.org\/norway\/wp-json\/wp\/v2\/media?parent=57538"}],"wp:term":[{"taxonomy":"category","embeddable":true,"href":"https:\/\/www.greenpeace.org\/norway\/wp-json\/wp\/v2\/categories?post=57538"},{"taxonomy":"post_tag","embeddable":true,"href":"https:\/\/www.greenpeace.org\/norway\/wp-json\/wp\/v2\/tags?post=57538"}],"curies":[{"name":"wp","href":"https:\/\/api.w.org\/{rel}","templated":true}]}}