{"id":60931,"date":"2024-08-05T12:54:54","date_gmt":"2024-08-05T11:54:54","guid":{"rendered":"https:\/\/www.greenpeace.org\/norway\/?page_id=60931"},"modified":"2024-10-10T08:34:58","modified_gmt":"2024-10-10T07:34:58","slug":"stopp-gruvedrift-pa-havbunnen-send-e-post","status":"publish","type":"page","link":"https:\/\/www.greenpeace.org\/norway\/vaer-med\/stopp-gruvedrift-pa-havbunnen-send-e-post\/","title":{"rendered":"Stopp gruvedrift p\u00e5 havbunnen, send e-post til regjeringen"},"content":{"rendered":"\n<div class=\"wp-block-planet4-blocks-carousel-header\"><div data-hydrate=\"planet4-blocks\/carousel-header\" data-attributes=\"{&quot;carousel_autoplay&quot;:false,&quot;slides&quot;:[{&quot;image&quot;:61038,&quot;focal_points&quot;:{&quot;x&quot;:0.73,&quot;y&quot;:0.47},&quot;header&quot;:&quot;Norge, stopp gruvedrift p\u00e5 havbunnen&quot;,&quot;description&quot;:&quot;Takk til dere som har sendt e-post til energiministeren! Siste dag for \u00e5 sende inn h\u00f8ringssvar var 26. september. Se hva mer du kan gj\u00f8re for \u00e5 bli med og beskytte dyphavet her:&quot;,&quot;link_text&quot;:&quot;Bli med&quot;,&quot;link_url&quot;:&quot;https:\/\/www.greenpeace.org\/norway\/hav\/gruvedrift-pa-havbunnen-bli-med-og-stoppe-det\/&quot;,&quot;link_url_new_tab&quot;:false,&quot;image_url&quot;:&quot;https:\/\/www.greenpeace.org\/static\/planet4-norway-stateless\/2024\/08\/c7369916-noaa_ocean-exploration-and-research.jpeg&quot;,&quot;image_srcset&quot;:&quot;https:\/\/www.greenpeace.org\/static\/planet4-norway-stateless\/2024\/08\/c7369916-noaa_ocean-exploration-and-research-150x150.jpeg 150w,https:\/\/www.greenpeace.org\/static\/planet4-norway-stateless\/2024\/08\/c7369916-noaa_ocean-exploration-and-research-300x169.jpeg 300w,https:\/\/www.greenpeace.org\/static\/planet4-norway-stateless\/2024\/08\/c7369916-noaa_ocean-exploration-and-research-1024x576.jpeg 1024w,https:\/\/www.greenpeace.org\/static\/planet4-norway-stateless\/2024\/08\/c7369916-noaa_ocean-exploration-and-research-510x287.jpeg 510w,https:\/\/www.greenpeace.org\/static\/planet4-norway-stateless\/2024\/08\/c7369916-noaa_ocean-exploration-and-research.jpeg 1920w&quot;}],&quot;currentImageIndex&quot;:0}\"><section class=\"block block-header alignfull carousel-header \"><div class=\"carousel-wrapper-header\"><div class=\"carousel-inner\" role=\"listbox\"><div class=\"carousel-item active\"><div class=\"carousel-item-mask\"><div class=\"background-holder\"><img decoding=\"async\" src=\"https:\/\/www.greenpeace.org\/static\/planet4-norway-stateless\/2024\/08\/c7369916-noaa_ocean-exploration-and-research.jpeg\" style=\"object-position:73% 47%\" srcSet=\"https:\/\/www.greenpeace.org\/static\/planet4-norway-stateless\/2024\/08\/c7369916-noaa_ocean-exploration-and-research-150x150.jpeg 150w,https:\/\/www.greenpeace.org\/static\/planet4-norway-stateless\/2024\/08\/c7369916-noaa_ocean-exploration-and-research-300x169.jpeg 300w,https:\/\/www.greenpeace.org\/static\/planet4-norway-stateless\/2024\/08\/c7369916-noaa_ocean-exploration-and-research-1024x576.jpeg 1024w,https:\/\/www.greenpeace.org\/static\/planet4-norway-stateless\/2024\/08\/c7369916-noaa_ocean-exploration-and-research-510x287.jpeg 510w,https:\/\/www.greenpeace.org\/static\/planet4-norway-stateless\/2024\/08\/c7369916-noaa_ocean-exploration-and-research.jpeg 1920w\"\/><\/div><div class=\"carousel-caption\"><div class=\"caption-overlay\"><\/div><div class=\"container main-header\"><div class=\"carousel-captions-wrapper\"><h2>Norge, stopp gruvedrift p\u00e5 havbunnen<\/h2><p>Takk til dere som har sendt e-post til energiministeren! Siste dag for \u00e5 sende inn h\u00f8ringssvar var 26. september. Se hva mer du kan gj\u00f8re for \u00e5 bli med og beskytte dyphavet her:<\/p><\/div><div class=\"col-xs-12 col-sm-8 col-md-4 action-button\"><a href=\"https:\/\/www.greenpeace.org\/norway\/hav\/gruvedrift-pa-havbunnen-bli-med-og-stoppe-det\/\" class=\"btn btn-primary\" data-ga-category=\"Carousel Header\" data-ga-action=\"Call to Action\"><span>Bli med<\/span><\/a><\/div><\/div><\/div><\/div><\/div><\/div><\/div><\/section><\/div><\/div>\n\n\n<div class=\"wp-block-group alignfull has-black-background-color has-background is-layout-flow wp-block-group-is-layout-flow\"><\/div>\n\n\n<div style=\"height:20px\" aria-hidden=\"true\" class=\"wp-block-spacer\"><\/div>\n\n<div class=\"wp-block-columns is-layout-flex wp-container-core-columns-is-layout-9d6595d7 wp-block-columns-is-layout-flex\">\n<div class=\"wp-block-column is-layout-flow wp-block-column-is-layout-flow\">\n<h2 class=\"wp-block-heading\">Kampanjen er avsluttet<\/h2>\n\n\n\n<p><strong>Takk til dere som har sendt e-post til energiministeren! Siste frist for \u00e5 sende inn h\u00f8ringssvar var torsdag 26. september.<\/strong><\/p>\n<\/div>\n<\/div>\n","protected":false},"excerpt":{"rendered":"<p>Norge vil starte gruvedrift p\u00e5 havbunnen. Forslaget om lisenser for mineralutvinning i Arktis er n\u00e5 p\u00e5 h\u00f8ring. Bruk stemmen din, send en e-post til regjeringen!<\/p>\n","protected":false},"author":32,"featured_media":61124,"parent":9,"menu_order":0,"comment_status":"closed","ping_status":"closed","template":"","meta":{"ep_exclude_from_search":true,"p4_hide_page_title_checkbox":"on","p4_title":"","p4_subtitle":"","p4_description":"","background_image_id":"","background_image":"","p4_button_title":"","p4_button_link":"","p4_button_link_checkbox":"","p4_og_title":"","p4_og_description":"","p4_og_image":"","p4_og_image_id":"","p4_seo_canonical_url":"","p4_campaign_name":"Stop Deep Sea Mining","p4_local_project":"not set","p4_basket_name":"Oceans","p4_department":"","footnotes":""},"categories":[59],"tags":[],"class_list":["post-60931","page","type-page","status-publish","has-post-thumbnail","hentry","category-hav"],"_links":{"self":[{"href":"https:\/\/www.greenpeace.org\/norway\/wp-json\/wp\/v2\/pages\/60931","targetHints":{"allow":["GET"]}}],"collection":[{"href":"https:\/\/www.greenpeace.org\/norway\/wp-json\/wp\/v2\/pages"}],"about":[{"href":"https:\/\/www.greenpeace.org\/norway\/wp-json\/wp\/v2\/types\/page"}],"author":[{"embeddable":true,"href":"https:\/\/www.greenpeace.org\/norway\/wp-json\/wp\/v2\/users\/32"}],"replies":[{"embeddable":true,"href":"https:\/\/www.greenpeace.org\/norway\/wp-json\/wp\/v2\/comments?post=60931"}],"version-history":[{"count":20,"href":"https:\/\/www.greenpeace.org\/norway\/wp-json\/wp\/v2\/pages\/60931\/revisions"}],"predecessor-version":[{"id":61610,"href":"https:\/\/www.greenpeace.org\/norway\/wp-json\/wp\/v2\/pages\/60931\/revisions\/61610"}],"up":[{"embeddable":true,"href":"https:\/\/www.greenpeace.org\/norway\/wp-json\/wp\/v2\/pages\/9"}],"wp:featuredmedia":[{"embeddable":true,"href":"https:\/\/www.greenpeace.org\/norway\/wp-json\/wp\/v2\/media\/61124"}],"wp:attachment":[{"href":"https:\/\/www.greenpeace.org\/norway\/wp-json\/wp\/v2\/media?parent=60931"}],"wp:term":[{"taxonomy":"category","embeddable":true,"href":"https:\/\/www.greenpeace.org\/norway\/wp-json\/wp\/v2\/categories?post=60931"},{"taxonomy":"post_tag","embeddable":true,"href":"https:\/\/www.greenpeace.org\/norway\/wp-json\/wp\/v2\/tags?post=60931"}],"curies":[{"name":"wp","href":"https:\/\/api.w.org\/{rel}","templated":true}]}}