{"id":61113,"date":"2024-08-30T07:07:15","date_gmt":"2024-08-30T06:07:15","guid":{"rendered":"https:\/\/www.greenpeace.org\/norway\/?page_id=61113"},"modified":"2025-07-28T10:06:55","modified_gmt":"2025-07-28T09:06:55","slug":"gruvedrift-pa-havbunnen-bli-med-og-stoppe-det","status":"publish","type":"page","link":"https:\/\/www.greenpeace.org\/norway\/hav\/gruvedrift-pa-havbunnen-bli-med-og-stoppe-det\/","title":{"rendered":"Gruvedrift p\u00e5 havbunnen \u2013 bli med og stoppe det"},"content":{"rendered":"\n\n<div class=\"wp-block-group alignfull has-grey-100-background-color has-background is-layout-flow wp-block-group-is-layout-flow\" style=\"padding-top:0px;padding-bottom:0px\">\n<div class=\"wp-block-group container is-layout-flow wp-block-group-is-layout-flow\">\n<div class=\"wp-block-media-text alignfull has-media-on-the-right is-stacked-on-mobile is-pattern-p4-page-header is-style-parallax\" style=\"grid-template-columns:auto 42%\"><div class=\"wp-block-media-text__content\">\n<div class=\"wp-block-group is-layout-flow wp-block-group-is-layout-flow\">\n<h1 class=\"wp-block-heading has-grey-100-background-color has-background\">Bli med og stopp gruvedrift p\u00e5 havbunnen<\/h1>\n<\/div>\n\n\n\n<p style=\"font-size:1.25rem\">Dyrene i Arktis trues av Norges planer om gruvedrift p\u00e5 havbunnen. Det er flere ting du kan gj\u00f8re for \u00e5 bli med og stoppe mineralutvinning p\u00e5 havbunnen og beskytte dyphavet. Se noen av dem her.<\/p>\n\n\n\n<div class=\"wp-block-buttons is-layout-flex wp-block-buttons-is-layout-flex\"><\/div>\n<\/div><figure class=\"wp-block-media-text__media\"><img loading=\"lazy\" decoding=\"async\" width=\"800\" height=\"533\" src=\"https:\/\/www.greenpeace.org\/static\/planet4-norway-stateless\/2024\/10\/53502283-gp0su2q2h_low-res-800px.jpg\" alt=\"Protest mot gruvedrift p\u00e5 havbunnen ved Operahuset i Oslo, p\u00e5 World Octopus Day 8. oktober 2024\" sizes=\"auto, (min-width: 601px) 42vw, 100vw\" srcset=\"https:\/\/www.greenpeace.org\/static\/planet4-norway-stateless\/2024\/10\/53502283-gp0su2q2h_low-res-800px.jpg 800w, https:\/\/www.greenpeace.org\/static\/planet4-norway-stateless\/2024\/10\/53502283-gp0su2q2h_low-res-800px-300x200.jpg 300w, https:\/\/www.greenpeace.org\/static\/planet4-norway-stateless\/2024\/10\/53502283-gp0su2q2h_low-res-800px-768x512.jpg 768w, https:\/\/www.greenpeace.org\/static\/planet4-norway-stateless\/2024\/10\/53502283-gp0su2q2h_low-res-800px-510x340.jpg 510w\" class=\"wp-image-61692 size-full\"\/><\/figure><\/div>\n<\/div>\n<\/div>\n\n\n<div style=\"height:10px\" aria-hidden=\"true\" id=\"underskriftskampanjer\" class=\"wp-block-spacer\"><\/div>\n<div data-render=\"planet4-blocks\/columns\" data-attributes=\"{&quot;attributes&quot;:{&quot;columns_block_style&quot;:&quot;image&quot;,&quot;columns_title&quot;:&quot;Bruk stemmen din \\u2013 si nei til gruvedrift p\\u00e5 havbunnen&quot;,&quot;columns&quot;:[{&quot;title&quot;:&quot;Signer oppropet&quot;,&quot;description&quot;:&quot;Millioner av mennesker fra hele verden st\\u00e5r sammen for \\u00e5 beskytte livet i dyphavet mot gruvedrift. Bli med!&quot;,&quot;cta_text&quot;:&quot;Signer underskriftskampanjen&quot;,&quot;link_new_tab&quot;:false,&quot;attachment&quot;:&quot;https:\\\/\\\/www.greenpeace.org\\\/static\\\/planet4-norway-stateless\\\/2024\\\/08\\\/186a3c41-dumboblekksprut-arktis-510x284.png&quot;,&quot;cta_link&quot;:&quot;https:\\\/\\\/www.greenpeace.org\\\/norway\\\/vaer-med\\\/stopp-gruvedrift-pa-havbunnen\\\/&quot;,&quot;attachment_srcset&quot;:&quot;https:\\\/\\\/www.greenpeace.org\\\/static\\\/planet4-norway-stateless\\\/2024\\\/08\\\/186a3c41-dumboblekksprut-arktis-510x284.png 510w, https:\\\/\\\/www.greenpeace.org\\\/static\\\/planet4-norway-stateless\\\/2024\\\/08\\\/186a3c41-dumboblekksprut-arktis-300x167.png 300w, https:\\\/\\\/www.greenpeace.org\\\/static\\\/planet4-norway-stateless\\\/2024\\\/08\\\/186a3c41-dumboblekksprut-arktis-1024x570.png 1024w, https:\\\/\\\/www.greenpeace.org\\\/static\\\/planet4-norway-stateless\\\/2024\\\/08\\\/186a3c41-dumboblekksprut-arktis-768x427.png 768w, https:\\\/\\\/www.greenpeace.org\\\/static\\\/planet4-norway-stateless\\\/2024\\\/08\\\/186a3c41-dumboblekksprut-arktis.png 1388w&quot;},{&quot;title&quot;:&quot;Spre budskapet p\\u00e5 sosiale medier&quot;,&quot;description&quot;:&quot;Artisten Aurora forteller hvorfor hun mener vi m\\u00e5 beskytte dyphavet. Se og del p\\u00e5 &lt;a href=u0022https:\\\/\\\/www.facebook.com\\\/reel\\\/501336729475441u0022&gt;Facebook&lt;\\\/a&gt;, &lt;a href=u0022https:\\\/\\\/www.instagram.com\\\/p\\\/DAQM-r3AJA0\\\/u0022&gt;Instagram&lt;\\\/a&gt; eller &lt;a href=u0022https:\\\/\\\/www.tiktok.com\\\/@greenpeacenorge\\\/video\\\/7417807093400456480?is_from_webapp=1u0026amp;sender_device=pcu0026amp;web_id=7363624226500642337u0022&gt;Tik Tok&lt;\\\/a&gt;.&quot;,&quot;attachment&quot;:&quot;https:\\\/\\\/www.greenpeace.org\\\/static\\\/planet4-norway-stateless\\\/2024\\\/09\\\/c59c358e-aurora-gruvedrift-pa-havbunnen-335x340.png&quot;,&quot;cta_text&quot;:&quot;&quot;,&quot;cta_link&quot;:&quot;&quot;,&quot;attachment_srcset&quot;:&quot;https:\\\/\\\/www.greenpeace.org\\\/static\\\/planet4-norway-stateless\\\/2024\\\/09\\\/c59c358e-aurora-gruvedrift-pa-havbunnen-335x340.png 335w, https:\\\/\\\/www.greenpeace.org\\\/static\\\/planet4-norway-stateless\\\/2024\\\/09\\\/c59c358e-aurora-gruvedrift-pa-havbunnen-295x300.png 295w, https:\\\/\\\/www.greenpeace.org\\\/static\\\/planet4-norway-stateless\\\/2024\\\/09\\\/c59c358e-aurora-gruvedrift-pa-havbunnen.png 640w&quot;}],&quot;className&quot;:&quot;is-style-image&quot;}}\"><\/div><div data-render=\"planet4-blocks\/columns\" data-attributes=\"{&quot;attributes&quot;:{&quot;columns_block_style&quot;:&quot;image&quot;,&quot;columns_title&quot;:&quot;L\\u00e6r mer om gruvedrift p\\u00e5 havbunnen&quot;,&quot;columns&quot;:[{&quot;title&quot;:&quot;Alt du m\\u00e5 vite om gruvedrift p\\u00e5 havbunnen&quot;,&quot;description&quot;:&quot;L\\u00e6r mer om denne nye industrien, og hvorfor gruvedrift p\\u00e5 havbunnen ikke er l\\u00f8sningen p\\u00e5 det gr\\u00f8nne skiftet.&quot;,&quot;cta_text&quot;:&quot;Les mer&quot;,&quot;link_new_tab&quot;:false,&quot;attachment&quot;:&quot;https:\\\/\\\/www.greenpeace.org\\\/static\\\/planet4-norway-stateless\\\/2023\\\/07\\\/38be7a5a-gp0stwg8f_web_size-481x340.jpg&quot;,&quot;cta_link&quot;:&quot;https:\\\/\\\/www.greenpeace.org\\\/norway\\\/fakta\\\/hav\\\/gruvedrift-pa-havbunnen-alt-du-ma-vite\\\/&quot;,&quot;attachment_srcset&quot;:&quot;https:\\\/\\\/www.greenpeace.org\\\/static\\\/planet4-norway-stateless\\\/2023\\\/07\\\/38be7a5a-gp0stwg8f_web_size-481x340.jpg 481w, https:\\\/\\\/www.greenpeace.org\\\/static\\\/planet4-norway-stateless\\\/2023\\\/07\\\/38be7a5a-gp0stwg8f_web_size-300x212.jpg 300w, https:\\\/\\\/www.greenpeace.org\\\/static\\\/planet4-norway-stateless\\\/2023\\\/07\\\/38be7a5a-gp0stwg8f_web_size-768x543.jpg 768w, https:\\\/\\\/www.greenpeace.org\\\/static\\\/planet4-norway-stateless\\\/2023\\\/07\\\/38be7a5a-gp0stwg8f_web_size.jpg 800w&quot;},{&quot;title&quot;:&quot;Spill om livet p\\u00e5 havbunnen&quot;,&quot;description&quot;:&quot;Pr\\u00f8v det nye spillet v\\u00e5rt u0022Deep Sea Bettingu0022 og se hva vi risikerer \\u00e5 miste n\\u00e5r vi gambler med det skj\\u00f8re livet i dyphavet.&quot;,&quot;attachment&quot;:&quot;https:\\\/\\\/www.greenpeace.org\\\/static\\\/planet4-norway-stateless\\\/2024\\\/09\\\/58e54575-gruvedrift-pa-havbunnen-deep-sea-betting-510x307.jpg&quot;,&quot;cta_text&quot;:&quot;Les mer&quot;,&quot;cta_link&quot;:&quot;https:\\\/\\\/deepseabetting.greenpeace.no\\\/&quot;,&quot;attachment_srcset&quot;:&quot;https:\\\/\\\/www.greenpeace.org\\\/static\\\/planet4-norway-stateless\\\/2024\\\/09\\\/58e54575-gruvedrift-pa-havbunnen-deep-sea-betting-510x307.jpg 510w, https:\\\/\\\/www.greenpeace.org\\\/static\\\/planet4-norway-stateless\\\/2024\\\/09\\\/58e54575-gruvedrift-pa-havbunnen-deep-sea-betting-300x180.jpg 300w, https:\\\/\\\/www.greenpeace.org\\\/static\\\/planet4-norway-stateless\\\/2024\\\/09\\\/58e54575-gruvedrift-pa-havbunnen-deep-sea-betting-1024x615.jpg 1024w, https:\\\/\\\/www.greenpeace.org\\\/static\\\/planet4-norway-stateless\\\/2024\\\/09\\\/58e54575-gruvedrift-pa-havbunnen-deep-sea-betting-768x462.jpg 768w, https:\\\/\\\/www.greenpeace.org\\\/static\\\/planet4-norway-stateless\\\/2024\\\/09\\\/58e54575-gruvedrift-pa-havbunnen-deep-sea-betting.jpg 1138w&quot;}],&quot;className&quot;:&quot;is-style-image&quot;}}\"><\/div>\n<h2 class=\"wp-block-heading\">St\u00f8tt arbeidet for stoppe gruvedrift p\u00e5 havbunnen<\/h2>\n\n<p><a href=\"https:\/\/bidra.greenpeace.org\/d\/~min-donasjon\">Bli med som m\u00e5nedlig giver i Greenpeace, eller gi et engangsbidrag til arbeidet v\u00e5rt<\/a>. Greenpeace er en milj\u00f8organisasjon som av prinsipp ikke tar imot st\u00f8tte fra myndigheter eller selskaper. Derfor er vi avhengige av st\u00f8tten fra engasjerte enkeltpersoner.<\/p>\n\n\n<div class=\"wp-block-group block is-layout-flow wp-block-group-is-layout-flow\">\n\n<div class=\"wp-block-group alignfull is-layout-flow wp-block-group-is-layout-flow\">\n<div class=\"wp-block-group container is-layout-flow wp-block-group-is-layout-flow\"><\/div>\n<\/div>\n\n\n\n\n<div style=\"height:32px\" aria-hidden=\"true\" class=\"wp-block-spacer\"><\/div>\n\n\n\n<div style=\"height:48px\" aria-hidden=\"true\" class=\"wp-block-spacer\"><\/div>\n<\/div>\n\n\n<div style=\"height:30px\" aria-hidden=\"true\" id=\"bli-frivillig\" class=\"wp-block-spacer\"><\/div>\n\n<div style=\"height:30px\" aria-hidden=\"true\" id=\"andre-maater-aa-bidra-paa\" class=\"wp-block-spacer\"><\/div>\n","protected":false},"excerpt":{"rendered":"<p>Dyrene i Arktis trues av Norges planer om mineralutvinning p\u00e5 havbunnen. Du kan bli med og si nei tii gruvedrift p\u00e5 havbunnen og beskytte dyphavet.<\/p>\n","protected":false},"author":35,"featured_media":60966,"parent":52187,"menu_order":0,"comment_status":"closed","ping_status":"closed","template":"","meta":{"ep_exclude_from_search":false,"p4_hide_page_title_checkbox":"on","p4_title":"","p4_subtitle":"","p4_description":"","background_image_id":"","background_image":"","p4_button_title":"","p4_button_link":"","p4_button_link_checkbox":"","p4_og_title":"","p4_og_description":"","p4_og_image":"","p4_og_image_id":"","p4_seo_canonical_url":"","p4_campaign_name":"not set","p4_local_project":"not set","p4_basket_name":"not set","p4_department":"","footnotes":""},"categories":[59],"tags":[28,78,66,32],"class_list":["post-61113","page","type-page","status-publish","has-post-thumbnail","hentry","category-hav","tag-engasjer-deg","tag-gruvedrift","tag-arktis","tag-beskytthavet"],"_links":{"self":[{"href":"https:\/\/www.greenpeace.org\/norway\/wp-json\/wp\/v2\/pages\/61113","targetHints":{"allow":["GET"]}}],"collection":[{"href":"https:\/\/www.greenpeace.org\/norway\/wp-json\/wp\/v2\/pages"}],"about":[{"href":"https:\/\/www.greenpeace.org\/norway\/wp-json\/wp\/v2\/types\/page"}],"author":[{"embeddable":true,"href":"https:\/\/www.greenpeace.org\/norway\/wp-json\/wp\/v2\/users\/35"}],"replies":[{"embeddable":true,"href":"https:\/\/www.greenpeace.org\/norway\/wp-json\/wp\/v2\/comments?post=61113"}],"version-history":[{"count":20,"href":"https:\/\/www.greenpeace.org\/norway\/wp-json\/wp\/v2\/pages\/61113\/revisions"}],"predecessor-version":[{"id":65291,"href":"https:\/\/www.greenpeace.org\/norway\/wp-json\/wp\/v2\/pages\/61113\/revisions\/65291"}],"up":[{"embeddable":true,"href":"https:\/\/www.greenpeace.org\/norway\/wp-json\/wp\/v2\/pages\/52187"}],"wp:featuredmedia":[{"embeddable":true,"href":"https:\/\/www.greenpeace.org\/norway\/wp-json\/wp\/v2\/media\/60966"}],"wp:attachment":[{"href":"https:\/\/www.greenpeace.org\/norway\/wp-json\/wp\/v2\/media?parent=61113"}],"wp:term":[{"taxonomy":"category","embeddable":true,"href":"https:\/\/www.greenpeace.org\/norway\/wp-json\/wp\/v2\/categories?post=61113"},{"taxonomy":"post_tag","embeddable":true,"href":"https:\/\/www.greenpeace.org\/norway\/wp-json\/wp\/v2\/tags?post=61113"}],"curies":[{"name":"wp","href":"https:\/\/api.w.org\/{rel}","templated":true}]}}