{"id":64506,"date":"2025-06-05T12:51:30","date_gmt":"2025-06-05T11:51:30","guid":{"rendered":"https:\/\/www.greenpeace.org\/norway\/?page_id=64506"},"modified":"2025-08-22T10:22:06","modified_gmt":"2025-08-22T09:22:06","slug":"bli-fastgiver-time-to-resist-beskytt-ytringsfriheten","status":"publish","type":"page","link":"https:\/\/www.greenpeace.org\/norway\/vaer-med\/bli-fastgiver-time-to-resist-beskytt-ytringsfriheten\/","title":{"rendered":"Bli fastgiver \u2013 time to resist beskytt ytringsfriheten"},"content":{"rendered":"\n<div class=\"wp-block-cover\" style=\"min-height:441px;aspect-ratio:unset;\"><img loading=\"lazy\" decoding=\"async\" width=\"1200\" height=\"800\" class=\"wp-block-cover__image-background wp-image-62822\" alt=\"Peaceful Climate Protest in Hamburg's Harbour. \u00a9 Maria Feck \/ Greenpeace\" src=\"https:\/\/www.greenpeace.org\/static\/planet4-norway-stateless\/2025\/01\/a849f934-gp0stqx6r.jpg\" data-object-fit=\"cover\" srcset=\"https:\/\/www.greenpeace.org\/static\/planet4-norway-stateless\/2025\/01\/a849f934-gp0stqx6r.jpg 1200w, https:\/\/www.greenpeace.org\/static\/planet4-norway-stateless\/2025\/01\/a849f934-gp0stqx6r-300x200.jpg 300w, https:\/\/www.greenpeace.org\/static\/planet4-norway-stateless\/2025\/01\/a849f934-gp0stqx6r-1024x683.jpg 1024w, https:\/\/www.greenpeace.org\/static\/planet4-norway-stateless\/2025\/01\/a849f934-gp0stqx6r-768x512.jpg 768w, https:\/\/www.greenpeace.org\/static\/planet4-norway-stateless\/2025\/01\/a849f934-gp0stqx6r-510x340.jpg 510w\" sizes=\"auto, (max-width: 1200px) 100vw, 1200px\" \/><span aria-hidden=\"true\" class=\"wp-block-cover__background has-black-background-color has-background-dim\"><\/span><div class=\"wp-block-cover__inner-container is-layout-constrained wp-block-cover-is-layout-constrained\">\n<p class=\"has-text-align-center has-large-font-size\" style=\"font-style:normal;font-weight:700;letter-spacing:0px\"><strong>Bli fastgiver <strong>\u2013<\/strong> Beskytt ytringfriheten<\/strong><\/p>\n\n\n\n<p class=\"has-text-align-center has-medium-font-size\">Ved \u00e5 bli fastgiver hjelper du oss st\u00e5 i mot Trump og korrupte olje- og tech-milliard\u00e6rer.<\/p>\n\n\n\n<div style=\"height:20px\" aria-hidden=\"true\" class=\"wp-block-spacer\"><\/div>\n\n\n\n<div class=\"wp-block-buttons is-content-justification-center is-layout-flex wp-container-core-buttons-is-layout-16018d1d wp-block-buttons-is-layout-flex\">\n<div class=\"wp-block-button is-style-cta\"><a class=\"wp-block-button__link has-black-color has-yellow-50-background-color has-text-color has-background has-link-color has-medium-font-size has-text-align-center has-custom-font-size wp-element-button\" href=\"https:\/\/qr.vipps.no\/donations\/990708?amount=20000&amp;reference=time-to-resist-p4\" target=\"_blank\" rel=\"noreferrer noopener\">BLI FASTGIVER<\/a><\/div>\n<\/div>\n<\/div><\/div>\n\n<p><em>Vi behandler personopplysningene dine i henhold til&nbsp;<a href=\"https:\/\/www.greenpeace.org\/norway\/personvernerklaering\/\" target=\"_blank\" rel=\"noreferrer noopener\">v\u00e5r personvernserkl\u00e6ring<\/a><\/em><\/p>\n\n<div style=\"height:15px\" aria-hidden=\"true\" class=\"wp-block-spacer\"><\/div>\n\n<h4 class=\"wp-block-heading has-grey-800-color has-text-color\">Hva handler saken om?<\/h4>\n\n<p class=\"has-medium-font-size\">\ud83d\udfe2 Greenpeace USA og Greenpeace International er d\u00f8mt til \u00e5 betale 7 milliarder kroner i erstatning, etter \u00e5 ha tapt et grunnl\u00f8st s\u00f8ksm\u00e5l fra Energy Transfer, oljeselskapet som st\u00e5r bak oljer\u00f8rledningen North Dakota Access Pipeline. S\u00f8ksm\u00e5let truer Greenpeace sitt arbeid og eksistens.<\/p>\n\n<p class=\"has-medium-font-size\">\ud83d\udfe2 Energy Transfer anklager Greenpeace USA for \u00e5 ha organisert protestene mot byggingen av oljer\u00f8rledningen. P\u00e5standene er uten hold i virkeligheten.<\/p>\n\n<blockquote class=\"wp-block-quote is-style-default is-layout-flow wp-block-quote-is-layout-flow\">\n<p style=\"font-size:1.4rem\"><br>Trump brukte den forrige presidentperioden p\u00e5 \u00e5 avvikle milj\u00f8vern, retten til ren luft og rent vann og urfolks rettigheter, og n\u00e5 vil de, sammen med sine allierte oljeselskaper, avslutte jobben ved \u00e5 kneble all protest. Men vi vil ikke gi oss. <strong>Vi vil aldri la oss stilne.<\/strong><\/p>\n<cite>Mads Christensen, generalsekret\u00e6r for Greenpeace International<\/cite><\/blockquote>\n\n<p class=\"has-medium-font-size\">Store oljeselskaper over hele verden vil fortsette fors\u00f8kene p\u00e5 \u00e5 kneble ytringsfriheten og stanse fredelige protester. Men v\u00e5r kamp mot Energy Transfers grunnl\u00f8se s\u00f8ksm\u00e5l er langt fra over.<\/p>\n\n<p class=\"has-medium-font-size\">N\u00e5 henvender vi oss til deg i en ekstraordin\u00e6r situasjon og ber ydmykt om din hjelp. Ditt bidrag vil la oss fortsette kampen mot denne grunnl\u00f8se dommen.<\/p>\n\n<div style=\"height:33px\" aria-hidden=\"true\" class=\"wp-block-spacer\"><\/div>\n\n<div class=\"wp-block-buttons is-horizontal is-content-justification-center is-layout-flex wp-container-core-buttons-is-layout-499968f5 wp-block-buttons-is-layout-flex\">\n<div class=\"wp-block-button is-style-cta\"><a class=\"wp-block-button__link has-dark-shade-black-color has-green-500-background-color has-text-color has-background wp-element-button\" href=\"https:\/\/qr.vipps.no\/donations\/990708?amount=20000&amp;reference=time-to-resist-p4\" target=\"_blank\" rel=\"noreferrer noopener\">BLI FASTGIVER<\/a><\/div>\n<\/div>\n\n<h2 class=\"wp-block-heading has-grey-800-color has-text-color\"><\/h2>\n","protected":false},"excerpt":{"rendered":"<p>Ved \u00e5 bli fastgiver hjelper du oss st\u00e5 i mot Trump og korrupte olje- og tekmilliard\u00e6rer.<\/p>\n","protected":false},"author":92,"featured_media":62822,"parent":9,"menu_order":0,"comment_status":"closed","ping_status":"closed","template":"","meta":{"ep_exclude_from_search":false,"p4_hide_page_title_checkbox":"on","p4_title":"","p4_subtitle":"","p4_description":"","background_image_id":"","background_image":"","p4_button_title":"","p4_button_link":"","p4_button_link_checkbox":"","p4_og_title":"Bli fastgiver - Beskytt ytringfriheten","p4_og_description":"Ved \u00e5 bli fastgiver hjelper du oss st\u00e5 i mot Trump og korrupte olje- og tekmilliard\u00e6rer.","p4_og_image":"https:\/\/www.greenpeace.org\/static\/planet4-norway-stateless\/2025\/05\/aa113446-gp0stqx6r_low-res-800px-510x340-1.jpg","p4_og_image_id":"64099","p4_seo_canonical_url":"","p4_campaign_name":"People vs. Oil","p4_local_project":"Climate Lawsuits","p4_basket_name":"Oil","p4_department":"Norway","footnotes":""},"categories":[],"tags":[],"class_list":["post-64506","page","type-page","status-publish","has-post-thumbnail","hentry"],"_links":{"self":[{"href":"https:\/\/www.greenpeace.org\/norway\/wp-json\/wp\/v2\/pages\/64506","targetHints":{"allow":["GET"]}}],"collection":[{"href":"https:\/\/www.greenpeace.org\/norway\/wp-json\/wp\/v2\/pages"}],"about":[{"href":"https:\/\/www.greenpeace.org\/norway\/wp-json\/wp\/v2\/types\/page"}],"author":[{"embeddable":true,"href":"https:\/\/www.greenpeace.org\/norway\/wp-json\/wp\/v2\/users\/92"}],"replies":[{"embeddable":true,"href":"https:\/\/www.greenpeace.org\/norway\/wp-json\/wp\/v2\/comments?post=64506"}],"version-history":[{"count":20,"href":"https:\/\/www.greenpeace.org\/norway\/wp-json\/wp\/v2\/pages\/64506\/revisions"}],"predecessor-version":[{"id":65501,"href":"https:\/\/www.greenpeace.org\/norway\/wp-json\/wp\/v2\/pages\/64506\/revisions\/65501"}],"up":[{"embeddable":true,"href":"https:\/\/www.greenpeace.org\/norway\/wp-json\/wp\/v2\/pages\/9"}],"wp:featuredmedia":[{"embeddable":true,"href":"https:\/\/www.greenpeace.org\/norway\/wp-json\/wp\/v2\/media\/62822"}],"wp:attachment":[{"href":"https:\/\/www.greenpeace.org\/norway\/wp-json\/wp\/v2\/media?parent=64506"}],"wp:term":[{"taxonomy":"category","embeddable":true,"href":"https:\/\/www.greenpeace.org\/norway\/wp-json\/wp\/v2\/categories?post=64506"},{"taxonomy":"post_tag","embeddable":true,"href":"https:\/\/www.greenpeace.org\/norway\/wp-json\/wp\/v2\/tags?post=64506"}],"curies":[{"name":"wp","href":"https:\/\/api.w.org\/{rel}","templated":true}]}}