{"id":64539,"date":"2025-06-05T13:45:14","date_gmt":"2025-06-05T12:45:14","guid":{"rendered":"https:\/\/www.greenpeace.org\/norway\/?page_id=64539"},"modified":"2025-06-25T09:42:14","modified_gmt":"2025-06-25T08:42:14","slug":"bli-fastgiver-plastispice","status":"publish","type":"page","link":"https:\/\/www.greenpeace.org\/norway\/vaer-med\/bli-fastgiver-plastispice\/","title":{"rendered":"Bli fastgiver \u2013 plastispice"},"content":{"rendered":"\n<div class=\"wp-block-cover\" style=\"min-height:441px;aspect-ratio:unset;\"><span aria-hidden=\"true\" class=\"wp-block-cover__background has-black-background-color has-background-dim\"><\/span><img loading=\"lazy\" decoding=\"async\" width=\"1200\" height=\"800\" class=\"wp-block-cover__image-background wp-image-53479\" alt=\"Plasts\u00f8ppel og plastforurensning i Ghana.\" src=\"https:\/\/www.greenpeace.org\/static\/planet4-norway-stateless\/2022\/12\/94016329-gp1swvpl.jpg\" data-object-fit=\"cover\" srcset=\"https:\/\/www.greenpeace.org\/static\/planet4-norway-stateless\/2022\/12\/94016329-gp1swvpl.jpg 1200w, https:\/\/www.greenpeace.org\/static\/planet4-norway-stateless\/2022\/12\/94016329-gp1swvpl-300x200.jpg 300w, https:\/\/www.greenpeace.org\/static\/planet4-norway-stateless\/2022\/12\/94016329-gp1swvpl-1024x683.jpg 1024w, https:\/\/www.greenpeace.org\/static\/planet4-norway-stateless\/2022\/12\/94016329-gp1swvpl-768x512.jpg 768w, https:\/\/www.greenpeace.org\/static\/planet4-norway-stateless\/2022\/12\/94016329-gp1swvpl-510x340.jpg 510w\" sizes=\"auto, (max-width: 1200px) 100vw, 1200px\" \/><div class=\"wp-block-cover__inner-container is-layout-constrained wp-block-cover-is-layout-constrained\">\n<p class=\"has-text-align-center has-large-font-size\" style=\"font-style:normal;font-weight:700;letter-spacing:0px\"><strong>Bli fastgiver \u2013 Stopp plastforurensning<\/strong><\/p>\n\n\n\n<p class=\"has-text-align-center has-medium-font-size\">Vi kan fortsatt stanse plastindustrien f\u00f8r den krydrer b\u00e5de kroppen v\u00e5r og planeten med mer usynlig mikroplast!<\/p>\n\n\n\n<div style=\"height:20px\" aria-hidden=\"true\" class=\"wp-block-spacer\"><\/div>\n\n\n\n<div class=\"wp-block-buttons is-content-justification-center is-layout-flex wp-container-core-buttons-is-layout-16018d1d wp-block-buttons-is-layout-flex\">\n<div class=\"wp-block-button has-custom-font-size is-style-cta has-medium-font-size\"><a class=\"wp-block-button__link has-black-color has-yellow-50-background-color has-text-color has-background has-link-color has-text-align-center wp-element-button\" href=\"https:\/\/qr.vipps.no\/donations\/990708?amount=20000&amp;reference=plastispice-p4\" target=\"_blank\" rel=\"noreferrer noopener\">BLI FASTGIVER<\/a><\/div>\n<\/div>\n<\/div><\/div>\n\n<p><em>Vi behandler personopplysningene dine i henhold til&nbsp;<a href=\"https:\/\/www.greenpeace.org\/norway\/personvernerklaering\/\" target=\"_blank\" rel=\"noreferrer noopener\">v\u00e5r personvernserkl\u00e6ring<\/a><\/em><\/p>\n\n<div style=\"height:15px\" aria-hidden=\"true\" class=\"wp-block-spacer\"><\/div>\n\n<h4 class=\"wp-block-heading has-grey-800-color has-text-color\">Her er tre grunner til at plastproduksjonen m\u00e5 bremses n\u00e5:<\/h4>\n\n<p class=\"has-medium-font-size\">\ud83d\udfe2 Mikroplast er allerede i kroppene v\u00e5re. Forskere finner plastpartikler i blod, organer, morkake og, morsmelk \u2013 uten at vi vet de langsiktige helseeffektene.<\/p>\n\n<p class=\"has-medium-font-size\">\ud83d\udfe2 Plast avgir farlige kjemikalier som kan p\u00e5virke fertilitet, barns utvikling, hjerte- og karsystemet og \u00f8ke sjansen for kreft.<\/p>\n\n<p class=\"has-medium-font-size\">\ud83d\udfe2 Produksjonen l\u00f8per l\u00f8psk. Uten internasjonale regler kan plastmengden i verden tredobles innen 2060 \u2013 mer enn naturen og avfallssystemene v\u00e5re t\u00e5ler.<\/p>\n\n<p class=\"has-medium-font-size\">Vi kan fortsatt snu utviklingen. I august m\u00f8tes verdens ledere for \u00e5 forhandle en global plastavtale. Da m\u00e5 de h\u00f8re din stemme.<\/p>\n\n<p class=\"has-medium-font-size\">Vil du v\u00e6re med p\u00e5 \u00e5 sikre en plastfri framtid? Da trenger vi din st\u00f8tte n\u00e5 \ud83e\udef5<\/p>\n\n<div style=\"height:33px\" aria-hidden=\"true\" class=\"wp-block-spacer\"><\/div>\n\n<div class=\"wp-block-buttons is-horizontal is-content-justification-center is-layout-flex wp-container-core-buttons-is-layout-499968f5 wp-block-buttons-is-layout-flex\">\n<div class=\"wp-block-button is-style-cta\"><a class=\"wp-block-button__link has-dark-shade-black-color has-green-500-background-color has-text-color has-background wp-element-button\" href=\"https:\/\/qr.vipps.no\/donations\/990708?amount=20000&amp;reference=plastispice-p4\" target=\"_blank\" rel=\"noreferrer noopener\">BLI FASTGIVER<\/a><\/div>\n<\/div>\n\n<h2 class=\"wp-block-heading has-grey-800-color has-text-color\"><\/h2>\n","protected":false},"excerpt":{"rendered":"<p>Bli med og stopp plastforurensning!<\/p>\n","protected":false},"author":92,"featured_media":53479,"parent":9,"menu_order":0,"comment_status":"closed","ping_status":"closed","template":"","meta":{"ep_exclude_from_search":false,"p4_hide_page_title_checkbox":"on","p4_title":"","p4_subtitle":"","p4_description":"","background_image_id":"","background_image":"","p4_button_title":"","p4_button_link":"","p4_button_link_checkbox":"","p4_og_title":"Bli fastgiver \u2013 Stopp plastforurensning","p4_og_description":"Vi kan fortsatt stanse plastindustrien f\u00f8r den krydrer b\u00e5de kroppen v\u00e5r og planeten med mer usynlig mikroplast!","p4_og_image":"https:\/\/www.greenpeace.org\/static\/planet4-norway-stateless\/2021\/06\/774cf5bd-gp1svb27.jpg","p4_og_image_id":"9278","p4_seo_canonical_url":"","p4_campaign_name":"People vs. Oil","p4_local_project":"not set","p4_basket_name":"Oil","p4_department":"Norway","footnotes":""},"categories":[],"tags":[],"class_list":["post-64539","page","type-page","status-publish","has-post-thumbnail","hentry"],"_links":{"self":[{"href":"https:\/\/www.greenpeace.org\/norway\/wp-json\/wp\/v2\/pages\/64539","targetHints":{"allow":["GET"]}}],"collection":[{"href":"https:\/\/www.greenpeace.org\/norway\/wp-json\/wp\/v2\/pages"}],"about":[{"href":"https:\/\/www.greenpeace.org\/norway\/wp-json\/wp\/v2\/types\/page"}],"author":[{"embeddable":true,"href":"https:\/\/www.greenpeace.org\/norway\/wp-json\/wp\/v2\/users\/92"}],"replies":[{"embeddable":true,"href":"https:\/\/www.greenpeace.org\/norway\/wp-json\/wp\/v2\/comments?post=64539"}],"version-history":[{"count":10,"href":"https:\/\/www.greenpeace.org\/norway\/wp-json\/wp\/v2\/pages\/64539\/revisions"}],"predecessor-version":[{"id":65112,"href":"https:\/\/www.greenpeace.org\/norway\/wp-json\/wp\/v2\/pages\/64539\/revisions\/65112"}],"up":[{"embeddable":true,"href":"https:\/\/www.greenpeace.org\/norway\/wp-json\/wp\/v2\/pages\/9"}],"wp:featuredmedia":[{"embeddable":true,"href":"https:\/\/www.greenpeace.org\/norway\/wp-json\/wp\/v2\/media\/53479"}],"wp:attachment":[{"href":"https:\/\/www.greenpeace.org\/norway\/wp-json\/wp\/v2\/media?parent=64539"}],"wp:term":[{"taxonomy":"category","embeddable":true,"href":"https:\/\/www.greenpeace.org\/norway\/wp-json\/wp\/v2\/categories?post=64539"},{"taxonomy":"post_tag","embeddable":true,"href":"https:\/\/www.greenpeace.org\/norway\/wp-json\/wp\/v2\/tags?post=64539"}],"curies":[{"name":"wp","href":"https:\/\/api.w.org\/{rel}","templated":true}]}}