{"id":606,"date":"2019-09-16T16:05:11","date_gmt":"2019-09-16T16:05:11","guid":{"rendered":"https:\/\/master.k8s.p4.greenpeace.org\/peru\/?page_id=606"},"modified":"2025-06-23T06:28:53","modified_gmt":"2025-06-23T09:28:53","slug":"nuestros-barcos","status":"publish","type":"page","link":"https:\/\/www.greenpeace.org\/peru\/nuestros-barcos\/","title":{"rendered":"Nuestros barcos"},"content":{"rendered":"\n                \n                <div class=\"wp-block-group alignfull is-layout-flow wp-block-group-is-layout-flow\">\n                \n                <div class=\"wp-block-group container is-layout-flow wp-block-group-is-layout-flow\">\n                \n                <div class=\"wp-block-media-text alignfull has-media-on-the-right is-stacked-on-mobile is-pattern-p4-page-header is-style-parallax\">\n\n                <div class=\"wp-block-media-text__content\">\n                    <div class=\"wp-block-group is-layout-flow wp-block-group-is-layout-flow\">\n                    \n                        <h1 class=\"wp-block-heading has-white-background-color has-background\">\n                            Nuestros barcos\n                        <\/h1>\n                    <\/div>\n                \n\n                \n                        <p style=\"font-size:1.25rem\">\n                            <span style=\"font-weight: 400\">El Esperanza, el Rainbow Warrior y el Arctic Sunrise cumplen un rol fundamental en el trabajo que realizamos para proteger los ecosistemas de todo el mundo. Las embarcaciones son una herramienta vital de nuestras campa\u00f1as, nos permiten ser testigos y actuar frente a las amenazas que sufre el medio ambiente.<\/span>\n                        <\/p>\n                    \n\n                \n\n                <\/div>\n                <figure class=\"wp-block-media-text__media\">\n                    <img loading=\"lazy\" decoding=\"async\" width=\"1200\" height=\"674\"\n                        src=\"https:\/\/www.greenpeace.org\/static\/planet4-peru-stateless\/2019\/09\/6bd0e51b-0f256cc7-barcos.jpg\"\n                        alt=\"\"\n                        sizes=\"auto, (min-width: 601px) 50vw, 100vw\" srcset=\"https:\/\/www.greenpeace.org\/static\/planet4-peru-stateless\/2019\/09\/6bd0e51b-0f256cc7-barcos.jpg 1200w, https:\/\/www.greenpeace.org\/static\/planet4-peru-stateless\/2019\/09\/6bd0e51b-0f256cc7-barcos-300x169.jpg 300w, https:\/\/www.greenpeace.org\/static\/planet4-peru-stateless\/2019\/09\/6bd0e51b-0f256cc7-barcos-768x431.jpg 768w, https:\/\/www.greenpeace.org\/static\/planet4-peru-stateless\/2019\/09\/6bd0e51b-0f256cc7-barcos-1024x575.jpg 1024w, https:\/\/www.greenpeace.org\/static\/planet4-peru-stateless\/2019\/09\/6bd0e51b-0f256cc7-barcos-510x286.jpg 510w\" class=\"wp-image-615 size-full\"\n                    \/>\n                <\/figure>\n                <\/div>\n                \n                <\/div>\n                \n                <\/div>\n                \n                \n<div class=\"wp-block-planet4-blocks-carousel-header\"><div data-hydrate=\"planet4-blocks\/carousel-header\" data-attributes=\"{&quot;carousel_autoplay&quot;:false,&quot;slides&quot;:[{&quot;image&quot;:609,&quot;focal_points&quot;:{&quot;x&quot;:0,&quot;y&quot;:0},&quot;header&quot;:&quot;Rainbow Warrior&quot;,&quot;subheader&quot;:&quot;Nuestro buque insignia&quot;,&quot;description&quot;:&quot;El Rainbow Warrior III es el barco m\u00e1s nuevo de la organizaci\u00f3n y el primero construido especialmente para Greenpeace.&quot;,&quot;link_text&quot;:&quot;Lee M\u00e1s&quot;,&quot;link_url&quot;:&quot;https:\/\/www.greenpeace.org\/peru\/rainbow-warrior\/&quot;,&quot;link_url_new_tab&quot;:false,&quot;image_url&quot;:&quot;https:\/\/www.greenpeace.org\/static\/planet4-peru-stateless\/2019\/09\/9e7da820-8b72e38c-gp03anw.jpg&quot;,&quot;image_srcset&quot;:&quot;https:\/\/www.greenpeace.org\/static\/planet4-peru-stateless\/2019\/09\/9e7da820-8b72e38c-gp03anw-150x150.jpg 150w,https:\/\/www.greenpeace.org\/static\/planet4-peru-stateless\/2019\/09\/9e7da820-8b72e38c-gp03anw-300x200.jpg 300w,https:\/\/www.greenpeace.org\/static\/planet4-peru-stateless\/2019\/09\/9e7da820-8b72e38c-gp03anw-768x511.jpg 768w,https:\/\/www.greenpeace.org\/static\/planet4-peru-stateless\/2019\/09\/9e7da820-8b72e38c-gp03anw-1024x682.jpg 1024w,https:\/\/www.greenpeace.org\/static\/planet4-peru-stateless\/2019\/09\/9e7da820-8b72e38c-gp03anw-510x340.jpg 510w,https:\/\/www.greenpeace.org\/static\/planet4-peru-stateless\/2019\/09\/9e7da820-8b72e38c-gp03anw.jpg 1199w&quot;,&quot;image_alt&quot;:&quot;&quot;},{&quot;image&quot;:619,&quot;focal_points&quot;:{&quot;x&quot;:0,&quot;y&quot;:0},&quot;header&quot;:&quot;Esperanza&quot;,&quot;subheader&quot;:&quot;El barco m\u00e1s grande&quot;,&quot;description&quot;:&quot;Por su forma es ideal para llevar a cabo acciones r\u00e1pidas y de largo alcance. Adem\u00e1s, puede desplazarse en el hielo.&quot;,&quot;link_text&quot;:&quot;Lee M\u00e1s&quot;,&quot;link_url&quot;:&quot;https:\/\/www.greenpeace.org\/peru\/nuestros-barcos\/esperanza\/&quot;,&quot;link_url_new_tab&quot;:false,&quot;image_url&quot;:&quot;https:\/\/www.greenpeace.org\/static\/planet4-peru-stateless\/2019\/09\/938c7dca-fff3ea20-gp01my7.jpg&quot;,&quot;image_srcset&quot;:&quot;https:\/\/www.greenpeace.org\/static\/planet4-peru-stateless\/2019\/09\/938c7dca-fff3ea20-gp01my7-150x150.jpg 150w,https:\/\/www.greenpeace.org\/static\/planet4-peru-stateless\/2019\/09\/938c7dca-fff3ea20-gp01my7-300x200.jpg 300w,https:\/\/www.greenpeace.org\/static\/planet4-peru-stateless\/2019\/09\/938c7dca-fff3ea20-gp01my7-768x512.jpg 768w,https:\/\/www.greenpeace.org\/static\/planet4-peru-stateless\/2019\/09\/938c7dca-fff3ea20-gp01my7-1024x683.jpg 1024w,https:\/\/www.greenpeace.org\/static\/planet4-peru-stateless\/2019\/09\/938c7dca-fff3ea20-gp01my7-510x340.jpg 510w,https:\/\/www.greenpeace.org\/static\/planet4-peru-stateless\/2019\/09\/938c7dca-fff3ea20-gp01my7.jpg 1200w&quot;,&quot;image_alt&quot;:&quot;&quot;},{&quot;image&quot;:622,&quot;focal_points&quot;:{&quot;x&quot;:0,&quot;y&quot;:0},&quot;header&quot;:&quot;Arctic Sunrise&quot;,&quot;subheader&quot;:&quot;El rompehielos&quot;,&quot;description&quot;:&quot;Sus misiones se desarrollan especialmente en las regiones polares.&quot;,&quot;link_text&quot;:&quot;Lee M\u00e1s&quot;,&quot;link_url&quot;:&quot;https:\/\/www.greenpeace.org\/peru\/nuestros-barcos\/arctic-sunrise\/&quot;,&quot;link_url_new_tab&quot;:false,&quot;image_url&quot;:&quot;https:\/\/www.greenpeace.org\/static\/planet4-peru-stateless\/2019\/09\/0cb4f740-58cab332-gp01mym.jpg&quot;,&quot;image_srcset&quot;:&quot;https:\/\/www.greenpeace.org\/static\/planet4-peru-stateless\/2019\/09\/0cb4f740-58cab332-gp01mym-150x150.jpg 150w,https:\/\/www.greenpeace.org\/static\/planet4-peru-stateless\/2019\/09\/0cb4f740-58cab332-gp01mym-300x200.jpg 300w,https:\/\/www.greenpeace.org\/static\/planet4-peru-stateless\/2019\/09\/0cb4f740-58cab332-gp01mym-768x512.jpg 768w,https:\/\/www.greenpeace.org\/static\/planet4-peru-stateless\/2019\/09\/0cb4f740-58cab332-gp01mym-1024x683.jpg 1024w,https:\/\/www.greenpeace.org\/static\/planet4-peru-stateless\/2019\/09\/0cb4f740-58cab332-gp01mym-510x340.jpg 510w,https:\/\/www.greenpeace.org\/static\/planet4-peru-stateless\/2019\/09\/0cb4f740-58cab332-gp01mym.jpg 1200w&quot;,&quot;image_alt&quot;:&quot;&quot;}]}\" data-reactroot=\"\"><section class=\"block block-header block-wide carousel-header \"><div class=\"carousel-wrapper-header\"><div class=\"carousel-inner\" role=\"listbox\"><div class=\"carousel-item active\"><div class=\"carousel-item-mask\"><div class=\"background-holder\"><img decoding=\"async\" src=\"https:\/\/www.greenpeace.org\/static\/planet4-peru-stateless\/2019\/09\/9e7da820-8b72e38c-gp03anw.jpg\" style=\"object-position:0% 0%\" srcSet=\"https:\/\/www.greenpeace.org\/static\/planet4-peru-stateless\/2019\/09\/9e7da820-8b72e38c-gp03anw-150x150.jpg 150w,https:\/\/www.greenpeace.org\/static\/planet4-peru-stateless\/2019\/09\/9e7da820-8b72e38c-gp03anw-300x200.jpg 300w,https:\/\/www.greenpeace.org\/static\/planet4-peru-stateless\/2019\/09\/9e7da820-8b72e38c-gp03anw-768x511.jpg 768w,https:\/\/www.greenpeace.org\/static\/planet4-peru-stateless\/2019\/09\/9e7da820-8b72e38c-gp03anw-1024x682.jpg 1024w,https:\/\/www.greenpeace.org\/static\/planet4-peru-stateless\/2019\/09\/9e7da820-8b72e38c-gp03anw-510x340.jpg 510w,https:\/\/www.greenpeace.org\/static\/planet4-peru-stateless\/2019\/09\/9e7da820-8b72e38c-gp03anw.jpg 1199w\" alt=\"\"\/><\/div><div class=\"carousel-caption\"><div class=\"caption-overlay\"><\/div><div class=\"container main-header\"><div class=\"carousel-captions-wrapper\"><h1>Rainbow Warrior<\/h1><p>El Rainbow Warrior III es el barco m\u00e1s nuevo de la organizaci\u00f3n y el primero construido especialmente para Greenpeace.<\/p><\/div><div class=\"col-xs-12 col-sm-8 col-md-4 action-button\"><a href=\"https:\/\/www.greenpeace.org\/peru\/rainbow-warrior\/\" target=\"_self\" class=\"btn btn-primary btn-block\" data-ga-category=\"Carousel Header\" data-ga-action=\"Call to Action\" rel=\"noopener noreferrer\"><span>Lee M\u00e1s<\/span><\/a><\/div><\/div><\/div><\/div><\/div><div class=\"carousel-item \"><div class=\"carousel-item-mask\"><div class=\"background-holder\"><img decoding=\"async\" src=\"https:\/\/www.greenpeace.org\/static\/planet4-peru-stateless\/2019\/09\/9e7da820-8b72e38c-gp03anw.jpg\" style=\"object-position:0% 0%\" srcSet=\"https:\/\/www.greenpeace.org\/static\/planet4-peru-stateless\/2019\/09\/9e7da820-8b72e38c-gp03anw-150x150.jpg 150w,https:\/\/www.greenpeace.org\/static\/planet4-peru-stateless\/2019\/09\/9e7da820-8b72e38c-gp03anw-300x200.jpg 300w,https:\/\/www.greenpeace.org\/static\/planet4-peru-stateless\/2019\/09\/9e7da820-8b72e38c-gp03anw-768x511.jpg 768w,https:\/\/www.greenpeace.org\/static\/planet4-peru-stateless\/2019\/09\/9e7da820-8b72e38c-gp03anw-1024x682.jpg 1024w,https:\/\/www.greenpeace.org\/static\/planet4-peru-stateless\/2019\/09\/9e7da820-8b72e38c-gp03anw-510x340.jpg 510w,https:\/\/www.greenpeace.org\/static\/planet4-peru-stateless\/2019\/09\/9e7da820-8b72e38c-gp03anw.jpg 1199w\" alt=\"\"\/><\/div><div class=\"carousel-caption\"><div class=\"caption-overlay\"><\/div><div class=\"container main-header\"><div class=\"carousel-captions-wrapper\"><h1>Esperanza<\/h1><p>Por su forma es ideal para llevar a cabo acciones r\u00e1pidas y de largo alcance. Adem\u00e1s, puede desplazarse en el hielo.<\/p><\/div><div class=\"col-xs-12 col-sm-8 col-md-4 action-button\"><a href=\"https:\/\/www.greenpeace.org\/peru\/nuestros-barcos\/esperanza\/\" target=\"_self\" class=\"btn btn-primary btn-block\" data-ga-category=\"Carousel Header\" data-ga-action=\"Call to Action\" rel=\"noopener noreferrer\"><span>Lee M\u00e1s<\/span><\/a><\/div><\/div><\/div><\/div><\/div><div class=\"carousel-item \"><div class=\"carousel-item-mask\"><div class=\"background-holder\"><img decoding=\"async\" src=\"https:\/\/www.greenpeace.org\/static\/planet4-peru-stateless\/2019\/09\/9e7da820-8b72e38c-gp03anw.jpg\" style=\"object-position:0% 0%\" srcSet=\"https:\/\/www.greenpeace.org\/static\/planet4-peru-stateless\/2019\/09\/9e7da820-8b72e38c-gp03anw-150x150.jpg 150w,https:\/\/www.greenpeace.org\/static\/planet4-peru-stateless\/2019\/09\/9e7da820-8b72e38c-gp03anw-300x200.jpg 300w,https:\/\/www.greenpeace.org\/static\/planet4-peru-stateless\/2019\/09\/9e7da820-8b72e38c-gp03anw-768x511.jpg 768w,https:\/\/www.greenpeace.org\/static\/planet4-peru-stateless\/2019\/09\/9e7da820-8b72e38c-gp03anw-1024x682.jpg 1024w,https:\/\/www.greenpeace.org\/static\/planet4-peru-stateless\/2019\/09\/9e7da820-8b72e38c-gp03anw-510x340.jpg 510w,https:\/\/www.greenpeace.org\/static\/planet4-peru-stateless\/2019\/09\/9e7da820-8b72e38c-gp03anw.jpg 1199w\" alt=\"\"\/><\/div><div class=\"carousel-caption\"><div class=\"caption-overlay\"><\/div><div class=\"container main-header\"><div class=\"carousel-captions-wrapper\"><h1>Arctic Sunrise<\/h1><p>Sus misiones se desarrollan especialmente en las regiones polares.<\/p><\/div><div class=\"col-xs-12 col-sm-8 col-md-4 action-button\"><a href=\"https:\/\/www.greenpeace.org\/peru\/nuestros-barcos\/arctic-sunrise\/\" target=\"_self\" class=\"btn btn-primary btn-block\" data-ga-category=\"Carousel Header\" data-ga-action=\"Call to Action\" rel=\"noopener noreferrer\"><span>Lee M\u00e1s<\/span><\/a><\/div><\/div><\/div><\/div><\/div><button class=\"carousel-control-prev\" role=\"button\"><span class=\"carousel-control-prev-icon\" aria-hidden=\"true\"><i><\/i><\/span><span class=\"visually-hidden\">Previous<\/span><\/button><button class=\"carousel-control-next\" role=\"button\"><span class=\"carousel-control-next-icon\" aria-hidden=\"true\"><i><\/i><\/span><span class=\"visually-hidden\">Next<\/span><\/button><div class=\"carousel-indicators-wrapper\"><div class=\"container\"><div class=\"row\"><div class=\"col\"><ol class=\"carousel-indicators\"><li class=\"active\"><\/li><li class=\"\"><\/li><li class=\"\"><\/li><\/ol><\/div><\/div><\/div><\/div><\/div><\/div><\/section><\/div><\/div>\n<p><strong>Algunas acciones de Greenpeace desde el agua:<\/strong><\/p>\n<p><strong>1971<\/strong><\/p>\n<p>El primer barco de Greenpeace, el Phyllis Cormak, zarpa camino a Amchitka, Alaska, para protestar contra las pruebas nucleares en la isla. Esta acci\u00f3n marca el nacimiento de Greenpeace.<\/p>\n<p><strong>1975<\/strong><\/p>\n<p>El primer gom\u00f3n de Greenpeace se interpone entre los arpones sovi\u00e9ticos y las ballenas y da inicio a un movimiento global contra la cacer\u00eda.<\/p>\n<p><strong>1981<\/strong><\/p>\n<p>Un activista de Greenpeace se encadena al arp\u00f3n de un barco japon\u00e9s y lo obliga a regresar a puerto. Primera victoria legal sobre la caza de ballenas.<\/p>\n<p><strong>1985<\/strong><\/p>\n<p>Los servicios secretos franceses hunden el Rainbow Warrior que se encontraba en Mururoa, en la Polinesia francesa, protestando contra las pruebas nucleares.<\/p>\n<p><strong>1989<\/strong><\/p>\n<p>El Rainbow Warrior II comienza a recorrer los oc\u00e9anos del mundo.<\/p>\n<p><strong>1992<\/strong><\/p>\n<p>El Rainbow Warrior participa en una protesta en contra de la Central Nuclear de Atucha, en la provincia de Buenos Aires, Argentina.<\/p>\n<p><strong>1995<\/strong><\/p>\n<p>El Arctic Sunrise se suma a la flota de barcos de Greenpeace.<\/p>\n<p><strong>1995<\/strong><\/p>\n<p>Activistas de Greenpeace ocupan la plataforma petrolera Brent Spar de la empresa Shell, en el Mar del Norte para evitar que sea desguazada.<\/p>\n<p><strong>1999<\/strong><\/p>\n<p>En el marco de la campa\u00f1a contra la sobrepesca de merluza, tres activistas de Greenpeace Argentina interceptaron al pesquero API II en el muelle de Puerto Madryn, en la Patagonia argentina.<\/p>\n<p><strong>2002<\/strong><\/p>\n<p>El Esperanza comienza a recorrer los mares del mundo como integrante de la flota de Greenpeace.<\/p>\n<p><strong>2006<\/strong><\/p>\n<p>El Arctic Sunrise se suma a las protestas en contra de la instalaci\u00f3n de las papeleras en Fray Bentos, Uruguay.<\/p>\n<p><strong>2006<\/strong><\/p>\n<p>En el Santuario Ballenero Austral, el Esperanza se interpone entre los buques factor\u00eda japoneses y las ballenas.<\/p>\n<p><strong>2009<\/strong><\/p>\n<p>En el marco de la campa\u00f1a para sanear el Riachuelo, uno de los r\u00edos mas contaminados del mundo, el Arctic Sunrise visita Buenos Aires, Argentina, y participa de nuestras acciones.<\/p>\n<p>&nbsp;<\/p>\n","protected":false},"excerpt":{"rendered":"<p>Algunas acciones de Greenpeace desde el agua: 1971 El primer barco de Greenpeace, el Phyllis Cormak, zarpa camino a Amchitka, Alaska, para protestar contra las pruebas nucleares en la isla. Esta acci\u00f3n marca el nacimiento de Greenpeace. 1975 El primer gom\u00f3n de Greenpeace se interpone entre los arpones sovi\u00e9ticos y las ballenas y da inicio [&hellip;]<\/p>\n","protected":false},"author":27,"featured_media":0,"parent":0,"menu_order":0,"comment_status":"closed","ping_status":"closed","template":"","meta":{"ep_exclude_from_search":false,"p4_hide_page_title_checkbox":"on","p4_title":"","p4_subtitle":"","p4_description":"","background_image_id":"","background_image":"","p4_button_title":"","p4_button_link":"","p4_button_link_checkbox":"","p4_og_title":"","p4_og_description":"","p4_og_image":"","p4_og_image_id":"","p4_seo_canonical_url":"","p4_campaign_name":"not set","p4_local_project":"not set","p4_basket_name":"not set","p4_department":"","footnotes":""},"categories":[],"tags":[],"class_list":["post-606","page","type-page","status-publish","hentry"],"_links":{"self":[{"href":"https:\/\/www.greenpeace.org\/peru\/wp-json\/wp\/v2\/pages\/606","targetHints":{"allow":["GET"]}}],"collection":[{"href":"https:\/\/www.greenpeace.org\/peru\/wp-json\/wp\/v2\/pages"}],"about":[{"href":"https:\/\/www.greenpeace.org\/peru\/wp-json\/wp\/v2\/types\/page"}],"author":[{"embeddable":true,"href":"https:\/\/www.greenpeace.org\/peru\/wp-json\/wp\/v2\/users\/27"}],"replies":[{"embeddable":true,"href":"https:\/\/www.greenpeace.org\/peru\/wp-json\/wp\/v2\/comments?post=606"}],"version-history":[{"count":13,"href":"https:\/\/www.greenpeace.org\/peru\/wp-json\/wp\/v2\/pages\/606\/revisions"}],"predecessor-version":[{"id":789,"href":"https:\/\/www.greenpeace.org\/peru\/wp-json\/wp\/v2\/pages\/606\/revisions\/789"}],"wp:attachment":[{"href":"https:\/\/www.greenpeace.org\/peru\/wp-json\/wp\/v2\/media?parent=606"}],"wp:term":[{"taxonomy":"category","embeddable":true,"href":"https:\/\/www.greenpeace.org\/peru\/wp-json\/wp\/v2\/categories?post=606"},{"taxonomy":"post_tag","embeddable":true,"href":"https:\/\/www.greenpeace.org\/peru\/wp-json\/wp\/v2\/tags?post=606"}],"curies":[{"name":"wp","href":"https:\/\/api.w.org\/{rel}","templated":true}]}}