{"id":608,"date":"2019-09-16T16:06:36","date_gmt":"2019-09-16T16:06:36","guid":{"rendered":"https:\/\/master.k8s.p4.greenpeace.org\/peru\/?page_id=608"},"modified":"2025-06-23T06:28:52","modified_gmt":"2025-06-23T09:28:52","slug":"rainbow-warrior","status":"publish","type":"page","link":"https:\/\/www.greenpeace.org\/peru\/nuestros-barcos\/rainbow-warrior\/","title":{"rendered":"Rainbow Warrior"},"content":{"rendered":"\n                \n                <div class=\"wp-block-group alignfull is-layout-flow wp-block-group-is-layout-flow\">\n                \n                <div class=\"wp-block-group container is-layout-flow wp-block-group-is-layout-flow\">\n                \n                <div class=\"wp-block-media-text alignfull has-media-on-the-right is-stacked-on-mobile is-pattern-p4-page-header is-style-parallax\">\n\n                <div class=\"wp-block-media-text__content\">\n                    <div class=\"wp-block-group is-layout-flow wp-block-group-is-layout-flow\">\n                    \n                        <h1 class=\"wp-block-heading has-white-background-color has-background\">\n                            El Guerrero del Arcoiris\n                        <\/h1>\n                    <\/div>\n                \n\n                \n\n                \n\n                <\/div>\n                <figure class=\"wp-block-media-text__media\">\n                    <img loading=\"lazy\" decoding=\"async\" width=\"1199\" height=\"798\"\n                        src=\"https:\/\/www.greenpeace.org\/static\/planet4-peru-stateless\/2019\/09\/9e7da820-8b72e38c-gp03anw.jpg\"\n                        alt=\"\"\n                        sizes=\"auto, (min-width: 601px) 50vw, 100vw\" srcset=\"https:\/\/www.greenpeace.org\/static\/planet4-peru-stateless\/2019\/09\/9e7da820-8b72e38c-gp03anw.jpg 1199w, https:\/\/www.greenpeace.org\/static\/planet4-peru-stateless\/2019\/09\/9e7da820-8b72e38c-gp03anw-300x200.jpg 300w, https:\/\/www.greenpeace.org\/static\/planet4-peru-stateless\/2019\/09\/9e7da820-8b72e38c-gp03anw-768x511.jpg 768w, https:\/\/www.greenpeace.org\/static\/planet4-peru-stateless\/2019\/09\/9e7da820-8b72e38c-gp03anw-1024x682.jpg 1024w, https:\/\/www.greenpeace.org\/static\/planet4-peru-stateless\/2019\/09\/9e7da820-8b72e38c-gp03anw-510x340.jpg 510w\" class=\"wp-image-609 size-full\"\n                    \/>\n                <\/figure>\n                <\/div>\n                \n                <\/div>\n                \n                <\/div>\n                \n                <p dir=\"ltr\">El Rainbow Warrior III\u00a0<strong>se sum\u00f3 a nuestra flota de barcos en 2011<\/strong>, como sucesor de dos embarcaciones anteriores que llevaban el mismo nombre (Rainbow Warrior y Rainbow Warrior II).\u00a0 Fue bautizado el d\u00eda 14 de octubre\u00a0de 2011 , con motivo de la celebraci\u00f3n de los\u00a040 a\u00f1os de Greenpeace\u00a0\u00a0y <strong>toda la financiaci\u00f3n para la construcci\u00f3n del buque provino de donaciones privadas.<\/strong> En Greenpeace no solicitamos ni aceptamos fondos provenientes de empresas o partidos pol\u00edticos.<\/p>\n<p dir=\"ltr\">Luego de que la vida del Rainbow Warrior II llegara a su fin, en Greenpeace consideramos necesario contar con un reemplazante para asumir el reto que significa trabajar con \u00a0las campa\u00f1as actuales y tomar medidas dr\u00e1sticas para proteger el planeta. Fue as\u00ed como naci\u00f3 el nuevo buque Rainbow Warrior, que <strong>fue\u00a0construido con los m\u00e1s altos est\u00e1ndares ambientales.<\/strong><\/p>\n<p dir=\"ltr\">Se trata de un buque velero que cuenta con una completa gama de equipos de seguridad y herramientas de acci\u00f3n, entre ellos cuatro embarcaciones inflables y las instalaciones para un helic\u00f3ptero, a la vez que proporciona alojamiento y una plataforma de comunicaci\u00f3n con la \u00faltima tecnolog\u00eda.<\/p>\n<p dir=\"ltr\"><strong>El Rainbow Warrrior fue construido principalmente para navegaci\u00f3n (utilizando energ\u00eda e\u00f3lica en lugar de combustibles f\u00f3siles)<\/strong>, con la opci\u00f3n de que en condiciones clim\u00e1ticas inadecuadas pueda cambiar al motor de potencia de propulsi\u00f3n diesel-el\u00e9ctrica.<\/p>\n<p dir=\"ltr\">A estas condiciones se suman las siguientes caracter\u00edsticas: la forma del casco ha sido dise\u00f1ada para maximizar la eficiencia energ\u00e9tica, cuenta con un m\u00e1stil y velas con armaz\u00f3n en forma de A lo que permite optimizar la navegaci\u00f3n, puede realizar el tratamiento biol\u00f3gico de aguas residuales y aguas grises, tiene una central de ventilaci\u00f3n y sistema de llenado de combustible y aceites para evitar derrames y su pintura es no contaminante.<\/p>\n<p>&nbsp;<\/p>\n","protected":false},"excerpt":{"rendered":"<p>El Rainbow Warrior III\u00a0se sum\u00f3 a nuestra flota de barcos en 2011, como sucesor de dos embarcaciones anteriores que llevaban el mismo nombre (Rainbow Warrior y Rainbow Warrior II).\u00a0 Fue bautizado el d\u00eda 14 de octubre\u00a0de 2011 , con motivo de la celebraci\u00f3n de los\u00a040 a\u00f1os de Greenpeace\u00a0\u00a0y toda la financiaci\u00f3n para la construcci\u00f3n del [&hellip;]<\/p>\n","protected":false},"author":27,"featured_media":0,"parent":606,"menu_order":0,"comment_status":"closed","ping_status":"closed","template":"","meta":{"ep_exclude_from_search":false,"p4_hide_page_title_checkbox":"on","p4_title":"","p4_subtitle":"","p4_description":"","background_image_id":"","background_image":"","p4_button_title":"","p4_button_link":"","p4_button_link_checkbox":"","p4_og_title":"","p4_og_description":"","p4_og_image":"","p4_og_image_id":"","p4_seo_canonical_url":"","p4_campaign_name":"not set","p4_local_project":"","p4_basket_name":"not set","p4_department":"","footnotes":""},"categories":[],"tags":[],"class_list":["post-608","page","type-page","status-publish","hentry"],"_links":{"self":[{"href":"https:\/\/www.greenpeace.org\/peru\/wp-json\/wp\/v2\/pages\/608","targetHints":{"allow":["GET"]}}],"collection":[{"href":"https:\/\/www.greenpeace.org\/peru\/wp-json\/wp\/v2\/pages"}],"about":[{"href":"https:\/\/www.greenpeace.org\/peru\/wp-json\/wp\/v2\/types\/page"}],"author":[{"embeddable":true,"href":"https:\/\/www.greenpeace.org\/peru\/wp-json\/wp\/v2\/users\/27"}],"replies":[{"embeddable":true,"href":"https:\/\/www.greenpeace.org\/peru\/wp-json\/wp\/v2\/comments?post=608"}],"version-history":[{"count":6,"href":"https:\/\/www.greenpeace.org\/peru\/wp-json\/wp\/v2\/pages\/608\/revisions"}],"predecessor-version":[{"id":788,"href":"https:\/\/www.greenpeace.org\/peru\/wp-json\/wp\/v2\/pages\/608\/revisions\/788"}],"up":[{"embeddable":true,"href":"https:\/\/www.greenpeace.org\/peru\/wp-json\/wp\/v2\/pages\/606"}],"wp:attachment":[{"href":"https:\/\/www.greenpeace.org\/peru\/wp-json\/wp\/v2\/media?parent=608"}],"wp:term":[{"taxonomy":"category","embeddable":true,"href":"https:\/\/www.greenpeace.org\/peru\/wp-json\/wp\/v2\/categories?post=608"},{"taxonomy":"post_tag","embeddable":true,"href":"https:\/\/www.greenpeace.org\/peru\/wp-json\/wp\/v2\/tags?post=608"}],"curies":[{"name":"wp","href":"https:\/\/api.w.org\/{rel}","templated":true}]}}