{"id":618,"date":"2019-09-16T16:17:33","date_gmt":"2019-09-16T16:17:33","guid":{"rendered":"https:\/\/master.k8s.p4.greenpeace.org\/peru\/?page_id=618"},"modified":"2025-06-23T06:28:51","modified_gmt":"2025-06-23T09:28:51","slug":"esperanza","status":"publish","type":"page","link":"https:\/\/www.greenpeace.org\/peru\/nuestros-barcos\/esperanza\/","title":{"rendered":"Esperanza"},"content":{"rendered":"\n                \n                <div class=\"wp-block-group alignfull is-layout-flow wp-block-group-is-layout-flow\">\n                \n                <div class=\"wp-block-group container is-layout-flow wp-block-group-is-layout-flow\">\n                \n                <div class=\"wp-block-media-text alignfull has-media-on-the-right is-stacked-on-mobile is-pattern-p4-page-header is-style-parallax\">\n\n                <div class=\"wp-block-media-text__content\">\n                    <div class=\"wp-block-group is-layout-flow wp-block-group-is-layout-flow\">\n                    \n                        <h1 class=\"wp-block-heading has-white-background-color has-background\">\n                            Esperanza\n                        <\/h1>\n                    <\/div>\n                \n\n                \n\n                \n\n                <\/div>\n                <figure class=\"wp-block-media-text__media\">\n                    <img loading=\"lazy\" decoding=\"async\" width=\"1200\" height=\"800\"\n                        src=\"https:\/\/www.greenpeace.org\/static\/planet4-peru-stateless\/2019\/09\/938c7dca-fff3ea20-gp01my7.jpg\"\n                        alt=\"\"\n                        sizes=\"auto, (min-width: 601px) 50vw, 100vw\" srcset=\"https:\/\/www.greenpeace.org\/static\/planet4-peru-stateless\/2019\/09\/938c7dca-fff3ea20-gp01my7.jpg 1200w, https:\/\/www.greenpeace.org\/static\/planet4-peru-stateless\/2019\/09\/938c7dca-fff3ea20-gp01my7-300x200.jpg 300w, https:\/\/www.greenpeace.org\/static\/planet4-peru-stateless\/2019\/09\/938c7dca-fff3ea20-gp01my7-768x512.jpg 768w, https:\/\/www.greenpeace.org\/static\/planet4-peru-stateless\/2019\/09\/938c7dca-fff3ea20-gp01my7-1024x683.jpg 1024w, https:\/\/www.greenpeace.org\/static\/planet4-peru-stateless\/2019\/09\/938c7dca-fff3ea20-gp01my7-510x340.jpg 510w\" class=\"wp-image-619 size-full\"\n                    \/>\n                <\/figure>\n                <\/div>\n                \n                <\/div>\n                \n                <\/div>\n                \n                <p class=\"normal\">El Esperanza<strong>\u00a0se sum\u00f3 a nuestra flota de nav\u00edos en 2002<\/strong>, como reemplazo del MV Greenpeace. Su nombre surgi\u00f3 de la votaci\u00f3n de los socios de Greenpeace.<\/p>\n<p>Fue construido en 1984, en Gdansk, Polonia, y usado por la Armada rusa como barco de bomberos.<\/p>\n<p>Debido a su tama\u00f1o y a la velocidad con la que se desplaza, es ideal para acciones r\u00e1pidas y de largo alcance. Adem\u00e1s, por su capacidad para navegar entre el hielo puede trabajar en regiones polares.<\/p>\n<p>El barco fue<strong>\u00a0reconvertido en un buque respetuoso con el medioambiente. <\/strong>Entre estas mejoras, se encuentran las siguientes: la adecuaci\u00f3n del sistema carburante para evitar derrames al mar, propulsi\u00f3n diesel el\u00e9ctrica, reciclaje de aguas residuales que permite que s\u00f3lo el agua limpia sea tirada fuera de borda, sistema de calefacci\u00f3n a partir del aprovechamiento de residuos, casco libre de pintura contaminante, refrigeraci\u00f3n y aire acondicionado en base a amon\u00edaco que no contribuye al cambio clim\u00e1tico ni afecta la capa de ozono.<\/p>\n<p>La primera campa\u00f1a en la que intervino el Esperanza fue la de Bosques, durante 2002, alertando sobre la deforestaci\u00f3n. En ese mismo a\u00f1o, atrac\u00f3 en Johannesburgo, Sud\u00e1frica,\u00a0 durante la\u00a0<strong>Cumbre de la Tierra<\/strong>, para exigir a los pa\u00edses participantes que adopten serias medidas de protecci\u00f3n del medio ambiente.<\/p>\n<p class=\"normal\"><strong>Algunas haza\u00f1as del Esperanza y su tripulaci\u00f3n<\/strong><\/p>\n<p class=\"normal\">Con una tripulaci\u00f3n conformada por marineros de todo el mundo, el Esperanza fue clave durante 2005 y 2007 para la\u00a0<strong>defensa de las ballenas amenazadas por la flota japonesa en el oc\u00e9ano Ant\u00e1rtico.<\/strong>\u00a0En 2009 naveg\u00f3 el Pac\u00edfico para documentar pr\u00e1cticas de\u00a0<strong>pesca ilegal<\/strong>\u00a0y particip\u00f3 de giras de\u00a0<strong>promoci\u00f3n de energ\u00edas renovables<\/strong>\u00a0durante las que fue parte de acciones contra centrales el\u00e9ctricas de carb\u00f3n que atentan contra el clima.<\/p>\n<p class=\"normal\">En el verano de 2010 se involucr\u00f3 en la campa\u00f1a \u201c\u00c1rtico bajo presi\u00f3n\u201d con el objetivo de investigar algunas de las amenazas que sufre este fr\u00e1gil ecosistema del Polo Norte, y posteriormente lleg\u00f3 a Groenlandia, donde la compa\u00f1\u00eda Cairn Energy se encontraba perforando en busca de petr\u00f3leo. Durante dos meses\u00a0<strong>el Esperanza fue una herramienta fundamental por su posibilidad de avanzar sobre las pesadas masas de hielo<\/strong>, lo que lo convierte en un aliado clave para penetrar en sitios a los que barcos convencionales no tienen acceso.<\/p>\n<p class=\"normal\">Ese mismo a\u00f1o Greenpeace puso el barco a disposici\u00f3n de la organizaci\u00f3n internacional\u00a0<strong>M\u00e9dicos Sin Fronteras<\/strong>\u00a0para ayudar a\u00a0<b>Hait\u00ed tras el terremoto que sufri\u00f3 la poblaci\u00f3n del pa\u00eds.<\/b>\u00a0El buque fue utilizado para trasladar suministros tales como mantas, baldes y jab\u00f3n.<\/p>\n<p class=\"normal\">En 2016, el Esperanza pas\u00f3 por Chile para defender los glaciares. Son las principales reservas de agua con las que cuenta el pa\u00eds y se encuentran amenazados por la miner\u00eda. Tambi\u00e9n visit\u00f3 Argentina para alertar sobre la emergencia forestal del pa\u00eds.<\/p>\n<p class=\"normal\">Durante el mismo a\u00f1o, visit\u00f3 Argentina para alertar sobre la emergencia forestal del pa\u00eds.<\/p>\n<p>En 2017, el Esperanza lleg\u00f3 a Brasil para documentar el arrecife del Amazonas, un sistema de 9.500 km2 de corales y esponjas. Gracias a esta expedici\u00f3n se capturaron las primeras im\u00e1genes submarinas del ecosistema.<\/p>\n","protected":false},"excerpt":{"rendered":"<p>El Esperanza\u00a0se sum\u00f3 a nuestra flota de nav\u00edos en 2002, como reemplazo del MV Greenpeace. Su nombre surgi\u00f3 de la votaci\u00f3n de los socios de Greenpeace. Fue construido en 1984, en Gdansk, Polonia, y usado por la Armada rusa como barco de bomberos. Debido a su tama\u00f1o y a la velocidad con la que se [&hellip;]<\/p>\n","protected":false},"author":27,"featured_media":0,"parent":606,"menu_order":0,"comment_status":"closed","ping_status":"closed","template":"","meta":{"ep_exclude_from_search":false,"p4_hide_page_title_checkbox":"on","p4_title":"","p4_subtitle":"","p4_description":"","background_image_id":"","background_image":"","p4_button_title":"","p4_button_link":"","p4_button_link_checkbox":"","p4_og_title":"","p4_og_description":"","p4_og_image":"","p4_og_image_id":"","p4_seo_canonical_url":"","p4_campaign_name":"not set","p4_local_project":"","p4_basket_name":"not set","p4_department":"","footnotes":""},"categories":[],"tags":[],"class_list":["post-618","page","type-page","status-publish","hentry"],"_links":{"self":[{"href":"https:\/\/www.greenpeace.org\/peru\/wp-json\/wp\/v2\/pages\/618","targetHints":{"allow":["GET"]}}],"collection":[{"href":"https:\/\/www.greenpeace.org\/peru\/wp-json\/wp\/v2\/pages"}],"about":[{"href":"https:\/\/www.greenpeace.org\/peru\/wp-json\/wp\/v2\/types\/page"}],"author":[{"embeddable":true,"href":"https:\/\/www.greenpeace.org\/peru\/wp-json\/wp\/v2\/users\/27"}],"replies":[{"embeddable":true,"href":"https:\/\/www.greenpeace.org\/peru\/wp-json\/wp\/v2\/comments?post=618"}],"version-history":[{"count":3,"href":"https:\/\/www.greenpeace.org\/peru\/wp-json\/wp\/v2\/pages\/618\/revisions"}],"predecessor-version":[{"id":787,"href":"https:\/\/www.greenpeace.org\/peru\/wp-json\/wp\/v2\/pages\/618\/revisions\/787"}],"up":[{"embeddable":true,"href":"https:\/\/www.greenpeace.org\/peru\/wp-json\/wp\/v2\/pages\/606"}],"wp:attachment":[{"href":"https:\/\/www.greenpeace.org\/peru\/wp-json\/wp\/v2\/media?parent=618"}],"wp:term":[{"taxonomy":"category","embeddable":true,"href":"https:\/\/www.greenpeace.org\/peru\/wp-json\/wp\/v2\/categories?post=618"},{"taxonomy":"post_tag","embeddable":true,"href":"https:\/\/www.greenpeace.org\/peru\/wp-json\/wp\/v2\/tags?post=618"}],"curies":[{"name":"wp","href":"https:\/\/api.w.org\/{rel}","templated":true}]}}