{"id":630,"date":"2019-09-18T14:01:51","date_gmt":"2019-09-18T14:01:51","guid":{"rendered":"https:\/\/master.k8s.p4.greenpeace.org\/peru\/?page_id=630"},"modified":"2024-03-26T08:43:36","modified_gmt":"2024-03-26T11:43:36","slug":"clima-y-energia","status":"publish","type":"page","link":"https:\/\/www.greenpeace.org\/peru\/act\/clima-y-energia\/","title":{"rendered":"Clima y Energ\u00eda"},"content":{"rendered":"\n                    <div class=\"wp-block-group is-vertical is-layout-flex wp-container-core-group-is-layout-8cf370e7 wp-block-group-is-layout-flex\">\n                    \n                                <p>El derretimiento de las capas de hielo y los glaciares est\u00e1n subiendo el nivel del mar y poniendo a millones de personas en riesgo. Las olas de calor, las sequ\u00edas y las inundaciones son cada vez m\u00e1s fuertes.\u00a0Las zonas des\u00e9rticas avanzan. Y se est\u00e1 incrementando la frecuencia e intensidad de los huracanes y las tormentas.<\/p>\n                            \n\n                    \n                    <\/div>\n                    <p>                <span style=\"font-weight: 400;\">Todas estas situaciones tienen algo en com\u00fan: son producto del cambio clim\u00e1tico generado, principalmente, por la quema de combustibles f\u00f3siles\u00a0como el carb\u00f3n, el petr\u00f3leo y el gas.<\/span><\/p>\n<p><span style=\"font-weight: 400;\">El cambio clim\u00e1tico es el mayor desaf\u00edo que enfrenta la humanidad en el siglo XXI. El Foro Econ\u00f3mico Mundial reconoci\u00f3 sus impactos como la principal amenaza a la econom\u00eda global en 2018 y 2019. <\/span><\/p>\n<p><span style=\"font-weight: 400;\">\u00bfQu\u00e9 se est\u00e1 haciendo para evitarlo?<\/span><\/p>\n<p><span style=\"font-weight: 400;\">\u2022 En 2015, en el marco de la Convenci\u00f3n de Naciones Unidas sobre Cambio Clim\u00e1tico, la comunidad internacional acord\u00f3 limitar el aumento de temperatura por debajo de los 2\u00b0C en relaci\u00f3n con la era preindustrial, y hacer todos los esfuerzos para que no supere 1,5\u00b0C. El grupo de cient\u00edficos clim\u00e1ticos de Naciones Unidas (IPCC) demostr\u00f3 que este \u00faltimo es el l\u00edmite aceptable para evitar impactos catastr\u00f3ficos que cambiar\u00edan el mundo que conocemos.<\/span><\/p>\n<p><span style=\"font-weight: 400;\">\u2022 Para que la temperatura no sobrepase los 1,5\u00b0C es necesario reducir las emisiones de gases de efecto invernadero a la mitad en la pr\u00f3xima d\u00e9cada y llegar a cero para 2050. Y esto requiere acciones radicales y urgentes para disminuir dr\u00e1sticamente el uso del carb\u00f3n, el petr\u00f3leo y el gas, mientras se potencia el desarrollo de fuentes limpias y renovables como la e\u00f3lica y la solar.<br \/>\n<\/span><\/p>\n<p><span style=\"font-weight: 400;\">\u2022 Sin embargo, seg\u00fan un informe de las Naciones Unidas, el esfuerzo de todos los pa\u00edses a\u00fan debe multiplicarse por cinco en forma inmediata para limitar el aumento de la temperatura. Si no cerramos la brecha entre la reducci\u00f3n de emisiones que los pa\u00edses proponen y la que es necesaria para estar alineado con 1,5\u00b0C de aumento de temperatura. en la pr\u00f3xima d\u00e9cada nos enfrentaremos a un clima global desconocido y catastr\u00f3fico. La acci\u00f3n por el clima debe darse ahora: desde la transici\u00f3n de f\u00f3siles a energ\u00edas renovables y el freno a la deforestaci\u00f3n, hasta la creaci\u00f3n de medidas financieras que acompa\u00f1en a la lucha contra el cambio clim\u00e1tico.<\/span><\/p>\n<p>&nbsp;<\/p>\n<h3><strong>Nuestra visi\u00f3n<\/strong><\/h3>\n<p>En Greenpeace buscamos un cambio de modelo: reemplazar las fuentes de energ\u00eda sucias (petr\u00f3leo, gas y carb\u00f3n) por energ\u00edas renovables (solar, e\u00f3lica, etc.). Adem\u00e1s, promovemos el ahorro y la eficiencia energ\u00e9tica.<\/p>\n<p>&nbsp;<\/p>\n<h3><b>\u00bfQu\u00e9 proponemos?<\/b><\/h3>\n<p><span style=\"font-weight: 400;\">\u2022 Que los gobiernos asuman pol\u00edticas clim\u00e1ticas y energ\u00e9ticas que mantengan el aumento de la temperatura por debajo de 1,5\u00baC.<\/span><\/p>\n<p><span style=\"font-weight: 400;\">\u2022 Abandonar el carb\u00f3n en 2030, y el petr\u00f3leo y el gas para mitad de siglo XXI para poder lograr un sector energ\u00e9tico libre de emisiones de gases de efecto invernadero. <\/span><\/p>\n<p><span style=\"font-weight: 400;\">\u2022 Acelerar el despegue de las energ\u00edas renovables y la eficiencia energ\u00e9tica.<\/span><\/p>\n<p><span style=\"font-weight: 400;\">\u2022 Promover la movilidad sustentable, el\u00e9ctrica y eficiente. Potenciar el transporte p\u00fablico para reducir el uso del autom\u00f3vil privado. <\/span><\/p>\n<p><span style=\"font-weight: 400;\">\u2022 Dejar de invertir en soluciones falsas como la industria nuclear y redirigir las inversiones al desarrollo de las energ\u00edas renovables y a garantizar una transici\u00f3n justa para los trabajadores de la industria f\u00f3sil.<\/span><\/p>\n<p><span style=\"font-weight: 400;\">\u2022 Frenar la destrucci\u00f3n de bosques con el objetivo de llegar a deforestaci\u00f3n cero.<\/span><\/p>\n","protected":false},"excerpt":{"rendered":"<p>El derretimiento de las capas de hielo y los glaciares est\u00e1n subiendo el nivel del mar y poniendo a millones de personas en riesgo. Las olas de calor, las sequ\u00edas y las inundaciones son cada vez m\u00e1s fuertes.\u00a0Las zonas des\u00e9rticas avanzan. Y se est\u00e1 incrementando la frecuencia e intensidad de los huracanes y las tormentas. [&hellip;]<\/p>\n","protected":false},"author":27,"featured_media":61,"parent":9,"menu_order":0,"comment_status":"closed","ping_status":"closed","template":"","meta":{"ep_exclude_from_search":false,"p4_hide_page_title_checkbox":"","p4_title":"","p4_subtitle":"","p4_description":"","background_image_id":"","background_image":"","p4_button_title":"","p4_button_link":"","p4_button_link_checkbox":"","p4_og_title":"","p4_og_description":"","p4_og_image":"","p4_og_image_id":"","p4_seo_canonical_url":"","p4_campaign_name":"not set","p4_local_project":"","p4_basket_name":"not set","p4_department":"","footnotes":""},"categories":[],"tags":[],"class_list":["post-630","page","type-page","status-publish","has-post-thumbnail","hentry"],"_links":{"self":[{"href":"https:\/\/www.greenpeace.org\/peru\/wp-json\/wp\/v2\/pages\/630","targetHints":{"allow":["GET"]}}],"collection":[{"href":"https:\/\/www.greenpeace.org\/peru\/wp-json\/wp\/v2\/pages"}],"about":[{"href":"https:\/\/www.greenpeace.org\/peru\/wp-json\/wp\/v2\/types\/page"}],"author":[{"embeddable":true,"href":"https:\/\/www.greenpeace.org\/peru\/wp-json\/wp\/v2\/users\/27"}],"replies":[{"embeddable":true,"href":"https:\/\/www.greenpeace.org\/peru\/wp-json\/wp\/v2\/comments?post=630"}],"version-history":[{"count":2,"href":"https:\/\/www.greenpeace.org\/peru\/wp-json\/wp\/v2\/pages\/630\/revisions"}],"predecessor-version":[{"id":748,"href":"https:\/\/www.greenpeace.org\/peru\/wp-json\/wp\/v2\/pages\/630\/revisions\/748"}],"up":[{"embeddable":true,"href":"https:\/\/www.greenpeace.org\/peru\/wp-json\/wp\/v2\/pages\/9"}],"wp:featuredmedia":[{"embeddable":true,"href":"https:\/\/www.greenpeace.org\/peru\/wp-json\/wp\/v2\/media\/61"}],"wp:attachment":[{"href":"https:\/\/www.greenpeace.org\/peru\/wp-json\/wp\/v2\/media?parent=630"}],"wp:term":[{"taxonomy":"category","embeddable":true,"href":"https:\/\/www.greenpeace.org\/peru\/wp-json\/wp\/v2\/categories?post=630"},{"taxonomy":"post_tag","embeddable":true,"href":"https:\/\/www.greenpeace.org\/peru\/wp-json\/wp\/v2\/tags?post=630"}],"curies":[{"name":"wp","href":"https:\/\/api.w.org\/{rel}","templated":true}]}}