{"id":632,"date":"2019-09-18T14:06:04","date_gmt":"2019-09-18T14:06:04","guid":{"rendered":"https:\/\/master.k8s.p4.greenpeace.org\/peru\/?page_id=632"},"modified":"2024-03-26T08:43:35","modified_gmt":"2024-03-26T11:43:35","slug":"oceanos","status":"publish","type":"page","link":"https:\/\/www.greenpeace.org\/peru\/oceanos\/","title":{"rendered":"Oc\u00e9anos"},"content":{"rendered":"\n                    <div class=\"wp-block-group is-vertical is-layout-flex wp-container-core-group-is-layout-8cf370e7 wp-block-group-is-layout-flex\">\n                    \n\n                    \n                    <\/div>\n                    <p>                Sin los oc\u00e9anos no habr\u00eda vida en la Tierra, es as\u00ed de simple. A pesar de esto, est\u00e1n cada vez m\u00e1s amenazados por los impactos de la actividad humana y el cambio clim\u00e1tico. La pesca insostenible e ilegal, la gesti\u00f3n de las costas, el tr\u00e1fico mar\u00edtimo y la contaminaci\u00f3n los afecta desde hace d\u00e9cadas.<\/p>\n<p>Hoy en d\u00eda, diferentes especies marinas est\u00e1n en peligro y hay h\u00e1bitats marinos destruidos. Pero quiz\u00e1s lo m\u00e1s grave es que los ecosistemas est\u00e1n perdiendo la capacidad natural de recuperarse.<\/p>\n<p>M\u00e1s de 3 mil millones de personas como t\u00fa dependen de la diversidad biol\u00f3gica marina y costera para sus medios de vida. Nuestro destino y el destino de nuestros oc\u00e9anos est\u00e1n \u00edntimamente conectados. Es momento de frenar su destrucci\u00f3n.<\/p>\n<p><strong>\u00bfPor qu\u00e9 los oc\u00e9anos son fundamentales?<\/strong><\/p>\n<p>\u2022 Influyen en los fen\u00f3menos meteorol\u00f3gicos m\u00e1s importantes<br \/>\n\u2022 Regulan el clima<br \/>\n\u2022 Nos brindan prote\u00ednas, energ\u00eda, minerales y otros productos esenciales<br \/>\n\u2022 El balanceo del mar en todo el planeta crea m\u00e1s de la mitad de nuestro ox\u00edgeno<br \/>\n\u2022 Transportan masas de agua que superan a todos los r\u00edos de la tierra combinados<br \/>\n\u2022 Son el h\u00e1bitat y los corredores de migraci\u00f3n de ballenas, tiburones, tortugas y otras especies<\/p>\n<p>&nbsp;<\/p>\n<h2><b>\u00bfQu\u00e9 proponemos?<\/b><\/h2>\n<ul>\n<li><span style=\"font-weight: 400;\">Establecer santuarios marinos. De esta manera, en las zonas protegidas estar\u00eda prohibida la pesca, la extracci\u00f3n de petr\u00f3leo y gas y las operaciones de otras industrias extractivas<\/span><\/li>\n<li><span style=\"font-weight: 400;\">Crear la mayor \u00e1rea protegida del mundo en el oc\u00e9ano Ant\u00e1rtico (1,8 millones de kil\u00f3metros cuadrados)<\/span><\/li>\n<li><span style=\"font-weight: 400;\">Proteger al menos el 30% de los oc\u00e9anos del mundo para el 2030<\/span><\/li>\n<li><span style=\"font-weight: 400;\">Pedimos a Naciones Unidas que adopte un tratado internacional de oc\u00e9anos que resguarde las aguas de altamar y el lecho marino debajo de ellas<\/span><\/li>\n<li><span style=\"font-weight: 400;\">Finalizar <\/span><span style=\"font-weight: 400;\">cualquier tipo de caza comercial de ballenas<\/span><\/li>\n<li><span style=\"font-weight: 400;\">Detener el urbanismo ilegal en las costas<\/span><\/li>\n<li><span style=\"font-weight: 400;\">Implementar pol\u00edticas pesqueras sostenibles<\/span><\/li>\n<li><span style=\"font-weight: 400;\">Combatir la pesca ilegal<\/span><\/li>\n<li><span style=\"font-weight: 400;\">Defender los derechos humanos de quienes trabajan en barcos pesqueros<\/span><\/li>\n<li><span style=\"font-weight: 400;\">Frenar la contaminaci\u00f3n en los oc\u00e9anos<\/span><\/li>\n<li><span style=\"font-weight: 400;\">Controlar el tr\u00e1fico mar\u00edtimo <\/span><\/li>\n<li><span style=\"font-weight: 400;\">Acabar con la miner\u00eda en fondos marinos<\/span><\/li>\n<li><span style=\"font-weight: 400;\">Prevenir la acidificaci\u00f3n oce\u00e1nica (se produce cuando los oc\u00e9anos absorben di\u00f3xido de carbono, lo cual disminuye el pH del mar)<\/span><\/li>\n<\/ul>\n","protected":false},"excerpt":{"rendered":"<p>Sin los oc\u00e9anos no habr\u00eda vida en la Tierra, es as\u00ed de simple. A pesar de esto, est\u00e1n cada vez m\u00e1s amenazados por los impactos de la actividad humana y el cambio clim\u00e1tico. La pesca insostenible e ilegal, la gesti\u00f3n de las costas, el tr\u00e1fico mar\u00edtimo y la contaminaci\u00f3n los afecta desde hace d\u00e9cadas. Hoy [&hellip;]<\/p>\n","protected":false},"author":27,"featured_media":0,"parent":0,"menu_order":0,"comment_status":"closed","ping_status":"closed","template":"","meta":{"ep_exclude_from_search":false,"p4_hide_page_title_checkbox":"","p4_title":"","p4_subtitle":"","p4_description":"","background_image_id":"","background_image":"","p4_button_title":"","p4_button_link":"","p4_button_link_checkbox":"","p4_og_title":"","p4_og_description":"","p4_og_image":"","p4_og_image_id":"","p4_seo_canonical_url":"","p4_campaign_name":"not set","p4_local_project":"","p4_basket_name":"not set","p4_department":"","footnotes":""},"categories":[],"tags":[],"class_list":["post-632","page","type-page","status-publish","hentry"],"_links":{"self":[{"href":"https:\/\/www.greenpeace.org\/peru\/wp-json\/wp\/v2\/pages\/632","targetHints":{"allow":["GET"]}}],"collection":[{"href":"https:\/\/www.greenpeace.org\/peru\/wp-json\/wp\/v2\/pages"}],"about":[{"href":"https:\/\/www.greenpeace.org\/peru\/wp-json\/wp\/v2\/types\/page"}],"author":[{"embeddable":true,"href":"https:\/\/www.greenpeace.org\/peru\/wp-json\/wp\/v2\/users\/27"}],"replies":[{"embeddable":true,"href":"https:\/\/www.greenpeace.org\/peru\/wp-json\/wp\/v2\/comments?post=632"}],"version-history":[{"count":2,"href":"https:\/\/www.greenpeace.org\/peru\/wp-json\/wp\/v2\/pages\/632\/revisions"}],"predecessor-version":[{"id":747,"href":"https:\/\/www.greenpeace.org\/peru\/wp-json\/wp\/v2\/pages\/632\/revisions\/747"}],"wp:attachment":[{"href":"https:\/\/www.greenpeace.org\/peru\/wp-json\/wp\/v2\/media?parent=632"}],"wp:term":[{"taxonomy":"category","embeddable":true,"href":"https:\/\/www.greenpeace.org\/peru\/wp-json\/wp\/v2\/categories?post=632"},{"taxonomy":"post_tag","embeddable":true,"href":"https:\/\/www.greenpeace.org\/peru\/wp-json\/wp\/v2\/tags?post=632"}],"curies":[{"name":"wp","href":"https:\/\/api.w.org\/{rel}","templated":true}]}}